{"id":570,"date":"2023-07-05T14:49:46","date_gmt":"2023-07-05T12:49:46","guid":{"rendered":"https:\/\/www.kananas.com\/bfam3080\/?page_id=570"},"modified":"2023-07-08T12:38:20","modified_gmt":"2023-07-08T10:38:20","slug":"le-club","status":"publish","type":"page","link":"https:\/\/www.kananas.com\/bfam3080\/le-club\/","title":{"rendered":"\ud83d\udccd Le club"},"content":{"rendered":"<p style=\"text-align: justify\">Le club <strong>BFAM<\/strong> (Beaumont Force Athl\u00e9tique Musculation)\u00a0permet \u00e0 nos adh\u00e9rents de s\u2019entra\u00eener \u00e0 la Force Athl\u00e9tique avec un objectif de comp\u00e9tition (5%) ou tout simplement de faire de la musculation de loisir (95%).<\/p>\n<p>Nous sommes situ\u00e9s au Stade de l&rsquo;Arti\u00e8re, Avenue du Stade, 63110 \u00e0 Beaumont.<\/p>\n<p style=\"text-align: justify\">Nous disposons d&rsquo;une salle de 170m2 avec du mat\u00e9riel r\u00e9cent et de qualit\u00e9.<\/p>\n<p>Afin de retrouver diverses informations vous pouvez avoir acc\u00e8s :<\/p>\n<ul>\n<li><a href=\"https:\/\/www.kananas.com\/bfam3080\/\u2753-qui-sommes-nous\/\">\u2753 Qui sommes-nous ?<\/a><\/li>\n<li><a href=\"https:\/\/www.kananas.com\/bfam3080\/\u2757\ufe0fhoraires-et-tarifs\/\">\ud83d\udca1 Horaires et Tarifs<\/a><\/li>\n<li><a href=\"https:\/\/www.kananas.com\/bfam3080\/\u270f\ufe0f-nous-contacter\/\">\u270f\ufe0f Nous contacter<\/a><\/li>\n<\/ul>\n<p>Voici quelques photos du club :<\/p>\n<p><img loading=\"lazy\" decoding=\"async\" class=\"alignnone wp-image-416\" src=\"https:\/\/www.kananas.com\/bfam3080\/wp-content\/uploads\/sites\/853\/2020\/07\/IMG_20200710_180727-1024x768.jpg\" alt=\"\" width=\"235\" height=\"176\" srcset=\"https:\/\/www.kananas.com\/bfam3080\/wp-content\/uploads\/sites\/853\/2020\/07\/IMG_20200710_180727-1024x768.jpg 1024w, https:\/\/www.kananas.com\/bfam3080\/wp-content\/uploads\/sites\/853\/2020\/07\/IMG_20200710_180727-300x225.jpg 300w, https:\/\/www.kananas.com\/bfam3080\/wp-content\/uploads\/sites\/853\/2020\/07\/IMG_20200710_180727-768x576.jpg 768w, https:\/\/www.kananas.com\/bfam3080\/wp-content\/uploads\/sites\/853\/2020\/07\/IMG_20200710_180727-1536x1152.jpg 1536w, https:\/\/www.kananas.com\/bfam3080\/wp-content\/uploads\/sites\/853\/2020\/07\/IMG_20200710_180727-2048x1536.jpg 2048w\" sizes=\"auto, (max-width: 235px) 100vw, 235px\" \/> <img loading=\"lazy\" decoding=\"async\" class=\"alignnone wp-image-647\" src=\"https:\/\/www.kananas.com\/bfam3080\/wp-content\/uploads\/sites\/853\/2023\/07\/IMG_6085-1024x768.jpeg\" alt=\"\" width=\"235\" height=\"176\" srcset=\"https:\/\/www.kananas.com\/bfam3080\/wp-content\/uploads\/sites\/853\/2023\/07\/IMG_6085-1024x768.jpeg 1024w, https:\/\/www.kananas.com\/bfam3080\/wp-content\/uploads\/sites\/853\/2023\/07\/IMG_6085-300x225.jpeg 300w, https:\/\/www.kananas.com\/bfam3080\/wp-content\/uploads\/sites\/853\/2023\/07\/IMG_6085-768x576.jpeg 768w, https:\/\/www.kananas.com\/bfam3080\/wp-content\/uploads\/sites\/853\/2023\/07\/IMG_6085-1536x1152.jpeg 1536w, https:\/\/www.kananas.com\/bfam3080\/wp-content\/uploads\/sites\/853\/2023\/07\/IMG_6085-2048x1536.jpeg 2048w\" sizes=\"auto, (max-width: 235px) 100vw, 235px\" \/> <img loading=\"lazy\" decoding=\"async\" class=\"alignnone wp-image-648\" src=\"https:\/\/www.kananas.com\/bfam3080\/wp-content\/uploads\/sites\/853\/2023\/07\/IMG_6084-1024x768.jpeg\" alt=\"\" width=\"234\" height=\"175\" srcset=\"https:\/\/www.kananas.com\/bfam3080\/wp-content\/uploads\/sites\/853\/2023\/07\/IMG_6084-1024x768.jpeg 1024w, https:\/\/www.kananas.com\/bfam3080\/wp-content\/uploads\/sites\/853\/2023\/07\/IMG_6084-300x225.jpeg 300w, https:\/\/www.kananas.com\/bfam3080\/wp-content\/uploads\/sites\/853\/2023\/07\/IMG_6084-768x576.jpeg 768w, https:\/\/www.kananas.com\/bfam3080\/wp-content\/uploads\/sites\/853\/2023\/07\/IMG_6084-1536x1152.jpeg 1536w, https:\/\/www.kananas.com\/bfam3080\/wp-content\/uploads\/sites\/853\/2023\/07\/IMG_6084-2048x1536.jpeg 2048w\" sizes=\"auto, (max-width: 234px) 100vw, 234px\" \/><\/p>\n","protected":false},"excerpt":{"rendered":"<p>Le club BFAM (Beaumont Force Athl\u00e9tique Musculation)\u00a0permet \u00e0 nos adh\u00e9rents de s\u2019entra\u00eener \u00e0 la Force Athl\u00e9tique avec un objectif de comp\u00e9tition (5%) ou tout simplement de faire de la musculation de loisir (95%). Nous sommes situ\u00e9s au Stade de l&rsquo;Arti\u00e8re, Avenue du Stade, 63110 \u00e0 Beaumont. Nous disposons d&rsquo;une salle de 170m2 avec du mat\u00e9riel [&hellip;]<\/p>\n","protected":false},"author":879,"featured_media":0,"parent":0,"menu_order":0,"comment_status":"closed","ping_status":"closed","template":"","meta":{"_crdt_document":"","site-sidebar-layout":"default","site-content-layout":"default","ast-site-content-layout":"default","site-content-style":"default","site-sidebar-style":"default","ast-global-header-display":"","ast-banner-title-visibility":"","ast-main-header-display":"","ast-hfb-above-header-display":"","ast-hfb-below-header-display":"","ast-hfb-mobile-header-display":"","site-post-title":"","ast-breadcrumbs-content":"","ast-featured-img":"","footer-sml-layout":"","ast-disable-related-posts":"","theme-transparent-header-meta":"default","adv-header-id-meta":"","stick-header-meta":"","header-above-stick-meta":"","header-main-stick-meta":"","header-below-stick-meta":"","astra-migrate-meta-layouts":"default","ast-page-background-enabled":"default","ast-page-background-meta":{"desktop":{"background-color":"var(--ast-global-color-4)","background-image":"","background-repeat":"repeat","background-position":"center center","background-size":"auto","background-attachment":"scroll","background-type":"","background-media":"","overlay-type":"","overlay-color":"","overlay-opacity":"","overlay-gradient":""},"tablet":{"background-color":"","background-image":"","background-repeat":"repeat","background-position":"center center","background-size":"auto","background-attachment":"scroll","background-type":"","background-media":"","overlay-type":"","overlay-color":"","overlay-opacity":"","overlay-gradient":""},"mobile":{"background-color":"","background-image":"","background-repeat":"repeat","background-position":"center center","background-size":"auto","background-attachment":"scroll","background-type":"","background-media":"","overlay-type":"","overlay-color":"","overlay-opacity":"","overlay-gradient":""}},"ast-content-background-meta":{"desktop":{"background-color":"var(--ast-global-color-5)","background-image":"","background-repeat":"repeat","background-position":"center center","background-size":"auto","background-attachment":"scroll","background-type":"","background-media":"","overlay-type":"","overlay-color":"","overlay-opacity":"","overlay-gradient":""},"tablet":{"background-color":"var(--ast-global-color-5)","background-image":"","background-repeat":"repeat","background-position":"center center","background-size":"auto","background-attachment":"scroll","background-type":"","background-media":"","overlay-type":"","overlay-color":"","overlay-opacity":"","overlay-gradient":""},"mobile":{"background-color":"var(--ast-global-color-5)","background-image":"","background-repeat":"repeat","background-position":"center center","background-size":"auto","background-attachment":"scroll","background-type":"","background-media":"","overlay-type":"","overlay-color":"","overlay-opacity":"","overlay-gradient":""}},"footnotes":""},"class_list":["post-570","page","type-page","status-publish","hentry"],"_links":{"self":[{"href":"https:\/\/www.kananas.com\/bfam3080\/wp-json\/wp\/v2\/pages\/570","targetHints":{"allow":["GET"]}}],"collection":[{"href":"https:\/\/www.kananas.com\/bfam3080\/wp-json\/wp\/v2\/pages"}],"about":[{"href":"https:\/\/www.kananas.com\/bfam3080\/wp-json\/wp\/v2\/types\/page"}],"author":[{"embeddable":true,"href":"https:\/\/www.kananas.com\/bfam3080\/wp-json\/wp\/v2\/users\/879"}],"replies":[{"embeddable":true,"href":"https:\/\/www.kananas.com\/bfam3080\/wp-json\/wp\/v2\/comments?post=570"}],"version-history":[{"count":11,"href":"https:\/\/www.kananas.com\/bfam3080\/wp-json\/wp\/v2\/pages\/570\/revisions"}],"predecessor-version":[{"id":720,"href":"https:\/\/www.kananas.com\/bfam3080\/wp-json\/wp\/v2\/pages\/570\/revisions\/720"}],"wp:attachment":[{"href":"https:\/\/www.kananas.com\/bfam3080\/wp-json\/wp\/v2\/media?parent=570"}],"curies":[{"name":"wp","href":"https:\/\/api.w.org\/{rel}","templated":true}]}}