{"id":578,"date":"2023-07-05T14:58:47","date_gmt":"2023-07-05T12:58:47","guid":{"rendered":"https:\/\/www.kananas.com\/bfam3080\/?page_id=578"},"modified":"2025-09-28T21:23:30","modified_gmt":"2025-09-28T19:23:30","slug":"accueil","status":"publish","type":"page","link":"https:\/\/www.kananas.com\/bfam3080\/","title":{"rendered":"\ud83d\udccd Accueil"},"content":{"rendered":"<p><span style=\"font-size: 18pt\"><img loading=\"lazy\" decoding=\"async\" class=\"size-large wp-image-631 aligncenter\" style=\"margin: 0\" src=\"https:\/\/www.kananas.com\/bfam3080\/wp-content\/uploads\/sites\/853\/2023\/07\/Banniere-bfam-1024x149.png\" alt=\"\" width=\"1024\" height=\"149\" srcset=\"https:\/\/www.kananas.com\/bfam3080\/wp-content\/uploads\/sites\/853\/2023\/07\/Banniere-bfam-1024x149.png 1024w, https:\/\/www.kananas.com\/bfam3080\/wp-content\/uploads\/sites\/853\/2023\/07\/Banniere-bfam-300x44.png 300w, https:\/\/www.kananas.com\/bfam3080\/wp-content\/uploads\/sites\/853\/2023\/07\/Banniere-bfam-768x112.png 768w, https:\/\/www.kananas.com\/bfam3080\/wp-content\/uploads\/sites\/853\/2023\/07\/Banniere-bfam-1536x223.png 1536w, https:\/\/www.kananas.com\/bfam3080\/wp-content\/uploads\/sites\/853\/2023\/07\/Banniere-bfam-2048x298.png 2048w\" sizes=\"auto, (max-width: 1024px) 100vw, 1024px\" \/><\/span><\/p>\n<p>Bienvenue sur le site du <span style=\"color: #ff0000\"><strong>BFAM<\/strong><\/span> ! Nous sommes ravis de vous accueillir dans notre<strong> club sportif<\/strong> d\u00e9di\u00e9 \u00e0 la musculation, \u00e0 la <span style=\"color: #ff0000\"><strong>force athl\u00e9tique<\/strong>, <strong>au renforcement musculaire<\/strong>, <strong>\u00e0 l&rsquo;halt\u00e9rophilie<\/strong> <\/span>et bien <span style=\"color: #ff0000\"><strong>d&rsquo;autres sports<\/strong><\/span>. Explorez notre site pour d\u00e9couvrir toutes les possibilit\u00e9s offertes par notre association dynamique.<\/p>\n<p>Notre objectif principal est d&rsquo;accompagner nos adh\u00e9rents tout au long de l&rsquo;ann\u00e9e, que ce soit \u00e0 travers de l&rsquo;am\u00e9lioration de leur bien-\u00eatre, de notre association, de nos \u00e9v\u00e9nements tels que des comp\u00e9titions, des s\u00e9minaires ou des ateliers sp\u00e9cialis\u00e9s.<\/p>\n<p>D&rsquo;autre part, si vous avez des projets sportifs sp\u00e9cifiques, nous sommes ouverts \u00e0 discuter de partenariats et \u00e0 vous apporter notre soutien. Nous croyons en la force du partenariat et de la collaboration pour cr\u00e9er des exp\u00e9riences sportives enrichissantes et m\u00e9morables.<\/p>\n<p>N&rsquo;h\u00e9sitez pas \u00e0 explorer notre site ou \u00e0 nous contacter pour en savoir plus sur nos activit\u00e9s, et les opportunit\u00e9s de collaboration.<\/p>\n<p>Nous sommes impatients de partager avec vous notre passion du sport et de la performance.<\/p>\n<hr \/>\n<h3>\u26a0\ufe0f Informations importantes :<\/h3>\n<ul style=\"list-style-type: square\">\n<li>Les inscriptions pour la saison 2025\/2026 sont cl\u00f4tur\u00e9es.<\/li>\n<\/ul>\n","protected":false},"excerpt":{"rendered":"<p>Bienvenue sur le site du BFAM ! Nous sommes ravis de vous accueillir dans notre club sportif d\u00e9di\u00e9 \u00e0 la musculation, \u00e0 la force athl\u00e9tique, au renforcement musculaire, \u00e0 l&rsquo;halt\u00e9rophilie et bien d&rsquo;autres sports. Explorez notre site pour d\u00e9couvrir toutes les possibilit\u00e9s offertes par notre association dynamique. Notre objectif principal est d&rsquo;accompagner nos adh\u00e9rents tout [&hellip;]<\/p>\n","protected":false},"author":879,"featured_media":0,"parent":0,"menu_order":0,"comment_status":"closed","ping_status":"closed","template":"","meta":{"_crdt_document":"","site-sidebar-layout":"default","site-content-layout":"default","ast-site-content-layout":"default","site-content-style":"default","site-sidebar-style":"default","ast-global-header-display":"","ast-banner-title-visibility":"","ast-main-header-display":"","ast-hfb-above-header-display":"","ast-hfb-below-header-display":"","ast-hfb-mobile-header-display":"","site-post-title":"","ast-breadcrumbs-content":"","ast-featured-img":"","footer-sml-layout":"","ast-disable-related-posts":"","theme-transparent-header-meta":"default","adv-header-id-meta":"","stick-header-meta":"","header-above-stick-meta":"","header-main-stick-meta":"","header-below-stick-meta":"","astra-migrate-meta-layouts":"set","ast-page-background-enabled":"default","ast-page-background-meta":{"desktop":{"background-color":"var(--ast-global-color-4)","background-image":"","background-repeat":"repeat","background-position":"center center","background-size":"auto","background-attachment":"scroll","background-type":"","background-media":"","overlay-type":"","overlay-color":"","overlay-opacity":"","overlay-gradient":""},"tablet":{"background-color":"","background-image":"","background-repeat":"repeat","background-position":"center center","background-size":"auto","background-attachment":"scroll","background-type":"","background-media":"","overlay-type":"","overlay-color":"","overlay-opacity":"","overlay-gradient":""},"mobile":{"background-color":"","background-image":"","background-repeat":"repeat","background-position":"center center","background-size":"auto","background-attachment":"scroll","background-type":"","background-media":"","overlay-type":"","overlay-color":"","overlay-opacity":"","overlay-gradient":""}},"ast-content-background-meta":{"desktop":{"background-color":"var(--ast-global-color-5)","background-image":"","background-repeat":"repeat","background-position":"center center","background-size":"auto","background-attachment":"scroll","background-type":"","background-media":"","overlay-type":"","overlay-color":"","overlay-opacity":"","overlay-gradient":""},"tablet":{"background-color":"var(--ast-global-color-5)","background-image":"","background-repeat":"repeat","background-position":"center center","background-size":"auto","background-attachment":"scroll","background-type":"","background-media":"","overlay-type":"","overlay-color":"","overlay-opacity":"","overlay-gradient":""},"mobile":{"background-color":"var(--ast-global-color-5)","background-image":"","background-repeat":"repeat","background-position":"center center","background-size":"auto","background-attachment":"scroll","background-type":"","background-media":"","overlay-type":"","overlay-color":"","overlay-opacity":"","overlay-gradient":""}},"footnotes":""},"class_list":["post-578","page","type-page","status-publish","hentry"],"_links":{"self":[{"href":"https:\/\/www.kananas.com\/bfam3080\/wp-json\/wp\/v2\/pages\/578","targetHints":{"allow":["GET"]}}],"collection":[{"href":"https:\/\/www.kananas.com\/bfam3080\/wp-json\/wp\/v2\/pages"}],"about":[{"href":"https:\/\/www.kananas.com\/bfam3080\/wp-json\/wp\/v2\/types\/page"}],"author":[{"embeddable":true,"href":"https:\/\/www.kananas.com\/bfam3080\/wp-json\/wp\/v2\/users\/879"}],"replies":[{"embeddable":true,"href":"https:\/\/www.kananas.com\/bfam3080\/wp-json\/wp\/v2\/comments?post=578"}],"version-history":[{"count":10,"href":"https:\/\/www.kananas.com\/bfam3080\/wp-json\/wp\/v2\/pages\/578\/revisions"}],"predecessor-version":[{"id":771,"href":"https:\/\/www.kananas.com\/bfam3080\/wp-json\/wp\/v2\/pages\/578\/revisions\/771"}],"wp:attachment":[{"href":"https:\/\/www.kananas.com\/bfam3080\/wp-json\/wp\/v2\/media?parent=578"}],"curies":[{"name":"wp","href":"https:\/\/api.w.org\/{rel}","templated":true}]}}