{"id":591,"date":"2023-07-05T15:13:08","date_gmt":"2023-07-05T13:13:08","guid":{"rendered":"https:\/\/www.kananas.com\/bfam3080\/?page_id=591"},"modified":"2023-07-06T10:56:15","modified_gmt":"2023-07-06T08:56:15","slug":"%e2%9d%93-qui-sommes-nous","status":"publish","type":"page","link":"https:\/\/www.kananas.com\/bfam3080\/%e2%9d%93-qui-sommes-nous\/","title":{"rendered":"\u2753 Qui sommes-nous ?"},"content":{"rendered":"<p>Le BFAM est une association sportive dynamique regroupant plus de 250 adh\u00e9rents passionn\u00e9s de sport. Notre communaut\u00e9 diversifi\u00e9e est compos\u00e9e de personnes qui cherchent \u00e0 renforcer leur musculature, \u00e0 maintenir leur sant\u00e9 g\u00e9n\u00e9rale et \u00e0 atteindre des performances athl\u00e9tiques exceptionnelles.<\/p>\n<p>Au BFAM, nous nous concentrons principalement sur deux disciplines : la musculation et la force athl\u00e9tique. La musculation est un moyen efficace de d\u00e9velopper la force, l&rsquo;endurance musculaire et la condition physique globale.<\/p>\n<p>La force athl\u00e9tique est une discipline qui met l&rsquo;accent sur trois mouvements principaux : le squat, le d\u00e9velopp\u00e9 couch\u00e9 et le soulev\u00e9 de terre. Nous vous offrons un environnement propice \u00e0 l&rsquo;entra\u00eenement et aux comp\u00e9titions dans cette discipline exigeante, o\u00f9 vous pourrez am\u00e9liorer votre force, votre puissance et votre technique.<\/p>\n<p>De plus nous avons aussi une troisi\u00e8me discipline, l&rsquo;halt\u00e9rophilie, qui est un sport qui se concentre sur deux mouvements olympiques : l&rsquo;arrach\u00e9 et l&rsquo;\u00e9paul\u00e9-jet\u00e9.<\/p>\n<p>Quelle que soit votre discipline de pr\u00e9dilection, vous trouverez au BFAM un environnement d&rsquo;entra\u00eenement stimulant et une communaut\u00e9 passionn\u00e9e pr\u00eate \u00e0 vous soutenir dans l&rsquo;accomplissement de vos objectifs sportifs. Que vous souhaitiez am\u00e9liorer votre condition physique, vous maintenir en bonne sant\u00e9 ou viser des performances de haut niveau.<\/p>\n","protected":false},"excerpt":{"rendered":"<p>Le BFAM est une association sportive dynamique regroupant plus de 250 adh\u00e9rents passionn\u00e9s de sport. Notre communaut\u00e9 diversifi\u00e9e est compos\u00e9e de personnes qui cherchent \u00e0 renforcer leur musculature, \u00e0 maintenir leur sant\u00e9 g\u00e9n\u00e9rale et \u00e0 atteindre des performances athl\u00e9tiques exceptionnelles. Au BFAM, nous nous concentrons principalement sur deux disciplines : la musculation et la force [&hellip;]<\/p>\n","protected":false},"author":879,"featured_media":0,"parent":0,"menu_order":0,"comment_status":"closed","ping_status":"closed","template":"","meta":{"_crdt_document":"","site-sidebar-layout":"default","site-content-layout":"default","ast-site-content-layout":"default","site-content-style":"default","site-sidebar-style":"default","ast-global-header-display":"","ast-banner-title-visibility":"","ast-main-header-display":"","ast-hfb-above-header-display":"","ast-hfb-below-header-display":"","ast-hfb-mobile-header-display":"","site-post-title":"","ast-breadcrumbs-content":"","ast-featured-img":"","footer-sml-layout":"","ast-disable-related-posts":"","theme-transparent-header-meta":"default","adv-header-id-meta":"","stick-header-meta":"","header-above-stick-meta":"","header-main-stick-meta":"","header-below-stick-meta":"","astra-migrate-meta-layouts":"default","ast-page-background-enabled":"default","ast-page-background-meta":{"desktop":{"background-color":"var(--ast-global-color-4)","background-image":"","background-repeat":"repeat","background-position":"center center","background-size":"auto","background-attachment":"scroll","background-type":"","background-media":"","overlay-type":"","overlay-color":"","overlay-opacity":"","overlay-gradient":""},"tablet":{"background-color":"","background-image":"","background-repeat":"repeat","background-position":"center center","background-size":"auto","background-attachment":"scroll","background-type":"","background-media":"","overlay-type":"","overlay-color":"","overlay-opacity":"","overlay-gradient":""},"mobile":{"background-color":"","background-image":"","background-repeat":"repeat","background-position":"center center","background-size":"auto","background-attachment":"scroll","background-type":"","background-media":"","overlay-type":"","overlay-color":"","overlay-opacity":"","overlay-gradient":""}},"ast-content-background-meta":{"desktop":{"background-color":"var(--ast-global-color-5)","background-image":"","background-repeat":"repeat","background-position":"center center","background-size":"auto","background-attachment":"scroll","background-type":"","background-media":"","overlay-type":"","overlay-color":"","overlay-opacity":"","overlay-gradient":""},"tablet":{"background-color":"var(--ast-global-color-5)","background-image":"","background-repeat":"repeat","background-position":"center center","background-size":"auto","background-attachment":"scroll","background-type":"","background-media":"","overlay-type":"","overlay-color":"","overlay-opacity":"","overlay-gradient":""},"mobile":{"background-color":"var(--ast-global-color-5)","background-image":"","background-repeat":"repeat","background-position":"center center","background-size":"auto","background-attachment":"scroll","background-type":"","background-media":"","overlay-type":"","overlay-color":"","overlay-opacity":"","overlay-gradient":""}},"footnotes":""},"class_list":["post-591","page","type-page","status-publish","hentry"],"_links":{"self":[{"href":"https:\/\/www.kananas.com\/bfam3080\/wp-json\/wp\/v2\/pages\/591","targetHints":{"allow":["GET"]}}],"collection":[{"href":"https:\/\/www.kananas.com\/bfam3080\/wp-json\/wp\/v2\/pages"}],"about":[{"href":"https:\/\/www.kananas.com\/bfam3080\/wp-json\/wp\/v2\/types\/page"}],"author":[{"embeddable":true,"href":"https:\/\/www.kananas.com\/bfam3080\/wp-json\/wp\/v2\/users\/879"}],"replies":[{"embeddable":true,"href":"https:\/\/www.kananas.com\/bfam3080\/wp-json\/wp\/v2\/comments?post=591"}],"version-history":[{"count":3,"href":"https:\/\/www.kananas.com\/bfam3080\/wp-json\/wp\/v2\/pages\/591\/revisions"}],"predecessor-version":[{"id":653,"href":"https:\/\/www.kananas.com\/bfam3080\/wp-json\/wp\/v2\/pages\/591\/revisions\/653"}],"wp:attachment":[{"href":"https:\/\/www.kananas.com\/bfam3080\/wp-json\/wp\/v2\/media?parent=591"}],"curies":[{"name":"wp","href":"https:\/\/api.w.org\/{rel}","templated":true}]}}