{"id":637,"date":"2023-07-06T10:29:03","date_gmt":"2023-07-06T08:29:03","guid":{"rendered":"https:\/\/www.kananas.com\/bfam3080\/?page_id=637"},"modified":"2023-07-06T16:10:57","modified_gmt":"2023-07-06T14:10:57","slug":"%f0%9f%93%9d-annee-2022-2023","status":"publish","type":"page","link":"https:\/\/www.kananas.com\/bfam3080\/%f0%9f%93%9d-annee-2022-2023\/","title":{"rendered":"\ud83d\udcdd Ann\u00e9e 2022-2023"},"content":{"rendered":"<p>Bienvenue sur notre page r\u00e9capitulative de l&rsquo;ann\u00e9e <span style=\"color: #993300\"><strong>2022\/2023<\/strong> <\/span>! Nous sommes ravis de vous pr\u00e9senter un aper\u00e7u des moments forts, des r\u00e9alisations et des \u00e9v\u00e9nements marquants qui ont fait de cette ann\u00e9e une p\u00e9riode exceptionnelle pour notre association sportive. D\u00e9couvrez les moments inoubliables, les succ\u00e8s sportifs et les initiatives qui ont contribu\u00e9 \u00e0 fa\u00e7onner notre association.<\/p>\n<p>Voici un r\u00e9sum\u00e9 de l&rsquo;ann\u00e9e 2022\/2023 du BFAM :<\/p>\n<p><img loading=\"lazy\" decoding=\"async\" class=\"alignnone wp-image-657 size-large\" src=\"https:\/\/www.kananas.com\/bfam3080\/wp-content\/uploads\/sites\/853\/2023\/07\/Brown-Annual-Planner-297-\u00d7-210-mm-e1688637112858-1024x676.png\" alt=\"\" width=\"1024\" height=\"676\" srcset=\"https:\/\/www.kananas.com\/bfam3080\/wp-content\/uploads\/sites\/853\/2023\/07\/Brown-Annual-Planner-297-\u00d7-210-mm-e1688637112858-1024x676.png 1024w, https:\/\/www.kananas.com\/bfam3080\/wp-content\/uploads\/sites\/853\/2023\/07\/Brown-Annual-Planner-297-\u00d7-210-mm-e1688637112858-300x198.png 300w, https:\/\/www.kananas.com\/bfam3080\/wp-content\/uploads\/sites\/853\/2023\/07\/Brown-Annual-Planner-297-\u00d7-210-mm-e1688637112858-768x507.png 768w, https:\/\/www.kananas.com\/bfam3080\/wp-content\/uploads\/sites\/853\/2023\/07\/Brown-Annual-Planner-297-\u00d7-210-mm-e1688637112858.png 1530w\" sizes=\"auto, (max-width: 1024px) 100vw, 1024px\" \/><\/p>\n<p>\ud83d\udc49 Explications et illustrations page 2<\/p>\n<p><!--nextpage--><span style=\"color: #993300\"><strong>Septembre<\/strong><\/span> : Lancement de l&rsquo;ann\u00e9e du BFAM 2022\/2023 en accueillant chaleureusement nos nouveaux adh\u00e9rents ainsi que nos fid\u00e8les membres. Organisation de r\u00e9unions afin de mettre en place des actions concr\u00e8tes pour cette ann\u00e9e, nourrissant ainsi notre engagement envers notre association sportive.<\/p>\n<p><strong><span style=\"color: #993300\">Octobre<\/span><\/strong> : Nous avons consacr\u00e9 notre \u00e9nergie \u00e0 la pr\u00e9paration et \u00e0 l&rsquo;entra\u00eenement.<\/p>\n<p><strong><span style=\"color: #993300\">Novembre<\/span><\/strong> : Accueil de deux nouvelles machines pour le confort de nos adh\u00e9rents.<\/p>\n<p><img loading=\"lazy\" decoding=\"async\" class=\"alignnone  wp-image-668\" src=\"https:\/\/www.kananas.com\/bfam3080\/wp-content\/uploads\/sites\/853\/2023\/07\/tempImageDSygoF-768x1024.jpg\" alt=\"\" width=\"165\" height=\"220\" srcset=\"https:\/\/www.kananas.com\/bfam3080\/wp-content\/uploads\/sites\/853\/2023\/07\/tempImageDSygoF-768x1024.jpg 768w, https:\/\/www.kananas.com\/bfam3080\/wp-content\/uploads\/sites\/853\/2023\/07\/tempImageDSygoF-225x300.jpg 225w, https:\/\/www.kananas.com\/bfam3080\/wp-content\/uploads\/sites\/853\/2023\/07\/tempImageDSygoF-1152x1536.jpg 1152w, https:\/\/www.kananas.com\/bfam3080\/wp-content\/uploads\/sites\/853\/2023\/07\/tempImageDSygoF-1536x2048.jpg 1536w, https:\/\/www.kananas.com\/bfam3080\/wp-content\/uploads\/sites\/853\/2023\/07\/tempImageDSygoF-scaled.jpg 1920w\" sizes=\"auto, (max-width: 165px) 100vw, 165px\" \/> <img loading=\"lazy\" decoding=\"async\" class=\"alignnone  wp-image-669\" src=\"https:\/\/www.kananas.com\/bfam3080\/wp-content\/uploads\/sites\/853\/2023\/07\/tempImageX9p7vW-768x1024.jpg\" alt=\"\" width=\"163\" height=\"218\" srcset=\"https:\/\/www.kananas.com\/bfam3080\/wp-content\/uploads\/sites\/853\/2023\/07\/tempImageX9p7vW-768x1024.jpg 768w, https:\/\/www.kananas.com\/bfam3080\/wp-content\/uploads\/sites\/853\/2023\/07\/tempImageX9p7vW-225x300.jpg 225w, https:\/\/www.kananas.com\/bfam3080\/wp-content\/uploads\/sites\/853\/2023\/07\/tempImageX9p7vW-1152x1536.jpg 1152w, https:\/\/www.kananas.com\/bfam3080\/wp-content\/uploads\/sites\/853\/2023\/07\/tempImageX9p7vW-1536x2048.jpg 1536w, https:\/\/www.kananas.com\/bfam3080\/wp-content\/uploads\/sites\/853\/2023\/07\/tempImageX9p7vW-scaled.jpg 1920w\" sizes=\"auto, (max-width: 163px) 100vw, 163px\" \/><\/p>\n<p><strong><span style=\"color: #993300\">D\u00e9cembre<\/span><\/strong> : Achat d&rsquo;un nouveau combo rack + une barre de force athl\u00e9tique (qui nous sera d&rsquo;une grande utilit\u00e9 pour les comp\u00e9titions \u00e0 venir).<\/p>\n<p><strong><span style=\"color: #993300\">Janvier<\/span><\/strong> : Le BFAM a organis\u00e9 une soir\u00e9e sp\u00e9ciale pour c\u00e9l\u00e9brer la traditionnelle galette des rois, rassemblant ainsi nos membres dans une ambiance conviviale et festive. Par ailleurs, nous avons eu l&rsquo;honneur d&rsquo;accueillir <strong>le championnat r\u00e9gional de force athl\u00e9tique<\/strong> qui se tient chaque ann\u00e9e. Gr\u00e2ce \u00e0 la collaboration des b\u00e9n\u00e9voles, du club d&rsquo;Aulnat et de la LAURAF (Ligue Auvergne Rh\u00f4ne Alpes de Force), nous avons r\u00e9ussi \u00e0 mettre en place cette comp\u00e9tition qui s&rsquo;est d\u00e9roul\u00e9e sur deux jours. Nous sommes fiers de nos 9 athl\u00e8tes du BFAM qui ont concouru lors de cet \u00e9v\u00e9nement.<\/p>\n<p><img loading=\"lazy\" decoding=\"async\" class=\"alignnone  wp-image-670\" src=\"https:\/\/www.kananas.com\/bfam3080\/wp-content\/uploads\/sites\/853\/2023\/07\/IMG_2990-1024x993.jpeg\" alt=\"\" width=\"184\" height=\"178\" srcset=\"https:\/\/www.kananas.com\/bfam3080\/wp-content\/uploads\/sites\/853\/2023\/07\/IMG_2990-1024x993.jpeg 1024w, https:\/\/www.kananas.com\/bfam3080\/wp-content\/uploads\/sites\/853\/2023\/07\/IMG_2990-300x291.jpeg 300w, https:\/\/www.kananas.com\/bfam3080\/wp-content\/uploads\/sites\/853\/2023\/07\/IMG_2990-768x745.jpeg 768w, https:\/\/www.kananas.com\/bfam3080\/wp-content\/uploads\/sites\/853\/2023\/07\/IMG_2990-1536x1489.jpeg 1536w, https:\/\/www.kananas.com\/bfam3080\/wp-content\/uploads\/sites\/853\/2023\/07\/IMG_2990-2048x1986.jpeg 2048w\" sizes=\"auto, (max-width: 184px) 100vw, 184px\" \/> <img loading=\"lazy\" decoding=\"async\" class=\"alignnone  wp-image-671\" src=\"https:\/\/www.kananas.com\/bfam3080\/wp-content\/uploads\/sites\/853\/2023\/07\/14FB944B-EA9C-4678-A2CB-0C934A02F16F_L0_001-29_03_2023-14_12_49.jpg\" alt=\"\" width=\"237\" height=\"178\" srcset=\"https:\/\/www.kananas.com\/bfam3080\/wp-content\/uploads\/sites\/853\/2023\/07\/14FB944B-EA9C-4678-A2CB-0C934A02F16F_L0_001-29_03_2023-14_12_49.jpg 843w, https:\/\/www.kananas.com\/bfam3080\/wp-content\/uploads\/sites\/853\/2023\/07\/14FB944B-EA9C-4678-A2CB-0C934A02F16F_L0_001-29_03_2023-14_12_49-300x225.jpg 300w, https:\/\/www.kananas.com\/bfam3080\/wp-content\/uploads\/sites\/853\/2023\/07\/14FB944B-EA9C-4678-A2CB-0C934A02F16F_L0_001-29_03_2023-14_12_49-768x576.jpg 768w\" sizes=\"auto, (max-width: 237px) 100vw, 237px\" \/><\/p>\n<p><strong><span style=\"color: #993300\">F\u00e9vrier<\/span><\/strong> : Afin de dynamiser notre association, nous avons cr\u00e9\u00e9 un compte Instagram captivant qui refl\u00e8te l&rsquo;\u00e9nergie et la passion de notre association sportive. Suivez-nous sur Instagram pour d\u00e9couvrir nos derni\u00e8res actualit\u00e9s, nos entra\u00eenements inspirants et nos moments forts.<\/p>\n<p><img loading=\"lazy\" decoding=\"async\" class=\"alignnone  wp-image-674\" src=\"https:\/\/www.kananas.com\/bfam3080\/wp-content\/uploads\/sites\/853\/2023\/07\/IMG_6104-524x1024.jpeg\" alt=\"\" width=\"182\" height=\"356\" srcset=\"https:\/\/www.kananas.com\/bfam3080\/wp-content\/uploads\/sites\/853\/2023\/07\/IMG_6104-524x1024.jpeg 524w, https:\/\/www.kananas.com\/bfam3080\/wp-content\/uploads\/sites\/853\/2023\/07\/IMG_6104-153x300.jpeg 153w, https:\/\/www.kananas.com\/bfam3080\/wp-content\/uploads\/sites\/853\/2023\/07\/IMG_6104-768x1502.jpeg 768w, https:\/\/www.kananas.com\/bfam3080\/wp-content\/uploads\/sites\/853\/2023\/07\/IMG_6104-785x1536.jpeg 785w, https:\/\/www.kananas.com\/bfam3080\/wp-content\/uploads\/sites\/853\/2023\/07\/IMG_6104-1047x2048.jpeg 1047w, https:\/\/www.kananas.com\/bfam3080\/wp-content\/uploads\/sites\/853\/2023\/07\/IMG_6104.jpeg 1170w\" sizes=\"auto, (max-width: 182px) 100vw, 182px\" \/> <img loading=\"lazy\" decoding=\"async\" class=\"alignnone  wp-image-673\" src=\"https:\/\/www.kananas.com\/bfam3080\/wp-content\/uploads\/sites\/853\/2023\/07\/IMG_6106-e1688652348879-514x1024.jpeg\" alt=\"\" width=\"179\" height=\"357\" srcset=\"https:\/\/www.kananas.com\/bfam3080\/wp-content\/uploads\/sites\/853\/2023\/07\/IMG_6106-e1688652348879-514x1024.jpeg 514w, https:\/\/www.kananas.com\/bfam3080\/wp-content\/uploads\/sites\/853\/2023\/07\/IMG_6106-e1688652348879-150x300.jpeg 150w, https:\/\/www.kananas.com\/bfam3080\/wp-content\/uploads\/sites\/853\/2023\/07\/IMG_6106-e1688652348879-768x1531.jpeg 768w, https:\/\/www.kananas.com\/bfam3080\/wp-content\/uploads\/sites\/853\/2023\/07\/IMG_6106-e1688652348879-770x1536.jpeg 770w, https:\/\/www.kananas.com\/bfam3080\/wp-content\/uploads\/sites\/853\/2023\/07\/IMG_6106-e1688652348879-1027x2048.jpeg 1027w, https:\/\/www.kananas.com\/bfam3080\/wp-content\/uploads\/sites\/853\/2023\/07\/IMG_6106-e1688652348879.jpeg 1171w\" sizes=\"auto, (max-width: 179px) 100vw, 179px\" \/><img loading=\"lazy\" decoding=\"async\" class=\"alignnone  wp-image-672\" src=\"https:\/\/www.kananas.com\/bfam3080\/wp-content\/uploads\/sites\/853\/2023\/07\/IMG_6105-524x1024.jpeg\" alt=\"\" width=\"176\" height=\"344\" srcset=\"https:\/\/www.kananas.com\/bfam3080\/wp-content\/uploads\/sites\/853\/2023\/07\/IMG_6105-524x1024.jpeg 524w, https:\/\/www.kananas.com\/bfam3080\/wp-content\/uploads\/sites\/853\/2023\/07\/IMG_6105-153x300.jpeg 153w, https:\/\/www.kananas.com\/bfam3080\/wp-content\/uploads\/sites\/853\/2023\/07\/IMG_6105-768x1502.jpeg 768w, https:\/\/www.kananas.com\/bfam3080\/wp-content\/uploads\/sites\/853\/2023\/07\/IMG_6105-785x1536.jpeg 785w, https:\/\/www.kananas.com\/bfam3080\/wp-content\/uploads\/sites\/853\/2023\/07\/IMG_6105-1047x2048.jpeg 1047w, https:\/\/www.kananas.com\/bfam3080\/wp-content\/uploads\/sites\/853\/2023\/07\/IMG_6105.jpeg 1170w\" sizes=\"auto, (max-width: 176px) 100vw, 176px\" \/><\/p>\n<p>Voici un exemple de notre compte Instagram, n&rsquo;h\u00e9sitez pas \u00e0 nous suivre !<\/p>\n<p><strong><span style=\"color: #993300\">Mars<\/span><\/strong> : Nous avons consacr\u00e9 notre \u00e9nergie \u00e0 la pr\u00e9paration et \u00e0 l&rsquo;entra\u00eenement.<\/p>\n<p><strong><span style=\"color: #993300\">Avril<\/span><\/strong> : R\u00e9ception de nouveaux poids et mat\u00e9riels.<\/p>\n<p><span style=\"color: #993300\"><span><b>Mai<\/b><\/span><\/span> : Open des G\u00e9ants D&rsquo;Auvergne<\/p>\n<p><span style=\"color: #993300\"><span><b>Juin<\/b><\/span><\/span> : Nous avons r\u00e9uni notre association autour d&rsquo;un barbecue convivial et tenu notre assembl\u00e9e g\u00e9n\u00e9rale, renfor\u00e7ant ainsi l&rsquo;engagement au sein de notre association.<\/p>\n<p><span style=\"color: #993300\"><span><b>Juillet<\/b><\/span><\/span> : Une restructuration du bureau de l&rsquo;association a eu lieu, apportant un nouvel \u00e9lan et une dynamique renouvel\u00e9e \u00e0 notre \u00e9quipe dirigeante.<\/p>\n<p><span style=\"color: #993300\"><span><b>Ao\u00fbt<\/b><\/span><\/span> : En chargement&#8230;<\/p>\n","protected":false},"excerpt":{"rendered":"<p>Bienvenue sur notre page r\u00e9capitulative de l&rsquo;ann\u00e9e 2022\/2023 ! Nous sommes ravis de vous pr\u00e9senter un aper\u00e7u des moments forts, des r\u00e9alisations et des \u00e9v\u00e9nements marquants qui ont fait de cette ann\u00e9e une p\u00e9riode exceptionnelle pour notre association sportive. D\u00e9couvrez les moments inoubliables, les succ\u00e8s sportifs et les initiatives qui ont contribu\u00e9 \u00e0 fa\u00e7onner notre [&hellip;]<\/p>\n","protected":false},"author":879,"featured_media":0,"parent":0,"menu_order":0,"comment_status":"closed","ping_status":"closed","template":"","meta":{"_crdt_document":"","site-sidebar-layout":"default","site-content-layout":"default","ast-site-content-layout":"default","site-content-style":"default","site-sidebar-style":"default","ast-global-header-display":"","ast-banner-title-visibility":"","ast-main-header-display":"","ast-hfb-above-header-display":"","ast-hfb-below-header-display":"","ast-hfb-mobile-header-display":"","site-post-title":"","ast-breadcrumbs-content":"","ast-featured-img":"","footer-sml-layout":"","ast-disable-related-posts":"","theme-transparent-header-meta":"default","adv-header-id-meta":"","stick-header-meta":"","header-above-stick-meta":"","header-main-stick-meta":"","header-below-stick-meta":"","astra-migrate-meta-layouts":"default","ast-page-background-enabled":"default","ast-page-background-meta":{"desktop":{"background-color":"var(--ast-global-color-4)","background-image":"","background-repeat":"repeat","background-position":"center center","background-size":"auto","background-attachment":"scroll","background-type":"","background-media":"","overlay-type":"","overlay-color":"","overlay-opacity":"","overlay-gradient":""},"tablet":{"background-color":"","background-image":"","background-repeat":"repeat","background-position":"center center","background-size":"auto","background-attachment":"scroll","background-type":"","background-media":"","overlay-type":"","overlay-color":"","overlay-opacity":"","overlay-gradient":""},"mobile":{"background-color":"","background-image":"","background-repeat":"repeat","background-position":"center center","background-size":"auto","background-attachment":"scroll","background-type":"","background-media":"","overlay-type":"","overlay-color":"","overlay-opacity":"","overlay-gradient":""}},"ast-content-background-meta":{"desktop":{"background-color":"var(--ast-global-color-5)","background-image":"","background-repeat":"repeat","background-position":"center center","background-size":"auto","background-attachment":"scroll","background-type":"","background-media":"","overlay-type":"","overlay-color":"","overlay-opacity":"","overlay-gradient":""},"tablet":{"background-color":"var(--ast-global-color-5)","background-image":"","background-repeat":"repeat","background-position":"center center","background-size":"auto","background-attachment":"scroll","background-type":"","background-media":"","overlay-type":"","overlay-color":"","overlay-opacity":"","overlay-gradient":""},"mobile":{"background-color":"var(--ast-global-color-5)","background-image":"","background-repeat":"repeat","background-position":"center center","background-size":"auto","background-attachment":"scroll","background-type":"","background-media":"","overlay-type":"","overlay-color":"","overlay-opacity":"","overlay-gradient":""}},"footnotes":""},"class_list":["post-637","page","type-page","status-publish","hentry"],"_links":{"self":[{"href":"https:\/\/www.kananas.com\/bfam3080\/wp-json\/wp\/v2\/pages\/637","targetHints":{"allow":["GET"]}}],"collection":[{"href":"https:\/\/www.kananas.com\/bfam3080\/wp-json\/wp\/v2\/pages"}],"about":[{"href":"https:\/\/www.kananas.com\/bfam3080\/wp-json\/wp\/v2\/types\/page"}],"author":[{"embeddable":true,"href":"https:\/\/www.kananas.com\/bfam3080\/wp-json\/wp\/v2\/users\/879"}],"replies":[{"embeddable":true,"href":"https:\/\/www.kananas.com\/bfam3080\/wp-json\/wp\/v2\/comments?post=637"}],"version-history":[{"count":6,"href":"https:\/\/www.kananas.com\/bfam3080\/wp-json\/wp\/v2\/pages\/637\/revisions"}],"predecessor-version":[{"id":675,"href":"https:\/\/www.kananas.com\/bfam3080\/wp-json\/wp\/v2\/pages\/637\/revisions\/675"}],"wp:attachment":[{"href":"https:\/\/www.kananas.com\/bfam3080\/wp-json\/wp\/v2\/media?parent=637"}],"curies":[{"name":"wp","href":"https:\/\/api.w.org\/{rel}","templated":true}]}}