{"id":676,"date":"2023-07-06T16:15:48","date_gmt":"2023-07-06T14:15:48","guid":{"rendered":"https:\/\/www.kananas.com\/bfam3080\/?page_id=676"},"modified":"2023-08-18T00:30:27","modified_gmt":"2023-08-17T22:30:27","slug":"%f0%9f%8c%8b-lopen-des-geants-dauvergne","status":"publish","type":"page","link":"https:\/\/www.kananas.com\/bfam3080\/%f0%9f%8c%8b-lopen-des-geants-dauvergne\/","title":{"rendered":"\ud83c\udf0b L&rsquo;Open des G\u00e9ants d&rsquo;Auvergne"},"content":{"rendered":"<p><span style=\"color: #993300\"><strong>\u2753Qu&rsquo;est ce que l&rsquo;Open des G\u00e9ants d&rsquo;Auvergne ?<\/strong><\/span><\/p>\n<p>Cette comp\u00e9tition a \u00e9t\u00e9 cr\u00e9\u00e9e par des passionn\u00e9s pour des passionn\u00e9s, dans le but de d\u00e9velopper et faire grandir ce sport en Auvergne. \ud83c\udf0b<\/p>\n<h4><span style=\"color: #993300\">L&rsquo;Open des G\u00e9ants d&rsquo;Auvergne &#8211; 2023 &#8211; Saison 1<\/span><\/h4>\n<p>Pour la premi\u00e8re fois, le BFAM a cr\u00e9e sa propre comp\u00e9tition afin de r\u00e9pondre \u00e0 la demande et \u00e0 l&rsquo;augmentation du nombre d&rsquo;athl\u00e8te voulant participer \u00e0 des comp\u00e9titions.<\/p>\n<p><img loading=\"lazy\" decoding=\"async\" class=\"wp-image-511 alignleft\" src=\"https:\/\/www.kananas.com\/bfam3080\/wp-content\/uploads\/sites\/853\/2023\/07\/LOGO-OPEN.png\" alt=\"\" width=\"175\" height=\"175\" srcset=\"https:\/\/www.kananas.com\/bfam3080\/wp-content\/uploads\/sites\/853\/2023\/07\/LOGO-OPEN.png 500w, https:\/\/www.kananas.com\/bfam3080\/wp-content\/uploads\/sites\/853\/2023\/07\/LOGO-OPEN-300x300.png 300w, https:\/\/www.kananas.com\/bfam3080\/wp-content\/uploads\/sites\/853\/2023\/07\/LOGO-OPEN-150x150.png 150w\" sizes=\"auto, (max-width: 175px) 100vw, 175px\" \/>La comp\u00e9tition se d\u00e9roula donc sur un jour, le samedi 27 mai 2023, invitant environ 50 athl\u00e8tes, et 400 spectateurs \u00e9tal\u00e9s sur la journ\u00e9e.<\/p>\n<p>4 athl\u00e8tes du BFAM ont particip\u00e9 \u00e0 cette comp\u00e9tition et beaucoup de b\u00e9n\u00e9voles furent pr\u00e9sents pour aider et soutenir.<\/p>\n<p>Et voici un best-of des meilleurs photos de la saison prise par la photographe <a href=\"https:\/\/www.instagram.com\/eva_dphotos\/?hl=fr\">Eva Drieux<\/a> :<\/p>\n<p><img loading=\"lazy\" decoding=\"async\" class=\"alignnone wp-image-748\" src=\"https:\/\/www.kananas.com\/bfam3080\/wp-content\/uploads\/sites\/853\/2023\/07\/DSC_7480_Original-1024x919.jpg\" alt=\"\" width=\"231\" height=\"207\" srcset=\"https:\/\/www.kananas.com\/bfam3080\/wp-content\/uploads\/sites\/853\/2023\/07\/DSC_7480_Original-1024x919.jpg 1024w, https:\/\/www.kananas.com\/bfam3080\/wp-content\/uploads\/sites\/853\/2023\/07\/DSC_7480_Original-300x269.jpg 300w, https:\/\/www.kananas.com\/bfam3080\/wp-content\/uploads\/sites\/853\/2023\/07\/DSC_7480_Original-768x689.jpg 768w, https:\/\/www.kananas.com\/bfam3080\/wp-content\/uploads\/sites\/853\/2023\/07\/DSC_7480_Original-1536x1379.jpg 1536w, https:\/\/www.kananas.com\/bfam3080\/wp-content\/uploads\/sites\/853\/2023\/07\/DSC_7480_Original-2048x1838.jpg 2048w\" sizes=\"auto, (max-width: 231px) 100vw, 231px\" \/> <img loading=\"lazy\" decoding=\"async\" class=\"alignnone wp-image-732\" src=\"https:\/\/www.kananas.com\/bfam3080\/wp-content\/uploads\/sites\/853\/2023\/07\/DSC_3930_Original-1024x759.jpg\" alt=\"\" width=\"276\" height=\"205\" srcset=\"https:\/\/www.kananas.com\/bfam3080\/wp-content\/uploads\/sites\/853\/2023\/07\/DSC_3930_Original-1024x759.jpg 1024w, https:\/\/www.kananas.com\/bfam3080\/wp-content\/uploads\/sites\/853\/2023\/07\/DSC_3930_Original-300x222.jpg 300w, https:\/\/www.kananas.com\/bfam3080\/wp-content\/uploads\/sites\/853\/2023\/07\/DSC_3930_Original-768x569.jpg 768w, https:\/\/www.kananas.com\/bfam3080\/wp-content\/uploads\/sites\/853\/2023\/07\/DSC_3930_Original-1536x1139.jpg 1536w, https:\/\/www.kananas.com\/bfam3080\/wp-content\/uploads\/sites\/853\/2023\/07\/DSC_3930_Original-2048x1518.jpg 2048w\" sizes=\"auto, (max-width: 276px) 100vw, 276px\" \/> <img loading=\"lazy\" decoding=\"async\" class=\"alignnone wp-image-731\" src=\"https:\/\/www.kananas.com\/bfam3080\/wp-content\/uploads\/sites\/853\/2023\/07\/DSC_3851_Original-1024x797.jpg\" alt=\"\" width=\"262\" height=\"204\" srcset=\"https:\/\/www.kananas.com\/bfam3080\/wp-content\/uploads\/sites\/853\/2023\/07\/DSC_3851_Original-1024x797.jpg 1024w, https:\/\/www.kananas.com\/bfam3080\/wp-content\/uploads\/sites\/853\/2023\/07\/DSC_3851_Original-300x234.jpg 300w, https:\/\/www.kananas.com\/bfam3080\/wp-content\/uploads\/sites\/853\/2023\/07\/DSC_3851_Original-768x598.jpg 768w, https:\/\/www.kananas.com\/bfam3080\/wp-content\/uploads\/sites\/853\/2023\/07\/DSC_3851_Original-1536x1196.jpg 1536w, https:\/\/www.kananas.com\/bfam3080\/wp-content\/uploads\/sites\/853\/2023\/07\/DSC_3851_Original-2048x1594.jpg 2048w\" sizes=\"auto, (max-width: 262px) 100vw, 262px\" \/><\/p>\n<p><img loading=\"lazy\" decoding=\"async\" class=\"wp-image-728 alignnone\" src=\"https:\/\/www.kananas.com\/bfam3080\/wp-content\/uploads\/sites\/853\/2023\/07\/DSC_3561_Original-761x1024.jpg\" alt=\"\" width=\"188\" height=\"253\" srcset=\"https:\/\/www.kananas.com\/bfam3080\/wp-content\/uploads\/sites\/853\/2023\/07\/DSC_3561_Original-761x1024.jpg 761w, https:\/\/www.kananas.com\/bfam3080\/wp-content\/uploads\/sites\/853\/2023\/07\/DSC_3561_Original-223x300.jpg 223w, https:\/\/www.kananas.com\/bfam3080\/wp-content\/uploads\/sites\/853\/2023\/07\/DSC_3561_Original-768x1033.jpg 768w, https:\/\/www.kananas.com\/bfam3080\/wp-content\/uploads\/sites\/853\/2023\/07\/DSC_3561_Original-1142x1536.jpg 1142w, https:\/\/www.kananas.com\/bfam3080\/wp-content\/uploads\/sites\/853\/2023\/07\/DSC_3561_Original-1523x2048.jpg 1523w, https:\/\/www.kananas.com\/bfam3080\/wp-content\/uploads\/sites\/853\/2023\/07\/DSC_3561_Original-scaled.jpg 1904w\" sizes=\"auto, (max-width: 188px) 100vw, 188px\" \/>\u00a0<img loading=\"lazy\" decoding=\"async\" class=\"alignnone wp-image-730\" src=\"https:\/\/www.kananas.com\/bfam3080\/wp-content\/uploads\/sites\/853\/2023\/07\/DSC_3780_Original-795x1024.jpg\" alt=\"\" width=\"196\" height=\"252\" srcset=\"https:\/\/www.kananas.com\/bfam3080\/wp-content\/uploads\/sites\/853\/2023\/07\/DSC_3780_Original-795x1024.jpg 795w, https:\/\/www.kananas.com\/bfam3080\/wp-content\/uploads\/sites\/853\/2023\/07\/DSC_3780_Original-233x300.jpg 233w, https:\/\/www.kananas.com\/bfam3080\/wp-content\/uploads\/sites\/853\/2023\/07\/DSC_3780_Original-768x989.jpg 768w, https:\/\/www.kananas.com\/bfam3080\/wp-content\/uploads\/sites\/853\/2023\/07\/DSC_3780_Original-1193x1536.jpg 1193w, https:\/\/www.kananas.com\/bfam3080\/wp-content\/uploads\/sites\/853\/2023\/07\/DSC_3780_Original-1590x2048.jpg 1590w, https:\/\/www.kananas.com\/bfam3080\/wp-content\/uploads\/sites\/853\/2023\/07\/DSC_3780_Original-scaled.jpg 1988w\" sizes=\"auto, (max-width: 196px) 100vw, 196px\" \/> <img loading=\"lazy\" decoding=\"async\" class=\"alignnone wp-image-734\" src=\"https:\/\/www.kananas.com\/bfam3080\/wp-content\/uploads\/sites\/853\/2023\/07\/DSC_4049_Original-686x1024.jpg\" alt=\"\" width=\"166\" height=\"247\" srcset=\"https:\/\/www.kananas.com\/bfam3080\/wp-content\/uploads\/sites\/853\/2023\/07\/DSC_4049_Original-686x1024.jpg 686w, https:\/\/www.kananas.com\/bfam3080\/wp-content\/uploads\/sites\/853\/2023\/07\/DSC_4049_Original-201x300.jpg 201w, https:\/\/www.kananas.com\/bfam3080\/wp-content\/uploads\/sites\/853\/2023\/07\/DSC_4049_Original-768x1146.jpg 768w, https:\/\/www.kananas.com\/bfam3080\/wp-content\/uploads\/sites\/853\/2023\/07\/DSC_4049_Original-1029x1536.jpg 1029w, https:\/\/www.kananas.com\/bfam3080\/wp-content\/uploads\/sites\/853\/2023\/07\/DSC_4049_Original-1372x2048.jpg 1372w, https:\/\/www.kananas.com\/bfam3080\/wp-content\/uploads\/sites\/853\/2023\/07\/DSC_4049_Original-scaled.jpg 1715w\" sizes=\"auto, (max-width: 166px) 100vw, 166px\" \/> <img loading=\"lazy\" decoding=\"async\" class=\"alignnone wp-image-741\" src=\"https:\/\/www.kananas.com\/bfam3080\/wp-content\/uploads\/sites\/853\/2023\/07\/DSC_7048_Original-686x1024.jpg\" alt=\"\" width=\"168\" height=\"251\" srcset=\"https:\/\/www.kananas.com\/bfam3080\/wp-content\/uploads\/sites\/853\/2023\/07\/DSC_7048_Original-686x1024.jpg 686w, https:\/\/www.kananas.com\/bfam3080\/wp-content\/uploads\/sites\/853\/2023\/07\/DSC_7048_Original-201x300.jpg 201w, https:\/\/www.kananas.com\/bfam3080\/wp-content\/uploads\/sites\/853\/2023\/07\/DSC_7048_Original-768x1147.jpg 768w, https:\/\/www.kananas.com\/bfam3080\/wp-content\/uploads\/sites\/853\/2023\/07\/DSC_7048_Original-1028x1536.jpg 1028w, https:\/\/www.kananas.com\/bfam3080\/wp-content\/uploads\/sites\/853\/2023\/07\/DSC_7048_Original-1371x2048.jpg 1371w, https:\/\/www.kananas.com\/bfam3080\/wp-content\/uploads\/sites\/853\/2023\/07\/DSC_7048_Original-scaled.jpg 1714w\" sizes=\"auto, (max-width: 168px) 100vw, 168px\" \/><\/p>\n<p><img loading=\"lazy\" decoding=\"async\" class=\"alignnone wp-image-733\" src=\"https:\/\/www.kananas.com\/bfam3080\/wp-content\/uploads\/sites\/853\/2023\/07\/DSC_4032_Original-1024x662.jpg\" alt=\"\" width=\"284\" height=\"183\" srcset=\"https:\/\/www.kananas.com\/bfam3080\/wp-content\/uploads\/sites\/853\/2023\/07\/DSC_4032_Original-1024x662.jpg 1024w, https:\/\/www.kananas.com\/bfam3080\/wp-content\/uploads\/sites\/853\/2023\/07\/DSC_4032_Original-300x194.jpg 300w, https:\/\/www.kananas.com\/bfam3080\/wp-content\/uploads\/sites\/853\/2023\/07\/DSC_4032_Original-768x497.jpg 768w, https:\/\/www.kananas.com\/bfam3080\/wp-content\/uploads\/sites\/853\/2023\/07\/DSC_4032_Original-1536x994.jpg 1536w, https:\/\/www.kananas.com\/bfam3080\/wp-content\/uploads\/sites\/853\/2023\/07\/DSC_4032_Original-2048x1325.jpg 2048w\" sizes=\"auto, (max-width: 284px) 100vw, 284px\" \/> \u00a0<img loading=\"lazy\" decoding=\"async\" class=\"alignnone wp-image-735\" src=\"https:\/\/www.kananas.com\/bfam3080\/wp-content\/uploads\/sites\/853\/2023\/07\/DSC_4117_Original-1024x806.jpg\" alt=\"\" width=\"236\" height=\"185\" srcset=\"https:\/\/www.kananas.com\/bfam3080\/wp-content\/uploads\/sites\/853\/2023\/07\/DSC_4117_Original-1024x806.jpg 1024w, https:\/\/www.kananas.com\/bfam3080\/wp-content\/uploads\/sites\/853\/2023\/07\/DSC_4117_Original-300x236.jpg 300w, https:\/\/www.kananas.com\/bfam3080\/wp-content\/uploads\/sites\/853\/2023\/07\/DSC_4117_Original-768x604.jpg 768w, https:\/\/www.kananas.com\/bfam3080\/wp-content\/uploads\/sites\/853\/2023\/07\/DSC_4117_Original-1536x1209.jpg 1536w, https:\/\/www.kananas.com\/bfam3080\/wp-content\/uploads\/sites\/853\/2023\/07\/DSC_4117_Original-2048x1612.jpg 2048w\" sizes=\"auto, (max-width: 236px) 100vw, 236px\" \/> <img loading=\"lazy\" decoding=\"async\" class=\"alignnone wp-image-737\" src=\"https:\/\/www.kananas.com\/bfam3080\/wp-content\/uploads\/sites\/853\/2023\/07\/DSC_6599_Original-1024x710.jpg\" alt=\"\" width=\"255\" height=\"177\" srcset=\"https:\/\/www.kananas.com\/bfam3080\/wp-content\/uploads\/sites\/853\/2023\/07\/DSC_6599_Original-1024x710.jpg 1024w, https:\/\/www.kananas.com\/bfam3080\/wp-content\/uploads\/sites\/853\/2023\/07\/DSC_6599_Original-300x208.jpg 300w, https:\/\/www.kananas.com\/bfam3080\/wp-content\/uploads\/sites\/853\/2023\/07\/DSC_6599_Original-768x532.jpg 768w, https:\/\/www.kananas.com\/bfam3080\/wp-content\/uploads\/sites\/853\/2023\/07\/DSC_6599_Original-1536x1065.jpg 1536w, https:\/\/www.kananas.com\/bfam3080\/wp-content\/uploads\/sites\/853\/2023\/07\/DSC_6599_Original-2048x1420.jpg 2048w\" sizes=\"auto, (max-width: 255px) 100vw, 255px\" \/><\/p>\n<p><img loading=\"lazy\" decoding=\"async\" class=\"alignnone wp-image-736\" src=\"https:\/\/www.kananas.com\/bfam3080\/wp-content\/uploads\/sites\/853\/2023\/07\/DSC_6561_Original-845x1024.jpg\" alt=\"\" width=\"214\" height=\"259\" srcset=\"https:\/\/www.kananas.com\/bfam3080\/wp-content\/uploads\/sites\/853\/2023\/07\/DSC_6561_Original-845x1024.jpg 845w, https:\/\/www.kananas.com\/bfam3080\/wp-content\/uploads\/sites\/853\/2023\/07\/DSC_6561_Original-248x300.jpg 248w, https:\/\/www.kananas.com\/bfam3080\/wp-content\/uploads\/sites\/853\/2023\/07\/DSC_6561_Original-768x931.jpg 768w, https:\/\/www.kananas.com\/bfam3080\/wp-content\/uploads\/sites\/853\/2023\/07\/DSC_6561_Original-1268x1536.jpg 1268w, https:\/\/www.kananas.com\/bfam3080\/wp-content\/uploads\/sites\/853\/2023\/07\/DSC_6561_Original-1690x2048.jpg 1690w\" sizes=\"auto, (max-width: 214px) 100vw, 214px\" \/> \u00a0<img loading=\"lazy\" decoding=\"async\" class=\"alignnone wp-image-738\" src=\"https:\/\/www.kananas.com\/bfam3080\/wp-content\/uploads\/sites\/853\/2023\/07\/DSC_6882_Original-811x1024.jpg\" alt=\"\" width=\"200\" height=\"252\" srcset=\"https:\/\/www.kananas.com\/bfam3080\/wp-content\/uploads\/sites\/853\/2023\/07\/DSC_6882_Original-811x1024.jpg 811w, https:\/\/www.kananas.com\/bfam3080\/wp-content\/uploads\/sites\/853\/2023\/07\/DSC_6882_Original-238x300.jpg 238w, https:\/\/www.kananas.com\/bfam3080\/wp-content\/uploads\/sites\/853\/2023\/07\/DSC_6882_Original-768x970.jpg 768w, https:\/\/www.kananas.com\/bfam3080\/wp-content\/uploads\/sites\/853\/2023\/07\/DSC_6882_Original-1217x1536.jpg 1217w, https:\/\/www.kananas.com\/bfam3080\/wp-content\/uploads\/sites\/853\/2023\/07\/DSC_6882_Original-1622x2048.jpg 1622w, https:\/\/www.kananas.com\/bfam3080\/wp-content\/uploads\/sites\/853\/2023\/07\/DSC_6882_Original-scaled.jpg 2028w\" sizes=\"auto, (max-width: 200px) 100vw, 200px\" \/> <img loading=\"lazy\" decoding=\"async\" class=\"alignnone wp-image-739\" src=\"https:\/\/www.kananas.com\/bfam3080\/wp-content\/uploads\/sites\/853\/2023\/07\/DSC_6890_Original-819x1024.jpg\" alt=\"\" width=\"199\" height=\"249\" srcset=\"https:\/\/www.kananas.com\/bfam3080\/wp-content\/uploads\/sites\/853\/2023\/07\/DSC_6890_Original-819x1024.jpg 819w, https:\/\/www.kananas.com\/bfam3080\/wp-content\/uploads\/sites\/853\/2023\/07\/DSC_6890_Original-240x300.jpg 240w, https:\/\/www.kananas.com\/bfam3080\/wp-content\/uploads\/sites\/853\/2023\/07\/DSC_6890_Original-768x960.jpg 768w, https:\/\/www.kananas.com\/bfam3080\/wp-content\/uploads\/sites\/853\/2023\/07\/DSC_6890_Original-1229x1536.jpg 1229w, https:\/\/www.kananas.com\/bfam3080\/wp-content\/uploads\/sites\/853\/2023\/07\/DSC_6890_Original-1639x2048.jpg 1639w, https:\/\/www.kananas.com\/bfam3080\/wp-content\/uploads\/sites\/853\/2023\/07\/DSC_6890_Original-scaled.jpg 2048w\" sizes=\"auto, (max-width: 199px) 100vw, 199px\" \/> <img loading=\"lazy\" decoding=\"async\" class=\"alignnone wp-image-740\" src=\"https:\/\/www.kananas.com\/bfam3080\/wp-content\/uploads\/sites\/853\/2023\/07\/DSC_6962_Original-883x1024.jpg\" alt=\"\" width=\"212\" height=\"246\" srcset=\"https:\/\/www.kananas.com\/bfam3080\/wp-content\/uploads\/sites\/853\/2023\/07\/DSC_6962_Original-883x1024.jpg 883w, https:\/\/www.kananas.com\/bfam3080\/wp-content\/uploads\/sites\/853\/2023\/07\/DSC_6962_Original-259x300.jpg 259w, https:\/\/www.kananas.com\/bfam3080\/wp-content\/uploads\/sites\/853\/2023\/07\/DSC_6962_Original-768x891.jpg 768w, https:\/\/www.kananas.com\/bfam3080\/wp-content\/uploads\/sites\/853\/2023\/07\/DSC_6962_Original-1324x1536.jpg 1324w, https:\/\/www.kananas.com\/bfam3080\/wp-content\/uploads\/sites\/853\/2023\/07\/DSC_6962_Original-1765x2048.jpg 1765w\" sizes=\"auto, (max-width: 212px) 100vw, 212px\" \/><\/p>\n<p><img loading=\"lazy\" decoding=\"async\" class=\"alignnone wp-image-742\" src=\"https:\/\/www.kananas.com\/bfam3080\/wp-content\/uploads\/sites\/853\/2023\/07\/DSC_7114_Original-1024x789.jpg\" alt=\"\" width=\"207\" height=\"160\" srcset=\"https:\/\/www.kananas.com\/bfam3080\/wp-content\/uploads\/sites\/853\/2023\/07\/DSC_7114_Original-1024x789.jpg 1024w, https:\/\/www.kananas.com\/bfam3080\/wp-content\/uploads\/sites\/853\/2023\/07\/DSC_7114_Original-300x231.jpg 300w, https:\/\/www.kananas.com\/bfam3080\/wp-content\/uploads\/sites\/853\/2023\/07\/DSC_7114_Original-768x591.jpg 768w, https:\/\/www.kananas.com\/bfam3080\/wp-content\/uploads\/sites\/853\/2023\/07\/DSC_7114_Original-1536x1183.jpg 1536w, https:\/\/www.kananas.com\/bfam3080\/wp-content\/uploads\/sites\/853\/2023\/07\/DSC_7114_Original-2048x1577.jpg 2048w\" sizes=\"auto, (max-width: 207px) 100vw, 207px\" \/> <img loading=\"lazy\" decoding=\"async\" class=\"alignnone wp-image-743\" src=\"https:\/\/www.kananas.com\/bfam3080\/wp-content\/uploads\/sites\/853\/2023\/07\/DSC_7268_Original-1024x684.jpg\" alt=\"\" width=\"228\" height=\"153\" srcset=\"https:\/\/www.kananas.com\/bfam3080\/wp-content\/uploads\/sites\/853\/2023\/07\/DSC_7268_Original-1024x684.jpg 1024w, https:\/\/www.kananas.com\/bfam3080\/wp-content\/uploads\/sites\/853\/2023\/07\/DSC_7268_Original-300x200.jpg 300w, https:\/\/www.kananas.com\/bfam3080\/wp-content\/uploads\/sites\/853\/2023\/07\/DSC_7268_Original-768x513.jpg 768w, https:\/\/www.kananas.com\/bfam3080\/wp-content\/uploads\/sites\/853\/2023\/07\/DSC_7268_Original-1536x1025.jpg 1536w, https:\/\/www.kananas.com\/bfam3080\/wp-content\/uploads\/sites\/853\/2023\/07\/DSC_7268_Original-2048x1367.jpg 2048w\" sizes=\"auto, (max-width: 228px) 100vw, 228px\" \/> <img loading=\"lazy\" decoding=\"async\" class=\"alignnone wp-image-744\" src=\"https:\/\/www.kananas.com\/bfam3080\/wp-content\/uploads\/sites\/853\/2023\/07\/DSC_7276_Original-1024x757.jpg\" alt=\"\" width=\"218\" height=\"161\" srcset=\"https:\/\/www.kananas.com\/bfam3080\/wp-content\/uploads\/sites\/853\/2023\/07\/DSC_7276_Original-1024x757.jpg 1024w, https:\/\/www.kananas.com\/bfam3080\/wp-content\/uploads\/sites\/853\/2023\/07\/DSC_7276_Original-300x222.jpg 300w, https:\/\/www.kananas.com\/bfam3080\/wp-content\/uploads\/sites\/853\/2023\/07\/DSC_7276_Original-768x567.jpg 768w, https:\/\/www.kananas.com\/bfam3080\/wp-content\/uploads\/sites\/853\/2023\/07\/DSC_7276_Original-1536x1135.jpg 1536w, https:\/\/www.kananas.com\/bfam3080\/wp-content\/uploads\/sites\/853\/2023\/07\/DSC_7276_Original-2048x1513.jpg 2048w\" sizes=\"auto, (max-width: 218px) 100vw, 218px\" \/>\u00a0<img loading=\"lazy\" decoding=\"async\" class=\"alignnone wp-image-749\" src=\"https:\/\/www.kananas.com\/bfam3080\/wp-content\/uploads\/sites\/853\/2023\/07\/DSC_7531_Original-1024x941.jpg\" alt=\"\" width=\"170\" height=\"156\" srcset=\"https:\/\/www.kananas.com\/bfam3080\/wp-content\/uploads\/sites\/853\/2023\/07\/DSC_7531_Original-1024x941.jpg 1024w, https:\/\/www.kananas.com\/bfam3080\/wp-content\/uploads\/sites\/853\/2023\/07\/DSC_7531_Original-300x276.jpg 300w, https:\/\/www.kananas.com\/bfam3080\/wp-content\/uploads\/sites\/853\/2023\/07\/DSC_7531_Original-768x706.jpg 768w, https:\/\/www.kananas.com\/bfam3080\/wp-content\/uploads\/sites\/853\/2023\/07\/DSC_7531_Original-1536x1411.jpg 1536w, https:\/\/www.kananas.com\/bfam3080\/wp-content\/uploads\/sites\/853\/2023\/07\/DSC_7531_Original-2048x1881.jpg 2048w\" sizes=\"auto, (max-width: 170px) 100vw, 170px\" \/><\/p>\n","protected":false},"excerpt":{"rendered":"<p>\u2753Qu&rsquo;est ce que l&rsquo;Open des G\u00e9ants d&rsquo;Auvergne ? Cette comp\u00e9tition a \u00e9t\u00e9 cr\u00e9\u00e9e par des passionn\u00e9s pour des passionn\u00e9s, dans le but de d\u00e9velopper et faire grandir ce sport en Auvergne. \ud83c\udf0b L&rsquo;Open des G\u00e9ants d&rsquo;Auvergne &#8211; 2023 &#8211; Saison 1 Pour la premi\u00e8re fois, le BFAM a cr\u00e9e sa propre comp\u00e9tition afin de r\u00e9pondre [&hellip;]<\/p>\n","protected":false},"author":879,"featured_media":0,"parent":0,"menu_order":0,"comment_status":"closed","ping_status":"closed","template":"","meta":{"_crdt_document":"","site-sidebar-layout":"default","site-content-layout":"default","ast-site-content-layout":"default","site-content-style":"default","site-sidebar-style":"default","ast-global-header-display":"","ast-banner-title-visibility":"","ast-main-header-display":"","ast-hfb-above-header-display":"","ast-hfb-below-header-display":"","ast-hfb-mobile-header-display":"","site-post-title":"","ast-breadcrumbs-content":"","ast-featured-img":"","footer-sml-layout":"","ast-disable-related-posts":"","theme-transparent-header-meta":"default","adv-header-id-meta":"","stick-header-meta":"","header-above-stick-meta":"","header-main-stick-meta":"","header-below-stick-meta":"","astra-migrate-meta-layouts":"set","ast-page-background-enabled":"default","ast-page-background-meta":{"desktop":{"background-color":"var(--ast-global-color-4)","background-image":"","background-repeat":"repeat","background-position":"center center","background-size":"auto","background-attachment":"scroll","background-type":"","background-media":"","overlay-type":"","overlay-color":"","overlay-opacity":"","overlay-gradient":""},"tablet":{"background-color":"","background-image":"","background-repeat":"repeat","background-position":"center center","background-size":"auto","background-attachment":"scroll","background-type":"","background-media":"","overlay-type":"","overlay-color":"","overlay-opacity":"","overlay-gradient":""},"mobile":{"background-color":"","background-image":"","background-repeat":"repeat","background-position":"center center","background-size":"auto","background-attachment":"scroll","background-type":"","background-media":"","overlay-type":"","overlay-color":"","overlay-opacity":"","overlay-gradient":""}},"ast-content-background-meta":{"desktop":{"background-color":"var(--ast-global-color-5)","background-image":"","background-repeat":"repeat","background-position":"center center","background-size":"auto","background-attachment":"scroll","background-type":"","background-media":"","overlay-type":"","overlay-color":"","overlay-opacity":"","overlay-gradient":""},"tablet":{"background-color":"var(--ast-global-color-5)","background-image":"","background-repeat":"repeat","background-position":"center center","background-size":"auto","background-attachment":"scroll","background-type":"","background-media":"","overlay-type":"","overlay-color":"","overlay-opacity":"","overlay-gradient":""},"mobile":{"background-color":"var(--ast-global-color-5)","background-image":"","background-repeat":"repeat","background-position":"center center","background-size":"auto","background-attachment":"scroll","background-type":"","background-media":"","overlay-type":"","overlay-color":"","overlay-opacity":"","overlay-gradient":""}},"footnotes":""},"class_list":["post-676","page","type-page","status-publish","hentry"],"_links":{"self":[{"href":"https:\/\/www.kananas.com\/bfam3080\/wp-json\/wp\/v2\/pages\/676","targetHints":{"allow":["GET"]}}],"collection":[{"href":"https:\/\/www.kananas.com\/bfam3080\/wp-json\/wp\/v2\/pages"}],"about":[{"href":"https:\/\/www.kananas.com\/bfam3080\/wp-json\/wp\/v2\/types\/page"}],"author":[{"embeddable":true,"href":"https:\/\/www.kananas.com\/bfam3080\/wp-json\/wp\/v2\/users\/879"}],"replies":[{"embeddable":true,"href":"https:\/\/www.kananas.com\/bfam3080\/wp-json\/wp\/v2\/comments?post=676"}],"version-history":[{"count":7,"href":"https:\/\/www.kananas.com\/bfam3080\/wp-json\/wp\/v2\/pages\/676\/revisions"}],"predecessor-version":[{"id":757,"href":"https:\/\/www.kananas.com\/bfam3080\/wp-json\/wp\/v2\/pages\/676\/revisions\/757"}],"wp:attachment":[{"href":"https:\/\/www.kananas.com\/bfam3080\/wp-json\/wp\/v2\/media?parent=676"}],"curies":[{"name":"wp","href":"https:\/\/api.w.org\/{rel}","templated":true}]}}