{"id":703,"date":"2023-07-08T12:11:11","date_gmt":"2023-07-08T10:11:11","guid":{"rendered":"https:\/\/www.kananas.com\/bfam3080\/?page_id=703"},"modified":"2023-07-08T12:34:09","modified_gmt":"2023-07-08T10:34:09","slug":"%f0%9f%93%9d-mentions-legales","status":"publish","type":"page","link":"https:\/\/www.kananas.com\/bfam3080\/%f0%9f%93%9d-mentions-legales\/","title":{"rendered":"\ud83d\udccf Mentions l\u00e9gales"},"content":{"rendered":"<h3 class=\"spip\"><span style=\"color: #993300\">\ud83d\udc49 Responsable de la publication<\/span><\/h3>\n<p>Ana\u00eblle Cognon ; BFAM\u00a0<br class=\"autobr\" \/>Avenue du Stade, Stade de l&rsquo;Arti\u00e8re<br class=\"autobr\" \/>63110 Beaumont<br class=\"autobr\" \/><a class=\"contacter\" href=\"bfam63110@gmail.com\">Contacter par email<\/a><\/p>\n<h3 class=\"spip\"><span style=\"color: #993300\">\ud83d\udc49 R\u00e9alisation du site<\/span><\/h3>\n<p>Ana\u00eblle Cognon ; BFAM<br class=\"autobr\" \/>Avenue du Stade, Stade de l&rsquo;Arti\u00e8re<br class=\"autobr\" \/>63110 Beaumont<br class=\"autobr\" \/>Site r\u00e9alis\u00e9 avec WordPress<\/p>\n<h3 class=\"spip\"><span style=\"color: #993300\">\ud83d\udc49 H\u00e9bergement<\/span><\/h3>\n<p><a class=\"spip_out\" href=\"http:\/\/www.kananas.com\/\" rel=\"external\">Kananas<\/a><br \/>\nKIWI sas<br \/>\n169 chemin des adrechs de valcros<br \/>\n83440 Montauroux<br \/>\nFrance<br \/>\nSiren num 819 424 904<br \/>\nTva intracommuataire : FR 38 819424904<\/p>\n<h3 class=\"spip\"><span style=\"color: #993300\">\ud83d\udc49 Droits d\u2019auteur &#8211; Copyright<\/span><\/h3>\n<p>L\u2019ensemble de ce site rel\u00e8ve de la l\u00e9gislation fran\u00e7aise et internationale sur le droit d\u2019auteur et la propri\u00e9t\u00e9 intellectuelle, aussi bien pour la forme (arborescence du site, organisation des pages,..) que pour le contenu (textes, images, photographies, iconographies,\u2026)<\/p>\n<p>Tous droits de reproduction sont r\u00e9serv\u00e9s, y compris pour les documents photographiques.<\/p>\n<p>La reproduction de tout ou partie de ce site sur un support \u00e9lectronique quel qu\u2019il soit, ainsi que toute utilisation des visuels et textes qu\u2019il contient autre que pour la consultation individuelle et priv\u00e9e est formellement interdite sauf autorisation expresse du responsable de la publication.<\/p>\n<p>Toutes les reproductions, de tout ou partie de ce site, (documents t\u00e9l\u00e9chargeables, repr\u00e9sentations iconographiques et photographiques) sont formellement interdites sauf autorisation expresse du responsable de la publication. L\u2019atteinte \u00e0 l\u2019un de ses droits constitue un d\u00e9lit p\u00e9nal de contrefa\u00e7on (article L 335-1 \u00e0 335-10 du Code de la propri\u00e9t\u00e9 intellectuelle) et est passible d\u2019une peine d\u2019emprisonnement de deux ans et de 150 000 euros d\u2019amende.<\/p>\n<p>Toutefois, la citation d\u2019informations (n\u00e9cessairement courte, illustrant un propos et ne concurren\u00e7ant pas l\u2019\u0153uvre dont elle est issue) pr\u00e9sentes sur ce site est autoris\u00e9e, sous respect des conditions suivantes\u00a0:<\/p>\n<ul class=\"spip\">\n<li style=\"list-style-type: none\">\n<ul class=\"spip\">\n<li style=\"list-style-type: none\">\n<ul class=\"spip\">\n<li style=\"list-style-type: none\">\n<ul class=\"spip\">\n<li>Diffusion gratuite ;<\/li>\n<li>Citation claire et lisible de la source de la fa\u00e7on suivante : \u00ab\u00a0Ce document provient du site internet <a class=\"spip_url spip_out auto\" href=\"http:\/\/www.bfam.fr\/\" rel=\"nofollow external\">www.bfam.fr<\/a>, les droits de reproduction sont r\u00e9serv\u00e9s et strictement limit\u00e9s.\u00a0\u00bb<\/li>\n<\/ul>\n<\/li>\n<\/ul>\n<\/li>\n<\/ul>\n<\/li>\n<\/ul>\n<h3><\/h3>\n<h3><span style=\"color: #993300\">\ud83d\udc49<b> Mise \u00e0 disposition des informations<\/b><\/span><\/h3>\n<p>Les informations publi\u00e9es sont v\u00e9rifi\u00e9es de mani\u00e8re r\u00e9guli\u00e8re, mais sont pr\u00e9sentes \u00e0 titre informatif et non contractuelle. Le responsable de la publication d\u00e9cline toute responsabilit\u00e9 en cas d\u2019erreur ou d\u2019omission. Pour signaler une erreur ou effectuer une demande de rectification, vous pouvez contacter le responsable de la publication (par courrier, courriel ou en utilisant le formulaire de contact). Les informations donn\u00e9es sur ce site n\u2019ont qu\u2019une valeur informative et peuvent \u00e9voluer en fonction des modifications l\u00e9gislatives ou r\u00e9glementaires. Le responsable de la publication ne peut \u00eatre tenu responsable de l\u2019interpr\u00e9tation faite par l\u2019internaute des informations pr\u00e9sent\u00e9es sur ce site.<br \/>\nIl appartient \u00e0 l\u2019internaute de prot\u00e9ger ses propres donn\u00e9es et\/ou logiciels de la contamination par d\u2019\u00e9ventuels virus circulant sur le r\u00e9seau Internet. Le responsable de la publication ne peut \u00eatre tenu pour responsable d\u2019\u00e9ventuels dommages survenus lors de la consultation de ce site internet.<\/p>\n<h3><span style=\"color: #993300\">\ud83d\udc49<b> Liens hypertextes<\/b><\/span><\/h3>\n<p>Les liens hypertextes vers d\u2019autres sites sont donn\u00e9s \u00e0 titre indicatif et ne peuvent engager la responsabilit\u00e9 du responsable de la publication, que ce soit en terme de contenus que de conditions d\u2019acc\u00e8s. En outre, les personnes physiques ou morales d\u00e9sireuses de mettre en place un ou plusieurs liens vers une ou plusieurs pages du pr\u00e9sent site doivent en informer le responsable de la publication. De mani\u00e8re g\u00e9n\u00e9rale, les liens hypertexte renvoyant vers le pr\u00e9sent site doivent g\u00e9n\u00e9rer l\u2019ouverture d\u2019une nouvelle fen\u00eatre de navigateur, et montrer l\u2019adresse compl\u00e8te de la page affich\u00e9e.<\/p>\n<h3><span style=\"color: #993300\">\ud83d\udc49<b> Protection des donn\u00e9es personnelles<\/b><\/span><\/h3>\n<p>En vertu du R\u00e8glement G\u00e9n\u00e9ral sur la Protection des Donn\u00e9es (RGPD), vous avez le droit d&rsquo;acc\u00e9der \u00e0 vos donn\u00e9es personnelles, de demander leur suppression, de vous opposer \u00e0 leur traitement, de les faire rectifier ou limiter leur utilisation, et de demander l&rsquo;oubli de vos donn\u00e9es. Pour exercer ces droits ou pour toute question concernant le traitement de vos donn\u00e9es, vous pouvez contacter notre bureau.<\/p>\n<ul>\n<li>Par email : <a href=\"mailto:bfam63110@gmail.com\">bfam63110@gmail.com<\/a><\/li>\n<li>Par courrier postal : Bureau de BFAM, Avenue du Stade, Stade de l&rsquo;Arti\u00e8re 63110 Beaumont.<\/li>\n<\/ul>\n<p>Si, apr\u00e8s nous avoir contact\u00e9s, vous estimez que vos droits en mati\u00e8re de protection des donn\u00e9es ne sont pas respect\u00e9s ou que le dispositif de contr\u00f4le d&rsquo;acc\u00e8s n&rsquo;est pas conforme aux r\u00e8gles de protection des donn\u00e9es, vous avez le droit de d\u00e9poser une r\u00e9clamation aupr\u00e8s de la CNIL (Commission Nationale de l&rsquo;Informatique et des Libert\u00e9s).<\/p>\n","protected":false},"excerpt":{"rendered":"<p>\ud83d\udc49 Responsable de la publication Ana\u00eblle Cognon ; BFAM\u00a0Avenue du Stade, Stade de l&rsquo;Arti\u00e8re63110 BeaumontContacter par email \ud83d\udc49 R\u00e9alisation du site Ana\u00eblle Cognon ; BFAMAvenue du Stade, Stade de l&rsquo;Arti\u00e8re63110 BeaumontSite r\u00e9alis\u00e9 avec WordPress \ud83d\udc49 H\u00e9bergement Kananas KIWI sas 169 chemin des adrechs de valcros 83440 Montauroux France Siren num 819 424 904 Tva intracommuataire [&hellip;]<\/p>\n","protected":false},"author":879,"featured_media":0,"parent":0,"menu_order":0,"comment_status":"closed","ping_status":"closed","template":"","meta":{"_crdt_document":"","site-sidebar-layout":"default","site-content-layout":"default","ast-site-content-layout":"default","site-content-style":"default","site-sidebar-style":"default","ast-global-header-display":"","ast-banner-title-visibility":"","ast-main-header-display":"","ast-hfb-above-header-display":"","ast-hfb-below-header-display":"","ast-hfb-mobile-header-display":"","site-post-title":"","ast-breadcrumbs-content":"","ast-featured-img":"","footer-sml-layout":"","ast-disable-related-posts":"","theme-transparent-header-meta":"default","adv-header-id-meta":"","stick-header-meta":"","header-above-stick-meta":"","header-main-stick-meta":"","header-below-stick-meta":"","astra-migrate-meta-layouts":"default","ast-page-background-enabled":"default","ast-page-background-meta":{"desktop":{"background-color":"var(--ast-global-color-4)","background-image":"","background-repeat":"repeat","background-position":"center center","background-size":"auto","background-attachment":"scroll","background-type":"","background-media":"","overlay-type":"","overlay-color":"","overlay-opacity":"","overlay-gradient":""},"tablet":{"background-color":"","background-image":"","background-repeat":"repeat","background-position":"center center","background-size":"auto","background-attachment":"scroll","background-type":"","background-media":"","overlay-type":"","overlay-color":"","overlay-opacity":"","overlay-gradient":""},"mobile":{"background-color":"","background-image":"","background-repeat":"repeat","background-position":"center center","background-size":"auto","background-attachment":"scroll","background-type":"","background-media":"","overlay-type":"","overlay-color":"","overlay-opacity":"","overlay-gradient":""}},"ast-content-background-meta":{"desktop":{"background-color":"var(--ast-global-color-5)","background-image":"","background-repeat":"repeat","background-position":"center center","background-size":"auto","background-attachment":"scroll","background-type":"","background-media":"","overlay-type":"","overlay-color":"","overlay-opacity":"","overlay-gradient":""},"tablet":{"background-color":"var(--ast-global-color-5)","background-image":"","background-repeat":"repeat","background-position":"center center","background-size":"auto","background-attachment":"scroll","background-type":"","background-media":"","overlay-type":"","overlay-color":"","overlay-opacity":"","overlay-gradient":""},"mobile":{"background-color":"var(--ast-global-color-5)","background-image":"","background-repeat":"repeat","background-position":"center center","background-size":"auto","background-attachment":"scroll","background-type":"","background-media":"","overlay-type":"","overlay-color":"","overlay-opacity":"","overlay-gradient":""}},"footnotes":""},"class_list":["post-703","page","type-page","status-publish","hentry"],"_links":{"self":[{"href":"https:\/\/www.kananas.com\/bfam3080\/wp-json\/wp\/v2\/pages\/703","targetHints":{"allow":["GET"]}}],"collection":[{"href":"https:\/\/www.kananas.com\/bfam3080\/wp-json\/wp\/v2\/pages"}],"about":[{"href":"https:\/\/www.kananas.com\/bfam3080\/wp-json\/wp\/v2\/types\/page"}],"author":[{"embeddable":true,"href":"https:\/\/www.kananas.com\/bfam3080\/wp-json\/wp\/v2\/users\/879"}],"replies":[{"embeddable":true,"href":"https:\/\/www.kananas.com\/bfam3080\/wp-json\/wp\/v2\/comments?post=703"}],"version-history":[{"count":12,"href":"https:\/\/www.kananas.com\/bfam3080\/wp-json\/wp\/v2\/pages\/703\/revisions"}],"predecessor-version":[{"id":719,"href":"https:\/\/www.kananas.com\/bfam3080\/wp-json\/wp\/v2\/pages\/703\/revisions\/719"}],"wp:attachment":[{"href":"https:\/\/www.kananas.com\/bfam3080\/wp-json\/wp\/v2\/media?parent=703"}],"curies":[{"name":"wp","href":"https:\/\/api.w.org\/{rel}","templated":true}]}}