{"id":1124,"date":"2025-03-25T19:16:13","date_gmt":"2025-03-25T18:16:13","guid":{"rendered":"https:\/\/www.kananas.com\/clubpantherfrance\/?page_id=1124"},"modified":"2025-06-25T20:54:19","modified_gmt":"2025-06-25T18:54:19","slug":"nos-sponsors-partenaires","status":"publish","type":"page","link":"https:\/\/www.kananas.com\/clubpantherfrance\/nos-sponsors-partenaires\/","title":{"rendered":"Nos Sponsors &amp; Partenaires"},"content":{"rendered":"\n<p class=\"wp-block-paragraph\">Le club Panther France a la chance d&rsquo;avoir des Sponsors et Partenaires qui nous aident dans nos projets ! C&rsquo;est l&rsquo;occasion des les remercier ici !! <\/p>\n\n\n\n<p class=\"wp-block-paragraph\"><\/p>\n\n\n\n<div class=\"wp-block-group has-border-color has-contrast-2-border-color is-vertical is-content-justification-center is-layout-flex wp-container-core-group-is-layout-bc18b00a wp-block-group-is-layout-flex\" style=\"border-width:1px\">\n<figure class=\"wp-block-image size-full\"><img loading=\"lazy\" decoding=\"async\" width=\"626\" height=\"369\" src=\"https:\/\/www.kananas.com\/clubpantherfrance\/wp-content\/uploads\/sites\/2301\/2025\/03\/Credit-Mutuel-Franconville-Logo2.png\" alt=\"\" class=\"wp-image-1297\" srcset=\"https:\/\/www.kananas.com\/clubpantherfrance\/wp-content\/uploads\/sites\/2301\/2025\/03\/Credit-Mutuel-Franconville-Logo2.png 626w, https:\/\/www.kananas.com\/clubpantherfrance\/wp-content\/uploads\/sites\/2301\/2025\/03\/Credit-Mutuel-Franconville-Logo2-300x177.png 300w\" sizes=\"auto, (max-width: 626px) 100vw, 626px\" \/><\/figure>\n\n\n\n<p class=\"wp-block-paragraph\">Le Credit Mutuel nous accompagne dans gestion de nos op\u00e9rations , suivi de nos comptes et encaissements  !<\/p>\n<\/div>\n\n\n\n<div style=\"height:22px;width:0px\" aria-hidden=\"true\" class=\"wp-block-spacer\"><\/div>\n\n\n\n<div class=\"wp-block-group has-border-color has-contrast-2-border-color is-vertical is-content-justification-center is-layout-flex wp-container-core-group-is-layout-bc18b00a wp-block-group-is-layout-flex\" style=\"border-width:1px\">\n<figure class=\"wp-block-image size-full\"><img loading=\"lazy\" decoding=\"async\" width=\"2560\" height=\"1506\" src=\"https:\/\/www.kananas.com\/clubpantherfrance\/wp-content\/uploads\/sites\/2301\/2025\/03\/Logo-LCDH2-1-scaled.jpg\" alt=\"\" class=\"wp-image-1307\" style=\"object-fit:cover\" srcset=\"https:\/\/www.kananas.com\/clubpantherfrance\/wp-content\/uploads\/sites\/2301\/2025\/03\/Logo-LCDH2-1-scaled.jpg 2560w, https:\/\/www.kananas.com\/clubpantherfrance\/wp-content\/uploads\/sites\/2301\/2025\/03\/Logo-LCDH2-1-300x176.jpg 300w, https:\/\/www.kananas.com\/clubpantherfrance\/wp-content\/uploads\/sites\/2301\/2025\/03\/Logo-LCDH2-1-1024x602.jpg 1024w, https:\/\/www.kananas.com\/clubpantherfrance\/wp-content\/uploads\/sites\/2301\/2025\/03\/Logo-LCDH2-1-768x452.jpg 768w, https:\/\/www.kananas.com\/clubpantherfrance\/wp-content\/uploads\/sites\/2301\/2025\/03\/Logo-LCDH2-1-1536x903.jpg 1536w, https:\/\/www.kananas.com\/clubpantherfrance\/wp-content\/uploads\/sites\/2301\/2025\/03\/Logo-LCDH2-1-2048x1204.jpg 2048w\" sizes=\"auto, (max-width: 2560px) 100vw, 2560px\" \/><\/figure>\n\n\n\n<p class=\"wp-block-paragraph\">La compagnie de la Housse accordent a nos adh\u00e9rents (code sur demande aux adh\u00e9rents actifs) des conditions particuli\u00e8res pour garder votre belle a l&rsquo;abri des intemp\u00e9ries et de la poussi\u00e8re . N\u2019h\u00e9sitez pas a les contacter !<\/p>\n<\/div>\n\n\n\n<div style=\"height:22px;width:0px\" aria-hidden=\"true\" class=\"wp-block-spacer\"><\/div>\n\n\n\n<div class=\"wp-block-group has-border-color has-contrast-2-border-color is-vertical is-content-justification-center is-layout-flex wp-container-core-group-is-layout-bc18b00a wp-block-group-is-layout-flex\" style=\"border-width:1px\">\n<figure class=\"wp-block-image size-full\"><img loading=\"lazy\" decoding=\"async\" width=\"627\" height=\"369\" src=\"https:\/\/www.kananas.com\/clubpantherfrance\/wp-content\/uploads\/sites\/2301\/2025\/03\/Axa-Audinos-2.png\" alt=\"\" class=\"wp-image-1301\" style=\"object-fit:cover\" srcset=\"https:\/\/www.kananas.com\/clubpantherfrance\/wp-content\/uploads\/sites\/2301\/2025\/03\/Axa-Audinos-2.png 627w, https:\/\/www.kananas.com\/clubpantherfrance\/wp-content\/uploads\/sites\/2301\/2025\/03\/Axa-Audinos-2-300x177.png 300w\" sizes=\"auto, (max-width: 627px) 100vw, 627px\" \/><\/figure>\n\n\n\n<p class=\"wp-block-paragraph\">Le cabinet Axa Audinos propose a nos adh\u00e9rents (facture d\u2019adh\u00e9sion de l&rsquo;ann\u00e9e) des conditions d&rsquo;assurances avantageuses pour leurs v\u00e9hicules de collection ( prendre contact par tel pour avoir un devis )<\/p>\n<\/div>\n\n\n\n<div style=\"height:22px;width:0px\" aria-hidden=\"true\" class=\"wp-block-spacer\"><\/div>\n\n\n\n<div class=\"wp-block-group has-border-color has-contrast-2-border-color is-vertical is-content-justification-center is-layout-flex wp-container-core-group-is-layout-bc18b00a wp-block-group-is-layout-flex\" style=\"border-width:1px\">\n<figure class=\"wp-block-image size-full\"><img loading=\"lazy\" decoding=\"async\" width=\"2598\" height=\"1535\" src=\"https:\/\/www.kananas.com\/clubpantherfrance\/wp-content\/uploads\/sites\/2301\/2025\/04\/BROD-TEXTILE.png\" alt=\"\" class=\"wp-image-1365\" style=\"object-fit:cover\" srcset=\"https:\/\/www.kananas.com\/clubpantherfrance\/wp-content\/uploads\/sites\/2301\/2025\/04\/BROD-TEXTILE.png 2598w, https:\/\/www.kananas.com\/clubpantherfrance\/wp-content\/uploads\/sites\/2301\/2025\/04\/BROD-TEXTILE-300x177.png 300w, https:\/\/www.kananas.com\/clubpantherfrance\/wp-content\/uploads\/sites\/2301\/2025\/04\/BROD-TEXTILE-1024x605.png 1024w, https:\/\/www.kananas.com\/clubpantherfrance\/wp-content\/uploads\/sites\/2301\/2025\/04\/BROD-TEXTILE-768x454.png 768w, https:\/\/www.kananas.com\/clubpantherfrance\/wp-content\/uploads\/sites\/2301\/2025\/04\/BROD-TEXTILE-1536x908.png 1536w, https:\/\/www.kananas.com\/clubpantherfrance\/wp-content\/uploads\/sites\/2301\/2025\/04\/BROD-TEXTILE-2048x1210.png 2048w\" sizes=\"auto, (max-width: 2598px) 100vw, 2598px\" \/><\/figure>\n\n\n\n<p class=\"wp-block-paragraph\">Brod textile nous fabrique les broderies et les marquages des v\u00eatements qui repr\u00e9sentent notre club et notre marque pr\u00e9f\u00e9r\u00e9e ! Merci de leur souplesse et r\u00e9activit\u00e9 pour r\u00e9pondre \u00e0 nos attentes !<\/p>\n<\/div>\n\n\n\n<div style=\"height:22px;width:0px\" aria-hidden=\"true\" class=\"wp-block-spacer\"><\/div>\n\n\n\n<div class=\"wp-block-group has-border-color has-contrast-2-border-color is-vertical is-content-justification-center is-layout-flex wp-container-core-group-is-layout-bc18b00a wp-block-group-is-layout-flex\" style=\"border-width:1px\">\n<figure class=\"wp-block-image size-full\"><img loading=\"lazy\" decoding=\"async\" width=\"1280\" height=\"430\" src=\"https:\/\/www.kananas.com\/clubpantherfrance\/wp-content\/uploads\/sites\/2301\/2025\/05\/RCS.jpg\" alt=\"\" class=\"wp-image-1426\" style=\"object-fit:cover\" srcset=\"https:\/\/www.kananas.com\/clubpantherfrance\/wp-content\/uploads\/sites\/2301\/2025\/05\/RCS.jpg 1280w, https:\/\/www.kananas.com\/clubpantherfrance\/wp-content\/uploads\/sites\/2301\/2025\/05\/RCS-300x101.jpg 300w, https:\/\/www.kananas.com\/clubpantherfrance\/wp-content\/uploads\/sites\/2301\/2025\/05\/RCS-1024x344.jpg 1024w, https:\/\/www.kananas.com\/clubpantherfrance\/wp-content\/uploads\/sites\/2301\/2025\/05\/RCS-768x258.jpg 768w\" sizes=\"auto, (max-width: 1280px) 100vw, 1280px\" \/><\/figure>\n\n\n\n<p class=\"wp-block-paragraph\">RCS Technidis propose a nos adh\u00e8rents (facture d\u2019adh\u00e9sion de l&rsquo;ann\u00e9e) des conditions avantageuses pour l&rsquo;acquisition de remorque. Un grand choix de plateaux porte voitures (dont certains tr\u00e8s bien adapt\u00e9s  a nos voitures) <br>Livraison possible vall\u00e9e du Rh\u00f4ne ou \u00e0 r\u00e9cup\u00e9rer en Savoie . Nous contacter pour plus d&rsquo;informations <\/p>\n<\/div>\n\n\n\n<p class=\"wp-block-paragraph\"><\/p>\n","protected":false},"excerpt":{"rendered":"<p>Le club Panther France a la chance d&rsquo;avoir des Sponsors et Partenaires qui nous aident dans nos projets ! C&rsquo;est l&rsquo;occasion des les remercier ici !! Le Credit Mutuel nous accompagne dans gestion de nos op\u00e9rations , suivi de nos comptes et encaissements ! La compagnie de la Housse accordent a nos adh\u00e9rents (code sur [&hellip;]<\/p>\n","protected":false},"author":2443,"featured_media":584,"parent":0,"menu_order":0,"comment_status":"closed","ping_status":"closed","template":"","meta":{"_crdt_document":"","footnotes":""},"class_list":["post-1124","page","type-page","status-publish","has-post-thumbnail","hentry"],"_links":{"self":[{"href":"https:\/\/www.kananas.com\/clubpantherfrance\/wp-json\/wp\/v2\/pages\/1124","targetHints":{"allow":["GET"]}}],"collection":[{"href":"https:\/\/www.kananas.com\/clubpantherfrance\/wp-json\/wp\/v2\/pages"}],"about":[{"href":"https:\/\/www.kananas.com\/clubpantherfrance\/wp-json\/wp\/v2\/types\/page"}],"author":[{"embeddable":true,"href":"https:\/\/www.kananas.com\/clubpantherfrance\/wp-json\/wp\/v2\/users\/2443"}],"replies":[{"embeddable":true,"href":"https:\/\/www.kananas.com\/clubpantherfrance\/wp-json\/wp\/v2\/comments?post=1124"}],"version-history":[{"count":17,"href":"https:\/\/www.kananas.com\/clubpantherfrance\/wp-json\/wp\/v2\/pages\/1124\/revisions"}],"predecessor-version":[{"id":1428,"href":"https:\/\/www.kananas.com\/clubpantherfrance\/wp-json\/wp\/v2\/pages\/1124\/revisions\/1428"}],"wp:featuredmedia":[{"embeddable":true,"href":"https:\/\/www.kananas.com\/clubpantherfrance\/wp-json\/wp\/v2\/media\/584"}],"wp:attachment":[{"href":"https:\/\/www.kananas.com\/clubpantherfrance\/wp-json\/wp\/v2\/media?parent=1124"}],"curies":[{"name":"wp","href":"https:\/\/api.w.org\/{rel}","templated":true}]}}