{"id":3,"date":"2024-08-07T12:13:44","date_gmt":"2024-08-07T10:13:44","guid":{"rendered":"https:\/\/www.kananas.com\/pierreauto9578\/adhesion\/"},"modified":"2025-11-05T16:37:49","modified_gmt":"2025-11-05T15:37:49","slug":"adhesion","status":"publish","type":"page","link":"https:\/\/www.kananas.com\/clubpantherfrance\/adhesion\/","title":{"rendered":"Demande Adh\u00e9sion"},"content":{"rendered":"\n<p class=\"has-black-color has-text-color has-background has-link-color has-small-font-size wp-elements-29a58fff6a46ec88839c3a906c9e67f7 wp-block-paragraph\" style=\"background:linear-gradient(180deg,rgb(227,195,215) 0%,rgb(235,149,240) 100%)\"><strong>Bonjour !!<\/strong><br><strong>Vous poss\u00e9dez une Panther ( ou vous souhaitez en acqu\u00e9rir une ) et vous voudriez adh\u00e9rer au Club ?<\/strong><br><strong>Rien de plus simple : cliquez sur le bouton ci-dessous , remplissez les quelques informations demand\u00e9es et nous prendrons contact avec vous !!<\/strong><br>La cotisation annuelle est de 35\u20ac et nous avons un tarif couple \u00e0 50\u20ac ( faire 2 demandes en pr\u00e9cisant le nom du conjoint dans les commentaires) <br><strong>A tr\u00e8s bient\u00f4t j&rsquo;esp\u00e8re !<\/strong><br><strong>Pantheristement ! Pierre ( Webmaster)<\/strong><br>Si vous souhaitez nous contacter pour d&rsquo;autres information utilisez le <a href=\"https:\/\/www.kananas.com\/clubpantherfrance\/contact\/\">formulaire de contact <\/a>ou directement a : <strong><em>club.panther.france@gmail.fr<\/em><\/strong><\/p>\n\n\n\n<!-- iframe plugin v.6.0 wordpress.org\/plugins\/iframe\/ -->\n<iframe loading=\"lazy\" src=\"https:\/\/backoffice.kananas.com\/action_manager.php?event=hire&#038;id=9578\" frameborder=\"0\" width=\"100%\" height=\"840\" scrolling=\"no\" class=\"iframe-class\"><\/iframe>\n","protected":false},"excerpt":{"rendered":"<p>Bonjour !!Vous poss\u00e9dez une Panther ( ou vous souhaitez en acqu\u00e9rir une ) et vous voudriez adh\u00e9rer au Club ?Rien de plus simple : cliquez sur le bouton ci-dessous , remplissez les quelques informations demand\u00e9es et nous prendrons contact avec vous !!La cotisation annuelle est de 35\u20ac et nous avons un tarif couple \u00e0 50\u20ac [&hellip;]<\/p>\n","protected":false},"author":2399,"featured_media":0,"parent":0,"menu_order":0,"comment_status":"closed","ping_status":"closed","template":"","meta":{"_crdt_document":"","footnotes":""},"class_list":["post-3","page","type-page","status-publish","hentry"],"_links":{"self":[{"href":"https:\/\/www.kananas.com\/clubpantherfrance\/wp-json\/wp\/v2\/pages\/3","targetHints":{"allow":["GET"]}}],"collection":[{"href":"https:\/\/www.kananas.com\/clubpantherfrance\/wp-json\/wp\/v2\/pages"}],"about":[{"href":"https:\/\/www.kananas.com\/clubpantherfrance\/wp-json\/wp\/v2\/types\/page"}],"author":[{"embeddable":true,"href":"https:\/\/www.kananas.com\/clubpantherfrance\/wp-json\/wp\/v2\/users\/2399"}],"replies":[{"embeddable":true,"href":"https:\/\/www.kananas.com\/clubpantherfrance\/wp-json\/wp\/v2\/comments?post=3"}],"version-history":[{"count":10,"href":"https:\/\/www.kananas.com\/clubpantherfrance\/wp-json\/wp\/v2\/pages\/3\/revisions"}],"predecessor-version":[{"id":1828,"href":"https:\/\/www.kananas.com\/clubpantherfrance\/wp-json\/wp\/v2\/pages\/3\/revisions\/1828"}],"wp:attachment":[{"href":"https:\/\/www.kananas.com\/clubpantherfrance\/wp-json\/wp\/v2\/media?parent=3"}],"curies":[{"name":"wp","href":"https:\/\/api.w.org\/{rel}","templated":true}]}}