{"id":340,"date":"2024-10-23T13:07:29","date_gmt":"2024-10-23T11:07:29","guid":{"rendered":"https:\/\/www.kananas.com\/clubpantherfrance\/?page_id=340"},"modified":"2025-06-25T20:38:17","modified_gmt":"2025-06-25T18:38:17","slug":"la-marque","status":"publish","type":"page","link":"https:\/\/www.kananas.com\/clubpantherfrance\/la-marque\/","title":{"rendered":"La Marque"},"content":{"rendered":"\n<p class=\"has-text-align-center wp-block-paragraph\">Histoire de la Panther Westwinds company<\/p>\n\n\n\n<p class=\"wp-block-paragraph\">Vous vous \u00eates surement demand\u00e9 en voyant votre 1ere Panther , quelle est donc cette dr\u00f4le de voiture ? \u00c7a a l&rsquo;air ancien &#8230; mais pas tant que \u00e7a .. ??Ahh c&rsquo;est une Anglaise !!  <\/p>\n\n\n\n<p class=\"wp-block-paragraph\">La Panther Westwinds, cr\u00e9\u00e9e par Robert Jankel en 1970, \u00e9tait sp\u00e9cialis\u00e9e dans la personnalisation de v\u00e9hicules tr\u00e8s haut de gamme. Elle s\u2019est lanc\u00e9e en 1972 dans la fabrication de petites s\u00e9ries. Totalement dans l\u2019esprit Anglais de l\u2019\u00e9poque : construire \u00e0 la main des autos de caract\u00e8re, au look unique, par et pour des passionn\u00e9s !<br>Les banques d\u2019organes Jaguar, Vauxhall ou de la BMC serviront largement de base pour les pi\u00e8ces et Panther fabriquera ce qui permettra de les assembler.<br>Apr\u00e8s quelques succ\u00e8s avec la J72 et la Deville, Panther se lance dans les petites s\u00e9ries avec les Lima 1 et 2. Pour aller plus loin dans les ann\u00e9es 80, R.Jankel va s\u2019associer avec un Cor\u00e9en &#8211; Young Kim &#8211; , et sa capacit\u00e9 \u00e0 travailler l\u2019aluminium : la Kallista (la + belle en grec) est n\u00e9e, et 1750 exemplaires vont \u00eatre construits et distribu\u00e9s dans le<br>monde entier.<br>Pendant pr\u00e8s de 20 ans Panther va innover en faisant \u00e9voluer les mod\u00e8les, cr\u00e9ant de nouveaux prototypes, des tr\u00e8s petites s\u00e9ries et \u00e9tudes de style.<br>En 1987 SsangYong reprend 80% des actions de Panther pour amener de nouveaux capitaux. Mais 1990 les ventes continuent de baisser et les difficult\u00e9s financi\u00e8res ont raison de Panther : ses partenaires cor\u00e9ens arr\u00eatent l\u2019activit\u00e9 en Angleterre et la rapatrie en Cor\u00e9e. C\u2019est la fin de la marque Panther en tant que constructeur automobile.<br>L\u2019histoire s\u2019arr\u00eatera d\u00e9finitivement en 1997 avec le rachat de SsangYong par Daewoo. <\/p>\n\n\n\n<p class=\"wp-block-paragraph\">Robert Jankel, le cr\u00e9ateur de la marque Panther, rach\u00e8tera sa marque en 1999 pour tenter une ultime relance avec un prototype qui ne verra jamais le jour (J99).<br>Les mod\u00e8les Panther : <br>* La J72, librement inspir\u00e9e de la Jaguar SS100, motoris\u00e9e par Jaguar, moteur XK 3.8l, 4,2l et V12 5.2l, 368 exemplaires produits de 1972 \u00e0 1981.<br>* La De Ville, librement inspir\u00e9e de la Bugatti Royale, luxe inou\u00ef, 57 exemplaires (dont 11 cabriolets), 2 fois plus ch\u00e8re qu\u2019une Rolls Royce \u00e0 l\u2019\u00e9poque. Moteur V12 XK Jaguar. Chaque mod\u00e8le a \u00e9t\u00e9 personnalis\u00e9 par son propri\u00e9taire (acteurs, chanteurs, \u2026), et la plus c\u00e9l\u00e8bre a \u00e9t\u00e9 re-carross\u00e9e en coup\u00e9 2 portes pour \u00eatre la voiture de Cruella dans le<br>film les 101 Dalmatiens<br>* La Lima 1, mini Deville, cabriolet 2 places, dans le plus pur style des roadsters Anglais, carrosserie en fibre de verre, moteur Vauxhall 2.3l, produite \u00e0 600 ex : une production artisanale \u00e0 l\u2019unit\u00e9 !<br>* Puis la Lima 2, qui reprend les bases de la Lima 1, un peu plus longue et plus industrialis\u00e9e : produite \u00e0 300 ex, et des performances qui d\u00e9coiffent !<br>Enfin la Kallista, la plus grande s\u00e9rie jamais produite chez Panther : une refonte de la Lima, plus longue, ch\u00e2ssis sp\u00e9cifique Panther, carrosserie aluminium, capote articul\u00e9e, moteur Ford 1.6 ou V6 2.8, 1750 unit\u00e9s produites, avec un gros catalogue d\u2019options et personnalisations. Une sportive luxueuse et confortable !<br>* Et quelques tr\u00e8s petites s\u00e9ries qui n\u2019ont pas eu le succ\u00e8s escompt\u00e9 malgr\u00e9 de tr\u00e8s belles r\u00e9alisations techniques : La Rio, la Solo, ou la Panther 6<\/p>\n\n\n\n<figure class=\"wp-block-gallery has-nested-images columns-default is-cropped wp-block-gallery-1 is-layout-flex wp-block-gallery-is-layout-flex\">\n<figure class=\"wp-block-image size-large\"><img loading=\"lazy\" decoding=\"async\" width=\"490\" height=\"314\" data-id=\"406\" src=\"https:\/\/www.kananas.com\/clubpantherfrance\/wp-content\/uploads\/sites\/2301\/2024\/10\/Solo.jpg\" alt=\"\" class=\"wp-image-406\" srcset=\"https:\/\/www.kananas.com\/clubpantherfrance\/wp-content\/uploads\/sites\/2301\/2024\/10\/Solo.jpg 490w, https:\/\/www.kananas.com\/clubpantherfrance\/wp-content\/uploads\/sites\/2301\/2024\/10\/Solo-300x192.jpg 300w\" sizes=\"auto, (max-width: 490px) 100vw, 490px\" \/><\/figure>\n\n\n\n<figure class=\"wp-block-image size-large\"><img loading=\"lazy\" decoding=\"async\" width=\"490\" height=\"319\" data-id=\"405\" src=\"https:\/\/www.kananas.com\/clubpantherfrance\/wp-content\/uploads\/sites\/2301\/2024\/10\/P6-.jpg\" alt=\"\" class=\"wp-image-405\" srcset=\"https:\/\/www.kananas.com\/clubpantherfrance\/wp-content\/uploads\/sites\/2301\/2024\/10\/P6-.jpg 490w, https:\/\/www.kananas.com\/clubpantherfrance\/wp-content\/uploads\/sites\/2301\/2024\/10\/P6--300x195.jpg 300w\" sizes=\"auto, (max-width: 490px) 100vw, 490px\" \/><\/figure>\n\n\n\n<figure class=\"wp-block-image size-large\"><img loading=\"lazy\" decoding=\"async\" width=\"490\" height=\"263\" data-id=\"403\" src=\"https:\/\/www.kananas.com\/clubpantherfrance\/wp-content\/uploads\/sites\/2301\/2024\/10\/Lima-5.jpg\" alt=\"\" class=\"wp-image-403\" srcset=\"https:\/\/www.kananas.com\/clubpantherfrance\/wp-content\/uploads\/sites\/2301\/2024\/10\/Lima-5.jpg 490w, https:\/\/www.kananas.com\/clubpantherfrance\/wp-content\/uploads\/sites\/2301\/2024\/10\/Lima-5-300x161.jpg 300w\" sizes=\"auto, (max-width: 490px) 100vw, 490px\" \/><\/figure>\n\n\n\n<figure class=\"wp-block-image size-large\"><img loading=\"lazy\" decoding=\"async\" width=\"364\" height=\"420\" data-id=\"398\" src=\"https:\/\/www.kananas.com\/clubpantherfrance\/wp-content\/uploads\/sites\/2301\/2024\/10\/Kalli-2.jpg\" alt=\"\" class=\"wp-image-398\" srcset=\"https:\/\/www.kananas.com\/clubpantherfrance\/wp-content\/uploads\/sites\/2301\/2024\/10\/Kalli-2.jpg 364w, https:\/\/www.kananas.com\/clubpantherfrance\/wp-content\/uploads\/sites\/2301\/2024\/10\/Kalli-2-260x300.jpg 260w\" sizes=\"auto, (max-width: 364px) 100vw, 364px\" \/><\/figure>\n\n\n\n<figure class=\"wp-block-image size-large\"><img decoding=\"async\" data-id=\"394\" src=\"https:\/\/www.kananas.com\/clubpantherfrance\/wp-content\/uploads\/sites\/2301\/2024\/10\/J72-1.jpg\" alt=\"\" class=\"wp-image-394\" \/><\/figure>\n\n\n\n<figure class=\"wp-block-image size-large\"><img loading=\"lazy\" decoding=\"async\" width=\"490\" height=\"303\" data-id=\"393\" src=\"https:\/\/www.kananas.com\/clubpantherfrance\/wp-content\/uploads\/sites\/2301\/2024\/10\/FF-2.jpg\" alt=\"\" class=\"wp-image-393\" srcset=\"https:\/\/www.kananas.com\/clubpantherfrance\/wp-content\/uploads\/sites\/2301\/2024\/10\/FF-2.jpg 490w, https:\/\/www.kananas.com\/clubpantherfrance\/wp-content\/uploads\/sites\/2301\/2024\/10\/FF-2-300x186.jpg 300w\" sizes=\"auto, (max-width: 490px) 100vw, 490px\" \/><\/figure>\n\n\n\n<figure class=\"wp-block-image size-large\"><img loading=\"lazy\" decoding=\"async\" width=\"250\" height=\"140\" data-id=\"392\" src=\"https:\/\/www.kananas.com\/clubpantherfrance\/wp-content\/uploads\/sites\/2301\/2024\/10\/FF-1.jpg\" alt=\"\" class=\"wp-image-392\" \/><\/figure>\n\n\n\n<figure class=\"wp-block-image size-large\"><img loading=\"lazy\" decoding=\"async\" width=\"322\" height=\"221\" data-id=\"391\" src=\"https:\/\/www.kananas.com\/clubpantherfrance\/wp-content\/uploads\/sites\/2301\/2024\/10\/Deville.jpg\" alt=\"\" class=\"wp-image-391\" srcset=\"https:\/\/www.kananas.com\/clubpantherfrance\/wp-content\/uploads\/sites\/2301\/2024\/10\/Deville.jpg 322w, https:\/\/www.kananas.com\/clubpantherfrance\/wp-content\/uploads\/sites\/2301\/2024\/10\/Deville-300x206.jpg 300w\" sizes=\"auto, (max-width: 322px) 100vw, 322px\" \/><\/figure>\n<\/figure>\n","protected":false},"excerpt":{"rendered":"<p>Histoire de la Panther Westwinds company Vous vous \u00eates surement demand\u00e9 en voyant votre 1ere Panther , quelle est donc cette dr\u00f4le de voiture ? \u00c7a a l&rsquo;air ancien &#8230; mais pas tant que \u00e7a .. ??Ahh c&rsquo;est une Anglaise !! La Panther Westwinds, cr\u00e9\u00e9e par Robert Jankel en 1970, \u00e9tait sp\u00e9cialis\u00e9e dans la personnalisation [&hellip;]<\/p>\n","protected":false},"author":2399,"featured_media":388,"parent":0,"menu_order":0,"comment_status":"closed","ping_status":"closed","template":"","meta":{"_crdt_document":"","footnotes":""},"class_list":["post-340","page","type-page","status-publish","has-post-thumbnail","hentry"],"_links":{"self":[{"href":"https:\/\/www.kananas.com\/clubpantherfrance\/wp-json\/wp\/v2\/pages\/340","targetHints":{"allow":["GET"]}}],"collection":[{"href":"https:\/\/www.kananas.com\/clubpantherfrance\/wp-json\/wp\/v2\/pages"}],"about":[{"href":"https:\/\/www.kananas.com\/clubpantherfrance\/wp-json\/wp\/v2\/types\/page"}],"author":[{"embeddable":true,"href":"https:\/\/www.kananas.com\/clubpantherfrance\/wp-json\/wp\/v2\/users\/2399"}],"replies":[{"embeddable":true,"href":"https:\/\/www.kananas.com\/clubpantherfrance\/wp-json\/wp\/v2\/comments?post=340"}],"version-history":[{"count":14,"href":"https:\/\/www.kananas.com\/clubpantherfrance\/wp-json\/wp\/v2\/pages\/340\/revisions"}],"predecessor-version":[{"id":544,"href":"https:\/\/www.kananas.com\/clubpantherfrance\/wp-json\/wp\/v2\/pages\/340\/revisions\/544"}],"wp:featuredmedia":[{"embeddable":true,"href":"https:\/\/www.kananas.com\/clubpantherfrance\/wp-json\/wp\/v2\/media\/388"}],"wp:attachment":[{"href":"https:\/\/www.kananas.com\/clubpantherfrance\/wp-json\/wp\/v2\/media?parent=340"}],"curies":[{"name":"wp","href":"https:\/\/api.w.org\/{rel}","templated":true}]}}