{"id":475,"date":"2024-10-29T22:26:55","date_gmt":"2024-10-29T21:26:55","guid":{"rendered":"https:\/\/www.kananas.com\/clubpantherfrance\/?page_id=475"},"modified":"2025-06-25T20:36:26","modified_gmt":"2025-06-25T18:36:26","slug":"lima-ii","status":"publish","type":"page","link":"https:\/\/www.kananas.com\/clubpantherfrance\/lima-ii\/","title":{"rendered":"Lima II"},"content":{"rendered":"\n<div class=\"wp-block-columns alignfull is-layout-flex wp-container-core-columns-is-layout-3a88641f wp-block-columns-is-layout-flex\">\n<div class=\"wp-block-column is-layout-flow wp-block-column-is-layout-flow\" style=\"flex-basis:33.33%\">\n<div style=\"height:100px\" aria-hidden=\"true\" class=\"wp-block-spacer\"><\/div>\n\n\n\n<figure class=\"wp-block-image size-full is-resized\"><img loading=\"lazy\" decoding=\"async\" width=\"490\" height=\"330\" src=\"http:\/\/www.kananas.com\/clubpantherfrance\/wp-content\/uploads\/sites\/2301\/2024\/10\/Lima-3.jpg\" alt=\"\" class=\"wp-image-401\" style=\"width:394px;height:auto\" srcset=\"https:\/\/www.kananas.com\/clubpantherfrance\/wp-content\/uploads\/sites\/2301\/2024\/10\/Lima-3.jpg 490w, https:\/\/www.kananas.com\/clubpantherfrance\/wp-content\/uploads\/sites\/2301\/2024\/10\/Lima-3-300x202.jpg 300w\" sizes=\"auto, (max-width: 490px) 100vw, 490px\" \/><\/figure>\n\n\n\n<figure class=\"wp-block-image size-full is-resized\"><img loading=\"lazy\" decoding=\"async\" width=\"474\" height=\"316\" src=\"http:\/\/www.kananas.com\/clubpantherfrance\/wp-content\/uploads\/sites\/2301\/2024\/10\/Lima2-4.jpg\" alt=\"\" class=\"wp-image-502\" style=\"width:393px;height:auto\" srcset=\"https:\/\/www.kananas.com\/clubpantherfrance\/wp-content\/uploads\/sites\/2301\/2024\/10\/Lima2-4.jpg 474w, https:\/\/www.kananas.com\/clubpantherfrance\/wp-content\/uploads\/sites\/2301\/2024\/10\/Lima2-4-300x200.jpg 300w\" sizes=\"auto, (max-width: 474px) 100vw, 474px\" \/><\/figure>\n\n\n\n<figure class=\"wp-block-image size-full is-resized\"><img loading=\"lazy\" decoding=\"async\" width=\"474\" height=\"315\" src=\"http:\/\/www.kananas.com\/clubpantherfrance\/wp-content\/uploads\/sites\/2301\/2024\/10\/Lima2-6.jpg\" alt=\"\" class=\"wp-image-506\" style=\"width:403px;height:auto\" srcset=\"https:\/\/www.kananas.com\/clubpantherfrance\/wp-content\/uploads\/sites\/2301\/2024\/10\/Lima2-6.jpg 474w, https:\/\/www.kananas.com\/clubpantherfrance\/wp-content\/uploads\/sites\/2301\/2024\/10\/Lima2-6-300x199.jpg 300w\" sizes=\"auto, (max-width: 474px) 100vw, 474px\" \/><\/figure>\n<\/div>\n\n\n\n<div class=\"wp-block-column is-layout-flow wp-block-column-is-layout-flow\" style=\"flex-basis:66.66%\">\n<p class=\"wp-block-paragraph\">Je suis une <strong>Panther Lima MK2<\/strong> , produite par la Panther Westwinds company , fond\u00e9e par Robert Jankel en<br>Angleterre en 1972.<br>Notre p\u00e8re R.Jankel voulait garder ce style classique qui fait notre charme, mais en y associant les performances et le luxe des grandes automobiles britanniques !<br>Mon ch\u00e2ssis est d\u2019origine VAUXHALL, mon moteur est un MAGNUM 2.3L qui d\u00e9veloppe 100 CH, avec une bo\u00eete m\u00e9canique 4 vitesses + overdrive, pour un poids de seulement 885 kgs. J\u2019ai une carrosserie en fibre de verre et avec mes s\u0153urs nous sommes presque toutes diff\u00e9rentes : couleurs bi-tons, roues, cuirs, personnalisation \u2026 et nous sommes environ 300 n\u00e9es entre 1979 et 1982.<br>Mes grandes s\u0153urs Lima MK1 \u00e0 partir de 1979 ont ouvert la voie d\u2019une production artisanale des petites sportives (600 ex) , sur une base d\u2019un ch\u00e2ssis un peu plus court, avec la m\u00eame motorisation , mais j\u2019ai un int\u00e9rieur totalement nouveau !<br>Mon look me rend tr\u00e8s d\u00e9sirable mais j\u2019avoue quelques petits d\u00e9fauts : N\u2019esp\u00e9rez pas me conduire si vous mesurez plus de 1.80 m (ou moins de 1.50m), et il ne faut pas que le temps soit trop variable, la mise en place de la capote n\u00e9cessitant de la pratique !<br>Mon rapport poids\/puissance est tr\u00e8s avantageux, une vraie performance pour l\u2019\u00e9poque et de quoi chatouiller les Lotus 7 et Morgan, grandes rivales de toujours,<br>Nous avons eu aussi quelques sportives dans la famille, une version Turbo de 200 Ch, sur piste ou en rallye, mais leur carri\u00e8re fut limit\u00e9e , et les podiums furent surtout ceux des concours d\u2019\u00e9l\u00e9gance apr\u00e8s 1980 !<br>J\u2019ai aussi des cousines qui me ressemblent beaucoup : la Kallista, mais ne vous m\u00e9prenez pas nous sommes tr\u00e8s diff\u00e9rentes !<\/p>\n<\/div>\n<\/div>\n","protected":false},"excerpt":{"rendered":"<p>Je suis une Panther Lima MK2 , produite par la Panther Westwinds company , fond\u00e9e par Robert Jankel enAngleterre en 1972.Notre p\u00e8re R.Jankel voulait garder ce style classique qui fait notre charme, mais en y associant les performances et le luxe des grandes automobiles britanniques !Mon ch\u00e2ssis est d\u2019origine VAUXHALL, mon moteur est un MAGNUM [&hellip;]<\/p>\n","protected":false},"author":2399,"featured_media":399,"parent":0,"menu_order":0,"comment_status":"closed","ping_status":"closed","template":"page-with-sidebar","meta":{"_crdt_document":"","footnotes":""},"class_list":["post-475","page","type-page","status-publish","has-post-thumbnail","hentry"],"_links":{"self":[{"href":"https:\/\/www.kananas.com\/clubpantherfrance\/wp-json\/wp\/v2\/pages\/475","targetHints":{"allow":["GET"]}}],"collection":[{"href":"https:\/\/www.kananas.com\/clubpantherfrance\/wp-json\/wp\/v2\/pages"}],"about":[{"href":"https:\/\/www.kananas.com\/clubpantherfrance\/wp-json\/wp\/v2\/types\/page"}],"author":[{"embeddable":true,"href":"https:\/\/www.kananas.com\/clubpantherfrance\/wp-json\/wp\/v2\/users\/2399"}],"replies":[{"embeddable":true,"href":"https:\/\/www.kananas.com\/clubpantherfrance\/wp-json\/wp\/v2\/comments?post=475"}],"version-history":[{"count":4,"href":"https:\/\/www.kananas.com\/clubpantherfrance\/wp-json\/wp\/v2\/pages\/475\/revisions"}],"predecessor-version":[{"id":510,"href":"https:\/\/www.kananas.com\/clubpantherfrance\/wp-json\/wp\/v2\/pages\/475\/revisions\/510"}],"wp:featuredmedia":[{"embeddable":true,"href":"https:\/\/www.kananas.com\/clubpantherfrance\/wp-json\/wp\/v2\/media\/399"}],"wp:attachment":[{"href":"https:\/\/www.kananas.com\/clubpantherfrance\/wp-json\/wp\/v2\/media?parent=475"}],"curies":[{"name":"wp","href":"https:\/\/api.w.org\/{rel}","templated":true}]}}