{"id":571,"date":"2024-11-01T13:43:40","date_gmt":"2024-11-01T12:43:40","guid":{"rendered":"https:\/\/www.kananas.com\/clubpantherfrance\/?page_id=571"},"modified":"2024-11-13T08:26:29","modified_gmt":"2024-11-13T07:26:29","slug":"la-boutique","status":"publish","type":"page","link":"https:\/\/www.kananas.com\/clubpantherfrance\/la-boutique\/","title":{"rendered":"La boutique"},"content":{"rendered":"\n<p class=\"wp-block-paragraph\">Le club Panther France a bien sur une boutique , mais r\u00e9serv\u00e9e a ses Adh\u00e9rents &#8230;<\/p>\n\n\n\n<p class=\"wp-block-paragraph\">On y trouve : <br>* des articles textile ( t-shirt , casquette , sweat-shirt ) , avec les logo du Club et Panther <br>* Des accessoires adapt\u00e9s aux voiture : Housses , Couvre-Tonneau ( Top Hat ) , badges de roues , Tapis &#8230; avec des fournisseurs s\u00e9lectionn\u00e9s <br>* Des pi\u00e8ces sp\u00e9cifiques : C\u00e2bles embrayage , pare-chocs , Freins , .. <br>* Des adresses et des r\u00e9f\u00e9rences pour remplacer des pi\u00e8ces <br><br>Et plein d&rsquo;autre projets \u00e0 venir !! <br><br>Si vous \u00eates adh\u00e9rent , connectez vous \u00e0 votre <a href=\"https:\/\/www.kananas.com\/clubpantherfrance\/mon-compte\/\" data-type=\"page\" data-id=\"358\">espace adh\u00e9rent<\/a> et allez visiter la boutique<\/p>\n\n\n\n<figure class=\"wp-block-gallery has-nested-images columns-default is-cropped wp-block-gallery-1 is-layout-flex wp-block-gallery-is-layout-flex\"><\/figure>\n","protected":false},"excerpt":{"rendered":"<p>Le club Panther France a bien sur une boutique , mais r\u00e9serv\u00e9e a ses Adh\u00e9rents &#8230; On y trouve : * des articles textile ( t-shirt , casquette , sweat-shirt ) , avec les logo du Club et Panther * Des accessoires adapt\u00e9s aux voiture : Housses , Couvre-Tonneau ( Top Hat ) , badges [&hellip;]<\/p>\n","protected":false},"author":2399,"featured_media":584,"parent":0,"menu_order":0,"comment_status":"closed","ping_status":"closed","template":"","meta":{"_crdt_document":"","footnotes":""},"class_list":["post-571","page","type-page","status-publish","has-post-thumbnail","hentry"],"_links":{"self":[{"href":"https:\/\/www.kananas.com\/clubpantherfrance\/wp-json\/wp\/v2\/pages\/571","targetHints":{"allow":["GET"]}}],"collection":[{"href":"https:\/\/www.kananas.com\/clubpantherfrance\/wp-json\/wp\/v2\/pages"}],"about":[{"href":"https:\/\/www.kananas.com\/clubpantherfrance\/wp-json\/wp\/v2\/types\/page"}],"author":[{"embeddable":true,"href":"https:\/\/www.kananas.com\/clubpantherfrance\/wp-json\/wp\/v2\/users\/2399"}],"replies":[{"embeddable":true,"href":"https:\/\/www.kananas.com\/clubpantherfrance\/wp-json\/wp\/v2\/comments?post=571"}],"version-history":[{"count":7,"href":"https:\/\/www.kananas.com\/clubpantherfrance\/wp-json\/wp\/v2\/pages\/571\/revisions"}],"predecessor-version":[{"id":975,"href":"https:\/\/www.kananas.com\/clubpantherfrance\/wp-json\/wp\/v2\/pages\/571\/revisions\/975"}],"wp:featuredmedia":[{"embeddable":true,"href":"https:\/\/www.kananas.com\/clubpantherfrance\/wp-json\/wp\/v2\/media\/584"}],"wp:attachment":[{"href":"https:\/\/www.kananas.com\/clubpantherfrance\/wp-json\/wp\/v2\/media?parent=571"}],"curies":[{"name":"wp","href":"https:\/\/api.w.org\/{rel}","templated":true}]}}