{"id":2700,"date":"2015-06-23T11:15:34","date_gmt":"2015-06-23T09:15:34","guid":{"rendered":"http:\/\/www.gestasso.com\/association\/comitedejumelagedesaintpierredalbigny\/?page_id=2700"},"modified":"2025-09-20T09:56:29","modified_gmt":"2025-09-20T07:56:29","slug":"la-lettre","status":"publish","type":"page","link":"https:\/\/www.kananas.com\/comitedejumelagedesaintpierredalbigny\/la-lettre\/","title":{"rendered":"La Lettre du Comit\u00e9 de Jumelage."},"content":{"rendered":"<p><img loading=\"lazy\" decoding=\"async\" class=\"size-medium wp-image-4182 alignleft\" src=\"https:\/\/www.kananas.com\/comitedejumelagedesaintpierredalbigny\/wp-content\/uploads\/sites\/1208\/2025\/09\/Newsletter-comite-de-jumelage-decembre-2023-3-212x300.jpg\" alt=\"\" width=\"212\" height=\"300\" srcset=\"https:\/\/www.kananas.com\/comitedejumelagedesaintpierredalbigny\/wp-content\/uploads\/sites\/1208\/2025\/09\/Newsletter-comite-de-jumelage-decembre-2023-3-212x300.jpg 212w, https:\/\/www.kananas.com\/comitedejumelagedesaintpierredalbigny\/wp-content\/uploads\/sites\/1208\/2025\/09\/Newsletter-comite-de-jumelage-decembre-2023-3-50x71.jpg 50w, https:\/\/www.kananas.com\/comitedejumelagedesaintpierredalbigny\/wp-content\/uploads\/sites\/1208\/2025\/09\/Newsletter-comite-de-jumelage-decembre-2023-3.jpg 594w\" sizes=\"auto, (max-width: 212px) 100vw, 212px\" \/><\/p>\n<div id=\"attachment_3699\" style=\"width: 212px\" class=\"wp-caption alignnone\"><img loading=\"lazy\" decoding=\"async\" aria-describedby=\"caption-attachment-3699\" class=\"size-medium wp-image-3699\" src=\"http:\/\/www.kananas.com\/comitedejumelagedesaintpierredalbigny\/wp-content\/uploads\/sites\/1208\/2021\/11\/202111-La-lettre-De\u0301cembre-212x300.jpg\" alt=\"\" width=\"212\" height=\"300\" srcset=\"https:\/\/www.kananas.com\/comitedejumelagedesaintpierredalbigny\/wp-content\/uploads\/sites\/1208\/2021\/11\/202111-La-lettre-De\u0301cembre-212x300.jpg 212w, https:\/\/www.kananas.com\/comitedejumelagedesaintpierredalbigny\/wp-content\/uploads\/sites\/1208\/2021\/11\/202111-La-lettre-De\u0301cembre-723x1024.jpg 723w, https:\/\/www.kananas.com\/comitedejumelagedesaintpierredalbigny\/wp-content\/uploads\/sites\/1208\/2021\/11\/202111-La-lettre-De\u0301cembre-768x1087.jpg 768w, https:\/\/www.kananas.com\/comitedejumelagedesaintpierredalbigny\/wp-content\/uploads\/sites\/1208\/2021\/11\/202111-La-lettre-De\u0301cembre-1085x1536.jpg 1085w, https:\/\/www.kananas.com\/comitedejumelagedesaintpierredalbigny\/wp-content\/uploads\/sites\/1208\/2021\/11\/202111-La-lettre-De\u0301cembre-750x1062.jpg 750w, https:\/\/www.kananas.com\/comitedejumelagedesaintpierredalbigny\/wp-content\/uploads\/sites\/1208\/2021\/11\/202111-La-lettre-De\u0301cembre.jpg 1239w\" sizes=\"auto, (max-width: 212px) 100vw, 212px\" \/><p id=\"caption-attachment-3699\" class=\"wp-caption-text\">Novembre 2021<\/p><\/div>\n<p>&nbsp;<\/p>\n<div id=\"attachment_3700\" style=\"width: 212px\" class=\"wp-caption alignnone\"><img loading=\"lazy\" decoding=\"async\" aria-describedby=\"caption-attachment-3700\" class=\"size-medium wp-image-3700\" src=\"http:\/\/www.kananas.com\/comitedejumelagedesaintpierredalbigny\/wp-content\/uploads\/sites\/1208\/2021\/11\/202107-La-lettre-Annonce-212x300.jpg\" alt=\"\" width=\"212\" height=\"300\" srcset=\"https:\/\/www.kananas.com\/comitedejumelagedesaintpierredalbigny\/wp-content\/uploads\/sites\/1208\/2021\/11\/202107-La-lettre-Annonce-212x300.jpg 212w, https:\/\/www.kananas.com\/comitedejumelagedesaintpierredalbigny\/wp-content\/uploads\/sites\/1208\/2021\/11\/202107-La-lettre-Annonce-723x1024.jpg 723w, https:\/\/www.kananas.com\/comitedejumelagedesaintpierredalbigny\/wp-content\/uploads\/sites\/1208\/2021\/11\/202107-La-lettre-Annonce-768x1087.jpg 768w, https:\/\/www.kananas.com\/comitedejumelagedesaintpierredalbigny\/wp-content\/uploads\/sites\/1208\/2021\/11\/202107-La-lettre-Annonce-1085x1536.jpg 1085w, https:\/\/www.kananas.com\/comitedejumelagedesaintpierredalbigny\/wp-content\/uploads\/sites\/1208\/2021\/11\/202107-La-lettre-Annonce-750x1062.jpg 750w, https:\/\/www.kananas.com\/comitedejumelagedesaintpierredalbigny\/wp-content\/uploads\/sites\/1208\/2021\/11\/202107-La-lettre-Annonce.jpg 1239w\" sizes=\"auto, (max-width: 212px) 100vw, 212px\" \/><p id=\"caption-attachment-3700\" class=\"wp-caption-text\">Annonce du 50\u00e9me<\/p><\/div>\n<div id=\"attachment_3701\" style=\"width: 212px\" class=\"wp-caption alignnone\"><img loading=\"lazy\" decoding=\"async\" aria-describedby=\"caption-attachment-3701\" class=\"size-medium wp-image-3701\" src=\"http:\/\/www.kananas.com\/comitedejumelagedesaintpierredalbigny\/wp-content\/uploads\/sites\/1208\/2021\/11\/202106-La-lettre-AG--212x300.jpg\" alt=\"\" width=\"212\" height=\"300\" srcset=\"https:\/\/www.kananas.com\/comitedejumelagedesaintpierredalbigny\/wp-content\/uploads\/sites\/1208\/2021\/11\/202106-La-lettre-AG--212x300.jpg 212w, https:\/\/www.kananas.com\/comitedejumelagedesaintpierredalbigny\/wp-content\/uploads\/sites\/1208\/2021\/11\/202106-La-lettre-AG--723x1024.jpg 723w, https:\/\/www.kananas.com\/comitedejumelagedesaintpierredalbigny\/wp-content\/uploads\/sites\/1208\/2021\/11\/202106-La-lettre-AG--768x1087.jpg 768w, https:\/\/www.kananas.com\/comitedejumelagedesaintpierredalbigny\/wp-content\/uploads\/sites\/1208\/2021\/11\/202106-La-lettre-AG--1085x1536.jpg 1085w, https:\/\/www.kananas.com\/comitedejumelagedesaintpierredalbigny\/wp-content\/uploads\/sites\/1208\/2021\/11\/202106-La-lettre-AG--750x1062.jpg 750w, https:\/\/www.kananas.com\/comitedejumelagedesaintpierredalbigny\/wp-content\/uploads\/sites\/1208\/2021\/11\/202106-La-lettre-AG-.jpg 1239w\" sizes=\"auto, (max-width: 212px) 100vw, 212px\" \/><p id=\"caption-attachment-3701\" class=\"wp-caption-text\">Assembl\u00e9e G\u00e9n\u00e9rale 2020<\/p><\/div>\n<p><img loading=\"lazy\" decoding=\"async\" class=\"alignnone size-medium wp-image-3549\" src=\"http:\/\/www.kananas.com\/comitedejumelagedesaintpierredalbigny\/wp-content\/uploads\/sites\/1208\/2021\/03\/Lettre-mars-202102-212x300.jpeg\" alt=\"\" width=\"212\" height=\"300\" srcset=\"https:\/\/www.kananas.com\/comitedejumelagedesaintpierredalbigny\/wp-content\/uploads\/sites\/1208\/2021\/03\/Lettre-mars-202102-212x300.jpeg 212w, https:\/\/www.kananas.com\/comitedejumelagedesaintpierredalbigny\/wp-content\/uploads\/sites\/1208\/2021\/03\/Lettre-mars-202102-724x1024.jpeg 724w, https:\/\/www.kananas.com\/comitedejumelagedesaintpierredalbigny\/wp-content\/uploads\/sites\/1208\/2021\/03\/Lettre-mars-202102-768x1087.jpeg 768w, https:\/\/www.kananas.com\/comitedejumelagedesaintpierredalbigny\/wp-content\/uploads\/sites\/1208\/2021\/03\/Lettre-mars-202102-750x1061.jpeg 750w, https:\/\/www.kananas.com\/comitedejumelagedesaintpierredalbigny\/wp-content\/uploads\/sites\/1208\/2021\/03\/Lettre-mars-202102.jpeg 826w\" sizes=\"auto, (max-width: 212px) 100vw, 212px\" \/><\/p>\n<div id=\"attachment_3548\" style=\"width: 212px\" class=\"wp-caption alignnone\"><img loading=\"lazy\" decoding=\"async\" aria-describedby=\"caption-attachment-3548\" class=\"wp-image-3548 size-medium\" src=\"http:\/\/www.kananas.com\/comitedejumelagedesaintpierredalbigny\/wp-content\/uploads\/sites\/1208\/2021\/03\/Lettre-mars-2021-1-212x300.jpeg\" alt=\"\" width=\"212\" height=\"300\" srcset=\"https:\/\/www.kananas.com\/comitedejumelagedesaintpierredalbigny\/wp-content\/uploads\/sites\/1208\/2021\/03\/Lettre-mars-2021-1-212x300.jpeg 212w, https:\/\/www.kananas.com\/comitedejumelagedesaintpierredalbigny\/wp-content\/uploads\/sites\/1208\/2021\/03\/Lettre-mars-2021-1-724x1024.jpeg 724w, https:\/\/www.kananas.com\/comitedejumelagedesaintpierredalbigny\/wp-content\/uploads\/sites\/1208\/2021\/03\/Lettre-mars-2021-1-768x1087.jpeg 768w, https:\/\/www.kananas.com\/comitedejumelagedesaintpierredalbigny\/wp-content\/uploads\/sites\/1208\/2021\/03\/Lettre-mars-2021-1-750x1061.jpeg 750w, https:\/\/www.kananas.com\/comitedejumelagedesaintpierredalbigny\/wp-content\/uploads\/sites\/1208\/2021\/03\/Lettre-mars-2021-1.jpeg 826w\" sizes=\"auto, (max-width: 212px) 100vw, 212px\" \/><p id=\"caption-attachment-3548\" class=\"wp-caption-text\">Lettre mars 2021<\/p><\/div>\n<p><a href=\"http:\/\/www.kananas.com\/comitedejumelagedesaintpierredalbigny\/wp-content\/uploads\/sites\/1208\/2015\/06\/Lettre-novembre.jpeg\"><img loading=\"lazy\" decoding=\"async\" class=\"wp-image-2701 size-medium\" src=\"http:\/\/www.kananas.com\/comitedejumelagedesaintpierredalbigny\/wp-content\/uploads\/sites\/1208\/2015\/06\/Lettre-novembre-212x300.jpeg\" alt=\"\" width=\"212\" height=\"300\" srcset=\"https:\/\/www.kananas.com\/comitedejumelagedesaintpierredalbigny\/wp-content\/uploads\/sites\/1208\/2015\/06\/Lettre-novembre-212x300.jpeg 212w, https:\/\/www.kananas.com\/comitedejumelagedesaintpierredalbigny\/wp-content\/uploads\/sites\/1208\/2015\/06\/Lettre-novembre-768x1087.jpeg 768w, https:\/\/www.kananas.com\/comitedejumelagedesaintpierredalbigny\/wp-content\/uploads\/sites\/1208\/2015\/06\/Lettre-novembre-724x1024.jpeg 724w, https:\/\/www.kananas.com\/comitedejumelagedesaintpierredalbigny\/wp-content\/uploads\/sites\/1208\/2015\/06\/Lettre-novembre.jpeg 826w\" sizes=\"auto, (max-width: 212px) 100vw, 212px\" \/><\/a><\/p>\n<div id=\"attachment_2702\" style=\"width: 212px\" class=\"wp-caption alignnone\"><a href=\"http:\/\/www.kananas.com\/comitedejumelagedesaintpierredalbigny\/wp-content\/uploads\/sites\/1208\/2015\/06\/Lettre-juin-NB.jpeg\"><img loading=\"lazy\" decoding=\"async\" aria-describedby=\"caption-attachment-2702\" class=\"size-medium wp-image-2702\" src=\"http:\/\/www.kananas.com\/comitedejumelagedesaintpierredalbigny\/wp-content\/uploads\/sites\/1208\/2015\/06\/Lettre-juin-NB-212x300.jpeg\" alt=\"La Lettre, juin 2015\" width=\"212\" height=\"300\" srcset=\"https:\/\/www.kananas.com\/comitedejumelagedesaintpierredalbigny\/wp-content\/uploads\/sites\/1208\/2015\/06\/Lettre-juin-NB-212x300.jpeg 212w, https:\/\/www.kananas.com\/comitedejumelagedesaintpierredalbigny\/wp-content\/uploads\/sites\/1208\/2015\/06\/Lettre-juin-NB-768x1087.jpeg 768w, https:\/\/www.kananas.com\/comitedejumelagedesaintpierredalbigny\/wp-content\/uploads\/sites\/1208\/2015\/06\/Lettre-juin-NB-724x1024.jpeg 724w, https:\/\/www.kananas.com\/comitedejumelagedesaintpierredalbigny\/wp-content\/uploads\/sites\/1208\/2015\/06\/Lettre-juin-NB.jpeg 826w\" sizes=\"auto, (max-width: 212px) 100vw, 212px\" \/><\/a><p id=\"caption-attachment-2702\" class=\"wp-caption-text\">La Lettre, juin 2015<\/p><\/div>\n<div id=\"attachment_2703\" style=\"width: 212px\" class=\"wp-caption alignnone\"><a href=\"http:\/\/www.kananas.com\/comitedejumelagedesaintpierredalbigny\/wp-content\/uploads\/sites\/1208\/2015\/06\/Lettre-juin-NB-2.jpeg\"><img loading=\"lazy\" decoding=\"async\" aria-describedby=\"caption-attachment-2703\" class=\"size-medium wp-image-2703\" src=\"http:\/\/www.kananas.com\/comitedejumelagedesaintpierredalbigny\/wp-content\/uploads\/sites\/1208\/2015\/06\/Lettre-juin-NB-2-212x300.jpeg\" alt=\"La Lettre, juin 2015\" width=\"212\" height=\"300\" srcset=\"https:\/\/www.kananas.com\/comitedejumelagedesaintpierredalbigny\/wp-content\/uploads\/sites\/1208\/2015\/06\/Lettre-juin-NB-2-212x300.jpeg 212w, https:\/\/www.kananas.com\/comitedejumelagedesaintpierredalbigny\/wp-content\/uploads\/sites\/1208\/2015\/06\/Lettre-juin-NB-2-768x1087.jpeg 768w, https:\/\/www.kananas.com\/comitedejumelagedesaintpierredalbigny\/wp-content\/uploads\/sites\/1208\/2015\/06\/Lettre-juin-NB-2-724x1024.jpeg 724w, https:\/\/www.kananas.com\/comitedejumelagedesaintpierredalbigny\/wp-content\/uploads\/sites\/1208\/2015\/06\/Lettre-juin-NB-2.jpeg 826w\" sizes=\"auto, (max-width: 212px) 100vw, 212px\" \/><\/a><p id=\"caption-attachment-2703\" class=\"wp-caption-text\">La Lettre, juin 2015<\/p><\/div>\n","protected":false},"excerpt":{"rendered":"<p>&nbsp;<\/p>\n","protected":false},"author":1245,"featured_media":0,"parent":0,"menu_order":1,"comment_status":"open","ping_status":"open","template":"","meta":{"_crdt_document":"","footnotes":""},"class_list":["post-2700","page","type-page","status-publish","hentry","nodate","item-wrap"],"_links":{"self":[{"href":"https:\/\/www.kananas.com\/comitedejumelagedesaintpierredalbigny\/wp-json\/wp\/v2\/pages\/2700","targetHints":{"allow":["GET"]}}],"collection":[{"href":"https:\/\/www.kananas.com\/comitedejumelagedesaintpierredalbigny\/wp-json\/wp\/v2\/pages"}],"about":[{"href":"https:\/\/www.kananas.com\/comitedejumelagedesaintpierredalbigny\/wp-json\/wp\/v2\/types\/page"}],"author":[{"embeddable":true,"href":"https:\/\/www.kananas.com\/comitedejumelagedesaintpierredalbigny\/wp-json\/wp\/v2\/users\/1245"}],"replies":[{"embeddable":true,"href":"https:\/\/www.kananas.com\/comitedejumelagedesaintpierredalbigny\/wp-json\/wp\/v2\/comments?post=2700"}],"version-history":[{"count":8,"href":"https:\/\/www.kananas.com\/comitedejumelagedesaintpierredalbigny\/wp-json\/wp\/v2\/pages\/2700\/revisions"}],"predecessor-version":[{"id":4183,"href":"https:\/\/www.kananas.com\/comitedejumelagedesaintpierredalbigny\/wp-json\/wp\/v2\/pages\/2700\/revisions\/4183"}],"wp:attachment":[{"href":"https:\/\/www.kananas.com\/comitedejumelagedesaintpierredalbigny\/wp-json\/wp\/v2\/media?parent=2700"}],"curies":[{"name":"wp","href":"https:\/\/api.w.org\/{rel}","templated":true}]}}