{"id":3149,"date":"2011-01-26T09:58:08","date_gmt":"2011-01-26T09:58:08","guid":{"rendered":"http:\/\/www.gestasso.com\/association\/comitedejumelagedesaintpierredalbigny\/?page_id=2"},"modified":"2011-01-26T09:58:08","modified_gmt":"2011-01-26T09:58:08","slug":"a-propos","status":"publish","type":"page","link":"https:\/\/www.kananas.com\/comitedejumelagedesaintpierredalbigny\/a-propos\/","title":{"rendered":"\u00c0 propos"},"content":{"rendered":"<p>Il y a pr\u00e9s de 40 ans<\/p>\n<ul>\n<li>une id\u00e9e courageuse<\/li>\n<li>une n\u00e9cessit\u00e9 de mieux se conna\u00eetre pour \u00e9viter les  erreurs du pass\u00e9<\/li>\n<li>une volont\u00e9 de construire un avenir plus s\u00fbr<\/li>\n<li>parce qu\u2019ensemble nous sommes plus forts<\/li>\n<\/ul>\n<p>Aujourd\u2019hui<br \/>\nCe qui \u00e9tait hier audacieux, n\u2019est pas forc\u00e9ment  \u00e9vident aujourd\u2019hui.<\/p>\n<p>Le jumelage participe \u00e0 :<\/p>\n<ul>\n<li>la construction de l\u2019Europe<\/li>\n<li>la prise de conscience de notre identit\u00e9 de citoyen europ\u00e9en (europ\u00e9en fran\u00e7ais, europ\u00e9en allemand, etc\u2026)<\/li>\n<li>la lutte contre la x\u00e9nophobie en apprenant \u00e0 mieux  conna\u00eetre nos voisins et accepter nos diff\u00e9rences<\/li>\n<li>la formation des jeunes pour un avenir plus juste et  plus humain<\/li>\n<\/ul>\n<p>Pour atteindre ces  objectifs, les 2 comit\u00e9s organisent ou participent \u00e0 :<\/p>\n<ul>\n<li>des camps internationaux pour les jeunes<\/li>\n<li>des conf\u00e9rences d\u00e9bats pour les adultes  (\u00e9largissement de l\u2019Europe, la constitution Europ\u00e9enne)<\/li>\n<li>des visites aux parlements de Strasbourg (septembre 2001, d\u00e9cembre 2008)  et de Bruxelles (novembre 2004).<\/li>\n<li>un voyage en commun \u00e0 Berlin en mai 2010<\/li>\n<\/ul>\n<p>Ils favorisent les \u00e9changes entre associations des 2  villes jumel\u00e9es<\/p>\n<p>Et demain?<\/p>\n<p>Pour pr\u00e9parer l\u2019avenir et la p\u00e9rennit\u00e9 des 2 Comit\u00e9s  de Jumelage,  ceux-ci se sont engag\u00e9s r\u00e9solument envers les jeunes afin de  donner un  sens et une actualit\u00e9 toujours renouvel\u00e9s \u00e0 la vision courageuse de nos   a\u00een\u00e9s.<\/p>\n","protected":false},"excerpt":{"rendered":"<p>Il y a pr\u00e9s de 40 ans une id\u00e9e courageuse une n\u00e9cessit\u00e9 de mieux se conna\u00eetre pour \u00e9viter les erreurs du pass\u00e9 une volont\u00e9 de construire un avenir plus s\u00fbr parce qu\u2019ensemble nous sommes plus forts Aujourd\u2019hui Ce qui \u00e9tait hier audacieux, n\u2019est pas forc\u00e9ment \u00e9vident aujourd\u2019hui. Le jumelage participe \u00e0 : la construction de &hellip; <\/p>\n<p><a class=\"more-link btn\" href=\"https:\/\/www.kananas.com\/comitedejumelagedesaintpierredalbigny\/a-propos\/\">Lire la suite<\/a><\/p>\n","protected":false},"author":1245,"featured_media":0,"parent":0,"menu_order":0,"comment_status":"open","ping_status":"closed","template":"","meta":{"_crdt_document":"","footnotes":""},"class_list":["post-3149","page","type-page","status-publish","hentry","nodate","item-wrap"],"_links":{"self":[{"href":"https:\/\/www.kananas.com\/comitedejumelagedesaintpierredalbigny\/wp-json\/wp\/v2\/pages\/3149","targetHints":{"allow":["GET"]}}],"collection":[{"href":"https:\/\/www.kananas.com\/comitedejumelagedesaintpierredalbigny\/wp-json\/wp\/v2\/pages"}],"about":[{"href":"https:\/\/www.kananas.com\/comitedejumelagedesaintpierredalbigny\/wp-json\/wp\/v2\/types\/page"}],"author":[{"embeddable":true,"href":"https:\/\/www.kananas.com\/comitedejumelagedesaintpierredalbigny\/wp-json\/wp\/v2\/users\/1245"}],"replies":[{"embeddable":true,"href":"https:\/\/www.kananas.com\/comitedejumelagedesaintpierredalbigny\/wp-json\/wp\/v2\/comments?post=3149"}],"version-history":[{"count":0,"href":"https:\/\/www.kananas.com\/comitedejumelagedesaintpierredalbigny\/wp-json\/wp\/v2\/pages\/3149\/revisions"}],"wp:attachment":[{"href":"https:\/\/www.kananas.com\/comitedejumelagedesaintpierredalbigny\/wp-json\/wp\/v2\/media?parent=3149"}],"curies":[{"name":"wp","href":"https:\/\/api.w.org\/{rel}","templated":true}]}}