{"id":3629,"date":"2022-03-02T10:53:37","date_gmt":"2022-03-02T09:53:37","guid":{"rendered":"http:\/\/www.kananas.com\/comitedejumelagedesaintpierredalbigny\/?page_id=3629"},"modified":"2022-03-02T10:53:37","modified_gmt":"2022-03-02T09:53:37","slug":"le-comite-de-jumelage-est-adherent","status":"publish","type":"page","link":"https:\/\/www.kananas.com\/comitedejumelagedesaintpierredalbigny\/le-comite-de-jumelage-est-adherent\/","title":{"rendered":"Le Comit\u00e9 de Jumelage est adh\u00e9rent"},"content":{"rendered":"<p>\u00e0 l&rsquo;<\/p>\n<p><img loading=\"lazy\" decoding=\"async\" class=\"alignnone size-full wp-image-3875\" src=\"http:\/\/www.kananas.com\/comitedejumelagedesaintpierredalbigny\/wp-content\/uploads\/sites\/1208\/2022\/03\/AFAPE-AURA.png\" alt=\"\" width=\"337\" height=\"301\" srcset=\"https:\/\/www.kananas.com\/comitedejumelagedesaintpierredalbigny\/wp-content\/uploads\/sites\/1208\/2022\/03\/AFAPE-AURA.png 337w, https:\/\/www.kananas.com\/comitedejumelagedesaintpierredalbigny\/wp-content\/uploads\/sites\/1208\/2022\/03\/AFAPE-AURA-300x268.png 300w\" sizes=\"auto, (max-width: 337px) 100vw, 337px\" \/><\/p>\n<p>et \u00e0 la<\/p>\n<p><img loading=\"lazy\" decoding=\"async\" class=\"alignnone size-full wp-image-3874\" src=\"http:\/\/www.kananas.com\/comitedejumelagedesaintpierredalbigny\/wp-content\/uploads\/sites\/1208\/2022\/03\/fafa-pour-l-europe-be03e487e08f47fca6203de60da9bbda.png\" alt=\"\" width=\"385\" height=\"158\" srcset=\"https:\/\/www.kananas.com\/comitedejumelagedesaintpierredalbigny\/wp-content\/uploads\/sites\/1208\/2022\/03\/fafa-pour-l-europe-be03e487e08f47fca6203de60da9bbda.png 385w, https:\/\/www.kananas.com\/comitedejumelagedesaintpierredalbigny\/wp-content\/uploads\/sites\/1208\/2022\/03\/fafa-pour-l-europe-be03e487e08f47fca6203de60da9bbda-300x123.png 300w\" sizes=\"auto, (max-width: 385px) 100vw, 385px\" \/><\/p>\n","protected":false},"excerpt":{"rendered":"<p>\u00e0 l&rsquo; et \u00e0 la<\/p>\n","protected":false},"author":1245,"featured_media":0,"parent":0,"menu_order":0,"comment_status":"closed","ping_status":"closed","template":"","meta":{"_crdt_document":"","footnotes":""},"class_list":["post-3629","page","type-page","status-publish","hentry","nodate","item-wrap"],"_links":{"self":[{"href":"https:\/\/www.kananas.com\/comitedejumelagedesaintpierredalbigny\/wp-json\/wp\/v2\/pages\/3629","targetHints":{"allow":["GET"]}}],"collection":[{"href":"https:\/\/www.kananas.com\/comitedejumelagedesaintpierredalbigny\/wp-json\/wp\/v2\/pages"}],"about":[{"href":"https:\/\/www.kananas.com\/comitedejumelagedesaintpierredalbigny\/wp-json\/wp\/v2\/types\/page"}],"author":[{"embeddable":true,"href":"https:\/\/www.kananas.com\/comitedejumelagedesaintpierredalbigny\/wp-json\/wp\/v2\/users\/1245"}],"replies":[{"embeddable":true,"href":"https:\/\/www.kananas.com\/comitedejumelagedesaintpierredalbigny\/wp-json\/wp\/v2\/comments?post=3629"}],"version-history":[{"count":1,"href":"https:\/\/www.kananas.com\/comitedejumelagedesaintpierredalbigny\/wp-json\/wp\/v2\/pages\/3629\/revisions"}],"predecessor-version":[{"id":3876,"href":"https:\/\/www.kananas.com\/comitedejumelagedesaintpierredalbigny\/wp-json\/wp\/v2\/pages\/3629\/revisions\/3876"}],"wp:attachment":[{"href":"https:\/\/www.kananas.com\/comitedejumelagedesaintpierredalbigny\/wp-json\/wp\/v2\/media?parent=3629"}],"curies":[{"name":"wp","href":"https:\/\/api.w.org\/{rel}","templated":true}]}}