{"id":1230,"date":"2023-01-29T20:45:47","date_gmt":"2023-01-29T19:45:47","guid":{"rendered":"https:\/\/www.kananas.com\/compostelle\/?page_id=1230"},"modified":"2023-10-16T10:17:52","modified_gmt":"2023-10-16T08:17:52","slug":"itineraires-eureliens","status":"publish","type":"page","link":"https:\/\/www.kananas.com\/compostelle\/itineraires-eureliens\/","title":{"rendered":"Itin\u00e9raires Eur\u00e9liens"},"content":{"rendered":"<p><a href=\"http:\/\/www.kananas.com\/compostelle\/\"><img decoding=\"async\" class=\"alignleft\" style=\"border: 0px\" src=\"http:\/\/images.supportduweb.com\/buttons.php?frm=1&amp;btn_type=59&amp;txt=Retour Accueil\" alt=\"Accueil\" \/><\/a><br \/>\n<a href=\"http:\/\/www.kananas.com\/compostelle\/itineraires\/\"><img decoding=\"async\" class=\"alignright\" style=\"border: 0px\" src=\"http:\/\/images.supportduweb.com\/buttons.php?frm=1&amp;btn_type=59&amp;txt=Itin\u00e9raires\" alt=\"Itin\u00e9raires\" \/><\/a><br \/>\n<a href=\"http:\/\/www.kananas.com\/compostelle\/balisage\/\"><img decoding=\"async\" class=\"alignright\" style=\"border: 0px\" src=\"http:\/\/images.supportduweb.com\/buttons.php?frm=1&amp;btn_type=59&amp;txt=Balisage\" alt=\"Balisage\" \/><\/a><br \/>\n<a href=\"http:\/\/www.kananas.com\/compostelle\/hebergements\/\"><img decoding=\"async\" class=\"alignright\" style=\"border: 0px\" src=\"http:\/\/images.supportduweb.com\/buttons.php?frm=1&amp;btn_type=59&amp;txt=H\u00e9bergements\" alt=\"H\u00e9bergements\" \/><\/a><br \/>\n<a href=\"http:\/\/www.kananas.com\/compostelle\/infos pratiques\/\"><img decoding=\"async\" class=\"alignright\" style=\"border: 0px\" src=\"http:\/\/images.supportduweb.com\/buttons.php?frm=1&amp;btn_type=59&amp;txt=Infos Pratiques\" alt=\"Infos Pratiques\" \/><\/a><\/p>\n<h3 style=\"text-align: center\"><\/h3>\n<p>&nbsp;<\/p>\n<p>&nbsp;<\/p>\n<p>&nbsp;<\/p>\n<p>&nbsp;<\/p>\n<p style=\"text-align: center\"><span style=\"color: #ff0000;font-family: comic sans ms,sans-serif;font-size: 12pt\"><strong>ATTENTION:<\/strong><\/span><\/p>\n<p><span style=\"color: #ff0000;font-family: comic sans ms,sans-serif;font-size: 12pt\"><strong>De Chartres \u00e0 Tours, il existe 2 itin\u00e9raires balis\u00e9s \u00ab\u00a0Chemins de Compostelle\u00a0\u00bb. Cheminant ensemble ils se distinguent ainsi:<\/strong><\/span><\/p>\n<p><span style=\"color: #ff0000;font-family: comic sans ms,sans-serif;font-size: 12pt\"><strong>1. LE DIRECT: Celui des p\u00e8lerins et randonneurs pratiquant la marche au long cours. C&rsquo;est la voie Turonensis, historique et traditionnelle, d\u00e9crite ici.<\/strong><\/span><\/p>\n<p><span style=\"color: #ff0000;font-family: comic sans ms,sans-serif;font-size: 12pt\"><strong>2. LE VAGABOND: C&rsquo;est le GR 655 ouest qui serpente par des sites touristiques (informations sur le <\/strong><strong><a style=\"color: #ff0000\" href=\"http:\/\/www.123randonnee.fr\/\" target=\"_blank\" rel=\"noopener noreferrer\">site du Conseil D\u00e9partemental 28<\/a><\/strong><strong> ou du<a style=\"color: #ff0000\" href=\"http:\/\/eure-et-loir.ffrandonnee.fr\/\" target=\"_blank\" rel=\"noopener noreferrer\"> CDRP 28 (FFR)<\/a><\/strong><\/span><\/p>\n<p><img loading=\"lazy\" decoding=\"async\" class=\"aligncenter\" src=\"http:\/\/www.compostelle28.org\/uploaded\/signaletique-sjc-va-lo.jpg\" alt=\"\" width=\"155\" height=\"112\" \/><\/p>\n<p><strong><img loading=\"lazy\" decoding=\"async\" title=\"cool\" src=\"http:\/\/admin.asso-web.com\/js\/ckeditor\/plugins\/smiley\/images\/shades_smile.png\" alt=\"cool\" width=\"23\" height=\"23\" \/><span style=\"color: #ff0000\">Attention, ne pas tenir compte des panneaux de signalisation \u00ab\u00a0St Jacques \u00e0 V\u00e9lo\u00a0\u00bb, <\/span><\/strong><span style=\"color: #ff0000\"><strong>vous risqueriez de vous perdre<\/strong>&#8230;<\/span><\/p>\n<p style=\"text-align: center\"><em><span style=\"font-size: 18pt\"><strong>CHEMINS EN EURE ET LOIR<\/strong><\/span><\/em><\/p>\n<p>\u00a0\u00a0\u00a0\u00a0\u00a0\u00a0\u00a0\u00a0\u00a0\u00a0\u00a0\u00a0\u00a0\u00a0\u00a0\u00a0\u00a0\u00a0\u00a0\u00a0\u00a0\u00a0\u00a0\u00a0\u00a0\u00a0\u00a0\u00a0\u00a0\u00a0\u00a0\u00a0\u00a0\u00a0\u00a0<em><strong><br \/>\n<\/strong><\/em><\/p>\n<p style=\"text-align: center\"><a href=\"http:\/\/u.osmfr.org\/m\/741488\/\" target=\"_blank\" rel=\"noopener\"><img loading=\"lazy\" decoding=\"async\" class=\"alignnone wp-image-1151\" src=\"https:\/\/www.kananas.com\/compostelle\/wp-content\/uploads\/sites\/37\/2023\/01\/230128-Capture-Carte-UMAP-pour-site.jpg\" alt=\"\" width=\"788\" height=\"653\" \/><\/a><\/p>\n<p><span style=\"font-size: 11pt\">\u00a0\u00a0\u00a0\u00a0\u00a0\u00a0\u00a0\u00a0\u00a0\u00a0\u00a0\u00a0\u00a0\u00a0\u00a0\u00a0\u00a0\u00a0\u00a0\u00a0\u00a0\u00a0\u00a0\u00a0\u00a0\u00a0\u00a0\u00a0\u00a0\u00a0\u00a0\u00a0\u00a0\u00a0\u00a0\u00a0\u00a0\u00a0\u00a0\u00a0\u00a0\u00a0\u00a0\u00a0\u00a0\u00a0\u00a0\u00a0\u00a0\u00a0\u00a0\u00a0\u00a0\u00a0\u00a0\u00a0\u00a0\u00a0\u00a0\u00a0 * Cliques sur la carte et tu acc\u00e9deras \u00e0 la carte interactive que tu pourras agrandir ou questionner<\/span><br \/>\n<span style=\"font-size: 11pt\">\u00a0\u00a0\u00a0\u00a0\u00a0\u00a0\u00a0\u00a0\u00a0\u00a0\u00a0\u00a0\u00a0\u00a0\u00a0\u00a0\u00a0\u00a0\u00a0\u00a0\u00a0\u00a0\u00a0\u00a0\u00a0\u00a0\u00a0\u00a0\u00a0\u00a0\u00a0\u00a0\u00a0\u00a0\u00a0\u00a0\u00a0\u00a0\u00a0\u00a0\u00a0\u00a0\u00a0\u00a0\u00a0\u00a0\u00a0\u00a0\u00a0\u00a0\u00a0\u00a0\u00a0\u00a0\u00a0\u00a0\u00a0\u00a0\u00a0\u00a0 * Cliques alors sur la trace d&rsquo;une \u00e9tape et tu auras le lien pour acc\u00e9der au \u00ab\u00a0<strong>descriptif \u00e9tape<\/strong>\u00a0\u00bb et \u00e0 la \u00ab\u00a0<strong>carte IGN Rando<\/strong>\u00a0\u00bb de l&rsquo;\u00e9tape<br \/>\n<\/span><\/p>\n<p>&nbsp;<\/p>\n<p>Comment obtenir la Trace GPX de l&rsquo;\u00e9tape<\/p>\n<p>Les traces num\u00e9ris\u00e9es de chaque \u00e9tape des chemins de COMPOSTELLE 28 sont disponibles via la carte <strong>IGNRANDO <\/strong>. Si vous souhaitez consulter ou t\u00e9l\u00e9charger une de ces traces, s\u00e9lectionnez-la \u00e0 l\u2019aide de l\u2019un des symboles balises pr\u00e9sent\u00e9s par la carte. Ensuite, pour t\u00e9l\u00e9charger la trace GPX de l\u2019itin\u00e9raire choisi, cliquez sur le bouton \u201c<strong>Exporter sur GPS<\/strong>\u201d correspondant.<\/p>\n<p>Il vous restera ensuite \u00e0 ouvrir ce dossier (qui doit se trouver dans votre dossier t\u00e9l\u00e9chargement) avec votre application.<\/p>\n<p><strong>Nota<\/strong> : Pour pouvoir b\u00e9n\u00e9ficier des services de IGNRANDO (exporter, imprimer, etc.), il est n\u00e9cessaire d\u2019\u00eatre enregistr\u00e9 en tant que client IGNRANDO. Ce compte est gratuit et ne vous engage \u00e0 rien, n\u2019h\u00e9sitez pas \u00e0 le cr\u00e9er\u2026 il suffit simplement d&rsquo;une adresse mail et d&rsquo;un mot de passe<\/p>\n<p>&nbsp;<\/p>\n<p>&nbsp;<\/p>\n<p>&nbsp;<\/p>\n<p>&nbsp;<\/p>\n<p>&nbsp;<\/p>\n<p><em><strong> \u00a0 \u00a0\u00a0\u00a0\u00a0\u00a0\u00a0\u00a0\u00a0\u00a0\u00a0\u00a0\u00a0\u00a0\u00a0\u00a0\u00a0\u00a0\u00a0\u00a0\u00a0\u00a0\u00a0\u00a0\u00a0\u00a0\u00a0\u00a0\u00a0\u00a0\u00a0\u00a0\u00a0\u00a0\u00a0\u00a0\u00a0\u00a0\u00a0\u00a0\u00a0 GUIDE (fichier pdf ) complet Eure et Loir \u00e0 imprimer en format livret: \u00a0\u00a0\u00a0\u00a0 <a href=\"https:\/\/www.kananas.com\/compostelle\/wp-content\/uploads\/sites\/37\/2022\/08\/2022-Guide-Compostelle-28.pdf\" target=\"_blank\" rel=\"noopener noreferrer\">2022 guide Compostelle 28<\/a><\/strong><\/em><\/p>\n<p><em><strong>\u00a0\u00a0\u00a0\u00a0\u00a0\u00a0\u00a0\u00a0\u00a0\u00a0\u00a0\u00a0\u00a0\u00a0\u00a0\u00a0\u00a0\u00a0\u00a0\u00a0\u00a0\u00a0\u00a0\u00a0\u00a0\u00a0\u00a0\u00a0\u00a0\u00a0\u00a0\u00a0\u00a0\u00a0\u00a0\u00a0 \u00a0 \u00a0\u00a0\u00a0 QR Codes donnant acc\u00e8s au descriptif de chaque \u00e9tape:\u00a0 \u00a0\u00a0 \u00a0 \u00a0\u00a0 \u00a0\u00a0 \u00a0\u00a0 \u00a0\u00a0 \u00a0\u00a0 \u00a0\u00a0 \u00a0 <a href=\"http:\/\/www.kananas.com\/compostelle\/wp-content\/uploads\/sites\/37\/2020\/03\/QR-Code-Impression-pdf-IGN-Rando.pdf\">QR Code Impression pdf IGN Rando<\/a><\/strong><\/em><\/p>\n<p><em><strong>\u00a0\u00a0\u00a0\u00a0\u00a0\u00a0\u00a0\u00a0\u00a0\u00a0\u00a0\u00a0\u00a0\u00a0\u00a0\u00a0\u00a0\u00a0\u00a0\u00a0\u00a0\u00a0\u00a0\u00a0\u00a0\u00a0\u00a0\u00a0\u00a0\u00a0\u00a0\u00a0\u00a0\u00a0\u00a0\u00a0 \u00a0 \u00a0\u00a0 <\/strong><\/em><\/p>\n<p>&nbsp;<\/p>\n<p>&nbsp;<\/p>\n<p><a href=\"\/\/umap.openstreetmap.fr\/fr\/map\/compostelle-28_741488\">Voir en plein \u00e9cran<\/a><\/p>\n","protected":false},"excerpt":{"rendered":"<p>&nbsp; &nbsp; &nbsp; &nbsp; ATTENTION: De Chartres \u00e0 Tours, il existe 2 itin\u00e9raires balis\u00e9s \u00ab\u00a0Chemins de Compostelle\u00a0\u00bb. Cheminant ensemble ils se distinguent ainsi: 1. LE DIRECT: Celui des p\u00e8lerins et randonneurs pratiquant la marche au long cours. C&rsquo;est la voie<\/p>\n","protected":false},"author":44,"featured_media":0,"parent":0,"menu_order":0,"comment_status":"closed","ping_status":"closed","template":"","meta":{"_crdt_document":"","footnotes":""},"class_list":["post-1230","page","type-page","status-publish","hentry"],"_links":{"self":[{"href":"https:\/\/www.kananas.com\/compostelle\/wp-json\/wp\/v2\/pages\/1230","targetHints":{"allow":["GET"]}}],"collection":[{"href":"https:\/\/www.kananas.com\/compostelle\/wp-json\/wp\/v2\/pages"}],"about":[{"href":"https:\/\/www.kananas.com\/compostelle\/wp-json\/wp\/v2\/types\/page"}],"author":[{"embeddable":true,"href":"https:\/\/www.kananas.com\/compostelle\/wp-json\/wp\/v2\/users\/44"}],"replies":[{"embeddable":true,"href":"https:\/\/www.kananas.com\/compostelle\/wp-json\/wp\/v2\/comments?post=1230"}],"version-history":[{"count":27,"href":"https:\/\/www.kananas.com\/compostelle\/wp-json\/wp\/v2\/pages\/1230\/revisions"}],"predecessor-version":[{"id":1271,"href":"https:\/\/www.kananas.com\/compostelle\/wp-json\/wp\/v2\/pages\/1230\/revisions\/1271"}],"wp:attachment":[{"href":"https:\/\/www.kananas.com\/compostelle\/wp-json\/wp\/v2\/media?parent=1230"}],"curies":[{"name":"wp","href":"https:\/\/api.w.org\/{rel}","templated":true}]}}