{"id":300,"date":"2017-02-17T18:44:14","date_gmt":"2017-02-17T17:44:14","guid":{"rendered":"http:\/\/www.kananas.com\/compostelle\/?page_id=300"},"modified":"2022-08-24T23:43:21","modified_gmt":"2022-08-24T21:43:21","slug":"accueil","status":"publish","type":"page","link":"https:\/\/www.kananas.com\/compostelle\/","title":{"rendered":"Accueil"},"content":{"rendered":"<p><a href=\"http:\/\/www.kananas.com\/compostelle\/itineraires\/\"><img decoding=\"async\" class=\"alignleft\" style=\"border: 0px\" src=\"http:\/\/images.supportduweb.com\/buttons.php?frm=1&amp;btn_type=59&amp;txt=Itin\u00e9raires\" alt=\"Itin\u00e9raires\" \/><\/a><br \/>\n<a href=\"http:\/\/www.kananas.com\/compostelle\/balisage\/\"><img decoding=\"async\" class=\"alignleft\" style=\"border: 0px\" src=\"http:\/\/images.supportduweb.com\/buttons.php?frm=1&amp;btn_type=59&amp;txt=Balisage\" alt=\"Balisage\" \/><\/a><br \/>\n<a href=\"http:\/\/www.kananas.com\/compostelle\/hebergements\/\"><img decoding=\"async\" class=\"alignleft\" style=\"border: 0px\" src=\"http:\/\/images.supportduweb.com\/buttons.php?frm=1&amp;btn_type=59&amp;txt=H\u00e9bergements\" alt=\"H\u00e9bergements\" \/><\/a><br \/>\n<a href=\"http:\/\/www.kananas.com\/compostelle\/infos pratiques\/\"><img decoding=\"async\" class=\"alignleft\" style=\"border: 0px\" src=\"http:\/\/images.supportduweb.com\/buttons.php?frm=1&amp;btn_type=59&amp;txt=Infos Pratiques\" alt=\"Infos Pratiques\" \/><\/a><\/p>\n<p style=\"text-align: center\"><span style=\"color: #ff0000\"><em><span style=\"font-size: 14pt\"><strong>\u00a0<\/strong> <\/span><\/em><\/span><\/p>\n<p style=\"text-align: center\"><a href=\"https:\/\/www.kananas.com\/compostelle\/2022-07-14-vigilance-rouge-feux-de-fore\u0302t-en-gironde\/\"> \u00a0<\/a><\/p>\n<p>&nbsp;<\/p>\n<p><img loading=\"lazy\" decoding=\"async\" class=\"alignleft\" src=\"http:\/\/www.compostelle28.org\/uploaded\/logo-compostelle28.jpg\" alt=\"logo Compostelle 28\" width=\"131\" height=\"107\" \/><span style=\"color: #8b4513\"><span style=\"font-family: georgia,palatino,serif;font-size: 10pt\"><span style=\"font-family: arial,helvetica,sans-serif\">COMPOSTELLE28 accueille, renseigne, aide et accompagne les p\u00e8lerins dans leur travers\u00e9e de l&rsquo;Eure et Loir, et peut leur assurer un accueil personnalis\u00e9.<\/span><strong><br \/>\n<\/strong><\/span><\/span><\/p>\n<p style=\"text-align: center\" align=\"center\"><span style=\"color: #000000;font-family: arial,helvetica,sans-serif\"><span style=\"font-size: 10pt\"><strong>\u00a0VOUS POUVEZ NOUS CONTACTER AVANT VOTRE ARRIV\u00c9E DANS LE D\u00c9PARTEMENT<\/strong><br \/>\nvia le formulaire <a href=\"https:\/\/www.compostelle28.org\/contact.php\"><span style=\"text-decoration: underline\"><span style=\"color: #0000ff;text-decoration: underline\">contact<\/span><\/span><\/a> de notre site <\/span><\/span><\/p>\n<p style=\"text-align: center\" align=\"center\"><span style=\"color: #000000;font-family: arial,helvetica,sans-serif\"><span style=\"font-size: 10pt\">\u00a0\u00a0\u00a0 ou par t\u00e9l\u00e9phone : <span style=\"font-size: 18pt\">06 52 43 66 62<\/span><\/span><\/span><\/p>\n<p><span style=\"font-family: arial,helvetica,sans-serif;font-size: 10pt;color: #8b4513\">COMPOSTELLE28 \u0153uvre pour favoriser les \u00e9changes et promouvoir le patrimoine.\u00a0 L&rsquo;association balise et entretien les 3 itin\u00e9raires Eur\u00e9liens. Elle est un interlocuteur des Pouvoirs Publics locaux pour la promotion des Chemins au service des p\u00e8lerins et randonneurs.<\/span><\/p>\n<p style=\"text-align: center\"><span style=\"font-size: 10pt\"><strong><span style=\"font-family: arial,helvetica,sans-serif\">Pour visualiser nos objectifs en 2minutes regardez cette <span style=\"text-decoration: underline\"><a href=\"https:\/\/youtu.be\/vkti7w1CcFE\" target=\"_blank\" rel=\"noopener noreferrer\">VIDEO<\/a><\/span><\/span><\/strong><\/span><\/p>\n<p style=\"text-align: center\"><span style=\"font-family: arial,helvetica,sans-serif;font-size: 10pt;color: #000000\"><a href=\"https:\/\/www.compostelle28.org\/160+adhesion.html\"><span style=\"text-decoration: underline\">Adh\u00e9rer<\/span><\/a> modestement \u00e0 COMPOSTELLE28 assure la p\u00e9rennit\u00e9 de nos chemins de m\u00e9moire.<\/span><\/p>\n<p><span style=\"font-family: georgia,palatino,serif;font-size: 10pt\"><a href=\"http:\/\/www.compostelle-france.fr\/index.php\"><img loading=\"lazy\" decoding=\"async\" class=\"alignleft\" src=\"http:\/\/www.compostelle28.org\/uploaded\/logo-ffacc.jpg\" alt=\"Logo FFACC\" width=\"123\" height=\"115\" \/><\/a><span style=\"color: #0000cd;font-family: arial,helvetica,sans-serif\">L&rsquo;Association de Amis de Saint Jacques de Compostelle en Eure et Loir dite aussi \u00ab\u00a0COMPOSTELLE28\u00a0\u00bb, est membre de la F\u00e9d\u00e9ration Fran\u00e7aise des Associations des Amis des Chemins de Saint Jacques de Compostelle <span style=\"text-decoration: underline\"><a style=\"color: #0000cd;text-decoration: underline\" href=\"http:\/\/www.compostelle-france.fr\/index.php\" target=\"_blank\" rel=\"noopener noreferrer\">(FFACC)<\/a><\/span>.<\/span><\/span><\/p>\n<p><span style=\"color: #0000cd;font-family: arial,helvetica,sans-serif\"><span style=\"font-size: 10pt\">\u00a0\u00a0\u00a0\u00a0\u00a0\u00a0\u00a0\u00a0\u00a0\u00a0 La FFACC regroupe une part importante des associations jacquaires fran\u00e7aises, elle est interlocuteur de l&rsquo;U.E., et de la FFR (F\u00e9d\u00e9ration Fran\u00e7aise de Randonn\u00e9e).<\/span><\/span><\/p>\n<p align=\"center\">\n<map name=\"map\">\n<area coords=\"24,32,81,87\" shape=\"rect\" href=\"http:\/\/www.kananas.com\/compostelle\/pelerins\/\" target=\"_blank\" \/>\n<area coords=\"120,34,177,87\" shape=\"rect\" href=\"http:\/\/www.kananas.com\/compostelle\/patrimoine\/\" target=\"_blank\" \/>\n<area coords=\"216,35,273,87\" shape=\"rect\" href=\"http:\/\/www.kananas.com\/compostelle\/vie-locale\/\" target=\"_blank\" \/>\n<area coords=\"311,35,368,91\" shape=\"rect\" href=\"http:\/\/www.kananas.com\/compostelle\/temoignages\/\" target=\"_blank\" \/>\n<area coords=\"409,36,465,90\" shape=\"rect\" href=\"http:\/\/www.kananas.com\/compostelle\/association\/\" target=\"_blank\" \/> <\/map>\n<\/p>\n<p>&nbsp;<\/p>\n","protected":false},"excerpt":{"rendered":"<p>\u00a0 \u00a0 &nbsp; COMPOSTELLE28 accueille, renseigne, aide et accompagne les p\u00e8lerins dans leur travers\u00e9e de l&rsquo;Eure et Loir, et peut leur assurer un accueil personnalis\u00e9. \u00a0VOUS POUVEZ NOUS CONTACTER AVANT VOTRE ARRIV\u00c9E DANS LE D\u00c9PARTEMENT via le formulaire contact de<\/p>\n","protected":false},"author":44,"featured_media":0,"parent":0,"menu_order":0,"comment_status":"closed","ping_status":"closed","template":"","meta":{"_crdt_document":"","footnotes":""},"class_list":["post-300","page","type-page","status-publish","hentry"],"_links":{"self":[{"href":"https:\/\/www.kananas.com\/compostelle\/wp-json\/wp\/v2\/pages\/300","targetHints":{"allow":["GET"]}}],"collection":[{"href":"https:\/\/www.kananas.com\/compostelle\/wp-json\/wp\/v2\/pages"}],"about":[{"href":"https:\/\/www.kananas.com\/compostelle\/wp-json\/wp\/v2\/types\/page"}],"author":[{"embeddable":true,"href":"https:\/\/www.kananas.com\/compostelle\/wp-json\/wp\/v2\/users\/44"}],"replies":[{"embeddable":true,"href":"https:\/\/www.kananas.com\/compostelle\/wp-json\/wp\/v2\/comments?post=300"}],"version-history":[{"count":111,"href":"https:\/\/www.kananas.com\/compostelle\/wp-json\/wp\/v2\/pages\/300\/revisions"}],"predecessor-version":[{"id":1220,"href":"https:\/\/www.kananas.com\/compostelle\/wp-json\/wp\/v2\/pages\/300\/revisions\/1220"}],"wp:attachment":[{"href":"https:\/\/www.kananas.com\/compostelle\/wp-json\/wp\/v2\/media?parent=300"}],"curies":[{"name":"wp","href":"https:\/\/api.w.org\/{rel}","templated":true}]}}