{"id":938,"date":"2020-01-15T22:43:09","date_gmt":"2020-01-15T21:43:09","guid":{"rendered":"http:\/\/www.kananas.com\/compostelle\/?page_id=938"},"modified":"2025-02-27T14:31:13","modified_gmt":"2025-02-27T13:31:13","slug":"hebergements","status":"publish","type":"page","link":"https:\/\/www.kananas.com\/compostelle\/hebergements\/","title":{"rendered":"H\u00e9bergements"},"content":{"rendered":"<p><a href=\"http:\/\/www.kananas.com\/compostelle\/\"><img decoding=\"async\" class=\"alignleft\" style=\"border: 0px\" src=\"http:\/\/images.supportduweb.com\/buttons.php?frm=1&amp;btn_type=59&amp;txt=Retour Accueil\" alt=\"Accueil\" \/><\/a><br \/>\n<a href=\"http:\/\/www.kananas.com\/compostelle\/itineraires\/\"><img decoding=\"async\" class=\"alignright\" style=\"border: 0px\" src=\"http:\/\/images.supportduweb.com\/buttons.php?frm=1&amp;btn_type=59&amp;txt=Itin\u00e9raires\" alt=\"Itin\u00e9raires\" \/><\/a><br \/>\n<a href=\"http:\/\/www.kananas.com\/compostelle\/itineraires-eureliens\/\"><img decoding=\"async\" class=\"alignright\" style=\"border: 0px\" src=\"http:\/\/images.supportduweb.com\/buttons.php?frm=1&amp;btn_type=59&amp;txt=Itin\u00e9raires Eur\u00e9liens\" alt=\"Itin\u00e9raires Eur\u00e9liens\" \/><\/a><br \/>\n<a href=\"http:\/\/www.kananas.com\/compostelle\/balisage\/\"><img decoding=\"async\" class=\"alignright\" style=\"border: 0px\" src=\"http:\/\/images.supportduweb.com\/buttons.php?frm=1&amp;btn_type=59&amp;txt=Balisage\" alt=\"Balisage\" \/><\/a><br \/>\n<a href=\"http:\/\/www.kananas.com\/compostelle\/infos pratiques\/\"><img decoding=\"async\" class=\"alignright\" style=\"border: 0px\" src=\"http:\/\/images.supportduweb.com\/buttons.php?frm=1&amp;btn_type=59&amp;txt=Infos Pratiques\" alt=\"Infos Pratiques\" \/><\/a><\/p>\n<h3 style=\"text-align: center\"><\/h3>\n<p><img loading=\"lazy\" decoding=\"async\" class=\"aligncenter size-full wp-image-981\" src=\"http:\/\/www.kananas.com\/compostelle\/wp-content\/uploads\/sites\/37\/2020\/01\/d\u00e9f-h\u00e9bergements.jpg\" alt=\"\" width=\"767\" height=\"640\" srcset=\"https:\/\/www.kananas.com\/compostelle\/wp-content\/uploads\/sites\/37\/2020\/01\/d\u00e9f-h\u00e9bergements.jpg 767w, https:\/\/www.kananas.com\/compostelle\/wp-content\/uploads\/sites\/37\/2020\/01\/d\u00e9f-h\u00e9bergements-300x250.jpg 300w\" sizes=\"auto, (max-width: 767px) 100vw, 767px\" \/><\/p>\n<p style=\"text-align: center\"><span style=\"font-size: 18pt;color: #0000ff\"><strong><em>\u00a0<\/em><\/strong><\/span><span style=\"text-decoration: underline\"><strong><em><span style=\"font-size: 18pt\"><span style=\"color: #0000ff;text-decoration: underline\">Acc\u00e8de \u00e0 n<\/span><\/span><\/em><\/strong><\/span><span style=\"text-decoration: underline\"><strong><em><span style=\"font-size: 18pt\"><span style=\"color: #0000ff;text-decoration: underline\">otre listing h\u00e9bergements<\/span> <\/span><\/em><\/strong><\/span><\/p>\n<p>\u00a0 \u00a0 \u00a0 \u00a0 \u00a0 \u00a0 \u00a0 \u00a0 \u00a0 \u00a0 \u00a0 \u00a0 \u00a0 \u00a0 \u00a0 \u00a0 \u00a0 \u00a0 \u00a0 \u00a0 \u00a0 \u00a0 \u00a0 \u00a0 \u00a0<span style=\"color: #0000ff\"><a style=\"color: #0000ff\" href=\"https:\/\/www.kananas.com\/compostelle\/wp-content\/uploads\/sites\/37\/2025\/02\/anglo-normand.pdf\"><em><strong>CHEMIN ANGLO-NORMAND<\/strong><\/em><\/a><\/span> \u00a0\u00a0 \u00a0\u00a0 <span style=\"color: #0000ff\"><strong><a style=\"color: #0000ff\" href=\"https:\/\/www.kananas.com\/compostelle\/wp-content\/uploads\/sites\/37\/2025\/02\/chartres.pdf\"><em>CHARTRES<\/em><\/a><\/strong><\/span> \u00a0 \u00a0 \u00a0 \u00a0<a href=\"https:\/\/www.kananas.com\/compostelle\/wp-content\/uploads\/sites\/37\/2025\/02\/voie-tours.pdf\"><strong><span style=\"color: #0000ff\"><em> VOIE de TOURS<\/em><\/span><\/strong> \u00a0<\/a>\u00a0\u00a0\u00a0\u00a0\u00a0\u00a0 <a href=\"https:\/\/www.kananas.com\/compostelle\/wp-content\/uploads\/sites\/37\/2025\/02\/cathedrales.pdf\"><em><span style=\"color: #0000ff\"><strong>VOIE des CATHEDRALES<\/strong><\/span><\/em><\/a><\/p>\n","protected":false},"excerpt":{"rendered":"<p>\u00a0Acc\u00e8de \u00e0 notre listing h\u00e9bergements \u00a0 \u00a0 \u00a0 \u00a0 \u00a0 \u00a0 \u00a0 \u00a0 \u00a0 \u00a0 \u00a0 \u00a0 \u00a0 \u00a0 \u00a0 \u00a0 \u00a0 \u00a0 \u00a0 \u00a0 \u00a0 \u00a0 \u00a0 \u00a0 \u00a0CHEMIN ANGLO-NORMAND \u00a0\u00a0 \u00a0\u00a0 CHARTRES \u00a0 \u00a0 \u00a0 \u00a0 VOIE de<\/p>\n","protected":false},"author":44,"featured_media":0,"parent":0,"menu_order":0,"comment_status":"closed","ping_status":"closed","template":"","meta":{"_crdt_document":"","footnotes":""},"class_list":["post-938","page","type-page","status-publish","hentry"],"_links":{"self":[{"href":"https:\/\/www.kananas.com\/compostelle\/wp-json\/wp\/v2\/pages\/938","targetHints":{"allow":["GET"]}}],"collection":[{"href":"https:\/\/www.kananas.com\/compostelle\/wp-json\/wp\/v2\/pages"}],"about":[{"href":"https:\/\/www.kananas.com\/compostelle\/wp-json\/wp\/v2\/types\/page"}],"author":[{"embeddable":true,"href":"https:\/\/www.kananas.com\/compostelle\/wp-json\/wp\/v2\/users\/44"}],"replies":[{"embeddable":true,"href":"https:\/\/www.kananas.com\/compostelle\/wp-json\/wp\/v2\/comments?post=938"}],"version-history":[{"count":30,"href":"https:\/\/www.kananas.com\/compostelle\/wp-json\/wp\/v2\/pages\/938\/revisions"}],"predecessor-version":[{"id":1300,"href":"https:\/\/www.kananas.com\/compostelle\/wp-json\/wp\/v2\/pages\/938\/revisions\/1300"}],"wp:attachment":[{"href":"https:\/\/www.kananas.com\/compostelle\/wp-json\/wp\/v2\/media?parent=938"}],"curies":[{"name":"wp","href":"https:\/\/api.w.org\/{rel}","templated":true}]}}