{"id":4585,"date":"2023-07-31T18:37:59","date_gmt":"2023-07-31T16:37:59","guid":{"rendered":"https:\/\/www.kananas.com\/de\/?page_id=4585"},"modified":"2025-12-17T15:59:38","modified_gmt":"2025-12-17T13:59:38","slug":"preise","status":"publish","type":"page","link":"https:\/\/www.kananas.com\/de\/preise\/","title":{"rendered":"Preise"},"content":{"rendered":"\n<h1 class=\"wp-block-heading padding30\">Preise<\/h1>\n\n\n\n<div class=\"wp-block-columns is-layout-flex wp-container-core-columns-is-layout-8f761849 wp-block-columns-is-layout-flex\">\n<div class=\"wp-block-column is-layout-flow wp-block-column-is-layout-flow\" style=\"flex-basis:5%\"><\/div>\n<\/div>\n\n\n\n<div class=\"wp-block-columns padding30 has-base-3-background-color has-background is-layout-flex wp-container-core-columns-is-layout-8f761849 wp-block-columns-is-layout-flex\">\n<div class=\"wp-block-column is-layout-flow wp-block-column-is-layout-flow\" style=\"flex-basis:2%\"><\/div>\n\n\n\n<div class=\"wp-block-column roundDiv has-base-background-color has-background is-layout-flow wp-block-column-is-layout-flow\">\n<div class=\"wp-block-group\"><div class=\"wp-block-group__inner-container is-layout-constrained wp-block-group-is-layout-constrained\">\n<h2 class=\"wp-block-heading has-text-align-center ghostkit-custom-Z1GptRC\" id=\"free\"><strong>Free<\/strong><\/h2>\n\n\n\n<p class=\"has-text-align-center wp-block-paragraph\">Ohne Verpflichtung<\/p>\n\n\n\n<div class=\"wp-block-columns is-layout-flex wp-container-core-columns-is-layout-8f761849 wp-block-columns-is-layout-flex\">\n<div class=\"wp-block-column is-layout-flow wp-block-column-is-layout-flow\">\n<h2 class=\"wp-block-heading has-text-align-center roundDiv has-base-3-color has-vivid-cyan-blue-to-vivid-purple-gradient-background has-text-color has-background has-link-color wp-elements-c0391cad3d8cc97f9a7f900227e82e6b\">0 \u20ac<\/h2>\n\n\n\n<ul class=\"wp-block-list\">\n<li>Zahlungseinzug (Online-Zahlung)<\/li>\n\n\n\n<li>Anmeldung: Mitgliedschaften, Veranstaltungen<\/li>\n\n\n\n<li>Kontaktverwaltung (50)<\/li>\n\n\n\n<li>Pers\u00f6nlicher Bereich<\/li>\n\n\n\n<li>Planungen<\/li>\n\n\n\n<li>Buchhaltung<\/li>\n\n\n\n<li>Shop<\/li>\n\n\n\n<li>Kartenterminal auf dem Smartphone (tap to pay)<\/li>\n<\/ul>\n<\/div>\n<\/div>\n<\/div><\/div>\n<\/div>\n\n\n\n<div class=\"wp-block-column is-layout-flow wp-block-column-is-layout-flow\" style=\"flex-basis:10%\"><\/div>\n\n\n\n<div class=\"wp-block-column roundDiv has-base-background-color has-background is-layout-flow wp-block-column-is-layout-flow\">\n<div class=\"wp-block-group\"><div class=\"wp-block-group__inner-container is-layout-constrained wp-block-group-is-layout-constrained\">\n<h2 class=\"wp-block-heading has-text-align-center ghostkit-custom-2m0MPs\" id=\"free\"><strong>Abonnent<\/strong><\/h2>\n\n\n\n<p class=\"has-text-align-center wp-block-paragraph\">Alle Tools, um Ihre Organisation einfach zu verwalten<\/p>\n\n\n\n<div class=\"wp-block-columns is-layout-flex wp-container-core-columns-is-layout-8f761849 wp-block-columns-is-layout-flex\">\n<div class=\"wp-block-column is-layout-flow wp-block-column-is-layout-flow\">\n<h2 class=\"wp-block-heading has-text-align-center roundDiv has-base-3-color has-vivid-cyan-blue-to-vivid-purple-gradient-background has-text-color has-background has-link-color wp-elements-56a0c28eb25fe1ae70f1bdddb1aa76bf\" id=\"o\">Ab 99 \u20ac\/Jahr<\/h2>\n\n\n\n<p class=\"wp-block-paragraph\">Alle Funktionen des Free-Tarifs plus:<\/p>\n\n\n\n<ul class=\"wp-block-list\">\n<li>Anpassbare Profile<\/li>\n\n\n\n<li>Website<\/li>\n\n\n\n<li>Mailings<\/li>\n\n\n\n<li>SMS<\/li>\n\n\n\n<li>Dokumentenverwaltung (Drive)<\/li>\n\n\n\n<li>Unbegrenzte Anzahl an Nutzern<\/li>\n\n\n\n<li>Support<\/li>\n\n\n\n<li>Backups<\/li>\n<\/ul>\n\n\n\n<p class=\"ghostkit-custom-18HOMR wp-block-paragraph\">Was kostet das?<\/p>\n<\/div>\n<\/div>\n\n\n\n<p class=\"roundDiv has-base-3-color has-accent-background-color has-text-color has-background has-link-color wp-elements-3c7e9c23943359199ec7f76770871004 wp-block-paragraph\"><strong>XS<\/strong> 250 Kontakte, 99 \u20ac \/ Jahr<\/p>\n\n\n\n<p class=\"roundDiv has-base-3-color has-accent-background-color has-text-color has-background has-link-color wp-elements-c8b0932b133d59acd3ab30a4f7df53dc wp-block-paragraph\"><strong>S<\/strong> 500 Kontakte, 198 \u20ac \/ Jahr<\/p>\n\n\n\n<p class=\"roundDiv has-base-3-color has-text-color has-background has-link-color wp-elements-57707d7c61c6ff9208c1eaca69cde689 wp-block-paragraph\" style=\"background:linear-gradient(135deg,rgb(6,147,227) 0%,rgb(155,81,224) 82%)\"><strong>M 1000 Kontakte, 366 \u20ac \/ Jahr<\/strong> <mark style=\"background-color:rgba(0, 0, 0, 0)\" class=\"has-inline-color has-base-2-color\">(am beliebtesten)<\/mark><\/p>\n\n\n\n<p class=\"roundDiv has-base-3-color has-accent-background-color has-text-color has-background has-link-color wp-elements-bfb7a9151f369e04f92b7571755d93a2 wp-block-paragraph\"><strong>L<\/strong> 2000 Kontakte, 685 \u20ac \/ Jahr<\/p>\n\n\n\n<p class=\"roundDiv has-base-3-color has-accent-background-color has-text-color has-background has-link-color wp-elements-2c69aba7778185cdba8783d6e5479fdd wp-block-paragraph\"><strong>XL<\/strong> 5000 Kontakte, 991 \u20ac \/ Jahr<\/p>\n\n\n\n<p class=\"roundDiv has-base-3-color has-accent-background-color has-text-color has-background has-link-color wp-elements-1ad540643ea8c66ec56938a8800d3871 wp-block-paragraph\"><strong>XXL<\/strong> 10 000 Kontakte, 1756 \u20ac \/ Jahr<\/p>\n\n\n\n<h4 class=\"wp-block-heading\" id=\"sur-mesure-nous-contacter\">Ma\u00dfgeschneidert: <a href=\"https:\/\/www.kananas.com\/de\/contact\/\" data-type=\"page\" data-id=\"4581\">Kontaktieren Sie uns<\/a><\/h4>\n<\/div><\/div>\n<\/div>\n\n\n\n<div class=\"wp-block-column is-layout-flow wp-block-column-is-layout-flow\" style=\"flex-basis:2%\"><\/div>\n<\/div>\n\n\n\n<div style=\"height:50px\" aria-hidden=\"true\" class=\"wp-block-spacer\"><\/div>\n\n\n\n<h2 class=\"wp-block-heading padding30\" id=\"questions-frequentes\">H\u00e4ufige Fragen<\/h2>\n\n\n\n<div class=\"wp-block-columns padding30 is-layout-flex wp-container-core-columns-is-layout-8f761849 wp-block-columns-is-layout-flex\">\n<div class=\"wp-block-column roundDiv has-contrast-color has-base-background-color has-text-color has-background has-link-color wp-elements-ee1a4ecf5885d867f9fd4c53258c57c4 is-layout-flow wp-block-column-is-layout-flow\">\n<div class=\"wp-block-group\"><div class=\"wp-block-group__inner-container is-layout-constrained wp-block-group-is-layout-constrained\">\n<p class=\"wp-block-paragraph\"><strong>Wie funktioniert die kostenlose Testphase?<\/strong><\/p>\n\n\n\n<p class=\"wp-block-paragraph\">Sie haben 30 Tage nach Ihrer Anmeldung Zeit, unsere Plattform kostenlos und ohne Verpflichtung zu testen. Am Ende dieser Testphase wird Ihr Konto auf die Free-Version (kostenlos) umgestellt. Wenn Sie Ihr Konto mindestens 6 Monate lang nicht mehr nutzen, wird es gel\u00f6scht.<\/p>\n<\/div><\/div>\n<\/div>\n\n\n\n<div class=\"wp-block-column roundDiv has-contrast-color has-base-background-color has-text-color has-background has-link-color wp-elements-77cc6b6ab6e1448e6965b89256317118 is-layout-flow wp-block-column-is-layout-flow\">\n<div class=\"wp-block-group\"><div class=\"wp-block-group__inner-container is-layout-constrained wp-block-group-is-layout-constrained\">\n<p class=\"wp-block-paragraph\"><strong>Ist es m\u00f6glich, meine Informationen wiederherzustellen?<\/strong><\/p>\n\n\n\n<p class=\"wp-block-paragraph\">Sie k\u00f6nnen jederzeit Ihre Datenbank oder Ihre Listen exportieren \u2013 sei es, um eine andere Software zu nutzen oder zur Konkurrenz zu wechseln. Sie sind nicht an unsere L\u00f6sung gebunden.<\/p>\n<\/div><\/div>\n<\/div>\n<\/div>\n\n\n\n<div class=\"wp-block-columns padding30 is-layout-flex wp-container-core-columns-is-layout-8f761849 wp-block-columns-is-layout-flex\">\n<div class=\"wp-block-column roundDiv has-contrast-color has-base-background-color has-text-color has-background has-link-color wp-elements-9e1e4f8d377571bc189dc0b31a582ba9 is-layout-flow wp-block-column-is-layout-flow\">\n<div class=\"wp-block-group\"><div class=\"wp-block-group__inner-container is-layout-constrained wp-block-group-is-layout-constrained\">\n<p class=\"wp-block-paragraph\"><strong>Was ist ein Kontakt?<\/strong><\/p>\n\n\n\n<p class=\"wp-block-paragraph\">Ein Kontakt ist eine nat\u00fcrliche oder juristische Person, die in Ihrer Datenbank gespeichert ist. Er kann unterschiedliche Typen haben: Mitglied, Ehrenamtlicher, Lieferant, Spender usw. \u2026 Die verschiedenen Typen sind konfigurierbar.<\/p>\n<\/div><\/div>\n<\/div>\n\n\n\n<div class=\"wp-block-column roundDiv has-contrast-color has-base-background-color has-text-color has-background has-link-color wp-elements-64e8691d7c163b2560f54a0c3d641b11 is-layout-flow wp-block-column-is-layout-flow\">\n<div class=\"wp-block-group\"><div class=\"wp-block-group__inner-container is-layout-constrained wp-block-group-is-layout-constrained\">\n<p class=\"wp-block-paragraph\"><strong>Kann ich mein Abo w\u00e4hrend der Laufzeit wechseln?<\/strong><\/p>\n\n\n\n<p class=\"wp-block-paragraph\">Sie k\u00f6nnen jederzeit auf das h\u00f6here Angebot wechseln. Sie zahlen den neuen Preis f\u00fcr die verbleibende Laufzeit Ihres Abonnements.<\/p>\n<\/div><\/div>\n<\/div>\n<\/div>\n\n\n\n<div class=\"wp-block-columns padding30 is-layout-flex wp-container-core-columns-is-layout-8f761849 wp-block-columns-is-layout-flex\">\n<div class=\"wp-block-column roundDiv has-contrast-color has-base-background-color has-text-color has-background has-link-color wp-elements-3ca94b505311268ec5fc6762c669dd5c is-layout-flow wp-block-column-is-layout-flow\">\n<div class=\"wp-block-group\"><div class=\"wp-block-group__inner-container is-layout-constrained wp-block-group-is-layout-constrained\">\n<p class=\"wp-block-paragraph\"><strong>Wie hoch sind die Transaktionsgeb\u00fchren?<\/strong><\/p>\n\n\n\n<p class=\"wp-block-paragraph\">Es gibt keine Transaktionsgeb\u00fchren: Unsere L\u00f6sung besteht darin, beim Bezahlen ein Trinkgeld vorzuschlagen, das die Geb\u00fchren abdeckt. Wenn das Trinkgeld abgelehnt wird, betragen die Transaktionsgeb\u00fchren 2,4% + 0,25\u20ac.<\/p>\n<\/div><\/div>\n<\/div>\n\n\n\n<div class=\"wp-block-column roundDiv has-contrast-color has-base-background-color has-text-color has-background has-link-color wp-elements-93d4b310376dadd72ae5a4479d887d0c is-layout-flow wp-block-column-is-layout-flow\">\n<div class=\"wp-block-group\"><div class=\"wp-block-group__inner-container is-layout-constrained wp-block-group-is-layout-constrained\">\n<p class=\"wp-block-paragraph\"><strong>Wie erfolgt die Verl\u00e4ngerung des Abonnements?<\/strong><\/p>\n\n\n\n<p class=\"wp-block-paragraph\">Am Ende des laufenden Abonnements werden Sie aufgefordert, es zu verl\u00e4ngern. Wenn Sie dies nicht m\u00f6chten, m\u00fcssen Sie einfach nicht reagieren. Bei Nichtverl\u00e4ngerung werden Ihre Daten 3 Monate nach Ablauf gel\u00f6scht.<\/p>\n<\/div><\/div>\n<\/div>\n<\/div>\n\n\n\n<div class=\"wp-block-columns padding30 is-layout-flex wp-container-core-columns-is-layout-8f761849 wp-block-columns-is-layout-flex\">\n<div class=\"wp-block-column roundDiv has-contrast-color has-base-background-color has-text-color has-background has-link-color wp-elements-11adcd8eb034926128cdf2efcf2e223e is-layout-flow wp-block-column-is-layout-flow\">\n<div class=\"wp-block-group\"><div class=\"wp-block-group__inner-container is-layout-constrained wp-block-group-is-layout-constrained\">\n<p class=\"wp-block-paragraph\"><strong>Was ist der pers\u00f6nliche Bereich?<\/strong><\/p>\n\n\n\n<p class=\"wp-block-paragraph\">Jeder Kontakt in Ihrer Datenbank hat Zugriff auf seinen pers\u00f6nlichen Bereich, in dem er seine Informationen aktualisieren, Kreditkartenzahlungen vornehmen und sich f\u00fcr Aktivit\u00e4ten anmelden kann.<\/p>\n<\/div><\/div>\n<\/div>\n\n\n\n<div class=\"wp-block-column ghostkit-custom-23GB5D has-contrast-color has-text-color has-link-color wp-elements-1c089098c99570af7d56261f5767ac75 is-layout-flow wp-block-column-is-layout-flow\">\n<p class=\"wp-block-paragraph\">Weitere Fragen?<\/p>\n\n\n\n<p class=\"wp-block-paragraph\"><strong><a href=\"https:\/\/www.kananas.com\/de\/contact\/\" data-type=\"page\" data-id=\"4581\">Kontaktieren Sie uns<\/a><\/strong><\/p>\n<\/div>\n<\/div>\n\n\n\n<div style=\"height:40px\" aria-hidden=\"true\" class=\"wp-block-spacer\"><\/div>\n\n\n\n<div class=\"wp-block-columns ghostkit-custom-Z2fnz1p has-base-3-color has-accent-background-color has-text-color has-background has-link-color wp-elements-e289c87f7add6a795e3afcbcb61af3d6 is-layout-flex wp-container-core-columns-is-layout-8f761849 wp-block-columns-is-layout-flex\">\n<div class=\"wp-block-column is-layout-flow wp-block-column-is-layout-flow\" style=\"flex-basis:5%\"><\/div>\n\n\n\n<div class=\"wp-block-column is-layout-flow wp-block-column-is-layout-flow\">\n<div style=\"height:100px\" aria-hidden=\"true\" class=\"wp-block-spacer\"><\/div>\n\n\n\n<div class=\"wp-block-columns is-layout-flex wp-container-core-columns-is-layout-8f761849 wp-block-columns-is-layout-flex\">\n<div class=\"wp-block-column is-layout-flow wp-block-column-is-layout-flow\" style=\"flex-basis:5%\"><\/div>\n\n\n\n<div class=\"wp-block-column is-layout-flow wp-block-column-is-layout-flow\">\n<h2 class=\"wp-block-heading\"><strong>Optimieren Sie Ihre Zeit, steigern Sie Ihren Verein mit Kananas<\/strong><\/h2>\n\n\n\n<p class=\"wp-block-paragraph\">Registrieren Sie sich kostenlos bei Kananas und genie\u00dfen Sie eine 30-t\u00e4gige Testphase ohne Kreditkarte.<\/p>\n\n\n\n<div style=\"height:20px\" aria-hidden=\"true\" class=\"wp-block-spacer\"><\/div>\n\n\n\n<div class=\"wp-block-buttons is-content-justification-center is-layout-flex wp-container-core-buttons-is-layout-fe48e5de wp-block-buttons-is-layout-flex\">\n<div class=\"wp-block-button has-custom-width wp-block-button__width-50\"><a class=\"wp-block-button__link has-accent-color has-base-2-background-color has-text-color has-background has-link-color has-medium-font-size has-custom-font-size wp-element-button\" href=\"https:\/\/backoffice.kananas.com\/action_manager.php?event=organisation_add&amp;p=1&amp;lang=DEU\" target=\"_blank\" rel=\"noreferrer noopener\">Starten<\/a><\/div>\n<\/div>\n<\/div>\n\n\n\n<div class=\"wp-block-column is-layout-flow wp-block-column-is-layout-flow\" style=\"flex-basis:5%\"><\/div>\n<\/div>\n\n\n\n<div style=\"height:100px\" aria-hidden=\"true\" class=\"wp-block-spacer\"><\/div>\n<\/div>\n\n\n\n<div class=\"wp-block-column is-vertically-aligned-center is-layout-flow wp-block-column-is-layout-flow\"><div class=\"wp-block-image is-style-rounded\">\n<figure class=\"aligncenter size-large is-resized\"><img decoding=\"async\" src=\"https:\/\/www.kananas.com\/wp-content\/uploads\/2024\/12\/Screenshot-2024-12-04-at-08-47-20-Free-Photo-Side-view-smiley-man-working-on-laptop-1024x683.png\" alt=\"\" class=\"wp-image-7872\" style=\"width:300px\"\/><\/figure>\n<\/div><\/div>\n\n\n\n<div class=\"wp-block-column is-layout-flow wp-block-column-is-layout-flow\" style=\"flex-basis:5%\"><\/div>\n<\/div>\n","protected":false},"excerpt":{"rendered":"<p>Preise Free Ohne Verpflichtung 0 \u20ac Abonnent Alle Tools, um Ihre Organisation einfach zu verwalten Ab 99 \u20ac\/Jahr Alle Funktionen des Free-Tarifs plus: Was kostet das? XS 250 Kontakte, 99 \u20ac \/ Jahr S 500 Kontakte, 198 \u20ac \/ Jahr M 1000 Kontakte, 366 \u20ac \/ Jahr (am beliebtesten) L 2000 Kontakte, 685 \u20ac \/ &#8230; <a title=\"Preise\" class=\"read-more\" href=\"https:\/\/www.kananas.com\/de\/preise\/\" aria-label=\"En savoir plus sur Preise\">Lire la suite<\/a><\/p>\n","protected":false},"author":1,"featured_media":0,"parent":0,"menu_order":0,"comment_status":"closed","ping_status":"closed","template":"","meta":{"_crdt_document":"","footnotes":""},"class_list":["post-4585","page","type-page","status-publish"],"_links":{"self":[{"href":"https:\/\/www.kananas.com\/de\/wp-json\/wp\/v2\/pages\/4585","targetHints":{"allow":["GET"]}}],"collection":[{"href":"https:\/\/www.kananas.com\/de\/wp-json\/wp\/v2\/pages"}],"about":[{"href":"https:\/\/www.kananas.com\/de\/wp-json\/wp\/v2\/types\/page"}],"author":[{"embeddable":true,"href":"https:\/\/www.kananas.com\/de\/wp-json\/wp\/v2\/users\/1"}],"replies":[{"embeddable":true,"href":"https:\/\/www.kananas.com\/de\/wp-json\/wp\/v2\/comments?post=4585"}],"version-history":[{"count":5,"href":"https:\/\/www.kananas.com\/de\/wp-json\/wp\/v2\/pages\/4585\/revisions"}],"predecessor-version":[{"id":4750,"href":"https:\/\/www.kananas.com\/de\/wp-json\/wp\/v2\/pages\/4585\/revisions\/4750"}],"wp:attachment":[{"href":"https:\/\/www.kananas.com\/de\/wp-json\/wp\/v2\/media?parent=4585"}],"curies":[{"name":"wp","href":"https:\/\/api.w.org\/{rel}","templated":true}]}}