{"id":4601,"date":"2023-08-04T17:26:15","date_gmt":"2023-08-04T15:26:15","guid":{"rendered":"https:\/\/www.kananas.com\/de\/?page_id=4601"},"modified":"2024-05-23T16:55:20","modified_gmt":"2024-05-23T14:55:20","slug":"danke-fur-deine-registrierung","status":"publish","type":"page","link":"https:\/\/www.kananas.com\/de\/danke-fur-deine-registrierung\/","title":{"rendered":"Danke f\u00fcr deine Registrierung"},"content":{"rendered":"<h1 style=\"text-align: center;\">Danke f\u00fcr deine Registrierung<\/h1>\n<p style=\"text-align: center;\"><img loading=\"lazy\" decoding=\"async\" class=\"aligncenter wp-image-4566 size-medium\" src=\"https:\/\/www.kananas.com\/wp-content\/uploads\/2023\/08\/thanks-300x300.png\" alt=\"\" width=\"300\" height=\"300\" \/><\/p>\n<p style=\"text-align: center;\">Um die Registrierung abzuschlie\u00dfen, antworten Sie bitte auf die Best\u00e4tigungs-E-Mail, die Sie in wenigen Minuten erhalten.<\/p>\n<p style=\"text-align: center;\">Wenn Sie diese E-Mail nicht erhalten, schauen Sie in der Spam-Ansicht Ihrer E-Mail nach, ansonsten kontaktieren Sie uns \u00fcber das <a href=\"https:\/\/www.kananas.com\/de\/contact\/\">Kontaktformular<\/a>.<\/p>\n<p>&nbsp;<\/p>\n<p style=\"text-align: center;\">\n","protected":false},"excerpt":{"rendered":"<p>Danke f\u00fcr deine Registrierung Um die Registrierung abzuschlie\u00dfen, antworten Sie bitte auf die Best\u00e4tigungs-E-Mail, die Sie in wenigen Minuten erhalten. Wenn Sie diese E-Mail nicht erhalten, schauen Sie in der Spam-Ansicht Ihrer E-Mail nach, ansonsten kontaktieren Sie uns \u00fcber das Kontaktformular. &nbsp;<\/p>\n","protected":false},"author":1,"featured_media":0,"parent":0,"menu_order":0,"comment_status":"closed","ping_status":"closed","template":"","meta":{"_crdt_document":"","footnotes":""},"class_list":["post-4601","page","type-page","status-publish"],"_links":{"self":[{"href":"https:\/\/www.kananas.com\/de\/wp-json\/wp\/v2\/pages\/4601","targetHints":{"allow":["GET"]}}],"collection":[{"href":"https:\/\/www.kananas.com\/de\/wp-json\/wp\/v2\/pages"}],"about":[{"href":"https:\/\/www.kananas.com\/de\/wp-json\/wp\/v2\/types\/page"}],"author":[{"embeddable":true,"href":"https:\/\/www.kananas.com\/de\/wp-json\/wp\/v2\/users\/1"}],"replies":[{"embeddable":true,"href":"https:\/\/www.kananas.com\/de\/wp-json\/wp\/v2\/comments?post=4601"}],"version-history":[{"count":2,"href":"https:\/\/www.kananas.com\/de\/wp-json\/wp\/v2\/pages\/4601\/revisions"}],"predecessor-version":[{"id":4603,"href":"https:\/\/www.kananas.com\/de\/wp-json\/wp\/v2\/pages\/4601\/revisions\/4603"}],"wp:attachment":[{"href":"https:\/\/www.kananas.com\/de\/wp-json\/wp\/v2\/media?parent=4601"}],"curies":[{"name":"wp","href":"https:\/\/api.w.org\/{rel}","templated":true}]}}