{"id":4605,"date":"2023-08-09T16:19:01","date_gmt":"2023-08-09T14:19:01","guid":{"rendered":"https:\/\/www.kananas.com\/de\/?page_id=4605"},"modified":"2023-08-09T16:22:37","modified_gmt":"2023-08-09T14:22:37","slug":"die-assoziative-welt-liegt-auf-kananas","status":"publish","type":"page","link":"https:\/\/www.kananas.com\/de\/die-assoziative-welt-liegt-auf-kananas\/","title":{"rendered":"Die assoziative Welt liegt auf Kananas"},"content":{"rendered":"<table class=\"aligncenter\" style=\"width: 80%; border-collapse: collapse; border-style: hidden;\" border=\"10\" cellspacing=\"20\" cellpadding=\"20\">\n<tbody>\n<tr>\n<td style=\"width: 50%; border-style: hidden; text-align: center; vertical-align: top;\">\n<h1><strong>Die assoziative Welt liegt auf Kananas.<\/strong><\/h1>\n<p>Was auch immer Ihr Fachgebiet ist, unser CRM kann f\u00fcr Sie n\u00fctzlich sein<\/p>\n<a href=\"https:\/\/backoffice.kananas.com\/action_manager.php?event=organisation_add&#038;p=1&#038;lang=DEU\" class=\"su-button su-button-style-flat\" style=\"color:#FFFFFF;background-color:#2D89EF;border-color:#246ec0;border-radius:8px\" target=\"_blank\" rel=\"noopener noreferrer\"><span style=\"color:#FFFFFF;padding:0px 22px;font-size:17px;line-height:34px;border-color:#6cadf4;border-radius:8px;text-shadow:none\"> Starten Sie Ihre 30-t\u00e4gige kostenlose Testversion<\/span><\/a><\/td>\n<\/tr>\n<\/tbody>\n<\/table>\n<p>&nbsp;<\/p>\n<p>&nbsp;<\/p>\n<table style=\"width: 100%; background-color: #17a2b8; border-style: hidden;\">\n<tbody>\n<tr style=\"height: 75px;\">\n<td style=\"width: 10%; border-style: hidden; height: 75px;\">\n<h2><\/h2>\n<\/td>\n<td style=\"border-style: hidden; height: 55px; width: 86.681%;\">\n<h2><\/h2>\n<\/td>\n<td style=\"width: 5.70113%; border-style: hidden; height: 75px;\">\n<h2><\/h2>\n<\/td>\n<\/tr>\n<tr style=\"height: 139px;\">\n<td style=\"width: 10%; border-style: hidden; height: 179px;\">\n<h2><\/h2>\n<\/td>\n<td style=\"border-style: hidden; height: 179px; width: 86.681%;\">\n<h2><span style=\"color: #ffffff;\">Jede Art von Organisation<\/span><\/h2>\n<p><span style=\"color: #ffffff;\">Verein, Freizeitzentrum, MJC, Gewerkschaft, Verband, Schule, Verein, NGO usw. ..<\/span><\/p>\n<p><span style=\"color: #ffffff;\">Eine Vielzahl von Organisationen vertrauen auf Kananas. Unabh\u00e4ngig von Ihrem T\u00e4tigkeitsbereich k\u00f6nnen Sie die Arbeit organisieren und die Effizienz Ihres Teams steigern.<\/span><\/td>\n<td style=\"width: 5.70113%; border-style: hidden; height: 179px;\">\n<h2><\/h2>\n<\/td>\n<\/tr>\n<tr style=\"border-style: hidden;\">\n<td style=\"width: 10%; border-style: hidden;\">\n<h2><\/h2>\n<\/td>\n<td style=\"width: 86.681%; ; border-style: hidden;\">\n<table style=\"width: 100%; border-collapse: collapse; border-style: hidden;\" border=\"0px\">\n<tbody>\n<tr style=\"height: 666px;\">\n<td style=\"width: 33.3333%; border-style: hidden; vertical-align: top;\"><div class=\"su-note shaded\"  style=\"border-color:#e5e5e5;border-radius:3px;-moz-border-radius:3px;-webkit-border-radius:3px;\"><div class=\"su-note-inner su-u-clearfix su-u-trim\" style=\"background-color:#FFFFFF;border-color:#ffffff;color:#333333;border-radius:3px;-moz-border-radius:3px;-webkit-border-radius:3px;\">\n<h3>Manager<\/h3>\n<p>Bieten Sie Ihren Teams einen einzigen Treffpunkt und eine globale, gemeinsame Sicht auf Ihre Kontakte.<\/p>\n<p>Automatisieren Sie Aufgaben, die wenig Wert haben, um sich auf Ihre Projekte zu konzentrieren.<\/p>\n<p>Verbessern Sie die Mitgliederverwaltung, vom Registrierungsprozess bis zur Nachverfolgung von Aktivit\u00e4ten und Beitr\u00e4gen.<\/p>\n<\/div><\/div>\n<div class=\"su-note shaded\"  style=\"border-color:#e5e5e5;border-radius:3px;-moz-border-radius:3px;-webkit-border-radius:3px;\"><div class=\"su-note-inner su-u-clearfix su-u-trim\" style=\"background-color:#FFFFFF;border-color:#ffffff;color:#333333;border-radius:3px;-moz-border-radius:3px;-webkit-border-radius:3px;\">\n<h3>Mitglieder<\/h3>\n<p>Mit dem pers\u00f6nlichen Bereich des Mitglieds geben Sie ihm Autonomie, es kann sich frei f\u00fcr Aktivit\u00e4ten anmelden und online bezahlen.<\/p>\n<p>Steigern Sie Ihre Rekrutierung dank des Online-Mitgliedschaftsformulars, das es einem Kontakt erm\u00f6glicht, seine Bewerbungsdatei zu erstellen.<\/p>\n<p>Kommunizieren Sie einfacher mit den Mailing- und SMS-Funktionen und \u00fcberwachen Sie die Wirksamkeit Ihrer Mailing-Kampagnen.<\/p>\n<\/div><\/div><\/td>\n<td style=\"width: 33.3333%; vertical-align: top;\"><div class=\"su-note shaded\"  style=\"border-color:#e5e5e5;border-radius:3px;-moz-border-radius:3px;-webkit-border-radius:3px;\"><div class=\"su-note-inner su-u-clearfix su-u-trim\" style=\"background-color:#FFFFFF;border-color:#ffffff;color:#333333;border-radius:3px;-moz-border-radius:3px;-webkit-border-radius:3px;\">\n<h3>Freiwillige<\/h3>\n<p>Konsultieren Sie die Missionen im gemeinsamen Zeitplan und registrieren Sie sich online.<\/p>\n<p>Steigern Sie die Engagementquote Ihrer Freiwilligen dank stets aktueller Informationen.<\/p>\n<p>Mobilisieren und rekrutieren Sie Freiwillige mit der Website, kommunizieren Sie mit ihnen \u00fcber gezielte Mailings und SMS oder \u00fcber Diskussionskan\u00e4le.<\/p>\n<\/div><\/div>\n<div class=\"su-note shaded\"  style=\"border-color:#e5e5e5;border-radius:3px;-moz-border-radius:3px;-webkit-border-radius:3px;\"><div class=\"su-note-inner su-u-clearfix su-u-trim\" style=\"background-color:#FFFFFF;border-color:#ffffff;color:#333333;border-radius:3px;-moz-border-radius:3px;-webkit-border-radius:3px;\">\n<h3>Vorgesetzte<\/h3>\n<p>Kananas tr\u00e4gt zur \u00dcberwachung von Aktivit\u00e4ten bei, indem es die Planung und die Sichtbarkeit von Informationen f\u00f6rdert.<\/p>\n<p>Dank Benachrichtigungen, Mailings und SMS bleiben Sie dauerhaft mit Ihren Kontakten verbunden.<\/p>\n<p>Verfolgen Sie die Anwesenheit mithilfe von QR-Code\/Kontaktgenerierung und In-App-Scanner genau.<\/p>\n<p>Verbessern und teilen Sie Ihr Wissen mithilfe von Notizfunktionen.<\/p>\n<\/div><\/div><\/td>\n<td style=\"width: 33.3333%; border-style: hidden; vertical-align: top;\"><div class=\"su-note shaded\"  style=\"border-color:#e5e5e5;border-radius:3px;-moz-border-radius:3px;-webkit-border-radius:3px;\"><div class=\"su-note-inner su-u-clearfix su-u-trim\" style=\"background-color:#FFFFFF;border-color:#ffffff;color:#333333;border-radius:3px;-moz-border-radius:3px;-webkit-border-radius:3px;\">\n<h3>Finanziell<\/h3>\n<p>Dank des Kananas CRM schaffen gro\u00dfe und kleine Unternehmen schneller Werte.<\/p>\n<p>Ihre Buchhaltung in Echtzeit, Online-Zahlungen flie\u00dfen automatisch auf die Konten.<\/p>\n<p>Dashboards, Export in andere Software, Nutzen Sie die \u00d6ffnung von Kananas, um noch weiter zu gehen.<\/p>\n<\/div><\/div>\n<div class=\"su-note shaded\"  style=\"border-color:#e5e5e5;border-radius:3px;-moz-border-radius:3px;-webkit-border-radius:3px;\"><div class=\"su-note-inner su-u-clearfix su-u-trim\" style=\"background-color:#FFFFFF;border-color:#ffffff;color:#333333;border-radius:3px;-moz-border-radius:3px;-webkit-border-radius:3px;\">\n<h3>Informatik<\/h3>\n<p>Erh\u00f6hen Sie die Rendite Ihrer Technologieinvestitionen, indem Sie Ihre Tools auf einer einzigen Plattform zusammenf\u00fchren.<\/p>\n<p>F\u00f6rdern Sie den Erfolg, indem Sie mit einer intuitiven Benutzeroberfl\u00e4che ein st\u00e4rkeres und dauerhaftes Engagement f\u00f6rdern<\/p>\n<p>Sichern Sie Ihre Daten mit automatisierten Backups.<\/p>\n<div class=\"v--zigzag__list__item\"><\/div><\/div><\/div>\n<\/td>\n<\/tr>\n<\/tbody>\n<\/table>\n<\/td>\n<td style=\"width: 5.70113%; border-style: hidden;\">\n<h2><\/h2>\n<p>&nbsp;<\/p>\n<p>&nbsp;<\/td>\n<\/tr>\n<\/tbody>\n<\/table>\n<p>&nbsp;<\/p>\n<p><img loading=\"lazy\" decoding=\"async\" class=\"aligncenter wp-image-3600 size-full\" src=\"https:\/\/www.kananas.com\/wp-content\/uploads\/2022\/07\/ensemble.png\" alt=\"\" width=\"564\" height=\"410\" \/><\/p>\n<p>&nbsp;<\/p>\n<p style=\"text-align: center;\"><a href=\"https:\/\/backoffice.kananas.com\/action_manager.php?event=organisation_add&#038;p=1&#038;lang=DEU\" class=\"su-button su-button-style-flat\" style=\"color:#FFFFFF;background-color:#2D89EF;border-color:#246ec0;border-radius:8px\" target=\"_blank\" rel=\"noopener noreferrer\"><span style=\"color:#FFFFFF;padding:0px 22px;font-size:17px;line-height:34px;border-color:#6cadf4;border-radius:8px;text-shadow:none\"> Starten Sie Ihre 30-t\u00e4gige kostenlose Testversion<\/span><\/a>\n<p>&nbsp;<\/p>\n<p>&nbsp;<\/p>\n","protected":false},"excerpt":{"rendered":"<p>Die assoziative Welt liegt auf Kananas. Was auch immer Ihr Fachgebiet ist, unser CRM kann f\u00fcr Sie n\u00fctzlich sein &nbsp; &nbsp; Jede Art von Organisation Verein, Freizeitzentrum, MJC, Gewerkschaft, Verband, Schule, Verein, NGO usw. .. Eine Vielzahl von Organisationen vertrauen auf Kananas. Unabh\u00e4ngig von Ihrem T\u00e4tigkeitsbereich k\u00f6nnen Sie die Arbeit organisieren und die Effizienz Ihres &#8230; <a title=\"Die assoziative Welt liegt auf Kananas\" class=\"read-more\" href=\"https:\/\/www.kananas.com\/de\/die-assoziative-welt-liegt-auf-kananas\/\" aria-label=\"En savoir plus sur Die assoziative Welt liegt auf Kananas\">Lire la suite<\/a><\/p>\n","protected":false},"author":1,"featured_media":0,"parent":0,"menu_order":0,"comment_status":"closed","ping_status":"closed","template":"","meta":{"_crdt_document":"","footnotes":""},"class_list":["post-4605","page","type-page","status-publish"],"_links":{"self":[{"href":"https:\/\/www.kananas.com\/de\/wp-json\/wp\/v2\/pages\/4605","targetHints":{"allow":["GET"]}}],"collection":[{"href":"https:\/\/www.kananas.com\/de\/wp-json\/wp\/v2\/pages"}],"about":[{"href":"https:\/\/www.kananas.com\/de\/wp-json\/wp\/v2\/types\/page"}],"author":[{"embeddable":true,"href":"https:\/\/www.kananas.com\/de\/wp-json\/wp\/v2\/users\/1"}],"replies":[{"embeddable":true,"href":"https:\/\/www.kananas.com\/de\/wp-json\/wp\/v2\/comments?post=4605"}],"version-history":[{"count":4,"href":"https:\/\/www.kananas.com\/de\/wp-json\/wp\/v2\/pages\/4605\/revisions"}],"predecessor-version":[{"id":4610,"href":"https:\/\/www.kananas.com\/de\/wp-json\/wp\/v2\/pages\/4605\/revisions\/4610"}],"wp:attachment":[{"href":"https:\/\/www.kananas.com\/de\/wp-json\/wp\/v2\/media?parent=4605"}],"curies":[{"name":"wp","href":"https:\/\/api.w.org\/{rel}","templated":true}]}}