{"id":4634,"date":"2023-08-09T17:12:41","date_gmt":"2023-08-09T15:12:41","guid":{"rendered":"https:\/\/www.kananas.com\/de\/?page_id=4634"},"modified":"2024-08-15T11:43:23","modified_gmt":"2024-08-15T09:43:23","slug":"verwaltungssoftware-fur-schwimmvereine","status":"publish","type":"page","link":"https:\/\/www.kananas.com\/de\/verwaltungssoftware-fur-schwimmvereine\/","title":{"rendered":"Verwaltungssoftware f\u00fcr Schwimmvereine"},"content":{"rendered":"<h1 style=\"padding-left: 40px;\">Verwalten Sie Ihren Schwimmverein online<\/h1>\n<h3 style=\"padding-left: 40px;\">Die kostenlose Software f\u00fcr Sportverb\u00e4nde<\/h3>\n<p style=\"padding-left: 40px;\"><a href=\"https:\/\/backoffice.kananas.com\/action_manager.php?event=organisation_add&#038;p=1&#038;lang=DEU\" class=\"su-button su-button-style-flat\" style=\"color:#FFFFFF;background-color:#9FBB58;border-color:#809647;border-radius:8px\" target=\"_blank\" rel=\"noopener noreferrer\"><span style=\"color:#FFFFFF;padding:0px 22px;font-size:17px;line-height:34px;border-color:#bcd08b;border-radius:8px;text-shadow:none\"> Beginnen<\/span><\/a>\n<div style=\"align: center; height: 300px; width: 100%; background: url('https:\/\/www.kananas.com\/wp-content\/uploads\/2022\/09\/logiciel-club-de-natation.png'); background-size: 100%; ; background-repeat: no-repeat;\"><\/div>\n<table style=\"width: 100%; border-collapse: collapse; border-style: hidden;\">\n<tbody>\n<tr>\n<td style=\"border-style: hidden; width: 5%;\"><\/td>\n<td style=\"width: 50%; border-style: hidden; padding: 20px;\"><\/td>\n<td style=\"width: 40%; border-style: hidden; padding: 20px;\"><\/td>\n<td style=\"width: 5%; border-style: hidden;\"><\/td>\n<\/tr>\n<tr>\n<td style=\"border-style: hidden;\"><\/td>\n<td style=\"wborder-style: hidden; padding: 20px;\"><img loading=\"lazy\" decoding=\"async\" class=\"aligncenter wp-image-4563 size-large\" src=\"http:\/\/www.kananas.com\/de\/wp-content\/uploads\/sites\/2146\/2023\/07\/Kontakt-1.png\" alt=\"\" width=\"1024\" height=\"584\" \/><\/td>\n<td style=\"border-style: hidden; padding: 20px;\">\n<h3>Alle Ihre Mitgliedsinformationen immer zur Hand<\/h3>\n<p>Auf die Kananas-Datenbank kann von \u00fcberall aus zugegriffen werden, auch von unterwegs (vorbehaltlich einer 3G-Verbindung). Jedes Mitglied verf\u00fcgt \u00fcber eine personalisierte Datei, die Ihren Bed\u00fcrfnissen entspricht: Elternnummer, Lizenz, \u00e4rztliches Attest, Wettkampfverlauf usw. &#8230;<\/p>\n<h3>Suche nach mehreren Kriterien<\/h3>\n<p>Mit Suchfiltern k\u00f6nnen Sie die Empf\u00e4nger Ihrer Kommunikationskampagnen (Mail und SMS) gezielt ansprechen. Ob Wettbewerbsvorschlag, Einladung zu einer Schulung oder einem Grillfest, die leistungsstarken Kommunikationsfunktionen garantieren die Verbindung zu Ihren Mitgliedern.<\/p>\n<h3>Leistungs- und Verf\u00fcgbarkeitsmanagement<\/h3>\n<p>Bereiten Sie dank des Planungsmanagements Ihre Aktivit\u00e4ten vor, indem Sie die Verf\u00fcgbarkeit der verbleibenden Pl\u00e4tze pr\u00fcfen, Ihre Gruppen bilden und Trainer zuteilen.<\/td>\n<td style=\"border-style: hidden;\"><\/td>\n<\/tr>\n<\/tbody>\n<\/table>\n<p>&nbsp;<\/p>\n<table style=\"width: 100%; border-collapse: collapse; border-style: hidden;\">\n<tbody>\n<tr>\n<td style=\"width: 10%; border-style: hidden;\"><\/td>\n<td style=\"width: 80%; border-style: hidden;\">\n<h1><strong>Dank der Zeitersparnis unserer Software haben Sie mehr Zeit zum Schwimmen und weniger Zeit f\u00fcr die Verwaltung.<\/strong><\/h1>\n<p><img loading=\"lazy\" decoding=\"async\" class=\"alignright wp-image-2515 size-medium\" src=\"https:\/\/www.kananas.com\/wp-content\/uploads\/2019\/05\/Screenshot-2019-5-21-Top-60-Swimming-Pool-Course-Stock-Photos-Pictures-and-Images-iStock1-300x200.png\" alt=\"logiciel gestion club athl\u00e9tisme\" width=\"300\" height=\"202\" \/><\/p>\n<p>\u00dcber die Website und den pers\u00f6nlichen Bereich k\u00f6nnen sich Ihre Mitglieder f\u00fcr Aktivit\u00e4ten (Schulungen, Treffen, Wettbewerbe usw.) anmelden. Dadurch k\u00f6nnen sie auch ihre Informationen aktualisieren, ohne dass eine erneute Eingabe erforderlich ist.<\/p>\n<p>Mitglieder, Betreuer, Eltern, alle haben zudem die M\u00f6glichkeit, \u00fcber den Store online einzukaufen.<\/p>\n<p><img loading=\"lazy\" decoding=\"async\" class=\"alignleft wp-image-2516 size-medium\" src=\"https:\/\/www.kananas.com\/wp-content\/uploads\/2019\/05\/Screenshot-2019-5-21-Top-60-Swimming-Pool-Course-Stock-Photos-Pictures-and-Images-iStock-300x200.png\" alt=\"logiciel gestion club athl\u00e9tisme\" width=\"300\" height=\"204\" \/><\/p>\n<p>Mit der Website profitiert Ihr Club vom <strong>Online-Mitgliedschaftsformular<\/strong>. Die von zuk\u00fcnftigen Mitgliedern eingegebenen Daten erstellen automatisch ihre Datei in Ihrer Datenbank.<\/p>\n<p>Personalisieren Sie die Dateien, indem Sie Felder (Beruf, Niveau, Lizenz usw.) hinzuf\u00fcgen und Notizen zu den Dateien hinzuf\u00fcgen, denen Sie folgen m\u00f6chten.<\/p>\n<p>Verbessern Sie Ihre Kommunikation \u00fcber die Mailing- und <strong>SMS<\/strong>-Funktionen und benachrichtigen Sie schnell, dass der Wettbewerb am n\u00e4chsten Tag abgesagt wird, indem Sie SMS direkt aus der Anwendung senden.<\/td>\n<td style=\"width: 10%; border-style: hidden;\"><\/td>\n<\/tr>\n<\/tbody>\n<\/table>\n<div style=\"text-align: center; padding: 10px; margin-top: 20px; margin-bottom: 20px;\"><a href=\"https:\/\/backoffice.kananas.com\/action_manager.php?event=organisation_add&#038;p=1&#038;lang=DEU\" class=\"su-button su-button-style-flat\" style=\"color:#FFFFFF;background-color:#9FBB58;border-color:#809647;border-radius:8px\" target=\"_blank\" rel=\"noopener noreferrer\"><span style=\"color:#FFFFFF;padding:0px 22px;font-size:17px;line-height:34px;border-color:#bcd08b;border-radius:8px;text-shadow:none\"> Beginnen<\/span><\/a><\/div>\n<div><\/div>\n<table class=\" aligncenter\" style=\"width: 100%; border-collapse: collapse; border-style: hidden; background-color: #17a2b8; border-color: #17a2b8;\" cellpadding=\"40px\">\n<tbody>\n<tr>\n<td style=\"width: 10%; text-align: center; vertical-align: top; padding: 40px; border-style: hidden;\" colspan=\"5\">&nbsp;<\/p>\n<h1><span style=\"color: #ffffff;\">Vereinfachen Sie die Verwaltung Ihres Clubs mit einem einzigen sicheren Tool, das Ihnen Folgendes bietet<\/span><\/h1>\n<\/td>\n<\/tr>\n<tr>\n<td style=\"width: 10%; text-align: center; vertical-align: top; padding: 40px; border-style: hidden;\"><\/td>\n<td style=\"text-align: center; vertical-align: top; padding: 40px; border-style: hidden;\"><div class=\"su-note shaded\"  style=\"border-color:#e5e5e5;border-radius:3px;-moz-border-radius:3px;-webkit-border-radius:3px;\"><div class=\"su-note-inner su-u-clearfix su-u-trim\" style=\"background-color:#FFFFFF;border-color:#ffffff;color:#333333;border-radius:3px;-moz-border-radius:3px;-webkit-border-radius:3px;\">\n<div>\n<h3>Mitgliedschaften<\/h3>\n<p><img decoding=\"async\" src=\"http:\/\/www.kananas.com\/wp-content\/uploads\/2018\/12\/handshake.png\" alt=\"adh\u00e9sions\" width=\"90\" \/><\/p>\n<\/div>\n<div>Online-Mitgliedschaft in Ihrem Club, mit Eingabe von Informationen und Zahlung der Mitgliedsbeitr\u00e4ge. Gr\u00f6\u00dfe, Notrufnummern, Ordner sind konfigurierbar<\/div>\n<\/div><\/div><\/td>\n<td style=\"text-align: center; vertical-align: top; padding: 40px; border-style: hidden;\"><div class=\"su-note shaded\"  style=\"border-color:#e5e5e5;border-radius:3px;-moz-border-radius:3px;-webkit-border-radius:3px;\"><div class=\"su-note-inner su-u-clearfix su-u-trim\" style=\"background-color:#FFFFFF;border-color:#ffffff;color:#333333;border-radius:3px;-moz-border-radius:3px;-webkit-border-radius:3px;\">\n<div>\n<h3>Webseite<\/h3>\n<p><img decoding=\"async\" src=\"http:\/\/www.kananas.com\/wp-content\/uploads\/2018\/12\/web-site-builder.png\" alt=\"website\" width=\"70px\" \/><\/p>\n<\/div>\n<div>Verwalten Sie Ihre Website ohne Computerkenntnisse und bieten Sie Ihren Sportlern einen pers\u00f6nlichen Bereich und einen Online-Shop.<\/div>\n<\/div><\/div><\/td>\n<td style=\"text-align: center; vertical-align: top; padding: 40px; border-style: hidden;\"><div class=\"su-note shaded\"  style=\"border-color:#e5e5e5;border-radius:3px;-moz-border-radius:3px;-webkit-border-radius:3px;\"><div class=\"su-note-inner su-u-clearfix su-u-trim\" style=\"background-color:#FFFFFF;border-color:#ffffff;color:#333333;border-radius:3px;-moz-border-radius:3px;-webkit-border-radius:3px;\">\n<div>\n<h3>Buchhaltung<\/h3>\n<p><img decoding=\"async\" src=\"http:\/\/www.kananas.com\/wp-content\/uploads\/2018\/12\/finance.png\" alt=\"comptabilit\u00e9\" width=\"70px\" \/><\/p>\n<\/div>\n<div>Dashboard und integrierte Statistikfunktionen helfen Ihnen bei der guten Finanzverwaltung Ihres Vereins.<\/div>\n<\/div><\/div><\/td>\n<td style=\"width: 10%; text-align: center; vertical-align: top; padding: 40px; border-style: hidden;\"><\/td>\n<\/tr>\n<tr>\n<td style=\"text-align: center; vertical-align: top; padding: 40px; border-style: hidden;\"><\/td>\n<td style=\"text-align: center; vertical-align: top; padding: 40px; border-style: hidden;\"><div class=\"su-note shaded\"  style=\"border-color:#e5e5e5;border-radius:3px;-moz-border-radius:3px;-webkit-border-radius:3px;\"><div class=\"su-note-inner su-u-clearfix su-u-trim\" style=\"background-color:#FFFFFF;border-color:#ffffff;color:#333333;border-radius:3px;-moz-border-radius:3px;-webkit-border-radius:3px;\">\n<div>\n<h3>Mitglieder<\/h3>\n<p><img decoding=\"async\" src=\"http:\/\/www.kananas.com\/wp-content\/uploads\/2018\/12\/icon_053580_256.png\" alt=\"Members\" width=\"70px\" \/><\/p>\n<\/div>\n<div>Die Dateien Ihrer Mitglieder ganz einfach, jederzeit und von \u00fcberall, auch unterwegs (3G-Verbindung vorausgesetzt).<\/div>\n<\/div><\/div><\/td>\n<td style=\"text-align: center; vertical-align: top; padding: 40px; border-style: hidden;\"><div class=\"su-note shaded\"  style=\"border-color:#e5e5e5;border-radius:3px;-moz-border-radius:3px;-webkit-border-radius:3px;\"><div class=\"su-note-inner su-u-clearfix su-u-trim\" style=\"background-color:#FFFFFF;border-color:#ffffff;color:#333333;border-radius:3px;-moz-border-radius:3px;-webkit-border-radius:3px;\">\n<div>\n<h3>Unterlagen<\/h3>\n<p><img decoding=\"async\" src=\"http:\/\/www.kananas.com\/wp-content\/uploads\/2018\/12\/document.jpg\" alt=\"Documents\" width=\"60px\" \/><\/p>\n<\/div>\n<div>Alle Ihre Dokumente zentral in einer sicheren und gespeicherten Umgebung: Lizenzen, \u00e4rztliche Atteste, Versicherungen usw. &#8230;<\/div>\n<\/div><\/div><\/td>\n<td style=\"text-align: center; vertical-align: top; padding: 40px; border-style: hidden;\"><div class=\"su-note shaded\"  style=\"border-color:#e5e5e5;border-radius:3px;-moz-border-radius:3px;-webkit-border-radius:3px;\"><div class=\"su-note-inner su-u-clearfix su-u-trim\" style=\"background-color:#FFFFFF;border-color:#ffffff;color:#333333;border-radius:3px;-moz-border-radius:3px;-webkit-border-radius:3px;\">\n<div>\n<h3>Mailings<\/h3>\n<p><img decoding=\"async\" src=\"http:\/\/www.kananas.com\/wp-content\/uploads\/2018\/12\/tracking-email.png\" alt=\"Mailing\" width=\"70px\" \/><\/p>\n<\/div>\n<div>Kommunizieren Sie mit Ihren Mitgliedern. \u00dcberwachung des E-Mail-Empfangs. Automatisieren Sie Ihren E-Mail-Versand bei bestimmten Aktionen: Registrierung f\u00fcr eine Aktivit\u00e4t, Online-Mitgliedschaft usw. &#8230;<\/div>\n<\/div><\/div><\/td>\n<td style=\"text-align: center; vertical-align: top; padding: 40px; border-style: hidden;\"><\/td>\n<\/tr>\n<tr>\n<td style=\"text-align: center; vertical-align: top; padding: 40px; border-style: hidden;\"><\/td>\n<td style=\"text-align: center; vertical-align: top; padding: 40px; border-style: hidden;\"><div class=\"su-note shaded\"  style=\"border-color:#e5e5e5;border-radius:3px;-moz-border-radius:3px;-webkit-border-radius:3px;\"><div class=\"su-note-inner su-u-clearfix su-u-trim\" style=\"background-color:#FFFFFF;border-color:#ffffff;color:#333333;border-radius:3px;-moz-border-radius:3px;-webkit-border-radius:3px;\">\n<div>\n<h3>Onlinebezahlung<\/h3>\n<p><img decoding=\"async\" src=\"http:\/\/www.kananas.com\/wp-content\/uploads\/2018\/12\/credit-card.png\" alt=\"Online payment\" width=\"70px\" \/><\/p>\n<\/div>\n<div>Akzeptieren und verfolgen Sie Kreditkartenzahlungen, automatische Belegerstellung in der Buchhaltung.<\/div>\n<\/div><\/div><\/td>\n<td style=\"text-align: center; vertical-align: top; padding: 40px; border-style: hidden;\"><div class=\"su-note shaded\"  style=\"border-color:#e5e5e5;border-radius:3px;-moz-border-radius:3px;-webkit-border-radius:3px;\"><div class=\"su-note-inner su-u-clearfix su-u-trim\" style=\"background-color:#FFFFFF;border-color:#ffffff;color:#333333;border-radius:3px;-moz-border-radius:3px;-webkit-border-radius:3px;\">\n<div>\n<h3>SMS<\/h3>\n<p><img decoding=\"async\" src=\"http:\/\/www.kananas.com\/wp-content\/uploads\/2018\/12\/sms.png\" alt=\"Mailing\" width=\"60px\" \/><\/p>\n<\/div>\n<div>Organisatorisches Problem, freie Pl\u00e4tze, SMS aus der Bewerbung versenden, um Ihre Mitglieder schnell zu informieren.<\/div>\n<\/div><\/div><\/td>\n<td style=\"text-align: center; vertical-align: top; padding: 40px; border-style: hidden;\"><div class=\"su-note shaded\"  style=\"border-color:#e5e5e5;border-radius:3px;-moz-border-radius:3px;-webkit-border-radius:3px;\"><div class=\"su-note-inner su-u-clearfix su-u-trim\" style=\"background-color:#FFFFFF;border-color:#ffffff;color:#333333;border-radius:3px;-moz-border-radius:3px;-webkit-border-radius:3px;\">\n<div>\n<h3>Aktivit\u00e4ten<\/h3>\n<\/div>\n<p><img decoding=\"async\" src=\"http:\/\/www.kananas.com\/wp-content\/uploads\/2018\/12\/seo-21-512.png\" alt=\"activit\u00e9s\" width=\"70px\" \/><\/p>\n<div>Verwalten Sie Ihre Aktivit\u00e4ten, verkaufen Sie Ausfl\u00fcge online, organisieren Sie Ihr Training und Ihre Niveaugruppen.<\/div>\n<\/div><\/div><\/td>\n<td style=\"text-align: center; vertical-align: top; padding: 40px; border-style: hidden;\">&nbsp;<\/p>\n<p>&nbsp;<\/td>\n<\/tr>\n<\/tbody>\n<\/table>\n<div style=\"text-align: center; padding: 10px; margin-top: 20px; margin-bottom: 20px;\"><a href=\"https:\/\/backoffice.kananas.com\/action_manager.php?event=organisation_add&#038;p=1&#038;lang=DEU\" class=\"su-button su-button-style-flat\" style=\"color:#FFFFFF;background-color:#9FBB58;border-color:#809647;border-radius:8px\" target=\"_blank\" rel=\"noopener noreferrer\"><span style=\"color:#FFFFFF;padding:0px 22px;font-size:17px;line-height:34px;border-color:#bcd08b;border-radius:8px;text-shadow:none\"> Beginnen<\/span><\/a><\/div>\n<div style=\"text-align: center; padding: 10px; margin-top: 20px; margin-bottom: 20px;\"><img loading=\"lazy\" decoding=\"async\" class=\"aligncenter wp-image-2514 size-medium\" src=\"https:\/\/www.kananas.com\/wp-content\/uploads\/2019\/05\/Screenshot-2019-5-21-Top-60-Swimming-Pool-Course-Stock-Photos-Pictures-and-Images-iStock2-300x200.png\" alt=\"logiciel gestion club athl\u00e9tisme\" width=\"300\" height=\"201\" \/><\/div>\n","protected":false},"excerpt":{"rendered":"<p>Verwalten Sie Ihren Schwimmverein online Die kostenlose Software f\u00fcr Sportverb\u00e4nde Alle Ihre Mitgliedsinformationen immer zur Hand Auf die Kananas-Datenbank kann von \u00fcberall aus zugegriffen werden, auch von unterwegs (vorbehaltlich einer 3G-Verbindung). Jedes Mitglied verf\u00fcgt \u00fcber eine personalisierte Datei, die Ihren Bed\u00fcrfnissen entspricht: Elternnummer, Lizenz, \u00e4rztliches Attest, Wettkampfverlauf usw. &#8230; Suche nach mehreren Kriterien Mit Suchfiltern &#8230; <a title=\"Verwaltungssoftware f\u00fcr Schwimmvereine\" class=\"read-more\" href=\"https:\/\/www.kananas.com\/de\/verwaltungssoftware-fur-schwimmvereine\/\" aria-label=\"En savoir plus sur Verwaltungssoftware f\u00fcr Schwimmvereine\">Lire la suite<\/a><\/p>\n","protected":false},"author":1,"featured_media":0,"parent":0,"menu_order":0,"comment_status":"closed","ping_status":"closed","template":"","meta":{"_crdt_document":"","footnotes":""},"class_list":["post-4634","page","type-page","status-publish"],"_links":{"self":[{"href":"https:\/\/www.kananas.com\/de\/wp-json\/wp\/v2\/pages\/4634","targetHints":{"allow":["GET"]}}],"collection":[{"href":"https:\/\/www.kananas.com\/de\/wp-json\/wp\/v2\/pages"}],"about":[{"href":"https:\/\/www.kananas.com\/de\/wp-json\/wp\/v2\/types\/page"}],"author":[{"embeddable":true,"href":"https:\/\/www.kananas.com\/de\/wp-json\/wp\/v2\/users\/1"}],"replies":[{"embeddable":true,"href":"https:\/\/www.kananas.com\/de\/wp-json\/wp\/v2\/comments?post=4634"}],"version-history":[{"count":2,"href":"https:\/\/www.kananas.com\/de\/wp-json\/wp\/v2\/pages\/4634\/revisions"}],"predecessor-version":[{"id":4647,"href":"https:\/\/www.kananas.com\/de\/wp-json\/wp\/v2\/pages\/4634\/revisions\/4647"}],"wp:attachment":[{"href":"https:\/\/www.kananas.com\/de\/wp-json\/wp\/v2\/media?parent=4634"}],"curies":[{"name":"wp","href":"https:\/\/api.w.org\/{rel}","templated":true}]}}