{"id":4702,"date":"2023-08-14T15:37:14","date_gmt":"2023-08-14T13:37:14","guid":{"rendered":"https:\/\/www.kananas.com\/de\/?page_id=4702"},"modified":"2025-02-19T17:28:53","modified_gmt":"2025-02-19T15:28:53","slug":"allgemeine-geschaftsbedingungen","status":"publish","type":"page","link":"https:\/\/www.kananas.com\/de\/allgemeine-geschaftsbedingungen\/","title":{"rendered":"Allgemeine geschaftsbedingungen"},"content":{"rendered":"<p>Der vorliegende Vertrag regelt die Verpflichtungen und Rechte des Kunden\/Nutzers und des Unternehmens KIWI sas. Definition des Dienstes. Das Unternehmen KIWI sasu stellt den Internetnutzern eine Webanwendung zur Verf\u00fcgung, mit der die Verwaltung eines Vereins \u00fcber die Website www.kananas.com erm\u00f6glicht wird. Die rechtlichen Hinweise finden Sie auf dieser Seite. Das Unternehmen KIWI sasu ist unter der SIREN-Nummer 819424904 registriert. Die Adresse lautet: 169 chemin des adrechs de valcros 83440 Montauroux, Frankreich. Die Anwendung ist unter der Internetadresse www.kananas.com gehostet und umfasst die Benutzeroberfl\u00e4che und die Datenbank. Der KUNDE der Anwendung www.kananas.com ist eine gemeinn\u00fctzige Organisation. Die Vereinsverwaltungsplattform umfasst 2 Softwarel\u00f6sungen, das Backoffice und die Website. Eine Beschreibung der angebotenen Dienstleistungen finden Sie auf der Website www.kananas.com. Verwaltungskosten Der Zugang f\u00fcr einen Kunden, der ein Abonnement abgeschlossen hat, erfolgt gegen Zahlung einer Geb\u00fchr f\u00fcr einen Zeitraum von einem Jahr. F\u00fcr den Zugang zur Vereinsverwaltungsplattform kananas.com betr\u00e4gt der j\u00e4hrliche Abonnementpreis http:\/\/www.kananas.com\/tarifs\/. Die Zahlung erfolgt online \u00fcber den Partner Stripe, der die Vertraulichkeit der Transaktion gew\u00e4hrleistet. KIWI sasu hat keine Kenntnis von den Bankinformationen des KUNDEN. Qualit\u00e4ts- und Verantwortungsverpflichtungen KIWI sasu verpflichtet sich, alle erforderlichen Ma\u00dfnahmen zu ergreifen, um seine Aufgaben ordnungsgem\u00e4\u00df zu erf\u00fcllen und insbesondere den reibungslosen Betrieb seiner Vereinsverwaltungsplattform im Rahmen dieses Vertrags zu gew\u00e4hrleisten. Aus diesem Grund wird KIWI sasu im Interesse der Servicequalit\u00e4t f\u00fcr seine Kunden Folgendes umsetzen: Technische Ma\u00dfnahmen, um dem KUNDEN angemessene Leistungen zu bieten. Systeme zur Sicherung der gespeicherten Kundeninformationen (Backoffice-Daten). Ein Verfahren zur Wiederherstellung der gespeicherten Kundeninformationen (SQL-Format). Trotz aller Sorgfalt, die von KIWI sasu und seinen technischen Partnern aufgewendet wird, um seine Vereinsverwaltungsplattform www.kananas.com zu betreiben, zu \u00fcberpr\u00fcfen und zu aktualisieren, kann KIWI sasu in keinem Fall haftbar gemacht werden, wenn der KUNDE direkt oder indirekt finanzielle oder technische Sch\u00e4den, Betriebsverluste oder Beeintr\u00e4chtigungen des Markenimages oder andere Sch\u00e4den jeglicher Art erleidet, die sich aus der Nutzung eines der Module seiner Vereinsverwaltungsplattform ergeben k\u00f6nnten. Es ist ausdr\u00fccklich vereinbart, dass der KUNDE seine finanziellen, industriellen und beruflichen Risiken tr\u00e4gt. In jedem Fall k\u00f6nnen im Falle einer von KIWI sasu aus irgendeinem Grund festgestellten Haftung die Entsch\u00e4digungen oder Schadensersatzleistungen, die KIWI sasu an den KUNDEN zahlen k\u00f6nnte, den Betrag der j\u00e4hrlichen Geb\u00fchr nicht \u00fcbersteigen, die der KUNDE f\u00fcr die Nutzung seiner Vereinsverwaltungsplattform bezahlt hat. Verf\u00fcgbarkeit &#8211; Authentifizierung Der Zugang zur Vereinsverwaltungsplattform ist rund um die Uhr unter folgender Adresse m\u00f6glich: http:\/\/www.kananas.com. Es wird ausdr\u00fccklich anerkannt, dass aus Gr\u00fcnden der f\u00fcr den reibungslosen Betrieb seiner Dienste erforderlichen technischen Wartung der Zugang vor\u00fcbergehend unterbrochen werden kann, ohne dass der KUNDE Anspruch auf eine Entsch\u00e4digung in irgendeiner Form geltend machen kann. Um die Vereinsverwaltungsplattform zu nutzen, verf\u00fcgt der KUNDE \u00fcber Zugangscodes, die ihm von KIWI sasu am Tag der Bereitstellung des Vereinsverwaltungsdienstes zugewiesen wurden. Die Zugangscodes gelten als notwendig und ausreichend, um den KUNDEN vertraglich im Rahmen dieses Vertrags zu identifizieren, der diese Authentifizierungsmethode uneingeschr\u00e4nkt akzeptiert. Deshalb sind diese Zugangscodes streng pers\u00f6nlich und vertraulich, und jeder Benutzer des KUNDEN ist allein f\u00fcr deren Schutz und Verwendung verantwortlich und verpflichtet sich, KIWI sas unverz\u00fcglich per E-Mail zu informieren, wenn er feststellt, dass der vertrauliche Charakter der Zugangscodes nicht mehr gew\u00e4hrleistet ist. KIWI sasu verpflichtet sich, den Zugang zur Anwendung f\u00fcr jeden zu sperren, der die Zugangscodes missbr\u00e4uchlich verwendet, bei denen die Vertraulichkeit verloren gegangen ist. Aus diesem Grund kann KIWI sasu in keinem Fall f\u00fcr die missbr\u00e4uchliche oder unbefugte Verwendung der Zugangscodes des KUNDEN verantwortlich gemacht werden. Nutzungsbeschr\u00e4nkung &#8211; Eigentum Die Vereinsverwaltungsplattform www.kananas.com ist das ausschlie\u00dfliche Eigentum von KIWI sasu, das alle Urheber- und kommerziellen Nutzungsrechte innehat. KIWI sasu gew\u00e4hrt dem KUNDEN daher ein pers\u00f6nliches, gelegentliches, nicht \u00fcbertragbares und nicht exklusives Nutzungsrecht an der Vereinsverwaltungsplattform im Rahmen eines j\u00e4hrlichen Abonnements. Die Vervielf\u00e4ltigung oder betr\u00fcgerische Nutzung ist strafbar und zieht zivil- und strafrechtliche Sanktionen nach sich. Im Falle der Zuweisung einer Domain an einen Kunden bleibt KIWI sasu w\u00e4hrend der Laufzeit des Kundenabonnements der alleinige Eigent\u00fcmer dieser Domain. Am Ende des Abonnements geht diese Domain wieder in den \u00f6ffentlichen Bereich \u00fcber. Im Falle einer Anpassung der Software f\u00fcr einen Kunden bleibt KIWI sasu der alleinige Eigent\u00fcmer des entwickelten Softwarecodes, und der Kunde hat keinen Zugang zum Quellcode des entwickelten Codes. Da die Vereinsverwaltungsplattform st\u00e4ndig weiterentwickelt wird, akzeptiert der KUNDE, dass die Online-Software ohne vorher ige Ank\u00fcndigung ge\u00e4ndert werden kann. KIWI sasu entscheidet allein \u00fcber die in seine Vereinsverwaltungsplattform integrierten Funktionen sowie \u00fcber ihr visuelles Erscheinungsbild (Benutzeroberfl\u00e4che). Dem KUNDEN ist es ausdr\u00fccklich untersagt, Dritte von einem Teil der von KIWI sas angebotenen Dienstleistungen profitieren zu lassen. Annahme der IT-Risiken Der KUNDE erkennt die Risiken an, die mit der Verwendung von Hardware, Software und Computernetzwerken verbunden sind, insbesondere solche, die mit dem Internet in Bezug auf zuf\u00e4llige Gesamtperformance, unsichere Sicherheitsstufen, nicht garantierten kontinuierlichen Zugang zu Webdiensten, Heterogenit\u00e4t verbunden sind, die manchmal zu Inkompatibilit\u00e4tsproblemen von Computersystemen f\u00fchren k\u00f6nnen, ohne dass die Haftung von KIWI sasu in irgendeiner Weise wegen Fehlfunktionen seiner Vereinsverwaltungsplattform, die direkt oder indirekt auf diese Risiken zur\u00fcckzuf\u00fchren sind, in Frage gestellt werden kann. Um solche Risiken zu begrenzen, verpflichtet sich KIWI sasu, alle auf dem Markt verf\u00fcgbaren Techniken und Technologien einzusetzen, sei es in Bezug auf Antivirensoftware, Firewall-Systeme oder andere Computersysteme, die f\u00fcr einen sichereren und leistungsf\u00e4higeren Zugang zu seiner Vereinsverwaltungsplattform erforderlich sind. KIWI sasu verpflichtet sich auch, dem KUNDEN auf Anfrage die erforderliche Mindestkonfiguration f\u00fcr die normale Nutzung seiner Vereinsverwaltungsplattform zur Verf\u00fcgung zu stellen. Datenverarbeitung Die von der Anwendung gesammelten Informationen werden von KIWI sasu in einer Computerdatei erfasst und zur Verwaltung des Kundenkontos verwendet. Sie werden f\u00fcr die Dauer des Abonnements oder 30 Tage f\u00fcr die Testversion gespeichert. Nach Abschluss der Dienstleistungen im Zusammenhang mit der Verarbeitung dieser Daten verpflichtet sich KIWI sasu, alle personenbezogenen Daten innerhalb von maximal 3 Monaten zu l\u00f6schen. Die Daten werden in Europa gespeichert (Rechenzentrum in Frankfurt, Deutschland), wir haben unsere technische Infrastruktur Linode anvertraut. Gem\u00e4\u00df dem \u00ab\u00a0Gesetz \u00fcber Informatik und Freiheiten\u00a0\u00bb k\u00f6nnen Sie Ihr Recht auf Zugang zu Ihren Daten aus\u00fcben und diese durch Kontaktaufnahme mit uns \u00fcber dieses Formular berichtigen lassen. DSGVO Im Rahmen ihrer Vertragsbeziehungen verpflichten sich die Parteien (KIWI sasu und der KUNDE), die geltende Vorschriften f\u00fcr die Verarbeitung personenbezogener Daten einzuhalten, insbesondere die Verordnung (EU) 2016\/679 des Europ\u00e4ischen Parlaments und des Rates vom 27. April 2016, die ab dem 25. Mai 2018 gilt. Die zu respektierenden Rechte sind: das Recht auf Zugang, Berichtigung, L\u00f6schung und Widerspruch, das Recht auf Einschr\u00e4nkung der Verarbeitung, das Recht auf Daten\u00fcbertragbarkeit, das Recht, keiner automatisierten Einzelentscheidung unterworfen zu werden. Die an KIWI sasu \u00fcbermittelten Daten werden niemals an Dritte weitergegeben. KIWI sasu setzt alles daran, die Vertraulichkeit der im Rahmen dieses Vertrags verarbeiteten personenbezogenen Daten zu gew\u00e4hrleisten. KIWI sasu verpflichtet sich, bei ihren Tools, Produkten, Anwendungen oder Diensten die Grunds\u00e4tze des Datenschutzes von Anfang an und als Voreinstellung zu ber\u00fccksichtigen. Einwilligung: Der KUNDE verpflichtet sich, die freie, spezifische, informierte und eindeutige Einwilligung seiner Mitglieder einzuholen, um die Verarbeitung ihrer Daten zu autorisieren. Das Mitglied muss die M\u00f6glichkeit haben, seine Einwilligung jederzeit auf einfache Weise und in einer Form, die der Einholung der Einwilligung entspricht, zu widerrufen. Der KUNDE muss jederzeit nachweisen k\u00f6nnen, dass das Mitglied unter g\u00fcltigen Bedingungen zugestimmt hat. KIWI sasu kann nicht f\u00fcr das Nicht-Einholen der Einwilligung der Mitglieder eines ihrer Kunden verantwortlich gemacht werden. In diesem Fall ist der KUNDE den Sanktionen der CNIL ausgesetzt. Cookies Cookies sind kleine Textdateien, die auf Ihrem Computer oder Ger\u00e4t installiert werden, wenn Sie unsere Websites besuchen. Wir verwenden Cookies, um: Ihre Anmeldeinformationen zu speichern. Sie zu identifizieren, wenn Sie sich auf unseren Websites anmelden. Cookies helfen uns, Informationen dar\u00fcber zu sammeln, wie Sie unsere Website nutzen, aber wir speichern keine Informationen, die es uns erm\u00f6glichen, Sie pers\u00f6nlich in den Daten unserer Cookies zu identifizieren. Wir speichern nur eine eindeutige Sitzungs-ID, die uns bei Ihrem n\u00e4chsten Besuch hilft, ein Benutzerprofil sowie Ihre Pr\u00e4ferenzen wiederherzustellen. Bitte beachten Sie, dass die meisten Funktionen dieser Website deaktiviert werden, wenn Sie sich daf\u00fcr entscheiden, unsere Cookies zu blockieren. K\u00fcndigung Gem\u00e4\u00df den geltenden franz\u00f6sischen Gesetzen \u00fcber den Fernabsatz wird der KUNDE dar\u00fcber informiert, dass er eine Frist von vierzehn (14) Kalendertagen ab dem Anmeldedatum hat, um sein Recht auf kostenlose und grundlose Stornierung auszu\u00fcben. KIWI sasu kann den Vertrag mit dem KUNDEN fristlos k\u00fcndigen oder ihm den Zugang zur Vereinsverwaltungsplattform ohne Verzug oder Entsch\u00e4digung und unbeschadet m\u00f6glicher Schadensersatzanspr\u00fcche verweigern, wenn der KUNDE eine der in diesem Vertrag genannten Verpflichtungen nicht erf\u00fcllt.<\/p>\n","protected":false},"excerpt":{"rendered":"<p>Der vorliegende Vertrag regelt die Verpflichtungen und Rechte des Kunden\/Nutzers und des Unternehmens KIWI sas. Definition des Dienstes. Das Unternehmen KIWI sasu stellt den Internetnutzern eine Webanwendung zur Verf\u00fcgung, mit der die Verwaltung eines Vereins \u00fcber die Website www.kananas.com erm\u00f6glicht wird. Die rechtlichen Hinweise finden Sie auf dieser Seite. Das Unternehmen KIWI sasu ist unter &#8230; <a title=\"Allgemeine geschaftsbedingungen\" class=\"read-more\" href=\"https:\/\/www.kananas.com\/de\/allgemeine-geschaftsbedingungen\/\" aria-label=\"En savoir plus sur Allgemeine geschaftsbedingungen\">Lire la suite<\/a><\/p>\n","protected":false},"author":1,"featured_media":0,"parent":0,"menu_order":0,"comment_status":"closed","ping_status":"closed","template":"","meta":{"_crdt_document":"","footnotes":""},"class_list":["post-4702","page","type-page","status-publish"],"_links":{"self":[{"href":"https:\/\/www.kananas.com\/de\/wp-json\/wp\/v2\/pages\/4702","targetHints":{"allow":["GET"]}}],"collection":[{"href":"https:\/\/www.kananas.com\/de\/wp-json\/wp\/v2\/pages"}],"about":[{"href":"https:\/\/www.kananas.com\/de\/wp-json\/wp\/v2\/types\/page"}],"author":[{"embeddable":true,"href":"https:\/\/www.kananas.com\/de\/wp-json\/wp\/v2\/users\/1"}],"replies":[{"embeddable":true,"href":"https:\/\/www.kananas.com\/de\/wp-json\/wp\/v2\/comments?post=4702"}],"version-history":[{"count":4,"href":"https:\/\/www.kananas.com\/de\/wp-json\/wp\/v2\/pages\/4702\/revisions"}],"predecessor-version":[{"id":4732,"href":"https:\/\/www.kananas.com\/de\/wp-json\/wp\/v2\/pages\/4702\/revisions\/4732"}],"wp:attachment":[{"href":"https:\/\/www.kananas.com\/de\/wp-json\/wp\/v2\/media?parent=4702"}],"curies":[{"name":"wp","href":"https:\/\/api.w.org\/{rel}","templated":true}]}}