{"id":4745,"date":"2025-05-23T18:05:04","date_gmt":"2025-05-23T16:05:04","guid":{"rendered":"https:\/\/www.kananas.com\/de\/?page_id=4745"},"modified":"2025-05-23T18:05:05","modified_gmt":"2025-05-23T16:05:05","slug":"vereinsverwaltungssoftware","status":"publish","type":"page","link":"https:\/\/www.kananas.com\/de\/vereinsverwaltungssoftware\/","title":{"rendered":"Vereinsverwaltungssoftware"},"content":{"rendered":"\n<div class=\"wp-block-columns is-layout-flex wp-container-core-columns-is-layout-8f761849 wp-block-columns-is-layout-flex\">\n<div class=\"wp-block-column is-layout-flow wp-block-column-is-layout-flow\">\n<div class=\"wp-block-columns has-base-3-color has-accent-background-color has-text-color has-background has-link-color wp-elements-de4dc82772f7348350050bca3b98416e is-layout-flex wp-container-core-columns-is-layout-8f761849 wp-block-columns-is-layout-flex\">\n<div class=\"wp-block-column is-layout-flow wp-block-column-is-layout-flow\" style=\"flex-basis:5%\"><\/div>\n\n\n\n<div class=\"wp-block-column padding10 is-layout-flow wp-block-column-is-layout-flow\" style=\"flex-basis:35%\">\n<div style=\"height:150px\" aria-hidden=\"true\" class=\"wp-block-spacer\"><\/div>\n\n\n\n<h1 class=\"wp-block-heading\"><strong>Die L\u00f6sung f\u00fcr Vereinsmanagement<\/strong><\/h1>\n\n\n\n<p class=\"wp-block-paragraph\">Entdecken Sie Kananas, die vollst\u00e4ndige L\u00f6sung f\u00fcr die Verwaltung Ihres Vereins. Befreien Sie sich von administrativen Zw\u00e4ngen und gehen Sie in die Tat!<\/p>\n\n\n\n<p class=\"wp-block-paragraph\"><strong>Automatisieren<\/strong> Sie t\u00e4gliche Aufgaben, <strong>zentralisieren<\/strong> Sie Ihre Informationen, <strong>optimieren<\/strong> Sie das Finanzmanagement und <strong>vereinfachen<\/strong> Sie Ihre Routine mit effektiven und sicheren Tools.<\/p>\n\n\n\n<div style=\"height:100px\" aria-hidden=\"true\" class=\"wp-block-spacer\"><\/div>\n<\/div>\n\n\n\n<div class=\"wp-block-column is-layout-flow wp-block-column-is-layout-flow\" style=\"flex-basis:5%\"><\/div>\n\n\n\n<div class=\"wp-block-column is-vertically-aligned-center padding10 is-layout-flow wp-block-column-is-layout-flow\" style=\"flex-basis:50%\"><div class=\"wp-block-image is-style-rounded\">\n<figure class=\"aligncenter size-full\"><img decoding=\"async\" src=\"https:\/\/www.kananas.com\/wp-content\/uploads\/2023\/09\/mjc2-e1713368391155.png\" alt=\"\" class=\"wp-image-4917\" style=\"aspect-ratio:16\/9;object-fit:cover\"\/><\/figure>\n<\/div><\/div>\n\n\n\n<div class=\"wp-block-column is-layout-flow wp-block-column-is-layout-flow\" style=\"flex-basis:5%\"><\/div>\n<\/div>\n<\/div>\n<\/div>\n\n\n\n<div style=\"height:100px\" aria-hidden=\"true\" class=\"wp-block-spacer\"><\/div>\n\n\n\n<div class=\"wp-block-columns is-layout-flex wp-container-core-columns-is-layout-8f761849 wp-block-columns-is-layout-flex\">\n<div class=\"wp-block-column is-layout-flow wp-block-column-is-layout-flow\">\n<div class=\"wp-block-columns has-contrast-color has-base-3-background-color has-text-color has-background has-link-color wp-elements-c2054757fa38e284b84ce532b3c42e40 is-layout-flex wp-container-core-columns-is-layout-8f761849 wp-block-columns-is-layout-flex\">\n<div class=\"wp-block-column is-layout-flow wp-block-column-is-layout-flow\" style=\"flex-basis:5%\"><\/div>\n\n\n\n<div class=\"wp-block-column is-vertically-aligned-center padding10 has-base-3-background-color has-background is-layout-flow wp-block-column-is-layout-flow\" style=\"flex-basis:50%\"><div class=\"wp-block-image is-style-default\">\n<figure class=\"aligncenter size-full\"><img decoding=\"async\" src=\"https:\/\/www.kananas.com\/wp-content\/uploads\/2025\/05\/home-FR-1.png\" alt=\"\" class=\"wp-image-8918\"\/><\/figure>\n<\/div><\/div>\n\n\n\n<div class=\"wp-block-column is-layout-flow wp-block-column-is-layout-flow\" style=\"flex-basis:5%\"><\/div>\n\n\n\n<div class=\"wp-block-column roundDiv padding30 has-base-background-color has-background is-layout-flow wp-block-column-is-layout-flow\" style=\"flex-basis:35%\">\n<h2 class=\"wp-block-heading\"><strong>Integriertes Dashboard<\/strong><\/h2>\n\n\n\n<p class=\"roundDiv wp-block-paragraph\">Mit einem umfassenden und in Echtzeit zug\u00e4nglichen Dashboard \u00fcbernehmen Sie die Kontrolle \u00fcber alle Aspekte Ihres Vereins: Mitgliedschaftsverwaltung, Ticketverkauf f\u00fcr Ihre Veranstaltungen, Spendenverfolgung und Produktvermarktung.<\/p>\n\n\n\n<p class=\"wp-block-paragraph\">Unsere intuitive und benutzerfreundliche Plattform vereint alle notwendigen Funktionen, um die Finanzen Ihres Vereins genau zu \u00fcberwachen.<\/p>\n<\/div>\n\n\n\n<div class=\"wp-block-column is-layout-flow wp-block-column-is-layout-flow\" style=\"flex-basis:5%\"><\/div>\n<\/div>\n<\/div>\n<\/div>\n\n\n\n<div style=\"height:100px\" aria-hidden=\"true\" class=\"wp-block-spacer\"><\/div>\n\n\n\n<div class=\"wp-block-group has-background\" style=\"background-color:#f6f7fd\"><div class=\"wp-block-group__inner-container is-layout-constrained wp-block-group-is-layout-constrained\">\n<div style=\"height:100px\" aria-hidden=\"true\" class=\"wp-block-spacer\"><\/div>\n\n\n\n<div class=\"wp-block-columns is-layout-flex wp-container-core-columns-is-layout-8f761849 wp-block-columns-is-layout-flex\">\n<div class=\"wp-block-column is-layout-flow wp-block-column-is-layout-flow\" style=\"flex-basis:5%\"><\/div>\n\n\n\n<div class=\"wp-block-column is-layout-flow wp-block-column-is-layout-flow\" style=\"flex-basis:60%\">\n<h2 class=\"wp-block-heading\"><strong>Ticketing<\/strong><\/h2>\n\n\n\n<p class=\"wp-block-paragraph\">Kananas bietet ein kostenloses, einfaches und <strong>sicheres<\/strong> Online-Ticketing-System, ideal f\u00fcr Vereine. Unsere intuitive Plattform erm\u00f6glicht es Ihnen, Veranstaltungen in nur wenigen Klicks zu erstellen und zu verwalten, ohne dass fortgeschrittene technische F\u00e4higkeiten erforderlich sind.<\/p>\n\n\n\n<p class=\"wp-block-paragraph\">Mit Kananas zentralisieren Sie den Ticketverkauf und verfolgen Reservierungen in Echtzeit von einem zug\u00e4nglichen Dashboard aus. Profitieren Sie von einer optimierten Benutzererfahrung und dediziertem Support, um den Erfolg Ihrer Veranstaltungen zu gew\u00e4hrleisten.<\/p>\n<\/div>\n\n\n\n<div class=\"wp-block-column is-layout-flow wp-block-column-is-layout-flow\" style=\"flex-basis:3%\"><\/div>\n\n\n\n<div class=\"wp-block-column is-layout-flow wp-block-column-is-layout-flow\" style=\"flex-basis:40%\">\n<figure class=\"wp-block-image size-full is-style-rounded\"><img decoding=\"async\" src=\"https:\/\/www.kananas.com\/wp-content\/uploads\/2025\/05\/billetterie-fete.png\" alt=\"\" class=\"wp-image-8969\"\/><\/figure>\n<\/div>\n\n\n\n<div class=\"wp-block-column is-layout-flow wp-block-column-is-layout-flow\" style=\"flex-basis:5%\"><\/div>\n<\/div>\n\n\n\n<div style=\"height:100px\" aria-hidden=\"true\" class=\"wp-block-spacer\"><\/div>\n\n\n\n<div class=\"wp-block-columns is-layout-flex wp-container-core-columns-is-layout-8f761849 wp-block-columns-is-layout-flex\">\n<div class=\"wp-block-column is-layout-flow wp-block-column-is-layout-flow\" style=\"flex-basis:5%\"><\/div>\n\n\n\n<div class=\"wp-block-column is-layout-flow wp-block-column-is-layout-flow\" style=\"flex-basis:40%\">\n<figure class=\"wp-block-image size-full is-style-rounded\"><img decoding=\"async\" src=\"https:\/\/www.kananas.com\/wp-content\/uploads\/2025\/05\/adherents.png\" alt=\"\" class=\"wp-image-8970\"\/><\/figure>\n<\/div>\n\n\n\n<div class=\"wp-block-column is-layout-flow wp-block-column-is-layout-flow\" style=\"flex-basis:3%\"><\/div>\n\n\n\n<div class=\"wp-block-column is-layout-flow wp-block-column-is-layout-flow\" style=\"flex-basis:60%\">\n<h2 class=\"wp-block-heading\"><strong>Mitglieder<\/strong><\/h2>\n\n\n\n<p class=\"wp-block-paragraph\">Kananas <strong>vereinfacht<\/strong> das Mitgliedermanagement f\u00fcr Vereine mit einer umfassenden und intuitiven L\u00f6sung. Zentralisieren Sie Daten, automatisieren Sie administrative Aufgaben und erleichtern Sie die Kommunikation mit Ihren Mitgliedern. Verfolgen Sie Mitgliedschaften und verwalten Sie Zahlungen in Echtzeit, w\u00e4hrend Sie von erh\u00f6hter Sicherheit profitieren, um Informationen zu sch\u00fctzen.<\/p>\n\n\n\n<p class=\"wp-block-paragraph\">Bieten Sie Ihren Mitgliedern einen pers\u00f6nlichen Bereich, der ihnen mehr Autonomie gibt und Sie von l\u00e4stigen Aufgaben befreit.<\/p>\n<\/div>\n\n\n\n<div class=\"wp-block-column is-layout-flow wp-block-column-is-layout-flow\" style=\"flex-basis:5%\"><\/div>\n<\/div>\n\n\n\n<div style=\"height:100px\" aria-hidden=\"true\" class=\"wp-block-spacer\"><\/div>\n\n\n\n<div class=\"wp-block-columns is-layout-flex wp-container-core-columns-is-layout-8f761849 wp-block-columns-is-layout-flex\">\n<div class=\"wp-block-column is-layout-flow wp-block-column-is-layout-flow\" style=\"flex-basis:5%\"><\/div>\n\n\n\n<div class=\"wp-block-column is-layout-flow wp-block-column-is-layout-flow\" style=\"flex-basis:60%\">\n<h2 class=\"wp-block-heading\"><strong>Finanzen<\/strong><\/h2>\n\n\n\n<p class=\"wp-block-paragraph\">Zentralisieren Sie Ihre Finanzdaten, automatisieren Sie Buchhaltungsaufgaben und erleichtern Sie die Nachverfolgung Ihrer Transaktionen. Verwalten Sie Ihre Budgets und Ausgaben in Echtzeit.<\/p>\n\n\n\n<p class=\"wp-block-paragraph\">Sammeln Sie Spenden, bieten Sie einen Online-Shop an, alles bei sicheren Online-Zahlungen.<\/p>\n\n\n\n<p class=\"wp-block-paragraph\">Am Ende des Gesch\u00e4ftsjahres erstellen Sie Ihre Gewinn- und Verlustrechnung und Ihre Bilanz.<\/p>\n<\/div>\n\n\n\n<div class=\"wp-block-column is-layout-flow wp-block-column-is-layout-flow\" style=\"flex-basis:3%\"><\/div>\n\n\n\n<div class=\"wp-block-column is-layout-flow wp-block-column-is-layout-flow\" style=\"flex-basis:40%\">\n<figure class=\"wp-block-image size-full is-style-rounded\"><img decoding=\"async\" src=\"https:\/\/www.kananas.com\/wp-content\/uploads\/2025\/05\/compta-association.png\" alt=\"\" class=\"wp-image-8982\"\/><\/figure>\n<\/div>\n\n\n\n<div class=\"wp-block-column is-layout-flow wp-block-column-is-layout-flow\" style=\"flex-basis:5%\"><\/div>\n<\/div>\n\n\n\n<div style=\"height:100px\" aria-hidden=\"true\" class=\"wp-block-spacer\"><\/div>\n\n\n\n<div class=\"wp-block-columns is-layout-flex wp-container-core-columns-is-layout-8f761849 wp-block-columns-is-layout-flex\">\n<div class=\"wp-block-column is-layout-flow wp-block-column-is-layout-flow\" style=\"flex-basis:5%\"><\/div>\n\n\n\n<div class=\"wp-block-column is-layout-flow wp-block-column-is-layout-flow\" style=\"flex-basis:40%\">\n<figure class=\"wp-block-image size-full is-style-rounded\"><img decoding=\"async\" src=\"https:\/\/www.kananas.com\/wp-content\/uploads\/2025\/05\/site-web-association.png\" alt=\"\" class=\"wp-image-8984\"\/><\/figure>\n<\/div>\n\n\n\n<div class=\"wp-block-column is-layout-flow wp-block-column-is-layout-flow\" style=\"flex-basis:3%\"><\/div>\n\n\n\n<div class=\"wp-block-column is-layout-flow wp-block-column-is-layout-flow\" style=\"flex-basis:60%\">\n<h2 class=\"wp-block-heading\"><strong>Website<\/strong><\/h2>\n\n\n\n<p class=\"wp-block-paragraph\">Kananas erm\u00f6glicht Ihnen die Verwaltung der Website Ihres Vereins ohne besondere Computerkenntnisse.<\/p>\n\n\n\n<p class=\"wp-block-paragraph\">Diese Website wird die Verbindung zwischen Ihrem Verein und Ihren Mitgliedern sein, aber sie ist auch das Schaufenster, um Ihre Struktur zu pr\u00e4sentieren und deren gute Entwicklung zu gew\u00e4hrleisten.<\/p>\n<\/div>\n\n\n\n<div class=\"wp-block-column is-layout-flow wp-block-column-is-layout-flow\" style=\"flex-basis:5%\"><\/div>\n<\/div>\n\n\n\n<div style=\"height:100px\" aria-hidden=\"true\" class=\"wp-block-spacer\"><\/div>\n<\/div><\/div>\n\n\n\n<div style=\"height:50px\" aria-hidden=\"true\" class=\"wp-block-spacer\"><\/div>\n\n\n\n<div class=\"wp-block-columns is-layout-flex wp-container-core-columns-is-layout-8f761849 wp-block-columns-is-layout-flex\">\n<div class=\"wp-block-column is-layout-flow wp-block-column-is-layout-flow\" style=\"flex-basis:10%\"><\/div>\n\n\n\n<div class=\"wp-block-column is-layout-flow wp-block-column-is-layout-flow\">\n<h2 class=\"wp-block-heading\"><strong>Vereine, Freizeitzentren, MJC, Gewerkschaften, Verb\u00e4nde, Schulen, Clubs, NGOs, ASBL, OBNL usw. .. <\/strong><\/h2>\n<\/div>\n\n\n\n<div class=\"wp-block-column is-layout-flow wp-block-column-is-layout-flow\">\n<p class=\"wp-block-paragraph\">Ein breites Spektrum an Organisationen vertraut Kananas; unabh\u00e4ngig von Ihrem T\u00e4tigkeitsbereich k\u00f6nnen Sie die Arbeit organisieren und die Effizienz Ihres Teams steigern.<\/p>\n\n\n\n<div style=\"height:20px\" aria-hidden=\"true\" class=\"wp-block-spacer\"><\/div>\n\n\n\n<h3 class=\"wp-block-heading has-text-align-center roundDiv padding30 has-base-background-color has-background\"><strong>97% zufriedene Kunden<\/strong><\/h3>\n<\/div>\n\n\n\n<div class=\"wp-block-column is-layout-flow wp-block-column-is-layout-flow\" style=\"flex-basis:10%\"><\/div>\n<\/div>\n\n\n\n<div style=\"height:50px\" aria-hidden=\"true\" class=\"wp-block-spacer\"><\/div>\n\n\n\n<div class=\"wp-block-columns ghostkit-custom-Z2fnz1p has-base-3-color has-accent-background-color has-text-color has-background has-link-color wp-elements-e289c87f7add6a795e3afcbcb61af3d6 is-layout-flex wp-container-core-columns-is-layout-8f761849 wp-block-columns-is-layout-flex\">\n<div class=\"wp-block-column is-layout-flow wp-block-column-is-layout-flow\" style=\"flex-basis:5%\"><\/div>\n\n\n\n<div class=\"wp-block-column is-layout-flow wp-block-column-is-layout-flow\">\n<div style=\"height:100px\" aria-hidden=\"true\" class=\"wp-block-spacer\"><\/div>\n\n\n\n<div class=\"wp-block-columns is-layout-flex wp-container-core-columns-is-layout-8f761849 wp-block-columns-is-layout-flex\">\n<div class=\"wp-block-column is-layout-flow wp-block-column-is-layout-flow\" style=\"flex-basis:5%\"><\/div>\n\n\n\n<div class=\"wp-block-column is-layout-flow wp-block-column-is-layout-flow\">\n<h2 class=\"wp-block-heading\"><strong>Optimieren Sie Ihre Zeit, steigern Sie Ihren Verein mit Kananas<\/strong><\/h2>\n\n\n\n<p class=\"wp-block-paragraph\">Registrieren Sie sich kostenlos bei Kananas und genie\u00dfen Sie eine 30-t\u00e4gige Testphase ohne Kreditkarte.<\/p>\n\n\n\n<div style=\"height:20px\" aria-hidden=\"true\" class=\"wp-block-spacer\"><\/div>\n\n\n\n<div class=\"wp-block-buttons is-content-justification-center is-layout-flex wp-container-core-buttons-is-layout-fe48e5de wp-block-buttons-is-layout-flex\">\n<div class=\"wp-block-button has-custom-width wp-block-button__width-50\"><a class=\"wp-block-button__link has-accent-color has-base-2-background-color has-text-color has-background has-link-color has-medium-font-size has-custom-font-size wp-element-button\" href=\"https:\/\/backoffice.kananas.com\/action_manager.php?event=organisation_add&amp;p=1&amp;lang=DEU\" target=\"_blank\" rel=\"noreferrer noopener\">Starten<\/a><\/div>\n<\/div>\n<\/div>\n\n\n\n<div class=\"wp-block-column is-layout-flow wp-block-column-is-layout-flow\" style=\"flex-basis:5%\"><\/div>\n<\/div>\n\n\n\n<div style=\"height:100px\" aria-hidden=\"true\" class=\"wp-block-spacer\"><\/div>\n<\/div>\n\n\n\n<div class=\"wp-block-column is-vertically-aligned-center is-layout-flow wp-block-column-is-layout-flow\"><div class=\"wp-block-image is-style-rounded\">\n<figure class=\"aligncenter size-large is-resized\"><img decoding=\"async\" src=\"https:\/\/www.kananas.com\/wp-content\/uploads\/2024\/12\/Screenshot-2024-12-04-at-08-47-20-Free-Photo-Side-view-smiley-man-working-on-laptop-1024x683.png\" alt=\"\" class=\"wp-image-7872\" style=\"width:300px\"\/><\/figure>\n<\/div><\/div>\n\n\n\n<div class=\"wp-block-column is-layout-flow wp-block-column-is-layout-flow\" style=\"flex-basis:5%\"><\/div>\n<\/div>\n","protected":false},"excerpt":{"rendered":"<p>Die L\u00f6sung f\u00fcr Vereinsmanagement Entdecken Sie Kananas, die vollst\u00e4ndige L\u00f6sung f\u00fcr die Verwaltung Ihres Vereins. Befreien Sie sich von administrativen Zw\u00e4ngen und gehen Sie in die Tat! Automatisieren Sie t\u00e4gliche Aufgaben, zentralisieren Sie Ihre Informationen, optimieren Sie das Finanzmanagement und vereinfachen Sie Ihre Routine mit effektiven und sicheren Tools. Integriertes Dashboard Mit einem umfassenden und &#8230; <a title=\"Vereinsverwaltungssoftware\" class=\"read-more\" href=\"https:\/\/www.kananas.com\/de\/vereinsverwaltungssoftware\/\" aria-label=\"En savoir plus sur Vereinsverwaltungssoftware\">Lire la suite<\/a><\/p>\n","protected":false},"author":1,"featured_media":0,"parent":0,"menu_order":0,"comment_status":"closed","ping_status":"closed","template":"","meta":{"_crdt_document":"","footnotes":""},"class_list":["post-4745","page","type-page","status-publish"],"_links":{"self":[{"href":"https:\/\/www.kananas.com\/de\/wp-json\/wp\/v2\/pages\/4745","targetHints":{"allow":["GET"]}}],"collection":[{"href":"https:\/\/www.kananas.com\/de\/wp-json\/wp\/v2\/pages"}],"about":[{"href":"https:\/\/www.kananas.com\/de\/wp-json\/wp\/v2\/types\/page"}],"author":[{"embeddable":true,"href":"https:\/\/www.kananas.com\/de\/wp-json\/wp\/v2\/users\/1"}],"replies":[{"embeddable":true,"href":"https:\/\/www.kananas.com\/de\/wp-json\/wp\/v2\/comments?post=4745"}],"version-history":[{"count":1,"href":"https:\/\/www.kananas.com\/de\/wp-json\/wp\/v2\/pages\/4745\/revisions"}],"predecessor-version":[{"id":4746,"href":"https:\/\/www.kananas.com\/de\/wp-json\/wp\/v2\/pages\/4745\/revisions\/4746"}],"wp:attachment":[{"href":"https:\/\/www.kananas.com\/de\/wp-json\/wp\/v2\/media?parent=4745"}],"curies":[{"name":"wp","href":"https:\/\/api.w.org\/{rel}","templated":true}]}}