{"id":10,"date":"2018-12-06T15:37:59","date_gmt":"2018-12-06T14:37:59","guid":{"rendered":"http:\/\/www.kananas.com\/ecoledemusiquechantecler4727\/?page_id=10"},"modified":"2024-10-17T12:14:55","modified_gmt":"2024-10-17T10:14:55","slug":"ensembles","status":"publish","type":"page","link":"https:\/\/www.kananas.com\/ecoledemusiquechantecler4727\/ensembles\/","title":{"rendered":"LES ENSEMBLES"},"content":{"rendered":"<p>&nbsp;<\/p>\n<p style=\"text-align: center\"><span style=\"font-family: arial, helvetica, sans-serif;font-size: 24pt\"><strong>Classes d&rsquo;ensemble<\/strong><\/span><\/p>\n<p><span style=\"font-family: arial, helvetica, sans-serif;font-size: 12pt\"> Chaque classe d\u2019ensemble regroupe des \u00e9l\u00e8ves de l&rsquo;\u00e9cole. <\/span><span style=\"font-family: arial, helvetica, sans-serif;font-size: 12pt\">Les classes sont ouvertes \u00e0 tous, la participation \u00e9tant <span style=\"text-decoration: underline\">gratuite pour les \u00e9l\u00e8ves d\u00e9j\u00e0 inscrits en cours individuel d\u2019instrument<\/span>. La dur\u00e9e hebdomadaire est fix\u00e9e \u00e0 1 heure.<\/span><\/p>\n<p><span style=\"font-family: arial, helvetica, sans-serif;font-size: 12pt\"><span style=\"font-size: 14pt\"><strong>\u00a0<\/strong><\/span><\/span><\/p>\n<p>&nbsp;<\/p>\n<p style=\"text-align: center\"><span style=\"font-family: arial, helvetica, sans-serif;font-size: 12pt\">\u00a0<\/span><span style=\"font-family: arial, helvetica, sans-serif;font-size: 12pt\"><span style=\"font-size: 14pt\"><strong>Clarinette<\/strong><\/span> : ensemble<\/span><span style=\"font-family: arial, helvetica, sans-serif;font-size: 12pt\"> anim\u00e9 par <strong>Philippe ROCHETTE<\/strong>,<\/span><\/p>\n<p>&nbsp;<\/p>\n<p><img loading=\"lazy\" decoding=\"async\" class=\"wp-image-613 aligncenter\" src=\"https:\/\/www.kananas.com\/ecoledemusiquechantecler4727\/wp-content\/uploads\/sites\/1272\/2024\/06\/autour_de_la_clarinette_2024_064.jpg\" alt=\"\" width=\"574\" height=\"383\" srcset=\"https:\/\/www.kananas.com\/ecoledemusiquechantecler4727\/wp-content\/uploads\/sites\/1272\/2024\/06\/autour_de_la_clarinette_2024_064.jpg 1200w, https:\/\/www.kananas.com\/ecoledemusiquechantecler4727\/wp-content\/uploads\/sites\/1272\/2024\/06\/autour_de_la_clarinette_2024_064-300x200.jpg 300w, https:\/\/www.kananas.com\/ecoledemusiquechantecler4727\/wp-content\/uploads\/sites\/1272\/2024\/06\/autour_de_la_clarinette_2024_064-1024x683.jpg 1024w, https:\/\/www.kananas.com\/ecoledemusiquechantecler4727\/wp-content\/uploads\/sites\/1272\/2024\/06\/autour_de_la_clarinette_2024_064-768x512.jpg 768w, https:\/\/www.kananas.com\/ecoledemusiquechantecler4727\/wp-content\/uploads\/sites\/1272\/2024\/06\/autour_de_la_clarinette_2024_064-75x50.jpg 75w\" sizes=\"auto, (max-width: 574px) 100vw, 574px\" \/><\/p>\n<p>&nbsp;<\/p>\n<p style=\"text-align: center\"><span style=\"font-family: arial, helvetica, sans-serif;font-size: 12pt\"><span style=\"font-size: 14pt\"><strong>Fl\u00fbte<\/strong><\/span>: ensemble anim\u00e9 par <strong>Sylvaine DRO<\/strong><\/span><span style=\"font-family: arial, helvetica, sans-serif;font-size: 12pt\"><strong>UET<\/strong>,<\/span><\/p>\n<p><img loading=\"lazy\" decoding=\"async\" class=\"wp-image-621 aligncenter\" src=\"https:\/\/www.kananas.com\/ecoledemusiquechantecler4727\/wp-content\/uploads\/sites\/1272\/2024\/06\/concert_telethon_033.jpg\" alt=\"\" width=\"552\" height=\"368\" srcset=\"https:\/\/www.kananas.com\/ecoledemusiquechantecler4727\/wp-content\/uploads\/sites\/1272\/2024\/06\/concert_telethon_033.jpg 1200w, https:\/\/www.kananas.com\/ecoledemusiquechantecler4727\/wp-content\/uploads\/sites\/1272\/2024\/06\/concert_telethon_033-300x200.jpg 300w, https:\/\/www.kananas.com\/ecoledemusiquechantecler4727\/wp-content\/uploads\/sites\/1272\/2024\/06\/concert_telethon_033-1024x683.jpg 1024w, https:\/\/www.kananas.com\/ecoledemusiquechantecler4727\/wp-content\/uploads\/sites\/1272\/2024\/06\/concert_telethon_033-768x512.jpg 768w, https:\/\/www.kananas.com\/ecoledemusiquechantecler4727\/wp-content\/uploads\/sites\/1272\/2024\/06\/concert_telethon_033-75x50.jpg 75w\" sizes=\"auto, (max-width: 552px) 100vw, 552px\" \/><\/p>\n<p>&nbsp;<\/p>\n<p style=\"text-align: center\"><span style=\"font-family: arial, helvetica, sans-serif;font-size: 12pt\"><span style=\"font-size: 14pt\"><strong>\u00a0<\/strong><\/span><\/span><\/p>\n<p style=\"text-align: center\"><span style=\"font-family: arial, helvetica, sans-serif;font-size: 12pt\"><span style=\"font-size: 14pt\"><strong>Trompette<\/strong><\/span> : ensemble anim\u00e9 par <strong>Philippe BERTRAND<\/strong><\/span><\/p>\n<p>&nbsp;<\/p>\n<p><img loading=\"lazy\" decoding=\"async\" class=\"wp-image-573 aligncenter\" src=\"https:\/\/www.kananas.com\/ecoledemusiquechantecler4727\/wp-content\/uploads\/sites\/1272\/2024\/06\/fete_musique_2024_026.jpg\" alt=\"\" width=\"554\" height=\"369\" srcset=\"https:\/\/www.kananas.com\/ecoledemusiquechantecler4727\/wp-content\/uploads\/sites\/1272\/2024\/06\/fete_musique_2024_026.jpg 1200w, https:\/\/www.kananas.com\/ecoledemusiquechantecler4727\/wp-content\/uploads\/sites\/1272\/2024\/06\/fete_musique_2024_026-300x200.jpg 300w, https:\/\/www.kananas.com\/ecoledemusiquechantecler4727\/wp-content\/uploads\/sites\/1272\/2024\/06\/fete_musique_2024_026-1024x683.jpg 1024w, https:\/\/www.kananas.com\/ecoledemusiquechantecler4727\/wp-content\/uploads\/sites\/1272\/2024\/06\/fete_musique_2024_026-768x512.jpg 768w, https:\/\/www.kananas.com\/ecoledemusiquechantecler4727\/wp-content\/uploads\/sites\/1272\/2024\/06\/fete_musique_2024_026-75x50.jpg 75w\" sizes=\"auto, (max-width: 554px) 100vw, 554px\" \/><\/p>\n<p>&nbsp;<\/p>\n<p>&nbsp;<\/p>\n<p style=\"text-align: center\"><span style=\"font-family: arial, helvetica, sans-serif\"><span style=\"font-size: 14pt\"><strong>Guitare<\/strong> <\/span>: ensemble anim\u00e9 par <strong>Juliette<\/strong><\/span><span style=\"font-family: arial, helvetica, sans-serif\"><strong> VELEZ-F<\/strong><\/span><strong>UNES<\/strong><\/p>\n<p>&nbsp;<\/p>\n<p><span style=\"font-family: arial, helvetica, sans-serif;font-size: 12pt\"><strong><img loading=\"lazy\" decoding=\"async\" class=\"wp-image-572 aligncenter\" src=\"https:\/\/www.kananas.com\/ecoledemusiquechantecler4727\/wp-content\/uploads\/sites\/1272\/2024\/06\/fete_musique_2024_020.jpg\" alt=\"\" width=\"555\" height=\"370\" srcset=\"https:\/\/www.kananas.com\/ecoledemusiquechantecler4727\/wp-content\/uploads\/sites\/1272\/2024\/06\/fete_musique_2024_020.jpg 1200w, https:\/\/www.kananas.com\/ecoledemusiquechantecler4727\/wp-content\/uploads\/sites\/1272\/2024\/06\/fete_musique_2024_020-300x200.jpg 300w, https:\/\/www.kananas.com\/ecoledemusiquechantecler4727\/wp-content\/uploads\/sites\/1272\/2024\/06\/fete_musique_2024_020-1024x683.jpg 1024w, https:\/\/www.kananas.com\/ecoledemusiquechantecler4727\/wp-content\/uploads\/sites\/1272\/2024\/06\/fete_musique_2024_020-768x512.jpg 768w, https:\/\/www.kananas.com\/ecoledemusiquechantecler4727\/wp-content\/uploads\/sites\/1272\/2024\/06\/fete_musique_2024_020-75x50.jpg 75w\" sizes=\"auto, (max-width: 555px) 100vw, 555px\" \/><\/strong><\/span><\/p>\n<p>&nbsp;<\/p>\n<p style=\"text-align: center\"><span style=\"font-size: 24pt\"><span style=\"font-family: arial, helvetica, sans-serif\"><strong>Orch<\/strong><\/span><span style=\"font-family: arial, helvetica, sans-serif\"><strong>estre j<\/strong><\/span><\/span><span style=\"font-family: arial, helvetica, sans-serif\"><strong><span style=\"font-size: 18pt\"><span style=\"font-size: 24pt\">unior<\/span><br \/>\n<\/span><\/strong><\/span><\/p>\n<p>&nbsp;<\/p>\n<p><img loading=\"lazy\" decoding=\"async\" class=\"wp-image-570 aligncenter\" src=\"https:\/\/www.kananas.com\/ecoledemusiquechantecler4727\/wp-content\/uploads\/sites\/1272\/2024\/06\/fete_musique_2024_010.jpg\" alt=\"\" width=\"512\" height=\"341\" srcset=\"https:\/\/www.kananas.com\/ecoledemusiquechantecler4727\/wp-content\/uploads\/sites\/1272\/2024\/06\/fete_musique_2024_010.jpg 1200w, https:\/\/www.kananas.com\/ecoledemusiquechantecler4727\/wp-content\/uploads\/sites\/1272\/2024\/06\/fete_musique_2024_010-300x200.jpg 300w, https:\/\/www.kananas.com\/ecoledemusiquechantecler4727\/wp-content\/uploads\/sites\/1272\/2024\/06\/fete_musique_2024_010-1024x683.jpg 1024w, https:\/\/www.kananas.com\/ecoledemusiquechantecler4727\/wp-content\/uploads\/sites\/1272\/2024\/06\/fete_musique_2024_010-768x512.jpg 768w, https:\/\/www.kananas.com\/ecoledemusiquechantecler4727\/wp-content\/uploads\/sites\/1272\/2024\/06\/fete_musique_2024_010-75x50.jpg 75w\" sizes=\"auto, (max-width: 512px) 100vw, 512px\" \/><img loading=\"lazy\" decoding=\"async\" class=\"wp-image-571 aligncenter\" src=\"https:\/\/www.kananas.com\/ecoledemusiquechantecler4727\/wp-content\/uploads\/sites\/1272\/2024\/06\/fete_musique_2024_012.jpg\" alt=\"\" width=\"783\" height=\"522\" srcset=\"https:\/\/www.kananas.com\/ecoledemusiquechantecler4727\/wp-content\/uploads\/sites\/1272\/2024\/06\/fete_musique_2024_012.jpg 1200w, https:\/\/www.kananas.com\/ecoledemusiquechantecler4727\/wp-content\/uploads\/sites\/1272\/2024\/06\/fete_musique_2024_012-300x200.jpg 300w, https:\/\/www.kananas.com\/ecoledemusiquechantecler4727\/wp-content\/uploads\/sites\/1272\/2024\/06\/fete_musique_2024_012-1024x683.jpg 1024w, https:\/\/www.kananas.com\/ecoledemusiquechantecler4727\/wp-content\/uploads\/sites\/1272\/2024\/06\/fete_musique_2024_012-768x512.jpg 768w, https:\/\/www.kananas.com\/ecoledemusiquechantecler4727\/wp-content\/uploads\/sites\/1272\/2024\/06\/fete_musique_2024_012-75x50.jpg 75w\" sizes=\"auto, (max-width: 783px) 100vw, 783px\" \/><\/p>\n<p>&nbsp;<\/p>\n<p><span style=\"font-family: arial, helvetica, sans-serif\">L\u2019orchestre junior est le premier pas vers un ensemble diversifi\u00e9. <\/span><span style=\"font-family: arial, helvetica, sans-serif\">Il s\u2019adresse aux jeunes \u00e9l\u00e8ves \u00e0 partir de la 2\u00e8me ann\u00e9e d&rsquo;instrument et jusqu&rsquo;\u00e0 l&rsquo;entr\u00e9e en 2\u00e8me cycle.<\/span><\/p>\n<p><span style=\"font-family: arial, helvetica, sans-serif\"><strong>L\u2019orchestre d\u2019harmonie junior<\/strong> (vents et percussions) est anim\u00e9 par <strong>Ulric BOUVIER<br \/>\n<\/strong><\/span><\/p>\n<p><span style=\"font-family: arial, helvetica, sans-serif\">La participation est gratuite pour les \u00e9l\u00e8ves d\u00e9j\u00e0 inscrits en cours d\u2019instrument<\/span><span style=\"font-family: arial, helvetica, sans-serif\">.<\/span><\/p>\n<p>&nbsp;<\/p>\n<p style=\"text-align: center\"><span style=\"font-size: 24pt;font-family: arial, helvetica, sans-serif\"><strong>Orchestre d&rsquo;harmonie<\/strong><\/span><\/p>\n<p>&nbsp;<\/p>\n<p><span style=\"font-family: arial, helvetica, sans-serif;font-size: 12pt\"><span style=\"font-size: 14pt\"><strong><img loading=\"lazy\" decoding=\"async\" class=\"wp-image-614 aligncenter\" src=\"https:\/\/www.kananas.com\/ecoledemusiquechantecler4727\/wp-content\/uploads\/sites\/1272\/2024\/06\/fete_musique_2024_070.jpg\" alt=\"\" width=\"673\" height=\"448\" srcset=\"https:\/\/www.kananas.com\/ecoledemusiquechantecler4727\/wp-content\/uploads\/sites\/1272\/2024\/06\/fete_musique_2024_070.jpg 1200w, https:\/\/www.kananas.com\/ecoledemusiquechantecler4727\/wp-content\/uploads\/sites\/1272\/2024\/06\/fete_musique_2024_070-300x200.jpg 300w, https:\/\/www.kananas.com\/ecoledemusiquechantecler4727\/wp-content\/uploads\/sites\/1272\/2024\/06\/fete_musique_2024_070-1024x683.jpg 1024w, https:\/\/www.kananas.com\/ecoledemusiquechantecler4727\/wp-content\/uploads\/sites\/1272\/2024\/06\/fete_musique_2024_070-768x512.jpg 768w, https:\/\/www.kananas.com\/ecoledemusiquechantecler4727\/wp-content\/uploads\/sites\/1272\/2024\/06\/fete_musique_2024_070-75x50.jpg 75w\" sizes=\"auto, (max-width: 673px) 100vw, 673px\" \/><\/strong><\/span><\/span><\/p>\n<p>&nbsp;<\/p>\n<p><img loading=\"lazy\" decoding=\"async\" class=\"wp-image-574 aligncenter\" src=\"https:\/\/www.kananas.com\/ecoledemusiquechantecler4727\/wp-content\/uploads\/sites\/1272\/2024\/06\/autour_de_la_clarinette_2024_016.jpg\" alt=\"\" width=\"676\" height=\"450\" srcset=\"https:\/\/www.kananas.com\/ecoledemusiquechantecler4727\/wp-content\/uploads\/sites\/1272\/2024\/06\/autour_de_la_clarinette_2024_016.jpg 1200w, https:\/\/www.kananas.com\/ecoledemusiquechantecler4727\/wp-content\/uploads\/sites\/1272\/2024\/06\/autour_de_la_clarinette_2024_016-300x200.jpg 300w, https:\/\/www.kananas.com\/ecoledemusiquechantecler4727\/wp-content\/uploads\/sites\/1272\/2024\/06\/autour_de_la_clarinette_2024_016-1024x683.jpg 1024w, https:\/\/www.kananas.com\/ecoledemusiquechantecler4727\/wp-content\/uploads\/sites\/1272\/2024\/06\/autour_de_la_clarinette_2024_016-768x512.jpg 768w, https:\/\/www.kananas.com\/ecoledemusiquechantecler4727\/wp-content\/uploads\/sites\/1272\/2024\/06\/autour_de_la_clarinette_2024_016-75x50.jpg 75w\" sizes=\"auto, (max-width: 676px) 100vw, 676px\" \/><\/p>\n<p>&nbsp;<\/p>\n<p><span style=\"font-family: arial, helvetica, sans-serif\">L\u2019orchestre d\u2019harmonie CHANTECLER constitue un \u00e9l\u00e9ment majeur de l\u2019\u00e9cole de musique. <\/span><span style=\"font-family: arial, helvetica, sans-serif\">O<\/span><span style=\"font-family: arial, helvetica, sans-serif\">util essentiel sur le plan p\u00e9dagogique, puisqu\u2019il permet aux \u00e9l\u00e8ves d\u2019int\u00e9grer un orchestre d\u00e8s le 2\u00e8me cycle et aux adultes de continuer en groupe la pratique de leur instrument.<\/span><\/p>\n<p>&nbsp;<\/p>\n<p><span style=\"font-family: arial, helvetica, sans-serif\">Il a \u00e9galement vocation \u00e0 participer activement \u00e0 l\u2019animation de la Ville, par sa pr\u00e9sence lors des c\u00e9r\u00e9monies officielles et au travers de concerts et de prestations qu\u2019il propose tout au long de l\u2019ann\u00e9e.<\/span><\/p>\n<p><span style=\"font-family: arial, helvetica, sans-serif\">La direction de l\u2019orchestre est assur\u00e9e par <strong>Philippe ROCHETTE<\/strong>.<\/span><\/p>\n<p><span style=\"font-family: arial, helvetica, sans-serif\">Les r\u00e9p\u00e9titions ont lieu tous les vendredis de 19h \u00e0 20h30, salle Anna Marly.<\/span><\/p>\n<p><span style=\"font-family: arial, helvetica, sans-serif\"><span style=\"text-decoration: underline\">Recrutement des musiciens<\/span><br \/>\n<\/span><\/p>\n<p><span style=\"font-family: arial, helvetica, sans-serif\">Les \u00e9l\u00e8ves de l\u2019\u00e9cole, \u00e0 partir d&rsquo;un niveau de 2\u00e8me cycle de leur instrument sont invit\u00e9s \u00e0 int\u00e9grer l\u2019orchestre. La participation \u00e0 l\u2019orchestre est gratuite (apr\u00e8s adh\u00e9sion \u00e0 l\u2019association). <\/span><span style=\"font-family: arial, helvetica, sans-serif\">Les musiciens qui ne sont pas \u00e9l\u00e8ves de l\u2019\u00e9cole (Beaumontois ou non) peuvent participer \u00e0 l\u2019harmonie pour la modique somme de 35 \u20ac<\/span><\/p>\n","protected":false},"excerpt":{"rendered":"<p>&nbsp; Classes d&rsquo;ensemble Chaque classe d\u2019ensemble regroupe des \u00e9l\u00e8ves de l&rsquo;\u00e9cole. Les classes sont ouvertes \u00e0 tous, la participation \u00e9tant gratuite pour les \u00e9l\u00e8ves d\u00e9j\u00e0 inscrits en cours individuel d\u2019instrument. La dur\u00e9e hebdomadaire est fix\u00e9e \u00e0 1 heure. \u00a0 &nbsp; \u00a0Clarinette : ensemble anim\u00e9 par Philippe ROCHETTE, &nbsp; &nbsp; Fl\u00fbte: ensemble anim\u00e9 par Sylvaine DROUET, [&hellip;]<\/p>\n","protected":false},"author":1313,"featured_media":0,"parent":0,"menu_order":0,"comment_status":"closed","ping_status":"closed","template":"","meta":{"_crdt_document":"","footnotes":""},"class_list":["post-10","page","type-page","status-publish","hentry"],"_links":{"self":[{"href":"https:\/\/www.kananas.com\/ecoledemusiquechantecler4727\/wp-json\/wp\/v2\/pages\/10","targetHints":{"allow":["GET"]}}],"collection":[{"href":"https:\/\/www.kananas.com\/ecoledemusiquechantecler4727\/wp-json\/wp\/v2\/pages"}],"about":[{"href":"https:\/\/www.kananas.com\/ecoledemusiquechantecler4727\/wp-json\/wp\/v2\/types\/page"}],"author":[{"embeddable":true,"href":"https:\/\/www.kananas.com\/ecoledemusiquechantecler4727\/wp-json\/wp\/v2\/users\/1313"}],"replies":[{"embeddable":true,"href":"https:\/\/www.kananas.com\/ecoledemusiquechantecler4727\/wp-json\/wp\/v2\/comments?post=10"}],"version-history":[{"count":31,"href":"https:\/\/www.kananas.com\/ecoledemusiquechantecler4727\/wp-json\/wp\/v2\/pages\/10\/revisions"}],"predecessor-version":[{"id":691,"href":"https:\/\/www.kananas.com\/ecoledemusiquechantecler4727\/wp-json\/wp\/v2\/pages\/10\/revisions\/691"}],"wp:attachment":[{"href":"https:\/\/www.kananas.com\/ecoledemusiquechantecler4727\/wp-json\/wp\/v2\/media?parent=10"}],"curies":[{"name":"wp","href":"https:\/\/api.w.org\/{rel}","templated":true}]}}