{"id":3,"date":"2018-12-06T15:14:00","date_gmt":"2018-12-06T14:14:00","guid":{"rendered":"http:\/\/www.kananas.com\/ecoledemusiquechantecler4727\/adhesion\/"},"modified":"2025-06-16T22:22:17","modified_gmt":"2025-06-16T20:22:17","slug":"inscription","status":"publish","type":"page","link":"https:\/\/www.kananas.com\/ecoledemusiquechantecler4727\/inscription\/","title":{"rendered":"INSCRIPTION"},"content":{"rendered":"<p><span style=\"font-family: arial, helvetica, sans-serif;font-size: 14pt\"><strong>Si vous \u00eates d\u00e9j\u00e0 \u00e9l\u00e8ve<\/strong>, veuillez vous connecter sur votre espace personnel \u00e0 partir du menu \u00ab\u00a0se connecter\u00a0\u00bb et vous pr\u00e9-inscrire \u00e0 l&rsquo;activit\u00e9 \u00ab\u00a0Pr\u00e9-inscriptions 25\/26\u00a0\u00bb dans la partie \u00ab\u00a0Planning\u00a0\u00bb.\u00a0<\/span><\/p>\n<p><a href=\"https:\/\/backoffice.kananas.com\/action_manager.php?event=activity_list\">Espace personnel<\/a><\/p>\n<p><span style=\"font-family: arial, helvetica, sans-serif;font-size: 14pt\"><strong>Si vous n&rsquo;avez jamais \u00e9t\u00e9 inscrit<\/strong>, veuillez remplir le formulaire suivant pour vous pr\u00e9-inscrire \u00e0 l&rsquo;\u00e9cole de musique.<br \/>\n<\/span><\/p>\n<p><span style=\"font-family: arial, helvetica, sans-serif;font-size: 14pt\">\u00a0<\/span>\n<!-- iframe plugin v.6.0 wordpress.org\/plugins\/iframe\/ -->\n<iframe loading=\"lazy\" src=\"https:\/\/backoffice.kananas.com\/action_manager.php?event=hire&#038;id=4727\" frameborder=\"0\" width=\"100%\" height=\"1200\" scrolling=\"yes\" class=\"iframe-class\"><\/iframe>\n\n","protected":false},"excerpt":{"rendered":"<p>Si vous \u00eates d\u00e9j\u00e0 \u00e9l\u00e8ve, veuillez vous connecter sur votre espace personnel \u00e0 partir du menu \u00ab\u00a0se connecter\u00a0\u00bb et vous pr\u00e9-inscrire \u00e0 l&rsquo;activit\u00e9 \u00ab\u00a0Pr\u00e9-inscriptions 25\/26\u00a0\u00bb dans la partie \u00ab\u00a0Planning\u00a0\u00bb.\u00a0 Espace personnel Si vous n&rsquo;avez jamais \u00e9t\u00e9 inscrit, veuillez remplir le formulaire suivant pour vous pr\u00e9-inscrire \u00e0 l&rsquo;\u00e9cole de musique. \u00a0<\/p>\n","protected":false},"author":1313,"featured_media":0,"parent":0,"menu_order":0,"comment_status":"closed","ping_status":"closed","template":"","meta":{"_crdt_document":"","footnotes":""},"class_list":["post-3","page","type-page","status-publish","hentry"],"_links":{"self":[{"href":"https:\/\/www.kananas.com\/ecoledemusiquechantecler4727\/wp-json\/wp\/v2\/pages\/3","targetHints":{"allow":["GET"]}}],"collection":[{"href":"https:\/\/www.kananas.com\/ecoledemusiquechantecler4727\/wp-json\/wp\/v2\/pages"}],"about":[{"href":"https:\/\/www.kananas.com\/ecoledemusiquechantecler4727\/wp-json\/wp\/v2\/types\/page"}],"author":[{"embeddable":true,"href":"https:\/\/www.kananas.com\/ecoledemusiquechantecler4727\/wp-json\/wp\/v2\/users\/1313"}],"replies":[{"embeddable":true,"href":"https:\/\/www.kananas.com\/ecoledemusiquechantecler4727\/wp-json\/wp\/v2\/comments?post=3"}],"version-history":[{"count":10,"href":"https:\/\/www.kananas.com\/ecoledemusiquechantecler4727\/wp-json\/wp\/v2\/pages\/3\/revisions"}],"predecessor-version":[{"id":777,"href":"https:\/\/www.kananas.com\/ecoledemusiquechantecler4727\/wp-json\/wp\/v2\/pages\/3\/revisions\/777"}],"wp:attachment":[{"href":"https:\/\/www.kananas.com\/ecoledemusiquechantecler4727\/wp-json\/wp\/v2\/media?parent=3"}],"curies":[{"name":"wp","href":"https:\/\/api.w.org\/{rel}","templated":true}]}}