{"id":2203,"date":"2023-02-26T12:18:33","date_gmt":"2023-02-26T11:18:33","guid":{"rendered":"https:\/\/www.kananas.com\/ecoledemusiquedupaysdecharlieubelmont\/?page_id=2203"},"modified":"2023-09-26T23:46:40","modified_gmt":"2023-09-26T21:46:40","slug":"liens","status":"publish","type":"page","link":"https:\/\/www.kananas.com\/ecoledemusiquedupaysdecharlieubelmont\/liens\/","title":{"rendered":"Liens"},"content":{"rendered":"<p>&nbsp;<\/p>\n<p><a href=\"https:\/\/harmonie-charlieu.fr\/\">Harmonie de Charlieu<\/a>\u00a0 \u00a0contact : harmonie.charlieu@sfr.fr<\/p>\n<p><a href=\"https:\/\/fanfaredecoutouvre.wixsite.com\/fanfaredecoutouvre\">Fanfare de Coutouvre<\/a><\/p>\n<p><a href=\"http:\/\/www.avenirmusicalvillers.fr\/\">Avenir Musical de Villers<\/a><\/p>\n<p><a href=\"http:\/\/www.librairie-lecarnetaspirales.fr\/\">Librairie Le Carnet \u00e0 Spirales<\/a><\/p>\n<p><a href=\"https:\/\/mjc-charlieu.fr\/\">MJC de Charlieu<\/a><\/p>\n<p><a href=\"https:\/\/mediatheques-charlieubelmont.com\/\">M\u00e9diath\u00e8ques Chalieu-Belmont Communaut\u00e9<\/a><\/p>\n<p><a href=\"http:\/\/www.charlieubelmont.com\/\">Charlieu Belmont Communaut\u00e9<\/a><\/p>\n<p><a href=\"http:\/\/www.ville-charlieu.fr\/\">Ville de Charlieu<\/a><\/p>\n<p><a href=\"http:\/\/www.loire.fr\/\">Loire le d\u00e9partement<\/a><\/p>\n<p>&nbsp;<\/p>\n<p>&nbsp;<\/p>\n<p>&nbsp;<\/p>\n","protected":false},"excerpt":{"rendered":"<p>&nbsp; Harmonie de Charlieu\u00a0 \u00a0contact : harmonie.charlieu@sfr.fr Fanfare de Coutouvre Avenir Musical de Villers Librairie Le Carnet \u00e0 Spirales MJC de Charlieu M\u00e9diath\u00e8ques Chalieu-Belmont Communaut\u00e9 Charlieu Belmont Communaut\u00e9 Ville de Charlieu Loire le d\u00e9partement &nbsp; &nbsp; &nbsp;<\/p>\n","protected":false},"author":906,"featured_media":0,"parent":0,"menu_order":0,"comment_status":"closed","ping_status":"closed","template":"","meta":{"_crdt_document":"","footnotes":""},"class_list":["post-2203","page","type-page","status-publish","hentry"],"_links":{"self":[{"href":"https:\/\/www.kananas.com\/ecoledemusiquedupaysdecharlieubelmont\/wp-json\/wp\/v2\/pages\/2203","targetHints":{"allow":["GET"]}}],"collection":[{"href":"https:\/\/www.kananas.com\/ecoledemusiquedupaysdecharlieubelmont\/wp-json\/wp\/v2\/pages"}],"about":[{"href":"https:\/\/www.kananas.com\/ecoledemusiquedupaysdecharlieubelmont\/wp-json\/wp\/v2\/types\/page"}],"author":[{"embeddable":true,"href":"https:\/\/www.kananas.com\/ecoledemusiquedupaysdecharlieubelmont\/wp-json\/wp\/v2\/users\/906"}],"replies":[{"embeddable":true,"href":"https:\/\/www.kananas.com\/ecoledemusiquedupaysdecharlieubelmont\/wp-json\/wp\/v2\/comments?post=2203"}],"version-history":[{"count":3,"href":"https:\/\/www.kananas.com\/ecoledemusiquedupaysdecharlieubelmont\/wp-json\/wp\/v2\/pages\/2203\/revisions"}],"predecessor-version":[{"id":2594,"href":"https:\/\/www.kananas.com\/ecoledemusiquedupaysdecharlieubelmont\/wp-json\/wp\/v2\/pages\/2203\/revisions\/2594"}],"wp:attachment":[{"href":"https:\/\/www.kananas.com\/ecoledemusiquedupaysdecharlieubelmont\/wp-json\/wp\/v2\/media?parent=2203"}],"curies":[{"name":"wp","href":"https:\/\/api.w.org\/{rel}","templated":true}]}}