{"id":2216,"date":"2023-02-26T13:25:39","date_gmt":"2023-02-26T12:25:39","guid":{"rendered":"https:\/\/www.kananas.com\/ecoledemusiquedupaysdecharlieubelmont\/?page_id=2216"},"modified":"2026-03-03T22:36:07","modified_gmt":"2026-03-03T21:36:07","slug":"organisation-de-lecole","status":"publish","type":"page","link":"https:\/\/www.kananas.com\/ecoledemusiquedupaysdecharlieubelmont\/organisation-de-lecole\/","title":{"rendered":"Organisation de l&rsquo;\u00e9cole"},"content":{"rendered":"\n<h1 class=\"wp-block-heading\">L\u2019\u00e9quipe administrative<\/h1>\n\n\n\n<p class=\"wp-block-paragraph\">L\u2019\u00e9cole est une association sous la loi de 1901 g\u00e9r\u00e9e par des b\u00e9n\u00e9voles.<\/p>\n\n\n\n<h2 class=\"wp-block-heading\">Le bureau<\/h2>\n\n\n\n<ul class=\"wp-block-list\">\n<li>Pr\u00e9sident : Arnaud Couty<\/li>\n\n\n\n<li>Vice-pr\u00e9sident : Christophe Miolan<\/li>\n\n\n\n<li>Secr\u00e9taire :<\/li>\n\n\n\n<li>Secr\u00e9taire adjointe :<\/li>\n\n\n\n<li>Tr\u00e9sori\u00e8re : Doriane Couty<\/li>\n\n\n\n<li>Tr\u00e9sori\u00e8re adjointe :<\/li>\n<\/ul>\n\n\n\n<h1 class=\"wp-block-heading\">L\u2019\u00e9quipe p\u00e9dagogique<\/h1>\n\n\n\n<h2 class=\"wp-block-heading\">Eveil musical<\/h2>\n\n\n\n<ul class=\"wp-block-list\">\n<li>Marie Arnaud<\/li>\n<\/ul>\n\n\n\n<h2 class=\"wp-block-heading\">Formation musicale<\/h2>\n\n\n\n<ul class=\"wp-block-list\">\n<li>Pauline GOUTORBE<\/li>\n\n\n\n<li>Marie-Laure FRANCERIES<\/li>\n\n\n\n<li>Damien LEFAURE<\/li>\n<\/ul>\n\n\n\n<h2 class=\"wp-block-heading\">Instruments<\/h2>\n\n\n\n<ul class=\"wp-block-list\">\n<li>Accord\u00e9on chromatique : S\u00e9bastien CARDONA<\/li>\n\n\n\n<li>Batterie&nbsp;: St\u00e9phane BRUYERE<\/li>\n\n\n\n<li>Chant&nbsp;: V\u00e9ronique DUPIN<\/li>\n\n\n\n<li>Clarinette : Pascal SIMON<\/li>\n\n\n\n<li>Fl\u00fbte traversi\u00e8re&nbsp;: Pauline GOUTORBE<\/li>\n\n\n\n<li>Guitare : Christophe MONTFORT<\/li>\n\n\n\n<li>Harpe : Marie-Laure FRANCERIES<\/li>\n\n\n\n<li>Piano : Florian CHAURIS &#8211; Damien LEFAURE &#8211; Quentin LAGOUTTE<\/li>\n\n\n\n<li>Saxophone&nbsp;: Colin PETIT<\/li>\n\n\n\n<li>Trompette : Catherine VINCENTE<\/li>\n\n\n\n<li>Violon: Marie ARNAUD<\/li>\n\n\n\n<li>Violoncelle :<\/li>\n<\/ul>\n\n\n\n<h2 class=\"wp-block-heading\">ATELIERS<\/h2>\n\n\n\n<ul class=\"wp-block-list\">\n<li><\/li>\n<\/ul>\n","protected":false},"excerpt":{"rendered":"<p>L\u2019\u00e9quipe administrative L\u2019\u00e9cole est une association sous la loi de 1901 g\u00e9r\u00e9e par des b\u00e9n\u00e9voles. Le bureau L\u2019\u00e9quipe p\u00e9dagogique Eveil musical Formation musicale Instruments ATELIERS<\/p>\n","protected":false},"author":906,"featured_media":0,"parent":0,"menu_order":0,"comment_status":"closed","ping_status":"closed","template":"","meta":{"_crdt_document":"","footnotes":""},"class_list":["post-2216","page","type-page","status-publish","hentry"],"_links":{"self":[{"href":"https:\/\/www.kananas.com\/ecoledemusiquedupaysdecharlieubelmont\/wp-json\/wp\/v2\/pages\/2216","targetHints":{"allow":["GET"]}}],"collection":[{"href":"https:\/\/www.kananas.com\/ecoledemusiquedupaysdecharlieubelmont\/wp-json\/wp\/v2\/pages"}],"about":[{"href":"https:\/\/www.kananas.com\/ecoledemusiquedupaysdecharlieubelmont\/wp-json\/wp\/v2\/types\/page"}],"author":[{"embeddable":true,"href":"https:\/\/www.kananas.com\/ecoledemusiquedupaysdecharlieubelmont\/wp-json\/wp\/v2\/users\/906"}],"replies":[{"embeddable":true,"href":"https:\/\/www.kananas.com\/ecoledemusiquedupaysdecharlieubelmont\/wp-json\/wp\/v2\/comments?post=2216"}],"version-history":[{"count":9,"href":"https:\/\/www.kananas.com\/ecoledemusiquedupaysdecharlieubelmont\/wp-json\/wp\/v2\/pages\/2216\/revisions"}],"predecessor-version":[{"id":3035,"href":"https:\/\/www.kananas.com\/ecoledemusiquedupaysdecharlieubelmont\/wp-json\/wp\/v2\/pages\/2216\/revisions\/3035"}],"wp:attachment":[{"href":"https:\/\/www.kananas.com\/ecoledemusiquedupaysdecharlieubelmont\/wp-json\/wp\/v2\/media?parent=2216"}],"curies":[{"name":"wp","href":"https:\/\/api.w.org\/{rel}","templated":true}]}}