{"id":2225,"date":"2023-02-26T13:34:01","date_gmt":"2023-02-26T12:34:01","guid":{"rendered":"https:\/\/www.kananas.com\/ecoledemusiquedupaysdecharlieubelmont\/?page_id=2225"},"modified":"2025-08-31T20:30:11","modified_gmt":"2025-08-31T18:30:11","slug":"documents-utiles","status":"publish","type":"page","link":"https:\/\/www.kananas.com\/ecoledemusiquedupaysdecharlieubelmont\/documents-utiles\/","title":{"rendered":"INSCRIPTIONS"},"content":{"rendered":"<p>Les <strong>inscriptions <\/strong>se d\u00e9roulent d\u00e9but septembre dans les locaux de l\u2019\u00e9cole de musique.<\/p>\n<p><strong><u>Permanences d\u2019inscription pour la rentr\u00e9e 2025 :<br \/>\n<\/u><\/strong><\/p>\n<ul>\n<li><em><strong>mercredi 03 septembre 2025\u00a0 \u00a014h-19h<br \/>\n<\/strong><\/em><\/li>\n<li><em><strong>samedi 06 septembre 2025\u00a0 \u00a009h-13h<br \/>\n<\/strong><\/em><\/li>\n<\/ul>\n<p>&nbsp;<\/p>\n<p><strong><u>Reprise des cours :\u00a0<\/u><\/strong><\/p>\n<ul>\n<li><em><strong>lundi 15 septembre 2025<\/strong><\/em><\/li>\n<\/ul>\n<p>&nbsp;<\/p>\n<p style=\"text-align: center\"><strong><span style=\"font-size: 14pt\">Documents n\u00e9cessaires pour s&rsquo;informer et pr\u00e9parer son inscription \u00e0 l&rsquo;\u00e9cole de musique : saison 2025-2026<\/span><\/strong><\/p>\n<p>&nbsp;<\/p>\n<p><a href=\"https:\/\/www.kananas.com\/ecoledemusiquedupaysdecharlieubelmont\/wp-content\/uploads\/sites\/877\/2025\/08\/fiche-dinscription-2025-2026.pdf\" target=\"_blank\" rel=\"noopener\">Fiche d&rsquo;inscription 2025-2026<\/a><\/p>\n<p><a href=\"https:\/\/www.kananas.com\/ecoledemusiquedupaysdecharlieubelmont\/wp-content\/uploads\/sites\/877\/2025\/08\/Planning-cours-instruments-2025-2026.pdf\" target=\"_blank\" rel=\"noopener\">Planning cours instruments 2025-2026<\/a><\/p>\n<p><a href=\"https:\/\/www.kananas.com\/ecoledemusiquedupaysdecharlieubelmont\/wp-content\/uploads\/sites\/877\/2025\/08\/planning-FM-et-ateliers-2025-2026.pdf\" target=\"_blank\" rel=\"noopener\">Planning FM et ateliers 2025-2026<\/a><\/p>\n<p><a href=\"https:\/\/www.kananas.com\/ecoledemusiquedupaysdecharlieubelmont\/wp-content\/uploads\/sites\/877\/2025\/06\/tarifs-2025-2026.pdf\" target=\"_blank\" rel=\"noopener\">Tarifs 2025-2026<\/a><\/p>\n<p><a href=\"https:\/\/www.kananas.com\/ecoledemusiquedupaysdecharlieubelmont\/wp-content\/uploads\/sites\/877\/2023\/07\/reglement-interieur-rentree-2023.pdf\" target=\"_blank\" rel=\"noopener\">R\u00e8glement int\u00e9rieur<\/a><\/p>\n<p><a href=\"https:\/\/www.kananas.com\/ecoledemusiquedupaysdecharlieubelmont\/wp-content\/uploads\/sites\/877\/2023\/02\/Listes-des-communes-de-Charlieu-Belmont-Communaute.pdf\" target=\"_blank\" rel=\"noopener\">Listes des communes de Charlieu Belmont Communaut\u00e9<\/a><\/p>\n<p><a href=\"https:\/\/www.kananas.com\/ecoledemusiquedupaysdecharlieubelmont\/wp-content\/uploads\/sites\/877\/2024\/07\/Autorisation-prelevement-sept-2023.pdf\" target=\"_blank\" rel=\"noopener\">Autorisation de pr\u00e9l\u00e8vement<\/a><\/p>\n<p>&nbsp;<\/p>\n<p>L\u2019emploi du temps d\u00e9finitif ne sera consolid\u00e9 qu\u2019apr\u00e8s les inscriptions.<\/p>\n<p>&nbsp;<\/p>\n<p>&nbsp;<\/p>\n<p>&nbsp;<\/p>\n<p>&nbsp;<\/p>\n<p>&nbsp;<\/p>\n<p>&nbsp;<\/p>\n","protected":false},"excerpt":{"rendered":"<p>Les inscriptions se d\u00e9roulent d\u00e9but septembre dans les locaux de l\u2019\u00e9cole de musique. Permanences d\u2019inscription pour la rentr\u00e9e 2025 : mercredi 03 septembre 2025\u00a0 \u00a014h-19h samedi 06 septembre 2025\u00a0 \u00a009h-13h &nbsp; Reprise des cours :\u00a0 lundi 15 septembre 2025 &nbsp; Documents n\u00e9cessaires pour s&rsquo;informer et pr\u00e9parer son inscription \u00e0 l&rsquo;\u00e9cole de musique : saison 2025-2026 [&hellip;]<\/p>\n","protected":false},"author":906,"featured_media":0,"parent":0,"menu_order":0,"comment_status":"closed","ping_status":"closed","template":"","meta":{"_crdt_document":"","footnotes":""},"class_list":["post-2225","page","type-page","status-publish","hentry"],"_links":{"self":[{"href":"https:\/\/www.kananas.com\/ecoledemusiquedupaysdecharlieubelmont\/wp-json\/wp\/v2\/pages\/2225","targetHints":{"allow":["GET"]}}],"collection":[{"href":"https:\/\/www.kananas.com\/ecoledemusiquedupaysdecharlieubelmont\/wp-json\/wp\/v2\/pages"}],"about":[{"href":"https:\/\/www.kananas.com\/ecoledemusiquedupaysdecharlieubelmont\/wp-json\/wp\/v2\/types\/page"}],"author":[{"embeddable":true,"href":"https:\/\/www.kananas.com\/ecoledemusiquedupaysdecharlieubelmont\/wp-json\/wp\/v2\/users\/906"}],"replies":[{"embeddable":true,"href":"https:\/\/www.kananas.com\/ecoledemusiquedupaysdecharlieubelmont\/wp-json\/wp\/v2\/comments?post=2225"}],"version-history":[{"count":10,"href":"https:\/\/www.kananas.com\/ecoledemusiquedupaysdecharlieubelmont\/wp-json\/wp\/v2\/pages\/2225\/revisions"}],"predecessor-version":[{"id":2998,"href":"https:\/\/www.kananas.com\/ecoledemusiquedupaysdecharlieubelmont\/wp-json\/wp\/v2\/pages\/2225\/revisions\/2998"}],"wp:attachment":[{"href":"https:\/\/www.kananas.com\/ecoledemusiquedupaysdecharlieubelmont\/wp-json\/wp\/v2\/media?parent=2225"}],"curies":[{"name":"wp","href":"https:\/\/api.w.org\/{rel}","templated":true}]}}