{"id":2242,"date":"2023-02-26T14:06:38","date_gmt":"2023-02-26T13:06:38","guid":{"rendered":"https:\/\/www.kananas.com\/ecoledemusiquedupaysdecharlieubelmont\/?page_id=2242"},"modified":"2026-03-03T22:37:47","modified_gmt":"2026-03-03T21:37:47","slug":"presentation-de-lecole","status":"publish","type":"page","link":"https:\/\/www.kananas.com\/ecoledemusiquedupaysdecharlieubelmont\/presentation-de-lecole\/","title":{"rendered":"Pr\u00e9sentation de l&rsquo;\u00e9cole"},"content":{"rendered":"\n<p class=\"wp-block-paragraph\">Fond\u00e9e en octobre 1986, l\u2019\u00c9cole de musique du pays de Charlieu Belmont (EMPCB) est une \u00e9cole associative intercommunale de la Communaut\u00e9 de Commune du Pays de Charlieu-Belmont. Elle propose une offre tr\u00e8s diversifi\u00e9e.<\/p>\n\n\n\n<p class=\"wp-block-paragraph\">L\u2019EMPCB forme aussi ses \u00e9l\u00e8ves \u00e0 la pratique amateur autonome et accompagne celles et ceux qui souhaitent pratiquer en groupe au sein des ateliers de l\u2019\u00e9cole.<\/p>\n\n\n\n<p class=\"wp-block-paragraph\">Avec 180 \u00e9l\u00e8ves, encadr\u00e9s par 13 enseignants, l\u2019\u00e9cole assure les diff\u00e9rentes missions de l\u2019enseignement artistique sur la communaut\u00e9 de communes du Pays de Charlieu Belmont : p\u00e9dagogie, cr\u00e9ation, diffusion, action culturelle.<\/p>\n\n\n\n<p class=\"wp-block-paragraph\">&nbsp;<\/p>\n\n\n\n<p class=\"wp-block-paragraph\">&nbsp;<\/p>\n\n\n\n<p class=\"wp-block-paragraph\">&nbsp;<\/p>\n\n\n\n<p class=\"wp-block-paragraph\">&nbsp;<\/p>\n\n\n\n<p class=\"wp-block-paragraph\">&nbsp;<\/p>\n","protected":false},"excerpt":{"rendered":"<p>Fond\u00e9e en octobre 1986, l\u2019\u00c9cole de musique du pays de Charlieu Belmont (EMPCB) est une \u00e9cole associative intercommunale de la Communaut\u00e9 de Commune du Pays de Charlieu-Belmont. Elle propose une offre tr\u00e8s diversifi\u00e9e. L\u2019EMPCB forme aussi ses \u00e9l\u00e8ves \u00e0 la pratique amateur autonome et accompagne celles et ceux qui souhaitent pratiquer en groupe au sein [&hellip;]<\/p>\n","protected":false},"author":906,"featured_media":0,"parent":0,"menu_order":0,"comment_status":"closed","ping_status":"closed","template":"","meta":{"_crdt_document":"","footnotes":""},"class_list":["post-2242","page","type-page","status-publish","hentry"],"_links":{"self":[{"href":"https:\/\/www.kananas.com\/ecoledemusiquedupaysdecharlieubelmont\/wp-json\/wp\/v2\/pages\/2242","targetHints":{"allow":["GET"]}}],"collection":[{"href":"https:\/\/www.kananas.com\/ecoledemusiquedupaysdecharlieubelmont\/wp-json\/wp\/v2\/pages"}],"about":[{"href":"https:\/\/www.kananas.com\/ecoledemusiquedupaysdecharlieubelmont\/wp-json\/wp\/v2\/types\/page"}],"author":[{"embeddable":true,"href":"https:\/\/www.kananas.com\/ecoledemusiquedupaysdecharlieubelmont\/wp-json\/wp\/v2\/users\/906"}],"replies":[{"embeddable":true,"href":"https:\/\/www.kananas.com\/ecoledemusiquedupaysdecharlieubelmont\/wp-json\/wp\/v2\/comments?post=2242"}],"version-history":[{"count":5,"href":"https:\/\/www.kananas.com\/ecoledemusiquedupaysdecharlieubelmont\/wp-json\/wp\/v2\/pages\/2242\/revisions"}],"predecessor-version":[{"id":3036,"href":"https:\/\/www.kananas.com\/ecoledemusiquedupaysdecharlieubelmont\/wp-json\/wp\/v2\/pages\/2242\/revisions\/3036"}],"wp:attachment":[{"href":"https:\/\/www.kananas.com\/ecoledemusiquedupaysdecharlieubelmont\/wp-json\/wp\/v2\/media?parent=2242"}],"curies":[{"name":"wp","href":"https:\/\/api.w.org\/{rel}","templated":true}]}}