{"id":2249,"date":"2023-02-26T14:12:21","date_gmt":"2023-02-26T13:12:21","guid":{"rendered":"https:\/\/www.kananas.com\/ecoledemusiquedupaysdecharlieubelmont\/?page_id=2249"},"modified":"2023-09-21T23:27:24","modified_gmt":"2023-09-21T21:27:24","slug":"saison-2022-2023","status":"publish","type":"page","link":"https:\/\/www.kananas.com\/ecoledemusiquedupaysdecharlieubelmont\/saison-2022-2023\/","title":{"rendered":"Saison 2022-2023"},"content":{"rendered":"<p>&nbsp;<\/p>\n<h1 style=\"text-align: center\">SAMEDI 24 juin 2023 :\u00a0\u00a0 f\u00eate de la musique !<\/h1>\n<h1 style=\"text-align: center\"><a href=\"https:\/\/www.kananas.com\/ecoledemusiquedupaysdecharlieubelmont\/wp-content\/uploads\/sites\/877\/2023\/06\/Programme-Fete-de-la-musique_page-0001-scaled.jpg\"><img loading=\"lazy\" decoding=\"async\" class=\"alignnone size-full wp-image-2383\" src=\"https:\/\/www.kananas.com\/ecoledemusiquedupaysdecharlieubelmont\/wp-content\/uploads\/sites\/877\/2023\/06\/Programme-Fete-de-la-musique_page-0001-scaled.jpg\" alt=\"\" width=\"1810\" height=\"2560\" srcset=\"https:\/\/www.kananas.com\/ecoledemusiquedupaysdecharlieubelmont\/wp-content\/uploads\/sites\/877\/2023\/06\/Programme-Fete-de-la-musique_page-0001-scaled.jpg 1810w, https:\/\/www.kananas.com\/ecoledemusiquedupaysdecharlieubelmont\/wp-content\/uploads\/sites\/877\/2023\/06\/Programme-Fete-de-la-musique_page-0001-212x300.jpg 212w, https:\/\/www.kananas.com\/ecoledemusiquedupaysdecharlieubelmont\/wp-content\/uploads\/sites\/877\/2023\/06\/Programme-Fete-de-la-musique_page-0001-724x1024.jpg 724w, https:\/\/www.kananas.com\/ecoledemusiquedupaysdecharlieubelmont\/wp-content\/uploads\/sites\/877\/2023\/06\/Programme-Fete-de-la-musique_page-0001-768x1086.jpg 768w, https:\/\/www.kananas.com\/ecoledemusiquedupaysdecharlieubelmont\/wp-content\/uploads\/sites\/877\/2023\/06\/Programme-Fete-de-la-musique_page-0001-1086x1536.jpg 1086w, https:\/\/www.kananas.com\/ecoledemusiquedupaysdecharlieubelmont\/wp-content\/uploads\/sites\/877\/2023\/06\/Programme-Fete-de-la-musique_page-0001-1448x2048.jpg 1448w, https:\/\/www.kananas.com\/ecoledemusiquedupaysdecharlieubelmont\/wp-content\/uploads\/sites\/877\/2023\/06\/Programme-Fete-de-la-musique_page-0001-1240x1754.jpg 1240w, https:\/\/www.kananas.com\/ecoledemusiquedupaysdecharlieubelmont\/wp-content\/uploads\/sites\/877\/2023\/06\/Programme-Fete-de-la-musique_page-0001-508x719.jpg 508w\" sizes=\"auto, (max-width: 1810px) 100vw, 1810px\" \/><\/a><a href=\"https:\/\/www.kananas.com\/ecoledemusiquedupaysdecharlieubelmont\/wp-content\/uploads\/sites\/877\/2023\/06\/Programme-Fete-de-la-musique_page-0002-scaled.jpg\"><img loading=\"lazy\" decoding=\"async\" class=\"alignnone size-full wp-image-2384\" src=\"https:\/\/www.kananas.com\/ecoledemusiquedupaysdecharlieubelmont\/wp-content\/uploads\/sites\/877\/2023\/06\/Programme-Fete-de-la-musique_page-0002-scaled.jpg\" alt=\"\" width=\"1810\" height=\"2560\" srcset=\"https:\/\/www.kananas.com\/ecoledemusiquedupaysdecharlieubelmont\/wp-content\/uploads\/sites\/877\/2023\/06\/Programme-Fete-de-la-musique_page-0002-scaled.jpg 1810w, https:\/\/www.kananas.com\/ecoledemusiquedupaysdecharlieubelmont\/wp-content\/uploads\/sites\/877\/2023\/06\/Programme-Fete-de-la-musique_page-0002-212x300.jpg 212w, https:\/\/www.kananas.com\/ecoledemusiquedupaysdecharlieubelmont\/wp-content\/uploads\/sites\/877\/2023\/06\/Programme-Fete-de-la-musique_page-0002-724x1024.jpg 724w, https:\/\/www.kananas.com\/ecoledemusiquedupaysdecharlieubelmont\/wp-content\/uploads\/sites\/877\/2023\/06\/Programme-Fete-de-la-musique_page-0002-768x1086.jpg 768w, https:\/\/www.kananas.com\/ecoledemusiquedupaysdecharlieubelmont\/wp-content\/uploads\/sites\/877\/2023\/06\/Programme-Fete-de-la-musique_page-0002-1086x1536.jpg 1086w, https:\/\/www.kananas.com\/ecoledemusiquedupaysdecharlieubelmont\/wp-content\/uploads\/sites\/877\/2023\/06\/Programme-Fete-de-la-musique_page-0002-1448x2048.jpg 1448w, https:\/\/www.kananas.com\/ecoledemusiquedupaysdecharlieubelmont\/wp-content\/uploads\/sites\/877\/2023\/06\/Programme-Fete-de-la-musique_page-0002-1240x1754.jpg 1240w, https:\/\/www.kananas.com\/ecoledemusiquedupaysdecharlieubelmont\/wp-content\/uploads\/sites\/877\/2023\/06\/Programme-Fete-de-la-musique_page-0002-508x719.jpg 508w\" sizes=\"auto, (max-width: 1810px) 100vw, 1810px\" \/><\/a><a href=\"https:\/\/www.kananas.com\/ecoledemusiquedupaysdecharlieubelmont\/wp-content\/uploads\/sites\/877\/2023\/06\/Programme-Fete-de-la-musique_page-0003-scaled.jpg\"><img loading=\"lazy\" decoding=\"async\" class=\"alignnone size-full wp-image-2385\" src=\"https:\/\/www.kananas.com\/ecoledemusiquedupaysdecharlieubelmont\/wp-content\/uploads\/sites\/877\/2023\/06\/Programme-Fete-de-la-musique_page-0003-scaled.jpg\" alt=\"\" width=\"1810\" height=\"2560\" srcset=\"https:\/\/www.kananas.com\/ecoledemusiquedupaysdecharlieubelmont\/wp-content\/uploads\/sites\/877\/2023\/06\/Programme-Fete-de-la-musique_page-0003-scaled.jpg 1810w, https:\/\/www.kananas.com\/ecoledemusiquedupaysdecharlieubelmont\/wp-content\/uploads\/sites\/877\/2023\/06\/Programme-Fete-de-la-musique_page-0003-212x300.jpg 212w, https:\/\/www.kananas.com\/ecoledemusiquedupaysdecharlieubelmont\/wp-content\/uploads\/sites\/877\/2023\/06\/Programme-Fete-de-la-musique_page-0003-724x1024.jpg 724w, https:\/\/www.kananas.com\/ecoledemusiquedupaysdecharlieubelmont\/wp-content\/uploads\/sites\/877\/2023\/06\/Programme-Fete-de-la-musique_page-0003-768x1086.jpg 768w, https:\/\/www.kananas.com\/ecoledemusiquedupaysdecharlieubelmont\/wp-content\/uploads\/sites\/877\/2023\/06\/Programme-Fete-de-la-musique_page-0003-1086x1536.jpg 1086w, https:\/\/www.kananas.com\/ecoledemusiquedupaysdecharlieubelmont\/wp-content\/uploads\/sites\/877\/2023\/06\/Programme-Fete-de-la-musique_page-0003-1448x2048.jpg 1448w, https:\/\/www.kananas.com\/ecoledemusiquedupaysdecharlieubelmont\/wp-content\/uploads\/sites\/877\/2023\/06\/Programme-Fete-de-la-musique_page-0003-1240x1754.jpg 1240w, https:\/\/www.kananas.com\/ecoledemusiquedupaysdecharlieubelmont\/wp-content\/uploads\/sites\/877\/2023\/06\/Programme-Fete-de-la-musique_page-0003-508x719.jpg 508w\" sizes=\"auto, (max-width: 1810px) 100vw, 1810px\" \/><\/a><\/h1>\n<p>&nbsp;<\/p>\n<p>&nbsp;<\/p>\n<p>&nbsp;<\/p>\n<h1 style=\"text-align: center\">MERCREDI 21 JUIN :<\/h1>\n<h1 style=\"text-align: center\"><a href=\"https:\/\/www.kananas.com\/ecoledemusiquedupaysdecharlieubelmont\/wp-content\/uploads\/sites\/877\/2023\/06\/affiche-MM-21-juin-2023_page-0001.jpg\"><img loading=\"lazy\" decoding=\"async\" class=\"alignnone size-full wp-image-2388\" src=\"https:\/\/www.kananas.com\/ecoledemusiquedupaysdecharlieubelmont\/wp-content\/uploads\/sites\/877\/2023\/06\/affiche-MM-21-juin-2023_page-0001.jpg\" alt=\"\" width=\"1240\" height=\"1755\" srcset=\"https:\/\/www.kananas.com\/ecoledemusiquedupaysdecharlieubelmont\/wp-content\/uploads\/sites\/877\/2023\/06\/affiche-MM-21-juin-2023_page-0001.jpg 1240w, https:\/\/www.kananas.com\/ecoledemusiquedupaysdecharlieubelmont\/wp-content\/uploads\/sites\/877\/2023\/06\/affiche-MM-21-juin-2023_page-0001-212x300.jpg 212w, https:\/\/www.kananas.com\/ecoledemusiquedupaysdecharlieubelmont\/wp-content\/uploads\/sites\/877\/2023\/06\/affiche-MM-21-juin-2023_page-0001-724x1024.jpg 724w, https:\/\/www.kananas.com\/ecoledemusiquedupaysdecharlieubelmont\/wp-content\/uploads\/sites\/877\/2023\/06\/affiche-MM-21-juin-2023_page-0001-768x1087.jpg 768w, https:\/\/www.kananas.com\/ecoledemusiquedupaysdecharlieubelmont\/wp-content\/uploads\/sites\/877\/2023\/06\/affiche-MM-21-juin-2023_page-0001-1085x1536.jpg 1085w, https:\/\/www.kananas.com\/ecoledemusiquedupaysdecharlieubelmont\/wp-content\/uploads\/sites\/877\/2023\/06\/affiche-MM-21-juin-2023_page-0001-508x719.jpg 508w\" sizes=\"auto, (max-width: 1240px) 100vw, 1240px\" \/><\/a><\/h1>\n<h1 style=\"text-align: center\">VENDREDI 02 JUIN 2023 : soir\u00e9e classique<\/h1>\n<p>&nbsp;<\/p>\n<p><a href=\"https:\/\/www.kananas.com\/ecoledemusiquedupaysdecharlieubelmont\/wp-content\/uploads\/sites\/877\/2023\/05\/2-juin-soiree-classique_page-0001-scaled.jpg\"><img loading=\"lazy\" decoding=\"async\" class=\"alignnone size-full wp-image-2376\" src=\"https:\/\/www.kananas.com\/ecoledemusiquedupaysdecharlieubelmont\/wp-content\/uploads\/sites\/877\/2023\/05\/2-juin-soiree-classique_page-0001-scaled.jpg\" alt=\"\" width=\"1809\" height=\"2560\" srcset=\"https:\/\/www.kananas.com\/ecoledemusiquedupaysdecharlieubelmont\/wp-content\/uploads\/sites\/877\/2023\/05\/2-juin-soiree-classique_page-0001-scaled.jpg 1809w, https:\/\/www.kananas.com\/ecoledemusiquedupaysdecharlieubelmont\/wp-content\/uploads\/sites\/877\/2023\/05\/2-juin-soiree-classique_page-0001-212x300.jpg 212w, https:\/\/www.kananas.com\/ecoledemusiquedupaysdecharlieubelmont\/wp-content\/uploads\/sites\/877\/2023\/05\/2-juin-soiree-classique_page-0001-724x1024.jpg 724w, https:\/\/www.kananas.com\/ecoledemusiquedupaysdecharlieubelmont\/wp-content\/uploads\/sites\/877\/2023\/05\/2-juin-soiree-classique_page-0001-768x1087.jpg 768w, https:\/\/www.kananas.com\/ecoledemusiquedupaysdecharlieubelmont\/wp-content\/uploads\/sites\/877\/2023\/05\/2-juin-soiree-classique_page-0001-1086x1536.jpg 1086w, https:\/\/www.kananas.com\/ecoledemusiquedupaysdecharlieubelmont\/wp-content\/uploads\/sites\/877\/2023\/05\/2-juin-soiree-classique_page-0001-1447x2048.jpg 1447w, https:\/\/www.kananas.com\/ecoledemusiquedupaysdecharlieubelmont\/wp-content\/uploads\/sites\/877\/2023\/05\/2-juin-soiree-classique_page-0001-1240x1755.jpg 1240w, https:\/\/www.kananas.com\/ecoledemusiquedupaysdecharlieubelmont\/wp-content\/uploads\/sites\/877\/2023\/05\/2-juin-soiree-classique_page-0001-508x719.jpg 508w\" sizes=\"auto, (max-width: 1809px) 100vw, 1809px\" \/><\/a><\/p>\n<p>&nbsp;<\/p>\n<p>&nbsp;<\/p>\n<h1 style=\"text-align: center\">SAMEDI 13 mai 2023 : Chorale des enfants au carnet \u00e0 spirales<\/h1>\n<p><a href=\"https:\/\/www.kananas.com\/ecoledemusiquedupaysdecharlieubelmont\/wp-content\/uploads\/sites\/877\/2023\/04\/chorale-librairie.jpg\"><img loading=\"lazy\" decoding=\"async\" class=\"alignnone size-full wp-image-2372\" src=\"https:\/\/www.kananas.com\/ecoledemusiquedupaysdecharlieubelmont\/wp-content\/uploads\/sites\/877\/2023\/04\/chorale-librairie.jpg\" alt=\"\" width=\"1131\" height=\"1600\" srcset=\"https:\/\/www.kananas.com\/ecoledemusiquedupaysdecharlieubelmont\/wp-content\/uploads\/sites\/877\/2023\/04\/chorale-librairie.jpg 1131w, https:\/\/www.kananas.com\/ecoledemusiquedupaysdecharlieubelmont\/wp-content\/uploads\/sites\/877\/2023\/04\/chorale-librairie-212x300.jpg 212w, https:\/\/www.kananas.com\/ecoledemusiquedupaysdecharlieubelmont\/wp-content\/uploads\/sites\/877\/2023\/04\/chorale-librairie-724x1024.jpg 724w, https:\/\/www.kananas.com\/ecoledemusiquedupaysdecharlieubelmont\/wp-content\/uploads\/sites\/877\/2023\/04\/chorale-librairie-768x1086.jpg 768w, https:\/\/www.kananas.com\/ecoledemusiquedupaysdecharlieubelmont\/wp-content\/uploads\/sites\/877\/2023\/04\/chorale-librairie-1086x1536.jpg 1086w, https:\/\/www.kananas.com\/ecoledemusiquedupaysdecharlieubelmont\/wp-content\/uploads\/sites\/877\/2023\/04\/chorale-librairie-508x719.jpg 508w\" sizes=\"auto, (max-width: 1131px) 100vw, 1131px\" \/><\/a><\/p>\n<p>&nbsp;<\/p>\n<p>&nbsp;<\/p>\n<h1 style=\"text-align: center\">SAMEDI 06 MAI 2023 :<\/h1>\n<h1 style=\"text-align: center\">Moment musical avec The 70&rsquo;s lab et les singuliers<a href=\"https:\/\/www.kananas.com\/ecoledemusiquedupaysdecharlieubelmont\/wp-content\/uploads\/sites\/877\/2023\/04\/Affiche_6_mai_2023_finale_rs.png\"><img loading=\"lazy\" decoding=\"async\" class=\"alignnone size-full wp-image-2357\" src=\"https:\/\/www.kananas.com\/ecoledemusiquedupaysdecharlieubelmont\/wp-content\/uploads\/sites\/877\/2023\/04\/Affiche_6_mai_2023_finale_rs.png\" alt=\"\" width=\"1240\" height=\"1754\" srcset=\"https:\/\/www.kananas.com\/ecoledemusiquedupaysdecharlieubelmont\/wp-content\/uploads\/sites\/877\/2023\/04\/Affiche_6_mai_2023_finale_rs.png 1240w, https:\/\/www.kananas.com\/ecoledemusiquedupaysdecharlieubelmont\/wp-content\/uploads\/sites\/877\/2023\/04\/Affiche_6_mai_2023_finale_rs-212x300.png 212w, https:\/\/www.kananas.com\/ecoledemusiquedupaysdecharlieubelmont\/wp-content\/uploads\/sites\/877\/2023\/04\/Affiche_6_mai_2023_finale_rs-724x1024.png 724w, https:\/\/www.kananas.com\/ecoledemusiquedupaysdecharlieubelmont\/wp-content\/uploads\/sites\/877\/2023\/04\/Affiche_6_mai_2023_finale_rs-768x1086.png 768w, https:\/\/www.kananas.com\/ecoledemusiquedupaysdecharlieubelmont\/wp-content\/uploads\/sites\/877\/2023\/04\/Affiche_6_mai_2023_finale_rs-1086x1536.png 1086w, https:\/\/www.kananas.com\/ecoledemusiquedupaysdecharlieubelmont\/wp-content\/uploads\/sites\/877\/2023\/04\/Affiche_6_mai_2023_finale_rs-508x719.png 508w\" sizes=\"auto, (max-width: 1240px) 100vw, 1240px\" \/><\/a><\/h1>\n<p>&nbsp;<\/p>\n<h1 style=\"text-align: center\">SAMEDI 04 MARS 2023 : CARNAVAL EN MUSIQUE<\/h1>\n<p style=\"text-align: center\"><a href=\"https:\/\/www.kananas.com\/ecoledemusiquedupaysdecharlieubelmont\/2018\/04\/02\/actualites\/carnaval-2023\/\" rel=\"attachment wp-att-2148\"><img loading=\"lazy\" decoding=\"async\" class=\"alignnone size-full wp-image-2148\" src=\"https:\/\/www.kananas.com\/ecoledemusiquedupaysdecharlieubelmont\/wp-content\/uploads\/sites\/877\/2018\/04\/Carnaval-2023-scaled.jpg\" alt=\"\" width=\"1809\" height=\"2560\" srcset=\"https:\/\/www.kananas.com\/ecoledemusiquedupaysdecharlieubelmont\/wp-content\/uploads\/sites\/877\/2018\/04\/Carnaval-2023-scaled.jpg 1809w, https:\/\/www.kananas.com\/ecoledemusiquedupaysdecharlieubelmont\/wp-content\/uploads\/sites\/877\/2018\/04\/Carnaval-2023-212x300.jpg 212w, https:\/\/www.kananas.com\/ecoledemusiquedupaysdecharlieubelmont\/wp-content\/uploads\/sites\/877\/2018\/04\/Carnaval-2023-724x1024.jpg 724w, https:\/\/www.kananas.com\/ecoledemusiquedupaysdecharlieubelmont\/wp-content\/uploads\/sites\/877\/2018\/04\/Carnaval-2023-768x1087.jpg 768w, https:\/\/www.kananas.com\/ecoledemusiquedupaysdecharlieubelmont\/wp-content\/uploads\/sites\/877\/2018\/04\/Carnaval-2023-1086x1536.jpg 1086w, https:\/\/www.kananas.com\/ecoledemusiquedupaysdecharlieubelmont\/wp-content\/uploads\/sites\/877\/2018\/04\/Carnaval-2023-1447x2048.jpg 1447w, https:\/\/www.kananas.com\/ecoledemusiquedupaysdecharlieubelmont\/wp-content\/uploads\/sites\/877\/2018\/04\/Carnaval-2023-1240x1755.jpg 1240w, https:\/\/www.kananas.com\/ecoledemusiquedupaysdecharlieubelmont\/wp-content\/uploads\/sites\/877\/2018\/04\/Carnaval-2023-508x719.jpg 508w\" sizes=\"auto, (max-width: 1809px) 100vw, 1809px\" \/><\/a><\/p>\n<h1 style=\"text-align: center\"><\/h1>\n<h1 style=\"text-align: center\"><\/h1>\n<h1 style=\"text-align: center\">MERCREDI 14 D\u00c9CEMBRE 2022 : moment musical de No\u00ebl<\/h1>\n<p style=\"text-align: center\"><a href=\"https:\/\/www.kananas.com\/ecoledemusiquedupaysdecharlieubelmont\/2018\/04\/02\/actualites\/noel-2022\/\" rel=\"attachment wp-att-2147\"><img loading=\"lazy\" decoding=\"async\" class=\"alignnone size-full wp-image-2147\" src=\"https:\/\/www.kananas.com\/ecoledemusiquedupaysdecharlieubelmont\/wp-content\/uploads\/sites\/877\/2018\/04\/noel-2022-scaled.jpg\" alt=\"\" width=\"1810\" height=\"2560\" srcset=\"https:\/\/www.kananas.com\/ecoledemusiquedupaysdecharlieubelmont\/wp-content\/uploads\/sites\/877\/2018\/04\/noel-2022-scaled.jpg 1810w, https:\/\/www.kananas.com\/ecoledemusiquedupaysdecharlieubelmont\/wp-content\/uploads\/sites\/877\/2018\/04\/noel-2022-212x300.jpg 212w, https:\/\/www.kananas.com\/ecoledemusiquedupaysdecharlieubelmont\/wp-content\/uploads\/sites\/877\/2018\/04\/noel-2022-724x1024.jpg 724w, https:\/\/www.kananas.com\/ecoledemusiquedupaysdecharlieubelmont\/wp-content\/uploads\/sites\/877\/2018\/04\/noel-2022-768x1086.jpg 768w, https:\/\/www.kananas.com\/ecoledemusiquedupaysdecharlieubelmont\/wp-content\/uploads\/sites\/877\/2018\/04\/noel-2022-1086x1536.jpg 1086w, https:\/\/www.kananas.com\/ecoledemusiquedupaysdecharlieubelmont\/wp-content\/uploads\/sites\/877\/2018\/04\/noel-2022-1448x2048.jpg 1448w, https:\/\/www.kananas.com\/ecoledemusiquedupaysdecharlieubelmont\/wp-content\/uploads\/sites\/877\/2018\/04\/noel-2022-1240x1754.jpg 1240w, https:\/\/www.kananas.com\/ecoledemusiquedupaysdecharlieubelmont\/wp-content\/uploads\/sites\/877\/2018\/04\/noel-2022-508x718.jpg 508w\" sizes=\"auto, (max-width: 1810px) 100vw, 1810px\" \/><\/a><\/p>\n","protected":false},"excerpt":{"rendered":"<p>&nbsp; SAMEDI 24 juin 2023 :\u00a0\u00a0 f\u00eate de la musique ! &nbsp; &nbsp; &nbsp; MERCREDI 21 JUIN : VENDREDI 02 JUIN 2023 : soir\u00e9e classique &nbsp; &nbsp; &nbsp; SAMEDI 13 mai 2023 : Chorale des enfants au carnet \u00e0 spirales &nbsp; &nbsp; SAMEDI 06 MAI 2023 : Moment musical avec The 70&rsquo;s lab et les [&hellip;]<\/p>\n","protected":false},"author":906,"featured_media":0,"parent":0,"menu_order":0,"comment_status":"closed","ping_status":"closed","template":"","meta":{"_crdt_document":"","footnotes":""},"class_list":["post-2249","page","type-page","status-publish","hentry"],"_links":{"self":[{"href":"https:\/\/www.kananas.com\/ecoledemusiquedupaysdecharlieubelmont\/wp-json\/wp\/v2\/pages\/2249","targetHints":{"allow":["GET"]}}],"collection":[{"href":"https:\/\/www.kananas.com\/ecoledemusiquedupaysdecharlieubelmont\/wp-json\/wp\/v2\/pages"}],"about":[{"href":"https:\/\/www.kananas.com\/ecoledemusiquedupaysdecharlieubelmont\/wp-json\/wp\/v2\/types\/page"}],"author":[{"embeddable":true,"href":"https:\/\/www.kananas.com\/ecoledemusiquedupaysdecharlieubelmont\/wp-json\/wp\/v2\/users\/906"}],"replies":[{"embeddable":true,"href":"https:\/\/www.kananas.com\/ecoledemusiquedupaysdecharlieubelmont\/wp-json\/wp\/v2\/comments?post=2249"}],"version-history":[{"count":19,"href":"https:\/\/www.kananas.com\/ecoledemusiquedupaysdecharlieubelmont\/wp-json\/wp\/v2\/pages\/2249\/revisions"}],"predecessor-version":[{"id":2567,"href":"https:\/\/www.kananas.com\/ecoledemusiquedupaysdecharlieubelmont\/wp-json\/wp\/v2\/pages\/2249\/revisions\/2567"}],"wp:attachment":[{"href":"https:\/\/www.kananas.com\/ecoledemusiquedupaysdecharlieubelmont\/wp-json\/wp\/v2\/media?parent=2249"}],"curies":[{"name":"wp","href":"https:\/\/api.w.org\/{rel}","templated":true}]}}