{"id":2253,"date":"2023-02-26T14:13:48","date_gmt":"2023-02-26T13:13:48","guid":{"rendered":"https:\/\/www.kananas.com\/ecoledemusiquedupaysdecharlieubelmont\/?page_id=2253"},"modified":"2023-02-26T14:19:28","modified_gmt":"2023-02-26T13:19:28","slug":"2017-2","status":"publish","type":"page","link":"https:\/\/www.kananas.com\/ecoledemusiquedupaysdecharlieubelmont\/2017-2\/","title":{"rendered":"2017"},"content":{"rendered":"<h2 class=\"mceTemp\">Le soldat rose, un spectacle exceptionnel !<\/h2>\r\n<div class=\"entry-meta\"><\/div>\r\n<div class=\"entry-content\">Le samedi 20 mai 2017, l&rsquo;\u00e9cole de Musique a f\u00eat\u00e9 le 30e anniversaire de sa cr\u00e9ation. Pour la circonstance, elle a \u00a0pr\u00e9sent\u00e9 un spectacle de qualit\u00e9, une com\u00e9die musicale qui a r\u00e9uni ses 180 \u00e9l\u00e8ves instrumentistes et chanteurs, mis en sc\u00e8ne par V\u00e9ronique Dupin \u00a0\u00bb Le Soldat Rose \u00a0\u00bb est un conte musical compos\u00e9 par Louis Chedid, \u00e9crit par Pierre-Dominique Burgaud, cr\u00e9\u00e9 en 2006. Il raconte l&rsquo;histoire d&rsquo;un enfant, Joseph, lass\u00e9 du monde des adultes, et qui d\u00e9cide de se r\u00e9fugier dans un grand magasin pour vivre avec les jouets. L&rsquo;histoire est cont\u00e9e par une \u00a0\u00bb voix de grand magasin \u00ab\u00a0. D\u00e9di\u00e9 \u00e0 Billie Ch\u00e9did, la petite-fille de Louis Chedid, ce conte est destin\u00e9 aux enfants&#8230; et \u00e0 ceux qui le sont rest\u00e9s. \u00a0 <img loading=\"lazy\" decoding=\"async\" class=\"aligncenter size-medium wp-image-378\" src=\"http:\/\/www.kananas.com\/ecoledemusiquedupaysdecharlieubelmont3220\/wp-content\/uploads\/sites\/877\/2017\/05\/soldat-188x300.jpg\" alt=\"\" width=\"188\" height=\"300\" srcset=\"https:\/\/www.kananas.com\/ecoledemusiquedupaysdecharlieubelmont\/wp-content\/uploads\/sites\/877\/2017\/05\/soldat-188x300.jpg 188w, https:\/\/www.kananas.com\/ecoledemusiquedupaysdecharlieubelmont\/wp-content\/uploads\/sites\/877\/2017\/05\/soldat-768x1224.jpg 768w, https:\/\/www.kananas.com\/ecoledemusiquedupaysdecharlieubelmont\/wp-content\/uploads\/sites\/877\/2017\/05\/soldat-642x1024.jpg 642w, https:\/\/www.kananas.com\/ecoledemusiquedupaysdecharlieubelmont\/wp-content\/uploads\/sites\/877\/2017\/05\/soldat.jpg 850w\" sizes=\"auto, (max-width: 188px) 100vw, 188px\" \/> 2 repr\u00e9sentations ont eu lieu \u00e0 la salle des Halles de Charlieu.\r\n<h3>En fin de soir\u00e9e, Bastien Brison, pianiste de jazz de renomm\u00e9e internationale a donn\u00e9 un concert exceptionnel.<\/h3>\r\n<h3><\/h3>\r\n[Dessin original offert par Guillaume Grossier] <img loading=\"lazy\" decoding=\"async\" class=\"aligncenter wp-image-551 size-full\" src=\"http:\/\/www.kananas.com\/ecoledemusiquedupaysdecharlieubelmont3220\/wp-content\/uploads\/sites\/877\/2018\/04\/IMG_20170520_181008-FILEminimizer.jpg\" alt=\"\" width=\"1024\" height=\"768\" srcset=\"https:\/\/www.kananas.com\/ecoledemusiquedupaysdecharlieubelmont\/wp-content\/uploads\/sites\/877\/2018\/04\/IMG_20170520_181008-FILEminimizer.jpg 1024w, https:\/\/www.kananas.com\/ecoledemusiquedupaysdecharlieubelmont\/wp-content\/uploads\/sites\/877\/2018\/04\/IMG_20170520_181008-FILEminimizer-300x225.jpg 300w, https:\/\/www.kananas.com\/ecoledemusiquedupaysdecharlieubelmont\/wp-content\/uploads\/sites\/877\/2018\/04\/IMG_20170520_181008-FILEminimizer-768x576.jpg 768w\" sizes=\"auto, (max-width: 1024px) 100vw, 1024px\" \/><\/div>\r\n<h1 class=\"entry-title\">L\u2019EMPBC participe au Festibaye le 10 juin 2017 !<\/h1>\r\n<div class=\"entry-meta\"><\/div>\r\n<div class=\"entry-content\">Le samedi 10 juin, rendez-vous \u00e9tait donn\u00e9 \u00e0 La B\u00e9nisson-Dieu pour la premi\u00e8re <strong>Battlebaye<\/strong>, festival de groupes des \u00e9coles de musique locales. L\u2019EMPCB est bien repr\u00e9sent\u00e9e par l&rsquo;atelier Musiques Actuelles! <img loading=\"lazy\" decoding=\"async\" class=\"aligncenter size-medium wp-image-399\" src=\"http:\/\/www.kananas.com\/ecoledemusiquedupaysdecharlieubelmont3220\/wp-content\/uploads\/sites\/877\/2017\/05\/festibaye-300x199.jpg\" alt=\"\" width=\"300\" height=\"199\" srcset=\"https:\/\/www.kananas.com\/ecoledemusiquedupaysdecharlieubelmont\/wp-content\/uploads\/sites\/877\/2017\/05\/festibaye-300x199.jpg 300w, https:\/\/www.kananas.com\/ecoledemusiquedupaysdecharlieubelmont\/wp-content\/uploads\/sites\/877\/2017\/05\/festibaye.jpg 408w\" sizes=\"auto, (max-width: 300px) 100vw, 300px\" \/> \u00a0 Et l&rsquo;EMPCB a gagn\u00e9 la battle!<\/div>\r\n\r\n<h2 class=\"wp-block-heading\"><\/h2>\r\n","protected":false},"excerpt":{"rendered":"<p>Le soldat rose, un spectacle exceptionnel ! Le samedi 20 mai 2017, l&rsquo;\u00e9cole de Musique a f\u00eat\u00e9 le 30e anniversaire de sa cr\u00e9ation. Pour la circonstance, elle a \u00a0pr\u00e9sent\u00e9 un spectacle de qualit\u00e9, une com\u00e9die musicale qui a r\u00e9uni ses 180 \u00e9l\u00e8ves instrumentistes et chanteurs, mis en sc\u00e8ne par V\u00e9ronique Dupin \u00a0\u00bb Le Soldat Rose [&hellip;]<\/p>\n","protected":false},"author":906,"featured_media":0,"parent":0,"menu_order":0,"comment_status":"closed","ping_status":"closed","template":"","meta":{"_crdt_document":"","footnotes":""},"class_list":["post-2253","page","type-page","status-publish","hentry"],"_links":{"self":[{"href":"https:\/\/www.kananas.com\/ecoledemusiquedupaysdecharlieubelmont\/wp-json\/wp\/v2\/pages\/2253","targetHints":{"allow":["GET"]}}],"collection":[{"href":"https:\/\/www.kananas.com\/ecoledemusiquedupaysdecharlieubelmont\/wp-json\/wp\/v2\/pages"}],"about":[{"href":"https:\/\/www.kananas.com\/ecoledemusiquedupaysdecharlieubelmont\/wp-json\/wp\/v2\/types\/page"}],"author":[{"embeddable":true,"href":"https:\/\/www.kananas.com\/ecoledemusiquedupaysdecharlieubelmont\/wp-json\/wp\/v2\/users\/906"}],"replies":[{"embeddable":true,"href":"https:\/\/www.kananas.com\/ecoledemusiquedupaysdecharlieubelmont\/wp-json\/wp\/v2\/comments?post=2253"}],"version-history":[{"count":2,"href":"https:\/\/www.kananas.com\/ecoledemusiquedupaysdecharlieubelmont\/wp-json\/wp\/v2\/pages\/2253\/revisions"}],"predecessor-version":[{"id":2275,"href":"https:\/\/www.kananas.com\/ecoledemusiquedupaysdecharlieubelmont\/wp-json\/wp\/v2\/pages\/2253\/revisions\/2275"}],"wp:attachment":[{"href":"https:\/\/www.kananas.com\/ecoledemusiquedupaysdecharlieubelmont\/wp-json\/wp\/v2\/media?parent=2253"}],"curies":[{"name":"wp","href":"https:\/\/api.w.org\/{rel}","templated":true}]}}