{"id":2262,"date":"2023-02-26T14:14:15","date_gmt":"2023-02-26T13:14:15","guid":{"rendered":"https:\/\/www.kananas.com\/ecoledemusiquedupaysdecharlieubelmont\/?page_id=2262"},"modified":"2023-02-26T14:21:22","modified_gmt":"2023-02-26T13:21:22","slug":"2021-2","status":"publish","type":"page","link":"https:\/\/www.kananas.com\/ecoledemusiquedupaysdecharlieubelmont\/2021-2\/","title":{"rendered":"2021"},"content":{"rendered":"<div class=\"post-content entry-content\">\n<h1><strong>Le week-end du 3 et 4 d\u00e9cembre<\/strong> 2021,<strong> l\u2019\u00e9cole s\u2019est mise en sc\u00e8ne et a mis en sc\u00e8ne\u2026<\/strong><\/h1>\n<p>Au march\u00e9 de No\u00ebl, <strong>l\u2019atelier Swing<\/strong> a rencontr\u00e9 son public fid\u00e8le et parmi celui-ci Armelle et Peppo Audigane qui nous ont r\u00e9gal\u00e9 lors de la soir\u00e9e qui a suivi d\u2019un spectacle Contes et Musiques Tsiganes. Encore une belle rencontre organis\u00e9e par l\u2019association ARTAG-Villeurbanne.<\/p>\n<p><a href=\"https:\/\/www.kananas.com\/ecoledemusiquedupaysdecharlieubelmont\/2021\/12\/13\/lecole-se-met-en-scene\/20211203_184518\/\" rel=\"attachment wp-att-1788\"><img loading=\"lazy\" decoding=\"async\" class=\"alignnone size-full wp-image-1788\" src=\"https:\/\/www.kananas.com\/ecoledemusiquedupaysdecharlieubelmont\/wp-content\/uploads\/sites\/877\/2021\/12\/20211203_184518-scaled.jpg\" alt=\"\" width=\"2560\" height=\"1920\" srcset=\"https:\/\/www.kananas.com\/ecoledemusiquedupaysdecharlieubelmont\/wp-content\/uploads\/sites\/877\/2021\/12\/20211203_184518-scaled.jpg 2560w, https:\/\/www.kananas.com\/ecoledemusiquedupaysdecharlieubelmont\/wp-content\/uploads\/sites\/877\/2021\/12\/20211203_184518-300x225.jpg 300w, https:\/\/www.kananas.com\/ecoledemusiquedupaysdecharlieubelmont\/wp-content\/uploads\/sites\/877\/2021\/12\/20211203_184518-1024x768.jpg 1024w, https:\/\/www.kananas.com\/ecoledemusiquedupaysdecharlieubelmont\/wp-content\/uploads\/sites\/877\/2021\/12\/20211203_184518-768x576.jpg 768w, https:\/\/www.kananas.com\/ecoledemusiquedupaysdecharlieubelmont\/wp-content\/uploads\/sites\/877\/2021\/12\/20211203_184518-1536x1152.jpg 1536w, https:\/\/www.kananas.com\/ecoledemusiquedupaysdecharlieubelmont\/wp-content\/uploads\/sites\/877\/2021\/12\/20211203_184518-2048x1536.jpg 2048w, https:\/\/www.kananas.com\/ecoledemusiquedupaysdecharlieubelmont\/wp-content\/uploads\/sites\/877\/2021\/12\/20211203_184518-1240x930.jpg 1240w, https:\/\/www.kananas.com\/ecoledemusiquedupaysdecharlieubelmont\/wp-content\/uploads\/sites\/877\/2021\/12\/20211203_184518-508x381.jpg 508w\" sizes=\"auto, (max-width: 2560px) 100vw, 2560px\" \/><\/a><\/p>\n<p><strong>L\u2019atelier Swing\u00a0: les doigts \u00e9taient froids mais les \u00ab\u00a0yeux noirs\u00a0\u00bb ont r\u00e9chauff\u00e9 tout le monde.<\/strong><\/p>\n<p><a href=\"https:\/\/www.kananas.com\/ecoledemusiquedupaysdecharlieubelmont\/2021\/12\/13\/lecole-se-met-en-scene\/20211203_184511\/\" rel=\"attachment wp-att-1787\"><img loading=\"lazy\" decoding=\"async\" class=\"alignnone size-full wp-image-1787\" src=\"https:\/\/www.kananas.com\/ecoledemusiquedupaysdecharlieubelmont\/wp-content\/uploads\/sites\/877\/2021\/12\/20211203_184511-scaled.jpg\" alt=\"\" width=\"2560\" height=\"1920\" srcset=\"https:\/\/www.kananas.com\/ecoledemusiquedupaysdecharlieubelmont\/wp-content\/uploads\/sites\/877\/2021\/12\/20211203_184511-scaled.jpg 2560w, https:\/\/www.kananas.com\/ecoledemusiquedupaysdecharlieubelmont\/wp-content\/uploads\/sites\/877\/2021\/12\/20211203_184511-300x225.jpg 300w, https:\/\/www.kananas.com\/ecoledemusiquedupaysdecharlieubelmont\/wp-content\/uploads\/sites\/877\/2021\/12\/20211203_184511-1024x768.jpg 1024w, https:\/\/www.kananas.com\/ecoledemusiquedupaysdecharlieubelmont\/wp-content\/uploads\/sites\/877\/2021\/12\/20211203_184511-768x576.jpg 768w, https:\/\/www.kananas.com\/ecoledemusiquedupaysdecharlieubelmont\/wp-content\/uploads\/sites\/877\/2021\/12\/20211203_184511-1536x1152.jpg 1536w, https:\/\/www.kananas.com\/ecoledemusiquedupaysdecharlieubelmont\/wp-content\/uploads\/sites\/877\/2021\/12\/20211203_184511-2048x1536.jpg 2048w, https:\/\/www.kananas.com\/ecoledemusiquedupaysdecharlieubelmont\/wp-content\/uploads\/sites\/877\/2021\/12\/20211203_184511-1240x930.jpg 1240w, https:\/\/www.kananas.com\/ecoledemusiquedupaysdecharlieubelmont\/wp-content\/uploads\/sites\/877\/2021\/12\/20211203_184511-508x381.jpg 508w\" sizes=\"auto, (max-width: 2560px) 100vw, 2560px\" \/><\/a><\/p>\n<p><a href=\"https:\/\/www.kananas.com\/ecoledemusiquedupaysdecharlieubelmont\/2021\/12\/13\/lecole-se-met-en-scene\/20211203_184431\/\" rel=\"attachment wp-att-1789\"><img loading=\"lazy\" decoding=\"async\" class=\"alignnone size-full wp-image-1789\" src=\"https:\/\/www.kananas.com\/ecoledemusiquedupaysdecharlieubelmont\/wp-content\/uploads\/sites\/877\/2021\/12\/20211203_184431-scaled.jpg\" alt=\"\" width=\"1920\" height=\"2560\" srcset=\"https:\/\/www.kananas.com\/ecoledemusiquedupaysdecharlieubelmont\/wp-content\/uploads\/sites\/877\/2021\/12\/20211203_184431-scaled.jpg 1920w, https:\/\/www.kananas.com\/ecoledemusiquedupaysdecharlieubelmont\/wp-content\/uploads\/sites\/877\/2021\/12\/20211203_184431-225x300.jpg 225w, https:\/\/www.kananas.com\/ecoledemusiquedupaysdecharlieubelmont\/wp-content\/uploads\/sites\/877\/2021\/12\/20211203_184431-768x1024.jpg 768w, https:\/\/www.kananas.com\/ecoledemusiquedupaysdecharlieubelmont\/wp-content\/uploads\/sites\/877\/2021\/12\/20211203_184431-1152x1536.jpg 1152w, https:\/\/www.kananas.com\/ecoledemusiquedupaysdecharlieubelmont\/wp-content\/uploads\/sites\/877\/2021\/12\/20211203_184431-1536x2048.jpg 1536w, https:\/\/www.kananas.com\/ecoledemusiquedupaysdecharlieubelmont\/wp-content\/uploads\/sites\/877\/2021\/12\/20211203_184431-1240x1653.jpg 1240w, https:\/\/www.kananas.com\/ecoledemusiquedupaysdecharlieubelmont\/wp-content\/uploads\/sites\/877\/2021\/12\/20211203_184431-508x677.jpg 508w\" sizes=\"auto, (max-width: 1920px) 100vw, 1920px\" \/><\/a><\/p>\n<p><strong>Peppo et Armelle Audigane<\/strong> et <strong>Agn\u00e8s de l\u2019 ARTAG<\/strong>\u2026spectateurs attentifs. Merci \u00e0 tous les trois\u00a0!<\/p>\n<p>&nbsp;<\/p>\n<p>Toujours au march\u00e9 de No\u00ebl, premi\u00e8re prestation de notre toute nouvelle <strong>\u00ab\u00a0chorale d\u2019enfants\u00a0\u00bb<\/strong>, sous la conduite de leur professeur Emilie.<\/p>\n<p><a href=\"https:\/\/www.kananas.com\/ecoledemusiquedupaysdecharlieubelmont\/2021\/12\/13\/lecole-se-met-en-scene\/img-20211205-wa0000-2\/\" rel=\"attachment wp-att-1791\"><img loading=\"lazy\" decoding=\"async\" class=\"alignnone size-full wp-image-1791\" src=\"https:\/\/www.kananas.com\/ecoledemusiquedupaysdecharlieubelmont\/wp-content\/uploads\/sites\/877\/2021\/12\/IMG-20211205-WA0000-1.jpg\" alt=\"\" width=\"996\" height=\"746\" srcset=\"https:\/\/www.kananas.com\/ecoledemusiquedupaysdecharlieubelmont\/wp-content\/uploads\/sites\/877\/2021\/12\/IMG-20211205-WA0000-1.jpg 996w, https:\/\/www.kananas.com\/ecoledemusiquedupaysdecharlieubelmont\/wp-content\/uploads\/sites\/877\/2021\/12\/IMG-20211205-WA0000-1-300x225.jpg 300w, https:\/\/www.kananas.com\/ecoledemusiquedupaysdecharlieubelmont\/wp-content\/uploads\/sites\/877\/2021\/12\/IMG-20211205-WA0000-1-768x575.jpg 768w, https:\/\/www.kananas.com\/ecoledemusiquedupaysdecharlieubelmont\/wp-content\/uploads\/sites\/877\/2021\/12\/IMG-20211205-WA0000-1-508x380.jpg 508w\" sizes=\"auto, (max-width: 996px) 100vw, 996px\" \/><\/a><\/p>\n<p>En pr\u00e9lude au concert d\u2019Antonio PLACER au th\u00e9\u00e2tre,\u00a0 nous avons pu entendre <strong>Antoine et Gabin,\u00a0<\/strong> qui avec leurs batteries ont anim\u00e9 un joli moment \u00e0 l\u2019occasion du T\u00e9l\u00e9thon 2021. St\u00e9phane leur professeur \u00e0 l\u2019\u00e9cole de musique \u00e9tait l\u00e0 pour les encourager. Ils se sont aussi faits accompagnateurs.\u00a0 Rencontre avec <strong>Ricardo,<\/strong> un chanteur \u00e0 la voix chaude qui venu pour soutenir le T\u00e9l\u00e9thon pourrait bien revenir quand son prochain EP sera dans les bacs\u00a0!<\/p>\n<p><a href=\"https:\/\/www.kananas.com\/ecoledemusiquedupaysdecharlieubelmont\/2021\/12\/13\/lecole-se-met-en-scene\/20211204_172427\/\" rel=\"attachment wp-att-1792\"><img loading=\"lazy\" decoding=\"async\" class=\"alignnone size-full wp-image-1792\" src=\"https:\/\/www.kananas.com\/ecoledemusiquedupaysdecharlieubelmont\/wp-content\/uploads\/sites\/877\/2021\/12\/20211204_172427-scaled.jpg\" alt=\"\" width=\"2560\" height=\"1920\" srcset=\"https:\/\/www.kananas.com\/ecoledemusiquedupaysdecharlieubelmont\/wp-content\/uploads\/sites\/877\/2021\/12\/20211204_172427-scaled.jpg 2560w, https:\/\/www.kananas.com\/ecoledemusiquedupaysdecharlieubelmont\/wp-content\/uploads\/sites\/877\/2021\/12\/20211204_172427-300x225.jpg 300w, https:\/\/www.kananas.com\/ecoledemusiquedupaysdecharlieubelmont\/wp-content\/uploads\/sites\/877\/2021\/12\/20211204_172427-1024x768.jpg 1024w, https:\/\/www.kananas.com\/ecoledemusiquedupaysdecharlieubelmont\/wp-content\/uploads\/sites\/877\/2021\/12\/20211204_172427-768x576.jpg 768w, https:\/\/www.kananas.com\/ecoledemusiquedupaysdecharlieubelmont\/wp-content\/uploads\/sites\/877\/2021\/12\/20211204_172427-1536x1152.jpg 1536w, https:\/\/www.kananas.com\/ecoledemusiquedupaysdecharlieubelmont\/wp-content\/uploads\/sites\/877\/2021\/12\/20211204_172427-2048x1536.jpg 2048w, https:\/\/www.kananas.com\/ecoledemusiquedupaysdecharlieubelmont\/wp-content\/uploads\/sites\/877\/2021\/12\/20211204_172427-1240x930.jpg 1240w, https:\/\/www.kananas.com\/ecoledemusiquedupaysdecharlieubelmont\/wp-content\/uploads\/sites\/877\/2021\/12\/20211204_172427-508x381.jpg 508w\" sizes=\"auto, (max-width: 2560px) 100vw, 2560px\" \/><\/a><\/p>\n<\/div>\n<h1>JUILLET 2021<\/h1>\n<p>Samedi<strong> 3<\/strong> et dimanche<strong> 4\u00a0<\/strong> : Prestations aux F\u00e9rus \u00e0 <strong>Charlieu<\/strong><\/p>\n<h1>Juin 2021<\/h1>\n<ul>\n<li>Samedi <b>5, <strong>\u00e0 Villers <\/strong><\/b>: Prestation aux 80 ans de l&rsquo;Avenir Musical de Villers<\/li>\n<li>Samedi <b>19 <\/b>: <strong>F\u00eate de la musique \u00e0 Charlieu<\/strong><\/li>\n<\/ul>\n<h1>MAI 2021<\/h1>\n<ul>\n<li>vendredi <b>7<\/b>: Soir\u00e9e Cabaret \u00e0 <strong>18h30<\/strong><\/li>\n<\/ul>\n<h1>AVRIL 2021<\/h1>\n<p>Mercredi<strong> 7<\/strong><b>, <\/b>\u00e0 l&rsquo;\u00e9glise de Charlieu : <strong>Soir\u00e9e classique par les \u00e9l\u00e8ves de l&rsquo;Ecole<\/strong><\/p>\n<h1>MARS 2021<\/h1>\n<ul>\n<li>Samedi <strong>6 <\/strong>\u00a0: audition de Carnaval\n<ul>\n<li>Les<strong> 17, 24, 26, 27 mars,<\/strong> <strong>Stanzi (ex Aloysia)<\/strong> : \u00a0 \u00a0 \u00a0 \u00a0 \u00a0 \u00a0 \u00a0 \u00a0 \u00a0 \u00a0\u00a0Musique classique sur instruments historiques<\/li>\n<li>Mercredis <strong>17<\/strong><strong> et 24<\/strong><strong>, \u00e0 18h30 : <\/strong><strong><u>Conf\u00e9rence \u00ab\u00a0Les INOUIES\u00a0\u00bb<\/u> \u00a0 \u00a0\u00a0 a<u>vec Fr\u00e9d\u00e9ric VASSEL<\/u><\/strong><\/li>\n<li>Vendredi <strong>26, <\/strong>Rencontre scolaire\u00a0 9h00-10h30 \/ 14h00-15h30<\/li>\n<li>Samedi <strong>27, <\/strong>Masterclass toute la journ\u00e9e<img decoding=\"async\" class=\"n3VNCb\" src=\"https:\/\/cdn-s-www.lejsl.com\/images\/05F7D374-89C9-4DEF-83EB-8747FBA1689D\/NW_raw\/le-quatuor-se-compose-de-rachel-averly-(traverso)-celine-cavagnac-(alto)-laurence-boizau-(violoncelle)-et-bernadette-charbonnier-(violon)-photo-dr-1595349206.jpg\" alt=\"https:\/\/cdn-s-www.lejsl.com\/images\/05F7D374-89C9-4DEF-83EB-8747FBA1689D\/NW_raw\/le-quatuor-se-compose-de-rachel-averly-(traverso)-celine-cavagnac-(alto)-laurence-boizau-(violoncelle)-et-bernadette-charbonnier-(violon)-photo-dr-1595349206.jpg\" data-noaft=\"1\" \/><\/li>\n<li>Samedi <strong>27, <\/strong>au th\u00e9\u00e2tre Saint Philibert <strong>\u00e0 20h30 <\/strong>: concert tous publics <strong>(Entr\u00e9e : 12\u20ac)<\/strong><\/li>\n<\/ul>\n<\/li>\n<\/ul>\n<h1>F\u00c9VRIER 2021<\/h1>\n<ul>\n<li>Samedi<strong> 27 <\/strong>: au th\u00e9\u00e2tre Saint Philibert \u00e0<strong> 20h30<\/strong> \u00a0<a href=\"https:\/\/www.youtube.com\/channel\/UC2NQ-IDH4TDd5e1ayUfLV0Q\"><strong>Rock pop Emy Lee\u00a0<\/strong><\/a> et en premi\u00e8re partie <strong>les Golden Wave<\/strong> (Entr\u00e9e : 5\u20ac)<\/li>\n<\/ul>\n<h1>JANVIER 2021<\/h1>\n<ul>\n<li>Vendredi <b>22 <\/b>: au th\u00e9\u00e2tre Saint Philibert \u00e0 <strong>20h30 : <\/strong><strong>Soir\u00e9e Jazz band <\/strong>(Entr\u00e9e : 5\u20ac)<\/li>\n<\/ul>\n","protected":false},"excerpt":{"rendered":"<p>Le week-end du 3 et 4 d\u00e9cembre 2021, l\u2019\u00e9cole s\u2019est mise en sc\u00e8ne et a mis en sc\u00e8ne\u2026 Au march\u00e9 de No\u00ebl, l\u2019atelier Swing a rencontr\u00e9 son public fid\u00e8le et parmi celui-ci Armelle et Peppo Audigane qui nous ont r\u00e9gal\u00e9 lors de la soir\u00e9e qui a suivi d\u2019un spectacle Contes et Musiques Tsiganes. Encore une [&hellip;]<\/p>\n","protected":false},"author":906,"featured_media":0,"parent":0,"menu_order":0,"comment_status":"closed","ping_status":"closed","template":"","meta":{"_crdt_document":"","footnotes":""},"class_list":["post-2262","page","type-page","status-publish","hentry"],"_links":{"self":[{"href":"https:\/\/www.kananas.com\/ecoledemusiquedupaysdecharlieubelmont\/wp-json\/wp\/v2\/pages\/2262","targetHints":{"allow":["GET"]}}],"collection":[{"href":"https:\/\/www.kananas.com\/ecoledemusiquedupaysdecharlieubelmont\/wp-json\/wp\/v2\/pages"}],"about":[{"href":"https:\/\/www.kananas.com\/ecoledemusiquedupaysdecharlieubelmont\/wp-json\/wp\/v2\/types\/page"}],"author":[{"embeddable":true,"href":"https:\/\/www.kananas.com\/ecoledemusiquedupaysdecharlieubelmont\/wp-json\/wp\/v2\/users\/906"}],"replies":[{"embeddable":true,"href":"https:\/\/www.kananas.com\/ecoledemusiquedupaysdecharlieubelmont\/wp-json\/wp\/v2\/comments?post=2262"}],"version-history":[{"count":2,"href":"https:\/\/www.kananas.com\/ecoledemusiquedupaysdecharlieubelmont\/wp-json\/wp\/v2\/pages\/2262\/revisions"}],"predecessor-version":[{"id":2279,"href":"https:\/\/www.kananas.com\/ecoledemusiquedupaysdecharlieubelmont\/wp-json\/wp\/v2\/pages\/2262\/revisions\/2279"}],"wp:attachment":[{"href":"https:\/\/www.kananas.com\/ecoledemusiquedupaysdecharlieubelmont\/wp-json\/wp\/v2\/media?parent=2262"}],"curies":[{"name":"wp","href":"https:\/\/api.w.org\/{rel}","templated":true}]}}