{"id":2469,"date":"2023-09-10T21:59:49","date_gmt":"2023-09-10T19:59:49","guid":{"rendered":"https:\/\/www.kananas.com\/ecoledemusiquedupaysdecharlieubelmont\/?page_id=2469"},"modified":"2024-02-21T22:54:47","modified_gmt":"2024-02-21T21:54:47","slug":"saison-2023-2024","status":"publish","type":"page","link":"https:\/\/www.kananas.com\/ecoledemusiquedupaysdecharlieubelmont\/saison-2023-2024\/","title":{"rendered":"Saison 2023-2024"},"content":{"rendered":"<p><span style=\"font-size: 14pt\">Cette saison est marqu\u00e9e par le projet BRAZIL, que vous pouvez retrouver sur <a href=\"https:\/\/www.kananas.com\/ecoledemusiquedupaysdecharlieubelmont\/brazil-1000-couleurs\/\">l&rsquo;onglet d\u00e9di\u00e9<\/a><\/span><\/p>\n<p>&nbsp;<\/p>\n<h1>Les moments musicaux de l&rsquo;\u00e9cole\u00a0 :<\/h1>\n<p><strong>Moment musical d&rsquo;automne<\/strong> : <em>samedi 21\u00a0 octobre 2023<\/em><\/p>\n<p><strong>Moment musical de No\u00ebl, St Nizier <\/strong>: <em>mercredi 20 d\u00e9cembre 2023<\/em><\/p>\n<p><strong>Moment musical de Carnaval, St Denis de Cabanne<\/strong> : <em>samedi 17 f\u00e9vrier 2024<\/em><\/p>\n<p><strong>Moment musical de printemps, EMPCB<\/strong> : <em>mercredi 10 avril 2024<\/em><\/p>\n<p><strong>Soir\u00e9e cabaret &#8211; F\u00eate de l&rsquo;\u00e9cole, Chateau de Carillon, St Nizier <\/strong>: <em>samedi 25 mai 2024<\/em><\/p>\n<p><strong>Concert de musique classique, \u00e9glise de St Denis de Cabanne<\/strong> : <em>dimanche 02 juin 2024<\/em><\/p>\n<p><strong>Le Little Big Band au th\u00e9\u00e2tre de Charlieu : <\/strong><em>samedi 08 juin 2024<\/em><\/p>\n<p><strong>Moment musical de fin d&rsquo;ann\u00e9e, EMPCB<\/strong> : <em>mercredi 26 juin 2024<\/em><\/p>\n<p>&nbsp;<\/p>\n<h1>Quelques AUTRES prestations des ateliers<\/h1>\n<ul>\n<li>\n<h3>La chorale adulte :<\/h3>\n<\/li>\n<\/ul>\n<p>A Reign\u00e9-Durette (69) : <em>25 novembre 2023<\/em><\/p>\n<p>A Saint Christophe en Brionnais (71) : samedi <em>9 mars 2024<\/em><\/p>\n<p>Concert annuel avec la chorale de St Germain Lespinasse invit\u00e9s \u00e0 l&rsquo;\u00e9glise de Charlieu : <em>samedi 1er juin 2024<\/em><\/p>\n<ul>\n<li>\n<h3>Graine d&rsquo;orchestre et Bricolo&rsquo;Cordes<\/h3>\n<\/li>\n<\/ul>\n<p>Invit\u00e9s au concert de l&rsquo;Harmonie de Charlieu et de l&rsquo;Orchestre Symphonique de Lyon : <em>samedi 6 avril 2024<\/em><\/p>\n<ul>\n<li>\n<h3>Les Bricolo&rsquo;Cordes<\/h3>\n<\/li>\n<\/ul>\n<p>Au festival \u00ab\u00a0Sur la route des Orgues\u00a0\u00bb \u00e0 Ambierle : <em>vendredi 7 juin 2024<\/em><\/p>\n<p>F\u00eate de la musique de St Julien de Jonzy et St Bonnet de Cray : <em>mercredi 19 juin 2024<\/em><\/p>\n<ul>\n<li>\n<h3>Le LIttle big band de charlieu<\/h3>\n<\/li>\n<\/ul>\n<p>Au concert gourmand de Saint-Julien-de-Jonzy : <em>24 novembre 2023<\/em><\/p>\n<p>Concert avec le Big Band du CCR de St Etienne au Solar (sc\u00e8ne de jazz de St Etienne) : <em>lundi 10 juin 2024<\/em><\/p>\n<p>Concert aux Jardins d&rsquo;Entrepotes \u00e0 Roanne : <em>vendredi 14 juin 2024<\/em><\/p>\n<p>F\u00eate de la musique de N\u00e9ronde : <em>samedi 22 juin 2024<\/em><\/p>\n<ul>\n<li>\n<h3>Les SINGULIERS<\/h3>\n<\/li>\n<\/ul>\n<p>Participation au festival des Cigognes \u00e0 St Nizier : <em>samedi 27 avril 2024<\/em><\/p>\n<h1>F\u00eate de la musique<\/h1>\n<p>Organis\u00e9e cette ann\u00e9e par la MJC, avec la participation de plusieurs ateliers <em>: <\/em>chorale adulte, ensemble de sax, Les Impromptus, Bricolo&rsquo;cordes etc&#8230;\u00a0 <em>le vendredi 21 juin<\/em><\/p>\n<p><span style=\"color: #000000\"><span style=\"font-family: Verdana, serif\"><span style=\"font-size: small\">\u00a0<\/span><\/span><\/span><\/p>\n<p>&nbsp;<\/p>\n","protected":false},"excerpt":{"rendered":"<p>Cette saison est marqu\u00e9e par le projet BRAZIL, que vous pouvez retrouver sur l&rsquo;onglet d\u00e9di\u00e9 &nbsp; Les moments musicaux de l&rsquo;\u00e9cole\u00a0 : Moment musical d&rsquo;automne : samedi 21\u00a0 octobre 2023 Moment musical de No\u00ebl, St Nizier : mercredi 20 d\u00e9cembre 2023 Moment musical de Carnaval, St Denis de Cabanne : samedi 17 f\u00e9vrier 2024 Moment [&hellip;]<\/p>\n","protected":false},"author":906,"featured_media":0,"parent":0,"menu_order":0,"comment_status":"closed","ping_status":"closed","template":"","meta":{"_crdt_document":"","footnotes":""},"class_list":["post-2469","page","type-page","status-publish","hentry"],"_links":{"self":[{"href":"https:\/\/www.kananas.com\/ecoledemusiquedupaysdecharlieubelmont\/wp-json\/wp\/v2\/pages\/2469","targetHints":{"allow":["GET"]}}],"collection":[{"href":"https:\/\/www.kananas.com\/ecoledemusiquedupaysdecharlieubelmont\/wp-json\/wp\/v2\/pages"}],"about":[{"href":"https:\/\/www.kananas.com\/ecoledemusiquedupaysdecharlieubelmont\/wp-json\/wp\/v2\/types\/page"}],"author":[{"embeddable":true,"href":"https:\/\/www.kananas.com\/ecoledemusiquedupaysdecharlieubelmont\/wp-json\/wp\/v2\/users\/906"}],"replies":[{"embeddable":true,"href":"https:\/\/www.kananas.com\/ecoledemusiquedupaysdecharlieubelmont\/wp-json\/wp\/v2\/comments?post=2469"}],"version-history":[{"count":10,"href":"https:\/\/www.kananas.com\/ecoledemusiquedupaysdecharlieubelmont\/wp-json\/wp\/v2\/pages\/2469\/revisions"}],"predecessor-version":[{"id":2815,"href":"https:\/\/www.kananas.com\/ecoledemusiquedupaysdecharlieubelmont\/wp-json\/wp\/v2\/pages\/2469\/revisions\/2815"}],"wp:attachment":[{"href":"https:\/\/www.kananas.com\/ecoledemusiquedupaysdecharlieubelmont\/wp-json\/wp\/v2\/media?parent=2469"}],"curies":[{"name":"wp","href":"https:\/\/api.w.org\/{rel}","templated":true}]}}