{"id":2672,"date":"2023-09-27T21:31:21","date_gmt":"2023-09-27T19:31:21","guid":{"rendered":"https:\/\/www.kananas.com\/ecoledemusiquedupaysdecharlieubelmont\/?page_id=2672"},"modified":"2024-03-31T23:05:10","modified_gmt":"2024-03-31T21:05:10","slug":"programa","status":"publish","type":"page","link":"https:\/\/www.kananas.com\/ecoledemusiquedupaysdecharlieubelmont\/programa\/","title":{"rendered":"Programa"},"content":{"rendered":"<div class=\"post-content entry-content\">\n<p><a href=\"https:\/\/www.kananas.com\/ecoledemusiquedupaysdecharlieubelmont\/wp-content\/uploads\/sites\/877\/2023\/09\/programme-page-par-page3.jpg\"><img loading=\"lazy\" decoding=\"async\" class=\"aligncenter wp-image-2552\" src=\"https:\/\/www.kananas.com\/ecoledemusiquedupaysdecharlieubelmont\/wp-content\/uploads\/sites\/877\/2023\/09\/programme-page-par-page3.jpg\" alt=\"\" width=\"1200\" height=\"1600\" srcset=\"https:\/\/www.kananas.com\/ecoledemusiquedupaysdecharlieubelmont\/wp-content\/uploads\/sites\/877\/2023\/09\/programme-page-par-page3.jpg 1125w, https:\/\/www.kananas.com\/ecoledemusiquedupaysdecharlieubelmont\/wp-content\/uploads\/sites\/877\/2023\/09\/programme-page-par-page3-225x300.jpg 225w, https:\/\/www.kananas.com\/ecoledemusiquedupaysdecharlieubelmont\/wp-content\/uploads\/sites\/877\/2023\/09\/programme-page-par-page3-768x1024.jpg 768w, https:\/\/www.kananas.com\/ecoledemusiquedupaysdecharlieubelmont\/wp-content\/uploads\/sites\/877\/2023\/09\/programme-page-par-page3-508x677.jpg 508w\" sizes=\"auto, (max-width: 1200px) 100vw, 1200px\" \/><\/a> <a href=\"https:\/\/www.kananas.com\/ecoledemusiquedupaysdecharlieubelmont\/wp-content\/uploads\/sites\/877\/2023\/09\/programme-page-par-page4.jpg\"><img loading=\"lazy\" decoding=\"async\" class=\"alignnone size-full wp-image-2553\" src=\"https:\/\/www.kananas.com\/ecoledemusiquedupaysdecharlieubelmont\/wp-content\/uploads\/sites\/877\/2023\/09\/programme-page-par-page4.jpg\" alt=\"\" width=\"1125\" height=\"1500\" srcset=\"https:\/\/www.kananas.com\/ecoledemusiquedupaysdecharlieubelmont\/wp-content\/uploads\/sites\/877\/2023\/09\/programme-page-par-page4.jpg 1125w, https:\/\/www.kananas.com\/ecoledemusiquedupaysdecharlieubelmont\/wp-content\/uploads\/sites\/877\/2023\/09\/programme-page-par-page4-225x300.jpg 225w, https:\/\/www.kananas.com\/ecoledemusiquedupaysdecharlieubelmont\/wp-content\/uploads\/sites\/877\/2023\/09\/programme-page-par-page4-768x1024.jpg 768w, https:\/\/www.kananas.com\/ecoledemusiquedupaysdecharlieubelmont\/wp-content\/uploads\/sites\/877\/2023\/09\/programme-page-par-page4-508x677.jpg 508w\" sizes=\"auto, (max-width: 1125px) 100vw, 1125px\" \/><\/a> <a href=\"https:\/\/www.kananas.com\/ecoledemusiquedupaysdecharlieubelmont\/wp-content\/uploads\/sites\/877\/2023\/09\/programme-page-par-page5.jpg\"><img loading=\"lazy\" decoding=\"async\" class=\"alignnone size-full wp-image-2554\" src=\"https:\/\/www.kananas.com\/ecoledemusiquedupaysdecharlieubelmont\/wp-content\/uploads\/sites\/877\/2023\/09\/programme-page-par-page5.jpg\" alt=\"\" width=\"1125\" height=\"1500\" srcset=\"https:\/\/www.kananas.com\/ecoledemusiquedupaysdecharlieubelmont\/wp-content\/uploads\/sites\/877\/2023\/09\/programme-page-par-page5.jpg 1125w, https:\/\/www.kananas.com\/ecoledemusiquedupaysdecharlieubelmont\/wp-content\/uploads\/sites\/877\/2023\/09\/programme-page-par-page5-225x300.jpg 225w, https:\/\/www.kananas.com\/ecoledemusiquedupaysdecharlieubelmont\/wp-content\/uploads\/sites\/877\/2023\/09\/programme-page-par-page5-768x1024.jpg 768w, https:\/\/www.kananas.com\/ecoledemusiquedupaysdecharlieubelmont\/wp-content\/uploads\/sites\/877\/2023\/09\/programme-page-par-page5-508x677.jpg 508w\" sizes=\"auto, (max-width: 1125px) 100vw, 1125px\" \/><\/a> <a href=\"https:\/\/www.kananas.com\/ecoledemusiquedupaysdecharlieubelmont\/wp-content\/uploads\/sites\/877\/2023\/09\/programme-page-par-page6.jpg\"><img loading=\"lazy\" decoding=\"async\" class=\"alignnone size-full wp-image-2555\" src=\"https:\/\/www.kananas.com\/ecoledemusiquedupaysdecharlieubelmont\/wp-content\/uploads\/sites\/877\/2023\/09\/programme-page-par-page6.jpg\" alt=\"\" width=\"1125\" height=\"1500\" srcset=\"https:\/\/www.kananas.com\/ecoledemusiquedupaysdecharlieubelmont\/wp-content\/uploads\/sites\/877\/2023\/09\/programme-page-par-page6.jpg 1125w, https:\/\/www.kananas.com\/ecoledemusiquedupaysdecharlieubelmont\/wp-content\/uploads\/sites\/877\/2023\/09\/programme-page-par-page6-225x300.jpg 225w, https:\/\/www.kananas.com\/ecoledemusiquedupaysdecharlieubelmont\/wp-content\/uploads\/sites\/877\/2023\/09\/programme-page-par-page6-768x1024.jpg 768w, https:\/\/www.kananas.com\/ecoledemusiquedupaysdecharlieubelmont\/wp-content\/uploads\/sites\/877\/2023\/09\/programme-page-par-page6-508x677.jpg 508w\" sizes=\"auto, (max-width: 1125px) 100vw, 1125px\" \/><\/a> <a href=\"https:\/\/www.kananas.com\/ecoledemusiquedupaysdecharlieubelmont\/wp-content\/uploads\/sites\/877\/2023\/09\/programme-page-par-page7.jpg\"><img loading=\"lazy\" decoding=\"async\" class=\"alignnone size-full wp-image-2556\" src=\"https:\/\/www.kananas.com\/ecoledemusiquedupaysdecharlieubelmont\/wp-content\/uploads\/sites\/877\/2023\/09\/programme-page-par-page7.jpg\" alt=\"\" width=\"1125\" height=\"1500\" srcset=\"https:\/\/www.kananas.com\/ecoledemusiquedupaysdecharlieubelmont\/wp-content\/uploads\/sites\/877\/2023\/09\/programme-page-par-page7.jpg 1125w, https:\/\/www.kananas.com\/ecoledemusiquedupaysdecharlieubelmont\/wp-content\/uploads\/sites\/877\/2023\/09\/programme-page-par-page7-225x300.jpg 225w, https:\/\/www.kananas.com\/ecoledemusiquedupaysdecharlieubelmont\/wp-content\/uploads\/sites\/877\/2023\/09\/programme-page-par-page7-768x1024.jpg 768w, https:\/\/www.kananas.com\/ecoledemusiquedupaysdecharlieubelmont\/wp-content\/uploads\/sites\/877\/2023\/09\/programme-page-par-page7-508x677.jpg 508w\" sizes=\"auto, (max-width: 1125px) 100vw, 1125px\" \/><\/a> <a href=\"https:\/\/www.kananas.com\/ecoledemusiquedupaysdecharlieubelmont\/wp-content\/uploads\/sites\/877\/2023\/09\/programme-page-par-page8.jpg\"><img loading=\"lazy\" decoding=\"async\" class=\"alignnone size-full wp-image-2557\" src=\"https:\/\/www.kananas.com\/ecoledemusiquedupaysdecharlieubelmont\/wp-content\/uploads\/sites\/877\/2023\/09\/programme-page-par-page8.jpg\" alt=\"\" width=\"1125\" height=\"1500\" srcset=\"https:\/\/www.kananas.com\/ecoledemusiquedupaysdecharlieubelmont\/wp-content\/uploads\/sites\/877\/2023\/09\/programme-page-par-page8.jpg 1125w, https:\/\/www.kananas.com\/ecoledemusiquedupaysdecharlieubelmont\/wp-content\/uploads\/sites\/877\/2023\/09\/programme-page-par-page8-225x300.jpg 225w, https:\/\/www.kananas.com\/ecoledemusiquedupaysdecharlieubelmont\/wp-content\/uploads\/sites\/877\/2023\/09\/programme-page-par-page8-768x1024.jpg 768w, https:\/\/www.kananas.com\/ecoledemusiquedupaysdecharlieubelmont\/wp-content\/uploads\/sites\/877\/2023\/09\/programme-page-par-page8-508x677.jpg 508w\" sizes=\"auto, (max-width: 1125px) 100vw, 1125px\" \/><\/a><\/p>\n<\/div>\n<p>&nbsp;<\/p>\n<p><a href=\"https:\/\/www.kananas.com\/ecoledemusiquedupaysdecharlieubelmont\/wp-content\/uploads\/sites\/877\/2023\/09\/programme-page-par-page2.jpg\"><img loading=\"lazy\" decoding=\"async\" class=\"alignnone size-full wp-image-2551\" src=\"https:\/\/www.kananas.com\/ecoledemusiquedupaysdecharlieubelmont\/wp-content\/uploads\/sites\/877\/2023\/09\/programme-page-par-page2.jpg\" alt=\"\" width=\"1125\" height=\"1500\" srcset=\"https:\/\/www.kananas.com\/ecoledemusiquedupaysdecharlieubelmont\/wp-content\/uploads\/sites\/877\/2023\/09\/programme-page-par-page2.jpg 1125w, https:\/\/www.kananas.com\/ecoledemusiquedupaysdecharlieubelmont\/wp-content\/uploads\/sites\/877\/2023\/09\/programme-page-par-page2-225x300.jpg 225w, https:\/\/www.kananas.com\/ecoledemusiquedupaysdecharlieubelmont\/wp-content\/uploads\/sites\/877\/2023\/09\/programme-page-par-page2-768x1024.jpg 768w, https:\/\/www.kananas.com\/ecoledemusiquedupaysdecharlieubelmont\/wp-content\/uploads\/sites\/877\/2023\/09\/programme-page-par-page2-508x677.jpg 508w\" sizes=\"auto, (max-width: 1125px) 100vw, 1125px\" \/><\/a><\/p>\n<p>&nbsp;<\/p>\n<p>T\u00e9l\u00e9chargez le <a href=\"https:\/\/www.kananas.com\/ecoledemusiquedupaysdecharlieubelmont\/wp-content\/uploads\/sites\/877\/2023\/09\/programme-BRAZIL.pdf\">programme BRAZIL<\/a> en pdf<\/p>\n<p>&nbsp;<\/p>\n<p style=\"text-align: center\"><strong>Calendrier Percubruissons :<\/strong><\/p>\n<p><a href=\"https:\/\/www.kananas.com\/ecoledemusiquedupaysdecharlieubelmont\/wp-content\/uploads\/sites\/877\/2023\/10\/Percubruissons-programme.jpg\"><img loading=\"lazy\" decoding=\"async\" class=\"alignnone size-full wp-image-2689\" src=\"https:\/\/www.kananas.com\/ecoledemusiquedupaysdecharlieubelmont\/wp-content\/uploads\/sites\/877\/2023\/10\/Percubruissons-programme.jpg\" alt=\"\" width=\"1060\" height=\"1500\" srcset=\"https:\/\/www.kananas.com\/ecoledemusiquedupaysdecharlieubelmont\/wp-content\/uploads\/sites\/877\/2023\/10\/Percubruissons-programme.jpg 1060w, https:\/\/www.kananas.com\/ecoledemusiquedupaysdecharlieubelmont\/wp-content\/uploads\/sites\/877\/2023\/10\/Percubruissons-programme-212x300.jpg 212w, https:\/\/www.kananas.com\/ecoledemusiquedupaysdecharlieubelmont\/wp-content\/uploads\/sites\/877\/2023\/10\/Percubruissons-programme-724x1024.jpg 724w, https:\/\/www.kananas.com\/ecoledemusiquedupaysdecharlieubelmont\/wp-content\/uploads\/sites\/877\/2023\/10\/Percubruissons-programme-768x1087.jpg 768w, https:\/\/www.kananas.com\/ecoledemusiquedupaysdecharlieubelmont\/wp-content\/uploads\/sites\/877\/2023\/10\/Percubruissons-programme-508x719.jpg 508w\" sizes=\"auto, (max-width: 1060px) 100vw, 1060px\" \/><\/a><\/p>\n<p>&nbsp;<\/p>\n<p>&nbsp;<\/p>\n<p style=\"text-align: center\"><strong>Des expositions \u00e0 voir en automne\/hiver :<\/strong><\/p>\n<p>&nbsp;<\/p>\n<p>&#8211; A la Grange des Farfadets, \u00e0 Maizilly<\/p>\n<p><a href=\"https:\/\/www.kananas.com\/ecoledemusiquedupaysdecharlieubelmont\/wp-content\/uploads\/sites\/877\/2023\/10\/A-LA-DECOUVERTE-DU-NORD-EST-BRESILIEN-LE-CEARA-.jpg\"><img loading=\"lazy\" decoding=\"async\" class=\"alignnone size-full wp-image-2703\" src=\"https:\/\/www.kananas.com\/ecoledemusiquedupaysdecharlieubelmont\/wp-content\/uploads\/sites\/877\/2023\/10\/A-LA-DECOUVERTE-DU-NORD-EST-BRESILIEN-LE-CEARA-.jpg\" alt=\"\" width=\"1587\" height=\"2245\" srcset=\"https:\/\/www.kananas.com\/ecoledemusiquedupaysdecharlieubelmont\/wp-content\/uploads\/sites\/877\/2023\/10\/A-LA-DECOUVERTE-DU-NORD-EST-BRESILIEN-LE-CEARA-.jpg 1587w, https:\/\/www.kananas.com\/ecoledemusiquedupaysdecharlieubelmont\/wp-content\/uploads\/sites\/877\/2023\/10\/A-LA-DECOUVERTE-DU-NORD-EST-BRESILIEN-LE-CEARA--212x300.jpg 212w, https:\/\/www.kananas.com\/ecoledemusiquedupaysdecharlieubelmont\/wp-content\/uploads\/sites\/877\/2023\/10\/A-LA-DECOUVERTE-DU-NORD-EST-BRESILIEN-LE-CEARA--724x1024.jpg 724w, https:\/\/www.kananas.com\/ecoledemusiquedupaysdecharlieubelmont\/wp-content\/uploads\/sites\/877\/2023\/10\/A-LA-DECOUVERTE-DU-NORD-EST-BRESILIEN-LE-CEARA--768x1086.jpg 768w, https:\/\/www.kananas.com\/ecoledemusiquedupaysdecharlieubelmont\/wp-content\/uploads\/sites\/877\/2023\/10\/A-LA-DECOUVERTE-DU-NORD-EST-BRESILIEN-LE-CEARA--1086x1536.jpg 1086w, https:\/\/www.kananas.com\/ecoledemusiquedupaysdecharlieubelmont\/wp-content\/uploads\/sites\/877\/2023\/10\/A-LA-DECOUVERTE-DU-NORD-EST-BRESILIEN-LE-CEARA--1448x2048.jpg 1448w, https:\/\/www.kananas.com\/ecoledemusiquedupaysdecharlieubelmont\/wp-content\/uploads\/sites\/877\/2023\/10\/A-LA-DECOUVERTE-DU-NORD-EST-BRESILIEN-LE-CEARA--1240x1754.jpg 1240w, https:\/\/www.kananas.com\/ecoledemusiquedupaysdecharlieubelmont\/wp-content\/uploads\/sites\/877\/2023\/10\/A-LA-DECOUVERTE-DU-NORD-EST-BRESILIEN-LE-CEARA--508x719.jpg 508w\" sizes=\"auto, (max-width: 1587px) 100vw, 1587px\" \/><\/a><\/p>\n<p>&#8211; A la m\u00e9diath\u00e8que de Charlieu :<a href=\"https:\/\/www.kananas.com\/ecoledemusiquedupaysdecharlieubelmont\/wp-content\/uploads\/sites\/877\/2023\/12\/Affiche-Artbresil.png\"><img loading=\"lazy\" decoding=\"async\" class=\"alignnone size-full wp-image-2744\" src=\"https:\/\/www.kananas.com\/ecoledemusiquedupaysdecharlieubelmont\/wp-content\/uploads\/sites\/877\/2023\/12\/Affiche-Artbresil.png\" alt=\"\" width=\"796\" height=\"575\" srcset=\"https:\/\/www.kananas.com\/ecoledemusiquedupaysdecharlieubelmont\/wp-content\/uploads\/sites\/877\/2023\/12\/Affiche-Artbresil.png 796w, https:\/\/www.kananas.com\/ecoledemusiquedupaysdecharlieubelmont\/wp-content\/uploads\/sites\/877\/2023\/12\/Affiche-Artbresil-300x217.png 300w, https:\/\/www.kananas.com\/ecoledemusiquedupaysdecharlieubelmont\/wp-content\/uploads\/sites\/877\/2023\/12\/Affiche-Artbresil-768x555.png 768w, https:\/\/www.kananas.com\/ecoledemusiquedupaysdecharlieubelmont\/wp-content\/uploads\/sites\/877\/2023\/12\/Affiche-Artbresil-508x367.png 508w\" sizes=\"auto, (max-width: 796px) 100vw, 796px\" \/><\/a><\/p>\n<p style=\"text-align: center\"><strong>Conf\u00e9rences \u00e0 l&rsquo;Amicale La\u00efque :<\/strong><\/p>\n<p><a href=\"https:\/\/www.kananas.com\/ecoledemusiquedupaysdecharlieubelmont\/wp-content\/uploads\/sites\/877\/2023\/10\/Affiche-Conference-Amazonie.jpg\"><img loading=\"lazy\" decoding=\"async\" class=\"alignnone size-full wp-image-2711\" src=\"https:\/\/www.kananas.com\/ecoledemusiquedupaysdecharlieubelmont\/wp-content\/uploads\/sites\/877\/2023\/10\/Affiche-Conference-Amazonie.jpg\" alt=\"\" width=\"1060\" height=\"1500\" srcset=\"https:\/\/www.kananas.com\/ecoledemusiquedupaysdecharlieubelmont\/wp-content\/uploads\/sites\/877\/2023\/10\/Affiche-Conference-Amazonie.jpg 1060w, https:\/\/www.kananas.com\/ecoledemusiquedupaysdecharlieubelmont\/wp-content\/uploads\/sites\/877\/2023\/10\/Affiche-Conference-Amazonie-212x300.jpg 212w, https:\/\/www.kananas.com\/ecoledemusiquedupaysdecharlieubelmont\/wp-content\/uploads\/sites\/877\/2023\/10\/Affiche-Conference-Amazonie-724x1024.jpg 724w, https:\/\/www.kananas.com\/ecoledemusiquedupaysdecharlieubelmont\/wp-content\/uploads\/sites\/877\/2023\/10\/Affiche-Conference-Amazonie-768x1087.jpg 768w, https:\/\/www.kananas.com\/ecoledemusiquedupaysdecharlieubelmont\/wp-content\/uploads\/sites\/877\/2023\/10\/Affiche-Conference-Amazonie-508x719.jpg 508w\" sizes=\"auto, (max-width: 1060px) 100vw, 1060px\" \/><\/a><\/p>\n<p>&nbsp;<\/p>\n<p><a href=\"https:\/\/www.kananas.com\/ecoledemusiquedupaysdecharlieubelmont\/wp-content\/uploads\/sites\/877\/2024\/01\/CONF-BRAZIL-A4.jpg\"><img loading=\"lazy\" decoding=\"async\" class=\"alignnone size-full wp-image-2800\" src=\"https:\/\/www.kananas.com\/ecoledemusiquedupaysdecharlieubelmont\/wp-content\/uploads\/sites\/877\/2024\/01\/CONF-BRAZIL-A4.jpg\" alt=\"\" width=\"1240\" height=\"1754\" srcset=\"https:\/\/www.kananas.com\/ecoledemusiquedupaysdecharlieubelmont\/wp-content\/uploads\/sites\/877\/2024\/01\/CONF-BRAZIL-A4.jpg 1240w, https:\/\/www.kananas.com\/ecoledemusiquedupaysdecharlieubelmont\/wp-content\/uploads\/sites\/877\/2024\/01\/CONF-BRAZIL-A4-212x300.jpg 212w, https:\/\/www.kananas.com\/ecoledemusiquedupaysdecharlieubelmont\/wp-content\/uploads\/sites\/877\/2024\/01\/CONF-BRAZIL-A4-724x1024.jpg 724w, https:\/\/www.kananas.com\/ecoledemusiquedupaysdecharlieubelmont\/wp-content\/uploads\/sites\/877\/2024\/01\/CONF-BRAZIL-A4-768x1086.jpg 768w, https:\/\/www.kananas.com\/ecoledemusiquedupaysdecharlieubelmont\/wp-content\/uploads\/sites\/877\/2024\/01\/CONF-BRAZIL-A4-1086x1536.jpg 1086w, https:\/\/www.kananas.com\/ecoledemusiquedupaysdecharlieubelmont\/wp-content\/uploads\/sites\/877\/2024\/01\/CONF-BRAZIL-A4-508x719.jpg 508w\" sizes=\"auto, (max-width: 1240px) 100vw, 1240px\" \/><\/a><\/p>\n<p><a href=\"https:\/\/www.arte.tv\/fr\/videos\/RC-024524\/gardiens-de-la-foret\/\" target=\"_blank\" rel=\"noopener\">Gardiens de la for\u00eat, Br\u00e9sil, replanter l&rsquo;amazonie<\/a> , documentaire sur Arte faisant le lien entre ces deux conf\u00e9rences.<\/p>\n<p>&nbsp;<\/p>\n<p style=\"text-align: center\"><strong>Au cin\u00e9ma Les Halles de Charlieu ce vendredi 09 novembre :<\/strong><\/p>\n<p style=\"text-align: center\"><a href=\"https:\/\/charlieu-cinemaleshalles.fr\/animations\/soiree-brazil\/\" target=\"_blank\" rel=\"noopener\">Soir\u00e9e Brazil<\/a><\/p>\n<p><a href=\"https:\/\/www.kananas.com\/ecoledemusiquedupaysdecharlieubelmont\/wp-content\/uploads\/sites\/877\/2023\/11\/bacurau.jpg\"><img loading=\"lazy\" decoding=\"async\" class=\"alignnone size-full wp-image-2717\" src=\"https:\/\/www.kananas.com\/ecoledemusiquedupaysdecharlieubelmont\/wp-content\/uploads\/sites\/877\/2023\/11\/bacurau.jpg\" alt=\"\" width=\"1178\" height=\"1600\" srcset=\"https:\/\/www.kananas.com\/ecoledemusiquedupaysdecharlieubelmont\/wp-content\/uploads\/sites\/877\/2023\/11\/bacurau.jpg 1178w, https:\/\/www.kananas.com\/ecoledemusiquedupaysdecharlieubelmont\/wp-content\/uploads\/sites\/877\/2023\/11\/bacurau-221x300.jpg 221w, https:\/\/www.kananas.com\/ecoledemusiquedupaysdecharlieubelmont\/wp-content\/uploads\/sites\/877\/2023\/11\/bacurau-754x1024.jpg 754w, https:\/\/www.kananas.com\/ecoledemusiquedupaysdecharlieubelmont\/wp-content\/uploads\/sites\/877\/2023\/11\/bacurau-768x1043.jpg 768w, https:\/\/www.kananas.com\/ecoledemusiquedupaysdecharlieubelmont\/wp-content\/uploads\/sites\/877\/2023\/11\/bacurau-1131x1536.jpg 1131w, https:\/\/www.kananas.com\/ecoledemusiquedupaysdecharlieubelmont\/wp-content\/uploads\/sites\/877\/2023\/11\/bacurau-508x690.jpg 508w\" sizes=\"auto, (max-width: 1178px) 100vw, 1178px\" \/><\/a> <a href=\"https:\/\/www.kananas.com\/ecoledemusiquedupaysdecharlieubelmont\/wp-content\/uploads\/sites\/877\/2023\/11\/moa-raiz-afro-mae.jpeg\"><img loading=\"lazy\" decoding=\"async\" class=\"alignnone size-full wp-image-2718\" src=\"https:\/\/www.kananas.com\/ecoledemusiquedupaysdecharlieubelmont\/wp-content\/uploads\/sites\/877\/2023\/11\/moa-raiz-afro-mae.jpeg\" alt=\"\" width=\"1824\" height=\"2560\" srcset=\"https:\/\/www.kananas.com\/ecoledemusiquedupaysdecharlieubelmont\/wp-content\/uploads\/sites\/877\/2023\/11\/moa-raiz-afro-mae.jpeg 1824w, https:\/\/www.kananas.com\/ecoledemusiquedupaysdecharlieubelmont\/wp-content\/uploads\/sites\/877\/2023\/11\/moa-raiz-afro-mae-214x300.jpeg 214w, https:\/\/www.kananas.com\/ecoledemusiquedupaysdecharlieubelmont\/wp-content\/uploads\/sites\/877\/2023\/11\/moa-raiz-afro-mae-730x1024.jpeg 730w, https:\/\/www.kananas.com\/ecoledemusiquedupaysdecharlieubelmont\/wp-content\/uploads\/sites\/877\/2023\/11\/moa-raiz-afro-mae-768x1078.jpeg 768w, https:\/\/www.kananas.com\/ecoledemusiquedupaysdecharlieubelmont\/wp-content\/uploads\/sites\/877\/2023\/11\/moa-raiz-afro-mae-1094x1536.jpeg 1094w, https:\/\/www.kananas.com\/ecoledemusiquedupaysdecharlieubelmont\/wp-content\/uploads\/sites\/877\/2023\/11\/moa-raiz-afro-mae-1459x2048.jpeg 1459w, https:\/\/www.kananas.com\/ecoledemusiquedupaysdecharlieubelmont\/wp-content\/uploads\/sites\/877\/2023\/11\/moa-raiz-afro-mae-1240x1740.jpeg 1240w, https:\/\/www.kananas.com\/ecoledemusiquedupaysdecharlieubelmont\/wp-content\/uploads\/sites\/877\/2023\/11\/moa-raiz-afro-mae-508x713.jpeg 508w\" sizes=\"auto, (max-width: 1824px) 100vw, 1824px\" \/><\/a><\/p>\n<p>&nbsp;<\/p>\n<p style=\"text-align: center\"><strong>LE concert \u00e0 ne pas manquer en d\u00e9cembre :<br \/>\n<\/strong><\/p>\n<p><a href=\"https:\/\/www.kananas.com\/ecoledemusiquedupaysdecharlieubelmont\/wp-content\/uploads\/sites\/877\/2023\/10\/Affiche-CONCERT-BOCA-NO-BECO.jpg\"><img loading=\"lazy\" decoding=\"async\" class=\"alignnone size-full wp-image-2710\" src=\"https:\/\/www.kananas.com\/ecoledemusiquedupaysdecharlieubelmont\/wp-content\/uploads\/sites\/877\/2023\/10\/Affiche-CONCERT-BOCA-NO-BECO.jpg\" alt=\"\" width=\"1060\" height=\"1500\" srcset=\"https:\/\/www.kananas.com\/ecoledemusiquedupaysdecharlieubelmont\/wp-content\/uploads\/sites\/877\/2023\/10\/Affiche-CONCERT-BOCA-NO-BECO.jpg 1060w, https:\/\/www.kananas.com\/ecoledemusiquedupaysdecharlieubelmont\/wp-content\/uploads\/sites\/877\/2023\/10\/Affiche-CONCERT-BOCA-NO-BECO-212x300.jpg 212w, https:\/\/www.kananas.com\/ecoledemusiquedupaysdecharlieubelmont\/wp-content\/uploads\/sites\/877\/2023\/10\/Affiche-CONCERT-BOCA-NO-BECO-724x1024.jpg 724w, https:\/\/www.kananas.com\/ecoledemusiquedupaysdecharlieubelmont\/wp-content\/uploads\/sites\/877\/2023\/10\/Affiche-CONCERT-BOCA-NO-BECO-768x1087.jpg 768w, https:\/\/www.kananas.com\/ecoledemusiquedupaysdecharlieubelmont\/wp-content\/uploads\/sites\/877\/2023\/10\/Affiche-CONCERT-BOCA-NO-BECO-508x719.jpg 508w\" sizes=\"auto, (max-width: 1060px) 100vw, 1060px\" \/><\/a><\/p>\n<div class=\"\" dir=\"auto\">\n<div id=\":r52:\" class=\"x1iorvi4 x1pi30zi x1l90r2v x1swvt13\" data-ad-comet-preview=\"message\" data-ad-preview=\"message\">\n<div dir=\"auto\" style=\"text-align: center\"><a href=\"https:\/\/www.le-pays.fr\/charlieu-42190\/actualites\/la-musique-bresilienne-en-vedette-au-theatre-saint-philibert-ce-samedi_14416588\/\" target=\"_blank\" rel=\"noopener\">Annonc\u00e9 dans Le Pays<\/a><\/div>\n<\/div>\n<\/div>\n<p>&nbsp;<\/p>\n<h3><\/h3>\n<p style=\"text-align: center\"><strong>Exposition, encore<\/strong><\/p>\n<p>On continue au printemps avec une exposition de banni\u00e8res fabriqu\u00e9es dans le cadre du projet Brazil, par la MJC de Charlieu, la MJC et l&rsquo;\u00e9cole publique de Saint Denis de Cabanne, avec Georges Goyet \u00e0 l&rsquo;initiative de ce travail d&rsquo;expression artistique.<\/p>\n<p>Vernissage le samedi 13 avril 2024 \u00e0 la galerie Ronzi\u00e8re \u00e0 Charlieu<\/p>\n<p><a href=\"https:\/\/www.kananas.com\/ecoledemusiquedupaysdecharlieubelmont\/wp-content\/uploads\/sites\/877\/2024\/03\/Expo-Bannieres-13-avril.jpg\"><img loading=\"lazy\" decoding=\"async\" class=\"alignnone size-full wp-image-2817\" src=\"https:\/\/www.kananas.com\/ecoledemusiquedupaysdecharlieubelmont\/wp-content\/uploads\/sites\/877\/2024\/03\/Expo-Bannieres-13-avril.jpg\" alt=\"\" width=\"529\" height=\"397\" srcset=\"https:\/\/www.kananas.com\/ecoledemusiquedupaysdecharlieubelmont\/wp-content\/uploads\/sites\/877\/2024\/03\/Expo-Bannieres-13-avril.jpg 529w, https:\/\/www.kananas.com\/ecoledemusiquedupaysdecharlieubelmont\/wp-content\/uploads\/sites\/877\/2024\/03\/Expo-Bannieres-13-avril-300x225.jpg 300w, https:\/\/www.kananas.com\/ecoledemusiquedupaysdecharlieubelmont\/wp-content\/uploads\/sites\/877\/2024\/03\/Expo-Bannieres-13-avril-508x381.jpg 508w\" sizes=\"auto, (max-width: 529px) 100vw, 529px\" \/><\/a><\/p>\n<h3 style=\"text-align: center\"><span style=\"font-family: trebuchet ms, sans-serif\"><b>SAMEDI 6 AVRIL 2024 DE 10H \u00e0 13H \u00ab\u00a0De la For\u00eat A Ma Zone\u00a0\u00bb au Chatelet \u00e0 Cuinzier<\/b><\/span><\/h3>\n<h3 style=\"text-align: center\"><span style=\"font-family: trebuchet ms, sans-serif;font-size: 12pt\"><b>\u00c9v\u00e9nement soutenu par l&rsquo;\u00c9cole de l&rsquo;Oralit\u00e9 de St Etienne.<\/b><\/span><\/h3>\n<div>\n<div>\n<p style=\"text-align: center\"><strong><span style=\"color: #253917;font-family: trebuchet ms, sans-serif\">Atelier de sensibilisation v\u00e9g\u00e9tale ouvert \u00e0 toute.s sans pr\u00e9-requis.<\/span><\/strong><\/p>\n<p><span style=\"color: #253917;font-family: trebuchet ms, sans-serif;font-size: xx-small\">Replis ou report en cas de pluie.\u00a0<\/span><\/p>\n<p><span style=\"font-family: trebuchet ms, sans-serif\"><span style=\"font-size: 12pt\"><em>Apr\u00e8s avoir \u00e9t\u00e9 alert\u00e9s, alarm\u00e9s par les probl\u00e8mes li\u00e9s au r\u00e9chauffement climatique et la perte de la biodiversit\u00e9, nous choisissons de revenir au vivant et les arbres nous y conduisent si bien!<br \/>\nNous partageons ces moments de reconnexion \u00e0 la nature par un atelier sensible ,ludique et po\u00e9tique pour faire fructifier les savoirs en les incarnant.<br \/>\nAccessible \u00e0 tou.te.s\u00a0<\/em><\/span>\u00a0<\/span><\/p>\n<p><span style=\"font-family: trebuchet ms, sans-serif\">Gratuit sur r\u00e9servations:\u00a0<a href=\"mailto:Lrncroy@gmail.com\" target=\"_blank\" rel=\"noopener\">Lrncroy@gmail.co<\/a>m<\/span><\/p>\n<p style=\"text-align: center\"><strong><span style=\"font-family: trebuchet ms, sans-serif\"><span style=\"color: #253917\">Danse voltige arbor\u00e9e<br \/>\nAvec Julie Loyot et Laurence Roy<\/span><\/span><\/strong><\/p>\n<p><span style=\"font-size: 12pt\"><em><span style=\"font-family: trebuchet ms, sans-serif\">La performance artistique dans\u00e9e par Julie et Laurence continuera d&rsquo;ouvrir notre imaginaire, notre sensibilit\u00e9 au milieu v\u00e9g\u00e9tal et d&rsquo;accro\u00eetre notre conscience du vivant.<\/span><\/em><\/span><\/p>\n<p><span style=\"font-family: trebuchet ms, sans-serif\">\u00a0Participation libre et consciente , sur r\u00e9servation : <a href=\"http:\/\/lesnouveauxateliers.fr\/\" target=\"_blank\" rel=\"noopener\">lesnouveauxateliers.fr<\/a>\u00a0 (Le Chatelet)<\/span><\/p>\n<\/div>\n<\/div>\n","protected":false},"excerpt":{"rendered":"<p>&nbsp; &nbsp; T\u00e9l\u00e9chargez le programme BRAZIL en pdf &nbsp; Calendrier Percubruissons : &nbsp; &nbsp; Des expositions \u00e0 voir en automne\/hiver : &nbsp; &#8211; A la Grange des Farfadets, \u00e0 Maizilly &#8211; A la m\u00e9diath\u00e8que de Charlieu : Conf\u00e9rences \u00e0 l&rsquo;Amicale La\u00efque : &nbsp; Gardiens de la for\u00eat, Br\u00e9sil, replanter l&rsquo;amazonie , documentaire sur Arte faisant [&hellip;]<\/p>\n","protected":false},"author":906,"featured_media":0,"parent":0,"menu_order":0,"comment_status":"closed","ping_status":"closed","template":"","meta":{"_crdt_document":"","footnotes":""},"class_list":["post-2672","page","type-page","status-publish","hentry"],"_links":{"self":[{"href":"https:\/\/www.kananas.com\/ecoledemusiquedupaysdecharlieubelmont\/wp-json\/wp\/v2\/pages\/2672","targetHints":{"allow":["GET"]}}],"collection":[{"href":"https:\/\/www.kananas.com\/ecoledemusiquedupaysdecharlieubelmont\/wp-json\/wp\/v2\/pages"}],"about":[{"href":"https:\/\/www.kananas.com\/ecoledemusiquedupaysdecharlieubelmont\/wp-json\/wp\/v2\/types\/page"}],"author":[{"embeddable":true,"href":"https:\/\/www.kananas.com\/ecoledemusiquedupaysdecharlieubelmont\/wp-json\/wp\/v2\/users\/906"}],"replies":[{"embeddable":true,"href":"https:\/\/www.kananas.com\/ecoledemusiquedupaysdecharlieubelmont\/wp-json\/wp\/v2\/comments?post=2672"}],"version-history":[{"count":23,"href":"https:\/\/www.kananas.com\/ecoledemusiquedupaysdecharlieubelmont\/wp-json\/wp\/v2\/pages\/2672\/revisions"}],"predecessor-version":[{"id":2820,"href":"https:\/\/www.kananas.com\/ecoledemusiquedupaysdecharlieubelmont\/wp-json\/wp\/v2\/pages\/2672\/revisions\/2820"}],"wp:attachment":[{"href":"https:\/\/www.kananas.com\/ecoledemusiquedupaysdecharlieubelmont\/wp-json\/wp\/v2\/media?parent=2672"}],"curies":[{"name":"wp","href":"https:\/\/api.w.org\/{rel}","templated":true}]}}