{"id":532,"date":"2013-04-17T15:59:36","date_gmt":"2013-04-17T15:59:36","guid":{"rendered":"http:\/\/www.gestasso.com\/association\/ecoledemusiquedupaysdecharlieubelmont\/contact\/"},"modified":"2023-09-26T23:45:31","modified_gmt":"2023-09-26T21:45:31","slug":"contact","status":"publish","type":"page","link":"https:\/\/www.kananas.com\/ecoledemusiquedupaysdecharlieubelmont\/contact\/","title":{"rendered":"Contact"},"content":{"rendered":"<div class=\"mod\">\n<div class=\"Z1hOCe\">\n<h4><\/h4>\n<h4><\/h4>\n<h4><\/h4>\n<h4 class=\"zloOqf kno-fb-ctx\"><span class=\"w8qArf\"><span style=\"color: #000000\">Adresse : <\/span><\/span><span class=\"LrzXr\" style=\"color: #000000\">9 Boulevard G\u00e9n\u00e9ral Leclerc, cour des mus\u00e9es, 42190 Charlieu<\/span><\/h4>\n<h4><\/h4>\n<h4><\/h4>\n<\/div>\n<\/div>\n<div class=\"mod\">\n<div class=\"Z1hOCe\">\n<h4 class=\"zloOqf kno-fb-ctx\"><span style=\"color: #000000\"><span class=\"w8qArf\"><span style=\"color: #000000\">T\u00e9l\u00e9pho<\/span>ne : 04 77 60 19 09<\/span><\/span><\/h4>\n<h4><\/h4>\n<h4><\/h4>\n<h4><span style=\"color: #993366\"><span style=\"color: #000000\">Courriel :<\/span> <\/span> <a href=\"mailto:empc.charlieu@free.fr\">empc.charlieu@free.fr<\/a><\/h4>\n<h4><\/h4>\n<div style=\"text-align: center\"><span style=\"font-size: 14pt\">NOTA BENE :<\/span><\/div>\n<div><\/div>\n<div><\/div>\n<div style=\"text-align: center\"><span style=\"font-size: 14pt\">L&rsquo;\u00e9cole de musique est associative, elle est g\u00e9r\u00e9e par des b\u00e9n\u00e9voles. Il n&rsquo;y a pas de personnel administratif pr\u00e9sent sur site ni au bout du fil ; les messages audio sont relev\u00e9s r\u00e9guli\u00e8rement, mais les questions par courriel ont plus de chance d&rsquo;obtenir une r\u00e9ponse.<\/span><\/div>\n<div style=\"text-align: center\"><\/div>\n<div style=\"text-align: center\"><\/div>\n<div style=\"text-align: center\"><span style=\"font-size: 14pt\">Par cons\u00e9quent pour les \u00e9changes d&rsquo;informations \u00ab\u00a0urgentes\u00a0\u00bb, par exemple <em>absence \u00e0 un cours<\/em>, il est pr\u00e9f\u00e9rable de communiquer directement avec le professeur concern\u00e9.<\/span><\/div>\n<div><\/div>\n<div><\/div>\n<\/div>\n<\/div>\n<p>&nbsp;<\/p>\n\n<!-- iframe plugin v.6.0 wordpress.org\/plugins\/iframe\/ -->\n<iframe loading=\"lazy\" src=\"https:\/\/www.google.com\/maps\/embed?pb=!1m18!1m12!1m3!1d690.8806222997364!2d4.169992488150809!3d46.160253998688326!2m3!1f0!2f0!3f0!3m2!1i1024!2i768!4f13.1!3m3!1m2!1s0x47f3f5da4f4b80dd%3A0x112af60f558fda2b!2sEcole+de+Musique+du+Pays+de+Charlieu+Belmont!5e0!3m2!1sfr!2sfr!4v1522687611054\" width=\"600\" height=\"450\" frameborder=\"0\" style=\"border:0\" 0=\"allowfullscreen\" scrolling=\"yes\" class=\"iframe-class\"><\/iframe>\n\n<p>&nbsp;<\/p>\n<p>&nbsp;<\/p>\n","protected":false},"excerpt":{"rendered":"<p>Adresse : 9 Boulevard G\u00e9n\u00e9ral Leclerc, cour des mus\u00e9es, 42190 Charlieu T\u00e9l\u00e9phone : 04 77 60 19 09 Courriel : empc.charlieu@free.fr NOTA BENE : L&rsquo;\u00e9cole de musique est associative, elle est g\u00e9r\u00e9e par des b\u00e9n\u00e9voles. Il n&rsquo;y a pas de personnel administratif pr\u00e9sent sur site ni au bout du fil ; les messages audio sont [&hellip;]<\/p>\n","protected":false},"author":906,"featured_media":0,"parent":0,"menu_order":0,"comment_status":"open","ping_status":"open","template":"","meta":{"_crdt_document":"","footnotes":""},"class_list":["post-532","page","type-page","status-publish","hentry"],"_links":{"self":[{"href":"https:\/\/www.kananas.com\/ecoledemusiquedupaysdecharlieubelmont\/wp-json\/wp\/v2\/pages\/532","targetHints":{"allow":["GET"]}}],"collection":[{"href":"https:\/\/www.kananas.com\/ecoledemusiquedupaysdecharlieubelmont\/wp-json\/wp\/v2\/pages"}],"about":[{"href":"https:\/\/www.kananas.com\/ecoledemusiquedupaysdecharlieubelmont\/wp-json\/wp\/v2\/types\/page"}],"author":[{"embeddable":true,"href":"https:\/\/www.kananas.com\/ecoledemusiquedupaysdecharlieubelmont\/wp-json\/wp\/v2\/users\/906"}],"replies":[{"embeddable":true,"href":"https:\/\/www.kananas.com\/ecoledemusiquedupaysdecharlieubelmont\/wp-json\/wp\/v2\/comments?post=532"}],"version-history":[{"count":12,"href":"https:\/\/www.kananas.com\/ecoledemusiquedupaysdecharlieubelmont\/wp-json\/wp\/v2\/pages\/532\/revisions"}],"predecessor-version":[{"id":2588,"href":"https:\/\/www.kananas.com\/ecoledemusiquedupaysdecharlieubelmont\/wp-json\/wp\/v2\/pages\/532\/revisions\/2588"}],"wp:attachment":[{"href":"https:\/\/www.kananas.com\/ecoledemusiquedupaysdecharlieubelmont\/wp-json\/wp\/v2\/media?parent=532"}],"curies":[{"name":"wp","href":"https:\/\/api.w.org\/{rel}","templated":true}]}}