{"id":6375,"date":"2025-05-23T17:39:54","date_gmt":"2025-05-23T15:39:54","guid":{"rendered":"https:\/\/www.kananas.com\/en\/?page_id=6375"},"modified":"2026-01-03T20:29:05","modified_gmt":"2026-01-03T18:29:05","slug":"retiree-associations","status":"publish","type":"page","link":"https:\/\/www.kananas.com\/en\/software\/retiree-associations\/","title":{"rendered":"Retiree associations"},"content":{"rendered":"\n<div class=\"wp-block-columns is-layout-flex wp-container-core-columns-is-layout-8f761849 wp-block-columns-is-layout-flex\">\n<div class=\"wp-block-column is-layout-flow wp-block-column-is-layout-flow\">\n<div class=\"wp-block-columns has-background is-layout-flex wp-container-core-columns-is-layout-8f761849 wp-block-columns-is-layout-flex\" style=\"background-color:#f6f7fd\">\n<div class=\"wp-block-column is-layout-flow wp-block-column-is-layout-flow\" style=\"flex-basis:5%\"><\/div>\n\n\n\n<div class=\"wp-block-column padding10 is-layout-flow wp-block-column-is-layout-flow\" style=\"flex-basis:35%\">\n<div style=\"height:150px\" aria-hidden=\"true\" class=\"wp-block-spacer\"><\/div>\n\n\n\n<h1 class=\"wp-block-heading\"><strong>AI-Powered Management Software for Retiree &amp; Senior Associations<\/strong><\/h1>\n\n\n\n<p class=\"wp-block-paragraph\">Kananas helps retiree associations and senior clubs stay connected, organized, and active \u2014 with the power of artificial intelligence.<br>Automate communication, membership renewals, and event planning while our AI writes your newsletters, reminders, and reports for you.<\/p>\n\n\n\n<p class=\"wp-block-paragraph\">Spend less time managing \u2014 and more time sharing, organizing, and enjoying your community.<\/p>\n\n\n\n<div style=\"height:20px\" aria-hidden=\"true\" class=\"wp-block-spacer\"><\/div>\n\n\n\n<div class=\"wp-block-buttons alignfull ghostkit-custom-2rfJNX is-content-justification-center is-layout-flex wp-container-core-buttons-is-layout-fe48e5de wp-block-buttons-is-layout-flex\">\n<div class=\"wp-block-button\"><a class=\"wp-block-button__link has-base-3-color has-accent-background-color has-text-color has-background has-link-color has-medium-font-size has-custom-font-size wp-element-button\" href=\"https:\/\/backoffice.kananas.com\/action_manager.php?event=organisation_add&amp;p=1&amp;lang=ENG\" target=\"_blank\" rel=\"noreferrer noopener\">Start 30 days free trial<\/a><\/div>\n<\/div>\n\n\n\n<div style=\"height:100px\" aria-hidden=\"true\" class=\"wp-block-spacer\"><\/div>\n<\/div>\n\n\n\n<div class=\"wp-block-column is-layout-flow wp-block-column-is-layout-flow\" style=\"flex-basis:5%\"><\/div>\n\n\n\n<div class=\"wp-block-column is-vertically-aligned-center padding10 is-layout-flow wp-block-column-is-layout-flow\" style=\"flex-basis:50%\"><div class=\"wp-block-image is-style-default\">\n<figure class=\"aligncenter size-full\"><img decoding=\"async\" src=\"https:\/\/www.kananas.com\/wp-content\/uploads\/2025\/05\/retraite-2.png\" alt=\"management software for retirees\u2019 associations\" class=\"wp-image-8836\" style=\"aspect-ratio:16\/9;object-fit:cover\"\/><\/figure>\n<\/div><\/div>\n\n\n\n<div class=\"wp-block-column is-layout-flow wp-block-column-is-layout-flow\" style=\"flex-basis:5%\"><\/div>\n<\/div>\n<\/div>\n<\/div>\n\n\n\n<div style=\"height:50px\" aria-hidden=\"true\" class=\"wp-block-spacer\"><\/div>\n\n\n\n<h2 class=\"wp-block-heading has-text-align-center has-accent-color has-text-color has-link-color wp-elements-5523b676c9190d88635327e2c404a5dc\"><strong>Tested and approved by over 11,000 clubs<\/strong><\/h2>\n\n\n\n<div style=\"height:50px\" aria-hidden=\"true\" class=\"wp-block-spacer\"><\/div>\n\n\n\n<div class=\"wp-block-columns alignfull ghostkit-custom-ZaqVp2 is-layout-flex wp-container-core-columns-is-layout-8f761849 wp-block-columns-is-layout-flex\">\n<div class=\"wp-block-column is-vertically-aligned-center is-layout-flow wp-block-column-is-layout-flow\" style=\"flex-basis:2%\"><\/div>\n\n\n\n<div class=\"wp-block-column is-vertically-aligned-center is-layout-flow wp-block-column-is-layout-flow\">\n<div class=\"wp-block-group\"><div class=\"wp-block-group__inner-container is-layout-constrained wp-block-group-is-layout-constrained\">\n<h2 class=\"wp-block-heading\"><strong>Everything Your Association Needs \u2014 Simple, Smart, and Automated<\/strong><\/h2>\n\n\n\n<p class=\"wp-block-paragraph\"><strong>AI Assistant<\/strong> \u2013 Create newsletters, meeting minutes, and announcements instantly \u2014 in a friendly, professional tone.<\/p>\n\n\n\n<p class=\"wp-block-paragraph\"><strong>Membership &amp; Dues Management (USD)<\/strong> \u2013 Automate renewals, track payments, and manage subscriptions easily.<\/p>\n\n\n\n<p class=\"wp-block-paragraph\"><strong>Event &amp; Activity Management<\/strong> \u2013 Organize trips, lunches, meetings, or community events with online registration.<\/p>\n\n\n\n<p class=\"wp-block-paragraph\"><strong>Ticketing &amp; Donations<\/strong> \u2013 Sell tickets and manage donations for fundraising events directly from Kananas.<\/p>\n\n\n\n<p class=\"wp-block-paragraph\"><strong>Analytics &amp; Reports<\/strong> \u2013 Get automated reports on member participation, payments, and event success.<\/p>\n\n\n\n<p class=\"wp-block-paragraph\"><strong>Cloud-Based &amp; Easy to Use<\/strong> \u2013 Access Kananas from any device, anywhere \u2014 no technical skills needed.<\/p>\n<\/div><\/div>\n<\/div>\n\n\n\n<div class=\"wp-block-column is-vertically-aligned-center padding10 is-layout-flow wp-block-column-is-layout-flow\" style=\"flex-basis:40%\"><div class=\"wp-block-image\">\n<figure class=\"aligncenter size-large\"><img decoding=\"async\" src=\"http:\/\/www.kananas.com\/en\/wp-content\/uploads\/sites\/2145\/2025\/05\/home-page-EN-rounded-grid.png\" alt=\"\" class=\"wp-image-8918\"\/><\/figure>\n<\/div><\/div>\n\n\n\n<div class=\"wp-block-column is-vertically-aligned-center is-layout-flow wp-block-column-is-layout-flow\" style=\"flex-basis:5%\"><\/div>\n<\/div>\n\n\n\n<div style=\"height:50px\" aria-hidden=\"true\" class=\"wp-block-spacer\"><\/div>\n\n\n\n<div class=\"wp-block-group has-background\" style=\"background-color:#f6f7fd\"><div class=\"wp-block-group__inner-container is-layout-constrained wp-block-group-is-layout-constrained\">\n<div class=\"wp-block-columns is-layout-flex wp-container-core-columns-is-layout-8f761849 wp-block-columns-is-layout-flex\">\n<div class=\"wp-block-column is-layout-flow wp-block-column-is-layout-flow\" style=\"flex-basis:5%\"><\/div>\n\n\n\n<div class=\"wp-block-column is-layout-flow wp-block-column-is-layout-flow\">\n<h2 class=\"wp-block-heading\"><strong>Why US retiree associations love Kananas<\/strong><\/h2>\n\n\n\n<p class=\"wp-block-paragraph\">From small community clubs to large national retiree associations, Kananas helps organizations stay organized and connected \u2014 with smart automation built for people, not tech experts.<\/p>\n\n\n\n<ul class=\"wp-block-list\">\n<li>Manage everything from one easy, secure platform.<\/li>\n\n\n\n<li>Accept payments and donations in <strong>USD<\/strong> via Stripe, or credit card.<\/li>\n\n\n\n<li>AI writes <strong>emails, meeting notes, and event updates<\/strong> in seconds.<\/li>\n\n\n\n<li>Automate communication \u2014 reminders, renewals, and thank-you messages.<\/li>\n\n\n\n<li>Track attendance, payments, and participation in real time.<\/li>\n<\/ul>\n<\/div>\n\n\n\n<div class=\"wp-block-column is-layout-flow wp-block-column-is-layout-flow\" style=\"flex-basis:5%\"><\/div>\n<\/div>\n\n\n\n<div style=\"height:50px\" aria-hidden=\"true\" class=\"wp-block-spacer\"><\/div>\n\n\n\n<div class=\"wp-block-columns is-layout-flex wp-container-core-columns-is-layout-8f761849 wp-block-columns-is-layout-flex\">\n<div class=\"wp-block-column is-layout-flow wp-block-column-is-layout-flow\" style=\"flex-basis:5%\"><\/div>\n\n\n\n<div class=\"wp-block-column is-layout-flow wp-block-column-is-layout-flow\">\n<figure class=\"wp-block-image size-large is-style-default\"><img decoding=\"async\" src=\"https:\/\/www.kananas.com\/wp-content\/uploads\/2024\/12\/Screenshot-2024-12-04-at-08-44-02-Free-Photo-Front-view-woman-drawing-in-the-ipad-1024x683.png\" alt=\"management software for retirees\u2019 associations \u2013 communicate\" class=\"wp-image-7800\" style=\"aspect-ratio:3\/2;object-fit:cover\"\/><\/figure>\n\n\n\n<div style=\"height:20px\" aria-hidden=\"true\" class=\"wp-block-spacer\"><\/div>\n\n\n\n<h3 class=\"wp-block-heading\"><strong>Communicate<\/strong><\/h3>\n\n\n\n<p class=\"wp-block-paragraph\">Create <a href=\"https:\/\/www.kananas.com\/en\/blog\/polls-votes-the-forms\/\" title=\"Sondages et votes : formulaires\">forms<\/a> to run surveys, online votes, or questionnaires. Track results in real time.<\/p>\n\n\n\n<p class=\"wp-block-paragraph\">Online <a href=\"https:\/\/www.kananas.com\/en\/documentation\/members\/membership\/\" title=\"Membership\">membership<\/a>, with data entry and dues payment.<\/p>\n<\/div>\n\n\n\n<div class=\"wp-block-column is-layout-flow wp-block-column-is-layout-flow\" style=\"flex-basis:3%\"><\/div>\n\n\n\n<div class=\"wp-block-column is-layout-flow wp-block-column-is-layout-flow\">\n<figure class=\"wp-block-image size-large is-style-default\"><img decoding=\"async\" src=\"https:\/\/www.kananas.com\/wp-content\/uploads\/2025\/05\/retraite-1-1024x683.png\" alt=\"management software for retirees\u2019 associations \u2013 plan\" class=\"wp-image-8837\" style=\"aspect-ratio:3\/2;object-fit:cover\"\/><\/figure>\n\n\n\n<div style=\"height:20px\" aria-hidden=\"true\" class=\"wp-block-spacer\"><\/div>\n\n\n\n<h3 class=\"wp-block-heading\"><strong>Plan<\/strong><\/h3>\n\n\n\n<p class=\"wp-block-paragraph\">Manage your <a href=\"https:\/\/www.kananas.com\/en\/documentation\/planning\/\" title=\"Activit\u00e9s et \u00e9v\u00e8nements\">events<\/a>, schedule get-togethers, and send invitations.<\/p>\n\n\n\n<p class=\"wp-block-paragraph\">Organize activities and social events such as visits or trips, and sell tickets online thanks to Kananas <a href=\"https:\/\/www.kananas.com\/documentation\/planning\/billetterie\/\" title=\"Billetterie\">ticket<\/a><a href=\"https:\/\/www.kananas.com\/en\/documentation\/planning\/ticketing\/\" title=\"Billetterie\">i<\/a><a href=\"https:\/\/www.kananas.com\/documentation\/planning\/billetterie\/\" title=\"Billetterie\">ng<\/a>.<\/p>\n<\/div>\n\n\n\n<div class=\"wp-block-column is-layout-flow wp-block-column-is-layout-flow\" style=\"flex-basis:3%\"><\/div>\n\n\n\n<div class=\"wp-block-column is-layout-flow wp-block-column-is-layout-flow\">\n<figure class=\"wp-block-image size-full is-style-default\"><img decoding=\"async\" src=\"https:\/\/www.kananas.com\/wp-content\/uploads\/2024\/03\/alumni2.jpg\" alt=\"management software for retirees\u2019 associations \u2013 manage\" class=\"wp-image-6123\" style=\"aspect-ratio:3\/2;object-fit:cover\"\/><\/figure>\n\n\n\n<div style=\"height:20px\" aria-hidden=\"true\" class=\"wp-block-spacer\"><\/div>\n\n\n\n<h3 class=\"wp-block-heading\"><strong>Manage<\/strong><\/h3>\n\n\n\n<p class=\"wp-block-paragraph\">Your members\u2019 records at your fingertips anytime, anywhere.<\/p>\n\n\n\n<p class=\"wp-block-paragraph\">All your documents centralized in a <a href=\"https:\/\/www.kananas.com\/en\/documentation\/\" title=\"Drive\">secure, backed-up environment<\/a>.<\/p>\n<\/div>\n\n\n\n<div class=\"wp-block-column is-layout-flow wp-block-column-is-layout-flow\" style=\"flex-basis:5%\"><\/div>\n<\/div>\n<\/div><\/div>\n\n\n\n<div style=\"height:31px\" aria-hidden=\"true\" class=\"wp-block-spacer\"><\/div>\n\n\n\n<div class=\"wp-block-buttons alignfull ghostkit-custom-2rfJNX is-content-justification-center is-layout-flex wp-container-core-buttons-is-layout-fe48e5de wp-block-buttons-is-layout-flex\">\n<div class=\"wp-block-button\"><a class=\"wp-block-button__link has-base-3-color has-accent-background-color has-text-color has-background has-link-color has-medium-font-size has-custom-font-size wp-element-button\" href=\"https:\/\/backoffice.kananas.com\/action_manager.php?event=organisation_add&amp;p=1&amp;lang=ENG\" target=\"_blank\" rel=\"noreferrer noopener\">Start your 30 days free trial<\/a><\/div>\n<\/div>\n\n\n\n<div style=\"height:50px\" aria-hidden=\"true\" class=\"wp-block-spacer\"><\/div>\n\n\n\n<div class=\"wp-block-columns alignfull ghostkit-custom-ZaqVp2 is-layout-flex wp-container-core-columns-is-layout-8f761849 wp-block-columns-is-layout-flex\">\n<div class=\"wp-block-column is-vertically-aligned-center is-layout-flow wp-block-column-is-layout-flow\" style=\"flex-basis:5%\"><\/div>\n\n\n\n<div class=\"wp-block-column is-vertically-aligned-center padding10 is-layout-flow wp-block-column-is-layout-flow\" style=\"flex-basis:90%\">\n<h2 class=\"wp-block-heading\"><strong>Testimonial<\/strong><\/h2>\n\n\n\n<div class=\"wp-block-columns roundDiv has-base-background-color has-background is-layout-flex wp-container-core-columns-is-layout-8f761849 wp-block-columns-is-layout-flex\">\n<div class=\"wp-block-column is-vertically-aligned-center is-layout-flow wp-block-column-is-layout-flow\" style=\"flex-basis:15%\">\n<figure class=\"wp-block-image size-full padding30\"><img loading=\"lazy\" decoding=\"async\" width=\"732\" height=\"774\" src=\"https:\/\/www.kananas.com\/en\/wp-content\/uploads\/sites\/2145\/2025\/11\/retiree-association-management-software-kananas.png\" alt=\"\" class=\"wp-image-6693\" srcset=\"https:\/\/www.kananas.com\/en\/wp-content\/uploads\/sites\/2145\/2025\/11\/retiree-association-management-software-kananas.png 732w, https:\/\/www.kananas.com\/en\/wp-content\/uploads\/sites\/2145\/2025\/11\/retiree-association-management-software-kananas-284x300.png 284w, https:\/\/www.kananas.com\/en\/wp-content\/uploads\/sites\/2145\/2025\/11\/retiree-association-management-software-kananas-50x53.png 50w\" sizes=\"auto, (max-width: 732px) 100vw, 732px\" \/><\/figure>\n<\/div>\n\n\n\n<div class=\"wp-block-column is-vertically-aligned-center is-layout-flow wp-block-column-is-layout-flow\">\n<div style=\"height:30px\" aria-hidden=\"true\" class=\"wp-block-spacer\"><\/div>\n\n\n\n<blockquote class=\"wp-block-quote is-layout-flow wp-block-quote-is-layout-flow\">\n<p class=\"wp-block-paragraph\">\u201cWe were worried about using new technology, but Kananas is so intuitive. The AI helps us write our newsletters and reminders \u2014 it\u2019s like having a friendly digital secretary.\u201d<br>\u2014 <em>Margaret, Retired Educators Network, Florida<\/em><\/p>\n<\/blockquote>\n<\/div>\n\n\n\n<div class=\"wp-block-column is-vertically-aligned-center is-layout-flow wp-block-column-is-layout-flow\" style=\"flex-basis:10px\"><\/div>\n<\/div>\n\n\n\n<div style=\"height:100px\" aria-hidden=\"true\" class=\"wp-block-spacer\"><\/div>\n\n\n\n<h2 class=\"wp-block-heading\"><strong>Kananas vs Other Association Tools \u2014 Simpler, Smarter, More Human<\/strong><\/h2>\n\n\n\n<figure class=\"wp-block-table\"><table class=\"has-fixed-layout\"><thead><tr><th>Feature \/ Platform<\/th><th><strong>Kananas \ud83e\udde0<\/strong><\/th><th>MemberPlanet<\/th><th>WildApricot<\/th><th>ClubExpress<\/th><\/tr><\/thead><tbody><tr><td><strong>Built-in AI assistant<\/strong><\/td><td>\u2705 Writes emails &amp; newsletters<\/td><td>\u274c<\/td><td>\u274c<\/td><td>\u274c<\/td><\/tr><tr><td><strong>Analytics &amp; engagement insights<\/strong><\/td><td>\u2705 Dashboard<\/td><td>\u26a0\ufe0f Basic<\/td><td>\u26a0\ufe0f Basic<\/td><td>\u26a0\ufe0f Basic<\/td><\/tr><tr><td><strong>Membership &amp; dues management (USD)<\/strong><\/td><td>\u2705<\/td><td>\u2705<\/td><td>\u2705<\/td><td>\u2705<\/td><\/tr><tr><td><strong>Event &amp; activity management<\/strong><\/td><td>\u2705 Integrated<\/td><td>\u2705<\/td><td>\u2705<\/td><td>\u2705<\/td><\/tr><tr><td><strong>Ticketing &amp; Donation Tools<\/strong><\/td><td>\u2705 Built-in<\/td><td>\u26a0\ufe0f Add-on<\/td><td>\u26a0\ufe0f Limited<\/td><td>\u26a0\ufe0f Limited<\/td><\/tr><tr><td><strong>Automated communication (AI)<\/strong><\/td><td>\u2705 Emails, reminders, thank-you notes<\/td><td>\u26a0\ufe0f Manual<\/td><td>\u26a0\ufe0f Manual<\/td><td>\u26a0\ufe0f Manual<\/td><\/tr><tr><td><strong>Support<\/strong><\/td><td>\u2705<\/td><td>\u26a0\ufe0f<\/td><td>\u26a0\ufe0f<\/td><td>\u26a0\ufe0f<\/td><\/tr><tr><td><strong>Free 30-day trial<\/strong><\/td><td>\u2705<\/td><td>\u274c<\/td><td>\u26a0\ufe0f Demo only<\/td><td>\u274c<\/td><\/tr><\/tbody><\/table><\/figure>\n\n\n\n<div class=\"wp-block-columns is-layout-flex wp-container-core-columns-is-layout-8f761849 wp-block-columns-is-layout-flex\">\n<div class=\"wp-block-column is-vertically-aligned-center is-layout-flow wp-block-column-is-layout-flow\" style=\"flex-basis:15%\">\n<figure class=\"wp-block-image size-full\"><img decoding=\"async\" src=\"https:\/\/www.kananas.com\/wp-content\/uploads\/2025\/10\/logiciel-association-retraite-voyage.png\" alt=\"\" class=\"wp-image-9830\"\/><\/figure>\n<\/div>\n\n\n\n<div class=\"wp-block-column is-vertically-aligned-center is-layout-flow wp-block-column-is-layout-flow\">\n<p class=\"wp-block-paragraph\">Kananas combines <strong>AI intelligence<\/strong> and <strong>human simplicity<\/strong>, making it the perfect solution for retiree associations that want to stay organized and connected without extra work.<\/p>\n<\/div>\n<\/div>\n<\/div>\n\n\n\n<div class=\"wp-block-column is-vertically-aligned-center is-layout-flow wp-block-column-is-layout-flow\" style=\"flex-basis:5%\"><\/div>\n<\/div>\n\n\n\n<div style=\"height:100px\" aria-hidden=\"true\" class=\"wp-block-spacer\"><\/div>\n\n\n\n<div class=\"wp-block-columns is-layout-flex wp-container-core-columns-is-layout-8f761849 wp-block-columns-is-layout-flex\">\n<div class=\"wp-block-column is-layout-flow wp-block-column-is-layout-flow\" style=\"flex-basis:5%\"><\/div>\n\n\n\n<div class=\"wp-block-column roundDiv has-base-3-color has-accent-background-color has-text-color has-background has-link-color wp-elements-ba9eb15d0a9e79d1ab011c592f3a440c is-layout-flow wp-block-column-is-layout-flow\">\n<div class=\"wp-block-columns is-layout-flex wp-container-core-columns-is-layout-8f761849 wp-block-columns-is-layout-flex\">\n<div class=\"wp-block-column is-layout-flow wp-block-column-is-layout-flow\" style=\"flex-basis:5%\"><\/div>\n\n\n\n<div class=\"wp-block-column is-layout-flow wp-block-column-is-layout-flow\">\n<div style=\"height:20px\" aria-hidden=\"true\" class=\"wp-block-spacer\"><\/div>\n\n\n\n<h2 class=\"wp-block-heading\"><strong>Proven Results with Kananas<\/strong><\/h2>\n\n\n\n<p class=\"wp-block-paragraph\">On average, Kananas users <strong>save 2 hours <\/strong>of admin work per week, see a <strong>40% boost<\/strong> in online payment conversions, and a <strong>35% increase<\/strong> in event attendance.<br><em>These are real numbers \u2014 reported directly by Kananas users.<\/em><\/p>\n<\/div>\n\n\n\n<div class=\"wp-block-column is-layout-flow wp-block-column-is-layout-flow\" style=\"flex-basis:5%\"><\/div>\n<\/div>\n<\/div>\n\n\n\n<div class=\"wp-block-column is-layout-flow wp-block-column-is-layout-flow\" style=\"flex-basis:5%\"><\/div>\n<\/div>\n\n\n\n<div style=\"height:100px\" aria-hidden=\"true\" class=\"wp-block-spacer\"><\/div>\n\n\n\n<div class=\"wp-block-columns alignfull ghostkit-custom-ZaqVp2 is-layout-flex wp-container-core-columns-is-layout-8f761849 wp-block-columns-is-layout-flex\">\n<div class=\"wp-block-column is-vertically-aligned-center is-layout-flow wp-block-column-is-layout-flow\" style=\"flex-basis:5%\"><\/div>\n\n\n\n<div class=\"wp-block-column is-vertically-aligned-center padding10 is-layout-flow wp-block-column-is-layout-flow\" style=\"flex-basis:90%\">\n<h2 class=\"wp-block-heading\"><strong>FAQ \u2013 Retiree Association Software<\/strong><\/h2>\n\n\n\n<p class=\"wp-block-paragraph\"><strong>Is Kananas only for US associations?<\/strong><br>No \u2014 Kananas is fully optimized for <strong>US associations<\/strong> (USD billing, local support), but it\u2019s also used by clubs and communities <strong>around the world<\/strong>.<br>It adapts to your currency, language, and member structure.<\/p>\n\n\n\n<p class=\"wp-block-paragraph\"><strong>What can Kananas AI do?<\/strong><br>It automates communication, reminders, and newsletters \u2014 and even writes meeting notes or event summaries for you.<\/p>\n\n\n\n<p class=\"wp-block-paragraph\"><strong>Do I need technical skills?<\/strong><br>Not at all. Kananas is designed to be easy and friendly for all users, regardless of experience.<\/p>\n\n\n\n<p class=\"wp-block-paragraph\"><strong>Can Kananas handle donations or events?<\/strong><br>Yes \u2014 it includes built-in tools for <strong>ticketing, fundraising, and event organization<\/strong>.<\/p>\n\n\n\n<p class=\"wp-block-paragraph\"><strong>Is there a free trial?<\/strong><br>Yes \u2014 enjoy 30 days free, no credit card required, and discover how AI can simplify your daily work.<\/p>\n<\/div>\n\n\n\n<div class=\"wp-block-column is-vertically-aligned-center is-layout-flow wp-block-column-is-layout-flow\" style=\"flex-basis:5%\"><\/div>\n<\/div>\n\n\n\n<div class=\"wp-block-columns ghostkit-custom-Z2fnz1p has-base-3-color has-accent-background-color has-text-color has-background has-link-color wp-elements-0c3029b46195240b298768dc83341d02 is-layout-flex wp-container-core-columns-is-layout-8f761849 wp-block-columns-is-layout-flex\">\n<div class=\"wp-block-column is-layout-flow wp-block-column-is-layout-flow\" style=\"flex-basis:5%\"><\/div>\n\n\n\n<div class=\"wp-block-column is-layout-flow wp-block-column-is-layout-flow\">\n<div style=\"height:100px\" aria-hidden=\"true\" class=\"wp-block-spacer\"><\/div>\n\n\n\n<div class=\"wp-block-columns is-layout-flex wp-container-core-columns-is-layout-8f761849 wp-block-columns-is-layout-flex\">\n<div class=\"wp-block-column is-layout-flow wp-block-column-is-layout-flow\" style=\"flex-basis:5%\"><\/div>\n\n\n\n<div class=\"wp-block-column is-layout-flow wp-block-column-is-layout-flow\">\n<h2 class=\"wp-block-heading\"><strong>Optimize your time, boost your association with Kananas<\/strong><\/h2>\n\n\n\n<p class=\"wp-block-paragraph\">Register for free on Kananas and enjoy a 30-day trial without a credit card.<\/p>\n\n\n\n<div style=\"height:20px\" aria-hidden=\"true\" class=\"wp-block-spacer\"><\/div>\n\n\n\n<div class=\"wp-block-buttons is-content-justification-center is-layout-flex wp-container-core-buttons-is-layout-fe48e5de wp-block-buttons-is-layout-flex\">\n<div class=\"wp-block-button has-custom-width wp-block-button__width-50\"><a class=\"wp-block-button__link has-accent-color has-base-2-background-color has-text-color has-background has-link-color has-medium-font-size has-custom-font-size wp-element-button\" href=\"https:\/\/backoffice.kananas.com\/action_manager.php?event=organisation_add&amp;p=1&amp;lang=ENG\" target=\"_blank\" rel=\"noreferrer noopener\">Start<\/a><\/div>\n<\/div>\n<\/div>\n\n\n\n<div class=\"wp-block-column is-layout-flow wp-block-column-is-layout-flow\" style=\"flex-basis:5%\"><\/div>\n<\/div>\n\n\n\n<div style=\"height:100px\" aria-hidden=\"true\" class=\"wp-block-spacer\"><\/div>\n<\/div>\n\n\n\n<div class=\"wp-block-column is-vertically-aligned-center is-layout-flow wp-block-column-is-layout-flow\"><div class=\"wp-block-image is-style-rounded\">\n<figure class=\"aligncenter size-large is-resized\"><img decoding=\"async\" src=\"https:\/\/www.kananas.com\/wp-content\/uploads\/2024\/12\/Screenshot-2024-12-04-at-08-47-20-Free-Photo-Side-view-smiley-man-working-on-laptop-1024x683.png\" alt=\"\" class=\"wp-image-7872\" style=\"width:300px\"\/><\/figure>\n<\/div><\/div>\n\n\n\n<div class=\"wp-block-column is-layout-flow wp-block-column-is-layout-flow\" style=\"flex-basis:5%\"><\/div>\n<\/div>\n","protected":false},"excerpt":{"rendered":"<p>AI-Powered Management Software for Retiree &amp; Senior Associations Kananas helps retiree associations and senior clubs stay connected, organized, and active \u2014 with the power of artificial intelligence.Automate communication, membership renewals, and event planning while our AI writes your newsletters, reminders, and reports for you. Spend less time managing \u2014 and more time sharing, organizing, and &#8230; <a title=\"Retiree associations\" class=\"read-more\" href=\"https:\/\/www.kananas.com\/en\/software\/retiree-associations\/\" aria-label=\"En savoir plus sur Retiree associations\">Lire la suite<\/a><\/p>\n","protected":false},"author":1,"featured_media":0,"parent":6177,"menu_order":0,"comment_status":"closed","ping_status":"closed","template":"","meta":{"_crdt_document":"","footnotes":""},"class_list":["post-6375","page","type-page","status-publish"],"aioseo_notices":[],"_links":{"self":[{"href":"https:\/\/www.kananas.com\/en\/wp-json\/wp\/v2\/pages\/6375","targetHints":{"allow":["GET"]}}],"collection":[{"href":"https:\/\/www.kananas.com\/en\/wp-json\/wp\/v2\/pages"}],"about":[{"href":"https:\/\/www.kananas.com\/en\/wp-json\/wp\/v2\/types\/page"}],"author":[{"embeddable":true,"href":"https:\/\/www.kananas.com\/en\/wp-json\/wp\/v2\/users\/1"}],"replies":[{"embeddable":true,"href":"https:\/\/www.kananas.com\/en\/wp-json\/wp\/v2\/comments?post=6375"}],"version-history":[{"count":6,"href":"https:\/\/www.kananas.com\/en\/wp-json\/wp\/v2\/pages\/6375\/revisions"}],"predecessor-version":[{"id":6875,"href":"https:\/\/www.kananas.com\/en\/wp-json\/wp\/v2\/pages\/6375\/revisions\/6875"}],"up":[{"embeddable":true,"href":"https:\/\/www.kananas.com\/en\/wp-json\/wp\/v2\/pages\/6177"}],"wp:attachment":[{"href":"https:\/\/www.kananas.com\/en\/wp-json\/wp\/v2\/media?parent=6375"}],"curies":[{"name":"wp","href":"https:\/\/api.w.org\/{rel}","templated":true}]}}