{"id":4575,"date":"2023-07-10T15:29:48","date_gmt":"2023-07-10T13:29:48","guid":{"rendered":"https:\/\/www.kananas.com\/es\/?page_id=4575"},"modified":"2025-12-17T15:50:41","modified_gmt":"2025-12-17T13:50:41","slug":"tarifas","status":"publish","type":"page","link":"https:\/\/www.kananas.com\/es\/tarifas\/","title":{"rendered":"Tarifas"},"content":{"rendered":"\r\n<div class=\"wp-block-columns has-base-3-background-color has-background is-layout-flex wp-container-core-columns-is-layout-8f761849 wp-block-columns-is-layout-flex\">\r\n\r\n\r\n<div class=\"wp-block-column ghostkit-custom-RahQV is-layout-flow wp-block-column-is-layout-flow\" style=\"flex-basis: 10%;\"><\/div>\r\n\r\n\r\n\r\n<div class=\"wp-block-column roundDiv has-base-background-color has-background is-layout-flow wp-block-column-is-layout-flow\">\r\n\r\n\r\n<div class=\"wp-block-group\"><div class=\"wp-block-group__inner-container is-layout-constrained wp-block-group-is-layout-constrained\">\r\n\r\n\r\n<h2 id=\"gratis\" class=\"wp-block-heading has-text-align-center ghostkit-custom-Z1GptRC\"><strong>Gratis<\/strong><\/h2>\r\n\r\n\r\n\r\n<p class=\"has-text-align-center wp-block-paragraph\">Sin compromiso<\/p>\r\n\r\n\r\n\r\n<div class=\"wp-block-columns is-layout-flex wp-container-core-columns-is-layout-8f761849 wp-block-columns-is-layout-flex\">\r\n\r\n\r\n<div class=\"wp-block-column is-layout-flow wp-block-column-is-layout-flow\">\r\n\r\n\r\n<h2 class=\"wp-block-heading has-text-align-center roundDiv has-base-3-color has-vivid-cyan-blue-to-vivid-purple-gradient-background has-text-color has-background has-link-color wp-elements-c72082b29fc67420c5f0aab043a06ed7\">0 \u20ac<\/h2>\r\n\r\n\r\n\r\n<ul class=\"wp-block-list\">\r\n \t<li style=\"list-style-type: none;\">\r\n<ul class=\"wp-block-list\">\r\n \t<li>Recaudaci\u00f3n de pagos (pago en l\u00ednea)<\/li>\r\n<\/ul>\r\n<\/li>\r\n<\/ul>\r\n\r\n\r\n\r\n<ul class=\"wp-block-list\">\r\n \t<li style=\"list-style-type: none;\">\r\n<ul class=\"wp-block-list\">\r\n \t<li>Inscripci\u00f3n: membres\u00edas, eventos<\/li>\r\n<\/ul>\r\n<\/li>\r\n<\/ul>\r\n\r\n\r\n\r\n<ul class=\"wp-block-list\">\r\n \t<li style=\"list-style-type: none;\">\r\n<ul class=\"wp-block-list\">\r\n \t<li>Gesti\u00f3n de contactos (50)<\/li>\r\n<\/ul>\r\n<\/li>\r\n<\/ul>\r\n\r\n\r\n\r\n<ul class=\"wp-block-list\">\r\n \t<li style=\"list-style-type: none;\">\r\n<ul class=\"wp-block-list\">\r\n \t<li>Espacio personal<\/li>\r\n<\/ul>\r\n<\/li>\r\n<\/ul>\r\n\r\n\r\n\r\n<ul class=\"wp-block-list\">\r\n \t<li style=\"list-style-type: none;\">\r\n<ul class=\"wp-block-list\">\r\n \t<li>Planificaciones<\/li>\r\n<\/ul>\r\n<\/li>\r\n<\/ul>\r\n\r\n\r\n\r\n<ul class=\"wp-block-list\">\r\n \t<li style=\"list-style-type: none;\">\r\n<ul class=\"wp-block-list\">\r\n \t<li>Contabilidad<\/li>\r\n<\/ul>\r\n<\/li>\r\n<\/ul>\r\n\r\n\r\n\r\n<ul class=\"wp-block-list\">\r\n \t<li style=\"list-style-type: none;\">\r\n<ul class=\"wp-block-list\">\r\n \t<li>Tienda<\/li>\r\n<\/ul>\r\n<\/li>\r\n<\/ul>\r\n\r\n\r\n\r\n<ul class=\"wp-block-list\">\r\n \t<li style=\"list-style-type: none;\">\r\n<ul class=\"wp-block-list\">\r\n \t<li>terminal de pago para smartphone (tap to pay)<\/li>\r\n<\/ul>\r\n<\/li>\r\n<\/ul>\r\n\r\n\r\n\r\n\r\n<\/div>\r\n\r\n\r\n<\/div>\r\n\r\n\r\n<\/div><\/div>\r\n\r\n\r\n<\/div>\r\n\r\n\r\n\r\n<div class=\"wp-block-column is-layout-flow wp-block-column-is-layout-flow\" style=\"flex-basis: 10%;\"><\/div>\r\n\r\n\r\n\r\n<div class=\"wp-block-column roundDiv has-base-background-color has-background is-layout-flow wp-block-column-is-layout-flow\">\r\n\r\n\r\n<div class=\"wp-block-group\"><div class=\"wp-block-group__inner-container is-layout-constrained wp-block-group-is-layout-constrained\">\r\n\r\n\r\n<h2 id=\"suscriptor\" class=\"wp-block-heading has-text-align-center ghostkit-custom-2m0MPs\"><strong>Suscriptor<\/strong><\/h2>\r\n\r\n\r\n\r\n<p class=\"has-text-align-center wp-block-paragraph\">Todas las herramientas para gestionar f\u00e1cilmente su organizaci\u00f3n<\/p>\r\n\r\n\r\n\r\n<div class=\"wp-block-columns is-layout-flex wp-container-core-columns-is-layout-8f761849 wp-block-columns-is-layout-flex\">\r\n\r\n\r\n<div class=\"wp-block-column is-layout-flow wp-block-column-is-layout-flow\">\r\n\r\n\r\n<h2 id=\"o\" class=\"wp-block-heading has-text-align-center roundDiv has-base-3-color has-vivid-cyan-blue-to-vivid-purple-gradient-background has-text-color has-background has-link-color wp-elements-112a7692766eebaba73d4fec41939d1e\">De 8\u20ac \/ a\u00f1o<\/h2>\r\n\r\n\r\n\r\n\r\nTodas las funcionalidades del plan Gratis m\u00e1s:\r\n\r\n\r\n\r\n\r\n<ul class=\"wp-block-list\">\r\n \t<li style=\"list-style-type: none;\">\r\n<ul class=\"wp-block-list\">\r\n \t<li>Fichas personalizables<\/li>\r\n<\/ul>\r\n<\/li>\r\n<\/ul>\r\n\r\n\r\n\r\n<ul class=\"wp-block-list\">\r\n \t<li style=\"list-style-type: none;\">\r\n<ul class=\"wp-block-list\">\r\n \t<li>Sitio web<\/li>\r\n<\/ul>\r\n<\/li>\r\n<\/ul>\r\n\r\n\r\n\r\n<ul class=\"wp-block-list\">\r\n \t<li style=\"list-style-type: none;\">\r\n<ul class=\"wp-block-list\">\r\n \t<li>Mailing<\/li>\r\n<\/ul>\r\n<\/li>\r\n<\/ul>\r\n\r\n\r\n\r\n<ul class=\"wp-block-list\">\r\n \t<li style=\"list-style-type: none;\">\r\n<ul class=\"wp-block-list\">\r\n \t<li>SMS<\/li>\r\n<\/ul>\r\n<\/li>\r\n<\/ul>\r\n\r\n\r\n\r\n<ul class=\"wp-block-list\">\r\n \t<li style=\"list-style-type: none;\">\r\n<ul class=\"wp-block-list\">\r\n \t<li>Gesti\u00f3n de documentos (Drive)<\/li>\r\n<\/ul>\r\n<\/li>\r\n<\/ul>\r\n\r\n\r\n\r\n<ul class=\"wp-block-list\">\r\n \t<li style=\"list-style-type: none;\">\r\n<ul class=\"wp-block-list\">\r\n \t<li>N\u00famero de usuarios ilimitado<\/li>\r\n<\/ul>\r\n<\/li>\r\n<\/ul>\r\n\r\n\r\n\r\n<ul class=\"wp-block-list\">\r\n \t<li style=\"list-style-type: none;\">\r\n<ul class=\"wp-block-list\">\r\n \t<li>Soporte<\/li>\r\n<\/ul>\r\n<\/li>\r\n<\/ul>\r\n\r\n\r\n\r\n<ul class=\"wp-block-list\">\r\n \t<li style=\"list-style-type: none;\">\r\n<ul class=\"wp-block-list\">\r\n \t<li>Copias de seguridad<\/li>\r\n<\/ul>\r\n<\/li>\r\n<\/ul>\r\n\r\n\r\n\r\n\r\n\r\n<p class=\"ghostkit-custom-18HOMR wp-block-paragraph\">\u00bfCu\u00e1nto cuesta?<\/p>\r\n\r\n\r\n<\/div>\r\n\r\n\r\n<\/div>\r\n\r\n\r\n\r\n<p class=\"roundDiv has-base-3-color has-accent-background-color has-text-color has-background has-link-color wp-elements-e2683ac610ea23cefa9494584206a1bd wp-block-paragraph\"><strong>XS<\/strong> 250 contactos, 99 \u20ac \/ a\u00f1o<\/p>\r\n\r\n\r\n\r\n<p class=\"roundDiv has-base-3-color has-accent-background-color has-text-color has-background has-link-color wp-elements-797b99461e73599f494d521d02639ce4 wp-block-paragraph\"><strong>S<\/strong> 500 contactos, 198 \u20ac \/ a\u00f1o<\/p>\r\n\r\n\r\n\r\n<p class=\"roundDiv has-base-3-color has-accent-background-color has-text-color has-background has-link-color wp-elements-c496de07d1b3472373dd31a2593c30e4 wp-block-paragraph\"><strong>M<\/strong> 1000 contactos, 366 \u20ac \/ a\u00f1o<\/p>\r\n\r\n\r\n\r\n<p class=\"roundDiv has-base-3-color has-accent-background-color has-text-color has-background has-link-color wp-elements-9fa42bcabc503b3b1706adeaad7d7a86 wp-block-paragraph\"><strong>L<\/strong> 2000 contactos, 685 \u20ac \/ a\u00f1o<\/p>\r\n\r\n\r\n\r\n<p class=\"roundDiv has-base-3-color has-accent-background-color has-text-color has-background has-link-color wp-elements-9fd7175e31b476fcc5c8c223801c0e0e wp-block-paragraph\"><strong>XL<\/strong> 5000 contactos, 991 \u20ac \/ a\u00f1o<\/p>\r\n\r\n\r\n\r\n<p class=\"roundDiv has-base-3-color has-accent-background-color has-text-color has-background has-link-color wp-elements-10c04041c148766f1442103f7a7ddd0d wp-block-paragraph\"><strong>XXL<\/strong> 10 000 contactos, 1756 \u20ac \/ a\u00f1o<\/p>\r\n\r\n\r\n\r\n<h4 id=\"a-medida-contactenos\" class=\"wp-block-heading\">A medida: <a href=\"https:\/\/www.kananas.com\/es\/contact\/\" data-type=\"page\" data-id=\"4572\">cont\u00e1ctenos<\/a><\/h4>\r\n\r\n\r\n<\/div><\/div>\r\n\r\n\r\n<\/div>\r\n\r\n\r\n\r\n<div class=\"wp-block-column ghostkit-custom-ZFpbwd is-layout-flow wp-block-column-is-layout-flow\" style=\"flex-basis: 10%;\"><\/div>\r\n\r\n\r\n<\/div>\r\n\r\n\r\n\r\n<div class=\"wp-block-spacer\" style=\"height: 30px;\" aria-hidden=\"true\"><\/div>\r\n\r\n\r\n\r\n<div class=\"wp-block-buttons ghostkit-custom-Z1tcCwf is-content-justification-center is-layout-flex wp-container-core-buttons-is-layout-fe48e5de wp-block-buttons-is-layout-flex\">\r\n\r\n\r\n<div class=\"wp-block-button has-custom-width wp-block-button__width-25\"><a class=\"wp-block-button__link has-base-3-color has-accent-background-color has-text-color has-background has-link-color has-medium-font-size has-custom-font-size wp-element-button\" href=\"https:\/\/backoffice.kananas.com\/action_manager.php?event=organisation_add&amp;p=1&amp;lang=ESP\" target=\"_blank\" rel=\"noreferrer noopener\">Empezar<\/a><\/div>\r\n\r\n\r\n<\/div>\r\n\r\n\r\n\r\n<div class=\"wp-block-columns is-layout-flex wp-container-core-columns-is-layout-8f761849 wp-block-columns-is-layout-flex\">\r\n\r\n\r\n<div class=\"wp-block-column is-layout-flow wp-block-column-is-layout-flow\">\r\n\r\n\r\n<div class=\"wp-block-group\"><div class=\"wp-block-group__inner-container is-layout-constrained wp-block-group-is-layout-constrained\">\r\n\r\n\r\n<p class=\"ghostkit-custom-2j0Ymc wp-block-paragraph\">\u00bfTiene preguntas o necesita ayuda?<\/p>\r\n\r\n\r\n\r\n<p class=\"ghostkit-custom-Z40lPs wp-block-paragraph\">Aproveche una <a href=\"https:\/\/www.kananas.com\/es\/documentation\/pinitos\/\" data-type=\"page\" data-id=\"5738\">documentaci\u00f3n<\/a> en l\u00ednea accesible 24\/7<\/p>\r\n\r\n\r\n<\/div><\/div>\r\n\r\n\r\n<\/div>\r\n\r\n\r\n<\/div>\r\n\r\n\r\n\r\n<h3 id=\"preguntas-frecuentes\" class=\"wp-block-heading ghostkit-custom-1eHG44\">Preguntas frecuentes<\/h3>\r\n\r\n\r\n\r\n<div class=\"wp-block-columns ghostkit-custom-fh2uT is-layout-flex wp-container-core-columns-is-layout-8f761849 wp-block-columns-is-layout-flex\">\r\n\r\n\r\n<div class=\"wp-block-column roundDiv has-base-3-color has-vivid-cyan-blue-to-vivid-purple-gradient-background has-text-color has-background has-link-color wp-elements-0446cc367dcd134e0157f9a40ce8b024 is-layout-flow wp-block-column-is-layout-flow\">\r\n\r\n\r\n<div class=\"wp-block-group\"><div class=\"wp-block-group__inner-container is-layout-constrained wp-block-group-is-layout-constrained\">\r\n\r\n\r\n\r\n\u00bfC\u00f3mo funciona la prueba gratuita?\r\n\r\n\r\n\r\n\r\n\r\nDispone de 30 d\u00edas despu\u00e9s de su inscripci\u00f3n para probar gratuitamente y sin compromiso nuestra plataforma. Al t\u00e9rmino de esta prueba, su cuenta se cambia a la versi\u00f3n Gratis (gratuita). Si no utiliza su cuenta durante al menos 6 meses, ser\u00e1 eliminada.\r\n\r\n\r\n\r\n<\/div><\/div>\r\n\r\n\r\n<\/div>\r\n\r\n\r\n\r\n<div class=\"wp-block-column roundDiv has-base-3-color has-vivid-cyan-blue-to-vivid-purple-gradient-background has-text-color has-background has-link-color wp-elements-17ee89b6eb40af0077774e67a614f938 is-layout-flow wp-block-column-is-layout-flow\">\r\n\r\n\r\n<div class=\"wp-block-group\"><div class=\"wp-block-group__inner-container is-layout-constrained wp-block-group-is-layout-constrained\">\r\n\r\n\r\n\r\n\u00bfEs posible recuperar mi informaci\u00f3n?\r\n\r\n\r\n\r\n\r\n\r\nPuede exportar su base de datos o sus listas en cualquier momento, ya sea para usar otro software o cambiar a la competencia, no est\u00e1 atrapado en nuestra soluci\u00f3n.\r\n\r\n\r\n\r\n<\/div><\/div>\r\n\r\n\r\n<\/div>\r\n\r\n\r\n<\/div>\r\n\r\n\r\n\r\n<div class=\"wp-block-columns ghostkit-custom-ZAxH7y is-layout-flex wp-container-core-columns-is-layout-8f761849 wp-block-columns-is-layout-flex\">\r\n\r\n\r\n<div class=\"wp-block-column roundDiv has-base-3-color has-vivid-cyan-blue-to-vivid-purple-gradient-background has-text-color has-background has-link-color wp-elements-09af6e69a526ad9153cf9b40236c6f16 is-layout-flow wp-block-column-is-layout-flow\">\r\n\r\n\r\n<div class=\"wp-block-group\"><div class=\"wp-block-group__inner-container is-layout-constrained wp-block-group-is-layout-constrained\">\r\n\r\n\r\n\r\n\u00bfQu\u00e9 es un contacto?\r\n\r\n\r\n\r\n\r\n\r\nUn contacto es una persona f\u00edsica o moral registrada en su base de datos, puede ser de diferente tipo: miembro, voluntario, proveedor, donante, etc. Los diferentes tipos son configurables.\r\n\r\n\r\n\r\n<\/div><\/div>\r\n\r\n\r\n<\/div>\r\n\r\n\r\n\r\n<div class=\"wp-block-column roundDiv has-base-3-color has-vivid-cyan-blue-to-vivid-purple-gradient-background has-text-color has-background has-link-color wp-elements-85ba33da74788b13fc49276b777560fb is-layout-flow wp-block-column-is-layout-flow\">\r\n\r\n\r\n<div class=\"wp-block-group\"><div class=\"wp-block-group__inner-container is-layout-constrained wp-block-group-is-layout-constrained\">\r\n\r\n\r\n\r\n\u00bfPuedo cambiar de oferta durante la suscripci\u00f3n?\r\n\r\n\r\n\r\n\r\n\r\nPuede pasar a la oferta superior en cualquier momento. Pagar\u00e1 el nuevo precio por el per\u00edodo restante de su suscripci\u00f3n.\r\n\r\n\r\n\r\n<\/div><\/div>\r\n\r\n\r\n<\/div>\r\n\r\n\r\n<\/div>\r\n\r\n\r\n\r\n<div class=\"wp-block-columns ghostkit-custom-Z2vFiik is-layout-flex wp-container-core-columns-is-layout-8f761849 wp-block-columns-is-layout-flex\">\r\n\r\n\r\n<div class=\"wp-block-column roundDiv has-base-3-color has-vivid-cyan-blue-to-vivid-purple-gradient-background has-text-color has-background has-link-color wp-elements-881d0cb2a832a9dd8120bf9e817eb24c is-layout-flow wp-block-column-is-layout-flow\">\r\n\r\n\r\n<div class=\"wp-block-group\"><div class=\"wp-block-group__inner-container is-layout-constrained wp-block-group-is-layout-constrained\">\r\n\r\n\r\n\r\n\u00bfCu\u00e1les son las tarifas de transacci\u00f3n?\r\n\r\n\r\n\r\n\r\n\r\nNo hay tarifas de transacci\u00f3n, nuestra soluci\u00f3n consiste en sugerir una propina al momento del pago que cubre los costos. Si la propina es rechazada, las tarifas de transacci\u00f3n son del 2.4% + 0.25\u20ac.\r\n\r\n\r\n\r\n<\/div><\/div>\r\n\r\n\r\n<\/div>\r\n\r\n\r\n\r\n<div class=\"wp-block-column roundDiv has-base-3-color has-vivid-cyan-blue-to-vivid-purple-gradient-background has-text-color has-background has-link-color wp-elements-894c33588b56b36941dcfda7b9cd26b5 is-layout-flow wp-block-column-is-layout-flow\">\r\n\r\n\r\n<div class=\"wp-block-group\"><div class=\"wp-block-group__inner-container is-layout-constrained wp-block-group-is-layout-constrained\">\r\n\r\n\r\n\r\n\u00bfC\u00f3mo se realiza la renovaci\u00f3n de la suscripci\u00f3n?\r\n\r\n\r\n\r\n\r\n\r\nAl t\u00e9rmino de la suscripci\u00f3n actual, se le invitar\u00e1 a renovarla. Si no desea hacerlo, simplemente no responda. En caso de no renovaci\u00f3n, sus datos ser\u00e1n destruidos 3 meses despu\u00e9s del t\u00e9rmino.\r\n\r\n\r\n\r\n<\/div><\/div>\r\n\r\n\r\n<\/div>\r\n\r\n\r\n<\/div>\r\n\r\n\r\n\r\n<div class=\"wp-block-columns ghostkit-custom-ZGWLAV is-layout-flex wp-container-core-columns-is-layout-8f761849 wp-block-columns-is-layout-flex\">\r\n\r\n\r\n<div class=\"wp-block-column roundDiv has-base-3-color has-vivid-cyan-blue-to-vivid-purple-gradient-background has-text-color has-background has-link-color wp-elements-1fbd98f30ff63727f61e24d4c2f0fb49 is-layout-flow wp-block-column-is-layout-flow\">\r\n\r\n\r\n<div class=\"wp-block-group\"><div class=\"wp-block-group__inner-container is-layout-constrained wp-block-group-is-layout-constrained\">\r\n\r\n\r\n\r\n\u00bfQu\u00e9 es el espacio personal?\r\n\r\n\r\n\r\n\r\n\r\nCada contacto de su base dispone de un acceso a su espacio personal donde podr\u00e1 actualizar su informaci\u00f3n, realizar pagos con tarjeta y registrarse en las actividades.\r\n\r\n\r\n\r\n<\/div><\/div>\r\n\r\n\r\n<\/div>\r\n\r\n\r\n\r\n<div class=\"wp-block-column ghostkit-custom-23GB5D has-contrast-color has-text-color has-link-color wp-elements-d75ef50397e3653f8b95abed3bb50a23 is-layout-flow wp-block-column-is-layout-flow\">\r\n\r\n\r\n\r\n\u00bfOtras preguntas?\r\n\r\n\r\n\r\n\r\n\r\n<strong><a href=\"https:\/\/www.kananas.com\/es\/contact\/\" data-type=\"page\" data-id=\"4572\">Cont\u00e1ctenos<\/a><\/strong>\r\n\r\n\r\n\r\n<\/div>\r\n\r\n\r\n<\/div>\r\n\r\n\r\n\r\n<div class=\"wp-block-spacer\" style=\"height: 100px;\" aria-hidden=\"true\"><\/div>\r\n\r\n\r\n\r\n<div class=\"wp-block-buttons ghostkit-custom-Z1BHuPN is-content-justification-center is-layout-flex wp-container-core-buttons-is-layout-fe48e5de wp-block-buttons-is-layout-flex\">\r\n\r\n\r\n<div class=\"wp-block-button has-custom-width wp-block-button__width-25\"><a class=\"wp-block-button__link has-base-3-color has-accent-background-color has-text-color has-background has-link-color has-medium-font-size has-custom-font-size wp-element-button\" href=\"https:\/\/backoffice.kananas.com\/action_manager.php?event=organisation_add&amp;p=1&amp;lang=ESP\" target=\"_blank\" rel=\"noreferrer noopener\">Empezar<\/a><\/div>\r\n\r\n\r\n<\/div>\r\n\r\n\r\n\r\n<div class=\"wp-block-spacer\" style=\"height: 100px;\" aria-hidden=\"true\"><\/div>\r\n","protected":false},"excerpt":{"rendered":"<p>Gratis Sin compromiso 0 \u20ac Suscriptor Todas las herramientas para gestionar f\u00e1cilmente su organizaci\u00f3n De 8\u20ac \/ a\u00f1o Todas las funcionalidades del plan Gratis m\u00e1s: \u00bfCu\u00e1nto cuesta? XS 250 contactos, 99 \u20ac \/ a\u00f1o S 500 contactos, 198 \u20ac \/ a\u00f1o M 1000 contactos, 366 \u20ac \/ a\u00f1o L 2000 contactos, 685 \u20ac \/ a\u00f1o &#8230; <a title=\"Tarifas\" class=\"read-more\" href=\"https:\/\/www.kananas.com\/es\/tarifas\/\" aria-label=\"En savoir plus sur Tarifas\">Lire la suite<\/a><\/p>\n","protected":false},"author":1,"featured_media":0,"parent":0,"menu_order":0,"comment_status":"closed","ping_status":"closed","template":"","meta":{"_crdt_document":"","footnotes":""},"class_list":["post-4575","page","type-page","status-publish"],"aioseo_notices":[],"_links":{"self":[{"href":"https:\/\/www.kananas.com\/es\/wp-json\/wp\/v2\/pages\/4575","targetHints":{"allow":["GET"]}}],"collection":[{"href":"https:\/\/www.kananas.com\/es\/wp-json\/wp\/v2\/pages"}],"about":[{"href":"https:\/\/www.kananas.com\/es\/wp-json\/wp\/v2\/types\/page"}],"author":[{"embeddable":true,"href":"https:\/\/www.kananas.com\/es\/wp-json\/wp\/v2\/users\/1"}],"replies":[{"embeddable":true,"href":"https:\/\/www.kananas.com\/es\/wp-json\/wp\/v2\/comments?post=4575"}],"version-history":[{"count":10,"href":"https:\/\/www.kananas.com\/es\/wp-json\/wp\/v2\/pages\/4575\/revisions"}],"predecessor-version":[{"id":6231,"href":"https:\/\/www.kananas.com\/es\/wp-json\/wp\/v2\/pages\/4575\/revisions\/6231"}],"wp:attachment":[{"href":"https:\/\/www.kananas.com\/es\/wp-json\/wp\/v2\/media?parent=4575"}],"curies":[{"name":"wp","href":"https:\/\/api.w.org\/{rel}","templated":true}]}}