{"id":4582,"date":"2023-07-10T15:44:09","date_gmt":"2023-07-10T13:44:09","guid":{"rendered":"https:\/\/www.kananas.com\/es\/?page_id=4582"},"modified":"2025-03-04T19:50:53","modified_gmt":"2025-03-04T17:50:53","slug":"el-mundo-asociativo-esta-en-kananas","status":"publish","type":"page","link":"https:\/\/www.kananas.com\/es\/el-mundo-asociativo-esta-en-kananas\/","title":{"rendered":"El mundo asociativo est\u00e1 en Kananas"},"content":{"rendered":"\n<h1 class=\"wp-block-heading has-text-align-center\" id=\"el-mundo-asociativo-esta-en-kananas\"><strong>El mundo asociativo est\u00e1 en Kananas<\/strong><\/h1>\n\n\n\n<h3 class=\"wp-block-heading has-text-align-center\" id=\"cualquiera-sea-su-dominio-nuestro-crm-puede-serle-util\">Cualquiera sea su dominio, nuestro CRM puede serle \u00fatil<\/h3>\n\n\n\n<div class=\"wp-block-buttons is-content-justification-center is-layout-flex wp-container-core-buttons-is-layout-fe48e5de wp-block-buttons-is-layout-flex\">\n<div class=\"wp-block-button has-custom-width wp-block-button__width-25\"><a class=\"wp-block-button__link has-base-3-color has-accent-background-color has-text-color has-background has-link-color has-medium-font-size has-custom-font-size wp-element-button\" href=\"https:\/\/backoffice.kananas.com\/action_manager.php?event=organisation_add&amp;p=1&amp;lang=ESP\" target=\"_blank\" rel=\"noreferrer noopener\">Empezar<\/a><\/div>\n<\/div>\n\n\n\n<div class=\"wp-block-columns is-layout-flex wp-container-core-columns-is-layout-8f761849 wp-block-columns-is-layout-flex\">\n<div class=\"wp-block-column is-layout-flow wp-block-column-is-layout-flow\">\n<div class=\"wp-block-group\"><div class=\"wp-block-group__inner-container is-layout-constrained wp-block-group-is-layout-constrained\">\n<h4 class=\"wp-block-heading ghostkit-custom-1Nme79\" id=\"todo-tipo-de-organizacion\">Todo tipo de organizaci\u00f3n<\/h4>\n\n\n\n<p class=\"ghostkit-custom-1m5tGV wp-block-paragraph\">Asociaci\u00f3n, centro de ocio, MJC, sindicato, federaci\u00f3n, escuela, club etc. ..<\/p>\n\n\n\n<p class=\"ghostkit-custom-Zf3OiO wp-block-paragraph\">Una amplia gama de organizaciones conf\u00edan en Kananas, cualquiera que sea su campo de actividad, podr\u00e1 organizar el trabajo y aumentar la eficiencia de su equipo.<\/p>\n<\/div><\/div>\n\n\n\n<div class=\"wp-block-columns is-layout-flex wp-container-core-columns-is-layout-8f761849 wp-block-columns-is-layout-flex\">\n<div class=\"wp-block-column ghostkit-custom-Z1a9HCv has-base-3-color has-vivid-cyan-blue-to-vivid-purple-gradient-background has-text-color has-background has-link-color wp-elements-5f32d4515b154b418233feb8a0c5abe8 is-layout-flow wp-block-column-is-layout-flow\">\n<div class=\"wp-block-group\"><div class=\"wp-block-group__inner-container is-layout-constrained wp-block-group-is-layout-constrained\">\n<h3 class=\"wp-block-heading has-base-3-color has-text-color has-link-color wp-elements-adc44360e5b8456c7766b5e0eb0dc774\">Responsables<\/h3>\n\n\n\n<p class=\"wp-block-paragraph\">Proporcione a sus equipos un espacio \u00fanico para reunir y obtener una vista global y compartida de sus contactos.<\/p>\n\n\n\n<p class=\"wp-block-paragraph\">Automatice las tareas que tienen poco valor para dedicarse a sus proyectos.<\/p>\n\n\n\n<p class=\"wp-block-paragraph\">Automatice las tareas que tienen poco valor para dedicarse a sus proyectos.<\/p>\n\n\n\n<p class=\"wp-block-paragraph\">Mejore la <a href=\"https:\/\/www.kananas.com\/documentation\/adherent\/\">gesti\u00f3n de los adherentes<\/a>, desde el proceso de inscripci\u00f3n hasta el seguimiento de las actividades y las cotizaciones.<\/p>\n<\/div><\/div>\n<\/div>\n\n\n\n<div class=\"wp-block-column has-base-3-color has-vivid-cyan-blue-to-vivid-purple-gradient-background has-text-color has-background has-link-color wp-elements-70da608c6782d8966e940be986466e88 is-layout-flow wp-block-column-is-layout-flow\">\n<div class=\"wp-block-group\"><div class=\"wp-block-group__inner-container is-layout-constrained wp-block-group-is-layout-constrained\">\n<h3 class=\"wp-block-heading has-base-3-color has-text-color has-link-color wp-elements-c6c8f10258e0563fa64219c7df566717\" id=\"benevoles\"><strong>Voluntarios<\/strong><\/h3>\n\n\n\n<p class=\"wp-block-paragraph\">Consulte las misiones en la <a href=\"https:\/\/www.kananas.com\/documentation\/planning\/\">planificaci\u00f3n compartida<\/a> e inscr\u00edbase en l\u00ednea.<\/p>\n\n\n\n<p class=\"wp-block-paragraph\">Aumente la tasa de compromiso de sus voluntarios gracias a la informaci\u00f3n siempre actualizada.<\/p>\n\n\n\n<p class=\"wp-block-paragraph\">Movilice y reclute voluntarios con el sitio web, comunique con ellos utilizando los <a href=\"https:\/\/www.kananas.com\/documentation\/communication\/\">mailings y los SMS<\/a> dirigidos, o a trav\u00e9s del chat.<\/p>\n<\/div><\/div>\n<\/div>\n<\/div>\n\n\n\n<div style=\"height:30px\" aria-hidden=\"true\" class=\"wp-block-spacer\"><\/div>\n\n\n\n<div class=\"wp-block-columns ghostkit-custom-1xntUu is-layout-flex wp-container-core-columns-is-layout-8f761849 wp-block-columns-is-layout-flex\">\n<div class=\"wp-block-column ghostkit-custom-2gcCKo has-base-3-color has-vivid-cyan-blue-to-vivid-purple-gradient-background has-text-color has-background has-link-color wp-elements-472dd09aa6e225f91136b9c804f062ca is-layout-flow wp-block-column-is-layout-flow\">\n<div class=\"wp-block-group\"><div class=\"wp-block-group__inner-container is-layout-constrained wp-block-group-is-layout-constrained\">\n<h3 class=\"wp-block-heading has-base-3-color has-text-color has-link-color wp-elements-746a61e4da903818d19eedebf59b48ca\" id=\"adherentes\">Adherentes<\/h3>\n\n\n\n<p class=\"wp-block-paragraph\">Con el <a href=\"https:\/\/www.kananas.com\/documentation\/adherent\/espace-personnel\/\">espacio personal adherente<\/a>, les da autonom\u00eda; se inscriben libremente a las actividades y pagan en l\u00ednea.<\/p>\n\n\n\n<p class=\"wp-block-paragraph\">Impulse su reclutamiento gracias al formulario de adhesi\u00f3n en l\u00ednea que permite a un contacto crear su expediente de candidatura.<\/p>\n\n\n\n<p class=\"wp-block-paragraph\">Comunique m\u00e1s f\u00e1cilmente con las funciones de <a href=\"https:\/\/www.kananas.com\/documentation\/communication\/\">mailing<\/a> y SMS, y siga la eficacia de sus campa\u00f1as de mailing.<\/p>\n<\/div><\/div>\n<\/div>\n\n\n\n<div class=\"wp-block-column ghostkit-custom-Z1Xrq38 has-base-3-color has-text-color has-link-color wp-elements-0ebb75a5023d1d2ff52cc16d4dfb355c is-layout-flow wp-block-column-is-layout-flow\">\n<h3 class=\"wp-block-heading has-base-3-color has-text-color has-link-color wp-elements-94c6214027fe45fafa97598b8b5dda3d\" id=\"encadrantes\"><\/h3>\n\n\n<div class=\"wp-block-image\">\n<figure class=\"aligncenter size-full\"><img decoding=\"async\" src=\"https:\/\/www.kananas.com\/wp-content\/uploads\/2022\/07\/ensemble.png\" alt=\"\" class=\"wp-image-3600\"\/><\/figure>\n<\/div><\/div>\n\n\n\n<div class=\"wp-block-column has-base-3-color has-vivid-cyan-blue-to-vivid-purple-gradient-background has-text-color has-background has-link-color wp-elements-df9ee0892a51e4f7cb494370fccc9bdf is-layout-flow wp-block-column-is-layout-flow\">\n<div class=\"wp-block-group\"><div class=\"wp-block-group__inner-container is-layout-constrained wp-block-group-is-layout-constrained\">\n<h3 class=\"wp-block-heading has-base-3-color has-text-color has-link-color wp-elements-ae4fcc1ee6722e27239cf3cfbaa32d6f\" id=\"informatique\">Inform\u00e1tica<\/h3>\n\n\n\n<p class=\"wp-block-paragraph\">Aumente la rentabilidad de sus inversiones en tecnolog\u00eda reuniendo sus herramientas en una sola plataforma.<\/p>\n\n\n\n<p class=\"wp-block-paragraph\">Favorezca el \u00e9xito alentando un compromiso m\u00e1s fuerte y duradero gracias a una interfaz de usuario intuitiva.<\/p>\n\n\n\n<p class=\"wp-block-paragraph\"><a href=\"https:\/\/www.kananas.com\/documentation\/securite\/\">Asegure sus datos<\/a> gracias a las copias de seguridad automatizadas.<\/p>\n<\/div><\/div>\n<\/div>\n<\/div>\n\n\n\n<div style=\"height:30px\" aria-hidden=\"true\" class=\"wp-block-spacer\"><\/div>\n\n\n\n<div class=\"wp-block-columns ghostkit-custom-ZPUzXu is-layout-flex wp-container-core-columns-is-layout-8f761849 wp-block-columns-is-layout-flex\">\n<div class=\"wp-block-column ghostkit-custom-ZdWejh has-base-3-color has-vivid-cyan-blue-to-vivid-purple-gradient-background has-text-color has-background has-link-color wp-elements-ebba2f63dbc95ef127e093c83dd23744 is-layout-flow wp-block-column-is-layout-flow\">\n<div class=\"wp-block-group\"><div class=\"wp-block-group__inner-container is-layout-constrained wp-block-group-is-layout-constrained\">\n<h3 class=\"wp-block-heading has-base-3-color has-text-color has-link-color wp-elements-ec6fd535cdd495c319b29e1de5545b9e\" id=\"financieros\"><strong>Financieros<\/strong><\/h3>\n\n\n\n<p class=\"wp-block-paragraph\">Gracias al CRM Kananas, las peque\u00f1as y grandes organizaciones crean valor m\u00e1s r\u00e1pidamente.<\/p>\n\n\n\n<p class=\"wp-block-paragraph\">Su contabilidad en tiempo real, los <a href=\"https:\/\/www.kananas.com\/documentation\/site-web\/paiement-en-ligne\/\">pagos en l\u00ednea<\/a> se descargan autom\u00e1ticamente en la contabilidad.<\/p>\n\n\n\n<p class=\"wp-block-paragraph\">Tableros, exportaci\u00f3n a otros software, aproveche la apertura de Kananas para ir a\u00fan m\u00e1s lejos.<\/p>\n<\/div><\/div>\n<\/div>\n\n\n\n<div class=\"wp-block-column ghostkit-custom-Z1Vxpzo has-base-3-color has-vivid-cyan-blue-to-vivid-purple-gradient-background has-text-color has-background has-link-color wp-elements-faa0b0e5f6b5a5aef68ea3199b0f516f is-layout-flow wp-block-column-is-layout-flow\">\n<div class=\"wp-block-group\"><div class=\"wp-block-group__inner-container is-layout-constrained wp-block-group-is-layout-constrained\">\n<h3 class=\"wp-block-heading has-base-3-color has-text-color has-link-color wp-elements-4134f59dbede78325028b79cbb18a97c\" id=\"encadrantes\">Encadrantes<\/h3>\n\n\n\n<p class=\"wp-block-paragraph\">Kananas contribuye al seguimiento de las actividades fomentando la planificaci\u00f3n y la visibilidad de la informaci\u00f3n.<\/p>\n\n\n\n<p class=\"wp-block-paragraph\">Gracias a las notificaciones, los mailings y los <a href=\"https:\/\/www.kananas.com\/documentation\/communication\/sms\/\">SMS<\/a>, mantiene el enlace permanente con sus contactos.<\/p>\n\n\n\n<p class=\"wp-block-paragraph\">Realice un seguimiento preciso de las presencias utilizando la generaci\u00f3n de <a href=\"https:\/\/www.kananas.com\/documentation\/adherent\/carte-adherent\/\" data-type=\"page\" data-id=\"690\">qr-code<\/a>\/contacto y el esc\u00e1ner integrado en la aplicaci\u00f3n.<\/p>\n\n\n\n<p class=\"wp-block-paragraph\">Mejore y comparta los conocimientos utilizando las funciones de toma de notas.<\/p>\n<\/div><\/div>\n<\/div>\n<\/div>\n<\/div>\n<\/div>\n\n\n\n<div style=\"height:40px\" aria-hidden=\"true\" class=\"wp-block-spacer\"><\/div>\n\n\n\n<div class=\"wp-block-buttons is-content-justification-center is-layout-flex wp-container-core-buttons-is-layout-fe48e5de wp-block-buttons-is-layout-flex\">\n<div class=\"wp-block-button has-custom-width wp-block-button__width-25 ghostkit-custom-1Nfbtu\"><a class=\"wp-block-button__link has-base-3-color has-accent-background-color has-text-color has-background has-link-color has-medium-font-size has-custom-font-size wp-element-button\" href=\"https:\/\/backoffice.kananas.com\/action_manager.php?event=organisation_add&amp;p=1&amp;lang=ESP\" target=\"_blank\" rel=\"noreferrer noopener\">Empezar<\/a><\/div>\n<\/div>\n\n\n\n<div style=\"height:40px\" aria-hidden=\"true\" class=\"wp-block-spacer\"><\/div>\n\n\n\n<div style=\"height:20px\" aria-hidden=\"true\" class=\"wp-block-spacer\"><\/div>\n","protected":false},"excerpt":{"rendered":"<p>El mundo asociativo est\u00e1 en Kananas Cualquiera sea su dominio, nuestro CRM puede serle \u00fatil Todo tipo de organizaci\u00f3n Asociaci\u00f3n, centro de ocio, MJC, sindicato, federaci\u00f3n, escuela, club etc. .. Una amplia gama de organizaciones conf\u00edan en Kananas, cualquiera que sea su campo de actividad, podr\u00e1 organizar el trabajo y aumentar la eficiencia de su &#8230; <a title=\"El mundo asociativo est\u00e1 en Kananas\" class=\"read-more\" href=\"https:\/\/www.kananas.com\/es\/el-mundo-asociativo-esta-en-kananas\/\" aria-label=\"En savoir plus sur El mundo asociativo est\u00e1 en Kananas\">Lire la suite<\/a><\/p>\n","protected":false},"author":1,"featured_media":0,"parent":0,"menu_order":0,"comment_status":"closed","ping_status":"closed","template":"","meta":{"_crdt_document":"","footnotes":""},"class_list":["post-4582","page","type-page","status-publish"],"aioseo_notices":[],"_links":{"self":[{"href":"https:\/\/www.kananas.com\/es\/wp-json\/wp\/v2\/pages\/4582","targetHints":{"allow":["GET"]}}],"collection":[{"href":"https:\/\/www.kananas.com\/es\/wp-json\/wp\/v2\/pages"}],"about":[{"href":"https:\/\/www.kananas.com\/es\/wp-json\/wp\/v2\/types\/page"}],"author":[{"embeddable":true,"href":"https:\/\/www.kananas.com\/es\/wp-json\/wp\/v2\/users\/1"}],"replies":[{"embeddable":true,"href":"https:\/\/www.kananas.com\/es\/wp-json\/wp\/v2\/comments?post=4582"}],"version-history":[{"count":6,"href":"https:\/\/www.kananas.com\/es\/wp-json\/wp\/v2\/pages\/4582\/revisions"}],"predecessor-version":[{"id":5822,"href":"https:\/\/www.kananas.com\/es\/wp-json\/wp\/v2\/pages\/4582\/revisions\/5822"}],"wp:attachment":[{"href":"https:\/\/www.kananas.com\/es\/wp-json\/wp\/v2\/media?parent=4582"}],"curies":[{"name":"wp","href":"https:\/\/api.w.org\/{rel}","templated":true}]}}