{"id":4610,"date":"2023-07-26T19:04:54","date_gmt":"2023-07-26T17:04:54","guid":{"rendered":"https:\/\/www.kananas.com\/es\/?page_id=4610"},"modified":"2025-11-18T12:09:51","modified_gmt":"2025-11-18T10:09:51","slug":"escuela-de-baile","status":"publish","type":"page","link":"https:\/\/www.kananas.com\/es\/software\/escuela-de-baile\/","title":{"rendered":"Escuela de baile"},"content":{"rendered":"\n<div class=\"wp-block-columns is-layout-flex wp-container-core-columns-is-layout-8f761849 wp-block-columns-is-layout-flex\">\n<div class=\"wp-block-column is-layout-flow wp-block-column-is-layout-flow\">\n<div class=\"wp-block-columns has-background is-layout-flex wp-container-core-columns-is-layout-8f761849 wp-block-columns-is-layout-flex\" style=\"background-color:#f6f7fd\">\n<div class=\"wp-block-column is-layout-flow wp-block-column-is-layout-flow\" style=\"flex-basis:5%\"><\/div>\n\n\n\n<div class=\"wp-block-column padding10 is-layout-flow wp-block-column-is-layout-flow\" style=\"flex-basis:35%\">\n<div style=\"height:150px\" aria-hidden=\"true\" class=\"wp-block-spacer\"><\/div>\n\n\n\n<h1 class=\"wp-block-heading\"><strong>Software de gesti\u00f3n todo-en-uno para escuelas de danza<\/strong><\/h1>\n\n\n\n<p class=\"wp-block-paragraph\">Simplifique la gesti\u00f3n de su escuela de danza en Espa\u00f1a y Am\u00e9rica Latina.<br>Kananas le ayuda a organizar clases, alumnos, cuotas y eventos en una sola plataforma f\u00e1cil de usar, dise\u00f1ada para estudios y academias de danza en crecimiento.<\/p>\n\n\n\n<p class=\"wp-block-paragraph\">Dedique menos tiempo a la administraci\u00f3n y m\u00e1s tiempo a bailar.<\/p>\n\n\n\n<div style=\"height:20px\" aria-hidden=\"true\" class=\"wp-block-spacer\"><\/div>\n\n\n\n<div class=\"wp-block-buttons alignfull ghostkit-custom-2rfJNX is-content-justification-center is-layout-flex wp-container-core-buttons-is-layout-fe48e5de wp-block-buttons-is-layout-flex\">\n<div class=\"wp-block-button\"><a class=\"wp-block-button__link has-base-3-color has-accent-background-color has-text-color has-background has-link-color has-medium-font-size has-custom-font-size wp-element-button\" href=\"https:\/\/backoffice.kananas.com\/action_manager.php?event=organisation_add&amp;p=1&amp;lang=ESP\" target=\"_blank\" rel=\"noreferrer noopener\">Comienza tu prueba gratuita de 30 d\u00edas<\/a><\/div>\n<\/div>\n\n\n\n<div style=\"height:100px\" aria-hidden=\"true\" class=\"wp-block-spacer\"><\/div>\n<\/div>\n\n\n\n<div class=\"wp-block-column is-layout-flow wp-block-column-is-layout-flow\" style=\"flex-basis:5%\"><\/div>\n\n\n\n<div class=\"wp-block-column is-vertically-aligned-center padding10 is-layout-flow wp-block-column-is-layout-flow\" style=\"flex-basis:50%\"><div class=\"wp-block-image is-style-default\">\n<figure class=\"aligncenter size-large\"><img decoding=\"async\" src=\"https:\/\/www.kananas.com\/wp-content\/uploads\/2022\/09\/logiciel-ecole-de-danse-1024x513.jpg\" alt=\"Software de gesti\u00f3n todo-en-uno para escuelas de danza\" class=\"wp-image-3876\"\/><\/figure>\n<\/div><\/div>\n\n\n\n<div class=\"wp-block-column is-layout-flow wp-block-column-is-layout-flow\" style=\"flex-basis:5%\"><\/div>\n<\/div>\n<\/div>\n<\/div>\n\n\n\n<div style=\"height:50px\" aria-hidden=\"true\" class=\"wp-block-spacer\"><\/div>\n\n\n\n<div class=\"wp-block-columns is-not-stacked-on-mobile is-layout-flex wp-container-core-columns-is-layout-8f761849 wp-block-columns-is-layout-flex\">\n<div class=\"wp-block-column is-layout-flow wp-block-column-is-layout-flow\" style=\"flex-basis:5%\"><\/div>\n\n\n\n<div class=\"wp-block-column has-base-3-color has-text-color has-link-color wp-elements-c09f4b6bef940ab59cc6fef008ebcaaf is-layout-flow wp-block-column-is-layout-flow\">\n<div class=\"wp-block-columns is-layout-flex wp-container-core-columns-is-layout-8f761849 wp-block-columns-is-layout-flex\">\n<div class=\"wp-block-column is-layout-flow wp-block-column-is-layout-flow\" style=\"flex-basis:5%\"><\/div>\n\n\n\n<div class=\"wp-block-column is-layout-flow wp-block-column-is-layout-flow\">\n<div style=\"height:20px\" aria-hidden=\"true\" class=\"wp-block-spacer\"><\/div>\n\n\n\n<h2 class=\"wp-block-heading has-text-align-center has-accent-color has-text-color has-link-color wp-elements-cedb48008be7ecc0077163f1a61e2a2c\"><strong><strong>Probado y aprobado por m\u00e1s de 11.000 asociaciones<\/strong><\/strong><\/h2>\n<\/div>\n\n\n\n<div class=\"wp-block-column is-layout-flow wp-block-column-is-layout-flow\" style=\"flex-basis:5%\"><\/div>\n<\/div>\n<\/div>\n\n\n\n<div class=\"wp-block-column is-layout-flow wp-block-column-is-layout-flow\" style=\"flex-basis:5%\"><\/div>\n<\/div>\n\n\n\n<div style=\"height:50px\" aria-hidden=\"true\" class=\"wp-block-spacer\"><\/div>\n\n\n\n<div class=\"wp-block-columns alignfull ghostkit-custom-ZaqVp2 is-layout-flex wp-container-core-columns-is-layout-8f761849 wp-block-columns-is-layout-flex\">\n<div class=\"wp-block-column is-vertically-aligned-center is-layout-flow wp-block-column-is-layout-flow\" style=\"flex-basis:2%\"><\/div>\n\n\n\n<div class=\"wp-block-column is-vertically-aligned-center is-layout-flow wp-block-column-is-layout-flow\" style=\"flex-basis:50%\">\n<div class=\"wp-block-group\"><div class=\"wp-block-group__inner-container is-layout-constrained wp-block-group-is-layout-constrained\">\n<h2 class=\"wp-block-heading\"><strong>Todo lo que su escuela de danza necesita, en un solo lugar.<\/strong><\/h2>\n\n\n\n<p class=\"wp-block-paragraph\">Tanto si dirige una peque\u00f1a escuela de danza local como un gran estudio con varios profesores, Kananas mantiene todo organizado.<\/p>\n\n\n\n<ul class=\"wp-block-list\">\n<li><strong>Planificaci\u00f3n de clases<\/strong> \u2013 Cree y gestione en segundos cursos recurrentes o clases particulares de danza.<\/li>\n\n\n\n<li><strong>Gesti\u00f3n de facturaci\u00f3n y cuotas<\/strong> \u2013 Automatice facturas, acepte pagos y siga los saldos pendientes.<\/li>\n\n\n\n<li><strong>Portal para alumnos y familias<\/strong> \u2013 Ofrezca a las familias una forma sencilla de inscribirse, pagar y mantenerse informadas.<\/li>\n\n\n\n<li><strong>Gesti\u00f3n de eventos y galas<\/strong> \u2013 Gestione f\u00e1cilmente la venta de entradas, las listas de invitados y los pagos.<\/li>\n\n\n\n<li><strong>Acceso adaptado a m\u00f3viles<\/strong> \u2013 Gestione su escuela en cualquier momento y desde cualquier lugar.<\/li>\n<\/ul>\n\n\n\n<p class=\"wp-block-paragraph\">Kananas es el <strong>software de gesti\u00f3n para escuelas de danza<\/strong> fiable que simplifica todos los aspectos de su d\u00eda a d\u00eda.<\/p>\n<\/div><\/div>\n<\/div>\n\n\n\n<div class=\"wp-block-column is-vertically-aligned-center padding10 is-layout-flow wp-block-column-is-layout-flow\" style=\"flex-basis:50%\"><div class=\"wp-block-image\">\n<figure class=\"aligncenter size-full\"><img decoding=\"async\" src=\"http:\/\/www.kananas.com\/es\/wp-content\/uploads\/sites\/2143\/2025\/05\/home-page-ES-rounded-grid.png\" alt=\"Software de gesti\u00f3n todo-en-uno para escuelas de danza\" class=\"wp-image-6342\"\/><\/figure>\n<\/div><\/div>\n\n\n\n<div class=\"wp-block-column is-vertically-aligned-center is-layout-flow wp-block-column-is-layout-flow\" style=\"flex-basis:5%\"><\/div>\n<\/div>\n\n\n\n<div style=\"height:50px\" aria-hidden=\"true\" class=\"wp-block-spacer\"><\/div>\n\n\n\n<div class=\"wp-block-group has-background\" style=\"background-color:#f6f7fd\"><div class=\"wp-block-group__inner-container is-layout-constrained wp-block-group-is-layout-constrained\">\n<div class=\"wp-block-columns is-layout-flex wp-container-core-columns-is-layout-8f761849 wp-block-columns-is-layout-flex\">\n<div class=\"wp-block-column is-layout-flow wp-block-column-is-layout-flow\" style=\"flex-basis:5%\"><\/div>\n\n\n\n<div class=\"wp-block-column is-layout-flow wp-block-column-is-layout-flow\">\n<h2 class=\"wp-block-heading\"><strong>Por qu\u00e9 las escuelas de danza eligen Kananas<\/strong><\/h2>\n\n\n\n<p class=\"wp-block-paragraph\">Ya sea una escuela local o un gran estudio con varios profesores, Kananas mantiene todo organizado y listo para crecer en Espa\u00f1a y Am\u00e9rica Latina.<\/p>\n\n\n\n<ul class=\"wp-block-list\">\n<li><strong>Importaci\u00f3n <\/strong>sencilla desde hojas de c\u00e1lculo u otros sistemas de gesti\u00f3n<\/li>\n\n\n\n<li><strong>Pagos y facturaci\u00f3n <\/strong>en euros, pesos u otras monedas locales<\/li>\n\n\n\n<li><strong>Asistencia al cliente <\/strong>disponible en horario compatible con Espa\u00f1a y Am\u00e9rica Latina<\/li>\n\n\n\n<li><strong>Software en la nube, <\/strong>sin instalaciones ni configuraciones complejas<\/li>\n\n\n\n<li><strong>Privacidad de datos conforme al RGPD<\/strong> y a las normativas de protecci\u00f3n de datos de cada pa\u00eds<\/li>\n<\/ul>\n<\/div>\n\n\n\n<div class=\"wp-block-column is-layout-flow wp-block-column-is-layout-flow\" style=\"flex-basis:5%\"><\/div>\n<\/div>\n\n\n\n<div style=\"height:50px\" aria-hidden=\"true\" class=\"wp-block-spacer\"><\/div>\n\n\n\n<div class=\"wp-block-columns is-layout-flex wp-container-core-columns-is-layout-8f761849 wp-block-columns-is-layout-flex\">\n<div class=\"wp-block-column is-layout-flow wp-block-column-is-layout-flow\" style=\"flex-basis:5%\"><\/div>\n\n\n\n<div class=\"wp-block-column is-layout-flow wp-block-column-is-layout-flow\">\n<figure class=\"wp-block-image size-large is-style-default\"><img decoding=\"async\" src=\"https:\/\/www.kananas.com\/wp-content\/uploads\/2024\/12\/Screenshot-2024-12-04-at-08-44-02-Free-Photo-Front-view-woman-drawing-in-the-ipad-1024x683.png\" alt=\"management software for retirees\u2019 associations \u2013 communicate\" class=\"wp-image-7800\" style=\"aspect-ratio:3\/2;object-fit:cover\"\/><\/figure>\n\n\n\n<div style=\"height:20px\" aria-hidden=\"true\" class=\"wp-block-spacer\"><\/div>\n\n\n\n<h3 class=\"wp-block-heading\"><strong>Comunicaci\u00f3n<\/strong><\/h3>\n\n\n\n<p class=\"wp-block-paragraph\">Crea <a href=\"https:\/\/www.kananas.com\/es\/documentation\/comunicacion\/encuestas-y-votaciones\/\" title=\"Encuestas y votaciones: formularios\">formularios<\/a> para realizar encuestas, votaciones en l\u00ednea o cuestionarios. Consulta los resultados en tiempo real.<\/p>\n\n\n\n<p class=\"wp-block-paragraph\"><a href=\"https:\/\/www.kananas.com\/es\/documentation\/miembros\/afiliacion\/\" title=\"Afiliaci\u00f3n\">Membres\u00eda<\/a> en l\u00ednea con registro de datos y pago correspondiente.<\/p>\n<\/div>\n\n\n\n<div class=\"wp-block-column is-layout-flow wp-block-column-is-layout-flow\" style=\"flex-basis:3%\"><\/div>\n\n\n\n<div class=\"wp-block-column is-layout-flow wp-block-column-is-layout-flow\">\n<figure class=\"wp-block-image size-large is-style-default\"><img decoding=\"async\" src=\"https:\/\/www.kananas.com\/wp-content\/uploads\/2023\/09\/ecole-de-danse-1024x683.png\" alt=\"dance school management software \u2013 plan\" class=\"wp-image-4886\"\/><\/figure>\n\n\n\n<div style=\"height:20px\" aria-hidden=\"true\" class=\"wp-block-spacer\"><\/div>\n\n\n\n<h3 class=\"wp-block-heading\"><strong>Planifica<\/strong><\/h3>\n\n\n\n<p class=\"wp-block-paragraph\">Gestiona tus <a href=\"https:\/\/www.kananas.com\/es\/documentation\/planificacion\/actividades\/\" title=\"Actividades y eventos\">eventos<\/a>, programa reuniones y env\u00eda invitaciones.<\/p>\n\n\n\n<p class=\"wp-block-paragraph\">Organiza actividades y eventos sociales como visitas o viajes, y vende entradas online gracias a la <a href=\"https:\/\/www.kananas.com\/es\/documentation\/planificacion\/taquilla\/\" title=\"Taquilla\">plataforma de venta de entradas<\/a> de Kananas.<\/p>\n<\/div>\n\n\n\n<div class=\"wp-block-column is-layout-flow wp-block-column-is-layout-flow\" style=\"flex-basis:3%\"><\/div>\n\n\n\n<div class=\"wp-block-column is-layout-flow wp-block-column-is-layout-flow\">\n<figure class=\"wp-block-image size-large is-style-default\"><img decoding=\"async\" src=\"https:\/\/www.kananas.com\/wp-content\/uploads\/2024\/12\/Screenshot-2024-12-04-at-08-52-48-Free-Photo-Student-working-from-home-1024x683.png\" alt=\"dance school management software \u2013 manage\" class=\"wp-image-7801\"\/><\/figure>\n\n\n\n<div style=\"height:20px\" aria-hidden=\"true\" class=\"wp-block-spacer\"><\/div>\n\n\n\n<h3 class=\"wp-block-heading\"><strong>Gesti\u00f3n<\/strong><\/h3>\n\n\n\n<p class=\"wp-block-paragraph\">Acceda a los registros de sus <a href=\"https:\/\/www.kananas.com\/es\/documentation\/miembros\/\" title=\"Miembros\">miembros<\/a> en cualquier momento y lugar.<\/p>\n\n\n\n<p class=\"wp-block-paragraph\">Todos sus <a href=\"https:\/\/www.kananas.com\/es\/documentation\/documentos\/\" title=\"Documentos\">documentos<\/a> centralizados en un entorno seguro con copias de seguridad.<\/p>\n<\/div>\n\n\n\n<div class=\"wp-block-column is-layout-flow wp-block-column-is-layout-flow\" style=\"flex-basis:5%\"><\/div>\n<\/div>\n<\/div><\/div>\n\n\n\n<div style=\"height:31px\" aria-hidden=\"true\" class=\"wp-block-spacer\"><\/div>\n\n\n\n<div class=\"wp-block-buttons alignfull ghostkit-custom-2rfJNX is-content-justification-center is-layout-flex wp-container-core-buttons-is-layout-fe48e5de wp-block-buttons-is-layout-flex\">\n<div class=\"wp-block-button\"><a class=\"wp-block-button__link has-base-3-color has-accent-background-color has-text-color has-background has-link-color has-medium-font-size has-custom-font-size wp-element-button\" href=\"https:\/\/backoffice.kananas.com\/action_manager.php?event=organisation_add&amp;p=1&amp;lang=ESP\" target=\"_blank\" rel=\"noreferrer noopener\">Comienza tu prueba gratuita de 30 d\u00edas<\/a><\/div>\n<\/div>\n\n\n\n<div style=\"height:50px\" aria-hidden=\"true\" class=\"wp-block-spacer\"><\/div>\n\n\n\n<div class=\"wp-block-columns is-layout-flex wp-container-core-columns-is-layout-8f761849 wp-block-columns-is-layout-flex\">\n<div class=\"wp-block-column is-layout-flow wp-block-column-is-layout-flow\" style=\"flex-basis:5%\"><\/div>\n\n\n\n<div class=\"wp-block-column is-layout-flow wp-block-column-is-layout-flow\">\n<h2 class=\"wp-block-heading has-text-align-left ghostkit-custom-ZbwAru\" id=\"plus-de-sport-et-moins-de-gestion-grace-au-gain-de-temps-apporte-par-kananas\"><strong>Testimonial<\/strong><\/h2>\n\n\n\n<div class=\"wp-block-columns roundDiv has-base-background-color has-background is-layout-flex wp-container-core-columns-is-layout-8f761849 wp-block-columns-is-layout-flex\">\n<div class=\"wp-block-column is-vertically-aligned-center is-layout-flow wp-block-column-is-layout-flow\" style=\"flex-basis:15%\">\n<figure class=\"wp-block-image size-full padding30\"><img decoding=\"async\" src=\"https:\/\/www.kananas.com\/en\/wp-content\/uploads\/sites\/2145\/2025\/11\/dance-studio-management-software-Kananas.png\" alt=\"\" class=\"wp-image-6610\"\/><\/figure>\n<\/div>\n\n\n\n<div class=\"wp-block-column is-vertically-aligned-center is-layout-flow wp-block-column-is-layout-flow\">\n<div style=\"height:30px\" aria-hidden=\"true\" class=\"wp-block-spacer\"><\/div>\n\n\n\n<blockquote class=\"wp-block-quote is-layout-flow wp-block-quote-is-layout-flow\">\n<p class=\"wp-block-paragraph\">\u00abAntes de Kananas, pas\u00e1bamos horas gestionando asistencias y pagos.<br>Ahora todo est\u00e1 automatizado: planificaci\u00f3n, recordatorios y facturaci\u00f3n.<br>Ahorramos casi cinco horas cada semana.\u00bb<\/p>\n\n\n\n<p class=\"wp-block-paragraph\"><em>\u2014 Escuela de Danza Ritmo Vivo \u2013 Medell\u00edn (Colombia)<\/em><\/p>\n<\/blockquote>\n<\/div>\n\n\n\n<div class=\"wp-block-column is-vertically-aligned-center is-layout-flow wp-block-column-is-layout-flow\" style=\"flex-basis:10px\"><\/div>\n<\/div>\n\n\n\n<div style=\"height:120px\" aria-hidden=\"true\" class=\"wp-block-spacer\"><\/div>\n\n\n\n<h2 class=\"wp-block-heading\"><strong>Comparaci\u00f3n con otras soluciones del mercado<\/strong><\/h2>\n\n\n\n<figure class=\"wp-block-table\"><table class=\"has-fixed-layout\"><thead><tr><th>Funci\u00f3n \/ Software<\/th><th><strong>Kananas<\/strong> \ud83c\udfc6<\/th><th><strong>Classlife<\/strong><\/th><th>TIMP<\/th><th>Mindbody<\/th><\/tr><\/thead><tbody><tr><td><strong>Asistente con IA<\/strong> \ud83e\udd16<\/td><td>\u2705 IA integrada que automatiza tareas y an\u00e1lisis<\/td><td>\u274c Ninguno<\/td><td>\u274c Ninguno<\/td><td>\u274c Ninguno<\/td><\/tr><tr><td><strong>Planificaci\u00f3n de clases y clases particulares<\/strong><\/td><td>\u2705 Interfaz intuitiva de arrastrar y soltar<\/td><td>\u2705<\/td><td>\u2705<\/td><td>\u2705<\/td><\/tr><tr><td><strong>Facturaci\u00f3n y cuotas automatizadas<\/strong><\/td><td>\u2705 Integrada y personalizable<\/td><td>\u2705<\/td><td>\u2705<\/td><td>\u2705<\/td><\/tr><tr><td><strong>Venta de entradas para eventos y galas<\/strong><\/td><td>\u2705 M\u00f3dulo de venta de entradas integrado<\/td><td>\u26a0\ufe0f Limitado<\/td><td>\u26a0\ufe0f Complemento<\/td><td>\u274c<\/td><\/tr><tr><td><strong>Anal\u00edticas de datos e informes de rendimiento<\/strong><\/td><td>\u2705 Informes del estudio generados por IA<\/td><td>\u26a0\ufe0f B\u00e1sico<\/td><td>\u26a0\ufe0f B\u00e1sico<\/td><td>\u26a0\ufe0f B\u00e1sico<\/td><\/tr><tr><td><strong>Prueba gratuita disponible<\/strong><\/td><td>\u2705 30 d\u00edas<\/td><td>\u274c<\/td><td>\u274c<\/td><td>\u274c<\/td><\/tr><tr><td><strong>Tarifa todo en uno (sin costes ocultos)<\/strong><\/td><td>\u2705<\/td><td>\u274c<\/td><td>\u274c<\/td><td>\u274c<\/td><\/tr><tr><td><strong>Tiempo medio de configuraci\u00f3n<\/strong><\/td><td>\u23f1 &lt; 1 hora<\/td><td>\u23f1 3\u20135 horas<\/td><td>\u23f1 2 horas<\/td><td>\u23f1 2 horas<\/td><\/tr><\/tbody><\/table><\/figure>\n\n\n\n<p class=\"wp-block-paragraph\"><strong>Kananas es la opci\u00f3n m\u00e1s inteligente para las escuelas de danza.<\/strong><br>Gracias a su IA integrada, Kananas no solo organiza sus datos: aprende de ellos.<\/p>\n\n\n\n<p class=\"wp-block-paragraph\">\ud83c\udfaf <em>M\u00e1s automatizaci\u00f3n. Menos administraci\u00f3n. M\u00e1s tiempo para bailar.<\/em><\/p>\n\n\n\n<div style=\"height:80px\" aria-hidden=\"true\" class=\"wp-block-spacer\"><\/div>\n\n\n\n<div class=\"wp-block-columns is-layout-flex wp-container-core-columns-is-layout-8f761849 wp-block-columns-is-layout-flex\">\n<div class=\"wp-block-column is-layout-flow wp-block-column-is-layout-flow\" style=\"flex-basis:5%\"><\/div>\n\n\n\n<div class=\"wp-block-column roundDiv has-base-3-color has-accent-background-color has-text-color has-background has-link-color wp-elements-84907d1fef8038a4794ab7a452f7555a is-layout-flow wp-block-column-is-layout-flow\">\n<div class=\"wp-block-columns is-layout-flex wp-container-core-columns-is-layout-8f761849 wp-block-columns-is-layout-flex\">\n<div class=\"wp-block-column is-layout-flow wp-block-column-is-layout-flow\" style=\"flex-basis:5%\"><\/div>\n\n\n\n<div class=\"wp-block-column is-layout-flow wp-block-column-is-layout-flow\">\n<div style=\"height:20px\" aria-hidden=\"true\" class=\"wp-block-spacer\"><\/div>\n\n\n\n<h2 class=\"wp-block-heading\"><strong>Resultados comprobados con Kananas<\/strong><\/h2>\n\n\n\n<p class=\"wp-block-paragraph\">En promedio, los usuarios de Kananas ahorran <strong>2 horas<\/strong> de trabajo administrativo por semana, experimentan un aumento del <strong>40 % <\/strong>en las conversiones de pagos en l\u00ednea y un incremento del <strong>35 %<\/strong> en la asistencia a eventos.<\/p>\n\n\n\n<p class=\"wp-block-paragraph\">Estas son cifras reales, proporcionadas directamente por los usuarios de Kananas.<\/p>\n<\/div>\n\n\n\n<div class=\"wp-block-column is-layout-flow wp-block-column-is-layout-flow\" style=\"flex-basis:5%\"><\/div>\n<\/div>\n<\/div>\n\n\n\n<div class=\"wp-block-column is-layout-flow wp-block-column-is-layout-flow\" style=\"flex-basis:5%\"><\/div>\n<\/div>\n\n\n\n<div style=\"height:120px\" aria-hidden=\"true\" class=\"wp-block-spacer\"><\/div>\n\n\n\n<h2 class=\"wp-block-heading\"><strong>FAQ \u2013 Software Kananas para escuelas de danza<\/strong><\/h2>\n\n\n\n<p class=\"wp-block-paragraph\"><strong>\u00bfQu\u00e9 hace diferente a Kananas?<\/strong><br>Kananas es el \u00fanico software de gesti\u00f3n para escuelas de danza con IA que automatiza tareas administrativas y ofrece informaci\u00f3n inteligente sobre asistencia, pagos y rendimiento de las clases. As\u00ed puede centrarse en ense\u00f1ar y atender a sus alumnos.<\/p>\n\n\n\n<p class=\"wp-block-paragraph\"><strong>\u00bfKananas es solo para escuelas de danza?<\/strong><br>No. Aunque est\u00e1 optimizado para academias y estudios de danza, tambi\u00e9n lo utilizan centros art\u00edsticos, escuelas multiactividad y academias que gestionan grupos, profesores y cuotas. Kananas se adapta a su moneda, idioma y estructura.<\/p>\n\n\n\n<p class=\"wp-block-paragraph\"><strong>\u00bfPuedo utilizar Kananas en Espa\u00f1a o en Am\u00e9rica Latina?<\/strong><br>S\u00ed. Kananas admite euros, pesos y otras monedas locales, as\u00ed como diferentes m\u00e9todos de pago y normativas de cada pa\u00eds. Funciona perfectamente en cualquier regi\u00f3n hispanohablante.<\/p>\n\n\n\n<p class=\"wp-block-paragraph\"><strong>\u00bfEs dif\u00edcil de utilizar?<\/strong><br>No. Kananas est\u00e1 dise\u00f1ado para usuarios sin perfil t\u00e9cnico. La configuraci\u00f3n es r\u00e1pida y la IA le gu\u00eda para automatizar tareas repetitivas con pocos clics.<\/p>\n\n\n\n<p class=\"wp-block-paragraph\"><strong>\u00bfPueden los alumnos inscribirse y pagar en l\u00ednea?<\/strong><br>S\u00ed. Alumnos y padres pueden inscribirse, pagar cuotas y consultar horarios desde un portal online seguro conectado a su panel de control.<\/p>\n\n\n\n<p class=\"wp-block-paragraph\"><strong>\u00bfHay una prueba gratuita?<\/strong><br>S\u00ed. Puede probar Kananas durante 30 d\u00edas, sin tarjeta de cr\u00e9dito, y descubrir c\u00f3mo la IA transforma la gesti\u00f3n de su escuela de danza.<\/p>\n<\/div>\n\n\n\n<div class=\"wp-block-column is-layout-flow wp-block-column-is-layout-flow\" style=\"flex-basis:5%\"><\/div>\n<\/div>\n\n\n\n<div class=\"wp-block-columns has-base-3-color has-accent-background-color has-text-color has-background has-link-color wp-elements-7ce69abda1125172a350b5c9b553939a is-layout-flex wp-container-core-columns-is-layout-8f761849 wp-block-columns-is-layout-flex\">\n<div class=\"wp-block-column is-layout-flow wp-block-column-is-layout-flow\" style=\"flex-basis:5%\"><\/div>\n\n\n\n<div class=\"wp-block-column is-layout-flow wp-block-column-is-layout-flow\">\n<div style=\"height:100px\" aria-hidden=\"true\" class=\"wp-block-spacer\"><\/div>\n\n\n\n<div class=\"wp-block-columns is-layout-flex wp-container-core-columns-is-layout-8f761849 wp-block-columns-is-layout-flex\">\n<div class=\"wp-block-column is-layout-flow wp-block-column-is-layout-flow\" style=\"flex-basis:5%\"><\/div>\n\n\n\n<div class=\"wp-block-column is-layout-flow wp-block-column-is-layout-flow\">\n<h2 class=\"wp-block-heading\"><strong>Optimice su tiempo, impulse su asociaci\u00f3n con Kananas<\/strong><\/h2>\n\n\n\n<p class=\"wp-block-paragraph\">Reg\u00edstrese gratis en Kananas y disfrute de 30 d\u00edas de prueba sin tarjeta bancaria.<\/p>\n\n\n\n<div style=\"height:20px\" aria-hidden=\"true\" class=\"wp-block-spacer\"><\/div>\n\n\n\n<div class=\"wp-block-buttons is-content-justification-center is-layout-flex wp-container-core-buttons-is-layout-fe48e5de wp-block-buttons-is-layout-flex\">\n<div class=\"wp-block-button\"><a class=\"wp-block-button__link has-accent-color has-base-2-background-color has-text-color has-background has-link-color has-medium-font-size has-custom-font-size wp-element-button\" href=\"https:\/\/app.kananas.com\/organisation\/add\/p\/1\/lang\/ESP\" target=\"_blank\" rel=\"noreferrer noopener\">Empezar<\/a><\/div>\n<\/div>\n<\/div>\n\n\n\n<div class=\"wp-block-column is-layout-flow wp-block-column-is-layout-flow\" style=\"flex-basis:5%\"><\/div>\n<\/div>\n\n\n\n<div style=\"height:100px\" aria-hidden=\"true\" class=\"wp-block-spacer\"><\/div>\n<\/div>\n\n\n\n<div class=\"wp-block-column is-vertically-aligned-center is-layout-flow wp-block-column-is-layout-flow\"><div class=\"wp-block-image is-style-rounded\">\n<figure class=\"aligncenter size-large is-resized\"><img decoding=\"async\" src=\"https:\/\/www.kananas.com\/wp-content\/uploads\/2024\/12\/Screenshot-2024-12-04-at-08-47-20-Free-Photo-Side-view-smiley-man-working-on-laptop-1024x683.png\" alt=\"\" class=\"wp-image-7872\" style=\"width:300px\"\/><\/figure>\n<\/div><\/div>\n\n\n\n<div class=\"wp-block-column is-layout-flow wp-block-column-is-layout-flow\" style=\"flex-basis:5%\"><\/div>\n<\/div>\n","protected":false},"excerpt":{"rendered":"<p>Software de gesti\u00f3n todo-en-uno para escuelas de danza Simplifique la gesti\u00f3n de su escuela de danza en Espa\u00f1a y Am\u00e9rica Latina.Kananas le ayuda a organizar clases, alumnos, cuotas y eventos en una sola plataforma f\u00e1cil de usar, dise\u00f1ada para estudios y academias de danza en crecimiento. Dedique menos tiempo a la administraci\u00f3n y m\u00e1s tiempo &#8230; <a title=\"Escuela de baile\" class=\"read-more\" href=\"https:\/\/www.kananas.com\/es\/software\/escuela-de-baile\/\" aria-label=\"En savoir plus sur Escuela de baile\">Lire la suite<\/a><\/p>\n","protected":false},"author":1,"featured_media":0,"parent":5848,"menu_order":0,"comment_status":"closed","ping_status":"closed","template":"","meta":{"_crdt_document":"","footnotes":""},"class_list":["post-4610","page","type-page","status-publish"],"aioseo_notices":[],"_links":{"self":[{"href":"https:\/\/www.kananas.com\/es\/wp-json\/wp\/v2\/pages\/4610","targetHints":{"allow":["GET"]}}],"collection":[{"href":"https:\/\/www.kananas.com\/es\/wp-json\/wp\/v2\/pages"}],"about":[{"href":"https:\/\/www.kananas.com\/es\/wp-json\/wp\/v2\/types\/page"}],"author":[{"embeddable":true,"href":"https:\/\/www.kananas.com\/es\/wp-json\/wp\/v2\/users\/1"}],"replies":[{"embeddable":true,"href":"https:\/\/www.kananas.com\/es\/wp-json\/wp\/v2\/comments?post=4610"}],"version-history":[{"count":10,"href":"https:\/\/www.kananas.com\/es\/wp-json\/wp\/v2\/pages\/4610\/revisions"}],"predecessor-version":[{"id":6210,"href":"https:\/\/www.kananas.com\/es\/wp-json\/wp\/v2\/pages\/4610\/revisions\/6210"}],"up":[{"embeddable":true,"href":"https:\/\/www.kananas.com\/es\/wp-json\/wp\/v2\/pages\/5848"}],"wp:attachment":[{"href":"https:\/\/www.kananas.com\/es\/wp-json\/wp\/v2\/media?parent=4610"}],"curies":[{"name":"wp","href":"https:\/\/api.w.org\/{rel}","templated":true}]}}