{"id":4652,"date":"2023-08-01T17:00:10","date_gmt":"2023-08-01T15:00:10","guid":{"rendered":"https:\/\/www.kananas.com\/es\/?page_id=4652"},"modified":"2025-11-17T19:34:29","modified_gmt":"2025-11-17T17:34:29","slug":"club-de-pickleball","status":"publish","type":"page","link":"https:\/\/www.kananas.com\/es\/software\/club-de-pickleball\/","title":{"rendered":"Club de pickleball"},"content":{"rendered":"\n<div class=\"wp-block-columns is-layout-flex wp-container-core-columns-is-layout-8f761849 wp-block-columns-is-layout-flex\">\n<div class=\"wp-block-column is-layout-flow wp-block-column-is-layout-flow\">\n<div class=\"wp-block-columns has-background is-layout-flex wp-container-core-columns-is-layout-8f761849 wp-block-columns-is-layout-flex\" style=\"background-color:#f6f7fd\">\n<div class=\"wp-block-column is-layout-flow wp-block-column-is-layout-flow\" style=\"flex-basis:5%\"><\/div>\n\n\n\n<div class=\"wp-block-column padding10 is-layout-flow wp-block-column-is-layout-flow\" style=\"flex-basis:35%\">\n<div style=\"height:150px\" aria-hidden=\"true\" class=\"wp-block-spacer\"><\/div>\n\n\n\n<h1 class=\"wp-block-heading\"><strong>Software de gesti\u00f3n para clubes de pickleball con IA<\/strong><\/h1>\n\n\n\n<p class=\"wp-block-paragraph\">Kananas es la plataforma todo-en-uno para gestionar tu club de pickleball: canchas, socios, actividades y torneos, ahora potenciada con IA para simplificar tu d\u00eda a d\u00eda.<br>Automatiza reservas, pagos y comunicaciones, mientras la IA redacta tus correos, boletines e informes en segundos.<br>Ahorra tiempo, mant\u00e9n todo organizado y ded\u00edcale m\u00e1s energ\u00eda a hacer crecer tu comunidad de pickleball.<\/p>\n\n\n\n<div style=\"height:20px\" aria-hidden=\"true\" class=\"wp-block-spacer\"><\/div>\n\n\n\n<div class=\"wp-block-buttons alignfull ghostkit-custom-2rfJNX is-content-justification-center is-layout-flex wp-container-core-buttons-is-layout-fe48e5de wp-block-buttons-is-layout-flex\">\n<div class=\"wp-block-button\"><a class=\"wp-block-button__link has-base-3-color has-accent-background-color has-text-color has-background has-link-color has-medium-font-size has-custom-font-size wp-element-button\" href=\"https:\/\/backoffice.kananas.com\/action_manager.php?event=organisation_add&amp;p=1&amp;lang=ESP\" target=\"_blank\" rel=\"noreferrer noopener\">Comienza tu prueba gratuita de 30 d\u00edas<\/a><\/div>\n<\/div>\n\n\n\n<div style=\"height:100px\" aria-hidden=\"true\" class=\"wp-block-spacer\"><\/div>\n<\/div>\n\n\n\n<div class=\"wp-block-column is-layout-flow wp-block-column-is-layout-flow\" style=\"flex-basis:5%\"><\/div>\n\n\n\n<div class=\"wp-block-column is-vertically-aligned-center padding10 is-layout-flow wp-block-column-is-layout-flow\" style=\"flex-basis:50%\"><div class=\"wp-block-image is-style-default\">\n<figure class=\"aligncenter size-full\"><img decoding=\"async\" src=\"https:\/\/www.kananas.com\/wp-content\/uploads\/2023\/09\/pickleball-e1741086234714.png\" alt=\"software de gesti\u00f3n para clubes de pickleball\" class=\"wp-image-4937\" style=\"aspect-ratio:16\/9;object-fit:cover\"\/><\/figure>\n<\/div><\/div>\n\n\n\n<div class=\"wp-block-column is-layout-flow wp-block-column-is-layout-flow\" style=\"flex-basis:5%\"><\/div>\n<\/div>\n<\/div>\n<\/div>\n\n\n\n<div style=\"height:50px\" aria-hidden=\"true\" class=\"wp-block-spacer\"><\/div>\n\n\n\n<div class=\"wp-block-columns is-not-stacked-on-mobile is-layout-flex wp-container-core-columns-is-layout-8f761849 wp-block-columns-is-layout-flex\">\n<div class=\"wp-block-column is-layout-flow wp-block-column-is-layout-flow\" style=\"flex-basis:5%\"><\/div>\n\n\n\n<div class=\"wp-block-column roundDiv has-base-3-color has-base-background-color has-text-color has-background has-link-color wp-elements-87023cfd9906215126546bb146901539 is-layout-flow wp-block-column-is-layout-flow\">\n<div class=\"wp-block-columns is-layout-flex wp-container-core-columns-is-layout-8f761849 wp-block-columns-is-layout-flex\">\n<div class=\"wp-block-column is-layout-flow wp-block-column-is-layout-flow\" style=\"flex-basis:5%\"><\/div>\n\n\n\n<div class=\"wp-block-column is-layout-flow wp-block-column-is-layout-flow\">\n<div style=\"height:20px\" aria-hidden=\"true\" class=\"wp-block-spacer\"><\/div>\n\n\n\n<h2 class=\"wp-block-heading has-text-align-center has-accent-color has-text-color has-link-color wp-elements-c5a8b2efbaf6091140be3ff81d36ca0c\"><strong><strong>Probado y aprobado por m\u00e1s de 11.000 clubes<\/strong><\/strong><\/h2>\n<\/div>\n\n\n\n<div class=\"wp-block-column is-layout-flow wp-block-column-is-layout-flow\" style=\"flex-basis:5%\"><\/div>\n<\/div>\n<\/div>\n\n\n\n<div class=\"wp-block-column is-layout-flow wp-block-column-is-layout-flow\" style=\"flex-basis:5%\"><\/div>\n<\/div>\n\n\n\n<div style=\"height:50px\" aria-hidden=\"true\" class=\"wp-block-spacer\"><\/div>\n\n\n\n<div class=\"wp-block-columns alignfull ghostkit-custom-ZaqVp2 is-layout-flex wp-container-core-columns-is-layout-8f761849 wp-block-columns-is-layout-flex\">\n<div class=\"wp-block-column is-vertically-aligned-center is-layout-flow wp-block-column-is-layout-flow\" style=\"flex-basis:2%\"><\/div>\n\n\n\n<div class=\"wp-block-column is-vertically-aligned-center is-layout-flow wp-block-column-is-layout-flow\" style=\"flex-basis:50%\">\n<div class=\"wp-block-group\"><div class=\"wp-block-group__inner-container is-layout-constrained wp-block-group-is-layout-constrained\">\n<h2 class=\"wp-block-heading\"><strong>Gesti\u00f3n integral de clubes de pickleball \u2014 impulsada por IA<\/strong><\/h2>\n\n\n\n<p class=\"wp-block-paragraph\">Kananas centraliza todo lo que necesitas para gestionar tu club de pickleball de forma eficiente, con inteligencia artificial que te ahorra horas de trabajo cada semana.<\/p>\n\n\n\n<ul class=\"wp-block-list\">\n<li>\ud83e\udd16 <strong>Automatizaci\u00f3n con IA<\/strong> \u2013 Gestiona autom\u00e1ticamente reservas, recordatorios, renovaciones y comunicaciones con los socios.<\/li>\n\n\n\n<li><strong>Asistente de IA<\/strong> \u2013 Redacta al instante boletines, actualizaciones de eventos y correos personalizados.<\/li>\n\n\n\n<li><strong>Gesti\u00f3n de membres\u00edas y cuotas <\/strong> \u2013 Automatiza facturas, procesa pagos y env\u00eda recordatorios sin esfuerzo.<\/li>\n\n\n\n<li><strong>Planificaci\u00f3n y reserva de pistas<\/strong> \u2013 Gestiona reservas online, clases privadas y disponibilidad de pistas en tiempo real.<\/li>\n\n\n\n<li><strong>Gesti\u00f3n de ligas y torneos<\/strong> \u2013 Gestiona cuadros, equipos, resultados e inscripciones con facilidad.<\/li>\n\n\n\n<li><strong>Venta de entradas y pagos online<\/strong> \u2013 Vende entradas para eventos o torneos directamente desde Kananas.<\/li>\n\n\n\n<li><strong>En la nube y con soporte<\/strong> \u2013 Plataforma segura con asistencia dedicada.<\/li>\n<\/ul>\n\n\n\n<p class=\"wp-block-paragraph\">Kananas es el <strong>software de gesti\u00f3n para clubes de pickleball con IA<\/strong> m\u00e1s avanzado para instalaciones y clubes comunitarios<\/p>\n<\/div><\/div>\n<\/div>\n\n\n\n<div class=\"wp-block-column is-vertically-aligned-center padding10 is-layout-flow wp-block-column-is-layout-flow\" style=\"flex-basis:50%\"><div class=\"wp-block-image\">\n<figure class=\"aligncenter size-large\"><img decoding=\"async\" src=\"http:\/\/www.kananas.com\/en\/wp-content\/uploads\/sites\/2145\/2025\/05\/home-page-EN-rounded-grid.png\" alt=\"Software de gesti\u00f3n para clubes de pickleball con IA\" class=\"wp-image-8918\"\/><\/figure>\n<\/div><\/div>\n\n\n\n<div class=\"wp-block-column is-vertically-aligned-center is-layout-flow wp-block-column-is-layout-flow\" style=\"flex-basis:5%\"><\/div>\n<\/div>\n\n\n\n<div style=\"height:50px\" aria-hidden=\"true\" class=\"wp-block-spacer\"><\/div>\n\n\n\n<div class=\"wp-block-group has-background\" style=\"background-color:#f6f7fd\"><div class=\"wp-block-group__inner-container is-layout-constrained wp-block-group-is-layout-constrained\">\n<div class=\"wp-block-columns is-layout-flex wp-container-core-columns-is-layout-8f761849 wp-block-columns-is-layout-flex\">\n<div class=\"wp-block-column is-layout-flow wp-block-column-is-layout-flow\" style=\"flex-basis:5%\"><\/div>\n\n\n\n<div class=\"wp-block-column is-layout-flow wp-block-column-is-layout-flow\">\n<h2 class=\"wp-block-heading has-text-align-left\"><strong>Por qu\u00e9 a los clubes de pickleball les encanta Kananas<\/strong><\/h2>\n\n\n\n<p class=\"wp-block-paragraph\">En toda Am\u00e9rica Latina, los clubes de pickleball utilizan Kananas para ahorrar tiempo, mejorar la comunicaci\u00f3n y mantener a sus jugadores siempre comprometidos.<\/p>\n\n\n\n<ul class=\"wp-block-list\">\n<li>100 % <strong>en la nube<\/strong>, f\u00e1cil de usar y listo para cualquier instalaci\u00f3n de pickleball <\/li>\n\n\n\n<li>Acepta pagos mediante Stripe o tarjeta de cr\u00e9dito.<\/li>\n\n\n\n<li>Env\u00eda <strong>recordatorios de eventos, boletines y seguimientos automatizados<\/strong> con ayuda de la IA.<\/li>\n\n\n\n<li>Gestiona ligas, cl\u00ednics y torneos desde un \u00fanico panel.<\/li>\n\n\n\n<li>La IA detecta socios inactivos y sugiere campa\u00f1as de reactivaci\u00f3n.<\/li>\n\n\n\n<li>Genera informes autom\u00e1ticos de rendimiento y participaci\u00f3n.<\/li>\n<\/ul>\n<\/div>\n\n\n\n<div class=\"wp-block-column is-layout-flow wp-block-column-is-layout-flow\" style=\"flex-basis:5%\"><\/div>\n<\/div>\n\n\n\n<div style=\"height:50px\" aria-hidden=\"true\" class=\"wp-block-spacer\"><\/div>\n\n\n\n<div class=\"wp-block-columns is-layout-flex wp-container-core-columns-is-layout-8f761849 wp-block-columns-is-layout-flex\">\n<div class=\"wp-block-column is-layout-flow wp-block-column-is-layout-flow\" style=\"flex-basis:5%\"><\/div>\n\n\n\n<div class=\"wp-block-column is-layout-flow wp-block-column-is-layout-flow\">\n<figure class=\"wp-block-image size-large is-style-default\"><img decoding=\"async\" src=\"https:\/\/www.kananas.com\/wp-content\/uploads\/2024\/12\/Screenshot-2024-12-04-at-08-44-02-Free-Photo-Front-view-woman-drawing-in-the-ipad-1024x683.png\" alt=\"management software for retirees\u2019 associations \u2013 communicate\" class=\"wp-image-7800\" style=\"aspect-ratio:3\/2;object-fit:cover\"\/><\/figure>\n\n\n\n<div style=\"height:20px\" aria-hidden=\"true\" class=\"wp-block-spacer\"><\/div>\n\n\n\n<h3 class=\"wp-block-heading\"><strong>Comunicaci\u00f3n<\/strong><\/h3>\n\n\n\n<p class=\"wp-block-paragraph\">Crea <a href=\"https:\/\/www.kananas.com\/es\/documentation\/comunicacion\/encuestas-y-votaciones\/\" title=\"Encuestas y votaciones: formularios\">formularios<\/a> para realizar encuestas, votaciones en l\u00ednea o cuestionarios. Consulta los resultados en tiempo real.<\/p>\n\n\n\n<p class=\"wp-block-paragraph\"><a href=\"https:\/\/www.kananas.com\/es\/documentation\/miembros\/afiliacion\/\" title=\"Afiliaci\u00f3n\">Membres\u00eda<\/a> en l\u00ednea con registro de datos y pago correspondiente.<\/p>\n<\/div>\n\n\n\n<div class=\"wp-block-column is-layout-flow wp-block-column-is-layout-flow\" style=\"flex-basis:3%\"><\/div>\n\n\n\n<div class=\"wp-block-column is-layout-flow wp-block-column-is-layout-flow\">\n<figure class=\"wp-block-image size-medium is-style-default\"><img decoding=\"async\" src=\"https:\/\/www.kananas.com\/wp-content\/uploads\/2020\/01\/pickleball2-300x184.png\" alt=\"software de gesti\u00f3n para clubes de pickleball \u2013 planificar\" class=\"wp-image-2674\"\/><\/figure>\n\n\n\n<div style=\"height:20px\" aria-hidden=\"true\" class=\"wp-block-spacer\"><\/div>\n\n\n\n<h3 class=\"wp-block-heading\"><strong>Planifica<\/strong><\/h3>\n\n\n\n<p class=\"wp-block-paragraph\">Gestiona tus <a href=\"https:\/\/www.kananas.com\/es\/documentation\/planificacion\/actividades\/\" title=\"Actividades y eventos\">eventos<\/a>, programa reuniones y env\u00eda invitaciones.<\/p>\n\n\n\n<p class=\"wp-block-paragraph\">Organiza actividades y eventos sociales como visitas o viajes, y vende entradas online gracias a la <a href=\"https:\/\/www.kananas.com\/es\/documentation\/planificacion\/taquilla\/\" title=\"Taquilla\">plataforma de venta de entradas<\/a> de Kananas.<\/p>\n<\/div>\n\n\n\n<div class=\"wp-block-column is-layout-flow wp-block-column-is-layout-flow\" style=\"flex-basis:3%\"><\/div>\n\n\n\n<div class=\"wp-block-column is-layout-flow wp-block-column-is-layout-flow\">\n<figure class=\"wp-block-image size-full is-style-default\"><img decoding=\"async\" src=\"https:\/\/www.kananas.com\/wp-content\/uploads\/2024\/03\/alumni2.jpg\" alt=\"management software for retirees\u2019 associations \u2013 manage\" class=\"wp-image-6123\" style=\"aspect-ratio:3\/2;object-fit:cover\"\/><\/figure>\n\n\n\n<div style=\"height:20px\" aria-hidden=\"true\" class=\"wp-block-spacer\"><\/div>\n\n\n\n<h3 class=\"wp-block-heading\"><strong>Gesti\u00f3n<\/strong><\/h3>\n\n\n\n<p class=\"wp-block-paragraph\">Acceda a los registros de sus <a href=\"https:\/\/www.kananas.com\/es\/documentation\/miembros\/\" title=\"Miembros\">miembros<\/a> en cualquier momento y lugar.<\/p>\n\n\n\n<p class=\"wp-block-paragraph\">Todos sus <a href=\"https:\/\/www.kananas.com\/es\/documentation\/documentos\/\" title=\"Documentos\">documentos<\/a> centralizados en un entorno seguro con copias de seguridad.<\/p>\n<\/div>\n\n\n\n<div class=\"wp-block-column is-layout-flow wp-block-column-is-layout-flow\" style=\"flex-basis:5%\"><\/div>\n<\/div>\n<\/div><\/div>\n\n\n\n<div style=\"height:31px\" aria-hidden=\"true\" class=\"wp-block-spacer\"><\/div>\n\n\n\n<div class=\"wp-block-buttons alignfull ghostkit-custom-2rfJNX is-content-justification-center is-layout-flex wp-container-core-buttons-is-layout-fe48e5de wp-block-buttons-is-layout-flex\">\n<div class=\"wp-block-button\"><a class=\"wp-block-button__link has-base-3-color has-accent-background-color has-text-color has-background has-link-color has-medium-font-size has-custom-font-size wp-element-button\" href=\"https:\/\/backoffice.kananas.com\/action_manager.php?event=organisation_add&amp;p=1&amp;lang=ESP\" target=\"_blank\" rel=\"noreferrer noopener\">Comienza tu prueba gratuita de 30 d\u00edas<\/a><\/div>\n<\/div>\n\n\n\n<div style=\"height:50px\" aria-hidden=\"true\" class=\"wp-block-spacer\"><\/div>\n\n\n\n<div class=\"wp-block-columns is-layout-flex wp-container-core-columns-is-layout-8f761849 wp-block-columns-is-layout-flex\">\n<div class=\"wp-block-column is-layout-flow wp-block-column-is-layout-flow\" style=\"flex-basis:5%\"><\/div>\n\n\n\n<div class=\"wp-block-column is-layout-flow wp-block-column-is-layout-flow\">\n<h2 class=\"wp-block-heading has-text-align-left ghostkit-custom-ZbwAru\" id=\"plus-de-sport-et-moins-de-gestion-grace-au-gain-de-temps-apporte-par-kananas\"><strong>Testimonio<\/strong><\/h2>\n\n\n\n<div class=\"wp-block-columns roundDiv has-base-background-color has-background is-layout-flex wp-container-core-columns-is-layout-8f761849 wp-block-columns-is-layout-flex\">\n<div class=\"wp-block-column is-vertically-aligned-center is-layout-flow wp-block-column-is-layout-flow\" style=\"flex-basis:15%\">\n<figure class=\"wp-block-image size-full padding30\"><img decoding=\"async\" src=\"https:\/\/www.kananas.com\/en\/wp-content\/uploads\/sites\/2145\/2025\/11\/pickleball-club-management-software-kananas.png\" alt=\"\" class=\"wp-image-6667\"\/><\/figure>\n<\/div>\n\n\n\n<div class=\"wp-block-column is-vertically-aligned-center is-layout-flow wp-block-column-is-layout-flow\">\n<div style=\"height:30px\" aria-hidden=\"true\" class=\"wp-block-spacer\"><\/div>\n\n\n\n<blockquote class=\"wp-block-quote is-layout-flow wp-block-quote-is-layout-flow\">\n<p class=\"wp-block-paragraph\">\u201cGestionar nuestro club de pickleball era un caos de hojas de c\u00e1lculo y correos. Con Kananas todo cambi\u00f3: la IA env\u00eda recordatorios, redacta mensajes y nos avisa de jugadores inactivos. La comunicaci\u00f3n es fluida y ahora tenemos tiempo para centrarnos en la comunidad\u2026 y hasta jugar m\u00e1s.\u201d<\/p>\n\n\n\n<p class=\"wp-block-paragraph\"><br>\u2014 <em>BayArea Pickleball Collective (California)<\/em><\/p>\n<\/blockquote>\n<\/div>\n\n\n\n<div class=\"wp-block-column is-vertically-aligned-center is-layout-flow wp-block-column-is-layout-flow\" style=\"flex-basis:10px\"><\/div>\n<\/div>\n\n\n\n<div style=\"height:120px\" aria-hidden=\"true\" class=\"wp-block-spacer\"><\/div>\n\n\n\n<h2 class=\"wp-block-heading\"><strong>Comparaci\u00f3n con otras soluciones del mercado<\/strong><\/h2>\n\n\n\n<figure class=\"wp-block-table\"><table class=\"has-fixed-layout\"><thead><tr><th>Funci\u00f3n \/ Plataforma<\/th><th><strong>Kananas \ud83e\udde0<\/strong><\/th><th>CourtReserve<\/th><th>ClubAutomation<\/th><th>PicklePlanner<\/th><\/tr><\/thead><tbody><tr><td><strong>Asistente de IA integrado<\/strong><\/td><td>\u2705 Automatiza tareas y redacta correos<\/td><td>\u274c<\/td><td>\u274c<\/td><td>\u274c<\/td><\/tr><tr><td><strong>Anal\u00edtica e informaci\u00f3n predictiva<\/strong><\/td><td>\u2705 Cuadros de mando<\/td><td>\u26a0\ufe0f B\u00e1sica<\/td><td>\u26a0\ufe0f B\u00e1sica<\/td><td>\u26a0\ufe0f B\u00e1sica<\/td><\/tr><tr><td><strong>Reserva y planificaci\u00f3n de pistas<\/strong><\/td><td>\u2705<\/td><td>\u2705<\/td><td>\u2705<\/td><td>\u2705<\/td><\/tr><tr><td><strong>Gesti\u00f3n de ligas y torneos<\/strong><\/td><td>\u2705<\/td><td>\u2705<\/td><td>\u26a0\ufe0f Complemento<\/td><td>\u26a0\ufe0f Complemento<\/td><\/tr><tr><td><strong>Venta de entradas y pagos online<\/strong><\/td><td>\u2705 Integrada<\/td><td>\u26a0\ufe0f Complemento<\/td><td>\u26a0\ufe0f Complemento<\/td><td>\u26a0\ufe0f Limitada<\/td><\/tr><tr><td><strong>Automatizaci\u00f3n de membres\u00edas y facturaci\u00f3n<\/strong><\/td><td>\u2705<\/td><td>\u2705<\/td><td>\u2705<\/td><td>\u2705<\/td><\/tr><tr><td><strong>Comunicaci\u00f3n automatizada (IA)<\/strong><\/td><td>\u2705 Correos, recordatorios, boletines<\/td><td>\u26a0\ufe0f Manual<\/td><td>\u26a0\ufe0f Manual<\/td><td>\u26a0\ufe0f Manual<\/td><\/tr><tr><td><strong>Soporte<\/strong><\/td><td>\u2705<\/td><td>\u26a0\ufe0f<\/td><td>\u26a0\ufe0f<\/td><td>\u26a0\ufe0f<\/td><\/tr><tr><td><strong>Prueba gratuita de 30 d\u00edas<\/strong><\/td><td>\u2705<\/td><td>\u274c<\/td><td>\u26a0\ufe0f Solo demo<\/td><td>\u26a0\ufe0f 7 d\u00edas<\/td><\/tr><\/tbody><\/table><\/figure>\n\n\n\n<div style=\"height:80px\" aria-hidden=\"true\" class=\"wp-block-spacer\"><\/div>\n\n\n\n<div class=\"wp-block-columns is-layout-flex wp-container-core-columns-is-layout-8f761849 wp-block-columns-is-layout-flex\">\n<div class=\"wp-block-column is-layout-flow wp-block-column-is-layout-flow\" style=\"flex-basis:5%\"><\/div>\n\n\n\n<div class=\"wp-block-column roundDiv has-base-3-color has-accent-background-color has-text-color has-background has-link-color wp-elements-84907d1fef8038a4794ab7a452f7555a is-layout-flow wp-block-column-is-layout-flow\">\n<div class=\"wp-block-columns is-layout-flex wp-container-core-columns-is-layout-8f761849 wp-block-columns-is-layout-flex\">\n<div class=\"wp-block-column is-layout-flow wp-block-column-is-layout-flow\" style=\"flex-basis:5%\"><\/div>\n\n\n\n<div class=\"wp-block-column is-layout-flow wp-block-column-is-layout-flow\">\n<div style=\"height:20px\" aria-hidden=\"true\" class=\"wp-block-spacer\"><\/div>\n\n\n\n<h2 class=\"wp-block-heading\"><strong>Resultados comprobados con Kananas<\/strong><\/h2>\n\n\n\n<p class=\"wp-block-paragraph\">En promedio, los usuarios de Kananas ahorran <strong>2 horas<\/strong> de trabajo administrativo por semana, experimentan un aumento del <strong>40 % <\/strong>en las conversiones de pagos en l\u00ednea y un incremento del <strong>35 %<\/strong> en la asistencia a eventos.<\/p>\n\n\n\n<p class=\"wp-block-paragraph\">Estas son cifras reales, proporcionadas directamente por los usuarios de Kananas.<\/p>\n<\/div>\n\n\n\n<div class=\"wp-block-column is-layout-flow wp-block-column-is-layout-flow\" style=\"flex-basis:5%\"><\/div>\n<\/div>\n<\/div>\n\n\n\n<div class=\"wp-block-column is-layout-flow wp-block-column-is-layout-flow\" style=\"flex-basis:5%\"><\/div>\n<\/div>\n\n\n\n<div style=\"height:120px\" aria-hidden=\"true\" class=\"wp-block-spacer\"><\/div>\n\n\n\n<h2 class=\"wp-block-heading\"><strong>FAQ \u2013 Software para clubes de pickleball<\/strong><\/h2>\n\n\n\n<p class=\"wp-block-paragraph\"><strong>\u00bfKananas es adecuado para clubes de pickleball?<\/strong><br>S\u00ed. Kananas permite gestionar pistas, horarios, grupos, niveles, socios, pagos y torneos desde una sola plataforma.<\/p>\n\n\n\n<p class=\"wp-block-paragraph\"><strong>\u00bfKananas gestiona varios grupos, niveles y entrenadores?<\/strong><br>S\u00ed. Puedes crear grupos por nivel (iniciante, intermedio, avanzado), cl\u00ednicas, escuelas y entrenamientos. Cada responsable gestiona su \u00e1rea con acceso dedicado.<\/p>\n\n\n\n<p class=\"wp-block-paragraph\"><strong>\u00bfQu\u00e9 puede hacer la IA de Kananas?<\/strong><br>Crea mensajes, recordatorios y avisos autom\u00e1ticos. Redacta textos para eventos y comunicaciones. Analiza la ocupaci\u00f3n de pistas y propone mejoras.<\/p>\n\n\n\n<p class=\"wp-block-paragraph\"><strong>\u00bfPuede organizar torneos y ligas de pickleball?<\/strong><br>S\u00ed. Kananas gestiona torneos, ligas internas, inscripciones online, pagos, c\u00f3digos QR y resultados.<\/p>\n\n\n\n<p class=\"wp-block-paragraph\"><strong>\u00bfNecesito conocimientos t\u00e9cnicos?<\/strong><br>No. Kananas es intuitivo, f\u00e1cil de usar y no requiere programaci\u00f3n. La IA te gu\u00eda en el d\u00eda a d\u00eda.<\/p>\n\n\n\n<p class=\"wp-block-paragraph\"><strong>\u00bfKananas funciona en diferentes pa\u00edses y monedas?<\/strong><br>S\u00ed. Se adapta a euros, pesos y otras monedas. Los pagos online funcionan seg\u00fan tu regi\u00f3n.<\/p>\n\n\n\n<p class=\"wp-block-paragraph\"><strong>\u00bfEn qu\u00e9 idiomas est\u00e1 disponible Kananas?<\/strong><br>En espa\u00f1ol, ingl\u00e9s y m\u00e1s idiomas. Entrenadores y jugadores pueden comunicarse en el idioma que prefieran.<\/p>\n\n\n\n<p class=\"wp-block-paragraph\"><strong>\u00bfHay una versi\u00f3n de prueba gratuita?<\/strong><br>S\u00ed. Puedes probar Kananas gratis durante 30 d\u00edas, sin tarjeta bancaria, y descubrir c\u00f3mo simplifica la gesti\u00f3n de tu club de pickleball.<\/p>\n<\/div>\n\n\n\n<div class=\"wp-block-column is-layout-flow wp-block-column-is-layout-flow\" style=\"flex-basis:5%\"><\/div>\n<\/div>\n\n\n\n<div class=\"wp-block-columns has-base-3-color has-accent-background-color has-text-color has-background has-link-color wp-elements-7ce69abda1125172a350b5c9b553939a is-layout-flex wp-container-core-columns-is-layout-8f761849 wp-block-columns-is-layout-flex\">\n<div class=\"wp-block-column is-layout-flow wp-block-column-is-layout-flow\" style=\"flex-basis:5%\"><\/div>\n\n\n\n<div class=\"wp-block-column is-layout-flow wp-block-column-is-layout-flow\">\n<div style=\"height:100px\" aria-hidden=\"true\" class=\"wp-block-spacer\"><\/div>\n\n\n\n<div class=\"wp-block-columns is-layout-flex wp-container-core-columns-is-layout-8f761849 wp-block-columns-is-layout-flex\">\n<div class=\"wp-block-column is-layout-flow wp-block-column-is-layout-flow\" style=\"flex-basis:5%\"><\/div>\n\n\n\n<div class=\"wp-block-column is-layout-flow wp-block-column-is-layout-flow\">\n<h2 class=\"wp-block-heading\"><strong>Optimice su tiempo, impulse su asociaci\u00f3n con Kananas<\/strong><\/h2>\n\n\n\n<p class=\"wp-block-paragraph\">Reg\u00edstrese gratis en Kananas y disfrute de 30 d\u00edas de prueba sin tarjeta bancaria.<\/p>\n\n\n\n<div style=\"height:20px\" aria-hidden=\"true\" class=\"wp-block-spacer\"><\/div>\n\n\n\n<div class=\"wp-block-buttons is-content-justification-center is-layout-flex wp-container-core-buttons-is-layout-fe48e5de wp-block-buttons-is-layout-flex\">\n<div class=\"wp-block-button\"><a class=\"wp-block-button__link has-accent-color has-base-2-background-color has-text-color has-background has-link-color has-medium-font-size has-custom-font-size wp-element-button\" href=\"https:\/\/app.kananas.com\/organisation\/add\/p\/1\/lang\/ESP\" target=\"_blank\" rel=\"noreferrer noopener\">Empezar<\/a><\/div>\n<\/div>\n<\/div>\n\n\n\n<div class=\"wp-block-column is-layout-flow wp-block-column-is-layout-flow\" style=\"flex-basis:5%\"><\/div>\n<\/div>\n\n\n\n<div style=\"height:100px\" aria-hidden=\"true\" class=\"wp-block-spacer\"><\/div>\n<\/div>\n\n\n\n<div class=\"wp-block-column is-vertically-aligned-center is-layout-flow wp-block-column-is-layout-flow\"><div class=\"wp-block-image is-style-rounded\">\n<figure class=\"aligncenter size-large is-resized\"><img decoding=\"async\" src=\"https:\/\/www.kananas.com\/wp-content\/uploads\/2024\/12\/Screenshot-2024-12-04-at-08-47-20-Free-Photo-Side-view-smiley-man-working-on-laptop-1024x683.png\" alt=\"\" class=\"wp-image-7872\" style=\"width:300px\"\/><\/figure>\n<\/div><\/div>\n\n\n\n<div class=\"wp-block-column is-layout-flow wp-block-column-is-layout-flow\" style=\"flex-basis:5%\"><\/div>\n<\/div>\n","protected":false},"excerpt":{"rendered":"<p>Software de gesti\u00f3n para clubes de pickleball con IA Kananas es la plataforma todo-en-uno para gestionar tu club de pickleball: canchas, socios, actividades y torneos, ahora potenciada con IA para simplificar tu d\u00eda a d\u00eda.Automatiza reservas, pagos y comunicaciones, mientras la IA redacta tus correos, boletines e informes en segundos.Ahorra tiempo, mant\u00e9n todo organizado y &#8230; <a title=\"Club de pickleball\" class=\"read-more\" href=\"https:\/\/www.kananas.com\/es\/software\/club-de-pickleball\/\" aria-label=\"En savoir plus sur Club de pickleball\">Lire la suite<\/a><\/p>\n","protected":false},"author":1,"featured_media":0,"parent":5848,"menu_order":0,"comment_status":"closed","ping_status":"closed","template":"","meta":{"_crdt_document":"","footnotes":""},"class_list":["post-4652","page","type-page","status-publish"],"aioseo_notices":[],"_links":{"self":[{"href":"https:\/\/www.kananas.com\/es\/wp-json\/wp\/v2\/pages\/4652","targetHints":{"allow":["GET"]}}],"collection":[{"href":"https:\/\/www.kananas.com\/es\/wp-json\/wp\/v2\/pages"}],"about":[{"href":"https:\/\/www.kananas.com\/es\/wp-json\/wp\/v2\/types\/page"}],"author":[{"embeddable":true,"href":"https:\/\/www.kananas.com\/es\/wp-json\/wp\/v2\/users\/1"}],"replies":[{"embeddable":true,"href":"https:\/\/www.kananas.com\/es\/wp-json\/wp\/v2\/comments?post=4652"}],"version-history":[{"count":10,"href":"https:\/\/www.kananas.com\/es\/wp-json\/wp\/v2\/pages\/4652\/revisions"}],"predecessor-version":[{"id":6189,"href":"https:\/\/www.kananas.com\/es\/wp-json\/wp\/v2\/pages\/4652\/revisions\/6189"}],"up":[{"embeddable":true,"href":"https:\/\/www.kananas.com\/es\/wp-json\/wp\/v2\/pages\/5848"}],"wp:attachment":[{"href":"https:\/\/www.kananas.com\/es\/wp-json\/wp\/v2\/media?parent=4652"}],"curies":[{"name":"wp","href":"https:\/\/api.w.org\/{rel}","templated":true}]}}