{"id":4675,"date":"2023-08-01T17:32:20","date_gmt":"2023-08-01T15:32:20","guid":{"rendered":"https:\/\/www.kananas.com\/es\/?page_id=4675"},"modified":"2025-11-15T20:08:01","modified_gmt":"2025-11-15T18:08:01","slug":"club-de-nautico","status":"publish","type":"page","link":"https:\/\/www.kananas.com\/es\/software\/club-de-nautico\/","title":{"rendered":"Club de n\u00e1utico"},"content":{"rendered":"\n<div class=\"wp-block-columns is-layout-flex wp-container-core-columns-is-layout-8f761849 wp-block-columns-is-layout-flex\">\n<div class=\"wp-block-column is-layout-flow wp-block-column-is-layout-flow\">\n<div class=\"wp-block-columns has-background is-layout-flex wp-container-core-columns-is-layout-8f761849 wp-block-columns-is-layout-flex\" style=\"background-color:#f6f7fd\">\n<div class=\"wp-block-column is-layout-flow wp-block-column-is-layout-flow\" style=\"flex-basis:5%\"><\/div>\n\n\n\n<div class=\"wp-block-column padding10 is-layout-flow wp-block-column-is-layout-flow\" style=\"flex-basis:35%\">\n<div style=\"height:150px\" aria-hidden=\"true\" class=\"wp-block-spacer\"><\/div>\n\n\n\n<h1 class=\"wp-block-heading\"><strong>Software CRM con inteligencia artificial para clubes n\u00e1uticos<\/strong><\/h1>\n\n\n\n<p class=\"wp-block-paragraph\">Gestiona tu club n\u00e1utico, organiza amarres, eventos, cursos de vela y automatiza tus procesos con la IA de Kananas. Ahorra tiempo y enfoca tus esfuerzos en la experiencia de tus socios.<\/p>\n\n\n\n<p class=\"wp-block-paragraph\">Kananas es la plataforma CRM todo-en-uno para <strong>clubes n\u00e1uticos y centros de deporte mar\u00edtimo en Espa\u00f1a y Latinoam\u00e9rica<\/strong>.<\/p>\n\n\n\n<div style=\"height:20px\" aria-hidden=\"true\" class=\"wp-block-spacer\"><\/div>\n\n\n\n<div class=\"wp-block-buttons alignfull ghostkit-custom-2rfJNX is-content-justification-center is-layout-flex wp-container-core-buttons-is-layout-fe48e5de wp-block-buttons-is-layout-flex\">\n<div class=\"wp-block-button\"><a class=\"wp-block-button__link has-base-3-color has-accent-background-color has-text-color has-background has-link-color has-medium-font-size has-custom-font-size wp-element-button\" href=\"https:\/\/backoffice.kananas.com\/action_manager.php?event=organisation_add&amp;p=1&amp;lang=ESP\" target=\"_blank\" rel=\"noreferrer noopener\">Comienza tu prueba gratuita de 30 d\u00edas<\/a><\/div>\n<\/div>\n\n\n\n<div style=\"height:100px\" aria-hidden=\"true\" class=\"wp-block-spacer\"><\/div>\n<\/div>\n\n\n\n<div class=\"wp-block-column is-layout-flow wp-block-column-is-layout-flow\" style=\"flex-basis:5%\"><\/div>\n\n\n\n<div class=\"wp-block-column is-vertically-aligned-center padding10 is-layout-flow wp-block-column-is-layout-flow\" style=\"flex-basis:50%\"><div class=\"wp-block-image is-style-default\">\n<figure class=\"aligncenter size-large\"><img decoding=\"async\" src=\"https:\/\/www.kananas.com\/wp-content\/uploads\/2023\/06\/voile2-1024x682.png\" alt=\"software de gesti\u00f3n de clubes de vela\" class=\"wp-image-4490\" style=\"aspect-ratio:3\/2;object-fit:cover\"\/><\/figure>\n<\/div><\/div>\n\n\n\n<div class=\"wp-block-column is-layout-flow wp-block-column-is-layout-flow\" style=\"flex-basis:5%\"><\/div>\n<\/div>\n<\/div>\n<\/div>\n\n\n\n<div style=\"height:50px\" aria-hidden=\"true\" class=\"wp-block-spacer\"><\/div>\n\n\n\n<div class=\"wp-block-columns is-not-stacked-on-mobile is-layout-flex wp-container-core-columns-is-layout-8f761849 wp-block-columns-is-layout-flex\">\n<div class=\"wp-block-column is-layout-flow wp-block-column-is-layout-flow\" style=\"flex-basis:5%\"><\/div>\n\n\n\n<div class=\"wp-block-column has-base-3-color has-text-color has-link-color wp-elements-c09f4b6bef940ab59cc6fef008ebcaaf is-layout-flow wp-block-column-is-layout-flow\">\n<div class=\"wp-block-columns is-layout-flex wp-container-core-columns-is-layout-8f761849 wp-block-columns-is-layout-flex\">\n<div class=\"wp-block-column is-layout-flow wp-block-column-is-layout-flow\" style=\"flex-basis:5%\"><\/div>\n\n\n\n<div class=\"wp-block-column is-layout-flow wp-block-column-is-layout-flow\">\n<div style=\"height:20px\" aria-hidden=\"true\" class=\"wp-block-spacer\"><\/div>\n\n\n\n<h2 class=\"wp-block-heading has-text-align-center has-accent-color has-text-color has-link-color wp-elements-cedb48008be7ecc0077163f1a61e2a2c\"><strong><strong>Probado y aprobado por m\u00e1s de 11.000 asociaciones<\/strong><\/strong><\/h2>\n<\/div>\n\n\n\n<div class=\"wp-block-column is-layout-flow wp-block-column-is-layout-flow\" style=\"flex-basis:5%\"><\/div>\n<\/div>\n<\/div>\n\n\n\n<div class=\"wp-block-column is-layout-flow wp-block-column-is-layout-flow\" style=\"flex-basis:5%\"><\/div>\n<\/div>\n\n\n\n<div style=\"height:50px\" aria-hidden=\"true\" class=\"wp-block-spacer\"><\/div>\n\n\n\n<div class=\"wp-block-columns alignfull ghostkit-custom-ZaqVp2 is-layout-flex wp-container-core-columns-is-layout-8f761849 wp-block-columns-is-layout-flex\">\n<div class=\"wp-block-column is-vertically-aligned-center is-layout-flow wp-block-column-is-layout-flow\" style=\"flex-basis:2%\"><\/div>\n\n\n\n<div class=\"wp-block-column is-vertically-aligned-center is-layout-flow wp-block-column-is-layout-flow\" style=\"flex-basis:50%\">\n<h2 class=\"wp-block-heading\"><strong>Ventajas de Kananas para tu club n\u00e1utico<\/strong><\/h2>\n\n\n\n<p class=\"wp-block-paragraph\"><strong>Actividades, cursos y regatas<\/strong> \u2013 Organiza salidas, regatas, formaciones y eventos con inscripci\u00f3n digital y control de asistencia.<\/p>\n\n\n\n<p class=\"wp-block-paragraph\"><strong>Gesti\u00f3n de socios, amarres y embarcaciones<\/strong> \u2013 Automatiza altas, renovaciones, pagos, seguimientos de amarres y embarcaciones sin esfuerzo.<\/p>\n\n\n\n<p class=\"wp-block-paragraph\"><strong>Asistente con Inteligencia Artificial<\/strong> \u2013 Genera comunicados, newsletters o informes de actividades n\u00e1uticas al instante, con tono profesional y cercano.<\/p>\n\n\n\n<p class=\"wp-block-paragraph\"><strong>Pagos, donaciones y patrocinios<\/strong> \u2013 Gestiona cuotas de socios, venta de amarres, donaciones o patrocinio del club desde una misma plataforma.<\/p>\n\n\n\n<p class=\"wp-block-paragraph\"><strong>Plataforma en la nube y f\u00e1cil de usar<\/strong> \u2013 Accede desde cualquier dispositivo, sin instalaci\u00f3n ni conocimientos t\u00e9cnicos necesarios.<\/p>\n\n\n\n<p class=\"wp-block-paragraph\"><strong>Informes y anal\u00edtica inteligente<\/strong> \u2013 Obt\u00e9n reportes autom\u00e1ticos sobre participaci\u00f3n, ingresos, ocupaci\u00f3n de amarres y satisfacci\u00f3n de socios.<\/p>\n<\/div>\n\n\n\n<div class=\"wp-block-column is-vertically-aligned-center padding10 is-layout-flow wp-block-column-is-layout-flow\" style=\"flex-basis:50%\"><div class=\"wp-block-image\">\n<figure class=\"aligncenter size-large\"><img decoding=\"async\" src=\"http:\/\/www.kananas.com\/es\/wp-content\/uploads\/sites\/2143\/2025\/05\/home-page-ES-rounded-grid.png\" alt=\"El software de gesti\u00f3n para clubes de vela\" class=\"wp-image-8918\"\/><\/figure>\n<\/div><\/div>\n\n\n\n<div class=\"wp-block-column is-vertically-aligned-center is-layout-flow wp-block-column-is-layout-flow\" style=\"flex-basis:5%\"><\/div>\n<\/div>\n\n\n\n<div style=\"height:50px\" aria-hidden=\"true\" class=\"wp-block-spacer\"><\/div>\n\n\n\n<div class=\"wp-block-group has-background\" style=\"background-color:#f6f7fd\"><div class=\"wp-block-group__inner-container is-layout-constrained wp-block-group-is-layout-constrained\">\n<div class=\"wp-block-columns is-layout-flex wp-container-core-columns-is-layout-8f761849 wp-block-columns-is-layout-flex\">\n<div class=\"wp-block-column is-layout-flow wp-block-column-is-layout-flow\" style=\"flex-basis:5%\"><\/div>\n\n\n\n<div class=\"wp-block-column is-layout-flow wp-block-column-is-layout-flow\">\n<h2 class=\"wp-block-heading\"><strong>Por qu\u00e9 los clubes n\u00e1uticos eligen Kananas<\/strong><\/h2>\n\n\n\n<p class=\"wp-block-paragraph\">Los clubes n\u00e1uticos eligen Kananas porque ofrece un <strong>CRM especializado con inteligencia artificial<\/strong>, pensado para automatizar la gesti\u00f3n de socios, amarres y actividades n\u00e1uticas, y as\u00ed poder centrarse en la comunidad y la navegaci\u00f3n.<\/p>\n\n\n\n<ul class=\"wp-block-list\">\n<li><strong>CRM<\/strong> centralizado para socios, amarres, actividades, pagos y comunicaci\u00f3n.<\/li>\n\n\n\n<li>Automatizaci\u00f3n mediante <strong>IA <\/strong>(recordatorios, newsletters, informes).<\/li>\n\n\n\n<li>Reducci\u00f3n del tiempo administrativo y mayor eficiencia operativa.<\/li>\n\n\n\n<li>Adaptado al mercado hispanohablante: soporte <strong>100 % en espa\u00f1ol<\/strong>, cumplimiento RGPD y servidores seguros en Europa.<\/li>\n<\/ul>\n<\/div>\n\n\n\n<div class=\"wp-block-column is-layout-flow wp-block-column-is-layout-flow\" style=\"flex-basis:5%\"><\/div>\n<\/div>\n\n\n\n<div style=\"height:50px\" aria-hidden=\"true\" class=\"wp-block-spacer\"><\/div>\n\n\n\n<div class=\"wp-block-columns is-layout-flex wp-container-core-columns-is-layout-8f761849 wp-block-columns-is-layout-flex\">\n<div class=\"wp-block-column is-layout-flow wp-block-column-is-layout-flow\" style=\"flex-basis:5%\"><\/div>\n\n\n\n<div class=\"wp-block-column is-layout-flow wp-block-column-is-layout-flow\">\n<figure class=\"wp-block-image size-large is-style-default\"><img decoding=\"async\" src=\"https:\/\/www.kananas.com\/wp-content\/uploads\/2024\/12\/Screenshot-2024-12-04-at-08-44-02-Free-Photo-Front-view-woman-drawing-in-the-ipad-1024x683.png\" alt=\"management software for retirees\u2019 associations \u2013 communicate\" class=\"wp-image-7800\" style=\"aspect-ratio:3\/2;object-fit:cover\"\/><\/figure>\n\n\n\n<div style=\"height:20px\" aria-hidden=\"true\" class=\"wp-block-spacer\"><\/div>\n\n\n\n<h3 class=\"wp-block-heading\"><strong>Comunicaci\u00f3n<\/strong><\/h3>\n\n\n\n<p class=\"wp-block-paragraph\">Crea <a href=\"https:\/\/www.kananas.com\/es\/documentation\/comunicacion\/encuestas-y-votaciones\/\" title=\"Encuestas y votaciones: formularios\">formularios<\/a> para realizar encuestas, votaciones en l\u00ednea o cuestionarios. Consulta los resultados en tiempo real.<\/p>\n\n\n\n<p class=\"wp-block-paragraph\"><a href=\"https:\/\/www.kananas.com\/es\/documentation\/miembros\/afiliacion\/\" title=\"Afiliaci\u00f3n\">Membres\u00eda<\/a> en l\u00ednea con registro de datos y pago correspondiente.<\/p>\n<\/div>\n\n\n\n<div class=\"wp-block-column is-layout-flow wp-block-column-is-layout-flow\" style=\"flex-basis:3%\"><\/div>\n\n\n\n<div class=\"wp-block-column is-layout-flow wp-block-column-is-layout-flow\">\n<figure class=\"wp-block-image size-full\"><a href=\"https:\/\/www.kananas.com\/en\/wp-content\/uploads\/sites\/2145\/2025\/11\/sail-club-race-1.png\"><img decoding=\"async\" src=\"https:\/\/www.kananas.com\/en\/wp-content\/uploads\/sites\/2145\/2025\/11\/sail-club-race-1.png\" alt=\"software de gesti\u00f3n de clubes de vela \u2013 planificar y gestionar\" class=\"wp-image-6712\" style=\"aspect-ratio:4\/3;object-fit:cover\"\/><\/a><\/figure>\n\n\n\n<div style=\"height:20px\" aria-hidden=\"true\" class=\"wp-block-spacer\"><\/div>\n\n\n\n<h3 class=\"wp-block-heading\"><strong>Planifica<\/strong><\/h3>\n\n\n\n<p class=\"wp-block-paragraph\">Gestiona tus <a href=\"https:\/\/www.kananas.com\/es\/documentation\/planificacion\/actividades\/\" title=\"Actividades y eventos\">eventos<\/a>, programa reuniones y env\u00eda invitaciones.<\/p>\n\n\n\n<p class=\"wp-block-paragraph\">Organiza actividades y eventos sociales como visitas o viajes, y vende entradas online gracias a la <a href=\"https:\/\/www.kananas.com\/es\/documentation\/planificacion\/taquilla\/\" title=\"Taquilla\">plataforma de venta de entradas<\/a> de Kananas.<\/p>\n<\/div>\n\n\n\n<div class=\"wp-block-column is-layout-flow wp-block-column-is-layout-flow\" style=\"flex-basis:3%\"><\/div>\n\n\n\n<div class=\"wp-block-column is-layout-flow wp-block-column-is-layout-flow\">\n<figure class=\"wp-block-image size-full is-style-default\"><img decoding=\"async\" src=\"https:\/\/www.kananas.com\/wp-content\/uploads\/2024\/03\/alumni2.jpg\" alt=\"management software for retirees\u2019 associations \u2013 manage\" class=\"wp-image-6123\" style=\"aspect-ratio:3\/2;object-fit:cover\"\/><\/figure>\n\n\n\n<div style=\"height:20px\" aria-hidden=\"true\" class=\"wp-block-spacer\"><\/div>\n\n\n\n<h3 class=\"wp-block-heading\"><strong>Gesti\u00f3n<\/strong><\/h3>\n\n\n\n<p class=\"wp-block-paragraph\">Acceda a los registros de sus <a href=\"https:\/\/www.kananas.com\/es\/documentation\/miembros\/\" title=\"Miembros\">miembros<\/a> en cualquier momento y lugar.<\/p>\n\n\n\n<p class=\"wp-block-paragraph\">Todos sus <a href=\"https:\/\/www.kananas.com\/es\/documentation\/documentos\/\" title=\"Documentos\">documentos<\/a> centralizados en un entorno seguro con copias de seguridad.<\/p>\n<\/div>\n\n\n\n<div class=\"wp-block-column is-layout-flow wp-block-column-is-layout-flow\" style=\"flex-basis:5%\"><\/div>\n<\/div>\n<\/div><\/div>\n\n\n\n<div style=\"height:31px\" aria-hidden=\"true\" class=\"wp-block-spacer\"><\/div>\n\n\n\n<div class=\"wp-block-buttons alignfull ghostkit-custom-2rfJNX is-content-justification-center is-layout-flex wp-container-core-buttons-is-layout-fe48e5de wp-block-buttons-is-layout-flex\">\n<div class=\"wp-block-button\"><a class=\"wp-block-button__link has-base-3-color has-accent-background-color has-text-color has-background has-link-color has-medium-font-size has-custom-font-size wp-element-button\" href=\"https:\/\/backoffice.kananas.com\/action_manager.php?event=organisation_add&amp;p=1&amp;lang=ESP\" target=\"_blank\" rel=\"noreferrer noopener\">Comienza tu prueba gratuita de 30 d\u00edas<\/a><\/div>\n<\/div>\n\n\n\n<div style=\"height:50px\" aria-hidden=\"true\" class=\"wp-block-spacer\"><\/div>\n\n\n\n<div class=\"wp-block-columns is-layout-flex wp-container-core-columns-is-layout-8f761849 wp-block-columns-is-layout-flex\">\n<div class=\"wp-block-column is-layout-flow wp-block-column-is-layout-flow\" style=\"flex-basis:5%\"><\/div>\n\n\n\n<div class=\"wp-block-column is-layout-flow wp-block-column-is-layout-flow\">\n<h2 class=\"wp-block-heading has-text-align-left ghostkit-custom-ZbwAru\" id=\"plus-de-sport-et-moins-de-gestion-grace-au-gain-de-temps-apporte-par-kananas\"><strong>Testimonio<\/strong><\/h2>\n\n\n\n<div class=\"wp-block-columns roundDiv has-base-background-color has-background is-layout-flex wp-container-core-columns-is-layout-8f761849 wp-block-columns-is-layout-flex\">\n<div class=\"wp-block-column is-vertically-aligned-center is-layout-flow wp-block-column-is-layout-flow\" style=\"flex-basis:20%\">\n<figure class=\"wp-block-image size-full padding30\"><img decoding=\"async\" src=\"https:\/\/www.kananas.com\/en\/wp-content\/uploads\/sites\/2145\/2025\/11\/sailing-club-management-software.png\" alt=\"\" class=\"wp-image-6708\"\/><\/figure>\n<\/div>\n\n\n\n<div class=\"wp-block-column is-vertically-aligned-center is-layout-flow wp-block-column-is-layout-flow\">\n<div style=\"height:30px\" aria-hidden=\"true\" class=\"wp-block-spacer\"><\/div>\n\n\n\n<blockquote class=\"wp-block-quote is-layout-flow wp-block-quote-is-layout-flow\">\n<p class=\"wp-block-paragraph\">\u201cCon Kananas hemos digitalizado la gesti\u00f3n de amarres, automatizado las inscripciones y mejorado la comunicaci\u00f3n con nuestros socios. Ahora podemos centrarnos en ofrecer experiencias mar\u00edtimas de calidad.\u201d<\/p>\n\n\n\n<p class=\"wp-block-paragraph\"><br>\u2014 Club N\u00e1utico \u201cMar Libre\u201d, Valencia<\/p>\n<\/blockquote>\n<\/div>\n\n\n\n<div class=\"wp-block-column is-vertically-aligned-center is-layout-flow wp-block-column-is-layout-flow\" style=\"flex-basis:10px\"><\/div>\n<\/div>\n\n\n\n<div style=\"height:120px\" aria-hidden=\"true\" class=\"wp-block-spacer\"><\/div>\n\n\n\n<h2 class=\"wp-block-heading\"><strong>Comparativo: Kananas frente a otras soluciones para clubes n\u00e1uticos en Espa\u00f1a<\/strong><\/h2>\n\n\n\n<figure class=\"wp-block-table\"><table class=\"has-fixed-layout\"><thead><tr><th>Funcionalidad<\/th><th>\u2705 <strong>Kananas<\/strong><\/th><th>Pandora ERP Nautico<\/th><th>EasyPier Marina Management<\/th><th>Playoff Clubes y Nautismo<\/th><\/tr><\/thead><tbody><tr><td>CRM + base de datos de socios y amarres<\/td><td>\u2705 S\u00ed \u2014 CRM completo con IA y segmentaci\u00f3n<\/td><td>\u2705 S\u00ed \u2014 ERP para clubes y marinas<\/td><td>\u2705 S\u00ed \u2014 gesti\u00f3n de marinas y clubs n\u00e1uticos<\/td><td>\u2705 S\u00ed \u2014 gesti\u00f3n de clubs deportivos y n\u00e1uticos<\/td><\/tr><tr><td>Inteligencia artificial &amp; automatizaci\u00f3n<\/td><td>\u2705 S\u00ed \u2014 IA integrada para comunicaciones y tareas<\/td><td>\u274c No<\/td><td>\u274c No<\/td><td>\u274c No<\/td><\/tr><tr><td>Gesti\u00f3n de actividades, amarres y eventos n\u00e1uticos<\/td><td>\u2705 S\u00ed \u2014 cursos n\u00e1uticos, salidas, inscripciones<\/td><td>\u2705 S\u00ed<\/td><td>\u2705 S\u00ed<\/td><td>\u2705 S\u00ed<\/td><\/tr><tr><td>Pagos, donaciones y patrocinio<\/td><td>\u2705 S\u00ed \u2014 automatizaci\u00f3n y centralizaci\u00f3n<\/td><td>\u2705 S\u00ed<\/td><td>\u2705 S\u00ed<\/td><td>\u2705 S\u00ed<\/td><\/tr><tr><td>Informes y anal\u00edtica inteligente<\/td><td>\u2705 S\u00ed \u2014 reportes autom\u00e1ticos v\u00eda IA<\/td><td>\u26a0\ufe0f Limitado<\/td><td>\u26a0\ufe0f Limitado<\/td><td>\u2705 S\u00ed \u2014 informes y estad\u00edsticas<\/td><\/tr><tr><td>Soporte en espa\u00f1ol \/ Adaptado Espa\u00f1a-LatAm<\/td><td>\u2705 S\u00ed \u2014 versi\u00f3n dedicada 100 % en espa\u00f1ol<\/td><td>\u2705 S\u00ed<\/td><td>\u2705 S\u00ed<\/td><td>\u2705 S\u00ed<\/td><\/tr><\/tbody><\/table><\/figure>\n\n\n\n<div style=\"height:80px\" aria-hidden=\"true\" class=\"wp-block-spacer\"><\/div>\n\n\n\n<div class=\"wp-block-columns is-layout-flex wp-container-core-columns-is-layout-8f761849 wp-block-columns-is-layout-flex\">\n<div class=\"wp-block-column is-layout-flow wp-block-column-is-layout-flow\" style=\"flex-basis:5%\"><\/div>\n\n\n\n<div class=\"wp-block-column roundDiv has-base-3-color has-accent-background-color has-text-color has-background has-link-color wp-elements-84907d1fef8038a4794ab7a452f7555a is-layout-flow wp-block-column-is-layout-flow\">\n<div class=\"wp-block-columns is-layout-flex wp-container-core-columns-is-layout-8f761849 wp-block-columns-is-layout-flex\">\n<div class=\"wp-block-column is-layout-flow wp-block-column-is-layout-flow\" style=\"flex-basis:5%\"><\/div>\n\n\n\n<div class=\"wp-block-column is-layout-flow wp-block-column-is-layout-flow\">\n<div style=\"height:20px\" aria-hidden=\"true\" class=\"wp-block-spacer\"><\/div>\n\n\n\n<h2 class=\"wp-block-heading\"><strong>Resultados comprobados con Kananas<\/strong><\/h2>\n\n\n\n<p class=\"wp-block-paragraph\">En promedio, los usuarios de Kananas ahorran <strong>2 horas<\/strong> de trabajo administrativo por semana, experimentan un aumento del <strong>40 % <\/strong>en las conversiones de pagos en l\u00ednea y un incremento del <strong>35 %<\/strong> en la asistencia a eventos.<\/p>\n\n\n\n<p class=\"wp-block-paragraph\">Estas son cifras reales, proporcionadas directamente por los usuarios de Kananas.<\/p>\n<\/div>\n\n\n\n<div class=\"wp-block-column is-layout-flow wp-block-column-is-layout-flow\" style=\"flex-basis:5%\"><\/div>\n<\/div>\n<\/div>\n\n\n\n<div class=\"wp-block-column is-layout-flow wp-block-column-is-layout-flow\" style=\"flex-basis:5%\"><\/div>\n<\/div>\n\n\n\n<div style=\"height:120px\" aria-hidden=\"true\" class=\"wp-block-spacer\"><\/div>\n\n\n\n<h2 class=\"wp-block-heading\"><strong><strong>Preguntas frecuentes sobre Kananas para clubes n\u00e1uticos<\/strong><\/strong><\/h2>\n\n\n\n<p class=\"wp-block-paragraph\"><strong>\u00bfKananas sirve para clubes de vela, yates o varaderos?<\/strong><br>S\u00ed. Kananas se adapta tanto a clubes de vela, marinas o centros n\u00e1uticos con amarres y actividades vinculadas al mar.<\/p>\n\n\n\n<p class=\"wp-block-paragraph\"><strong>\u00bfQu\u00e9 tareas puede automatizar la inteligencia artificial de Kananas?<\/strong><br>La IA automatiza inscripciones, pagos, boletines, informes de ocupaci\u00f3n, recordatorios de amarres y seguimientos de eventos.<\/p>\n\n\n\n<p class=\"wp-block-paragraph\"><strong>\u00bfPermite gestionar amarres y alquileres de embarcaciones?<\/strong><br>S\u00ed. Kananas permite gestionar amarres, reservas, pagos y renovaciones de amarres desde la misma plataforma.<\/p>\n\n\n\n<p class=\"wp-block-paragraph\"><strong>\u00bfSe necesita formaci\u00f3n t\u00e9cnica para usar la plataforma?<\/strong><br>No. Kananas est\u00e1 dise\u00f1ada para ser intuitiva y accesible desde el primer d\u00eda sin conocimientos t\u00e9cnicos espec\u00edficos.<\/p>\n\n\n\n<p class=\"wp-block-paragraph\"><strong>\u00bfOfrecen soporte en espa\u00f1ol y para Am\u00e9rica Latina?<\/strong><br>S\u00ed. El soporte es 100 % en espa\u00f1ol y la soluci\u00f3n est\u00e1 adaptada para Espa\u00f1a y Latinoam\u00e9rica.<\/p>\n\n\n\n<p class=\"wp-block-paragraph\"><strong>\u00bfPuedo probar Kananas gratis antes de contratarlo?<\/strong><br>S\u00ed. Tienes una prueba gratuita de 30 d\u00edas, sin tarjeta, sin compromiso, para descubrir c\u00f3mo Kananas puede optimizar la gesti\u00f3n de tu club n\u00e1utico.<\/p>\n<\/div>\n\n\n\n<div class=\"wp-block-column is-layout-flow wp-block-column-is-layout-flow\" style=\"flex-basis:5%\"><\/div>\n<\/div>\n\n\n\n<div class=\"wp-block-columns has-base-3-color has-accent-background-color has-text-color has-background has-link-color wp-elements-7ce69abda1125172a350b5c9b553939a is-layout-flex wp-container-core-columns-is-layout-8f761849 wp-block-columns-is-layout-flex\">\n<div class=\"wp-block-column is-layout-flow wp-block-column-is-layout-flow\" style=\"flex-basis:5%\"><\/div>\n\n\n\n<div class=\"wp-block-column is-layout-flow wp-block-column-is-layout-flow\">\n<div style=\"height:100px\" aria-hidden=\"true\" class=\"wp-block-spacer\"><\/div>\n\n\n\n<div class=\"wp-block-columns is-layout-flex wp-container-core-columns-is-layout-8f761849 wp-block-columns-is-layout-flex\">\n<div class=\"wp-block-column is-layout-flow wp-block-column-is-layout-flow\" style=\"flex-basis:5%\"><\/div>\n\n\n\n<div class=\"wp-block-column is-layout-flow wp-block-column-is-layout-flow\">\n<h2 class=\"wp-block-heading\"><strong>Optimice su tiempo, impulse su asociaci\u00f3n con Kananas<\/strong><\/h2>\n\n\n\n<p class=\"wp-block-paragraph\">Reg\u00edstrese gratis en Kananas y disfrute de 30 d\u00edas de prueba sin tarjeta bancaria.<\/p>\n\n\n\n<div style=\"height:20px\" aria-hidden=\"true\" class=\"wp-block-spacer\"><\/div>\n\n\n\n<div class=\"wp-block-buttons is-content-justification-center is-layout-flex wp-container-core-buttons-is-layout-fe48e5de wp-block-buttons-is-layout-flex\">\n<div class=\"wp-block-button\"><a class=\"wp-block-button__link has-accent-color has-base-2-background-color has-text-color has-background has-link-color has-medium-font-size has-custom-font-size wp-element-button\" href=\"https:\/\/app.kananas.com\/organisation\/add\/p\/1\/lang\/ESP\" target=\"_blank\" rel=\"noreferrer noopener\">Empezar<\/a><\/div>\n<\/div>\n<\/div>\n\n\n\n<div class=\"wp-block-column is-layout-flow wp-block-column-is-layout-flow\" style=\"flex-basis:5%\"><\/div>\n<\/div>\n\n\n\n<div style=\"height:100px\" aria-hidden=\"true\" class=\"wp-block-spacer\"><\/div>\n<\/div>\n\n\n\n<div class=\"wp-block-column is-vertically-aligned-center is-layout-flow wp-block-column-is-layout-flow\"><div class=\"wp-block-image is-style-rounded\">\n<figure class=\"aligncenter size-large is-resized\"><img decoding=\"async\" src=\"https:\/\/www.kananas.com\/wp-content\/uploads\/2024\/12\/Screenshot-2024-12-04-at-08-47-20-Free-Photo-Side-view-smiley-man-working-on-laptop-1024x683.png\" alt=\"\" class=\"wp-image-7872\" style=\"width:300px\"\/><\/figure>\n<\/div><\/div>\n\n\n\n<div class=\"wp-block-column is-layout-flow wp-block-column-is-layout-flow\" style=\"flex-basis:5%\"><\/div>\n<\/div>\n","protected":false},"excerpt":{"rendered":"<p>Software CRM con inteligencia artificial para clubes n\u00e1uticos Gestiona tu club n\u00e1utico, organiza amarres, eventos, cursos de vela y automatiza tus procesos con la IA de Kananas. Ahorra tiempo y enfoca tus esfuerzos en la experiencia de tus socios. Kananas es la plataforma CRM todo-en-uno para clubes n\u00e1uticos y centros de deporte mar\u00edtimo en Espa\u00f1a &#8230; <a title=\"Club de n\u00e1utico\" class=\"read-more\" href=\"https:\/\/www.kananas.com\/es\/software\/club-de-nautico\/\" aria-label=\"En savoir plus sur Club de n\u00e1utico\">Lire la suite<\/a><\/p>\n","protected":false},"author":1,"featured_media":0,"parent":5848,"menu_order":0,"comment_status":"closed","ping_status":"closed","template":"","meta":{"_crdt_document":"","footnotes":""},"class_list":["post-4675","page","type-page","status-publish"],"aioseo_notices":[],"_links":{"self":[{"href":"https:\/\/www.kananas.com\/es\/wp-json\/wp\/v2\/pages\/4675","targetHints":{"allow":["GET"]}}],"collection":[{"href":"https:\/\/www.kananas.com\/es\/wp-json\/wp\/v2\/pages"}],"about":[{"href":"https:\/\/www.kananas.com\/es\/wp-json\/wp\/v2\/types\/page"}],"author":[{"embeddable":true,"href":"https:\/\/www.kananas.com\/es\/wp-json\/wp\/v2\/users\/1"}],"replies":[{"embeddable":true,"href":"https:\/\/www.kananas.com\/es\/wp-json\/wp\/v2\/comments?post=4675"}],"version-history":[{"count":10,"href":"https:\/\/www.kananas.com\/es\/wp-json\/wp\/v2\/pages\/4675\/revisions"}],"predecessor-version":[{"id":6142,"href":"https:\/\/www.kananas.com\/es\/wp-json\/wp\/v2\/pages\/4675\/revisions\/6142"}],"up":[{"embeddable":true,"href":"https:\/\/www.kananas.com\/es\/wp-json\/wp\/v2\/pages\/5848"}],"wp:attachment":[{"href":"https:\/\/www.kananas.com\/es\/wp-json\/wp\/v2\/media?parent=4675"}],"curies":[{"name":"wp","href":"https:\/\/api.w.org\/{rel}","templated":true}]}}