{"id":4684,"date":"2023-08-01T17:46:15","date_gmt":"2023-08-01T15:46:15","guid":{"rendered":"https:\/\/www.kananas.com\/es\/?page_id=4684"},"modified":"2025-11-18T12:35:14","modified_gmt":"2025-11-18T10:35:14","slug":"escuela-de-musica-o-tu-conservatorio","status":"publish","type":"page","link":"https:\/\/www.kananas.com\/es\/software\/escuela-de-musica-o-tu-conservatorio\/","title":{"rendered":"Escuela de m\u00fasica o tu conservatorio"},"content":{"rendered":"\n<div class=\"wp-block-columns is-layout-flex wp-container-core-columns-is-layout-8f761849 wp-block-columns-is-layout-flex\">\n<div class=\"wp-block-column is-layout-flow wp-block-column-is-layout-flow\">\n<div class=\"wp-block-columns has-background is-layout-flex wp-container-core-columns-is-layout-8f761849 wp-block-columns-is-layout-flex\" style=\"background-color:#f6f7fd\">\n<div class=\"wp-block-column is-layout-flow wp-block-column-is-layout-flow\" style=\"flex-basis:5%\"><\/div>\n\n\n\n<div class=\"wp-block-column padding10 is-layout-flow wp-block-column-is-layout-flow\" style=\"flex-basis:35%\">\n<div style=\"height:150px\" aria-hidden=\"true\" class=\"wp-block-spacer\"><\/div>\n\n\n\n<h1 class=\"wp-block-heading\"><strong>Software de gesti\u00f3n de escuelas de danza con IA para academias, estudios y centros art\u00edsticos<\/strong><\/h1>\n\n\n\n<p class=\"wp-block-paragraph\">Kananas es la plataforma inteligente todo-en-uno para gestionar escuelas de danza, academias y estudios privados.<\/p>\n\n\n\n<p class=\"wp-block-paragraph\">Nuestra IA integrada automatiza la administraci\u00f3n, redacta correos e informes personalizados y le ayuda a centrarse en lo que realmente importa: ense\u00f1ar, crear e inspirar a sus alumnos.<\/p>\n\n\n\n<div style=\"height:20px\" aria-hidden=\"true\" class=\"wp-block-spacer\"><\/div>\n\n\n\n<div class=\"wp-block-buttons alignfull ghostkit-custom-2rfJNX is-content-justification-center is-layout-flex wp-container-core-buttons-is-layout-fe48e5de wp-block-buttons-is-layout-flex\">\n<div class=\"wp-block-button\"><a class=\"wp-block-button__link has-base-3-color has-accent-background-color has-text-color has-background has-link-color has-medium-font-size has-custom-font-size wp-element-button\" href=\"https:\/\/backoffice.kananas.com\/action_manager.php?event=organisation_add&amp;p=1&amp;lang=ESP\" target=\"_blank\" rel=\"noreferrer noopener\">Comienza tu prueba gratuita de 30 d\u00edas<\/a><\/div>\n<\/div>\n\n\n\n<div style=\"height:100px\" aria-hidden=\"true\" class=\"wp-block-spacer\"><\/div>\n<\/div>\n\n\n\n<div class=\"wp-block-column is-layout-flow wp-block-column-is-layout-flow\" style=\"flex-basis:5%\"><\/div>\n\n\n\n<div class=\"wp-block-column is-vertically-aligned-center padding10 is-layout-flow wp-block-column-is-layout-flow\" style=\"flex-basis:50%\"><div class=\"wp-block-image is-style-default\">\n<figure class=\"aligncenter size-large\"><img decoding=\"async\" src=\"https:\/\/www.kananas.com\/wp-content\/uploads\/2025\/03\/ecole-de-musique-1024x660.png\" alt=\"Software de gesti\u00f3n de escuelas de danza con IA para academias, estudios y centros art\u00edsticos\" class=\"wp-image-8441\"\/><\/figure>\n<\/div><\/div>\n\n\n\n<div class=\"wp-block-column is-layout-flow wp-block-column-is-layout-flow\" style=\"flex-basis:5%\"><\/div>\n<\/div>\n<\/div>\n<\/div>\n\n\n\n<div style=\"height:50px\" aria-hidden=\"true\" class=\"wp-block-spacer\"><\/div>\n\n\n\n<h2 class=\"wp-block-heading has-text-align-center has-accent-color has-text-color has-link-color wp-elements-4e721b4d28a491b71935589be055d1f4\"><strong>Probado y aprobado por m\u00e1s de 11&nbsp;000 asociaciones<\/strong><\/h2>\n\n\n\n<div style=\"height:80px\" aria-hidden=\"true\" class=\"wp-block-spacer\"><\/div>\n\n\n\n<div class=\"wp-block-columns alignfull ghostkit-custom-ZaqVp2 is-layout-flex wp-container-core-columns-is-layout-8f761849 wp-block-columns-is-layout-flex\">\n<div class=\"wp-block-column is-vertically-aligned-center is-layout-flow wp-block-column-is-layout-flow\" style=\"flex-basis:2%\"><\/div>\n\n\n\n<div class=\"wp-block-column is-vertically-aligned-center is-layout-flow wp-block-column-is-layout-flow\" style=\"flex-basis:50%\">\n<h2 class=\"wp-block-heading\"><strong>Software todo en uno para escuelas de m\u00fasica y conservatorios<\/strong><\/h2>\n\n\n\n<p class=\"wp-block-paragraph\">\ud83e\udd16 <strong>Automatizaci\u00f3n con IA<\/strong> \u2013 Env\u00ede autom\u00e1ticamente recordatorios, avisos de matr\u00edcula y novedades para los alumnos.<\/p>\n\n\n\n<p class=\"wp-block-paragraph\"><strong>Asistente de redacci\u00f3n con IA<\/strong> \u2013 Genere al instante informes de clase, res\u00famenes de progreso y correos profesionales.<\/p>\n\n\n\n<p class=\"wp-block-paragraph\"><strong>Gesti\u00f3n de facturaci\u00f3n y matr\u00edculas<\/strong> \u2013 Automatice facturas, pagos y seguimientos para clases, lecciones y eventos.<\/p>\n\n\n\n<p class=\"wp-block-paragraph\"><strong>Planificaci\u00f3n de clases y lecciones<\/strong> \u2013 Gestione f\u00e1cilmente clases individuales, de grupo y masterclasses.<\/p>\n\n\n\n<p class=\"wp-block-paragraph\"><strong>Gesti\u00f3n de eventos y recitales<\/strong> \u2013 Planifique conciertos y recitales con venta de entradas y seguimiento de asistentes.<\/p>\n\n\n\n<p class=\"wp-block-paragraph\"><strong>En la nube + soporte<\/strong> \u2013 Acceda desde cualquier lugar y en cualquier momento.<\/p>\n<\/div>\n\n\n\n<div class=\"wp-block-column is-vertically-aligned-center padding10 is-layout-flow wp-block-column-is-layout-flow\" style=\"flex-basis:50%\"><div class=\"wp-block-image\">\n<figure class=\"aligncenter size-full\"><img loading=\"lazy\" decoding=\"async\" width=\"1024\" height=\"601\" src=\"http:\/\/www.kananas.com\/es\/wp-content\/uploads\/sites\/2143\/2025\/05\/home-page-ES-rounded-grid.png\" alt=\"Software de gesti\u00f3n de escuelas de danza con IA para academias, estudios y centros art\u00edsticos\" class=\"wp-image-5955\" srcset=\"https:\/\/www.kananas.com\/es\/wp-content\/uploads\/sites\/2143\/2025\/05\/home-page-ES-rounded-grid.png 1024w, https:\/\/www.kananas.com\/es\/wp-content\/uploads\/sites\/2143\/2025\/05\/home-page-ES-rounded-grid-300x176.png 300w, https:\/\/www.kananas.com\/es\/wp-content\/uploads\/sites\/2143\/2025\/05\/home-page-ES-rounded-grid-768x451.png 768w\" sizes=\"auto, (max-width: 1024px) 100vw, 1024px\" \/><\/figure>\n<\/div><\/div>\n\n\n\n<div class=\"wp-block-column is-vertically-aligned-center is-layout-flow wp-block-column-is-layout-flow\" style=\"flex-basis:5%\"><\/div>\n<\/div>\n\n\n\n<div style=\"height:80px\" aria-hidden=\"true\" class=\"wp-block-spacer\"><\/div>\n\n\n\n<div class=\"wp-block-group has-background\" style=\"background-color:#f6f7fd\"><div class=\"wp-block-group__inner-container is-layout-constrained wp-block-group-is-layout-constrained\">\n<div class=\"wp-block-columns is-layout-flex wp-container-core-columns-is-layout-8f761849 wp-block-columns-is-layout-flex\">\n<div class=\"wp-block-column is-layout-flow wp-block-column-is-layout-flow\" style=\"flex-basis:5%\"><\/div>\n\n\n\n<div class=\"wp-block-column is-layout-flow wp-block-column-is-layout-flow\">\n<h2 class=\"wp-block-heading\"><strong>Por qu\u00e9 las escuelas de m\u00fasica eligen Kananas<\/strong><\/h2>\n\n\n\n<p class=\"wp-block-paragraph\">Desde conservatorios locales hasta academias privadas, Kananas ayuda a escuelas y estudios de m\u00fasica en Espa\u00f1a y Am\u00e9rica Latina a simplificar la administraci\u00f3n y mantener una comunicaci\u00f3n clara con sus alumnos.<\/p>\n\n\n\n<ul class=\"wp-block-list\">\n<li>Disfrute de una <strong>gesti\u00f3n segura en la nube<\/strong> dise\u00f1ada para las escuelas de m\u00fasica modernas<\/li>\n\n\n\n<li>Acepte pagos y matr\u00edculas mediante Stripe o tarjeta de cr\u00e9dito.<\/li>\n\n\n\n<li>Utilice la IA para redactar en segundos <strong>notas de clase, correos a las familias y actualizaciones de progreso<\/strong>.<\/li>\n\n\n\n<li>Automatice su comunicaci\u00f3n: recordatorios, facturas y anuncios de eventos.<\/li>\n\n\n\n<li>Acceda a informes detallados sobre asistencia a clases, pagos y rendimiento de los alumnos.<\/li>\n<\/ul>\n<\/div>\n\n\n\n<div class=\"wp-block-column is-layout-flow wp-block-column-is-layout-flow\" style=\"flex-basis:5%\"><\/div>\n<\/div>\n\n\n\n<div style=\"height:50px\" aria-hidden=\"true\" class=\"wp-block-spacer\"><\/div>\n\n\n\n<div class=\"wp-block-columns is-layout-flex wp-container-core-columns-is-layout-8f761849 wp-block-columns-is-layout-flex\">\n<div class=\"wp-block-column is-layout-flow wp-block-column-is-layout-flow\" style=\"flex-basis:5%\"><\/div>\n\n\n\n<div class=\"wp-block-column is-layout-flow wp-block-column-is-layout-flow\">\n<figure class=\"wp-block-image size-large is-style-default\"><img decoding=\"async\" src=\"https:\/\/www.kananas.com\/wp-content\/uploads\/2024\/12\/Screenshot-2024-12-04-at-08-44-02-Free-Photo-Front-view-woman-drawing-in-the-ipad-1024x683.png\" alt=\"management software for retirees\u2019 associations \u2013 communicate\" class=\"wp-image-7800\" style=\"aspect-ratio:3\/2;object-fit:cover\"\/><\/figure>\n\n\n\n<div style=\"height:20px\" aria-hidden=\"true\" class=\"wp-block-spacer\"><\/div>\n\n\n\n<h3 class=\"wp-block-heading\"><strong>Comunicaci\u00f3n<\/strong><\/h3>\n\n\n\n<p class=\"wp-block-paragraph\">Crea <a href=\"https:\/\/www.kananas.com\/es\/documentation\/comunicacion\/encuestas-y-votaciones\/\" title=\"Encuestas y votaciones: formularios\">formularios<\/a> para realizar encuestas, votaciones en l\u00ednea o cuestionarios. Consulta los resultados en tiempo real.<\/p>\n\n\n\n<p class=\"wp-block-paragraph\"><a href=\"https:\/\/www.kananas.com\/es\/documentation\/miembros\/afiliacion\/\" title=\"Afiliaci\u00f3n\">Membres\u00eda<\/a> en l\u00ednea con registro de datos y pago correspondiente.<\/p>\n<\/div>\n\n\n\n<div class=\"wp-block-column is-layout-flow wp-block-column-is-layout-flow\" style=\"flex-basis:3%\"><\/div>\n\n\n\n<div class=\"wp-block-column is-layout-flow wp-block-column-is-layout-flow\">\n<figure class=\"wp-block-image size-full is-style-default\"><img decoding=\"async\" src=\"https:\/\/www.kananas.com\/wp-content\/uploads\/2022\/10\/logiciel-ecole-de-musique-1.png\" alt=\"software de gesti\u00f3n de escuelas de m\u00fasica y conservatorios \u2013 planificar\" class=\"wp-image-4019\"\/><\/figure>\n\n\n\n<div style=\"height:20px\" aria-hidden=\"true\" class=\"wp-block-spacer\"><\/div>\n\n\n\n<h3 class=\"wp-block-heading\"><strong>Planifica<\/strong><\/h3>\n\n\n\n<p class=\"wp-block-paragraph\">Gestiona tus <a href=\"https:\/\/www.kananas.com\/es\/documentation\/planificacion\/actividades\/\" title=\"Actividades y eventos\">eventos<\/a>, programa reuniones y env\u00eda invitaciones.<\/p>\n\n\n\n<p class=\"wp-block-paragraph\">Organiza actividades y eventos sociales como visitas o viajes, y vende entradas online gracias a la <a href=\"https:\/\/www.kananas.com\/es\/documentation\/planificacion\/taquilla\/\" title=\"Taquilla\">plataforma de venta de entradas<\/a> de Kananas.<\/p>\n<\/div>\n\n\n\n<div class=\"wp-block-column is-layout-flow wp-block-column-is-layout-flow\" style=\"flex-basis:3%\"><\/div>\n\n\n\n<div class=\"wp-block-column is-layout-flow wp-block-column-is-layout-flow\">\n<figure class=\"wp-block-image size-large is-style-default\"><img decoding=\"async\" src=\"https:\/\/www.kananas.com\/wp-content\/uploads\/2024\/12\/Screenshot-2024-12-04-at-08-52-48-Free-Photo-Student-working-from-home-1024x683.png\" alt=\"software de gesti\u00f3n de escuelas de m\u00fasica y conservatorios \u2013 gestionar\" class=\"wp-image-7801\"\/><\/figure>\n\n\n\n<div style=\"height:20px\" aria-hidden=\"true\" class=\"wp-block-spacer\"><\/div>\n\n\n\n<h3 class=\"wp-block-heading\"><strong>Gesti\u00f3n<\/strong><\/h3>\n\n\n\n<p class=\"wp-block-paragraph\">Acceda a los registros de sus <a href=\"https:\/\/www.kananas.com\/es\/documentation\/miembros\/\" title=\"Miembros\">miembros<\/a> en cualquier momento y lugar.<\/p>\n\n\n\n<p class=\"wp-block-paragraph\">Todos sus <a href=\"https:\/\/www.kananas.com\/es\/documentation\/documentos\/\" title=\"Documentos\">documentos<\/a> centralizados en un entorno seguro con copias de seguridad.<\/p>\n<\/div>\n\n\n\n<div class=\"wp-block-column is-layout-flow wp-block-column-is-layout-flow\" style=\"flex-basis:5%\"><\/div>\n<\/div>\n<\/div><\/div>\n\n\n\n<div style=\"height:31px\" aria-hidden=\"true\" class=\"wp-block-spacer\"><\/div>\n\n\n\n<div class=\"wp-block-buttons alignfull ghostkit-custom-2rfJNX is-content-justification-center is-layout-flex wp-container-core-buttons-is-layout-fe48e5de wp-block-buttons-is-layout-flex\">\n<div class=\"wp-block-button\"><a class=\"wp-block-button__link has-base-3-color has-accent-background-color has-text-color has-background has-link-color has-medium-font-size has-custom-font-size wp-element-button\" href=\"https:\/\/backoffice.kananas.com\/action_manager.php?event=organisation_add&amp;p=1&amp;lang=ESP\" target=\"_blank\" rel=\"noreferrer noopener\">Comienza tu prueba gratuita de 30 d\u00edas<\/a><\/div>\n<\/div>\n\n\n\n<div style=\"height:100px\" aria-hidden=\"true\" class=\"wp-block-spacer\"><\/div>\n\n\n\n<div class=\"wp-block-columns is-layout-flex wp-container-core-columns-is-layout-8f761849 wp-block-columns-is-layout-flex\">\n<div class=\"wp-block-column is-layout-flow wp-block-column-is-layout-flow\" style=\"flex-basis:5%\"><\/div>\n\n\n\n<div class=\"wp-block-column is-layout-flow wp-block-column-is-layout-flow\">\n<h2 class=\"wp-block-heading has-text-align-left ghostkit-custom-ZbwAru\" id=\"plus-de-sport-et-moins-de-gestion-grace-au-gain-de-temps-apporte-par-kananas\"><strong>Testimonio<\/strong><\/h2>\n\n\n\n<div class=\"wp-block-columns roundDiv has-base-background-color has-background is-layout-flex wp-container-core-columns-is-layout-8f761849 wp-block-columns-is-layout-flex\">\n<div class=\"wp-block-column is-vertically-aligned-center is-layout-flow wp-block-column-is-layout-flow\" style=\"flex-basis:15%\">\n<figure class=\"wp-block-image size-full padding30\"><img decoding=\"async\" src=\"https:\/\/www.kananas.com\/en\/wp-content\/uploads\/sites\/2145\/2025\/11\/music-school-management-software-kananas.png\" alt=\"directora de conservatorio que utiliza el software de gesti\u00f3n de escuelas de m\u00fasica Kananas\" class=\"wp-image-6653\"\/><\/figure>\n<\/div>\n\n\n\n<div class=\"wp-block-column is-vertically-aligned-center is-layout-flow wp-block-column-is-layout-flow\">\n<div style=\"height:30px\" aria-hidden=\"true\" class=\"wp-block-spacer\"><\/div>\n\n\n\n<blockquote class=\"wp-block-quote is-layout-flow wp-block-quote-is-layout-flow\">\n<p class=\"wp-block-paragraph\">\u00abLa IA de Kananas permite a nuestro profesorado centrarse en los alumnos y no en la administraci\u00f3n. Redacta correos de seguimiento, recordatorios y avisos por nosotros. Es como tener un asistente digital para toda la escuela.\u00bb<\/p>\n\n\n\n<p class=\"wp-block-paragraph\"><br>\u2014 <em>Conservatorio Allegro Sur \u2013 Montevideo (Uruguay)<\/em><\/p>\n<\/blockquote>\n<\/div>\n\n\n\n<div class=\"wp-block-column is-vertically-aligned-center is-layout-flow wp-block-column-is-layout-flow\" style=\"flex-basis:10px\"><\/div>\n<\/div>\n\n\n\n<div style=\"height:110px\" aria-hidden=\"true\" class=\"wp-block-spacer\"><\/div>\n\n\n\n<h2 class=\"wp-block-heading\"><strong>Kananas frente a otros software de escuelas de m\u00fasica: la diferencia inteligente<\/strong><\/h2>\n\n\n\n<figure class=\"wp-block-table\"><table class=\"has-fixed-layout\"><thead><tr><th>Funcionalidad \/ Plataforma<\/th><th><strong>Kananas \ud83e\udde0<\/strong><\/th><th><strong>TIMP<\/strong><\/th><th>Jackrabbit<\/th><th><strong>Mindbody<\/strong><\/th><\/tr><\/thead><tbody><tr><td><strong>Asistente integrado con IA<\/strong><\/td><td>\u2705 Redacta correos e informes<\/td><td>\u274c<\/td><td>\u274c<\/td><td>\u274c<\/td><\/tr><tr><td><strong>An\u00e1lisis e informes de rendimiento<\/strong><\/td><td>\u2705 Cuadros de mando<\/td><td>\u26a0\ufe0f B\u00e1sico<\/td><td>\u26a0\ufe0f B\u00e1sico<\/td><td>\u26a0\ufe0f B\u00e1sico<\/td><\/tr><tr><td><strong>Automatizaci\u00f3n de matr\u00edculas y facturaci\u00f3n<\/strong><\/td><td>\u2705<\/td><td>\u2705<\/td><td>\u2705<\/td><td>\u2705<\/td><\/tr><tr><td><strong>Planificaci\u00f3n de clases y lecciones privadas<\/strong><\/td><td>\u2705<\/td><td>\u2705<\/td><td>\u2705<\/td><td>\u2705<\/td><\/tr><tr><td><strong>Gesti\u00f3n de eventos y recitales<\/strong><\/td><td>\u2705 Integrada<\/td><td>\u26a0\ufe0f Limitada<\/td><td>\u26a0\ufe0f Complemento<\/td><td>\u26a0\ufe0f Complemento<\/td><\/tr><tr><td><strong>Pagos y venta de entradas para eventos<\/strong><\/td><td>\u2705 M\u00f3dulo de ticketing integrado con pagos en l\u00ednea<\/td><td>\u274c<\/td><td>\u26a0\ufe0f Limitado<\/td><td>\u26a0\ufe0f Complemento<\/td><\/tr><tr><td><strong>Comunicaciones automatizadas<\/strong><\/td><td>\u2705 Generadas por IA<\/td><td>\u26a0\ufe0f Manuales<\/td><td>\u26a0\ufe0f Manuales<\/td><td>\u26a0\ufe0f Manuales<\/td><\/tr><tr><td><strong>Soporte<\/strong><\/td><td>\u2705<\/td><td>\u26a0\ufe0f<\/td><td>\u26a0\ufe0f<\/td><td>\u26a0\ufe0f<\/td><\/tr><tr><td><strong>Prueba gratuita de 30 d\u00edas<\/strong><\/td><td>\u2705<\/td><td>\u274c<\/td><td>\u26a0\ufe0f 7 d\u00edas<\/td><td>\u274c<\/td><\/tr><\/tbody><\/table><\/figure>\n\n\n\n<p class=\"wp-block-paragraph\">Kananas combina la automatizaci\u00f3n mediante IA con una interfaz intuitiva, ofreciendo a las escuelas de m\u00fasica la posibilidad de simplificar su trabajo diario, mejorar la comunicaci\u00f3n y elevar la experiencia del alumnado.<\/p>\n\n\n\n<div style=\"height:80px\" aria-hidden=\"true\" class=\"wp-block-spacer\"><\/div>\n\n\n\n<div class=\"wp-block-columns is-layout-flex wp-container-core-columns-is-layout-8f761849 wp-block-columns-is-layout-flex\">\n<div class=\"wp-block-column is-layout-flow wp-block-column-is-layout-flow\" style=\"flex-basis:5%\"><\/div>\n\n\n\n<div class=\"wp-block-column roundDiv has-base-3-color has-accent-background-color has-text-color has-background has-link-color wp-elements-84907d1fef8038a4794ab7a452f7555a is-layout-flow wp-block-column-is-layout-flow\">\n<div class=\"wp-block-columns is-layout-flex wp-container-core-columns-is-layout-8f761849 wp-block-columns-is-layout-flex\">\n<div class=\"wp-block-column is-layout-flow wp-block-column-is-layout-flow\" style=\"flex-basis:5%\"><\/div>\n\n\n\n<div class=\"wp-block-column is-layout-flow wp-block-column-is-layout-flow\">\n<div style=\"height:20px\" aria-hidden=\"true\" class=\"wp-block-spacer\"><\/div>\n\n\n\n<h2 class=\"wp-block-heading\"><strong>Resultados comprobados con Kananas<\/strong><\/h2>\n\n\n\n<p class=\"wp-block-paragraph\">En promedio, los usuarios de Kananas ahorran <strong>2 horas<\/strong> de trabajo administrativo por semana, experimentan un aumento del <strong>40 % <\/strong>en las conversiones de pagos en l\u00ednea y un incremento del <strong>35 %<\/strong> en la asistencia a eventos.<\/p>\n\n\n\n<p class=\"wp-block-paragraph\">Estas son cifras reales, proporcionadas directamente por los usuarios de Kananas.<\/p>\n<\/div>\n\n\n\n<div class=\"wp-block-column is-layout-flow wp-block-column-is-layout-flow\" style=\"flex-basis:5%\"><\/div>\n<\/div>\n<\/div>\n\n\n\n<div class=\"wp-block-column is-layout-flow wp-block-column-is-layout-flow\" style=\"flex-basis:5%\"><\/div>\n<\/div>\n\n\n\n<div style=\"height:120px\" aria-hidden=\"true\" class=\"wp-block-spacer\"><\/div>\n\n\n\n<h2 class=\"wp-block-heading\"><strong>FAQ \u2013 Software de gesti\u00f3n de escuelas de m\u00fasica<\/strong><\/h2>\n\n\n\n<p class=\"wp-block-paragraph\"><strong>\u00bfKananas es solo para escuelas de m\u00fasica?<\/strong><br>No. Aunque est\u00e1 optimizado para escuelas de m\u00fasica, conservatorios y academias privadas, Kananas se adapta a cualquier centro formativo art\u00edstico en Espa\u00f1a y Am\u00e9rica Latina. Funciona con euros, pesos y otras monedas locales, y se ajusta a su idioma y estructura.<\/p>\n\n\n\n<p class=\"wp-block-paragraph\"><strong>\u00bfQu\u00e9 hace la IA de Kananas?<\/strong><br>Automatiza tareas administrativas, redacta correos e informes y analiza datos de asistencia, pagos y progreso para ofrecer informaci\u00f3n \u00fatil a profesores y directores.<\/p>\n\n\n\n<p class=\"wp-block-paragraph\"><strong>\u00bfTengo que saber usar la IA?<\/strong><br>No. La IA trabaja de forma autom\u00e1tica. Solo tiene que validar o ajustar lo que genera: mensajes, recordatorios, informes o textos informativos.<\/p>\n\n\n\n<p class=\"wp-block-paragraph\"><strong>\u00bfPuede gestionar eventos y recitales?<\/strong><br>S\u00ed. Puede organizar conciertos, audiciones, muestras y recitales, gestionar el ticketing y controlar las listas de participantes desde Kananas.<\/p>\n\n\n\n<p class=\"wp-block-paragraph\"><strong>\u00bfKananas permite gestionar a los profesores?<\/strong><br>S\u00ed. Kananas le permite asignar profesores a clases, gestionar horarios, controlar disponibilidad y comunicar cambios o avisos de forma autom\u00e1tica. Cada profesor puede acceder a su propio panel con la informaci\u00f3n que necesita.<\/p>\n\n\n\n<p class=\"wp-block-paragraph\"><strong>\u00bfPuedo controlar la asistencia y el progreso de los alumnos?<\/strong><br>S\u00ed. Kananas registra la asistencia en cada clase y ofrece un seguimiento del progreso del alumno. Los profesores pueden a\u00f1adir notas, observaciones y evaluaciones para llevar un control claro de la evoluci\u00f3n musical.<\/p>\n\n\n\n<p class=\"wp-block-paragraph\"><strong>\u00bfHay una prueba gratuita?<\/strong><br>S\u00ed. Disfrute de 30 d\u00edas gratis con todas las funciones de IA incluidas y descubra c\u00f3mo Kananas simplifica la gesti\u00f3n diaria de su escuela de m\u00fasica.<\/p>\n<\/div>\n\n\n\n<div class=\"wp-block-column is-layout-flow wp-block-column-is-layout-flow\" style=\"flex-basis:5%\"><\/div>\n<\/div>\n\n\n\n<div class=\"wp-block-columns has-base-3-color has-accent-background-color has-text-color has-background has-link-color wp-elements-7ce69abda1125172a350b5c9b553939a is-layout-flex wp-container-core-columns-is-layout-8f761849 wp-block-columns-is-layout-flex\">\n<div class=\"wp-block-column is-layout-flow wp-block-column-is-layout-flow\" style=\"flex-basis:5%\"><\/div>\n\n\n\n<div class=\"wp-block-column is-layout-flow wp-block-column-is-layout-flow\">\n<div style=\"height:100px\" aria-hidden=\"true\" class=\"wp-block-spacer\"><\/div>\n\n\n\n<div class=\"wp-block-columns is-layout-flex wp-container-core-columns-is-layout-8f761849 wp-block-columns-is-layout-flex\">\n<div class=\"wp-block-column is-layout-flow wp-block-column-is-layout-flow\" style=\"flex-basis:5%\"><\/div>\n\n\n\n<div class=\"wp-block-column is-layout-flow wp-block-column-is-layout-flow\">\n<h2 class=\"wp-block-heading\"><strong>Optimice su tiempo, impulse su asociaci\u00f3n con Kananas<\/strong><\/h2>\n\n\n\n<p class=\"wp-block-paragraph\">Reg\u00edstrese gratis en Kananas y disfrute de 30 d\u00edas de prueba sin tarjeta bancaria.<\/p>\n\n\n\n<div style=\"height:20px\" aria-hidden=\"true\" class=\"wp-block-spacer\"><\/div>\n\n\n\n<div class=\"wp-block-buttons is-content-justification-center is-layout-flex wp-container-core-buttons-is-layout-fe48e5de wp-block-buttons-is-layout-flex\">\n<div class=\"wp-block-button\"><a class=\"wp-block-button__link has-accent-color has-base-2-background-color has-text-color has-background has-link-color has-medium-font-size has-custom-font-size wp-element-button\" href=\"https:\/\/app.kananas.com\/organisation\/add\/p\/1\/lang\/ESP\" target=\"_blank\" rel=\"noreferrer noopener\">Empezar<\/a><\/div>\n<\/div>\n<\/div>\n\n\n\n<div class=\"wp-block-column is-layout-flow wp-block-column-is-layout-flow\" style=\"flex-basis:5%\"><\/div>\n<\/div>\n\n\n\n<div style=\"height:100px\" aria-hidden=\"true\" class=\"wp-block-spacer\"><\/div>\n<\/div>\n\n\n\n<div class=\"wp-block-column is-vertically-aligned-center is-layout-flow wp-block-column-is-layout-flow\"><div class=\"wp-block-image is-style-rounded\">\n<figure class=\"aligncenter size-large is-resized\"><img decoding=\"async\" src=\"https:\/\/www.kananas.com\/wp-content\/uploads\/2024\/12\/Screenshot-2024-12-04-at-08-47-20-Free-Photo-Side-view-smiley-man-working-on-laptop-1024x683.png\" alt=\"\" class=\"wp-image-7872\" style=\"width:300px\"\/><\/figure>\n<\/div><\/div>\n\n\n\n<div class=\"wp-block-column is-layout-flow wp-block-column-is-layout-flow\" style=\"flex-basis:5%\"><\/div>\n<\/div>\n","protected":false},"excerpt":{"rendered":"<p>Software de gesti\u00f3n de escuelas de danza con IA para academias, estudios y centros art\u00edsticos Kananas es la plataforma inteligente todo-en-uno para gestionar escuelas de danza, academias y estudios privados. Nuestra IA integrada automatiza la administraci\u00f3n, redacta correos e informes personalizados y le ayuda a centrarse en lo que realmente importa: ense\u00f1ar, crear e inspirar &#8230; <a title=\"Escuela de m\u00fasica o tu conservatorio\" class=\"read-more\" href=\"https:\/\/www.kananas.com\/es\/software\/escuela-de-musica-o-tu-conservatorio\/\" aria-label=\"En savoir plus sur Escuela de m\u00fasica o tu conservatorio\">Lire la suite<\/a><\/p>\n","protected":false},"author":1,"featured_media":0,"parent":5848,"menu_order":0,"comment_status":"closed","ping_status":"closed","template":"","meta":{"_crdt_document":"","footnotes":""},"class_list":["post-4684","page","type-page","status-publish"],"aioseo_notices":[],"_links":{"self":[{"href":"https:\/\/www.kananas.com\/es\/wp-json\/wp\/v2\/pages\/4684","targetHints":{"allow":["GET"]}}],"collection":[{"href":"https:\/\/www.kananas.com\/es\/wp-json\/wp\/v2\/pages"}],"about":[{"href":"https:\/\/www.kananas.com\/es\/wp-json\/wp\/v2\/types\/page"}],"author":[{"embeddable":true,"href":"https:\/\/www.kananas.com\/es\/wp-json\/wp\/v2\/users\/1"}],"replies":[{"embeddable":true,"href":"https:\/\/www.kananas.com\/es\/wp-json\/wp\/v2\/comments?post=4684"}],"version-history":[{"count":10,"href":"https:\/\/www.kananas.com\/es\/wp-json\/wp\/v2\/pages\/4684\/revisions"}],"predecessor-version":[{"id":6217,"href":"https:\/\/www.kananas.com\/es\/wp-json\/wp\/v2\/pages\/4684\/revisions\/6217"}],"up":[{"embeddable":true,"href":"https:\/\/www.kananas.com\/es\/wp-json\/wp\/v2\/pages\/5848"}],"wp:attachment":[{"href":"https:\/\/www.kananas.com\/es\/wp-json\/wp\/v2\/media?parent=4684"}],"curies":[{"name":"wp","href":"https:\/\/api.w.org\/{rel}","templated":true}]}}