{"id":4711,"date":"2023-08-01T18:13:14","date_gmt":"2023-08-01T16:13:14","guid":{"rendered":"https:\/\/www.kananas.com\/es\/?page_id=4711"},"modified":"2025-11-14T20:05:04","modified_gmt":"2025-11-14T18:05:04","slug":"centros-de-ocio","status":"publish","type":"page","link":"https:\/\/www.kananas.com\/es\/software\/centros-de-ocio\/","title":{"rendered":"Centros de ocio"},"content":{"rendered":"\n<div class=\"wp-block-columns is-layout-flex wp-container-core-columns-is-layout-8f761849 wp-block-columns-is-layout-flex\">\n<div class=\"wp-block-column is-layout-flow wp-block-column-is-layout-flow\">\n<div class=\"wp-block-columns has-background is-layout-flex wp-container-core-columns-is-layout-8f761849 wp-block-columns-is-layout-flex\" style=\"background-color:#f6f7fd\">\n<div class=\"wp-block-column is-layout-flow wp-block-column-is-layout-flow\" style=\"flex-basis:5%\"><\/div>\n\n\n\n<div class=\"wp-block-column is-layout-flow wp-block-column-is-layout-flow\" style=\"flex-basis:35%\">\n<div style=\"height:150px\" aria-hidden=\"true\" class=\"wp-block-spacer\"><\/div>\n\n\n\n<h1 class=\"wp-block-heading\"><strong>Software CRM con inteligencia artificial para centros de ocio y asociaciones recreativas<\/strong><\/h1>\n\n\n\n<p class=\"wp-block-paragraph\">Gestiona tu centro de ocio, cultural o recreativo con una sola herramienta.<br>Organiza actividades, automatiza inscripciones y comunicaciones, y ahorra tiempo con la inteligencia artificial de Kananas.<\/p>\n\n\n\n<div style=\"height:20px\" aria-hidden=\"true\" class=\"wp-block-spacer\"><\/div>\n\n\n\n<div class=\"wp-block-buttons alignfull ghostkit-custom-2rfJNX is-content-justification-center is-layout-flex wp-container-core-buttons-is-layout-f6d872f4 wp-block-buttons-is-layout-flex\">\n<div class=\"wp-block-button\"><a class=\"wp-block-button__link has-base-3-color has-accent-background-color has-text-color has-background has-link-color has-medium-font-size has-custom-font-size wp-element-button\" href=\"https:\/\/backoffice.kananas.com\/action_manager.php?event=organisation_add&amp;p=1&amp;lang=ESP\" target=\"_blank\" rel=\"noreferrer noopener\">Comienza la prueba gratuita<\/a><\/div>\n<\/div>\n\n\n\n<div style=\"height:100px\" aria-hidden=\"true\" class=\"wp-block-spacer\"><\/div>\n<\/div>\n\n\n\n<div class=\"wp-block-column is-layout-flow wp-block-column-is-layout-flow\" style=\"flex-basis:5%\"><\/div>\n\n\n\n<div class=\"wp-block-column is-vertically-aligned-center is-layout-flow wp-block-column-is-layout-flow\" style=\"flex-basis:50%\"><div class=\"wp-block-image is-style-default\">\n<figure class=\"aligncenter size-full\"><img decoding=\"async\" src=\"https:\/\/www.kananas.com\/en\/wp-content\/uploads\/sites\/2145\/2025\/11\/youth-camp-management-software-kananas.png\" alt=\"Software CRM con inteligencia artificial para centros de ocio y asociaciones recreativas\" class=\"wp-image-6525\" style=\"aspect-ratio:16\/9;object-fit:cover\"\/><\/figure>\n<\/div><\/div>\n\n\n\n<div class=\"wp-block-column is-layout-flow wp-block-column-is-layout-flow\" style=\"flex-basis:5%\"><\/div>\n<\/div>\n<\/div>\n<\/div>\n\n\n\n<div style=\"height:50px\" aria-hidden=\"true\" class=\"wp-block-spacer\"><\/div>\n\n\n\n<div class=\"wp-block-columns is-not-stacked-on-mobile is-layout-flex wp-container-core-columns-is-layout-8f761849 wp-block-columns-is-layout-flex\">\n<div class=\"wp-block-column is-layout-flow wp-block-column-is-layout-flow\" style=\"flex-basis:5%\"><\/div>\n\n\n\n<div class=\"wp-block-column has-base-3-color has-text-color has-link-color wp-elements-c09f4b6bef940ab59cc6fef008ebcaaf is-layout-flow wp-block-column-is-layout-flow\">\n<div class=\"wp-block-columns is-layout-flex wp-container-core-columns-is-layout-8f761849 wp-block-columns-is-layout-flex\">\n<div class=\"wp-block-column is-layout-flow wp-block-column-is-layout-flow\" style=\"flex-basis:5%\"><\/div>\n\n\n\n<div class=\"wp-block-column is-layout-flow wp-block-column-is-layout-flow\">\n<div style=\"height:20px\" aria-hidden=\"true\" class=\"wp-block-spacer\"><\/div>\n\n\n\n<h2 class=\"wp-block-heading has-text-align-center has-accent-color has-text-color has-link-color wp-elements-cedb48008be7ecc0077163f1a61e2a2c\"><strong><strong>Probado y aprobado por m\u00e1s de 11.000 asociaciones<\/strong><\/strong><\/h2>\n<\/div>\n\n\n\n<div class=\"wp-block-column is-layout-flow wp-block-column-is-layout-flow\" style=\"flex-basis:5%\"><\/div>\n<\/div>\n<\/div>\n\n\n\n<div class=\"wp-block-column is-layout-flow wp-block-column-is-layout-flow\" style=\"flex-basis:5%\"><\/div>\n<\/div>\n\n\n\n<div style=\"height:50px\" aria-hidden=\"true\" class=\"wp-block-spacer\"><\/div>\n\n\n\n<div class=\"wp-block-columns alignfull ghostkit-custom-ZaqVp2 is-layout-flex wp-container-core-columns-is-layout-8f761849 wp-block-columns-is-layout-flex\">\n<div class=\"wp-block-column is-vertically-aligned-center is-layout-flow wp-block-column-is-layout-flow\" style=\"flex-basis:2%\"><\/div>\n\n\n\n<div class=\"wp-block-column is-vertically-aligned-center is-layout-flow wp-block-column-is-layout-flow\" style=\"flex-basis:50%\">\n<h2 class=\"wp-block-heading\"><strong>Ventajas de Kananas para tu centro o asociaci\u00f3n de ocio<\/strong><\/h2>\n\n\n\n<p class=\"wp-block-paragraph\"><strong>Asistente con Inteligencia Artificial<\/strong> \u2013 Redacta comunicados, boletines y actas al instante, con un tono profesional y cercano.<\/p>\n\n\n\n<p class=\"wp-block-paragraph\"><strong>Gesti\u00f3n de socios y participantes<\/strong> \u2013 Administra inscripciones, cuotas y renovaciones autom\u00e1ticamente.<\/p>\n\n\n\n<p class=\"wp-block-paragraph\"><strong>Actividades y reservas online<\/strong> \u2013 Planifica talleres, fiestas, cursos, excursiones o campamentos con inscripci\u00f3n digital.<\/p>\n\n\n\n<p class=\"wp-block-paragraph\"><strong>Entradas, bonos y donaciones<\/strong> \u2013 Vende entradas y bonos, gestiona pagos o donaciones directamente desde Kananas.<\/p>\n\n\n\n<p class=\"wp-block-paragraph\"><strong>Informes y anal\u00edtica autom\u00e1tica<\/strong> \u2013 Obt\u00e9n reportes de participaci\u00f3n, ingresos y satisfacci\u00f3n en un solo clic.<\/p>\n\n\n\n<p class=\"wp-block-paragraph\"><strong>Plataforma en la nube y f\u00e1cil de usar<\/strong> \u2013 Accede desde cualquier dispositivo, sin conocimientos t\u00e9cnicos.<\/p>\n<\/div>\n\n\n\n<div class=\"wp-block-column is-vertically-aligned-center is-layout-flow wp-block-column-is-layout-flow\" style=\"flex-basis:50%\"><div class=\"wp-block-image\">\n<figure class=\"aligncenter size-full\"><img loading=\"lazy\" decoding=\"async\" width=\"1024\" height=\"601\" src=\"http:\/\/www.kananas.com\/es\/wp-content\/uploads\/sites\/2143\/2025\/05\/home-page-ES-rounded-grid.png\" alt=\"Software CRM con inteligencia artificial para centros de ocio y asociaciones recreativas\" class=\"wp-image-5955\" srcset=\"https:\/\/www.kananas.com\/es\/wp-content\/uploads\/sites\/2143\/2025\/05\/home-page-ES-rounded-grid.png 1024w, https:\/\/www.kananas.com\/es\/wp-content\/uploads\/sites\/2143\/2025\/05\/home-page-ES-rounded-grid-300x176.png 300w, https:\/\/www.kananas.com\/es\/wp-content\/uploads\/sites\/2143\/2025\/05\/home-page-ES-rounded-grid-768x451.png 768w\" sizes=\"auto, (max-width: 1024px) 100vw, 1024px\" \/><\/figure>\n<\/div><\/div>\n\n\n\n<div class=\"wp-block-column is-vertically-aligned-center is-layout-flow wp-block-column-is-layout-flow\" style=\"flex-basis:5%\"><\/div>\n<\/div>\n\n\n\n<div style=\"height:50px\" aria-hidden=\"true\" class=\"wp-block-spacer\"><\/div>\n\n\n\n<div class=\"wp-block-group has-background\" style=\"background-color:#f6f7fd\"><div class=\"wp-block-group__inner-container is-layout-constrained wp-block-group-is-layout-constrained\">\n<div class=\"wp-block-columns is-layout-flex wp-container-core-columns-is-layout-8f761849 wp-block-columns-is-layout-flex\">\n<div class=\"wp-block-column is-layout-flow wp-block-column-is-layout-flow\" style=\"flex-basis:5%\"><\/div>\n\n\n\n<div class=\"wp-block-column is-layout-flow wp-block-column-is-layout-flow\">\n<h2 class=\"wp-block-heading\"><strong>Por qu\u00e9 los centros de ocio eligen Kananas<\/strong><\/h2>\n\n\n\n<p class=\"wp-block-paragraph\">Los centros y asociaciones de ocio eligen Kananas porque combina un <strong>CRM completo con inteligencia artificial<\/strong> para automatizar tareas y ahorrar tiempo.<br>Desde un solo panel puedes gestionar socios, actividades, finanzas y comunicaci\u00f3n de manera intuitiva.<br>Adaptado a Espa\u00f1a y Latinoam\u00e9rica, Kananas ofrece <strong>soporte 100 % en espa\u00f1ol<\/strong>, cumple con el <strong>RGPD europeo<\/strong> y se aloja en <strong>servidores seguros<\/strong> dentro de la UE.<\/p>\n<\/div>\n\n\n\n<div class=\"wp-block-column is-layout-flow wp-block-column-is-layout-flow\" style=\"flex-basis:5%\"><\/div>\n<\/div>\n\n\n\n<div style=\"height:50px\" aria-hidden=\"true\" class=\"wp-block-spacer\"><\/div>\n\n\n\n<div class=\"wp-block-columns is-layout-flex wp-container-core-columns-is-layout-8f761849 wp-block-columns-is-layout-flex\">\n<div class=\"wp-block-column is-layout-flow wp-block-column-is-layout-flow\" style=\"flex-basis:5%\"><\/div>\n\n\n\n<div class=\"wp-block-column is-layout-flow wp-block-column-is-layout-flow\">\n<figure class=\"wp-block-image size-large is-style-default\"><img decoding=\"async\" src=\"https:\/\/www.kananas.com\/wp-content\/uploads\/2024\/12\/Screenshot-2024-12-04-at-08-44-02-Free-Photo-Front-view-woman-drawing-in-the-ipad-1024x683.png\" alt=\"management software for retirees\u2019 associations \u2013 communicate\" class=\"wp-image-7800\" style=\"aspect-ratio:3\/2;object-fit:cover\"\/><\/figure>\n\n\n\n<div style=\"height:20px\" aria-hidden=\"true\" class=\"wp-block-spacer\"><\/div>\n\n\n\n<h3 class=\"wp-block-heading\"><strong>Comunicaci\u00f3n<\/strong><\/h3>\n\n\n\n<p class=\"wp-block-paragraph\">Crea <a href=\"https:\/\/www.kananas.com\/es\/documentation\/comunicacion\/encuestas-y-votaciones\/\" title=\"Encuestas y votaciones: formularios\">formularios<\/a> para realizar encuestas, votaciones en l\u00ednea o cuestionarios. Consulta los resultados en tiempo real.<\/p>\n\n\n\n<p class=\"wp-block-paragraph\"><a href=\"https:\/\/www.kananas.com\/es\/documentation\/miembros\/afiliacion\/\" title=\"Afiliaci\u00f3n\">Membres\u00eda<\/a> en l\u00ednea con registro de datos y pago correspondiente.<\/p>\n<\/div>\n\n\n\n<div class=\"wp-block-column is-layout-flow wp-block-column-is-layout-flow\" style=\"flex-basis:3%\"><\/div>\n\n\n\n<div class=\"wp-block-column is-layout-flow wp-block-column-is-layout-flow\">\n<figure class=\"wp-block-image size-full is-style-default\"><img decoding=\"async\" src=\"https:\/\/www.kananas.com\/wp-content\/uploads\/2022\/10\/accueil-loisir-3.png\" alt=\"\" class=\"wp-image-4003\"\/><\/figure>\n\n\n\n<div style=\"height:20px\" aria-hidden=\"true\" class=\"wp-block-spacer\"><\/div>\n\n\n\n<h3 class=\"wp-block-heading\"><strong>Planifica<\/strong><\/h3>\n\n\n\n<p class=\"wp-block-paragraph\">Gestiona tus <a href=\"https:\/\/www.kananas.com\/es\/documentation\/planificacion\/actividades\/\" title=\"Actividades y eventos\">eventos<\/a>, programa reuniones y env\u00eda invitaciones.<\/p>\n\n\n\n<p class=\"wp-block-paragraph\">Organiza actividades y eventos sociales como visitas o viajes, y vende entradas online gracias a la <a href=\"https:\/\/www.kananas.com\/es\/documentation\/planificacion\/taquilla\/\" title=\"Taquilla\">plataforma de venta de entradas<\/a> de Kananas.<\/p>\n<\/div>\n\n\n\n<div class=\"wp-block-column is-layout-flow wp-block-column-is-layout-flow\" style=\"flex-basis:3%\"><\/div>\n\n\n\n<div class=\"wp-block-column is-layout-flow wp-block-column-is-layout-flow\">\n<figure class=\"wp-block-image size-large is-style-default\"><img decoding=\"async\" src=\"https:\/\/www.kananas.com\/wp-content\/uploads\/2024\/12\/Screenshot-2024-12-04-at-08-52-48-Free-Photo-Student-working-from-home-1024x683.png\" alt=\"\" class=\"wp-image-7801\"\/><\/figure>\n\n\n\n<div style=\"height:20px\" aria-hidden=\"true\" class=\"wp-block-spacer\"><\/div>\n\n\n\n<h3 class=\"wp-block-heading\"><strong>Gesti\u00f3n<\/strong><\/h3>\n\n\n\n<p class=\"wp-block-paragraph\">Acceda a los registros de sus <a href=\"https:\/\/www.kananas.com\/es\/documentation\/miembros\/\" title=\"Miembros\">miembros<\/a> en cualquier momento y lugar.<\/p>\n\n\n\n<p class=\"wp-block-paragraph\">Todos sus <a href=\"https:\/\/www.kananas.com\/es\/documentation\/documentos\/\" title=\"Documentos\">documentos<\/a> centralizados en un entorno seguro con copias de seguridad.<\/p>\n<\/div>\n\n\n\n<div class=\"wp-block-column is-layout-flow wp-block-column-is-layout-flow\" style=\"flex-basis:5%\"><\/div>\n<\/div>\n<\/div><\/div>\n\n\n\n<div style=\"height:31px\" aria-hidden=\"true\" class=\"wp-block-spacer\"><\/div>\n\n\n\n<div class=\"wp-block-buttons alignfull ghostkit-custom-2rfJNX is-content-justification-center is-layout-flex wp-container-core-buttons-is-layout-fe48e5de wp-block-buttons-is-layout-flex\">\n<div class=\"wp-block-button\"><a class=\"wp-block-button__link has-base-3-color has-accent-background-color has-text-color has-background has-link-color has-medium-font-size has-custom-font-size wp-element-button\" href=\"https:\/\/backoffice.kananas.com\/action_manager.php?event=organisation_add&amp;p=1&amp;lang=ESP\" target=\"_blank\" rel=\"noreferrer noopener\">Comienza tu prueba gratuita de 30 d\u00edas<\/a><\/div>\n<\/div>\n\n\n\n<div style=\"height:50px\" aria-hidden=\"true\" class=\"wp-block-spacer\"><\/div>\n\n\n\n<div class=\"wp-block-columns is-layout-flex wp-container-core-columns-is-layout-8f761849 wp-block-columns-is-layout-flex\">\n<div class=\"wp-block-column is-layout-flow wp-block-column-is-layout-flow\" style=\"flex-basis:5%\"><\/div>\n\n\n\n<div class=\"wp-block-column is-layout-flow wp-block-column-is-layout-flow\">\n<h2 class=\"wp-block-heading\"><strong>\u00bfQu\u00e9 organizaciones usan Kananas?<\/strong><\/h2>\n\n\n\n<ul class=\"wp-block-list\">\n<li>Centros de ocio infantil y familiar,<\/li>\n\n\n\n<li>Asociaciones juveniles y culturales,<\/li>\n\n\n\n<li>Clubs de tiempo libre,<\/li>\n\n\n\n<li>Centros de ocio para mayores o pensionistas.<\/li>\n<\/ul>\n\n\n\n<div style=\"height:100px\" aria-hidden=\"true\" class=\"wp-block-spacer\"><\/div>\n\n\n\n<h2 class=\"wp-block-heading\"><strong>Testimonio<\/strong><\/h2>\n\n\n\n<div class=\"wp-block-columns roundDiv has-base-background-color has-background is-layout-flex wp-container-core-columns-is-layout-8f761849 wp-block-columns-is-layout-flex\">\n<div class=\"wp-block-column is-vertically-aligned-center is-layout-flow wp-block-column-is-layout-flow\" style=\"flex-basis:20%\">\n<figure class=\"wp-block-image size-full padding30\"><img decoding=\"async\" src=\"https:\/\/www.kananas.com\/en\/wp-content\/uploads\/sites\/2145\/2025\/11\/kathy-youth-camp-software-Kananas.png\" alt=\"\" class=\"wp-image-6486\"\/><\/figure>\n<\/div>\n\n\n\n<div class=\"wp-block-column is-vertically-aligned-center is-layout-flow wp-block-column-is-layout-flow\">\n<div style=\"height:30px\" aria-hidden=\"true\" class=\"wp-block-spacer\"><\/div>\n\n\n\n<blockquote class=\"wp-block-quote is-layout-flow wp-block-quote-is-layout-flow\">\n<p class=\"wp-block-paragraph\">\u201cCon Kananas gestionamos nuestras actividades familiares, reservas y cobros online sin esfuerzo.<br>La IA nos ayuda a comunicar con nuestros socios y ahorrar tiempo cada semana.\u201d<\/p>\n\n\n\n<p class=\"wp-block-paragraph\"><br>\u2014 Centro de Ocio Familiar \u201cAventura Kids\u201d, Valencia<\/p>\n<\/blockquote>\n<\/div>\n\n\n\n<div class=\"wp-block-column is-vertically-aligned-center is-layout-flow wp-block-column-is-layout-flow\" style=\"flex-basis:10px\"><\/div>\n<\/div>\n\n\n\n<div style=\"height:100px\" aria-hidden=\"true\" class=\"wp-block-spacer\"><\/div>\n\n\n\n<h2 class=\"wp-block-heading\"><strong>Comparativa con otras plataformas para campamentos<\/strong><\/h2>\n\n\n\n<figure class=\"wp-block-table\"><table class=\"has-fixed-layout\"><thead><tr><th>Funcionalidad \/ criterio<\/th><th>\u2705 <strong>Kananas<\/strong><\/th><th>Berrly<\/th><th>Cucunver<\/th><th>Playoff<\/th><\/tr><\/thead><tbody><tr><td>CRM + base de datos de socios \/ usuarios<\/td><td>\u2705 S\u00ed \u2013 CRM avanzado con IA y segmentaci\u00f3n cultural y recreativa<\/td><td>\u2705 S\u00ed \u2013 b\u00e1sico<\/td><td>\u2705 S\u00ed \u2013 sencillo<\/td><td>\u2705 S\u00ed \u2013 para clubes deportivos<\/td><\/tr><tr><td>Inteligencia Artificial y automatizaci\u00f3n<\/td><td>\u2705 S\u00ed \u2013 IA integrada para comunicaciones y tareas<\/td><td>\u274c No<\/td><td>\u274c No<\/td><td>\u274c No<\/td><\/tr><tr><td>Gesti\u00f3n de actividades y reservas online<\/td><td>\u2705 S\u00ed \u2013 talleres, cursos, eventos, fiestas<\/td><td>\u2705 S\u00ed \u2013 inscripci\u00f3n b\u00e1sica<\/td><td>\u2705 S\u00ed \u2013 manual<\/td><td>\u2705 S\u00ed \u2013 orientado a eventos<\/td><\/tr><tr><td>Entradas, bonos y donaciones<\/td><td>\u2705 Integrado \u2013 pagos y bonos desde la plataforma<\/td><td>\u26a0\ufe0f Parcial<\/td><td>\u274c No<\/td><td>\u26a0\ufe0f Limitado<\/td><\/tr><tr><td>Anal\u00edtica y reportes inteligentes<\/td><td>\u2705 S\u00ed \u2013 informes autom\u00e1ticos IA<\/td><td>\u26a0\ufe0f Limitado<\/td><td>\u26a0\ufe0f Limitado<\/td><td>\u26a0\ufe0f Limitado<\/td><\/tr><tr><td>Soporte en espa\u00f1ol \/ Adaptado Espa\u00f1a-LatAm<\/td><td>\u2705 S\u00ed \u2013 versi\u00f3n dedicada<\/td><td>\u2705 S\u00ed<\/td><td>\u2705 S\u00ed<\/td><td>\u2705 S\u00ed<\/td><\/tr><tr><td>Especializaci\u00f3n \u201ccentros de ocio \/ asociaciones recreativas\u201d<\/td><td>\u2705 S\u00ed \u2013 mensaje y herramientas espec\u00edficas<\/td><td>\u26a0\ufe0f Parcial<\/td><td>\u26a0\ufe0f Parcial<\/td><td>\u26a0\ufe0f Parcial<\/td><\/tr><\/tbody><\/table><\/figure>\n\n\n\n<div style=\"height:80px\" aria-hidden=\"true\" class=\"wp-block-spacer\"><\/div>\n\n\n\n<div class=\"wp-block-columns is-layout-flex wp-container-core-columns-is-layout-8f761849 wp-block-columns-is-layout-flex\">\n<div class=\"wp-block-column is-layout-flow wp-block-column-is-layout-flow\" style=\"flex-basis:5%\"><\/div>\n\n\n\n<div class=\"wp-block-column roundDiv has-base-3-color has-accent-background-color has-text-color has-background has-link-color wp-elements-84907d1fef8038a4794ab7a452f7555a is-layout-flow wp-block-column-is-layout-flow\">\n<div class=\"wp-block-columns is-layout-flex wp-container-core-columns-is-layout-8f761849 wp-block-columns-is-layout-flex\">\n<div class=\"wp-block-column is-layout-flow wp-block-column-is-layout-flow\" style=\"flex-basis:5%\"><\/div>\n\n\n\n<div class=\"wp-block-column is-layout-flow wp-block-column-is-layout-flow\">\n<div style=\"height:20px\" aria-hidden=\"true\" class=\"wp-block-spacer\"><\/div>\n\n\n\n<h2 class=\"wp-block-heading\"><strong>Resultados comprobados con Kananas<\/strong><\/h2>\n\n\n\n<p class=\"wp-block-paragraph\">En promedio, los usuarios de Kananas ahorran <strong>2 horas<\/strong> de trabajo administrativo por semana, experimentan un aumento del <strong>40 % <\/strong>en las conversiones de pagos en l\u00ednea y un incremento del <strong>35 %<\/strong> en la asistencia a eventos.<\/p>\n\n\n\n<p class=\"wp-block-paragraph\">Estas son cifras reales, proporcionadas directamente por los usuarios de Kananas.<\/p>\n<\/div>\n\n\n\n<div class=\"wp-block-column is-layout-flow wp-block-column-is-layout-flow\" style=\"flex-basis:5%\"><\/div>\n<\/div>\n<\/div>\n\n\n\n<div class=\"wp-block-column is-layout-flow wp-block-column-is-layout-flow\" style=\"flex-basis:5%\"><\/div>\n<\/div>\n\n\n\n<div style=\"height:120px\" aria-hidden=\"true\" class=\"wp-block-spacer\"><\/div>\n\n\n\n<h2 class=\"wp-block-heading\"><strong>Preguntas frecuentes sobre Kananas para centros de ocio y asociaciones recreativas<\/strong><\/h2>\n\n\n\n<p class=\"wp-block-paragraph\"><strong>\u00bfKananas es adecuado para centros de ocio infantil o cultural?<\/strong><br>S\u00ed. Kananas se adapta tanto a centros de ocio familiar como a asociaciones culturales o juveniles.<\/p>\n\n\n\n<p class=\"wp-block-paragraph\"><strong>\u00bfQu\u00e9 tareas puede automatizar la IA de Kananas?<\/strong><br>Env\u00eda recordatorios, gestiona inscripciones, crea boletines, y genera informes de asistencia o pagos autom\u00e1ticamente.<\/p>\n\n\n\n<p class=\"wp-block-paragraph\"><strong>\u00bfSe necesita experiencia t\u00e9cnica para usarlo?<\/strong><br>No. Kananas est\u00e1 dise\u00f1ado para ser intuitivo y f\u00e1cil de usar desde el primer d\u00eda.<\/p>\n\n\n\n<p class=\"wp-block-paragraph\"><strong>\u00bfKananas permite vender entradas o bonos online?<\/strong><br>S\u00ed. Puedes gestionar reservas, vender entradas y controlar el aforo desde una misma plataforma.<\/p>\n\n\n\n<p class=\"wp-block-paragraph\"><strong>\u00bfKananas ofrece soporte en espa\u00f1ol?<\/strong><br>S\u00ed. Nuestro equipo ofrece asistencia completa en espa\u00f1ol, tanto para Espa\u00f1a como para Am\u00e9rica Latina.<\/p>\n\n\n\n<p class=\"wp-block-paragraph\"><strong>\u00bfPuedo probar Kananas antes de contratarlo?<\/strong><br>Por supuesto. Disfruta de una prueba gratuita de 30 d\u00edas sin tarjeta de cr\u00e9dito.<\/p>\n<\/div>\n\n\n\n<div class=\"wp-block-column is-layout-flow wp-block-column-is-layout-flow\" style=\"flex-basis:5%\"><\/div>\n<\/div>\n\n\n\n<div class=\"wp-block-columns has-base-3-color has-accent-background-color has-text-color has-background has-link-color wp-elements-7ce69abda1125172a350b5c9b553939a is-layout-flex wp-container-core-columns-is-layout-8f761849 wp-block-columns-is-layout-flex\">\n<div class=\"wp-block-column is-layout-flow wp-block-column-is-layout-flow\" style=\"flex-basis:5%\"><\/div>\n\n\n\n<div class=\"wp-block-column is-layout-flow wp-block-column-is-layout-flow\">\n<div style=\"height:100px\" aria-hidden=\"true\" class=\"wp-block-spacer\"><\/div>\n\n\n\n<div class=\"wp-block-columns is-layout-flex wp-container-core-columns-is-layout-8f761849 wp-block-columns-is-layout-flex\">\n<div class=\"wp-block-column is-layout-flow wp-block-column-is-layout-flow\" style=\"flex-basis:5%\"><\/div>\n\n\n\n<div class=\"wp-block-column is-layout-flow wp-block-column-is-layout-flow\">\n<h2 class=\"wp-block-heading\"><strong>Optimice su tiempo, impulse su asociaci\u00f3n con Kananas<\/strong><\/h2>\n\n\n\n<p class=\"wp-block-paragraph\">Reg\u00edstrese gratis en Kananas y disfrute de 30 d\u00edas de prueba sin tarjeta bancaria.<\/p>\n\n\n\n<div style=\"height:20px\" aria-hidden=\"true\" class=\"wp-block-spacer\"><\/div>\n\n\n\n<div class=\"wp-block-buttons is-content-justification-center is-layout-flex wp-container-core-buttons-is-layout-fe48e5de wp-block-buttons-is-layout-flex\">\n<div class=\"wp-block-button\"><a class=\"wp-block-button__link has-accent-color has-base-2-background-color has-text-color has-background has-link-color has-medium-font-size has-custom-font-size wp-element-button\" href=\"https:\/\/app.kananas.com\/organisation\/add\/p\/1\/lang\/ESP\" target=\"_blank\" rel=\"noreferrer noopener\">Empezar<\/a><\/div>\n<\/div>\n<\/div>\n\n\n\n<div class=\"wp-block-column is-layout-flow wp-block-column-is-layout-flow\" style=\"flex-basis:5%\"><\/div>\n<\/div>\n\n\n\n<div style=\"height:100px\" aria-hidden=\"true\" class=\"wp-block-spacer\"><\/div>\n<\/div>\n\n\n\n<div class=\"wp-block-column is-vertically-aligned-center is-layout-flow wp-block-column-is-layout-flow\"><div class=\"wp-block-image is-style-rounded\">\n<figure class=\"aligncenter size-large is-resized\"><img decoding=\"async\" src=\"https:\/\/www.kananas.com\/wp-content\/uploads\/2024\/12\/Screenshot-2024-12-04-at-08-47-20-Free-Photo-Side-view-smiley-man-working-on-laptop-1024x683.png\" alt=\"\" class=\"wp-image-7872\" style=\"width:300px\"\/><\/figure>\n<\/div><\/div>\n\n\n\n<div class=\"wp-block-column is-layout-flow wp-block-column-is-layout-flow\" style=\"flex-basis:5%\"><\/div>\n<\/div>\n","protected":false},"excerpt":{"rendered":"<p>Software CRM con inteligencia artificial para centros de ocio y asociaciones recreativas Gestiona tu centro de ocio, cultural o recreativo con una sola herramienta.Organiza actividades, automatiza inscripciones y comunicaciones, y ahorra tiempo con la inteligencia artificial de Kananas. Ventajas de Kananas para tu centro o asociaci\u00f3n de ocio Asistente con Inteligencia Artificial \u2013 Redacta comunicados, &#8230; <a title=\"Centros de ocio\" class=\"read-more\" href=\"https:\/\/www.kananas.com\/es\/software\/centros-de-ocio\/\" aria-label=\"En savoir plus sur Centros de ocio\">Lire la suite<\/a><\/p>\n","protected":false},"author":1,"featured_media":0,"parent":5848,"menu_order":0,"comment_status":"closed","ping_status":"closed","template":"","meta":{"_crdt_document":"","footnotes":""},"class_list":["post-4711","page","type-page","status-publish"],"aioseo_notices":[],"_links":{"self":[{"href":"https:\/\/www.kananas.com\/es\/wp-json\/wp\/v2\/pages\/4711","targetHints":{"allow":["GET"]}}],"collection":[{"href":"https:\/\/www.kananas.com\/es\/wp-json\/wp\/v2\/pages"}],"about":[{"href":"https:\/\/www.kananas.com\/es\/wp-json\/wp\/v2\/types\/page"}],"author":[{"embeddable":true,"href":"https:\/\/www.kananas.com\/es\/wp-json\/wp\/v2\/users\/1"}],"replies":[{"embeddable":true,"href":"https:\/\/www.kananas.com\/es\/wp-json\/wp\/v2\/comments?post=4711"}],"version-history":[{"count":10,"href":"https:\/\/www.kananas.com\/es\/wp-json\/wp\/v2\/pages\/4711\/revisions"}],"predecessor-version":[{"id":6071,"href":"https:\/\/www.kananas.com\/es\/wp-json\/wp\/v2\/pages\/4711\/revisions\/6071"}],"up":[{"embeddable":true,"href":"https:\/\/www.kananas.com\/es\/wp-json\/wp\/v2\/pages\/5848"}],"wp:attachment":[{"href":"https:\/\/www.kananas.com\/es\/wp-json\/wp\/v2\/media?parent=4711"}],"curies":[{"name":"wp","href":"https:\/\/api.w.org\/{rel}","templated":true}]}}