{"id":4726,"date":"2023-08-04T17:22:27","date_gmt":"2023-08-04T15:22:27","guid":{"rendered":"https:\/\/www.kananas.com\/es\/?page_id=4726"},"modified":"2024-05-23T16:55:18","modified_gmt":"2024-05-23T14:55:18","slug":"gracias-por-su-registro","status":"publish","type":"page","link":"https:\/\/www.kananas.com\/es\/gracias-por-su-registro\/","title":{"rendered":"gracias por su registro"},"content":{"rendered":"<h1 style=\"text-align: center;\">Gracias por su registro<\/h1>\n<p style=\"text-align: center;\"><img loading=\"lazy\" decoding=\"async\" class=\"aligncenter wp-image-4566 size-medium\" src=\"https:\/\/www.kananas.com\/wp-content\/uploads\/2023\/08\/thanks-300x300.png\" alt=\"\" width=\"300\" height=\"300\" \/><\/p>\n<p style=\"text-align: center;\">Para completar el registro, responda al correo electr\u00f3nico de confirmaci\u00f3n que recibir\u00e1 en unos minutos.<\/p>\n<p style=\"text-align: center;\">Si no recibe este correo electr\u00f3nico, busque en la vista de correo no deseado de su correo electr\u00f3nico; de lo contrario, cont\u00e1ctenos a trav\u00e9s del formulario de contacto.<\/p>\n<p>&nbsp;<\/p>\n<p style=\"text-align: center;\">\n","protected":false},"excerpt":{"rendered":"<p>Gracias por su registro Para completar el registro, responda al correo electr\u00f3nico de confirmaci\u00f3n que recibir\u00e1 en unos minutos. Si no recibe este correo electr\u00f3nico, busque en la vista de correo no deseado de su correo electr\u00f3nico; de lo contrario, cont\u00e1ctenos a trav\u00e9s del formulario de contacto. &nbsp;<\/p>\n","protected":false},"author":1,"featured_media":0,"parent":0,"menu_order":0,"comment_status":"closed","ping_status":"closed","template":"","meta":{"_crdt_document":"","footnotes":""},"class_list":["post-4726","page","type-page","status-publish"],"aioseo_notices":[],"_links":{"self":[{"href":"https:\/\/www.kananas.com\/es\/wp-json\/wp\/v2\/pages\/4726","targetHints":{"allow":["GET"]}}],"collection":[{"href":"https:\/\/www.kananas.com\/es\/wp-json\/wp\/v2\/pages"}],"about":[{"href":"https:\/\/www.kananas.com\/es\/wp-json\/wp\/v2\/types\/page"}],"author":[{"embeddable":true,"href":"https:\/\/www.kananas.com\/es\/wp-json\/wp\/v2\/users\/1"}],"replies":[{"embeddable":true,"href":"https:\/\/www.kananas.com\/es\/wp-json\/wp\/v2\/comments?post=4726"}],"version-history":[{"count":2,"href":"https:\/\/www.kananas.com\/es\/wp-json\/wp\/v2\/pages\/4726\/revisions"}],"predecessor-version":[{"id":4728,"href":"https:\/\/www.kananas.com\/es\/wp-json\/wp\/v2\/pages\/4726\/revisions\/4728"}],"wp:attachment":[{"href":"https:\/\/www.kananas.com\/es\/wp-json\/wp\/v2\/media?parent=4726"}],"curies":[{"name":"wp","href":"https:\/\/api.w.org\/{rel}","templated":true}]}}