{"id":4755,"date":"2023-12-12T12:11:10","date_gmt":"2023-12-12T10:11:10","guid":{"rendered":"https:\/\/www.kananas.com\/es\/documentation-3\/features\/"},"modified":"2024-08-28T17:05:26","modified_gmt":"2024-08-28T15:05:26","slug":"caracteristicas","status":"publish","type":"page","link":"https:\/\/www.kananas.com\/es\/documentation\/caracteristicas\/","title":{"rendered":"Caracter\u00edsticas"},"content":{"rendered":"\r\n<h3 class=\"wp-block-heading\">Gesti\u00f3n de miembros<\/h3>\r\n\r\n\r\n\r\n<div class=\"wp-block-columns is-layout-flex wp-container-core-columns-is-layout-8f761849 wp-block-columns-is-layout-flex\">\r\n<div class=\"wp-block-column is-layout-flow wp-block-column-is-layout-flow\">\r\n<p class=\"wp-block-paragraph\">Importaci\u00f3n de tus contactos (<a href=\"https:\/\/www.kananas.com\/es\/documentation\/miembros\/\" data-type=\"page\" data-id=\"4900\">miembros<\/a>, externos, etc.), gesti\u00f3n de informaci\u00f3n personal, contribuciones, seguimiento de actividades, emisi\u00f3n de facturas, gesti\u00f3n de derechos de acceso, posibilidad de adjuntar documentos al expediente, estad\u00edsticas, exportaci\u00f3n a otros software, personalizaci\u00f3n del expediente (a\u00f1adir campos libres), impresi\u00f3n de tarjetas, toma de notas.<\/p>\r\n\r\n\r\n\r\n<figure class=\"wp-block-image size-full is-resized\"><a href=\"https:\/\/www.kananas.com\/es\/documentation\/miembros\/\"><img loading=\"lazy\" decoding=\"async\" width=\"2010\" height=\"752\" class=\"wp-image-5249\" style=\"width: 826px; height: auto;\" src=\"https:\/\/www.kananas.com\/es\/wp-content\/uploads\/sites\/2143\/2023\/12\/Screenshot-2023-12-21-at-18-56-39-SOA-club-Contacto.png\" alt=\"\" srcset=\"https:\/\/www.kananas.com\/es\/wp-content\/uploads\/sites\/2143\/2023\/12\/Screenshot-2023-12-21-at-18-56-39-SOA-club-Contacto.png 2010w, https:\/\/www.kananas.com\/es\/wp-content\/uploads\/sites\/2143\/2023\/12\/Screenshot-2023-12-21-at-18-56-39-SOA-club-Contacto-300x112.png 300w, https:\/\/www.kananas.com\/es\/wp-content\/uploads\/sites\/2143\/2023\/12\/Screenshot-2023-12-21-at-18-56-39-SOA-club-Contacto-1024x383.png 1024w, https:\/\/www.kananas.com\/es\/wp-content\/uploads\/sites\/2143\/2023\/12\/Screenshot-2023-12-21-at-18-56-39-SOA-club-Contacto-768x287.png 768w, https:\/\/www.kananas.com\/es\/wp-content\/uploads\/sites\/2143\/2023\/12\/Screenshot-2023-12-21-at-18-56-39-SOA-club-Contacto-1536x575.png 1536w\" sizes=\"auto, (max-width: 2010px) 100vw, 2010px\" \/><\/a><\/figure>\r\n<\/div>\r\n<\/div>\r\n\r\n\r\n\r\n<div class=\"wp-block-spacer\" style=\"height: 20px;\" aria-hidden=\"true\">\u00a0<\/div>\r\n\r\n\r\n\r\n<h3 class=\"wp-block-heading\">Gesti\u00f3n de membres\u00edas<\/h3>\r\n\r\n\r\n\r\n<p class=\"wp-block-paragraph\">M\u00e1s all\u00e1 de las <a href=\"https:\/\/www.kananas.com\/es\/documentation\/miembros\/afiliacion\/\" data-type=\"page\" data-id=\"4901\">afiliaci\u00f3n<\/a>, puedes gestionar todo lo que vendes, pasant\u00edas, contribuciones, seguros, materiales, licencias, actividades, etc&#8230;<\/p>\r\n\r\n\r\n\r\n<figure class=\"wp-block-image size-large is-style-default\"><a href=\"https:\/\/www.kananas.com\/es\/documentation\/miembros\/afiliacion\/\"><img decoding=\"async\" src=\"https:\/\/www.kananas.com\/wp-content\/uploads\/2022\/03\/member-card-2-300x223.png\" alt=\"\" \/><\/a><\/figure>\r\n\r\n\r\n\r\n<div class=\"wp-block-spacer\" style=\"height: 20px;\" aria-hidden=\"true\">\u00a0<\/div>\r\n\r\n\r\n\r\n<h3 class=\"wp-block-heading\">Gesti\u00f3n de actividades<\/h3>\r\n\r\n\r\n\r\n<p class=\"wp-block-paragraph\"><a href=\"https:\/\/www.kananas.com\/es\/documentation\/planificacion\/\" data-type=\"page\" data-id=\"4876\">Planificaci\u00f3n<\/a>, salidas, cursos, reuniones, asignaciones, grupos, ingresos\/gastos, informes, convocatorias, gesti\u00f3n de asistencias, inscripci\u00f3n en l\u00ednea.<\/p>\r\n\r\n\r\n\r\n<figure class=\"wp-block-image size-full is-resized\"><a href=\"https:\/\/www.kananas.com\/es\/documentation\/planificacion\/actividades\/\"><img decoding=\"async\" class=\"wp-image-5578\" style=\"width: 571px; height: auto;\" src=\"https:\/\/www.kananas.com\/es\/wp-content\/uploads\/sites\/2145\/2023\/12\/Screenshot-2023-12-18-at-19-04-57-SOA-club-Activities-_-month-planning.png\" alt=\"\" \/><\/a><\/figure>\r\n\r\n\r\n\r\n<div class=\"wp-block-spacer\" style=\"height: 20px;\" aria-hidden=\"true\">\u00a0<\/div>\r\n\r\n\r\n\r\n<h3 class=\"wp-block-heading\">Gesti\u00f3n financiera<\/h3>\r\n\r\n\r\n\r\n<p class=\"wp-block-paragraph\">Configuraci\u00f3n de a\u00f1os financieros, cuentas bancarias\/en efectivo y el plan de cuentas. Gesti\u00f3n de movimientos (recibos, gastos). Seguimiento contable por asignaci\u00f3n, por cuenta anal\u00edtica, por cuenta bancaria, por categor\u00eda. Estad\u00edsticas, producci\u00f3n de documentos de balance e informe de ingresos.<\/p>\r\n\r\n\r\n\r\n<figure class=\"wp-block-image size-large is-resized\"><a href=\"https:\/\/www.kananas.com\/es\/documentation\/contabilidad\/\"><img decoding=\"async\" class=\"wp-image-5575\" style=\"width: 762px; height: auto;\" src=\"https:\/\/www.kananas.com\/es\/wp-content\/uploads\/sites\/2145\/2023\/12\/Screenshot-2023-12-18-at-18-58-27-SOA-club-Accounting-_-board-1024x414.png\" alt=\"\" \/><\/a><\/figure>\r\n\r\n\r\n\r\n<div class=\"wp-block-spacer\" style=\"height: 20px;\" aria-hidden=\"true\">\u00a0<\/div>\r\n\r\n\r\n\r\n<h3 class=\"wp-block-heading\">Pago en l\u00ednea<\/h3>\r\n\r\n\r\n\r\n<div class=\"wp-block-columns is-layout-flex wp-container-core-columns-is-layout-8f761849 wp-block-columns-is-layout-flex\">\r\n<div class=\"wp-block-column is-layout-flow wp-block-column-is-layout-flow\">\r\n<p class=\"wp-block-paragraph\">Los usuarios pueden <a href=\"https:\/\/www.kananas.com\/es\/documentation\/sitio-web\/pago-en-linea\/\" data-type=\"page\" data-id=\"4855\">pagar en l\u00ednea <\/a> sus contribuciones, seguros, actividades, etc. en l\u00ednea.<\/p>\r\n<\/div>\r\n<\/div>\r\n\r\n\r\n\r\n<figure class=\"wp-block-image size-full is-resized\"><a href=\"https:\/\/www.kananas.com\/es\/documentation\/sitio-web\/pago-en-linea\/\"><img loading=\"lazy\" decoding=\"async\" width=\"1932\" height=\"1182\" class=\"wp-image-5255\" style=\"width: 719px; height: auto;\" src=\"https:\/\/www.kananas.com\/es\/wp-content\/uploads\/sites\/2143\/2023\/12\/Screenshot-2023-12-21-at-19-05-17-SOA-basket.png\" alt=\"\" srcset=\"https:\/\/www.kananas.com\/es\/wp-content\/uploads\/sites\/2143\/2023\/12\/Screenshot-2023-12-21-at-19-05-17-SOA-basket.png 1932w, https:\/\/www.kananas.com\/es\/wp-content\/uploads\/sites\/2143\/2023\/12\/Screenshot-2023-12-21-at-19-05-17-SOA-basket-300x184.png 300w, https:\/\/www.kananas.com\/es\/wp-content\/uploads\/sites\/2143\/2023\/12\/Screenshot-2023-12-21-at-19-05-17-SOA-basket-1024x626.png 1024w, https:\/\/www.kananas.com\/es\/wp-content\/uploads\/sites\/2143\/2023\/12\/Screenshot-2023-12-21-at-19-05-17-SOA-basket-768x470.png 768w, https:\/\/www.kananas.com\/es\/wp-content\/uploads\/sites\/2143\/2023\/12\/Screenshot-2023-12-21-at-19-05-17-SOA-basket-1536x940.png 1536w\" sizes=\"auto, (max-width: 1932px) 100vw, 1932px\" \/><\/a><\/figure>\r\n\r\n\r\n\r\n<div class=\"wp-block-spacer\" style=\"height: 20px;\" aria-hidden=\"true\">\u00a0<\/div>\r\n\r\n\r\n\r\n<h3 class=\"wp-block-heading\">Comunicaci\u00f3n<\/h3>\r\n\r\n\r\n\r\n<p class=\"wp-block-paragraph\">Difusi\u00f3n de informaci\u00f3n espec\u00edfica, ejemplo para miembros de una actividad, documentos est\u00e1ndar, correo, correo electr\u00f3nico, <a href=\"https:\/\/www.kananas.com\/es\/documentation\/comunicacion\/sms\/\" data-type=\"page\" data-id=\"4891\">SMS<\/a>, bolet\u00edn informativo, <a href=\"https:\/\/www.kananas.com\/es\/documentation\/comunicacion\/charlar\/\" data-type=\"page\" data-id=\"4814\">chat<\/a>.<\/p>\r\n\r\n\r\n\r\n<figure class=\"wp-block-image size-large is-resized\"><a href=\"https:\/\/www.kananas.com\/es\/documentation\/comunicacion\/charlar\/\"><img decoding=\"async\" style=\"width: 767px; height: auto;\" src=\"https:\/\/www.kananas.com\/en\/wp-content\/uploads\/sites\/2145\/2023\/12\/Screenshot-2023-12-21-at-19-21-15-SOA-basket-Chat-Jean-Ambezati.png\" alt=\"\" \/><\/a><\/figure>\r\n\r\n\r\n\r\n<div class=\"wp-block-spacer\" style=\"height: 20px;\" aria-hidden=\"true\">\u00a0<\/div>\r\n\r\n\r\n\r\n<h3 class=\"wp-block-heading\">Exportaci\u00f3n de datos<\/h3>\r\n\r\n\r\n\r\n<p class=\"wp-block-paragraph\"><a href=\"https:\/\/www.kananas.com\/es\/documentation\/exportacion-de-datos\/\" data-type=\"page\" data-id=\"4893\">Exporta<\/a> tu base de datos o listas a otros programas.<\/p>\r\n\r\n\r\n\r\n<div class=\"wp-block-spacer\" style=\"height: 20px;\" aria-hidden=\"true\">\u00a0<\/div>\r\n\r\n\r\n\r\n<h3 class=\"wp-block-heading\">Gesti\u00f3n de documentos<\/h3>\r\n\r\n\r\n\r\n<p class=\"wp-block-paragraph\">Descarga y <a href=\"https:\/\/www.kananas.com\/es\/documentation\/documentos\/\" data-type=\"page\" data-id=\"4888\">almacena documentos importantes<\/a> en tu Backoffice y comp\u00e1rtelos con tus contactos.<\/p>\r\n\r\n\r\n\r\n<div class=\"wp-block-spacer\" style=\"height: 20px;\" aria-hidden=\"true\">\u00a0<\/div>\r\n\r\n\r\n\r\n<h3 class=\"wp-block-heading\">Usuarios m\u00faltiples<\/h3>\r\n\r\n\r\n\r\n<p class=\"wp-block-paragraph\">Posibilidad de otorgar diferentes <a href=\"https:\/\/www.kananas.com\/es\/documentation\/miembros\/derechos-de-acceso\/\" data-type=\"page\" data-id=\"4825\">derechos de acceso<\/a> a tus usuarios: perfiles de tesorero, secretario, etc.<\/p>\r\n\r\n\r\n\r\n<div class=\"wp-block-spacer\" style=\"height: 20px;\" aria-hidden=\"true\">\u00a0<\/div>\r\n\r\n\r\n\r\n<h3 class=\"wp-block-heading\">Sitio web<\/h3>\r\n\r\n\r\n\r\n<p class=\"wp-block-paragraph\">Integraci\u00f3n del <a href=\"https:\/\/www.kananas.com\/es\/documentation\/sitio-web\/\" data-type=\"page\" data-id=\"4907\">sitio web<\/a> de tu asociaci\u00f3n con tienda en l\u00ednea y espacio personal.<\/p>\r\n","protected":false},"excerpt":{"rendered":"<p>Gesti\u00f3n de miembros Importaci\u00f3n de tus contactos (miembros, externos, etc.), gesti\u00f3n de informaci\u00f3n personal, contribuciones, seguimiento de actividades, emisi\u00f3n de facturas, gesti\u00f3n de derechos de acceso, posibilidad de adjuntar documentos al expediente, estad\u00edsticas, exportaci\u00f3n a otros software, personalizaci\u00f3n del expediente (a\u00f1adir campos libres), impresi\u00f3n de tarjetas, toma de notas. Gesti\u00f3n de membres\u00edas M\u00e1s all\u00e1 de &#8230; <a title=\"Caracter\u00edsticas\" class=\"read-more\" href=\"https:\/\/www.kananas.com\/es\/documentation\/caracteristicas\/\" aria-label=\"En savoir plus sur Caracter\u00edsticas\">Lire la suite<\/a><\/p>\n","protected":false},"author":1,"featured_media":0,"parent":4864,"menu_order":1,"comment_status":"closed","ping_status":"closed","template":"","meta":{"_crdt_document":"","footnotes":""},"class_list":["post-4755","page","type-page","status-publish"],"aioseo_notices":[],"_links":{"self":[{"href":"https:\/\/www.kananas.com\/es\/wp-json\/wp\/v2\/pages\/4755","targetHints":{"allow":["GET"]}}],"collection":[{"href":"https:\/\/www.kananas.com\/es\/wp-json\/wp\/v2\/pages"}],"about":[{"href":"https:\/\/www.kananas.com\/es\/wp-json\/wp\/v2\/types\/page"}],"author":[{"embeddable":true,"href":"https:\/\/www.kananas.com\/es\/wp-json\/wp\/v2\/users\/1"}],"replies":[{"embeddable":true,"href":"https:\/\/www.kananas.com\/es\/wp-json\/wp\/v2\/comments?post=4755"}],"version-history":[{"count":24,"href":"https:\/\/www.kananas.com\/es\/wp-json\/wp\/v2\/pages\/4755\/revisions"}],"predecessor-version":[{"id":5743,"href":"https:\/\/www.kananas.com\/es\/wp-json\/wp\/v2\/pages\/4755\/revisions\/5743"}],"up":[{"embeddable":true,"href":"https:\/\/www.kananas.com\/es\/wp-json\/wp\/v2\/pages\/4864"}],"wp:attachment":[{"href":"https:\/\/www.kananas.com\/es\/wp-json\/wp\/v2\/media?parent=4755"}],"curies":[{"name":"wp","href":"https:\/\/api.w.org\/{rel}","templated":true}]}}