{"id":4758,"date":"2023-11-16T17:45:53","date_gmt":"2023-11-16T15:45:53","guid":{"rendered":"https:\/\/www.kananas.com\/es\/documentation-4\/kananas-application\/"},"modified":"2026-05-11T18:38:43","modified_gmt":"2026-05-11T16:38:43","slug":"aplicacion-kananas","status":"publish","type":"page","link":"https:\/\/www.kananas.com\/es\/documentation\/aplicacion-kananas\/","title":{"rendered":"Aplicaci\u00f3n Kananas"},"content":{"rendered":"\n<div class=\"wp-block-columns is-layout-flex wp-container-core-columns-is-layout-8f761849 wp-block-columns-is-layout-flex\">\n<div class=\"wp-block-column is-layout-flow wp-block-column-is-layout-flow\" style=\"flex-basis:60%\"><div class=\"breadcrumbs align  wp-block-bcn-breadcrumb-trail has-text-color has-background\" vocab=\"https:\/\/schema.org\/\" typeof=\"BreadcrumbList\">\n\t<span><\/span>\n\t<span property=\"itemListElement\" typeof=\"ListItem\"><a property=\"item\" typeof=\"WebPage\" title=\"Aller \u00e0 kananas.\" href=\"https:\/\/www.kananas.com\/es\" class=\"home\" aria-current=\"page\"><span property=\"name\">kananas<\/span><\/a><meta property=\"position\" content=\"1\"><\/span><\/div>\n\n\n\n<div style=\"height:30px\" aria-hidden=\"true\" class=\"wp-block-spacer\"><\/div>\n\n\n\n<p class=\"wp-block-paragraph\">La aplicaci\u00f3n Kananas est\u00e1 disponible en smartphones Android y Apple. Ya sea la parte de Backoffice para administradores o el espacio personal para <a href=\"https:\/\/www.kananas.com\/es\/documentation\/miembros\/\" type=\"page\" id=\"4745\">miembros<\/a>, puedes usarla en tu tel\u00e9fono.<\/p>\n\n\n\n<p class=\"wp-block-paragraph\">Para instalarla, no es necesario buscar en las tiendas de Apple o Android; simplemente inicia sesi\u00f3n en tu cuenta de Kananas a trav\u00e9s del navegador de tu smartphone y agrega la aplicaci\u00f3n de la siguiente manera:<\/p>\n\n\n\n<p class=\"wp-block-paragraph\">En <strong>Android<\/strong>: haz clic en la invitaci\u00f3n para agregar la aplicaci\u00f3n que aparece en la p\u00e1gina de conexi\u00f3n. De lo contrario, haga clic en 3 peque\u00f1os puntos en la parte superior derecha y elija \u00ab\u00a0agregar a la pantalla de inicio\u00a0\u00bb.<\/p>\n\n\n\n<div class=\"wp-block-columns is-layout-flex wp-container-core-columns-is-layout-8f761849 wp-block-columns-is-layout-flex\">\n<div class=\"wp-block-column is-layout-flow wp-block-column-is-layout-flow\">\n<figure class=\"wp-block-image size-full\"><a href=\"https:\/\/www.kananas.com\/wp-content\/uploads\/2023\/11\/googleChrome1-1.png\"><img decoding=\"async\" src=\"https:\/\/www.kananas.com\/wp-content\/uploads\/2023\/11\/googleChrome1-1.png\" alt=\"\" class=\"wp-image-5415\"\/><\/a><\/figure>\n<\/div>\n\n\n\n<div class=\"wp-block-column is-layout-flow wp-block-column-is-layout-flow\"><\/div>\n\n\n\n<div class=\"wp-block-column is-layout-flow wp-block-column-is-layout-flow\"><\/div>\n<\/div>\n\n\n\n<div style=\"height:30px\" aria-hidden=\"true\" class=\"wp-block-spacer\"><\/div>\n\n\n\n<p class=\"wp-block-paragraph\">En <strong>Apple<\/strong>: haga clic en el icono de compartir en la parte inferior de la pantalla, despl\u00e1cese por las opciones y luego elija \u00ab\u00a0en la pantalla de inicio\u00a0\u00bb.<\/p>\n\n\n\n<div class=\"wp-block-columns is-layout-flex wp-container-core-columns-is-layout-8f761849 wp-block-columns-is-layout-flex\">\n<div class=\"wp-block-column is-layout-flow wp-block-column-is-layout-flow\">\n<figure class=\"wp-block-image size-large\"><a href=\"https:\/\/www.kananas.com\/wp-content\/uploads\/2023\/11\/IMG_20617663E779-1.jpeg\"><img decoding=\"async\" src=\"https:\/\/www.kananas.com\/wp-content\/uploads\/2023\/11\/IMG_20617663E779-1-473x1024.jpeg\" alt=\"\" class=\"wp-image-5399\"\/><\/a><\/figure>\n<\/div>\n\n\n\n<div class=\"wp-block-column is-layout-flow wp-block-column-is-layout-flow\">\n<figure class=\"wp-block-image size-large\"><a href=\"https:\/\/www.kananas.com\/wp-content\/uploads\/2023\/11\/IMG_970234F6800A-1-1.jpeg\"><img decoding=\"async\" src=\"https:\/\/www.kananas.com\/wp-content\/uploads\/2023\/11\/IMG_970234F6800A-1-1-473x1024.jpeg\" alt=\"\" class=\"wp-image-5400\"\/><\/a><\/figure>\n<\/div>\n\n\n\n<div class=\"wp-block-column is-layout-flow wp-block-column-is-layout-flow\">\n<figure class=\"wp-block-image size-large\"><a href=\"https:\/\/www.kananas.com\/wp-content\/uploads\/2023\/11\/Capture-decran-.-2023-11-17-a-17.41.02.jpeg\"><img decoding=\"async\" src=\"https:\/\/www.kananas.com\/wp-content\/uploads\/2023\/11\/Capture-decran-.-2023-11-17-a-17.41.02-473x1024.jpeg\" alt=\"\" class=\"wp-image-5395\"\/><\/a><\/figure>\n<\/div>\n\n\n\n<div class=\"wp-block-column is-layout-flow wp-block-column-is-layout-flow\">\n<figure class=\"wp-block-image size-large\"><a href=\"https:\/\/www.kananas.com\/wp-content\/uploads\/2023\/11\/iphone-kananas.jpeg\"><img decoding=\"async\" src=\"https:\/\/www.kananas.com\/wp-content\/uploads\/2023\/11\/iphone-kananas-473x1024.jpeg\" alt=\"\" class=\"wp-image-5396\"\/><\/a><\/figure>\n<\/div>\n<\/div>\n<\/div>\n\n\n\n<div class=\"wp-block-column is-layout-flow wp-block-column-is-layout-flow\">\n<figure class=\"wp-block-image size-full is-resized\"><img decoding=\"async\" src=\"https:\/\/www.kananas.com\/wp-content\/uploads\/2023\/11\/kananasMobile.png\" alt=\"\" class=\"wp-image-5389\" style=\"width:350px\"\/><\/figure>\n<\/div>\n<\/div>\n","protected":false},"excerpt":{"rendered":"<p>La aplicaci\u00f3n Kananas est\u00e1 disponible en smartphones Android y Apple. Ya sea la parte de Backoffice para administradores o el espacio personal para miembros, puedes usarla en tu tel\u00e9fono. Para instalarla, no es necesario buscar en las tiendas de Apple o Android; simplemente inicia sesi\u00f3n en tu cuenta de Kananas a trav\u00e9s del navegador de &#8230; <a title=\"Aplicaci\u00f3n Kananas\" class=\"read-more\" href=\"https:\/\/www.kananas.com\/es\/documentation\/aplicacion-kananas\/\" aria-label=\"En savoir plus sur Aplicaci\u00f3n Kananas\">Lire la suite<\/a><\/p>\n","protected":false},"author":1,"featured_media":0,"parent":4864,"menu_order":10,"comment_status":"closed","ping_status":"closed","template":"","meta":{"_crdt_document":"{\"document\":\"AAAH09r1\/RGUAsIBCCaiBAMCgIIBBAIBAgpKDgIBAgpKDgIBAgoCQkoAtggBAgoCQkoAuAYBAgoCQkoAsAcBAgpKDgIBAwwCAQIKAQRKTioBBA4BA8gBlgEBAgpKABABAgoCQkoAogUBAgpKDgIBAwwCAQIKAQRKTioBAwwCAQIKAQRKTioBAwwCAQIKAQRKTioBAwwCAQIKAQRK0iGuIQEDDAIBAgoBBErKIhAOkCIBAQgASM4ikCJCCgbaIgMAAQlKqCsBAgpK1q4BAwIKtJABmhn8pAEDAp8CKAMnAAQAJwAEAIQEJwAoBCcAKAAnAAcAKAMnACgAJwAHACgDJwAoACcABwAoAycBBAAoACcAhwAoAycBBAAoACcAhwAoAycBBAAoACcAhwAoAycAKAAnAAcAKAMnAQcAKAMnACgBJwAoAycAhwAoAycBhwAoAycBhwAoAycAKAAnAIcAKAMnAQQAKAAnAIcAKAMnACgAJwAHACgDJwEHACgDJwAoAScAKAMnAIcAKAMnAQcAKAMnACgBJwAoAycAhwAoAycBBwAoAycAKAEnACgDJwCHACgDJwEHACgDJwAoAScAKAMnAIcAKAMnAQcAKAMnACgBJwAoAycAKAGoAccAKAInASgAJwCoASgABACoAigLxwAoAycAKAAnAMSIP\/M8c3RhdGV2ZXJzaW9uZG9jdW1lbnRkYXRlZG9jdW1lbnRzbHVnZG9jdW1lbnRzdGF0dXNkb2N1bWVudHRpdGxlQXBsaWNhY2nDs24gS2FuYW5hc2RvY3VtZW50Y29udGVudDwhLS0gd3A6Y29sdW1ucyAtLT4KPGRpdiBjbGFzcz0id3AtYmxvY2stY29sdW1ucyI+PCEtLSB3cDpjb2x1bW4geyJ3aWR0aCI6IjYwJSJ9IC0tPgo8ZGl2IGNsYXNzPSJ3cC1ibG9jay1jb2x1bW4iIHN0eWxlPSJmbGV4LWJhc2lzOjYwJSI+PCEtLSB3cDpwYXJhZ3JhcGggLS0+CjxwPkxhIGFwbGljYWNpw7NuIEthbmFuYXMgZXN0w6EgZGlzcG9uaWJsZSBlbiBzbWFydHBob25lcyBBbmRyb2lkIHkgQXBwbGUuIFlhIHNlYSBsYSBwYXJ0ZSBkZSBCYWNrb2ZmaWNlIHBhcmEgYWRtaW5pc3RyYWRvcmVzIG8gZWwgZXNwYWNpbyBwZXJzb25hbCBwYXJhIDxhIGhyZWY9Imh0dHBzOi8vd3d3LmthbmFuYXMuY29tL2VzL2RvY3VtZW50YXRpb24vbWllbWJyb3MvIiB0eXBlPSJwYWdlIiBpZD0iNDc0NSI+bWllbWJyb3M8L2E+LCBwdWVkZXMgdXNhcmxhIGVuIHR1IHRlbMOpZm9uby48L3A+CjwhLS0gL3dwOnBhcmFncmFwaCAtLT4KCjwhLS0gd3A6cGFyYWdyYXBoIC0tPgo8cD5QYXJhIGluc3RhbGFybGEsIG5vIGVzIG5lY2VzYXJpbyBidXNjYXIgZW4gbGFzIHRpZW5kYXMgZGUgQXBwbGUgbyBBbmRyb2lkOyBzaW1wbGVtZW50ZSBpbmljaWEgc2VzacOzbiBlbiB0dSBjdWVudGEgZGUgS2FuYW5hcyBhIHRyYXbDqXMgZGVsIG5hdmVnYWRvciBkZSB0dSBzbWFydHBob25lIHkgYWdyZWdhIGxhIGFwbGljYWNpw7NuIGRlIGxhIHNpZ3VpZW50ZSBtYW5lcmE6PC9wPgo8IS0tIC93cDpwYXJhZ3JhcGggLS0+Cgo8IS0tIHdwOnBhcmFncmFwaCAtLT4KPHA+RW4gPHN0cm9uZz5BbmRyb2lkPC9zdHJvbmc+OiBoYXogY2xpYyBlbiBsYSBpbnZpdGFjacOzbiBwYXJhIGFncmVnYXIgbGEgYXBsaWNhY2nDs24gcXVlIGFwYXJlY2UgZW4gbGEgcMOhZ2luYSBkZSBjb25leGnDs24uIERlIGxvIGNvbnRyYXJpbywgaGFnYSBjbGljIGVuIDMgcGVxdWXDsW9zIHB1bnRvcyBlbiBsYSBwYXJ0ZSBzdXBlcmlvciBkZXJlY2hhIHkgZWxpamEgImFncmVnYXIgYSBsYSBwYW50YWxsYSBkZSBpbmljaW8iLjwvcD4KPCEtLSAvd3A6cGFyYWdyYXBoIC0tPgoKPCEtLSB3cDpjb2x1bW5zIC0tPgo8ZGl2IGNsYXNzPSJ3cC1ibG9jay1jb2x1bW5zIj48IS0tIHdwOmNvbHVtbiAtLT4KPGRpdiBjbGFzcz0id3AtYmxvY2stY29sdW1uIj48IS0tIHdwOmltYWdlIHsiaWQiOjU0MTUsInNpemVTbHVnIjoiZnVsbCIsImxpbmtEZXN0aW5hdGlvbiI6Im1lZGlhIn0gLS0+CjxmaWd1cmUgY2xhc3M9IndwLWJsb2NrLWltYWdlIHNpemUtZnVsbCI+PGEgaHJlZj0iaHR0cHM6Ly93d3cua2FuYW5hcy5jb20vd3AtY29udGVudC91cGxvYWRzLzIwMjMvMTEvZ29vZ2xlQ2hyb21lMS0xLnBuZyI+PGltZyBzcmM9Imh0dHBzOi8vd3d3LmthbmFuYXMuY29tL3dwLWNvbnRlbnQvdXBsb2Fkcy8yMDIzLzExL2dvb2dsZUNocm9tZTEtMS5wbmciIGFsdD0iIiBjbGFzcz0id3AtaW1hZ2UtNTQxNSIvPjwvYT48L2ZpZ3VyZT4KPCEtLSAvd3A6aW1hZ2UgLS0+PC9kaXY+CjwhLS0gL3dwOmNvbHVtbiAtLT4KCjwhLS0gd3A6Y29sdW1uIC0tPgo8ZGl2IGNsYXNzPSJ3cC1ibG9jay1jb2x1bW4iPjwvZGl2Pgo8IS0tIC93cDpjb2x1bW4gLS0+Cgo8IS0tIHdwOmNvbHVtbiAtLT4KPGRpdiBjbGFzcz0id3AtYmxvY2stY29sdW1uIj48L2Rpdj4KPCEtLSAvd3A6Y29sdW1uIC0tPjwvZGl2Pgo8IS0tIC93cDpjb2x1bW5zIC0tPgoKPCEtLSB3cDpzcGFjZXIgeyJoZWlnaHQiOiIzMHB4In0gLS0+CjxkaXYgc3R5bGU9ImhlaWdodDozMHB4IiBhcmlhLWhpZGRlbj0idHJ1ZSIgY2xhc3M9IndwLWJsb2NrLXNwYWNlciI+PC9kaXY+CjwhLS0gL3dwOnNwYWNlciAtLT4KCjwhLS0gd3A6cGFyYWdyYXBoIC0tPgo8cD5FbiA8c3Ryb25nPkFwcGxlPC9zdHJvbmc+OiBoYWdhIGNsaWMgZW4gZWwgaWNvbm8gZGUgY29tcGFydGlyIGVuIGxhIHBhcnRlIGluZmVyaW9yIGRlIGxhIHBhbnRhbGxhLCBkZXNwbMOhY2VzZSBwb3IgbGFzIG9wY2lvbmVzIHkgbHVlZ28gZWxpamEgImVuIGxhIHBhbnRhbGxhIGRlIGluaWNpbyIuPC9wPgo8IS0tIC93cDpwYXJhZ3JhcGggLS0+Cgo8IS0tIHdwOmNvbHVtbnMgLS0+CjxkaXYgY2xhc3M9IndwLWJsb2NrLWNvbHVtbnMiPjwhLS0gd3A6Y29sdW1uIC0tPgo8ZGl2IGNsYXNzPSJ3cC1ibG9jay1jb2x1bW4iPjwhLS0gd3A6aW1hZ2UgeyJpZCI6NTM5OSwic2l6ZVNsdWciOiJsYXJnZSIsImxpbmtEZXN0aW5hdGlvbiI6Im1lZGlhIn0gLS0+CjxmaWd1cmUgY2xhc3M9IndwLWJsb2NrLWltYWdlIHNpemUtbGFyZ2UiPjxhIGhyZWY9Imh0dHBzOi8vd3d3LmthbmFuYXMuY29tL3dwLWNvbnRlbnQvdXBsb2Fkcy8yMDIzLzExL0lNR18yMDYxNzY2M0U3NzktMS5qcGVnIj48aW1nIHNyYz0iaHR0cHM6Ly93d3cua2FuYW5hcy5jb20vd3AtY29udGVudC91cGxvYWRzLzIwMjMvMTEvSU1HXzIwNjE3NjYzRTc3OS0xLTQ3M3gxMDI0LmpwZWciIGFsdD0iIiBjbGFzcz0id3AtaW1hZ2UtNTM5OSIvPjwvYT48L2ZpZ3VyZT4KPCEtLSAvd3A6aW1hZ2UgLS0+PC9kaXY+CjwhLS0gL3dwOmNvbHVtbiAtLT4KCjwhLS0gd3A6Y29sdW1uIC0tPgo8ZGl2IGNsYXNzPSJ3cC1ibG9jay1jb2x1bW4iPjwhLS0gd3A6aW1hZ2UgeyJpZCI6NTQwMCwic2l6ZVNsdWciOiJsYXJnZSIsImxpbmtEZXN0aW5hdGlvbiI6Im1lZGlhIn0gLS0+CjxmaWd1cmUgY2xhc3M9IndwLWJsb2NrLWltYWdlIHNpemUtbGFyZ2UiPjxhIGhyZWY9Imh0dHBzOi8vd3d3LmthbmFuYXMuY29tL3dwLWNvbnRlbnQvdXBsb2Fkcy8yMDIzLzExL0lNR185NzAyMzRGNjgwMEEtMS0xLmpwZWciPjxpbWcgc3JjPSJodHRwczovL3d3dy5rYW5hbmFzLmNvbS93cC1jb250ZW50L3VwbG9hZHMvMjAyMy8xMS9JTUdfOTcwMjM0RjY4MDBBLTEtMS00NzN4MTAyNC5qcGVnIiBhbHQ9IiIgY2xhc3M9IndwLWltYWdlLTU0MDAiLz48L2E+PC9maWd1cmU+CjwhLS0gL3dwOmltYWdlIC0tPjwvZGl2Pgo8IS0tIC93cDpjb2x1bW4gLS0+Cgo8IS0tIHdwOmNvbHVtbiAtLT4KPGRpdiBjbGFzcz0id3AtYmxvY2stY29sdW1uIj48IS0tIHdwOmltYWdlIHsiaWQiOjUzOTUsInNpemVTbHVnIjoibGFyZ2UiLCJsaW5rRGVzdGluYXRpb24iOiJtZWRpYSJ9IC0tPgo8ZmlndXJlIGNsYXNzPSJ3cC1ibG9jay1pbWFnZSBzaXplLWxhcmdlIj48YSBocmVmPSJodHRwczovL3d3dy5rYW5hbmFzLmNvbS93cC1jb250ZW50L3VwbG9hZHMvMjAyMy8xMS9DYXB0dXJlLWRlY3Jhbi0uLTIwMjMtMTEtMTctYS0xNy40MS4wMi5qcGVnIj48aW1nIHNyYz0iaHR0cHM6Ly93d3cua2FuYW5hcy5jb20vd3AtY29udGVudC91cGxvYWRzLzIwMjMvMTEvQ2FwdHVyZS1kZWNyYW4tLi0yMDIzLTExLTE3LWEtMTcuNDEuMDItNDczeDEwMjQuanBlZyIgYWx0PSIiIGNsYXNzPSJ3cC1pbWFnZS01Mzk1Ii8+PC9hPjwvZmlndXJlPgo8IS0tIC93cDppbWFnZSAtLT48L2Rpdj4KPCEtLSAvd3A6Y29sdW1uIC0tPgoKPCEtLSB3cDpjb2x1bW4gLS0+CjxkaXYgY2xhc3M9IndwLWJsb2NrLWNvbHVtbiI+PCEtLSB3cDppbWFnZSB7ImlkIjo1Mzk2LCJzaXplU2x1ZyI6ImxhcmdlIiwibGlua0Rlc3RpbmF0aW9uIjoibWVkaWEifSAtLT4KPGZpZ3VyZSBjbGFzcz0id3AtYmxvY2staW1hZ2Ugc2l6ZS1sYXJnZSI+PGEgaHJlZj0iaHR0cHM6Ly93d3cua2FuYW5hcy5jb20vd3AtY29udGVudC91cGxvYWRzLzIwMjMvMTEvaXBob25lLWthbmFuYXMuanBlZyI+PGltZyBzcmM9Imh0dHBzOi8vd3d3LmthbmFuYXMuY29tL3dwLWNvbnRlbnQvdXBsb2Fkcy8yMDIzLzExL2lwaG9uZS1rYW5hbmFzLTQ3M3gxMDI0LmpwZWciIGFsdD0iIiBjbGFzcz0id3AtaW1hZ2UtNTM5NiIvPjwvYT48L2ZpZ3VyZT4KPCEtLSAvd3A6aW1hZ2UgLS0+PC9kaXY+CjwhLS0gL3dwOmNvbHVtbiAtLT48L2Rpdj4KPCEtLSAvd3A6Y29sdW1ucyAtLT48L2Rpdj4KPCEtLSAvd3A6Y29sdW1uIC0tPgoKPCEtLSB3cDpjb2x1bW4gLS0+CjxkaXYgY2xhc3M9IndwLWJsb2NrLWNvbHVtbiI+PCEtLSB3cDppbWFnZSB7ImlkIjo1Mzg5LCJ3aWR0aCI6IjM1MHB4Iiwic2l6ZVNsdWciOiJmdWxsIiwibGlua0Rlc3RpbmF0aW9uIjoibm9uZSJ9IC0tPgo8ZmlndXJlIGNsYXNzPSJ3cC1ibG9jay1pbWFnZSBzaXplLWZ1bGwgaXMtcmVzaXplZCI+PGltZyBzcmM9Imh0dHBzOi8vd3d3LmthbmFuYXMuY29tL3dwLWNvbnRlbnQvdXBsb2Fkcy8yMDIzLzExL2thbmFuYXNNb2JpbGUucG5nIiBhbHQ9IiIgY2xhc3M9IndwLWltYWdlLTUzODkiIHN0eWxlPSJ3aWR0aDozNTBweCIvPjwvZmlndXJlPgo8IS0tIC93cDppbWFnZSAtLT48L2Rpdj4KPCEtLSAvd3A6Y29sdW1uIC0tPjwvZGl2Pgo8IS0tIC93cDpjb2x1bW5zIC0tPmRvY3VtZW50ZXhjZXJwdGRvY3VtZW50YXV0aG9yZG9jdW1lbnRmZWF0dXJlZF9tZWRpYWRvY3VtZW50Y29tbWVudF9zdGF0dXNkb2N1bWVudHBpbmdfc3RhdHVzZG9jdW1lbnR0ZW1wbGF0ZWRvY3VtZW50bWV0YWZvb3Rub3Rlc2RvY3VtZW50YmxvY2tzY2xpZW50SWRpc1ZhbGlkb3JpZ2luYWxDb250ZW50bmFtZWF0dHJpYnV0ZXNpc1N0YWNrZWRPbk1vYmlsZWlubmVyQmxvY2tzY2xpZW50SWRpc1ZhbGlkb3JpZ2luYWxDb250ZW50bmFtZWF0dHJpYnV0ZXN3aWR0aGlubmVyQmxvY2tzY2xpZW50SWRpc1ZhbGlkb3JpZ2luYWxDb250ZW50bmFtZWF0dHJpYnV0ZXNjb250ZW50TGEgYXBsaWNhY2nDs24gS2FuYW5hcyBlc3TDoSBkaXNwb25pYmxlIGVuIHNtYXJ0cGhvbmVzIEFuZHJvaWQgeSBBcHBsZS4gWWEgc2VhIGxhIHBhcnRlIGRlIEJhY2tvZmZpY2UgcGFyYSBhZG1pbmlzdHJhZG9yZXMgbyBlbCBlc3BhY2lvIHBlcnNvbmFsIHBhcmEgPGEgaHJlZj0iaHR0cHM6Ly93d3cua2FuYW5hcy5jb20vZXMvZG9jdW1lbnRhdGlvbi9taWVtYnJvcy8iIHR5cGU9InBhZ2UiIGlkPSI0NzQ1Ij5taWVtYnJvczwvYT4sIHB1ZWRlcyB1c2FybGEgZW4gdHUgdGVsw6lmb25vLmRyb3BDYXBpbm5lckJsb2Nrc2NsaWVudElkaXNWYWxpZG9yaWdpbmFsQ29udGVudG5hbWVhdHRyaWJ1dGVzY29udGVudFBhcmEgaW5zdGFsYXJsYSwgbm8gZXMgbmVjZXNhcmlvIGJ1c2NhciBlbiBsYXMgdGllbmRhcyBkZSBBcHBsZSBvIEFuZHJvaWQ7IHNpbXBsZW1lbnRlIGluaWNpYSBzZXNpw7NuIGVuIHR1IGN1ZW50YSBkZSBLYW5hbmFzIGEgdHJhdsOpcyBkZWwgbmF2ZWdhZG9yIGRlIHR1IHNtYXJ0cGhvbmUgeSBhZ3JlZ2EgbGEgYXBsaWNhY2nDs24gZGUgbGEgc2lndWllbnRlIG1hbmVyYTpkcm9wQ2FwaW5uZXJCbG9ja3NjbGllbnRJZGlzVmFsaWRvcmlnaW5hbENvbnRlbnRuYW1lYXR0cmlidXRlc2NvbnRlbnRFbiA8c3Ryb25nPkFuZHJvaWQ8L3N0cm9uZz46IGhheiBjbGljIGVuIGxhIGludml0YWNpw7NuIHBhcmEgYWdyZWdhciBsYSBhcGxpY2FjacOzbiBxdWUgYXBhcmVjZSBlbiBsYSBww6FnaW5hIGRlIGNvbmV4acOzbi4gRGUgbG8gY29udHJhcmlvLCBoYWdhIGNsaWMgZW4gMyBwZXF1ZcOxb3MgcHVudG9zIGVuIGxhIHBhcnRlIHN1cGVyaW9yIGRlcmVjaGEgeSBlbGlqYSAiYWdyZWdhciBhIGxhIHBhbnRhbGxhIGRlIGluaWNpbyIuZHJvcENhcGlubmVyQmxvY2tzY2xpZW50SWRpc1ZhbGlkb3JpZ2luYWxDb250ZW50bmFtZWF0dHJpYnV0ZXNpc1N0YWNrZWRPbk1vYmlsZWlubmVyQmxvY2tzY2xpZW50SWRpc1ZhbGlkb3JpZ2luYWxDb250ZW50bmFtZWF0dHJpYnV0ZXNpbm5lckJsb2Nrc2NsaWVudElkaXNWYWxpZG9yaWdpbmFsQ29udGVudG5hbWVhdHRyaWJ1dGVzdXJsYWx0Y2FwdGlvbmhyZWZpZHNpemVTbHVnbGlua0Rlc3RpbmF0aW9uaW5uZXJCbG9ja3NjbGllbnRJZGlzVmFsaWRvcmlnaW5hbENvbnRlbnRuYW1lYXR0cmlidXRlc2lubmVyQmxvY2tzY2xpZW50SWRpc1ZhbGlkb3JpZ2luYWxDb250ZW50bmFtZWF0dHJpYnV0ZXNpbm5lckJsb2Nrc2NsaWVudElkaXNWYWxpZG9yaWdpbmFsQ29udGVudG5hbWVhdHRyaWJ1dGVzaGVpZ2h0aW5uZXJCbG9ja3NjbGllbnRJZGlzVmFsaWRvcmlnaW5hbENvbnRlbnRuYW1lYXR0cmlidXRlc2NvbnRlbnRFbiA8c3Ryb25nPkFwcGxlPC9zdHJvbmc+OiBoYWdhIGNsaWMgZW4gZWwgaWNvbm8gZGUgY29tcGFydGlyIGVuIGxhIHBhcnRlIGluZmVyaW9yIGRlIGxhIHBhbnRhbGxhLCBkZXNwbMOhY2VzZSBwb3IgbGFzIG9wY2lvbmVzIHkgbHVlZ28gZWxpamEgImVuIGxhIHBhbnRhbGxhIGRlIGluaWNpbyIuZHJvcENhcGlubmVyQmxvY2tzY2xpZW50SWRpc1ZhbGlkb3JpZ2luYWxDb250ZW50bmFtZWF0dHJpYnV0ZXNpc1N0YWNrZWRPbk1vYmlsZWlubmVyQmxvY2tzY2xpZW50SWRpc1ZhbGlkb3JpZ2luYWxDb250ZW50bmFtZWF0dHJpYnV0ZXNpbm5lckJsb2Nrc2NsaWVudElkaXNWYWxpZG9yaWdpbmFsQ29udGVudG5hbWVhdHRyaWJ1dGVzdXJsYWx0Y2FwdGlvbmhyZWZpZHNpemVTbHVnbGlua0Rlc3RpbmF0aW9uaW5uZXJCbG9ja3NjbGllbnRJZGlzVmFsaWRvcmlnaW5hbENvbnRlbnRuYW1lYXR0cmlidXRlc2lubmVyQmxvY2tzY2xpZW50SWRpc1ZhbGlkb3JpZ2luYWxDb250ZW50bmFtZWF0dHJpYnV0ZXN1cmxhbHRjYXB0aW9uaHJlZmlkc2l6ZVNsdWdsaW5rRGVzdGluYXRpb25pbm5lckJsb2Nrc2NsaWVudElkaXNWYWxpZG9yaWdpbmFsQ29udGVudG5hbWVhdHRyaWJ1dGVzaW5uZXJCbG9ja3NjbGllbnRJZGlzVmFsaWRvcmlnaW5hbENvbnRlbnRuYW1lYXR0cmlidXRlc3VybGFsdGNhcHRpb25ocmVmaWRzaXplU2x1Z2xpbmtEZXN0aW5hdGlvbmlubmVyQmxvY2tzY2xpZW50SWRpc1ZhbGlkb3JpZ2luYWxDb250ZW50bmFtZWF0dHJpYnV0ZXNpbm5lckJsb2Nrc2NsaWVudElkaXNWYWxpZG9yaWdpbmFsQ29udGVudG5hbWVhdHRyaWJ1dGVzdXJsYWx0Y2FwdGlvbmhyZWZpZHNpemVTbHVnbGlua0Rlc3RpbmF0aW9uaW5uZXJCbG9ja3NjbGllbnRJZGlzVmFsaWRvcmlnaW5hbENvbnRlbnRuYW1lYXR0cmlidXRlc2lubmVyQmxvY2tzY2xpZW50SWRpc1ZhbGlkb3JpZ2luYWxDb250ZW50bmFtZWF0dHJpYnV0ZXN1cmxhbHRjYXB0aW9uaWR3aWR0aHNpemVTbHVnbGlua0Rlc3RpbmF0aW9uaW5uZXJCbG9ja3NzdGF0ZXNhdmVkQXRzdGF0ZXNhdmVkQnljbGllbnRJZGlzVmFsaWRuYW1lYXR0cmlidXRlc2NvbnRlbnRkcm9wQ2FwaW5uZXJCbG9ja3NvcmlnaW5hbENvbnRlbnRMYSBhcGxpY2FjacOzbiBLYW5hbmFzIGVzdMOhIGRpc3BvbmlibGUgZW4gc21hcnRwaG9uZXMgQW5kcm9pZCB5IEFwcGxlLiBZYSBzZWEgbGEgcGFydGUgZGUgQmFja29mZmljZSBwYXJhIGFkbWluaXN0cmFkb3JlcyBvIGVsIGVzcGFjaW8gcGVyc29uYWwgcGFyYSA8YSBocmVmPSJodHRwczovL3d3dy5rYW5hbmFzLmNvbS9lcy9kb2N1bWVudGF0aW9uL21pZW1icm9zLyIgdHlwZT0icGFnZSIgaWQ9IjQ3NDUiPm1pZW1icm9zPC9hPiwgcHVlZGVzIHVzYXJsYSBlbiB0dSB0ZWzDqWZvbm8ucHJldGV4dGZvcm1hdGxpbmtyZXZlcnNlT3JkZXJoaWRlb25Ib21laWdub3JlQ2FjaGV0ZXh0Q29sb3JiYWNrZ3JvdW5kQ29sb3JhbGlnbnR5cG9ncmFwaHlmb250U2l6ZXN0eWxlY2xpZW50SWRpc1ZhbGlkb3JpZ2luYWxDb250ZW50bmFtZWF0dHJpYnV0ZXNoZWlnaHRpbm5lckJsb2Nrc2Jjbi9icmVhZGNydW1iLXRyYWlsIC8tLT4KCjwhLS0gdzpzcGNlIHsiaGVpZ2h0IjoiMzBweCJ9IC0tPgo8ZGl2IHN0eWxlPSJoZWlnaHQ6MzBweCIgcmlhLWhpZGRlbj0idHJ1ZSIgY2xhc3M9IndwLWJsb2NrLXNwYWNlciI+PC9kaXY+CjwhLS0gL3dwOnNwYWNlciAtLT4KCjwhLS0gd3A6cGFyYQUHCAQIBAgGCAUSCAeRAkECuUAIBwgGCA4IDggLSAEECQgGCAcPBAoRCwgHDwQKBQsIBw8ECgeSBAcLCAcPBAoHkwMHCwgHDwQKB68DBwsIBw8EChELCAcPBAoLCAcPBApDAAcEAggPCwgHDwQKCwgHDwQKCwgHDwQKBgsIBw8ECgeoAgcLCAcPBAoRCwgHDwQKCwgHDwQKQwAHBAIIDwsIBw8ECgsIBw8ECkMABwQCCA8LCAcPBAoLCAcPBApDAAcEAggPCwgHDwQKCwgHDwQKQwAHBAIIDwsIBw8ECgsIBw8ECkMABwIFCA8LBQcFBwgHBApHAAsPkgQHBgQMCgsJDwUKCAUIBw8ECgYLIQMCMJIBFAEEAAABAAAAAQYAAAEAAM8BAQEAWkIBAQBBAABBAABBAAIAQQACAEEAAgBBAABBAABBAAIAQQAAQQAAQQAAQQACAEEAAEEAAEEAAgBBAABBAAIAQQAAQQACAEEAAEEAAgBBAABBAAIAQQACAEEAAANBsAEBngIAfQF3EzIwMjMtMTEtMTZUMTc6NDU6NTN3EmFwbGljYWNpb24ta2FuYW5hc3cHcHVibGlzaH0BfQB3BmNsb3NlZHcGY2xvc2VkdwB3AHckYTljZTJiZGYtOTU4NS00YWU1LWE2MGMtZjlhZGM1MGQ2YjUweHcmPGRpdiBjbGFzcz0id3AtYmxvY2stY29sdW1ucyI+Cgo8L2Rpdj53DGNvcmUvY29sdW1uc3h3JGM3YjczMDQ1LWFkYjctNDA3Ny1iZGE0LTIyMDdkNTMzNmM2N3h3RjxkaXYgY2xhc3M9IndwLWJsb2NrLWNvbHVtbiIgc3R5bGU9ImZsZXgtYmFzaXM6NjAlIj4KCgoKCgoKCgoKCgo8L2Rpdj53C2NvcmUvY29sdW1udwM2MCV3JDhkMmVjNGI5LWZkYjQtNGI0ZC1hZDZhLWE2YzkxYzExOWViYnh3nAI8cD5MYSBhcGxpY2FjacOzbiBLYW5hbmFzIGVzdMOhIGRpc3BvbmlibGUgZW4gc21hcnRwaG9uZXMgQW5kcm9pZCB5IEFwcGxlLiBZYSBzZWEgbGEgcGFydGUgZGUgQmFja29mZmljZSBwYXJhIGFkbWluaXN0cmFkb3JlcyBvIGVsIGVzcGFjaW8gcGVyc29uYWwgcGFyYSA8YSBocmVmPSJodHRwczovL3d3dy5rYW5hbmFzLmNvbS9lcy9kb2N1bWVudGF0aW9uL21pZW1icm9zLyIgdHlwZT0icGFnZSIgaWQ9IjQ3NDUiPm1pZW1icm9zPC9hPiwgcHVlZGVzIHVzYXJsYSBlbiB0dSB0ZWzDqWZvbm8uPC9wPncOY29yZS9wYXJhZ3JhcGh5dyRlZGUxZjg4MC02YjlkLTRkYWEtYWQ3Ni0yZWVjZmUyMmJlZjZ4d90BPHA+UGFyYSBpbnN0YWxhcmxhLCBubyBlcyBuZWNlc2FyaW8gYnVzY2FyIGVuIGxhcyB0aWVuZGFzIGRlIEFwcGxlIG8gQW5kcm9pZDsgc2ltcGxlbWVudGUgaW5pY2lhIHNlc2nDs24gZW4gdHUgY3VlbnRhIGRlIEthbmFuYXMgYSB0cmF2w6lzIGRlbCBuYXZlZ2Fkb3IgZGUgdHUgc21hcnRwaG9uZSB5IGFncmVnYSBsYSBhcGxpY2FjacOzbiBkZSBsYSBzaWd1aWVudGUgbWFuZXJhOjwvcD53DmNvcmUvcGFyYWdyYXBoeXckMmM0Nzg4MGMtODE4ZS00NzAxLWIyOWMtNDQyNmVjZTM3NTZieHf7ATxwPkVuIDxzdHJvbmc+QW5kcm9pZDwvc3Ryb25nPjogaGF6IGNsaWMgZW4gbGEgaW52aXRhY2nDs24gcGFyYSBhZ3JlZ2FyIGxhIGFwbGljYWNpw7NuIHF1ZSBhcGFyZWNlIGVuIGxhIHDDoWdpbmEgZGUgY29uZXhpw7NuLiBEZSBsbyBjb250cmFyaW8sIGhhZ2EgY2xpYyBlbiAzIHBlcXVlw7FvcyBwdW50b3MgZW4gbGEgcGFydGUgc3VwZXJpb3IgZGVyZWNoYSB5IGVsaWphICJhZ3JlZ2FyIGEgbGEgcGFudGFsbGEgZGUgaW5pY2lvIi48L3A+dw5jb3JlL3BhcmFncmFwaHl3JDhjNmQzY2U5LWFjZGItNGY1OS05YzQ1LWM3ZTJjODc0NWEwY3h3KDxkaXYgY2xhc3M9IndwLWJsb2NrLWNvbHVtbnMiPgoKCgo8L2Rpdj53DGNvcmUvY29sdW1uc3h3JDc3MjdmOGU2LTExMDgtNDg0Mi04ODdlLTMyYmVhZmMzZDYxY3h3IzxkaXYgY2xhc3M9IndwLWJsb2NrLWNvbHVtbiI+PC9kaXY+dwtjb3JlL2NvbHVtbnckYWFiMjQ3NTEtNDc5OS00MTc1LTg0YjMtYjAwODJjZDI4YzBmeHf3ATxmaWd1cmUgY2xhc3M9IndwLWJsb2NrLWltYWdlIHNpemUtZnVsbCI+PGEgaHJlZj0iaHR0cHM6Ly93d3cua2FuYW5hcy5jb20vd3AtY29udGVudC91cGxvYWRzLzIwMjMvMTEvZ29vZ2xlQ2hyb21lMS0xLnBuZyI+PGltZyBzcmM9Imh0dHBzOi8vd3d3LmthbmFuYXMuY29tL3dwLWNvbnRlbnQvdXBsb2Fkcy8yMDIzLzExL2dvb2dsZUNocm9tZTEtMS5wbmciIGFsdD0iIiBjbGFzcz0id3AtaW1hZ2UtNTQxNSIvPjwvYT48L2ZpZ3VyZT53CmNvcmUvaW1hZ2V3Rmh0dHBzOi8vd3d3LmthbmFuYXMuY29tL3dwLWNvbnRlbnQvdXBsb2Fkcy8yMDIzLzExL2dvb2dsZUNocm9tZTEtMS5wbmd3AHdGaHR0cHM6Ly93d3cua2FuYW5hcy5jb20vd3AtY29udGVudC91cGxvYWRzLzIwMjMvMTEvZ29vZ2xlQ2hyb21lMS0xLnBuZ32nVHcEZnVsbHcFbWVkaWF3JGFjYTRlZjY0LTBjYTYtNDU2OS05Zjc5LWVlNzM3ODU4MjA0Nnh3IzxkaXYgY2xhc3M9IndwLWJsb2NrLWNvbHVtbiI+PC9kaXY+dwtjb3JlL2NvbHVtbnckOGU3ZDk1ZWQtOTJjMy00YTk2LThmYTctOGQ5NDAzMzRjNWQweHcjPGRpdiBjbGFzcz0id3AtYmxvY2stY29sdW1uIj48L2Rpdj53C2NvcmUvY29sdW1udyQxYTE1OTdiZS1jZTEyLTRiYzgtOTE1NS1iMGJhYWNjNDM2ZmF4d0o8ZGl2IHN0eWxlPSJoZWlnaHQ6MzBweCIgYXJpYS1oaWRkZW49InRydWUiIGNsYXNzPSJ3cC1ibG9jay1zcGFjZXIiPjwvZGl2PncLY29yZS9zcGFjZXJ3BDMwcHh3JGRkNzYwZTRkLWI3MmItNDQ2Ni04YzdiLTQzZTMwNzc0M2FmNXh3sAE8cD5FbiA8c3Ryb25nPkFwcGxlPC9zdHJvbmc+OiBoYWdhIGNsaWMgZW4gZWwgaWNvbm8gZGUgY29tcGFydGlyIGVuIGxhIHBhcnRlIGluZmVyaW9yIGRlIGxhIHBhbnRhbGxhLCBkZXNwbMOhY2VzZSBwb3IgbGFzIG9wY2lvbmVzIHkgbHVlZ28gZWxpamEgImVuIGxhIHBhbnRhbGxhIGRlIGluaWNpbyIuPC9wPncOY29yZS9wYXJhZ3JhcGh5dyQ2NzcxZWM0MS1jYmJmLTQ1ZDItYjVkNC1lNWFhZjI3OWNiNzN4dyo8ZGl2IGNsYXNzPSJ3cC1ibG9jay1jb2x1bW5zIj4KCgoKCgo8L2Rpdj53DGNvcmUvY29sdW1uc3h3JGI4N2IyMjcyLTY3MjEtNDkxYy1iNDJiLTE4NDdmODU2ZTA5N3h3IzxkaXYgY2xhc3M9IndwLWJsb2NrLWNvbHVtbiI+PC9kaXY+dwtjb3JlL2NvbHVtbnckYjZkOGZlNWMtMjBmYy00N2I5LTkxOTktNjFiNmI0NDQ0NTBleHeJAjxmaWd1cmUgY2xhc3M9IndwLWJsb2NrLWltYWdlIHNpemUtbGFyZ2UiPjxhIGhyZWY9Imh0dHBzOi8vd3d3LmthbmFuYXMuY29tL3dwLWNvbnRlbnQvdXBsb2Fkcy8yMDIzLzExL0lNR18yMDYxNzY2M0U3NzktMS5qcGVnIj48aW1nIHNyYz0iaHR0cHM6Ly93d3cua2FuYW5hcy5jb20vd3AtY29udGVudC91cGxvYWRzLzIwMjMvMTEvSU1HXzIwNjE3NjYzRTc3OS0xLTQ3M3gxMDI0LmpwZWciIGFsdD0iIiBjbGFzcz0id3AtaW1hZ2UtNTM5OSIvPjwvYT48L2ZpZ3VyZT53CmNvcmUvaW1hZ2V3U2h0dHBzOi8vd3d3LmthbmFuYXMuY29tL3dwLWNvbnRlbnQvdXBsb2Fkcy8yMDIzLzExL0lNR18yMDYxNzY2M0U3NzktMS00NzN4MTAyNC5qcGVndwB3Smh0dHBzOi8vd3d3LmthbmFuYXMuY29tL3dwLWNvbnRlbnQvdXBsb2Fkcy8yMDIzLzExL0lNR18yMDYxNzY2M0U3NzktMS5qcGVnfZdUdwVsYXJnZXcFbWVkaWF3JDBmM2FiZTI2LWU5NDEtNDJkZC1hYjZiLTc5M2UxMDE3NDFhNXh3IzxkaXYgY2xhc3M9IndwLWJsb2NrLWNvbHVtbiI+PC9kaXY+dwtjb3JlL2NvbHVtbnckYThlNDIzZTEtNGQyMS00MjQ5LTljZWItYTFjZjNiZjU0NTMxeHeNAjxmaWd1cmUgY2xhc3M9IndwLWJsb2NrLWltYWdlIHNpemUtbGFyZ2UiPjxhIGhyZWY9Imh0dHBzOi8vd3d3LmthbmFuYXMuY29tL3dwLWNvbnRlbnQvdXBsb2Fkcy8yMDIzLzExL0lNR185NzAyMzRGNjgwMEEtMS0xLmpwZWciPjxpbWcgc3JjPSJodHRwczovL3d3dy5rYW5hbmFzLmNvbS93cC1jb250ZW50L3VwbG9hZHMvMjAyMy8xMS9JTUdfOTcwMjM0RjY4MDBBLTEtMS00NzN4MTAyNC5qcGVnIiBhbHQ9IiIgY2xhc3M9IndwLWltYWdlLTU0MDAiLz48L2E+PC9maWd1cmU+dwpjb3JlL2ltYWdld1VodHRwczovL3d3dy5rYW5hbmFzLmNvbS93cC1jb250ZW50L3VwbG9hZHMvMjAyMy8xMS9JTUdfOTcwMjM0RjY4MDBBLTEtMS00NzN4MTAyNC5qcGVndwB3TGh0dHBzOi8vd3d3LmthbmFuYXMuY29tL3dwLWNvbnRlbnQvdXBsb2Fkcy8yMDIzLzExL0lNR185NzAyMzRGNjgwMEEtMS0xLmpwZWd9mFR3BWxhcmdldwVtZWRpYXckZTIxZDVlOWMtYWY1YS00YzdhLTk2YWYtNjdjZTIzOTkwY2VheHcjPGRpdiBjbGFzcz0id3AtYmxvY2stY29sdW1uIj48L2Rpdj53C2NvcmUvY29sdW1udyQzMDI1MWRlMS02NDljLTQ4MDYtOTg3Zi05NDgzODU2Njk2ZWZ4d7ECPGZpZ3VyZSBjbGFzcz0id3AtYmxvY2staW1hZ2Ugc2l6ZS1sYXJnZSI+PGEgaHJlZj0iaHR0cHM6Ly93d3cua2FuYW5hcy5jb20vd3AtY29udGVudC91cGxvYWRzLzIwMjMvMTEvQ2FwdHVyZS1kZWNyYW4tLi0yMDIzLTExLTE3LWEtMTcuNDEuMDIuanBlZyI+PGltZyBzcmM9Imh0dHBzOi8vd3d3LmthbmFuYXMuY29tL3dwLWNvbnRlbnQvdXBsb2Fkcy8yMDIzLzExL0NhcHR1cmUtZGVjcmFuLS4tMjAyMy0xMS0xNy1hLTE3LjQxLjAyLTQ3M3gxMDI0LmpwZWciIGFsdD0iIiBjbGFzcz0id3AtaW1hZ2UtNTM5NSIvPjwvYT48L2ZpZ3VyZT53CmNvcmUvaW1hZ2V3Z2h0dHBzOi8vd3d3LmthbmFuYXMuY29tL3dwLWNvbnRlbnQvdXBsb2Fkcy8yMDIzLzExL0NhcHR1cmUtZGVjcmFuLS4tMjAyMy0xMS0xNy1hLTE3LjQxLjAyLTQ3M3gxMDI0LmpwZWd3AHdeaHR0cHM6Ly93d3cua2FuYW5hcy5jb20vd3AtY29udGVudC91cGxvYWRzLzIwMjMvMTEvQ2FwdHVyZS1kZWNyYW4tLi0yMDIzLTExLTE3LWEtMTcuNDEuMDIuanBlZ32TVHcFbGFyZ2V3BW1lZGlhdyQyY2Q2NjhlYS1lYTRjLTQxMjEtYmUzNy0xYTZkZWExMTA1MjZ4dyM8ZGl2IGNsYXNzPSJ3cC1ibG9jay1jb2x1bW4iPjwvZGl2PncLY29yZS9jb2x1bW53JDgzMGM0YWUwLTEwODctNGIwOC05MzBlLWVhNzMzYmNjN2IyN3h3gQI8ZmlndXJlIGNsYXNzPSJ3cC1ibG9jay1pbWFnZSBzaXplLWxhcmdlIj48YSBocmVmPSJodHRwczovL3d3dy5rYW5hbmFzLmNvbS93cC1jb250ZW50L3VwbG9hZHMvMjAyMy8xMS9pcGhvbmUta2FuYW5hcy5qcGVnIj48aW1nIHNyYz0iaHR0cHM6Ly93d3cua2FuYW5hcy5jb20vd3AtY29udGVudC91cGxvYWRzLzIwMjMvMTEvaXBob25lLWthbmFuYXMtNDczeDEwMjQuanBlZyIgYWx0PSIiIGNsYXNzPSJ3cC1pbWFnZS01Mzk2Ii8+PC9hPjwvZmlndXJlPncKY29yZS9pbWFnZXdPaHR0cHM6Ly93d3cua2FuYW5hcy5jb20vd3AtY29udGVudC91cGxvYWRzLzIwMjMvMTEvaXBob25lLWthbmFuYXMtNDczeDEwMjQuanBlZ3cAd0ZodHRwczovL3d3dy5rYW5hbmFzLmNvbS93cC1jb250ZW50L3VwbG9hZHMvMjAyMy8xMS9pcGhvbmUta2FuYW5hcy5qcGVnfZRUdwVsYXJnZXcFbWVkaWF3JDRiYmRiOTA4LTM0NDYtNGRjZS05ZTNlLTZkNzI5MmNlODlmYnh3IzxkaXYgY2xhc3M9IndwLWJsb2NrLWNvbHVtbiI+PC9kaXY+dwtjb3JlL2NvbHVtbnckMGY3ZGExMGQtMDY2NS00N2NiLTgzMjUtMDY1MzljOGIyZWIzeHe\/ATxmaWd1cmUgY2xhc3M9IndwLWJsb2NrLWltYWdlIHNpemUtZnVsbCBpcy1yZXNpemVkIj48aW1nIHNyYz0iaHR0cHM6Ly93d3cua2FuYW5hcy5jb20vd3AtY29udGVudC91cGxvYWRzLzIwMjMvMTEva2FuYW5hc01vYmlsZS5wbmciIGFsdD0iIiBjbGFzcz0id3AtaW1hZ2UtNTM4OSIgc3R5bGU9IndpZHRoOjM1MHB4Ii8+PC9maWd1cmU+dwpjb3JlL2ltYWdld0RodHRwczovL3d3dy5rYW5hbmFzLmNvbS93cC1jb250ZW50L3VwbG9hZHMvMjAyMy8xMS9rYW5hbmFzTW9iaWxlLnBuZ3cAfY1UdwUzNTBweHcEZnVsbHcEbm9uZXtCeeF+d20wAHtB4fvW0mAAAHckMzNjODcwYmMtODEzYS00ODg5LThhNTMtMTNhZGJkODVmNDAydyQwNjJkMGJiMS04ZDMxLTQwZDItYTM1ZS1lYzk0MGQ0ZTVmOTB3JDRmYzg4Nzg5LTE1NzAtNGU3YS04YTRlLTI2NzYzNDlhNzY2OHh3DmNvcmUvcGFyYWdyYXBoeXckNGZjODg3ODktMTU3MC00ZTdhLThhNGUtMjY3NjM0OWE3NjY4dyQ5MDZmOTEzOC03YjAwLTQ0MGItODVjZi00MzQyZTcxMGJhYTJ3nAI8cD5MYSBhcGxpY2FjacOzbiBLYW5hbmFzIGVzdMOhIGRpc3BvbmlibGUgZW4gc21hcnRwaG9uZXMgQW5kcm9pZCB5IEFwcGxlLiBZYSBzZWEgbGEgcGFydGUgZGUgQmFja29mZmljZSBwYXJhIGFkbWluaXN0cmFkb3JlcyBvIGVsIGVzcGFjaW8gcGVyc29uYWwgcGFyYSA8YSBocmVmPSJodHRwczovL3d3dy5rYW5hbmFzLmNvbS9lcy9kb2N1bWVudGF0aW9uL21pZW1icm9zLyIgdHlwZT0icGFnZSIgaWQ9IjQ3NDUiPm1pZW1icm9zPC9hPiwgcHVlZGVzIHVzYXJsYSBlbiB0dSB0ZWzDqWZvbm8uPC9wPnckZTQ1NjkyMDItODgzMi00NmZlLTgxMGMtYzRjZDhkMGM3YTYwdwB3FGJjbi9icmVhZGNydW1iLXRyYWlsdwB3E2JyZWFkY3J1bWJsaXN0X3JkZmF4eXl4dwB3AHcAdwB3AHUAdyRhYjFiYTAyNy1mZTdiLTQ5YjItOGRmOC1iMjUyYWQ0YWU1OTF4d0o8ZGl2IHN0eWxlPSJoZWlnaHQ6MzBweCIgYXJpYS1oaWRkZW49InRydWUiIGNsYXNzPSJ3cC1ibG9jay1zcGFjZXIiPjwvZGl2PncLY29yZS9zcGFjZXJ3BDMwcHgBk+36\/ggH8CEABwAHAAEBAZMCrwYABgA=\",\"updateId\":503220896}","footnotes":""},"class_list":["post-4758","page","type-page","status-publish"],"aioseo_notices":[],"_links":{"self":[{"href":"https:\/\/www.kananas.com\/es\/wp-json\/wp\/v2\/pages\/4758","targetHints":{"allow":["GET"]}}],"collection":[{"href":"https:\/\/www.kananas.com\/es\/wp-json\/wp\/v2\/pages"}],"about":[{"href":"https:\/\/www.kananas.com\/es\/wp-json\/wp\/v2\/types\/page"}],"author":[{"embeddable":true,"href":"https:\/\/www.kananas.com\/es\/wp-json\/wp\/v2\/users\/1"}],"replies":[{"embeddable":true,"href":"https:\/\/www.kananas.com\/es\/wp-json\/wp\/v2\/comments?post=4758"}],"version-history":[{"count":7,"href":"https:\/\/www.kananas.com\/es\/wp-json\/wp\/v2\/pages\/4758\/revisions"}],"predecessor-version":[{"id":6757,"href":"https:\/\/www.kananas.com\/es\/wp-json\/wp\/v2\/pages\/4758\/revisions\/6757"}],"up":[{"embeddable":true,"href":"https:\/\/www.kananas.com\/es\/wp-json\/wp\/v2\/pages\/4864"}],"wp:attachment":[{"href":"https:\/\/www.kananas.com\/es\/wp-json\/wp\/v2\/media?parent=4758"}],"curies":[{"name":"wp","href":"https:\/\/api.w.org\/{rel}","templated":true}]}}