{"id":4765,"date":"2023-04-20T17:44:22","date_gmt":"2023-04-20T15:44:22","guid":{"rendered":"https:\/\/www.kananas.com\/es\/documentation-5\/communication\/whatsapp\/"},"modified":"2026-05-11T18:33:34","modified_gmt":"2026-05-11T16:33:34","slug":"whatsapp","status":"publish","type":"page","link":"https:\/\/www.kananas.com\/es\/documentation\/comunicacion\/whatsapp\/","title":{"rendered":"WhatsApp"},"content":{"rendered":"<div class=\"breadcrumbs align  wp-block-bcn-breadcrumb-trail has-text-color has-background\" vocab=\"https:\/\/schema.org\/\" typeof=\"BreadcrumbList\">\n\t<span><\/span>\n\t<span property=\"itemListElement\" typeof=\"ListItem\"><a property=\"item\" typeof=\"WebPage\" title=\"Aller \u00e0 kananas.\" href=\"https:\/\/www.kananas.com\/es\" class=\"home\" aria-current=\"page\"><span property=\"name\">kananas<\/span><\/a><meta property=\"position\" content=\"1\"><\/span><\/div>\n\n\n\n<div style=\"height:30px\" aria-hidden=\"true\" class=\"wp-block-spacer\"><\/div>\n\n\n\n<p class=\"wp-block-paragraph\">Puedes enviar un mensaje a trav\u00e9s de WhatsApp a un contacto haciendo clic en el bot\u00f3n ubicado en la cabecera de su ficha (\u00faltimo).<\/p>\n\n\n<div class=\"wp-block-image\">\n<figure class=\"aligncenter size-large\"><img loading=\"lazy\" decoding=\"async\" width=\"1024\" height=\"421\" src=\"http:\/\/www.kananas.com\/es\/wp-content\/uploads\/sites\/2143\/2024\/07\/Screenshot-2024-07-31-at-16-55-24-SOA-club-Contacto-Jean-Ambezati-1024x421.png\" alt=\"\" class=\"wp-image-5592\" srcset=\"https:\/\/www.kananas.com\/es\/wp-content\/uploads\/sites\/2143\/2024\/07\/Screenshot-2024-07-31-at-16-55-24-SOA-club-Contacto-Jean-Ambezati-1024x421.png 1024w, https:\/\/www.kananas.com\/es\/wp-content\/uploads\/sites\/2143\/2024\/07\/Screenshot-2024-07-31-at-16-55-24-SOA-club-Contacto-Jean-Ambezati-300x123.png 300w, https:\/\/www.kananas.com\/es\/wp-content\/uploads\/sites\/2143\/2024\/07\/Screenshot-2024-07-31-at-16-55-24-SOA-club-Contacto-Jean-Ambezati-768x316.png 768w, https:\/\/www.kananas.com\/es\/wp-content\/uploads\/sites\/2143\/2024\/07\/Screenshot-2024-07-31-at-16-55-24-SOA-club-Contacto-Jean-Ambezati-1536x632.png 1536w, https:\/\/www.kananas.com\/es\/wp-content\/uploads\/sites\/2143\/2024\/07\/Screenshot-2024-07-31-at-16-55-24-SOA-club-Contacto-Jean-Ambezati.png 1584w\" sizes=\"auto, (max-width: 1024px) 100vw, 1024px\" \/><\/figure>\n<\/div>\n\n\n<div style=\"height:20px\" aria-hidden=\"true\" class=\"wp-block-spacer\"><\/div>\n\n\n\n<p class=\"wp-block-paragraph\">Para obtener m\u00e1s informaci\u00f3n sobre la comunicaci\u00f3n<\/p>\n\n\n<ul class=\"wp-block-page-list\"><li class=\"wp-block-pages-list__item\"><a class=\"wp-block-pages-list__item__link\" href=\"https:\/\/www.kananas.com\/es\/documentation\/comunicacion\/envio\/\">Env\u00edo<\/a><\/li><li class=\"wp-block-pages-list__item\"><a class=\"wp-block-pages-list__item__link\" href=\"https:\/\/www.kananas.com\/es\/documentation\/comunicacion\/unificacion-de-correo\/\">Unificaci\u00f3n de correo<\/a><\/li><li class=\"wp-block-pages-list__item\"><a class=\"wp-block-pages-list__item__link\" href=\"https:\/\/www.kananas.com\/es\/documentation\/comunicacion\/sms\/\">Sms<\/a><\/li><li class=\"wp-block-pages-list__item\"><a class=\"wp-block-pages-list__item__link\" href=\"https:\/\/www.kananas.com\/es\/documentation\/comunicacion\/charlar\/\">Charlar<\/a><\/li><li class=\"wp-block-pages-list__item\"><a class=\"wp-block-pages-list__item__link\" href=\"https:\/\/www.kananas.com\/es\/documentation\/comunicacion\/correos-electronicos-automaticos\/\">Correos electr\u00f3nicos autom\u00e1ticos<\/a><\/li><li class=\"wp-block-pages-list__item\"><a class=\"wp-block-pages-list__item__link\" href=\"https:\/\/www.kananas.com\/es\/documentation\/comunicacion\/whatsapp\/\">WhatsApp<\/a><\/li><\/ul>","protected":false},"excerpt":{"rendered":"<p>Puedes enviar un mensaje a trav\u00e9s de WhatsApp a un contacto haciendo clic en el bot\u00f3n ubicado en la cabecera de su ficha (\u00faltimo). Para obtener m\u00e1s informaci\u00f3n sobre la comunicaci\u00f3n<\/p>\n","protected":false},"author":1,"featured_media":0,"parent":4890,"menu_order":6,"comment_status":"closed","ping_status":"closed","template":"","meta":{"_crdt_document":"{\"document\":\"AAAG7NDTvwZrUggSEAMCphkEAgECCgJCSgCWBAECCgEESgAcAQIKSgAQAQIKAkJKALYBAQIKAEr4Bo4HAQEIAEjMB44HQgoG2AcDAAEJSoYMAQIKSvolAwK2IAIItB64AsAhAwJzKAMnAAQAJwAEAIQEJwAoBCcAKAAnAAcAKAMnAQQAKAAnAIcAKAMnACgBJwAoAycAhwAoAycAKAAnAIcAKAMnAQQAKAAnAIcAKAMnACgBJwAhAccAKAInASgAJwCoASgABACoAigLxwAoAycAKAAnAMQEqPgR\/hBzdGF0ZXZlcnNpb25kb2N1bWVudGRhdGVkb2N1bWVudHNsdWdkb2N1bWVudHN0YXR1c2RvY3VtZW50dGl0bGVXaGF0c0FwcGRvY3VtZW50Y29udGVudDwhLS0gd3A6cGFyYWdyYXBoIC0tPgo8cD5QdWVkZXMgZW52aWFyIHVuIG1lbnNhamUgYSB0cmF2w6lzIGRlIFdoYXRzQXBwIGEgdW4gY29udGFjdG8gaGFjaWVuZG8gY2xpYyBlbiBlbCBib3TDs24gdWJpY2FkbyBlbiBsYSBjYWJlY2VyYSBkZSBzdSBmaWNoYSAow7psdGltbykuPC9wPgo8IS0tIC93cDpwYXJhZ3JhcGggLS0+Cgo8IS0tIHdwOmltYWdlIHsiaWQiOjU1OTIsInNpemVTbHVnIjoibGFyZ2UiLCJsaW5rRGVzdGluYXRpb24iOiJub25lIiwiYWxpZ24iOiJjZW50ZXIifSAtLT4KPGZpZ3VyZSBjbGFzcz0id3AtYmxvY2staW1hZ2UgYWxpZ25jZW50ZXIgc2l6ZS1sYXJnZSI+PGltZyBzcmM9Imh0dHA6Ly93d3cua2FuYW5hcy5jb20vZXMvd3AtY29udGVudC91cGxvYWRzL3NpdGVzLzIxNDMvMjAyNC8wNy9TY3JlZW5zaG90LTIwMjQtMDctMzEtYXQtMTYtNTUtMjQtU09BLWNsdWItQ29udGFjdG8tSmVhbi1BbWJlemF0aS0xMDI0eDQyMS5wbmciIGFsdD0iIiBjbGFzcz0id3AtaW1hZ2UtNTU5MiIvPjwvZmlndXJlPgo8IS0tIC93cDppbWFnZSAtLT4KCjwhLS0gd3A6c3BhY2VyIHsiaGVpZ2h0IjoiMjBweCJ9IC0tPgo8ZGl2IHN0eWxlPSJoZWlnaHQ6MjBweCIgYXJpYS1oaWRkZW49InRydWUiIGNsYXNzPSJ3cC1ibG9jay1zcGFjZXIiPjwvZGl2Pgo8IS0tIC93cDpzcGFjZXIgLS0+Cgo8IS0tIHdwOnBhcmFncmFwaCAtLT4KPHA+UGFyYSBvYnRlbmVyIG3DoXMgaW5mb3JtYWNpw7NuIHNvYnJlIGxhIGNvbXVuaWNhY2nDs248L3A+CjwhLS0gL3dwOnBhcmFncmFwaCAtLT4KCjwhLS0gd3A6cGFnZS1saXN0IHsicGFyZW50UGFnZUlEIjo0ODkwfSAvLS0+ZG9jdW1lbnRleGNlcnB0ZG9jdW1lbnRhdXRob3Jkb2N1bWVudGZlYXR1cmVkX21lZGlhZG9jdW1lbnRjb21tZW50X3N0YXR1c2RvY3VtZW50cGluZ19zdGF0dXNkb2N1bWVudHRlbXBsYXRlZG9jdW1lbnRtZXRhZm9vdG5vdGVzZG9jdW1lbnRibG9ja3NjbGllbnRJZGlzVmFsaWRvcmlnaW5hbENvbnRlbnRuYW1lYXR0cmlidXRlc2NvbnRlbnRQdWVkZXMgZW52aWFyIHVuIG1lbnNhamUgYSB0cmF2w6lzIGRlIFdoYXRzQXBwIGEgdW4gY29udGFjdG8gaGFjaWVuZG8gY2xpYyBlbiBlbCBib3TDs24gdWJpY2FkbyBlbiBsYSBjYWJlY2VyYSBkZSBzdSBmaWNoYSAow7psdGltbykuZHJvcENhcGlubmVyQmxvY2tzY2xpZW50SWRpc1ZhbGlkb3JpZ2luYWxDb250ZW50bmFtZWF0dHJpYnV0ZXN1cmxhbHRjYXB0aW9uaWRzaXplU2x1Z2xpbmtEZXN0aW5hdGlvbmFsaWduaW5uZXJCbG9ja3NjbGllbnRJZGlzVmFsaWRvcmlnaW5hbENvbnRlbnRuYW1lYXR0cmlidXRlc2hlaWdodGlubmVyQmxvY2tzY2xpZW50SWRpc1ZhbGlkb3JpZ2luYWxDb250ZW50bmFtZWF0dHJpYnV0ZXNjb250ZW50UGFyYSBvYnRlbmVyIG3DoXMgaW5mb3JtYWNpw7NuIHNvYnJlIGxhIGNvbXVuaWNhY2nDs25kcm9wQ2FwaW5uZXJCbG9ja3NjbGllbnRJZGlzVmFsaWRvcmlnaW5hbENvbnRlbnRuYW1lYXR0cmlidXRlc3BhcmVudFBhZ2VJRGlzTmVzdGVkaW5uZXJCbG9ja3NzdGF0ZXNhdmVkQXRzdGF0ZXNhdmVkQnljbGllbnRJZGlzVmFsaWRuYW1lYXR0cmlidXRlc2NvbnRlbnRkcm9wQ2FwaW5uZXJCbG9ja3NvcmlnaW5hbENvbnRlbnRQdWVkZXMgZW52aWFyIHVuIG1lbnNhamUgYSB0cmF2w6lzIGRlIFdoYXRzQXBwIGEgdW4gY29udGFjdG8gaGFjaWVuZG8gY2xpYyBlbiBlbCBib3TDs24gdWJpY2FkbyBlbiBsYSBjYWJlY2VyYSBkZSBzdSBmaWNoYSAow7psdGltbykucHJldGV4dGZvcm1hdGxpbmtyZXZlcnNlT3JkZXJoaWRlb25Ib21laWdub3JlQ2FjaGV0ZXh0Q29sb3JiYWNrZ3JvdW5kQ29sb3JhbGlnbnR5cG9ncmFwaHlmb250U2l6ZXN0eWxlY2xpZW50SWRpc1ZhbGlkb3JpZ2luYWxDb250ZW50bmFtZWF0dHJpYnV0ZXNoZWlnaHRpbm5lckJsb2Nrc2Jjbi9icmVhZGNydW1iLXRyYWlsIC8tLT4KCjwhLS0gdzpzcGNlIHsiaGVpZ2h0IjoiMzBweCJ9IC0tPgo8ZGl2IHN0eWxlPSJoZWlnaHQ6MzBweCIgcmlhLWhpZGRlbj0idHJ1ZSIgY2xhc3M9IndwLWJsb2NrLXNwYWNlciI+PC9kaXY+CjwhLS0gL3dwOnNwYWNlciAtLT4KCjwhLS0gd3A6cGFyYQUHCAQIBAgGCAVIAAcIQQKsDAgHCAYIDggOCAtIAQQJCAYIBw8ECgeCAgcLCAcPBApDAAcCCA8FCwgHDwQKBgsIBw8ECgcyBwsIBw8ECgwICwUHBQcIBwQKRwALD4ICBwYEDAoLCQ8FCggFCAcPBAoGCyEDAjCSARMBBAAAAQAAAAEGAAABAAAuAQEAHUIBAQBBAAIAQQACAEEAAEEAAgBBAABBAAIAQQAAAkFGAXUAfQF3EzIwMjMtMDQtMjBUMTc6NDQ6MjJ3CHdoYXRzYXBwdwdwdWJsaXNofQF9AHcGY2xvc2VkdwZjbG9zZWR3AHcAdyQ0OTczZmY2Yy1iOGFjLTQ3NmUtODRiNi0zYWRmMmU0MWQ1MTl4d4wBPHA+UHVlZGVzIGVudmlhciB1biBtZW5zYWplIGEgdHJhdsOpcyBkZSBXaGF0c0FwcCBhIHVuIGNvbnRhY3RvIGhhY2llbmRvIGNsaWMgZW4gZWwgYm90w7NuIHViaWNhZG8gZW4gbGEgY2FiZWNlcmEgZGUgc3UgZmljaGEgKMO6bHRpbW8pLjwvcD53DmNvcmUvcGFyYWdyYXBoeXckN2JlZTFkYmEtNjE5Mi00NmFjLWIxOTEtNTNiNDBkZTVjNzg2eHf3ATxmaWd1cmUgY2xhc3M9IndwLWJsb2NrLWltYWdlIGFsaWduY2VudGVyIHNpemUtbGFyZ2UiPjxpbWcgc3JjPSJodHRwOi8vd3d3LmthbmFuYXMuY29tL2VzL3dwLWNvbnRlbnQvdXBsb2Fkcy9zaXRlcy8yMTQzLzIwMjQvMDcvU2NyZWVuc2hvdC0yMDI0LTA3LTMxLWF0LTE2LTU1LTI0LVNPQS1jbHViLUNvbnRhY3RvLUplYW4tQW1iZXphdGktMTAyNHg0MjEucG5nIiBhbHQ9IiIgY2xhc3M9IndwLWltYWdlLTU1OTIiLz48L2ZpZ3VyZT53CmNvcmUvaW1hZ2V3jgFodHRwOi8vd3d3LmthbmFuYXMuY29tL2VzL3dwLWNvbnRlbnQvdXBsb2Fkcy9zaXRlcy8yMTQzLzIwMjQvMDcvU2NyZWVuc2hvdC0yMDI0LTA3LTMxLWF0LTE2LTU1LTI0LVNPQS1jbHViLUNvbnRhY3RvLUplYW4tQW1iZXphdGktMTAyNHg0MjEucG5ndwB9mFd3BWxhcmdldwRub25ldwZjZW50ZXJ3JGQ0ZGJkYWE1LTZhYjgtNDcyMS1hNjUzLWYzMTcxY2UzMzJhMnh3SjxkaXYgc3R5bGU9ImhlaWdodDoyMHB4IiBhcmlhLWhpZGRlbj0idHJ1ZSIgY2xhc3M9IndwLWJsb2NrLXNwYWNlciI+PC9kaXY+dwtjb3JlL3NwYWNlcncEMjBweHckNTE3MThiZGMtNmUwMC00YjY2LWE2OWEtMmUxMjNiZDA5OWMzeHc8PHA+UGFyYSBvYnRlbmVyIG3DoXMgaW5mb3JtYWNpw7NuIHNvYnJlIGxhIGNvbXVuaWNhY2nDs248L3A+dw5jb3JlL3BhcmFncmFwaHl3JDMzZWNjNjVmLWZlNjEtNGFkYS1hOWRhLWE2YWM2OWJjYTE0MXh3AHcOY29yZS9wYWdlLWxpc3R9mkx5dyQyOGViZGE4MC00NGM1LTQ1OWItOTM5NC1hYWQ3NmRkNzQwYWJ4dw5jb3JlL3BhcmFncmFwaHl3JDI4ZWJkYTgwLTQ0YzUtNDU5Yi05Mzk0LWFhZDc2ZGQ3NDBhYnckYzBlMjY0ZjMtZDRiOC00ZjJhLWE1ZWUtM2Q3OTMwZjdhOWYyd4wBPHA+UHVlZGVzIGVudmlhciB1biBtZW5zYWplIGEgdHJhdsOpcyBkZSBXaGF0c0FwcCBhIHVuIGNvbnRhY3RvIGhhY2llbmRvIGNsaWMgZW4gZWwgYm90w7NuIHViaWNhZG8gZW4gbGEgY2FiZWNlcmEgZGUgc3UgZmljaGEgKMO6bHRpbW8pLjwvcD53JDE4OGRiOThmLWY4ZDUtNDkxNC04NTgzLTZhMGNjNjllZTYzZXcAdxRiY24vYnJlYWRjcnVtYi10cmFpbHcAdxNicmVhZGNydW1ibGlzdF9yZGZheHl5eHcAdwB3AHcAdwB1AHckMjYyYTc2MDctMGQxZS00MTljLTkwODEtMTNhNjcyZTI2YTdleHdKPGRpdiBzdHlsZT0iaGVpZ2h0OjMwcHgiIGFyaWEtaGlkZGVuPSJ0cnVlIiBjbGFzcz0id3AtYmxvY2stc3BhY2VyIj48L2Rpdj53C2NvcmUvc3BhY2VydwQzMHB4e0J54X4v\/4AAfazQ078GAazo6Z8DBtAGAAEBAYMBWwEBAAYA\",\"updateId\":432453248}","footnotes":""},"class_list":["post-4765","page","type-page","status-publish"],"aioseo_notices":[],"_links":{"self":[{"href":"https:\/\/www.kananas.com\/es\/wp-json\/wp\/v2\/pages\/4765","targetHints":{"allow":["GET"]}}],"collection":[{"href":"https:\/\/www.kananas.com\/es\/wp-json\/wp\/v2\/pages"}],"about":[{"href":"https:\/\/www.kananas.com\/es\/wp-json\/wp\/v2\/types\/page"}],"author":[{"embeddable":true,"href":"https:\/\/www.kananas.com\/es\/wp-json\/wp\/v2\/users\/1"}],"replies":[{"embeddable":true,"href":"https:\/\/www.kananas.com\/es\/wp-json\/wp\/v2\/comments?post=4765"}],"version-history":[{"count":5,"href":"https:\/\/www.kananas.com\/es\/wp-json\/wp\/v2\/pages\/4765\/revisions"}],"predecessor-version":[{"id":6721,"href":"https:\/\/www.kananas.com\/es\/wp-json\/wp\/v2\/pages\/4765\/revisions\/6721"}],"up":[{"embeddable":true,"href":"https:\/\/www.kananas.com\/es\/wp-json\/wp\/v2\/pages\/4890"}],"wp:attachment":[{"href":"https:\/\/www.kananas.com\/es\/wp-json\/wp\/v2\/media?parent=4765"}],"curies":[{"name":"wp","href":"https:\/\/api.w.org\/{rel}","templated":true}]}}