{"id":4768,"date":"2022-03-07T12:09:48","date_gmt":"2022-03-07T10:09:48","guid":{"rendered":"https:\/\/www.kananas.com\/es\/documentation-6\/planning\/entry-control\/"},"modified":"2026-05-11T18:26:03","modified_gmt":"2026-05-11T16:26:03","slug":"control-de-entrada","status":"publish","type":"page","link":"https:\/\/www.kananas.com\/es\/documentation\/planificacion\/control-de-entrada\/","title":{"rendered":"Control de entrada"},"content":{"rendered":"<div class=\"wp-block-image\">\n<figure class=\"alignright\"><img decoding=\"async\" src=\"http:\/\/www.kananas.com\/wp-content\/uploads\/2022\/03\/member-card-2-150x150.png\" alt=\"tarjeta de miembro\" class=\"wp-image-3295\"\/><\/figure>\n<\/div>\n\n<div class=\"breadcrumbs align  wp-block-bcn-breadcrumb-trail has-text-color has-background\" vocab=\"https:\/\/schema.org\/\" typeof=\"BreadcrumbList\">\n\t<span><\/span>\n\t<span property=\"itemListElement\" typeof=\"ListItem\"><a property=\"item\" typeof=\"WebPage\" title=\"Aller \u00e0 kananas.\" href=\"https:\/\/www.kananas.com\/es\" class=\"home\" aria-current=\"page\"><span property=\"name\">kananas<\/span><\/a><meta property=\"position\" content=\"1\"><\/span><\/div>\n\n\n\n<div style=\"height:30px\" aria-hidden=\"true\" class=\"wp-block-spacer\"><\/div>\n\n\n\n<p class=\"wp-block-paragraph\">Gracias a las <a href=\"https:\/\/www.kananas.com\/es\/documentation\/miembros\/afiliacion\/imprimir-tarjetas-de-membresia\/\" data-type=\"page\" data-id=\"4902\">tarjetas de membres\u00eda<\/a> creadas en Kananas, tienes un c\u00f3digo QR \u00fanico por registro.<\/p>\n\n\n\n<p class=\"wp-block-paragraph\">Esta tarjeta se puede imprimir o enviar por correo electr\u00f3nico.<\/p>\n\n\n\n<p class=\"wp-block-paragraph\">Con <a href=\"https:\/\/www.kananas.com\/es\/documentation\/aplicacion-kananas\/\" data-type=\"page\" data-id=\"4758\">Kananas en m\u00f3vil<\/a>, puedes escanear las tarjetas de tus <a href=\"https:\/\/www.kananas.com\/es\/documentation\/miembros\/\" data-type=\"page\" data-id=\"4900\">miembros<\/a> usando el bot\u00f3n \u00ab\u00a0escanear\u00a0\u00bb en una carpeta de <a href=\"https:\/\/www.kananas.com\/es\/documentation\/planificacion\/actividades\/\" data-type=\"page\" data-id=\"4883\">actividades<\/a>.<\/p>\n\n\n\n<p class=\"wp-block-paragraph\">Para cada tarjeta, tendr\u00e1s el estado de su registro para la actividad elegida.<\/p>\n\n\n\n<p class=\"wp-block-paragraph\">Haciendo clic en el bot\u00f3n \u00ab\u00a0aceptar\u00a0\u00bb, cambiar\u00e1s el estado a \u00ab\u00a0presente\u00a0\u00bb, y de manera similar, hacer clic en \u00ab\u00a0rechazar\u00a0\u00bb cambiar\u00e1 el estado a \u00ab\u00a0rechazado\u00a0\u00bb.<\/p>\n\n\n\n<figure class=\"wp-block-table\"><table><tbody><tr><td><img loading=\"lazy\" decoding=\"async\" class=\"aligncenter size-large wp-image-3280\" src=\"http:\/\/www.kananas.com\/wp-content\/uploads\/2022\/03\/scan-qrcode-1-540x1024.png\" alt=\"pase asociativo 1\" width=\"540\" height=\"1024\"><\/td><td><img loading=\"lazy\" decoding=\"async\" class=\"aligncenter size-large wp-image-3281\" src=\"http:\/\/www.kananas.com\/wp-content\/uploads\/2022\/03\/scan-qrcode-2-540x1024.png\" alt=\"pase asociativo 2\" width=\"540\" height=\"1024\"><\/td><td><img loading=\"lazy\" decoding=\"async\" class=\"aligncenter size-large wp-image-3282\" src=\"http:\/\/www.kananas.com\/wp-content\/uploads\/2022\/03\/scan-qrcode-3-553x1024.png\" alt=\"pase asociativo 3\" width=\"553\" height=\"1024\"><\/td><\/tr><\/tbody><\/table><\/figure>\n\n\n\n<p class=\"wp-block-paragraph\">El miembro no est\u00e1 obligado a imprimir su tarjeta; tambi\u00e9n puede mostrarte el correo electr\u00f3nico que le enviaste con el c\u00f3digo QR en su tel\u00e9fono.<\/p>\n\n\n\n<h2 class=\"wp-block-heading\">No M\u00e1s Tarjetas en Papel<\/h2>\n\n\n\n<p class=\"wp-block-paragraph\">La tarjeta tambi\u00e9n se puede escanear con la c\u00e1mara de un tel\u00e9fono inteligente o una tableta, y luego obtendr\u00e1s su tarjeta de membres\u00eda con su foto, nombre, apellido y estado (registro en progreso, activo, eliminado, etc.). Nota: cada miembro tambi\u00e9n puede acceder a su c\u00f3digo QR a trav\u00e9s de su espacio personal (men\u00fa mi tarjeta).<\/p>\n\n\n<div class=\"wp-block-image\">\n<figure class=\"aligncenter\"><img decoding=\"async\" src=\"https:\/\/www.kananas.com\/wp-content\/uploads\/2022\/09\/Screenshot-2022-09-09-at-18-58-36-Homme-utilisant-le-te\u0301le\u0301phone-scannant-le-code-QR-sur-le-te\u0301le\u0301phone-cellulaire-inte\u0301rieur-court-Photo-Stock-Alamy-300x188.png\" alt=\"Escanear Tarjeta de Miembro con C\u00f3digo QR\" class=\"wp-image-3949\"\/><\/figure>\n<\/div>\n\n\n<figure class=\"wp-block-table\"><table><tbody><tr><td><img loading=\"lazy\" decoding=\"async\" src=\"https:\/\/www.kananas.com\/wp-content\/uploads\/2022\/09\/IMG_1929.jpeg\" alt=\"tarjeta de membres\u00eda de la asociaci\u00f3n en un tel\u00e9fono inteligente\" width=\"277\" height=\"600\"><\/td><\/tr><\/tbody><\/table><\/figure>\n\n\n\n<p class=\"wp-block-paragraph\">Para obtener m\u00e1s informaci\u00f3n sobre la planificaci\u00f3n<\/p>\n\n\n<ul class=\"wp-block-page-list\"><li class=\"wp-block-pages-list__item\"><a class=\"wp-block-pages-list__item__link\" href=\"https:\/\/www.kananas.com\/es\/documentation\/planificacion\/actividades\/\">Actividades y eventos<\/a><\/li><li class=\"wp-block-pages-list__item\"><a class=\"wp-block-pages-list__item__link\" href=\"https:\/\/www.kananas.com\/es\/documentation\/planificacion\/taquilla\/\">Taquilla<\/a><\/li><li class=\"wp-block-pages-list__item\"><a class=\"wp-block-pages-list__item__link\" href=\"https:\/\/www.kananas.com\/es\/documentation\/planificacion\/asistentes\/\">Asistentes<\/a><\/li><li class=\"wp-block-pages-list__item\"><a class=\"wp-block-pages-list__item__link\" href=\"https:\/\/www.kananas.com\/es\/documentation\/planificacion\/inscripcion-online-para-actividades\/\">Inscripci\u00f3n online para actividades<\/a><\/li><li class=\"wp-block-pages-list__item\"><a class=\"wp-block-pages-list__item__link\" href=\"https:\/\/www.kananas.com\/es\/documentation\/planificacion\/ingresos-y-gastos\/\">Ingresos y gastos<\/a><\/li><li class=\"wp-block-pages-list__item\"><a class=\"wp-block-pages-list__item__link\" href=\"https:\/\/www.kananas.com\/es\/documentation\/planificacion\/reunion-online-y-votaciones\/\">Reuni\u00f3n online y votaciones<\/a><\/li><li class=\"wp-block-pages-list__item\"><a class=\"wp-block-pages-list__item__link\" href=\"https:\/\/www.kananas.com\/es\/documentation\/planificacion\/control-de-entrada\/\">Control de entrada<\/a><\/li><\/ul>","protected":false},"excerpt":{"rendered":"<p>Gracias a las tarjetas de membres\u00eda creadas en Kananas, tienes un c\u00f3digo QR \u00fanico por registro. Esta tarjeta se puede imprimir o enviar por correo electr\u00f3nico. Con Kananas en m\u00f3vil, puedes escanear las tarjetas de tus miembros usando el bot\u00f3n \u00ab\u00a0escanear\u00a0\u00bb en una carpeta de actividades. Para cada tarjeta, tendr\u00e1s el estado de su registro &#8230; <a title=\"Control de entrada\" class=\"read-more\" href=\"https:\/\/www.kananas.com\/es\/documentation\/planificacion\/control-de-entrada\/\" aria-label=\"En savoir plus sur Control de entrada\">Lire la suite<\/a><\/p>\n","protected":false},"author":1,"featured_media":0,"parent":4876,"menu_order":10,"comment_status":"closed","ping_status":"closed","template":"","meta":{"_crdt_document":"{\"document\":\"AAAH3Myg6w+NAssBCCaKCAMCriaAOLINBAIBAgoBAkoAGAECCgJCSgCmBwECCgJCSgCQAgECCgJCSgCGDgECCgJCSgCuAgECCgJCSgC+BAECCgEBCAMCQgEDvAUCQgEDvAUCQgECxgwBC0oAqhIBAgoCQkoAtAQBAgoCQkoAggEBAgoCQkoApAoBAgoBAkoAGAECCgEBCAMCQgECTgELSgCcBgECCgJCSgC4AQECCgBK2EuuSwEBCABI7EuuS0IKBvhLAwABCUq2UwECCkr8wAEDAq4mgDgNpH2IRPK4AQMCriaAOJECKAMnAAQAJwAEAIQGJwAoBCcAKAAnAAcAKAMnACgBJwAoAScAhwAoAycBBAAoACcAhwAoAycBBAAoACcAhwAoAycBBAAoACcAhwAoAycBBAAoACcAhwAoAycBBAAoACcAhwAoAycAKAAnAgcAJwAHACcABAAoBIcAJwAEACgEhwAnAAQAKAQnACgMJwCHACgDJwEEACgAJwCHACgDJwEEACgAJwCHACgDJwEEACgAJwCHACgDJwAoAScAKAEnAIcAKAMnACgAJwIHACcABwAnAAQAKAQnACgMJwCHACgDJwEEACgAJwCHACgDJwAoAScAKAHHACgCJwEoACcAqAEoAAQAqAIoC8cAKAMnACgAJwDE0EO5QXN0YXRldmVyc2lvbmRvY3VtZW50ZGF0ZWRvY3VtZW50c2x1Z2RvY3VtZW50c3RhdHVzZG9jdW1lbnR0aXRsZUNvbnRyb2wgZGUgZW50cmFkYWRvY3VtZW50Y29udGVudDwhLS0gd3A6aW1hZ2UgeyJpZCI6MzI5NSwiYWxpZ24iOiJyaWdodCJ9IC0tPgo8ZmlndXJlIGNsYXNzPSJ3cC1ibG9jay1pbWFnZSBhbGlnbnJpZ2h0Ij48aW1nIHNyYz0iaHR0cDovL3d3dy5rYW5hbmFzLmNvbS93cC1jb250ZW50L3VwbG9hZHMvMjAyMi8wMy9tZW1iZXItY2FyZC0yLTE1MHgxNTAucG5nIiBhbHQ9InRhcmpldGEgZGUgbWllbWJybyIgY2xhc3M9IndwLWltYWdlLTMyOTUiLz48L2ZpZ3VyZT4KPCEtLSAvd3A6aW1hZ2UgLS0+Cgo8IS0tIHdwOnBhcmFncmFwaCAtLT4KPHA+R3JhY2lhcyBhIGxhcyA8YSBocmVmPSJodHRwczovL3d3dy5rYW5hbmFzLmNvbS9lcy9kb2N1bWVudGF0aW9uL21pZW1icm9zL2FmaWxpYWNpb24vaW1wcmltaXItdGFyamV0YXMtZGUtbWVtYnJlc2lhLyIgZGF0YS10eXBlPSJwYWdlIiBkYXRhLWlkPSI0OTAyIj50YXJqZXRhcyBkZSBtZW1icmVzw61hPC9hPiBjcmVhZGFzIGVuIEthbmFuYXMsIHRpZW5lcyB1biBjw7NkaWdvIFFSIMO6bmljbyBwb3IgcmVnaXN0cm8uPC9wPgo8IS0tIC93cDpwYXJhZ3JhcGggLS0+Cgo8IS0tIHdwOnBhcmFncmFwaCAtLT4KPHA+RXN0YSB0YXJqZXRhIHNlIHB1ZWRlIGltcHJpbWlyIG8gZW52aWFyIHBvciBjb3JyZW8gZWxlY3Ryw7NuaWNvLjwvcD4KPCEtLSAvd3A6cGFyYWdyYXBoIC0tPgoKPCEtLSB3cDpwYXJhZ3JhcGggLS0+CjxwPkNvbiA8YSBocmVmPSJodHRwczovL3d3dy5rYW5hbmFzLmNvbS9lcy9kb2N1bWVudGF0aW9uL2FwbGljYWNpb24ta2FuYW5hcy8iIGRhdGEtdHlwZT0icGFnZSIgZGF0YS1pZD0iNDc1OCI+S2FuYW5hcyBlbiBtw7N2aWw8L2E+LCBwdWVkZXMgZXNjYW5lYXIgbGFzIHRhcmpldGFzIGRlIHR1cyA8YSBocmVmPSJodHRwczovL3d3dy5rYW5hbmFzLmNvbS9lcy9kb2N1bWVudGF0aW9uL21pZW1icm9zLyIgZGF0YS10eXBlPSJwYWdlIiBkYXRhLWlkPSI0OTAwIj5taWVtYnJvczwvYT4gdXNhbmRvIGVsIGJvdMOzbiAiZXNjYW5lYXIiIGVuIHVuYSBjYXJwZXRhIGRlIDxhIGhyZWY9Imh0dHBzOi8vd3d3LmthbmFuYXMuY29tL2VzL2RvY3VtZW50YXRpb24vcGxhbmlmaWNhY2lvbi9hY3RpdmlkYWRlcy8iIGRhdGEtdHlwZT0icGFnZSIgZGF0YS1pZD0iNDg4MyI+YWN0aXZpZGFkZXM8L2E+LjwvcD4KPCEtLSAvd3A6cGFyYWdyYXBoIC0tPgoKPCEtLSB3cDpwYXJhZ3JhcGggLS0+CjxwPlBhcmEgY2FkYSB0YXJqZXRhLCB0ZW5kcsOhcyBlbCBlc3RhZG8gZGUgc3UgcmVnaXN0cm8gcGFyYSBsYSBhY3RpdmlkYWQgZWxlZ2lkYS48L3A+CjwhLS0gL3dwOnBhcmFncmFwaCAtLT4KCjwhLS0gd3A6cGFyYWdyYXBoIC0tPgo8cD5IYWNpZW5kbyBjbGljIGVuIGVsIGJvdMOzbiAiYWNlcHRhciIsIGNhbWJpYXLDoXMgZWwgZXN0YWRvIGEgInByZXNlbnRlIiwgeSBkZSBtYW5lcmEgc2ltaWxhciwgaGFjZXIgY2xpYyBlbiAicmVjaGF6YXIiIGNhbWJpYXLDoSBlbCBlc3RhZG8gYSAicmVjaGF6YWRvIi48L3A+CjwhLS0gL3dwOnBhcmFncmFwaCAtLT4KCjwhLS0gd3A6dGFibGUgLS0+CjxmaWd1cmUgY2xhc3M9IndwLWJsb2NrLXRhYmxlIj48dGFibGU+PHRib2R5Pjx0cj48dGQ+PGltZyBjbGFzcz0iYWxpZ25jZW50ZXIgc2l6ZS1sYXJnZSB3cC1pbWFnZS0zMjgwIiBzcmM9Imh0dHA6Ly93d3cua2FuYW5hcy5jb20vd3AtY29udGVudC91cGxvYWRzLzIwMjIvMDMvc2Nhbi1xcmNvZGUtMS01NDB4MTAyNC5wbmciIGFsdD0icGFzZSBhc29jaWF0aXZvIDEiIHdpZHRoPSI1NDAiIGhlaWdodD0iMTAyNCI+PC90ZD48dGQ+PGltZyBjbGFzcz0iYWxpZ25jZW50ZXIgc2l6ZS1sYXJnZSB3cC1pbWFnZS0zMjgxIiBzcmM9Imh0dHA6Ly93d3cua2FuYW5hcy5jb20vd3AtY29udGVudC91cGxvYWRzLzIwMjIvMDMvc2Nhbi1xcmNvZGUtMi01NDB4MTAyNC5wbmciIGFsdD0icGFzZSBhc29jaWF0aXZvIDIiIHdpZHRoPSI1NDAiIGhlaWdodD0iMTAyNCI+PC90ZD48dGQ+PGltZyBjbGFzcz0iYWxpZ25jZW50ZXIgc2l6ZS1sYXJnZSB3cC1pbWFnZS0zMjgyIiBzcmM9Imh0dHA6Ly93d3cua2FuYW5hcy5jb20vd3AtY29udGVudC91cGxvYWRzLzIwMjIvMDMvc2Nhbi1xcmNvZGUtMy01NTN4MTAyNC5wbmciIGFsdD0icGFzZSBhc29jaWF0aXZvIDMiIHdpZHRoPSI1NTMiIGhlaWdodD0iMTAyNCI+PC90ZD48L3RyPjwvdGJvZHk+PC90YWJsZT48L2ZpZ3VyZT4KPCEtLSAvd3A6dGFibGUgLS0+Cgo8IS0tIHdwOnBhcmFncmFwaCAtLT4KPHA+RWwgbWllbWJybyBubyBlc3TDoSBvYmxpZ2FkbyBhIGltcHJpbWlyIHN1IHRhcmpldGE7IHRhbWJpw6luIHB1ZWRlIG1vc3RyYXJ0ZSBlbCBjb3JyZW8gZWxlY3Ryw7NuaWNvIHF1ZSBsZSBlbnZpYXN0ZSBjb24gZWwgY8OzZGlnbyBRUiBlbiBzdSB0ZWzDqWZvbm8uPC9wPgo8IS0tIC93cDpwYXJhZ3JhcGggLS0+Cgo8IS0tIHdwOmhlYWRpbmcgLS0+CjxoMiBjbGFzcz0id3AtYmxvY2staGVhZGluZyI+Tm8gTcOhcyBUYXJqZXRhcyBlbiBQYXBlbDwvaDI+CjwhLS0gL3dwOmhlYWRpbmcgLS0+Cgo8IS0tIHdwOnBhcmFncmFwaCAtLT4KPHA+TGEgdGFyamV0YSB0YW1iacOpbiBzZSBwdWVkZSBlc2NhbmVhciBjb24gbGEgY8OhbWFyYSBkZSB1biB0ZWzDqWZvbm8gaW50ZWxpZ2VudGUgbyB1bmEgdGFibGV0YSwgeSBsdWVnbyBvYnRlbmRyw6FzIHN1IHRhcmpldGEgZGUgbWVtYnJlc8OtYSBjb24gc3UgZm90bywgbm9tYnJlLCBhcGVsbGlkbyB5IGVzdGFkbyAocmVnaXN0cm8gZW4gcHJvZ3Jlc28sIGFjdGl2bywgZWxpbWluYWRvLCBldGMuKS4gTm90YTogY2FkYSBtaWVtYnJvIHRhbWJpw6luIHB1ZWRlIGFjY2VkZXIgYSBzdSBjw7NkaWdvIFFSIGEgdHJhdsOpcyBkZSBzdSBlc3BhY2lvIHBlcnNvbmFsIChtZW7DuiBtaSB0YXJqZXRhKS48L3A+CjwhLS0gL3dwOnBhcmFncmFwaCAtLT4KCjwhLS0gd3A6aW1hZ2UgeyJpZCI6Mzk0OSwiYWxpZ24iOiJjZW50ZXIifSAtLT4KPGZpZ3VyZSBjbGFzcz0id3AtYmxvY2staW1hZ2UgYWxpZ25jZW50ZXIiPjxpbWcgc3JjPSJodHRwczovL3d3dy5rYW5hbmFzLmNvbS93cC1jb250ZW50L3VwbG9hZHMvMjAyMi8wOS9TY3JlZW5zaG90LTIwMjItMDktMDktYXQtMTgtNTgtMzYtSG9tbWUtdXRpbGlzYW50LWxlLXRlzIFsZcyBcGhvbmUtc2Nhbm5hbnQtbGUtY29kZS1RUi1zdXItbGUtdGXMgWxlzIFwaG9uZS1jZWxsdWxhaXJlLWludGXMgXJpZXVyLWNvdXJ0LVBob3RvLVN0b2NrLUFsYW15LTMwMHgxODgucG5nIiBhbHQ9IkVzY2FuZWFyIFRhcmpldGEgZGUgTWllbWJybyBjb24gQ8OzZGlnbyBRUiIgY2xhc3M9IndwLWltYWdlLTM5NDkiLz48L2ZpZ3VyZT4KPCEtLSAvd3A6aW1hZ2UgLS0+Cgo8IS0tIHdwOnRhYmxlIC0tPgo8ZmlndXJlIGNsYXNzPSJ3cC1ibG9jay10YWJsZSI+PHRhYmxlPjx0Ym9keT48dHI+PHRkPjxpbWcgc3JjPSJodHRwczovL3d3dy5rYW5hbmFzLmNvbS93cC1jb250ZW50L3VwbG9hZHMvMjAyMi8wOS9JTUdfMTkyOS5qcGVnIiBhbHQ9InRhcmpldGEgZGUgbWVtYnJlc8OtYSBkZSBsYSBhc29jaWFjacOzbiBlbiB1biB0ZWzDqWZvbm8gaW50ZWxpZ2VudGUiIHdpZHRoPSIyNzciIGhlaWdodD0iNjAwIj48L3RkPjwvdHI+PC90Ym9keT48L3RhYmxlPjwvZmlndXJlPgo8IS0tIC93cDp0YWJsZSAtLT4KCjwhLS0gd3A6cGFyYWdyYXBoIC0tPgo8cD5QYXJhIG9idGVuZXIgbcOhcyBpbmZvcm1hY2nDs24gc29icmUgbGEgcGxhbmlmaWNhY2nDs248L3A+CjwhLS0gL3dwOnBhcmFncmFwaCAtLT4KCjwhLS0gd3A6cGFnZS1saXN0IHsicGFyZW50UGFnZUlEIjo0ODc2fSAvLS0+ZG9jdW1lbnRleGNlcnB0ZG9jdW1lbnRhdXRob3Jkb2N1bWVudGZlYXR1cmVkX21lZGlhZG9jdW1lbnRjb21tZW50X3N0YXR1c2RvY3VtZW50cGluZ19zdGF0dXNkb2N1bWVudHRlbXBsYXRlZG9jdW1lbnRtZXRhZm9vdG5vdGVzZG9jdW1lbnRibG9ja3NjbGllbnRJZGlzVmFsaWRvcmlnaW5hbENvbnRlbnRuYW1lYXR0cmlidXRlc3VybGFsdGNhcHRpb25pZGFsaWduaW5uZXJCbG9ja3NjbGllbnRJZGlzVmFsaWRvcmlnaW5hbENvbnRlbnRuYW1lYXR0cmlidXRlc2NvbnRlbnRHcmFjaWFzIGEgbGFzIDxhIGhyZWY9Imh0dHBzOi8vd3d3LmthbmFuYXMuY29tL2VzL2RvY3VtZW50YXRpb24vbWllbWJyb3MvYWZpbGlhY2lvbi9pbXByaW1pci10YXJqZXRhcy1kZS1tZW1icmVzaWEvIiBkYXRhLXR5cGU9InBhZ2UiIGRhdGEtaWQ9IjQ5MDIiPnRhcmpldGFzIGRlIG1lbWJyZXPDrWE8L2E+IGNyZWFkYXMgZW4gS2FuYW5hcywgdGllbmVzIHVuIGPDs2RpZ28gUVIgw7puaWNvIHBvciByZWdpc3Ryby5kcm9wQ2FwaW5uZXJCbG9ja3NjbGllbnRJZGlzVmFsaWRvcmlnaW5hbENvbnRlbnRuYW1lYXR0cmlidXRlc2NvbnRlbnRFc3RhIHRhcmpldGEgc2UgcHVlZGUgaW1wcmltaXIgbyBlbnZpYXIgcG9yIGNvcnJlbyBlbGVjdHLDs25pY28uZHJvcENhcGlubmVyQmxvY2tzY2xpZW50SWRpc1ZhbGlkb3JpZ2luYWxDb250ZW50bmFtZWF0dHJpYnV0ZXNjb250ZW50Q29uIDxhIGhyZWY9Imh0dHBzOi8vd3d3LmthbmFuYXMuY29tL2VzL2RvY3VtZW50YXRpb24vYXBsaWNhY2lvbi1rYW5hbmFzLyIgZGF0YS10eXBlPSJwYWdlIiBkYXRhLWlkPSI0NzU4Ij5LYW5hbmFzIGVuIG3Ds3ZpbDwvYT4sIHB1ZWRlcyBlc2NhbmVhciBsYXMgdGFyamV0YXMgZGUgdHVzIDxhIGhyZWY9Imh0dHBzOi8vd3d3LmthbmFuYXMuY29tL2VzL2RvY3VtZW50YXRpb24vbWllbWJyb3MvIiBkYXRhLXR5cGU9InBhZ2UiIGRhdGEtaWQ9IjQ5MDAiPm1pZW1icm9zPC9hPiB1c2FuZG8gZWwgYm90w7NuICJlc2NhbmVhciIgZW4gdW5hIGNhcnBldGEgZGUgPGEgaHJlZj0iaHR0cHM6Ly93d3cua2FuYW5hcy5jb20vZXMvZG9jdW1lbnRhdGlvbi9wbGFuaWZpY2FjaW9uL2FjdGl2aWRhZGVzLyIgZGF0YS10eXBlPSJwYWdlIiBkYXRhLWlkPSI0ODgzIj5hY3RpdmlkYWRlczwvYT4uZHJvcENhcGlubmVyQmxvY2tzY2xpZW50SWRpc1ZhbGlkb3JpZ2luYWxDb250ZW50bmFtZWF0dHJpYnV0ZXNjb250ZW50UGFyYSBjYWRhIHRhcmpldGEsIHRlbmRyw6FzIGVsIGVzdGFkbyBkZSBzdSByZWdpc3RybyBwYXJhIGxhIGFjdGl2aWRhZCBlbGVnaWRhLmRyb3BDYXBpbm5lckJsb2Nrc2NsaWVudElkaXNWYWxpZG9yaWdpbmFsQ29udGVudG5hbWVhdHRyaWJ1dGVzY29udGVudEhhY2llbmRvIGNsaWMgZW4gZWwgYm90w7NuICJhY2VwdGFyIiwgY2FtYmlhcsOhcyBlbCBlc3RhZG8gYSAicHJlc2VudGUiLCB5IGRlIG1hbmVyYSBzaW1pbGFyLCBoYWNlciBjbGljIGVuICJyZWNoYXphciIgY2FtYmlhcsOhIGVsIGVzdGFkbyBhICJyZWNoYXphZG8iLmRyb3BDYXBpbm5lckJsb2Nrc2NsaWVudElkaXNWYWxpZG9yaWdpbmFsQ29udGVudG5hbWVhdHRyaWJ1dGVzaGFzRml4ZWRMYXlvdXRjYXB0aW9uaGVhZGJvZHljZWxsc2NvbnRlbnQ8aW1nIGNsYXNzPSJhbGlnbmNlbnRlciBzaXplLWxhcmdlIHdwLWltYWdlLTMyODAiIHNyYz0iaHR0cDovL3d3dy5rYW5hbmFzLmNvbS93cC1jb250ZW50L3VwbG9hZHMvMjAyMi8wMy9zY2FuLXFyY29kZS0xLTU0MHgxMDI0LnBuZyIgYWx0PSJwYXNlIGFzb2NpYXRpdm8gMSIgd2lkdGg9IjU0MCIgaGVpZ2h0PSIxMDI0Ij50YWdzY29wZWFsaWduY29sc3BhbnJvd3NwYW5jb250ZW50PGltZyBjbGFzcz0iYWxpZ25jZW50ZXIgc2l6ZS1sYXJnZSB3cC1pbWFnZS0zMjgxIiBzcmM9Imh0dHA6Ly93d3cua2FuYW5hcy5jb20vd3AtY29udGVudC91cGxvYWRzLzIwMjIvMDMvc2Nhbi1xcmNvZGUtMi01NDB4MTAyNC5wbmciIGFsdD0icGFzZSBhc29jaWF0aXZvIDIiIHdpZHRoPSI1NDAiIGhlaWdodD0iMTAyNCI+dGFnc2NvcGVhbGlnbmNvbHNwYW5yb3dzcGFuY29udGVudDxpbWcgY2xhc3M9ImFsaWduY2VudGVyIHNpemUtbGFyZ2Ugd3AtaW1hZ2UtMzI4MiIgc3JjPSJodHRwOi8vd3d3LmthbmFuYXMuY29tL3dwLWNvbnRlbnQvdXBsb2Fkcy8yMDIyLzAzL3NjYW4tcXJjb2RlLTMtNTUzeDEwMjQucG5nIiBhbHQ9InBhc2UgYXNvY2lhdGl2byAzIiB3aWR0aD0iNTUzIiBoZWlnaHQ9IjEwMjQiPnRhZ3Njb3BlYWxpZ25jb2xzcGFucm93c3BhbmZvb3Rib3JkZXJDb2xvcmJhY2tncm91bmRDb2xvcnRleHRDb2xvcmdyYWRpZW50YWxpZ25sb2NrYW5jaG9yY2xhc3NOYW1lZm9udEZhbWlseWZvbnRTaXplc3R5bGVtZXRhZGF0YWNvbnRlbnRDb250cm9sc2lubmVyQmxvY2tzY2xpZW50SWRpc1ZhbGlkb3JpZ2luYWxDb250ZW50bmFtZWF0dHJpYnV0ZXNjb250ZW50RWwgbWllbWJybyBubyBlc3TDoSBvYmxpZ2FkbyBhIGltcHJpbWlyIHN1IHRhcmpldGE7IHRhbWJpw6luIHB1ZWRlIG1vc3RyYXJ0ZSBlbCBjb3JyZW8gZWxlY3Ryw7NuaWNvIHF1ZSBsZSBlbnZpYXN0ZSBjb24gZWwgY8OzZGlnbyBRUiBlbiBzdSB0ZWzDqWZvbm8uZHJvcENhcGlubmVyQmxvY2tzY2xpZW50SWRpc1ZhbGlkb3JpZ2luYWxDb250ZW50bmFtZWF0dHJpYnV0ZXNjb250ZW50Tm8gTcOhcyBUYXJqZXRhcyBlbiBQYXBlbGxldmVsaW5uZXJCbG9ja3NjbGllbnRJZGlzVmFsaWRvcmlnaW5hbENvbnRlbnRuYW1lYXR0cmlidXRlc2NvbnRlbnRMYSB0YXJqZXRhIHRhbWJpw6luIHNlIHB1ZWRlIGVzY2FuZWFyIGNvbiBsYSBjw6FtYXJhIGRlIHVuIHRlbMOpZm9ubyBpbnRlbGlnZW50ZSBvIHVuYSB0YWJsZXRhLCB5IGx1ZWdvIG9idGVuZHLDoXMgc3UgdGFyamV0YSBkZSBtZW1icmVzw61hIGNvbiBzdSBmb3RvLCBub21icmUsIGFwZWxsaWRvIHkgZXN0YWRvIChyZWdpc3RybyBlbiBwcm9ncmVzbywgYWN0aXZvLCBlbGltaW5hZG8sIGV0Yy4pLiBOb3RhOiBjYWRhIG1pZW1icm8gdGFtYmnDqW4gcHVlZGUgYWNjZWRlciBhIHN1IGPDs2RpZ28gUVIgYSB0cmF2w6lzIGRlIHN1IGVzcGFjaW8gcGVyc29uYWwgKG1lbsO6IG1pIHRhcmpldGEpLmRyb3BDYXBpbm5lckJsb2Nrc2NsaWVudElkaXNWYWxpZG9yaWdpbmFsQ29udGVudG5hbWVhdHRyaWJ1dGVzdXJsYWx0Y2FwdGlvbmlkYWxpZ25pbm5lckJsb2Nrc2NsaWVudElkaXNWYWxpZG9yaWdpbmFsQ29udGVudG5hbWVhdHRyaWJ1dGVzaGFzRml4ZWRMYXlvdXRjYXB0aW9uaGVhZGJvZHljZWxsc2NvbnRlbnQ8aW1nIHNyYz0iaHR0cHM6Ly93d3cua2FuYW5hcy5jb20vd3AtY29udGVudC91cGxvYWRzLzIwMjIvMDkvSU1HXzE5MjkuanBlZyIgYWx0PSJ0YXJqZXRhIGRlIG1lbWJyZXPDrWEgZGUgbGEgYXNvY2lhY2nDs24gZW4gdW4gdGVsw6lmb25vIGludGVsaWdlbnRlIiB3aWR0aD0iMjc3IiBoZWlnaHQ9IjYwMCI+dGFnc2NvcGVhbGlnbmNvbHNwYW5yb3dzcGFuZm9vdGJvcmRlckNvbG9yYmFja2dyb3VuZENvbG9ydGV4dENvbG9yZ3JhZGllbnRhbGlnbmxvY2thbmNob3JjbGFzc05hbWVmb250RmFtaWx5Zm9udFNpemVzdHlsZW1ldGFkYXRhY29udGVudENvbnRyb2xzaW5uZXJCbG9ja3NjbGllbnRJZGlzVmFsaWRvcmlnaW5hbENvbnRlbnRuYW1lYXR0cmlidXRlc2NvbnRlbnRQYXJhIG9idGVuZXIgbcOhcyBpbmZvcm1hY2nDs24gc29icmUgbGEgcGxhbmlmaWNhY2nDs25kcm9wQ2FwaW5uZXJCbG9ja3NjbGllbnRJZGlzVmFsaWRvcmlnaW5hbENvbnRlbnRuYW1lYXR0cmlidXRlc3BhcmVudFBhZ2VJRGlzTmVzdGVkaW5uZXJCbG9ja3NzdGF0ZXNhdmVkQXRzdGF0ZXNhdmVkQnljbGllbnRJZGlzVmFsaWRuYW1lYXR0cmlidXRlc2NvbnRlbnRkcm9wQ2FwaW5uZXJCbG9ja3NvcmlnaW5hbENvbnRlbnRHcmFjaWFzIGEgbGFzIDxhIGhyZWY9Imh0dHBzOi8vd3d3LmthbmFuYXMuY29tL2VzL2RvY3VtZW50YXRpb24vbWllbWJyb3MvYWZpbGlhY2lvbi9pbXByaW1pci10YXJqZXRhcy1kZS1tZW1icmVzaWEvIiBkYXRhLXR5cGU9InBhZ2UiIGRhdGEtaWQ9IjQ5MDIiPnRhcmpldGFzIGRlIG1lbWJyZXPDrWE8L2E+IGNyZWFkYXMgZW4gS2FuYW5hcywgdGllbmVzIHVuIGPDs2RpZ28gUVIgw7puaWNvIHBvciByZWdpc3Ryby5wcmV0ZXh0Zm9ybWF0bGlua3JldmVyc2VPcmRlcmhpZGVvbkhvbWVpZ25vcmVDYWNoZXRleHRDb2xvcmJhY2tncm91bmRDb2xvcmFsaWdudHlwb2dyYXBoeWZvbnRTaXplc3R5bGVjbGllbnRJZGlzVmFsaWRvcmlnaW5hbENvbnRlbnRuYW1lYXR0cmlidXRlc2hlaWdodGlubmVyQmxvY2tzYmNuL2JyZWFkY3J1bWItdHJhaWwgLy0tPgoKPCEtLSB3OnNwY2UgeyJoZWlnaHQiOiIzMHB4In0gLS0+CjxkaXYgc3R5bGU9ImhlaWdodDozMHB4IiByaWEtaGlkZGVuPSJ0cnVlIiBjbGFzcz0id3AtYmxvY2stc3BhY2VyIj48L2Rpdj4KPCEtLSAvd3A6c3BhY2VyIC0tPgoKPCEtLSB3cDpwYXJheyJoYXNGaXhlZExheW91dCI6ZmFsc2V9IHsiaGFzRml4ZWRMYXlvdXQiOmZhbHNlfSAFBwgECAQIBggFEggHhQRBApcTgByyBggHCAYIDggOCAtIAQQJCAYIBw8ECkMABwIFCwgHDwQKB6oDBwsIBw8ECgc\/BwsIBw8ECge6BgcLCAcPBAoHjgEHCwgHDwQKB5YCBwsIBw8ECg4HRAAFB7cCA0UARwG3AgNFAEcBtwIDRQBHAAQLDwkIBQQGCQoIBQgPCwgHDwQKB5ECBwsIBw8ECgcYBQsIBw8ECgeJBQcLCAcPBApDAAcCBQsIBw8ECg4HRAAFB6wCA0UARwAECw8JCAUEBgkKCAUIDwsIBw8ECgczBwsIBw8ECgwICwUHBQcIBwQKRwALD6oDBwYEDAoLCQ8FCggFCAcPBAoGCyEDAjCSAVkAFAEEAAABAAAAAQYAAAEAAMEBAQEAVEIBAQBBAAIAQQACAEEAAgBBAAIAQQACAEEAAgBBAAJAAAEAAQIBAgECQABBAAIAQQACAEEAAgBBAAIAQQACQAABAAECQABBAAIAQQAAQQACAEEAAANBoAEBlQIAfQF3EzIwMjItMDMtMDdUMTI6MDk6NDh3EmNvbnRyb2wtZGUtZW50cmFkYXcHcHVibGlzaH0BfQB3BmNsb3NlZHcGY2xvc2VkdwB3AHckMzY2ZjdkMWItMDQ4ZC00YjQ3LWI5MzgtMjA5YjkxZWE5ZjE5eHe6ATxmaWd1cmUgY2xhc3M9IndwLWJsb2NrLWltYWdlIGFsaWducmlnaHQiPjxpbWcgc3JjPSJodHRwOi8vd3d3LmthbmFuYXMuY29tL3dwLWNvbnRlbnQvdXBsb2Fkcy8yMDIyLzAzL21lbWJlci1jYXJkLTItMTUweDE1MC5wbmciIGFsdD0idGFyamV0YSBkZSBtaWVtYnJvIiBjbGFzcz0id3AtaW1hZ2UtMzI5NSIvPjwvZmlndXJlPncKY29yZS9pbWFnZXdLaHR0cDovL3d3dy5rYW5hbmFzLmNvbS93cC1jb250ZW50L3VwbG9hZHMvMjAyMi8wMy9tZW1iZXItY2FyZC0yLTE1MHgxNTAucG5ndxJ0YXJqZXRhIGRlIG1pZW1icm99nzN3BXJpZ2h0dyRiNzdiMjY5NS1mNmM0LTQwMGEtOTY2Ni02YjNjOTM5MGIzZTJ4d\/QBPHA+R3JhY2lhcyBhIGxhcyA8YSBocmVmPSJodHRwczovL3d3dy5rYW5hbmFzLmNvbS9lcy9kb2N1bWVudGF0aW9uL21pZW1icm9zL2FmaWxpYWNpb24vaW1wcmltaXItdGFyamV0YXMtZGUtbWVtYnJlc2lhLyIgZGF0YS10eXBlPSJwYWdlIiBkYXRhLWlkPSI0OTAyIj50YXJqZXRhcyBkZSBtZW1icmVzw61hPC9hPiBjcmVhZGFzIGVuIEthbmFuYXMsIHRpZW5lcyB1biBjw7NkaWdvIFFSIMO6bmljbyBwb3IgcmVnaXN0cm8uPC9wPncOY29yZS9wYXJhZ3JhcGh5dyQ4NGI3YWZlYy1jYWZlLTRkOTktODZmYS0zZTBmODI4ZTFlNmR4d0c8cD5Fc3RhIHRhcmpldGEgc2UgcHVlZGUgaW1wcmltaXIgbyBlbnZpYXIgcG9yIGNvcnJlbyBlbGVjdHLDs25pY28uPC9wPncOY29yZS9wYXJhZ3JhcGh5dyQ4MmJjNTU3OC0yNDU3LTQ0NDQtYmZkYS1jYzAyZjNkOTkzYjl4d8MDPHA+Q29uIDxhIGhyZWY9Imh0dHBzOi8vd3d3LmthbmFuYXMuY29tL2VzL2RvY3VtZW50YXRpb24vYXBsaWNhY2lvbi1rYW5hbmFzLyIgZGF0YS10eXBlPSJwYWdlIiBkYXRhLWlkPSI0NzU4Ij5LYW5hbmFzIGVuIG3Ds3ZpbDwvYT4sIHB1ZWRlcyBlc2NhbmVhciBsYXMgdGFyamV0YXMgZGUgdHVzIDxhIGhyZWY9Imh0dHBzOi8vd3d3LmthbmFuYXMuY29tL2VzL2RvY3VtZW50YXRpb24vbWllbWJyb3MvIiBkYXRhLXR5cGU9InBhZ2UiIGRhdGEtaWQ9IjQ5MDAiPm1pZW1icm9zPC9hPiB1c2FuZG8gZWwgYm90w7NuICJlc2NhbmVhciIgZW4gdW5hIGNhcnBldGEgZGUgPGEgaHJlZj0iaHR0cHM6Ly93d3cua2FuYW5hcy5jb20vZXMvZG9jdW1lbnRhdGlvbi9wbGFuaWZpY2FjaW9uL2FjdGl2aWRhZGVzLyIgZGF0YS10eXBlPSJwYWdlIiBkYXRhLWlkPSI0ODgzIj5hY3RpdmlkYWRlczwvYT4uPC9wPncOY29yZS9wYXJhZ3JhcGh5dyQ1YWJhMmY5YS03NGMwLTQ5MDItYWJjMi0yZjQzN2NlY2M2YWR4d1Y8cD5QYXJhIGNhZGEgdGFyamV0YSwgdGVuZHLDoXMgZWwgZXN0YWRvIGRlIHN1IHJlZ2lzdHJvIHBhcmEgbGEgYWN0aXZpZGFkIGVsZWdpZGEuPC9wPncOY29yZS9wYXJhZ3JhcGh5dyQzYTFmOWNlOS0xMmU0LTQ5ZTItYmRjOS1jMGY2NThlYzZlYzl4d6ABPHA+SGFjaWVuZG8gY2xpYyBlbiBlbCBib3TDs24gImFjZXB0YXIiLCBjYW1iaWFyw6FzIGVsIGVzdGFkbyBhICJwcmVzZW50ZSIsIHkgZGUgbWFuZXJhIHNpbWlsYXIsIGhhY2VyIGNsaWMgZW4gInJlY2hhemFyIiBjYW1iaWFyw6EgZWwgZXN0YWRvIGEgInJlY2hhemFkbyIuPC9wPncOY29yZS9wYXJhZ3JhcGh5dyRhNGEwOWU1NS0zMWU5LTQ0MTItOWQyYi1mMzU0ZjE4MTQ0NWF4d48FPGZpZ3VyZSBjbGFzcz0id3AtYmxvY2stdGFibGUiPjx0YWJsZT48dGJvZHk+PHRyPjx0ZD48aW1nIGNsYXNzPSJhbGlnbmNlbnRlciBzaXplLWxhcmdlIHdwLWltYWdlLTMyODAiIHNyYz0iaHR0cDovL3d3dy5rYW5hbmFzLmNvbS93cC1jb250ZW50L3VwbG9hZHMvMjAyMi8wMy9zY2FuLXFyY29kZS0xLTU0MHgxMDI0LnBuZyIgYWx0PSJwYXNlIGFzb2NpYXRpdm8gMSIgd2lkdGg9IjU0MCIgaGVpZ2h0PSIxMDI0Ij48L3RkPjx0ZD48aW1nIGNsYXNzPSJhbGlnbmNlbnRlciBzaXplLWxhcmdlIHdwLWltYWdlLTMyODEiIHNyYz0iaHR0cDovL3d3dy5rYW5hbmFzLmNvbS93cC1jb250ZW50L3VwbG9hZHMvMjAyMi8wMy9zY2FuLXFyY29kZS0yLTU0MHgxMDI0LnBuZyIgYWx0PSJwYXNlIGFzb2NpYXRpdm8gMiIgd2lkdGg9IjU0MCIgaGVpZ2h0PSIxMDI0Ij48L3RkPjx0ZD48aW1nIGNsYXNzPSJhbGlnbmNlbnRlciBzaXplLWxhcmdlIHdwLWltYWdlLTMyODIiIHNyYz0iaHR0cDovL3d3dy5rYW5hbmFzLmNvbS93cC1jb250ZW50L3VwbG9hZHMvMjAyMi8wMy9zY2FuLXFyY29kZS0zLTU1M3gxMDI0LnBuZyIgYWx0PSJwYXNlIGFzb2NpYXRpdm8gMyIgd2lkdGg9IjU1MyIgaGVpZ2h0PSIxMDI0Ij48L3RkPjwvdHI+PC90Ym9keT48L3RhYmxlPjwvZmlndXJlPncKY29yZS90YWJsZXl3AnRkf39\/f3cCdGR\/f39\/dwJ0ZH9\/f39\/f39\/f39\/f39\/f39\/dyQ3ZjQxZjU1Mi00ZWJmLTRkNDMtYjAxMy1mOTc5YTJmNTM4ZTV4d50BPHA+RWwgbWllbWJybyBubyBlc3TDoSBvYmxpZ2FkbyBhIGltcHJpbWlyIHN1IHRhcmpldGE7IHRhbWJpw6luIHB1ZWRlIG1vc3RyYXJ0ZSBlbCBjb3JyZW8gZWxlY3Ryw7NuaWNvIHF1ZSBsZSBlbnZpYXN0ZSBjb24gZWwgY8OzZGlnbyBRUiBlbiBzdSB0ZWzDqWZvbm8uPC9wPncOY29yZS9wYXJhZ3JhcGh5dyRlNGZlNDIxYS0yNmJmLTQzZGQtYTM0Zi0zNjVkNDJhMmExNDd4dzs8aDIgY2xhc3M9IndwLWJsb2NrLWhlYWRpbmciPk5vIE3DoXMgVGFyamV0YXMgZW4gUGFwZWw8L2gyPncMY29yZS9oZWFkaW5nfQJ3JGUxZDM3YjQ3LWE2MWEtNGNlOS05ZmI0LWI3ZDgyNTY1ZDY2Ynh32QI8cD5MYSB0YXJqZXRhIHRhbWJpw6luIHNlIHB1ZWRlIGVzY2FuZWFyIGNvbiBsYSBjw6FtYXJhIGRlIHVuIHRlbMOpZm9ubyBpbnRlbGlnZW50ZSBvIHVuYSB0YWJsZXRhLCB5IGx1ZWdvIG9idGVuZHLDoXMgc3UgdGFyamV0YSBkZSBtZW1icmVzw61hIGNvbiBzdSBmb3RvLCBub21icmUsIGFwZWxsaWRvIHkgZXN0YWRvIChyZWdpc3RybyBlbiBwcm9ncmVzbywgYWN0aXZvLCBlbGltaW5hZG8sIGV0Yy4pLiBOb3RhOiBjYWRhIG1pZW1icm8gdGFtYmnDqW4gcHVlZGUgYWNjZWRlciBhIHN1IGPDs2RpZ28gUVIgYSB0cmF2w6lzIGRlIHN1IGVzcGFjaW8gcGVyc29uYWwgKG1lbsO6IG1pIHRhcmpldGEpLjwvcD53DmNvcmUvcGFyYWdyYXBoeXckYmY4NjQwOTktOWQ3ZC00MmRlLWI4YjEtYzc0Y2IyOWE1NWU5eHfhAjxmaWd1cmUgY2xhc3M9IndwLWJsb2NrLWltYWdlIGFsaWduY2VudGVyIj48aW1nIHNyYz0iaHR0cHM6Ly93d3cua2FuYW5hcy5jb20vd3AtY29udGVudC91cGxvYWRzLzIwMjIvMDkvU2NyZWVuc2hvdC0yMDIyLTA5LTA5LWF0LTE4LTU4LTM2LUhvbW1lLXV0aWxpc2FudC1sZS10ZcyBbGXMgXBob25lLXNjYW5uYW50LWxlLWNvZGUtUVItc3VyLWxlLXRlzIFsZcyBcGhvbmUtY2VsbHVsYWlyZS1pbnRlzIFyaWV1ci1jb3VydC1QaG90by1TdG9jay1BbGFteS0zMDB4MTg4LnBuZyIgYWx0PSJFc2NhbmVhciBUYXJqZXRhIGRlIE1pZW1icm8gY29uIEPDs2RpZ28gUVIiIGNsYXNzPSJ3cC1pbWFnZS0zOTQ5Ii8+PC9maWd1cmU+dwpjb3JlL2ltYWdld9kBaHR0cHM6Ly93d3cua2FuYW5hcy5jb20vd3AtY29udGVudC91cGxvYWRzLzIwMjIvMDkvU2NyZWVuc2hvdC0yMDIyLTA5LTA5LWF0LTE4LTU4LTM2LUhvbW1lLXV0aWxpc2FudC1sZS10ZcyBbGXMgXBob25lLXNjYW5uYW50LWxlLWNvZGUtUVItc3VyLWxlLXRlzIFsZcyBcGhvbmUtY2VsbHVsYWlyZS1pbnRlzIFyaWV1ci1jb3VydC1QaG90by1TdG9jay1BbGFteS0zMDB4MTg4LnBuZ3cqRXNjYW5lYXIgVGFyamV0YSBkZSBNaWVtYnJvIGNvbiBDw7NkaWdvIFFSfa09dwZjZW50ZXJ3JDFjZmE2ZTY4LWM1ZDItNGU1Ny1hMmQ5LTNjMDIzYmRjYzkzN3h3hwI8ZmlndXJlIGNsYXNzPSJ3cC1ibG9jay10YWJsZSI+PHRhYmxlPjx0Ym9keT48dHI+PHRkPjxpbWcgc3JjPSJodHRwczovL3d3dy5rYW5hbmFzLmNvbS93cC1jb250ZW50L3VwbG9hZHMvMjAyMi8wOS9JTUdfMTkyOS5qcGVnIiBhbHQ9InRhcmpldGEgZGUgbWVtYnJlc8OtYSBkZSBsYSBhc29jaWFjacOzbiBlbiB1biB0ZWzDqWZvbm8gaW50ZWxpZ2VudGUiIHdpZHRoPSIyNzciIGhlaWdodD0iNjAwIj48L3RkPjwvdHI+PC90Ym9keT48L3RhYmxlPjwvZmlndXJlPncKY29yZS90YWJsZXl3AnRkf39\/f39\/f39\/f39\/f39\/f393JDMzNWY5NjVhLTNkN2MtNDkzZC04NmQwLTQ4MTdkMTNmMzg4Mnh3PTxwPlBhcmEgb2J0ZW5lciBtw6FzIGluZm9ybWFjacOzbiBzb2JyZSBsYSBwbGFuaWZpY2FjacOzbjwvcD53DmNvcmUvcGFyYWdyYXBoeXckN2I4M2ZjYzEtMDE2My00MDZmLWE0YWEtOTBlMWFkOGQzMjcweHcAdw5jb3JlL3BhZ2UtbGlzdH2MTHl7Qnnhfb\/TcAB9nMyg6w93JDlmYTY0MGE5LTE1NGYtNDhmMC04MThlLTVmNzgzNzQ5NzU1MXh3DmNvcmUvcGFyYWdyYXBoeXckOWZhNjQwYTktMTU0Zi00OGYwLTgxOGUtNWY3ODM3NDk3NTUxdyQ4ZWNlMDFiZS0xODBjLTQ1MjYtYjJlNS00YjUyNmYxZDgyNmF39AE8cD5HcmFjaWFzIGEgbGFzIDxhIGhyZWY9Imh0dHBzOi8vd3d3LmthbmFuYXMuY29tL2VzL2RvY3VtZW50YXRpb24vbWllbWJyb3MvYWZpbGlhY2lvbi9pbXByaW1pci10YXJqZXRhcy1kZS1tZW1icmVzaWEvIiBkYXRhLXR5cGU9InBhZ2UiIGRhdGEtaWQ9IjQ5MDIiPnRhcmpldGFzIGRlIG1lbWJyZXPDrWE8L2E+IGNyZWFkYXMgZW4gS2FuYW5hcywgdGllbmVzIHVuIGPDs2RpZ28gUVIgw7puaWNvIHBvciByZWdpc3Ryby48L3A+dyQwNDYyMzY4YS04NTJhLTQwYTktYmQ1Yi1iMjBlMmFkMjRjZGR3AHcUYmNuL2JyZWFkY3J1bWItdHJhaWx3AHcTYnJlYWRjcnVtYmxpc3RfcmRmYXh5eXh3AHcAdwB3AHcAdQB3JDc4NGQzZGFiLThhNGUtNDUyOC1iODVjLTRhYmUxNjA0N2QyNnh3SjxkaXYgc3R5bGU9ImhlaWdodDozMHB4IiBhcmlhLWhpZGRlbj0idHJ1ZSIgY2xhc3M9IndwLWJsb2NrLXNwYWNlciI+PC9kaXY+dwtjb3JlL3NwYWNlcncEMzBweAGcptD1BwXAHQABAQHrAYYRAAYA\",\"updateId\":537766898}","footnotes":""},"class_list":["post-4768","page","type-page","status-publish"],"aioseo_notices":[],"_links":{"self":[{"href":"https:\/\/www.kananas.com\/es\/wp-json\/wp\/v2\/pages\/4768","targetHints":{"allow":["GET"]}}],"collection":[{"href":"https:\/\/www.kananas.com\/es\/wp-json\/wp\/v2\/pages"}],"about":[{"href":"https:\/\/www.kananas.com\/es\/wp-json\/wp\/v2\/types\/page"}],"author":[{"embeddable":true,"href":"https:\/\/www.kananas.com\/es\/wp-json\/wp\/v2\/users\/1"}],"replies":[{"embeddable":true,"href":"https:\/\/www.kananas.com\/es\/wp-json\/wp\/v2\/comments?post=4768"}],"version-history":[{"count":6,"href":"https:\/\/www.kananas.com\/es\/wp-json\/wp\/v2\/pages\/4768\/revisions"}],"predecessor-version":[{"id":6640,"href":"https:\/\/www.kananas.com\/es\/wp-json\/wp\/v2\/pages\/4768\/revisions\/6640"}],"up":[{"embeddable":true,"href":"https:\/\/www.kananas.com\/es\/wp-json\/wp\/v2\/pages\/4876"}],"wp:attachment":[{"href":"https:\/\/www.kananas.com\/es\/wp-json\/wp\/v2\/media?parent=4768"}],"curies":[{"name":"wp","href":"https:\/\/api.w.org\/{rel}","templated":true}]}}