{"id":4776,"date":"2021-03-30T14:06:50","date_gmt":"2021-03-30T12:06:50","guid":{"rendered":"https:\/\/www.kananas.com\/es\/documentation-9\/communication\/surveys\/"},"modified":"2024-12-05T19:06:01","modified_gmt":"2024-12-05T17:06:01","slug":"encuestas-y-votaciones","status":"publish","type":"page","link":"https:\/\/www.kananas.com\/es\/documentation\/comunicacion\/encuestas-y-votaciones\/","title":{"rendered":"Encuestas y votaciones: formularios"},"content":{"rendered":"\n<p class=\"wp-block-paragraph\">Kananas le ofrece utilizar <strong>formularios en l\u00ednea<\/strong> que ofrecen numerosas ventajas para una asociaci\u00f3n que desee enviar cuestionarios, realizar encuestas o organizar votaciones.<\/p>\n\n\n\n<h3 class=\"wp-block-heading\">Ejemplos de uso<\/h3>\n\n\n\n<p class=\"wp-block-paragraph\"><strong>Cuestionarios de satisfacci\u00f3n<\/strong> despu\u00e9s de eventos o talleres.<br><strong>Encuestas<\/strong> para definir prioridades o recopilar ideas de los miembros.<br><strong>Votaciones electr\u00f3nicas<\/strong> para decisiones importantes o asambleas generales.<br><strong>Encuestas<\/strong> de inter\u00e9s para proyectos futuros (viajes, formaciones, actividades).<\/p>\n\n\n<div class=\"wp-block-image\">\n<figure class=\"aligncenter size-large\"><img decoding=\"async\" src=\"https:\/\/www.kananas.com\/wp-content\/uploads\/2024\/11\/Screenshot-2024-11-27-at-16-42-54-SOA-club-1024x216.png\" alt=\"\" class=\"wp-image-7680\"\/><\/figure>\n<\/div>\n\n\n<h3 class=\"wp-block-heading\">Principales intereses<\/h3>\n\n\n\n<p class=\"wp-block-paragraph\">1. Ahorro de tiempo y simplicidad<\/p>\n\n\n\n<ul class=\"wp-block-list\">\n<li><strong>Creaci\u00f3n r\u00e1pida<\/strong>: Los formularios en l\u00ednea de Kananas permiten dise\u00f1ar encuestas o boletines de votaci\u00f3n f\u00e1cilmente.<\/li>\n\n\n\n<li><strong>Automatizaci\u00f3n<\/strong>: Las respuestas se recopilan y centralizan instant\u00e1neamente, lo que evita la entrada manual y reduce los errores.<\/li>\n<\/ul>\n\n\n\n<p class=\"wp-block-paragraph\">2. Accesibilidad y seguridad<\/p>\n\n\n\n<ul class=\"wp-block-list\">\n<li><strong>Participaci\u00f3n simplificada<\/strong>: Los miembros pueden responder desde cualquier lugar, ya sea en su ordenador, tableta o tel\u00e9fono m\u00f3vil.<\/li>\n\n\n\n<li><strong>Disponibilidad 24\/7<\/strong>: No hay restricciones de horario o desplazamiento para los participantes.<\/li>\n\n\n\n<li><strong>Sistema anti fraude<\/strong>: Identificaci\u00f3n del votante, solo se puede votar una vez.<\/li>\n<\/ul>\n\n\n\n<p class=\"wp-block-paragraph\">3. Ahorros<\/p>\n\n\n\n<ul class=\"wp-block-list\">\n<li><strong>Reducci\u00f3n de costos<\/strong>: Ya no es necesario imprimir documentos ni enviar correspondencia postal.<\/li>\n\n\n\n<li><strong>Optimizaci\u00f3n de los recursos humanos<\/strong>: Menos tareas administrativas para el equipo.<\/li>\n<\/ul>\n\n\n\n<div style=\"height:30px\" aria-hidden=\"true\" class=\"wp-block-spacer\"><\/div>\n\n\n\n<h3 class=\"wp-block-heading\">Creaci\u00f3n del formulario<\/h3>\n\n\n\n<p class=\"wp-block-paragraph\">Sus formularios est\u00e1n disponibles a trav\u00e9s del men\u00fa Comunicar\/Formularios.<\/p>\n\n\n<div class=\"wp-block-image\">\n<figure class=\"aligncenter size-large\"><img loading=\"lazy\" decoding=\"async\" width=\"1024\" height=\"645\" src=\"https:\/\/www.kananas.com\/es\/wp-content\/uploads\/sites\/2143\/2024\/12\/Screenshot-2024-12-02-at-17-00-43-SOA-club-Configuracion-_-Formularios-1024x645.png\" alt=\"\" class=\"wp-image-5787\" srcset=\"https:\/\/www.kananas.com\/es\/wp-content\/uploads\/sites\/2143\/2024\/12\/Screenshot-2024-12-02-at-17-00-43-SOA-club-Configuracion-_-Formularios-1024x645.png 1024w, https:\/\/www.kananas.com\/es\/wp-content\/uploads\/sites\/2143\/2024\/12\/Screenshot-2024-12-02-at-17-00-43-SOA-club-Configuracion-_-Formularios-300x189.png 300w, https:\/\/www.kananas.com\/es\/wp-content\/uploads\/sites\/2143\/2024\/12\/Screenshot-2024-12-02-at-17-00-43-SOA-club-Configuracion-_-Formularios-768x484.png 768w, https:\/\/www.kananas.com\/es\/wp-content\/uploads\/sites\/2143\/2024\/12\/Screenshot-2024-12-02-at-17-00-43-SOA-club-Configuracion-_-Formularios-1536x967.png 1536w, https:\/\/www.kananas.com\/es\/wp-content\/uploads\/sites\/2143\/2024\/12\/Screenshot-2024-12-02-at-17-00-43-SOA-club-Configuracion-_-Formularios-2048x1289.png 2048w\" sizes=\"auto, (max-width: 1024px) 100vw, 1024px\" \/><\/figure>\n<\/div>\n\n<div class=\"wp-block-image\">\n<figure class=\"aligncenter size-large\"><img loading=\"lazy\" decoding=\"async\" width=\"1024\" height=\"645\" src=\"https:\/\/www.kananas.com\/es\/wp-content\/uploads\/sites\/2143\/2024\/12\/Screenshot-2024-12-02-at-17-00-08-SOA-club-1024x645.png\" alt=\"\" class=\"wp-image-5788\" srcset=\"https:\/\/www.kananas.com\/es\/wp-content\/uploads\/sites\/2143\/2024\/12\/Screenshot-2024-12-02-at-17-00-08-SOA-club-1024x645.png 1024w, https:\/\/www.kananas.com\/es\/wp-content\/uploads\/sites\/2143\/2024\/12\/Screenshot-2024-12-02-at-17-00-08-SOA-club-300x189.png 300w, https:\/\/www.kananas.com\/es\/wp-content\/uploads\/sites\/2143\/2024\/12\/Screenshot-2024-12-02-at-17-00-08-SOA-club-768x484.png 768w, https:\/\/www.kananas.com\/es\/wp-content\/uploads\/sites\/2143\/2024\/12\/Screenshot-2024-12-02-at-17-00-08-SOA-club-1536x967.png 1536w, https:\/\/www.kananas.com\/es\/wp-content\/uploads\/sites\/2143\/2024\/12\/Screenshot-2024-12-02-at-17-00-08-SOA-club-2048x1289.png 2048w\" sizes=\"auto, (max-width: 1024px) 100vw, 1024px\" \/><\/figure>\n<\/div>\n\n\n<div style=\"height:20px\" aria-hidden=\"true\" class=\"wp-block-spacer\"><\/div>\n\n\n\n<p class=\"roundDiv has-base-background-color has-background wp-block-paragraph\">Respuesta an\u00f3nima : Si selecciona la opci\u00f3n Resultado an\u00f3nimo, no se revelar\u00e1 el nombre de la persona que respondi\u00f3. En caso contrario, el nombre se indicar\u00e1 en la pesta\u00f1a de resultados y el cuestionario cumplimentado estar\u00e1 disponible para su consulta en los documentos del expediente de la persona (pesta\u00f1a contacto\/documentos). Esta segunda soluci\u00f3n es ideal si deseas recopilar informaci\u00f3n personal, la primera es preferida para realizar una votaci\u00f3n o una encuesta.<\/p>\n\n\n\n<div style=\"height:20px\" aria-hidden=\"true\" class=\"wp-block-spacer\"><\/div>\n\n\n\n<p class=\"wp-block-paragraph\">Utilice los botones de la derecha para agregar preguntas o texto a su formulario.<\/p>\n\n\n\n<div class=\"wp-block-columns is-layout-flex wp-container-core-columns-is-layout-8f761849 wp-block-columns-is-layout-flex\">\n<div class=\"wp-block-column is-layout-flow wp-block-column-is-layout-flow\" style=\"flex-basis:66.66%\">\n<ul class=\"wp-block-list\">\n<li><strong>Grupo de casillas de verificaci\u00f3n<\/strong>: inserta una lista de opciones en forma de casillas de verificaci\u00f3n, se pueden seleccionar varias opciones.<\/li>\n\n\n\n<li><strong>Campo de fecha<\/strong>: inserta un campo para ingresar una fecha.<\/li>\n\n\n\n<li><strong>Encabezado<\/strong>: inserta un t\u00edtulo grande.<\/li>\n\n\n\n<li><strong>N\u00famero<\/strong>: inserta un campo para ingresar un n\u00famero con botones para incrementarlo\/decrementarlo.<\/li>\n\n\n\n<li><strong>P\u00e1rrafo<\/strong>: inserta un bloque de texto.<\/li>\n\n\n\n<li><strong>Grupo de botones de opci\u00f3n<\/strong>: inserta un campo similar al grupo de casillas de verificaci\u00f3n, pero donde solo se puede seleccionar una opci\u00f3n.<\/li>\n\n\n\n<li><strong>Seleccionar<\/strong>: inserta una lista desplegable con la opci\u00f3n de habilitar o no la selecci\u00f3n m\u00faltiple.<\/li>\n\n\n\n<li><strong>Campo de texto<\/strong>: inserta un campo para ingresar texto.<\/li>\n\n\n\n<li><strong>\u00c1rea de texto<\/strong>: inserta un campo de texto de varias l\u00edneas.<\/li>\n<\/ul>\n<\/div>\n\n\n\n<div class=\"wp-block-column is-layout-flow wp-block-column-is-layout-flow\" style=\"flex-basis:33.33%\">\n<figure class=\"wp-block-image size-full\"><img loading=\"lazy\" decoding=\"async\" width=\"382\" height=\"772\" src=\"https:\/\/www.kananas.com\/es\/wp-content\/uploads\/sites\/2143\/2024\/12\/Screenshot-2024-12-02-at-17-01-09-SOA-club.png\" alt=\"\" class=\"wp-image-5790\" srcset=\"https:\/\/www.kananas.com\/es\/wp-content\/uploads\/sites\/2143\/2024\/12\/Screenshot-2024-12-02-at-17-01-09-SOA-club.png 382w, https:\/\/www.kananas.com\/es\/wp-content\/uploads\/sites\/2143\/2024\/12\/Screenshot-2024-12-02-at-17-01-09-SOA-club-148x300.png 148w\" sizes=\"auto, (max-width: 382px) 100vw, 382px\" \/><\/figure>\n<\/div>\n<\/div>\n\n\n\n<div style=\"height:30px\" aria-hidden=\"true\" class=\"wp-block-spacer\"><\/div>\n\n\n\n<p class=\"wp-block-paragraph\">Al pasar el rat\u00f3n sobre un bloque del formulario y hacer clic en el \u00edcono de l\u00e1piz, se entra en el modo de edici\u00f3n.<\/p>\n\n\n<div class=\"wp-block-image\">\n<figure class=\"aligncenter size-large\"><img loading=\"lazy\" decoding=\"async\" width=\"1024\" height=\"645\" src=\"https:\/\/www.kananas.com\/es\/wp-content\/uploads\/sites\/2143\/2024\/12\/Screenshot-2024-12-02-at-17-01-48-SOA-club-1024x645.png\" alt=\"\" class=\"wp-image-5791\" srcset=\"https:\/\/www.kananas.com\/es\/wp-content\/uploads\/sites\/2143\/2024\/12\/Screenshot-2024-12-02-at-17-01-48-SOA-club-1024x645.png 1024w, https:\/\/www.kananas.com\/es\/wp-content\/uploads\/sites\/2143\/2024\/12\/Screenshot-2024-12-02-at-17-01-48-SOA-club-300x189.png 300w, https:\/\/www.kananas.com\/es\/wp-content\/uploads\/sites\/2143\/2024\/12\/Screenshot-2024-12-02-at-17-01-48-SOA-club-768x484.png 768w, https:\/\/www.kananas.com\/es\/wp-content\/uploads\/sites\/2143\/2024\/12\/Screenshot-2024-12-02-at-17-01-48-SOA-club-1536x967.png 1536w, https:\/\/www.kananas.com\/es\/wp-content\/uploads\/sites\/2143\/2024\/12\/Screenshot-2024-12-02-at-17-01-48-SOA-club-2048x1289.png 2048w\" sizes=\"auto, (max-width: 1024px) 100vw, 1024px\" \/><\/figure>\n<\/div>\n\n\n<p class=\"wp-block-paragraph\">Para visualizar el resultado, utilice el bot\u00f3n Vista previa (despu\u00e9s de guardar).<\/p>\n\n\n\n<div style=\"height:30px\" aria-hidden=\"true\" class=\"wp-block-spacer\"><\/div>\n\n\n\n<h3 class=\"wp-block-heading\">Env\u00edo del formulario<\/h3>\n\n\n\n<p class=\"wp-block-paragraph\">2 formas de enviar el formulario a las personas que desea consultar:<\/p>\n\n\n\n<ul class=\"wp-block-list\">\n<li>Desde el formulario: haga clic en el bot\u00f3n <strong>Enviar<\/strong> y seleccione sus destinatarios.<\/li>\n\n\n\n<li>Desde la lista de contactos: seleccione sus destinatarios y use la acci\u00f3n \u00ab\u00a0enviar un formulario\u00a0\u00bb.<\/li>\n<\/ul>\n\n\n<div class=\"wp-block-image\">\n<figure class=\"aligncenter size-large\"><img loading=\"lazy\" decoding=\"async\" width=\"1024\" height=\"645\" src=\"https:\/\/www.kananas.com\/es\/wp-content\/uploads\/sites\/2143\/2024\/12\/Screenshot-2024-12-02-at-17-02-23-SOA-club-Contacto-1024x645.png\" alt=\"\" class=\"wp-image-5792\" srcset=\"https:\/\/www.kananas.com\/es\/wp-content\/uploads\/sites\/2143\/2024\/12\/Screenshot-2024-12-02-at-17-02-23-SOA-club-Contacto-1024x645.png 1024w, https:\/\/www.kananas.com\/es\/wp-content\/uploads\/sites\/2143\/2024\/12\/Screenshot-2024-12-02-at-17-02-23-SOA-club-Contacto-300x189.png 300w, https:\/\/www.kananas.com\/es\/wp-content\/uploads\/sites\/2143\/2024\/12\/Screenshot-2024-12-02-at-17-02-23-SOA-club-Contacto-768x484.png 768w, https:\/\/www.kananas.com\/es\/wp-content\/uploads\/sites\/2143\/2024\/12\/Screenshot-2024-12-02-at-17-02-23-SOA-club-Contacto-1536x967.png 1536w, https:\/\/www.kananas.com\/es\/wp-content\/uploads\/sites\/2143\/2024\/12\/Screenshot-2024-12-02-at-17-02-23-SOA-club-Contacto-2048x1289.png 2048w\" sizes=\"auto, (max-width: 1024px) 100vw, 1024px\" \/><\/figure>\n<\/div>\n\n\n<p class=\"roundDiv has-base-background-color has-background wp-block-paragraph\">Cuidado de no elegir una muestra demasiado peque\u00f1a, ya que su encuesta no ser\u00e1 significativa.<\/p>\n\n\n\n<p class=\"wp-block-paragraph\">Los destinatarios reciben un correo con un enlace \u00fanico para responder al formulario:<\/p>\n\n\n<div class=\"wp-block-image\">\n<figure class=\"aligncenter size-large\"><img loading=\"lazy\" decoding=\"async\" width=\"1024\" height=\"937\" src=\"https:\/\/www.kananas.com\/es\/wp-content\/uploads\/sites\/2143\/2024\/12\/Screenshot-2024-12-02-at-17-03-35-Administrador-de-asociacion-1024x937.png\" alt=\"\" class=\"wp-image-5793\" srcset=\"https:\/\/www.kananas.com\/es\/wp-content\/uploads\/sites\/2143\/2024\/12\/Screenshot-2024-12-02-at-17-03-35-Administrador-de-asociacion-1024x937.png 1024w, https:\/\/www.kananas.com\/es\/wp-content\/uploads\/sites\/2143\/2024\/12\/Screenshot-2024-12-02-at-17-03-35-Administrador-de-asociacion-300x275.png 300w, https:\/\/www.kananas.com\/es\/wp-content\/uploads\/sites\/2143\/2024\/12\/Screenshot-2024-12-02-at-17-03-35-Administrador-de-asociacion-768x703.png 768w, https:\/\/www.kananas.com\/es\/wp-content\/uploads\/sites\/2143\/2024\/12\/Screenshot-2024-12-02-at-17-03-35-Administrador-de-asociacion-1536x1406.png 1536w, https:\/\/www.kananas.com\/es\/wp-content\/uploads\/sites\/2143\/2024\/12\/Screenshot-2024-12-02-at-17-03-35-Administrador-de-asociacion-2048x1875.png 2048w\" sizes=\"auto, (max-width: 1024px) 100vw, 1024px\" \/><\/figure>\n<\/div>\n\n\n<p class=\"roundDiv has-base-background-color has-background wp-block-paragraph\">Antifraude: el enlace enviado es \u00fanico, una vez que se ingresan las respuestas y se guarda el formulario, no es posible realizar la acci\u00f3n nuevamente.<\/p>\n\n\n\n<div style=\"height:30px\" aria-hidden=\"true\" class=\"wp-block-spacer\"><\/div>\n\n\n\n<h3 class=\"wp-block-heading\">An\u00e1lisis de los resultados<\/h3>\n\n\n\n<p class=\"wp-block-paragraph\">La pesta\u00f1a <strong>Resultado<\/strong> del formulario le permite consultar en tiempo real los resultados de su consulta en forma de gr\u00e1fico y en forma de lista detallada.<\/p>\n\n\n<div class=\"wp-block-image\">\n<figure class=\"aligncenter size-large\"><img loading=\"lazy\" decoding=\"async\" width=\"1024\" height=\"638\" src=\"https:\/\/www.kananas.com\/es\/wp-content\/uploads\/sites\/2143\/2024\/12\/Screenshot-2024-12-02-at-17-07-13-SOA-club-1024x638.png\" alt=\"\" class=\"wp-image-5794\" srcset=\"https:\/\/www.kananas.com\/es\/wp-content\/uploads\/sites\/2143\/2024\/12\/Screenshot-2024-12-02-at-17-07-13-SOA-club-1024x638.png 1024w, https:\/\/www.kananas.com\/es\/wp-content\/uploads\/sites\/2143\/2024\/12\/Screenshot-2024-12-02-at-17-07-13-SOA-club-300x187.png 300w, https:\/\/www.kananas.com\/es\/wp-content\/uploads\/sites\/2143\/2024\/12\/Screenshot-2024-12-02-at-17-07-13-SOA-club-768x479.png 768w, https:\/\/www.kananas.com\/es\/wp-content\/uploads\/sites\/2143\/2024\/12\/Screenshot-2024-12-02-at-17-07-13-SOA-club-1536x958.png 1536w, https:\/\/www.kananas.com\/es\/wp-content\/uploads\/sites\/2143\/2024\/12\/Screenshot-2024-12-02-at-17-07-13-SOA-club-2048x1277.png 2048w\" sizes=\"auto, (max-width: 1024px) 100vw, 1024px\" \/><\/figure>\n<\/div>\n\n<div class=\"wp-block-image\">\n<figure class=\"aligncenter size-large\"><img loading=\"lazy\" decoding=\"async\" width=\"1024\" height=\"638\" src=\"https:\/\/www.kananas.com\/es\/wp-content\/uploads\/sites\/2143\/2024\/12\/Screenshot-2024-12-02-at-17-07-23-SOA-club-1024x638.png\" alt=\"\" class=\"wp-image-5795\" srcset=\"https:\/\/www.kananas.com\/es\/wp-content\/uploads\/sites\/2143\/2024\/12\/Screenshot-2024-12-02-at-17-07-23-SOA-club-1024x638.png 1024w, https:\/\/www.kananas.com\/es\/wp-content\/uploads\/sites\/2143\/2024\/12\/Screenshot-2024-12-02-at-17-07-23-SOA-club-300x187.png 300w, https:\/\/www.kananas.com\/es\/wp-content\/uploads\/sites\/2143\/2024\/12\/Screenshot-2024-12-02-at-17-07-23-SOA-club-768x479.png 768w, https:\/\/www.kananas.com\/es\/wp-content\/uploads\/sites\/2143\/2024\/12\/Screenshot-2024-12-02-at-17-07-23-SOA-club-1536x958.png 1536w, https:\/\/www.kananas.com\/es\/wp-content\/uploads\/sites\/2143\/2024\/12\/Screenshot-2024-12-02-at-17-07-23-SOA-club-2048x1277.png 2048w\" sizes=\"auto, (max-width: 1024px) 100vw, 1024px\" \/><\/figure>\n<\/div>\n\n\n<div style=\"height:30px\" aria-hidden=\"true\" class=\"wp-block-spacer\"><\/div>\n\n\n\n<p class=\"roundDiv has-base-background-color has-background wp-block-paragraph\"><strong>Pruebe<\/strong> su encuesta antes de enviarla. No hay nada m\u00e1s frustrante que darse cuenta, despu\u00e9s de enviar la encuesta, que falta una pregunta o una opci\u00f3n de respuesta importante. Env\u00edese el formulario, pru\u00e9belo y, cuando est\u00e9 satisfecho, haga clic en el bot\u00f3n <strong>Eliminar los resultados<\/strong> para no alterar las respuestas.<\/p>\n\n\n\n<div style=\"height:20px\" aria-hidden=\"true\" class=\"wp-block-spacer\"><\/div>\n\n\n\n<p class=\"wp-block-paragraph\">Para obtener m\u00e1s informaci\u00f3n sobre las funciones de comunicaci\u00f3n de Kananas:<\/p>\n\n\n<ul class=\"wp-block-page-list\"><li class=\"wp-block-pages-list__item\"><a class=\"wp-block-pages-list__item__link\" href=\"https:\/\/www.kananas.com\/es\/documentation\/comunicacion\/envio\/\">Env\u00edo<\/a><\/li><li class=\"wp-block-pages-list__item\"><a class=\"wp-block-pages-list__item__link\" href=\"https:\/\/www.kananas.com\/es\/documentation\/comunicacion\/unificacion-de-correo\/\">Unificaci\u00f3n de correo<\/a><\/li><li class=\"wp-block-pages-list__item\"><a class=\"wp-block-pages-list__item__link\" href=\"https:\/\/www.kananas.com\/es\/documentation\/comunicacion\/sms\/\">Sms<\/a><\/li><li class=\"wp-block-pages-list__item\"><a class=\"wp-block-pages-list__item__link\" href=\"https:\/\/www.kananas.com\/es\/documentation\/comunicacion\/charlar\/\">Charlar<\/a><\/li><li class=\"wp-block-pages-list__item\"><a class=\"wp-block-pages-list__item__link\" href=\"https:\/\/www.kananas.com\/es\/documentation\/comunicacion\/correos-electronicos-automaticos\/\">Correos electr\u00f3nicos autom\u00e1ticos<\/a><\/li><li class=\"wp-block-pages-list__item\"><a class=\"wp-block-pages-list__item__link\" href=\"https:\/\/www.kananas.com\/es\/documentation\/comunicacion\/encuestas-y-votaciones\/\">Encuestas y votaciones: formularios<\/a><\/li><li class=\"wp-block-pages-list__item\"><a class=\"wp-block-pages-list__item__link\" href=\"https:\/\/www.kananas.com\/es\/documentation\/comunicacion\/whatsapp\/\">WhatsApp<\/a><\/li><\/ul>","protected":false},"excerpt":{"rendered":"<p>Kananas le ofrece utilizar formularios en l\u00ednea que ofrecen numerosas ventajas para una asociaci\u00f3n que desee enviar cuestionarios, realizar encuestas o organizar votaciones. Ejemplos de uso Cuestionarios de satisfacci\u00f3n despu\u00e9s de eventos o talleres.Encuestas para definir prioridades o recopilar ideas de los miembros.Votaciones electr\u00f3nicas para decisiones importantes o asambleas generales.Encuestas de inter\u00e9s para proyectos futuros &#8230; <a title=\"Encuestas y votaciones: formularios\" class=\"read-more\" href=\"https:\/\/www.kananas.com\/es\/documentation\/comunicacion\/encuestas-y-votaciones\/\" aria-label=\"En savoir plus sur Encuestas y votaciones: formularios\">Lire la suite<\/a><\/p>\n","protected":false},"author":1,"featured_media":0,"parent":4890,"menu_order":5,"comment_status":"closed","ping_status":"closed","template":"","meta":{"_crdt_document":"","footnotes":""},"class_list":["post-4776","page","type-page","status-publish"],"aioseo_notices":[],"_links":{"self":[{"href":"https:\/\/www.kananas.com\/es\/wp-json\/wp\/v2\/pages\/4776","targetHints":{"allow":["GET"]}}],"collection":[{"href":"https:\/\/www.kananas.com\/es\/wp-json\/wp\/v2\/pages"}],"about":[{"href":"https:\/\/www.kananas.com\/es\/wp-json\/wp\/v2\/types\/page"}],"author":[{"embeddable":true,"href":"https:\/\/www.kananas.com\/es\/wp-json\/wp\/v2\/users\/1"}],"replies":[{"embeddable":true,"href":"https:\/\/www.kananas.com\/es\/wp-json\/wp\/v2\/comments?post=4776"}],"version-history":[{"count":6,"href":"https:\/\/www.kananas.com\/es\/wp-json\/wp\/v2\/pages\/4776\/revisions"}],"predecessor-version":[{"id":5800,"href":"https:\/\/www.kananas.com\/es\/wp-json\/wp\/v2\/pages\/4776\/revisions\/5800"}],"up":[{"embeddable":true,"href":"https:\/\/www.kananas.com\/es\/wp-json\/wp\/v2\/pages\/4890"}],"wp:attachment":[{"href":"https:\/\/www.kananas.com\/es\/wp-json\/wp\/v2\/media?parent=4776"}],"curies":[{"name":"wp","href":"https:\/\/api.w.org\/{rel}","templated":true}]}}