{"id":4783,"date":"2020-08-27T15:05:48","date_gmt":"2020-08-27T13:05:48","guid":{"rendered":"https:\/\/www.kananas.com\/es\/documentation-11\/members\/membership\/contactless-membership\/"},"modified":"2026-05-11T18:14:43","modified_gmt":"2026-05-11T16:14:43","slug":"membresia-sin-contacto","status":"publish","type":"page","link":"https:\/\/www.kananas.com\/es\/documentation\/miembros\/afiliacion\/membresia-sin-contacto\/","title":{"rendered":"Membres\u00eda sin contacto"},"content":{"rendered":"<div class=\"breadcrumbs align  wp-block-bcn-breadcrumb-trail has-text-color has-background\" vocab=\"https:\/\/schema.org\/\" typeof=\"BreadcrumbList\">\n\t<span><\/span>\n\t<span property=\"itemListElement\" typeof=\"ListItem\"><a property=\"item\" typeof=\"WebPage\" title=\"Aller \u00e0 kananas.\" href=\"https:\/\/www.kananas.com\/es\" class=\"home\" aria-current=\"page\"><span property=\"name\">kananas<\/span><\/a><meta property=\"position\" content=\"1\"><\/span><\/div>\n\n\n\n<div style=\"height:30px\" aria-hidden=\"true\" class=\"wp-block-spacer\"><\/div>\n\n\n\n<p class=\"wp-block-paragraph\">No m\u00e1s cheques y formularios en papel, con Kananas puedes automatizar la gesti\u00f3n de tus membres\u00edas.<\/p>\n\n\n\n<p class=\"wp-block-paragraph\">Con la gesti\u00f3n autom\u00e1tica de las contribuciones, el miembro podr\u00e1 elegir su nivel de membres\u00eda y pagar en l\u00ednea durante su primera solicitud de membres\u00eda, o se le invitar\u00e1 a renovarla cuando su contribuci\u00f3n haya caducado (correo electr\u00f3nico + pago en el espacio personal).<\/p>\n\n\n\n<p class=\"wp-block-paragraph\">C\u00f3mo activar la gesti\u00f3n autom\u00e1tica de membres\u00edas:<\/p>\n\n\n\n<ul class=\"wp-block-list\">\n<li>1 \u2013 Define uno o m\u00e1s productos como usados para gestionar la membres\u00eda: men\u00fa \u00ab\u00a0tienda\u00a0\u00bb, luego selecciona el producto y cambia el campo \u00ab\u00a0Usado para la membres\u00eda\u00a0\u00bb = s\u00ed. La posesi\u00f3n de este producto (en la cesta de contacto) ser\u00e1 utilizada por el software para verificar la validez de la membres\u00eda.<\/li>\n\n\n\n<li>2 \u2013 Define niveles de membres\u00eda. En \u00ab\u00a0configuraci\u00f3n en l\u00ednea\/membres\u00eda\u00a0\u00bb, agrega niveles de membres\u00eda. En la definici\u00f3n del nivel, vinc\u00falalo a un producto creado anteriormente. Para forzar el pago en l\u00ednea del producto al momento de la membres\u00eda, configura el campo \u00ab\u00a0Pago en l\u00ednea requerido\u00a0\u00bb en s\u00ed. NB: este paso solo es \u00fatil si deseas activar la membres\u00eda en l\u00ednea.<\/li>\n\n\n\n<li>3 \u2013 Para activar el env\u00edo autom\u00e1tico de un correo electr\u00f3nico cuando la membres\u00eda caduca: men\u00fa \u00ab\u00a0configuraci\u00f3n\/correo electr\u00f3nico autom\u00e1tico\u00a0\u00bb y luego bot\u00f3n \u00ab\u00a0Agregar\u00a0\u00bb. Configura tu correo electr\u00f3nico autom\u00e1tico con un desencadenante = \u00ab\u00a0fin de la membres\u00eda\u00a0\u00bb. En el cuerpo del correo electr\u00f3nico, indica al miembro que puede renovar su membres\u00eda yendo a su espacio personal en la direcci\u00f3n: https:\/\/backoffice.kananas.com<\/li>\n<\/ul>\n\n\n\n<div style=\"height:30px\" aria-hidden=\"true\" class=\"wp-block-spacer\"><\/div>\n\n\n\n<p class=\"wp-block-paragraph\">Para obtener m\u00e1s informaci\u00f3n sobre la gesti\u00f3n de contactos<\/p>\n\n\n<ul class=\"wp-block-page-list\"><li class=\"wp-block-pages-list__item\"><a class=\"wp-block-pages-list__item__link\" href=\"https:\/\/www.kananas.com\/es\/documentation\/miembros\/importacion-de-miembros\/\">Importaci\u00f3n de miembros<\/a><\/li><li class=\"wp-block-pages-list__item\"><a class=\"wp-block-pages-list__item__link\" href=\"https:\/\/www.kananas.com\/es\/documentation\/miembros\/personalizando-carpetas\/\">Personalizando carpetas<\/a><\/li><li class=\"wp-block-pages-list__item\"><a class=\"wp-block-pages-list__item__link\" href=\"https:\/\/www.kananas.com\/es\/documentation\/miembros\/personalizacion-de-vistas\/\">Personalizaci\u00f3n de vistas<\/a><\/li><li class=\"wp-block-pages-list__item has-child\"><a class=\"wp-block-pages-list__item__link\" href=\"https:\/\/www.kananas.com\/es\/documentation\/miembros\/afiliacion\/\">Afiliaci\u00f3n<\/a><ul class=\"wp-block-navigation__submenu-container\"><li class=\"wp-block-pages-list__item \"><a class=\"wp-block-pages-list__item__link\" href=\"https:\/\/www.kananas.com\/es\/documentation\/miembros\/afiliacion\/membresia-sin-contacto\/\">Membres\u00eda sin contacto<\/a><\/li><\/ul><\/li><li class=\"wp-block-pages-list__item\"><a class=\"wp-block-pages-list__item__link\" href=\"https:\/\/www.kananas.com\/es\/documentation\/miembros\/derechos-de-acceso\/\">Derechos de acceso<\/a><\/li><li class=\"wp-block-pages-list__item\"><a class=\"wp-block-pages-list__item__link\" href=\"https:\/\/www.kananas.com\/es\/documentation\/miembros\/carpetas-de-etiquetas\/\">Carpetas de etiquetas<\/a><\/li><li class=\"wp-block-pages-list__item\"><a class=\"wp-block-pages-list__item__link\" href=\"https:\/\/www.kananas.com\/es\/documentation\/miembros\/bolsa\/\">Carrito<\/a><\/li><li class=\"wp-block-pages-list__item\"><a class=\"wp-block-pages-list__item__link\" href=\"https:\/\/www.kananas.com\/es\/documentation\/miembros\/gestion-familiar\/\">Gesti\u00f3n familiar<\/a><\/li><li class=\"wp-block-pages-list__item\"><a class=\"wp-block-pages-list__item__link\" href=\"https:\/\/www.kananas.com\/es\/documentation\/miembros\/notas\/\">Notas<\/a><\/li><li class=\"wp-block-pages-list__item\"><a class=\"wp-block-pages-list__item__link\" href=\"https:\/\/www.kananas.com\/es\/documentation\/miembros\/espacio-personal\/\">Espacio personal<\/a><\/li><li class=\"wp-block-pages-list__item\"><a class=\"wp-block-pages-list__item__link\" href=\"https:\/\/www.kananas.com\/es\/documentation\/miembros\/estadisticas\/\">Estad\u00edsticas<\/a><\/li><li class=\"wp-block-pages-list__item\"><a class=\"wp-block-pages-list__item__link\" href=\"https:\/\/www.kananas.com\/es\/documentation\/miembros\/imprimir-tarjetas-de-membresia\/\">Imprimir tarjetas de membres\u00eda<\/a><\/li><li class=\"wp-block-pages-list__item\"><a class=\"wp-block-pages-list__item__link\" href=\"https:\/\/www.kananas.com\/es\/documentation\/miembros\/donaciones\/\">Donaciones<\/a><\/li><li class=\"wp-block-pages-list__item\"><a class=\"wp-block-pages-list__item__link\" href=\"https:\/\/www.kananas.com\/es\/documentation\/miembros\/pase-asociativo\/\">Pase asociativo<\/a><\/li><li class=\"wp-block-pages-list__item\"><a class=\"wp-block-pages-list__item__link\" href=\"https:\/\/www.kananas.com\/es\/documentation\/miembros\/certificado-medico\/\">Certificado m\u00e9dico<\/a><\/li><\/ul>","protected":false},"excerpt":{"rendered":"<p>No m\u00e1s cheques y formularios en papel, con Kananas puedes automatizar la gesti\u00f3n de tus membres\u00edas. Con la gesti\u00f3n autom\u00e1tica de las contribuciones, el miembro podr\u00e1 elegir su nivel de membres\u00eda y pagar en l\u00ednea durante su primera solicitud de membres\u00eda, o se le invitar\u00e1 a renovarla cuando su contribuci\u00f3n haya caducado (correo electr\u00f3nico + &#8230; <a title=\"Membres\u00eda sin contacto\" class=\"read-more\" href=\"https:\/\/www.kananas.com\/es\/documentation\/miembros\/afiliacion\/membresia-sin-contacto\/\" aria-label=\"En savoir plus sur Membres\u00eda sin contacto\">Lire la suite<\/a><\/p>\n","protected":false},"author":1,"featured_media":0,"parent":4901,"menu_order":0,"comment_status":"closed","ping_status":"closed","template":"","meta":{"_crdt_document":"{\"document\":\"AAAH48iMyR+lAX4ILhADApwStjAEAgECCgJCSgCYAwECCgJCSgCyCAECCgJCSgC0AQECCgEOSi4CAQIKAkwAnAkBAgoCTACoCwECCgJM9BWGIwECCkoAEAECCgJCSgCGAgECCgBK2jOwMwEBCABI7jOwM0IKBvozAwABCUqqNwECCkrKewMCnBIKvkeYMM53AwKcEqMBKAMnAAQAJwAEAIQFJwAoBCcAKAAnAAcAKAMnAQQAKAAnAIcAKAMnAQQAKAAnAIcAKAMnAQQAKAAnAIcAKAMnACgQJwAHACgDJwEEACcAhwAoAycBBAAnAIcAKAMnAQQAJwCHACgDJwAoACcAhwAoAycBBAAoACcAhwAoAycAKAEnACgBxwAoAicBKAAnAKgBKAAEAKgCKAvHACgDJwAoACcAxN8rqipzdGF0ZXZlcnNpb25kb2N1bWVudGRhdGVkb2N1bWVudHNsdWdkb2N1bWVudHN0YXR1c2RvY3VtZW50dGl0bGVNZW1icmVzw61hIHNpbiBjb250YWN0b2RvY3VtZW50Y29udGVudDwhLS0gd3A6cGFyYWdyYXBoIC0tPgo8cD5ObyBtw6FzIGNoZXF1ZXMgeSBmb3JtdWxhcmlvcyBlbiBwYXBlbCwgY29uIEthbmFuYXMgcHVlZGVzIGF1dG9tYXRpemFyIGxhIGdlc3Rpw7NuIGRlIHR1cyBtZW1icmVzw61hcy48L3A+CjwhLS0gL3dwOnBhcmFncmFwaCAtLT4KCjwhLS0gd3A6cGFyYWdyYXBoIC0tPgo8cD5Db24gbGEgZ2VzdGnDs24gYXV0b23DoXRpY2EgZGUgbGFzIGNvbnRyaWJ1Y2lvbmVzLCBlbCBtaWVtYnJvIHBvZHLDoSBlbGVnaXIgc3Ugbml2ZWwgZGUgbWVtYnJlc8OtYSB5IHBhZ2FyIGVuIGzDrW5lYSBkdXJhbnRlIHN1IHByaW1lcmEgc29saWNpdHVkIGRlIG1lbWJyZXPDrWEsIG8gc2UgbGUgaW52aXRhcsOhIGEgcmVub3ZhcmxhIGN1YW5kbyBzdSBjb250cmlidWNpw7NuIGhheWEgY2FkdWNhZG8gKGNvcnJlbyBlbGVjdHLDs25pY28gKyBwYWdvIGVuIGVsIGVzcGFjaW8gcGVyc29uYWwpLjwvcD4KPCEtLSAvd3A6cGFyYWdyYXBoIC0tPgoKPCEtLSB3cDpwYXJhZ3JhcGggLS0+CjxwPkPDs21vIGFjdGl2YXIgbGEgZ2VzdGnDs24gYXV0b23DoXRpY2EgZGUgbWVtYnJlc8OtYXM6PC9wPgo8IS0tIC93cDpwYXJhZ3JhcGggLS0+Cgo8IS0tIHdwOmxpc3QgLS0+Cjx1bD48IS0tIHdwOmxpc3QtaXRlbSAtLT4KPGxpPjEg4oCTIERlZmluZSB1bm8gbyBtw6FzIHByb2R1Y3RvcyBjb21vIHVzYWRvcyBwYXJhIGdlc3Rpb25hciBsYSBtZW1icmVzw61hOiBtZW7DuiAidGllbmRhIiwgbHVlZ28gc2VsZWNjaW9uYSBlbCBwcm9kdWN0byB5IGNhbWJpYSBlbCBjYW1wbyAiVXNhZG8gcGFyYSBsYSBtZW1icmVzw61hIiA9IHPDrS4gTGEgcG9zZXNpw7NuIGRlIGVzdGUgcHJvZHVjdG8gKGVuIGxhIGNlc3RhIGRlIGNvbnRhY3RvKSBzZXLDoSB1dGlsaXphZGEgcG9yIGVsIHNvZnR3YXJlIHBhcmEgdmVyaWZpY2FyIGxhIHZhbGlkZXogZGUgbGEgbWVtYnJlc8OtYS48L2xpPgo8IS0tIC93cDpsaXN0LWl0ZW0gLS0+Cgo8IS0tIHdwOmxpc3QtaXRlbSAtLT4KPGxpPjIg4oCTIERlZmluZSBuaXZlbGVzIGRlIG1lbWJyZXPDrWEuIEVuICJjb25maWd1cmFjacOzbiBlbiBsw61uZWEvbWVtYnJlc8OtYSIsIGFncmVnYSBuaXZlbGVzIGRlIG1lbWJyZXPDrWEuIEVuIGxhIGRlZmluaWNpw7NuIGRlbCBuaXZlbCwgdmluY8O6bGFsbyBhIHVuIHByb2R1Y3RvIGNyZWFkbyBhbnRlcmlvcm1lbnRlLiBQYXJhIGZvcnphciBlbCBwYWdvIGVuIGzDrW5lYSBkZWwgcHJvZHVjdG8gYWwgbW9tZW50byBkZSBsYSBtZW1icmVzw61hLCBjb25maWd1cmEgZWwgY2FtcG8gIlBhZ28gZW4gbMOtbmVhIHJlcXVlcmlkbyIgZW4gc8OtLiBOQjogZXN0ZSBwYXNvIHNvbG8gZXMgw7p0aWwgc2kgZGVzZWFzIGFjdGl2YXIgbGEgbWVtYnJlc8OtYSBlbiBsw61uZWEuPC9saT4KPCEtLSAvd3A6bGlzdC1pdGVtIC0tPgoKPCEtLSB3cDpsaXN0LWl0ZW0gLS0+CjxsaT4zIOKAkyBQYXJhIGFjdGl2YXIgZWwgZW52w61vIGF1dG9tw6F0aWNvIGRlIHVuIGNvcnJlbyBlbGVjdHLDs25pY28gY3VhbmRvIGxhIG1lbWJyZXPDrWEgY2FkdWNhOiBtZW7DuiAiY29uZmlndXJhY2nDs24vY29ycmVvIGVsZWN0csOzbmljbyBhdXRvbcOhdGljbyIgeSBsdWVnbyBib3TDs24gIkFncmVnYXIiLiBDb25maWd1cmEgdHUgY29ycmVvIGVsZWN0csOzbmljbyBhdXRvbcOhdGljbyBjb24gdW4gZGVzZW5jYWRlbmFudGUgPSAiZmluIGRlIGxhIG1lbWJyZXPDrWEiLiBFbiBlbCBjdWVycG8gZGVsIGNvcnJlbyBlbGVjdHLDs25pY28sIGluZGljYSBhbCBtaWVtYnJvIHF1ZSBwdWVkZSByZW5vdmFyIHN1IG1lbWJyZXPDrWEgeWVuZG8gYSBzdSBlc3BhY2lvIHBlcnNvbmFsIGVuIGxhIGRpcmVjY2nDs246IGh0dHBzOi8vYmFja29mZmljZS5rYW5hbmFzLmNvbTwvbGk+CjwhLS0gL3dwOmxpc3QtaXRlbSAtLT48L3VsPgo8IS0tIC93cDpsaXN0IC0tPgoKPCEtLSB3cDpzcGFjZXIgeyJoZWlnaHQiOiIzMHB4In0gLS0+CjxkaXYgc3R5bGU9ImhlaWdodDozMHB4IiBhcmlhLWhpZGRlbj0idHJ1ZSIgY2xhc3M9IndwLWJsb2NrLXNwYWNlciI+PC9kaXY+CjwhLS0gL3dwOnNwYWNlciAtLT4KCjwhLS0gd3A6cGFyYWdyYXBoIC0tPgo8cD5QYXJhIG9idGVuZXIgbcOhcyBpbmZvcm1hY2nDs24gc29icmUgbGEgZ2VzdGnDs24gZGUgY29udGFjdG9zPC9wPgo8IS0tIC93cDpwYXJhZ3JhcGggLS0+Cgo8IS0tIHdwOnBhZ2UtbGlzdCB7InBhcmVudFBhZ2VJRCI6NDkwMH0gLy0tPmRvY3VtZW50ZXhjZXJwdGRvY3VtZW50YXV0aG9yZG9jdW1lbnRmZWF0dXJlZF9tZWRpYWRvY3VtZW50Y29tbWVudF9zdGF0dXNkb2N1bWVudHBpbmdfc3RhdHVzZG9jdW1lbnR0ZW1wbGF0ZWRvY3VtZW50bWV0YWZvb3Rub3Rlc2RvY3VtZW50YmxvY2tzY2xpZW50SWRpc1ZhbGlkb3JpZ2luYWxDb250ZW50bmFtZWF0dHJpYnV0ZXNjb250ZW50Tm8gbcOhcyBjaGVxdWVzIHkgZm9ybXVsYXJpb3MgZW4gcGFwZWwsIGNvbiBLYW5hbmFzIHB1ZWRlcyBhdXRvbWF0aXphciBsYSBnZXN0acOzbiBkZSB0dXMgbWVtYnJlc8OtYXMuZHJvcENhcGlubmVyQmxvY2tzY2xpZW50SWRpc1ZhbGlkb3JpZ2luYWxDb250ZW50bmFtZWF0dHJpYnV0ZXNjb250ZW50Q29uIGxhIGdlc3Rpw7NuIGF1dG9tw6F0aWNhIGRlIGxhcyBjb250cmlidWNpb25lcywgZWwgbWllbWJybyBwb2Ryw6EgZWxlZ2lyIHN1IG5pdmVsIGRlIG1lbWJyZXPDrWEgeSBwYWdhciBlbiBsw61uZWEgZHVyYW50ZSBzdSBwcmltZXJhIHNvbGljaXR1ZCBkZSBtZW1icmVzw61hLCBvIHNlIGxlIGludml0YXLDoSBhIHJlbm92YXJsYSBjdWFuZG8gc3UgY29udHJpYnVjacOzbiBoYXlhIGNhZHVjYWRvIChjb3JyZW8gZWxlY3Ryw7NuaWNvICsgcGFnbyBlbiBlbCBlc3BhY2lvIHBlcnNvbmFsKS5kcm9wQ2FwaW5uZXJCbG9ja3NjbGllbnRJZGlzVmFsaWRvcmlnaW5hbENvbnRlbnRuYW1lYXR0cmlidXRlc2NvbnRlbnRDw7NtbyBhY3RpdmFyIGxhIGdlc3Rpw7NuIGF1dG9tw6F0aWNhIGRlIG1lbWJyZXPDrWFzOmRyb3BDYXBpbm5lckJsb2Nrc2NsaWVudElkaXNWYWxpZG9yaWdpbmFsQ29udGVudG5hbWVhdHRyaWJ1dGVzb3JkZXJlZHZhbHVlc3R5cGVzdGFydHJldmVyc2VkcGxhY2Vob2xkZXJiYWNrZ3JvdW5kQ29sb3J0ZXh0Q29sb3JncmFkaWVudGxvY2thbmNob3JjbGFzc05hbWVmb250RmFtaWx5Zm9udFNpemVzdHlsZW1ldGFkYXRhY29udGVudENvbnRyb2xzaW5uZXJCbG9ja3NjbGllbnRJZGlzVmFsaWRvcmlnaW5hbENvbnRlbnRuYW1lYXR0cmlidXRlc2NvbnRlbnQxIOKAkyBEZWZpbmUgdW5vIG8gbcOhcyBwcm9kdWN0b3MgY29tbyB1c2Fkb3MgcGFyYSBnZXN0aW9uYXIgbGEgbWVtYnJlc8OtYTogbWVuw7ogInRpZW5kYSIsIGx1ZWdvIHNlbGVjY2lvbmEgZWwgcHJvZHVjdG8geSBjYW1iaWEgZWwgY2FtcG8gIlVzYWRvIHBhcmEgbGEgbWVtYnJlc8OtYSIgPSBzw60uIExhIHBvc2VzacOzbiBkZSBlc3RlIHByb2R1Y3RvIChlbiBsYSBjZXN0YSBkZSBjb250YWN0bykgc2Vyw6EgdXRpbGl6YWRhIHBvciBlbCBzb2Z0d2FyZSBwYXJhIHZlcmlmaWNhciBsYSB2YWxpZGV6IGRlIGxhIG1lbWJyZXPDrWEuaW5uZXJCbG9ja3NjbGllbnRJZGlzVmFsaWRvcmlnaW5hbENvbnRlbnRuYW1lYXR0cmlidXRlc2NvbnRlbnQyIOKAkyBEZWZpbmUgbml2ZWxlcyBkZSBtZW1icmVzw61hLiBFbiAiY29uZmlndXJhY2nDs24gZW4gbMOtbmVhL21lbWJyZXPDrWEiLCBhZ3JlZ2Egbml2ZWxlcyBkZSBtZW1icmVzw61hLiBFbiBsYSBkZWZpbmljacOzbiBkZWwgbml2ZWwsIHZpbmPDumxhbG8gYSB1biBwcm9kdWN0byBjcmVhZG8gYW50ZXJpb3JtZW50ZS4gUGFyYSBmb3J6YXIgZWwgcGFnbyBlbiBsw61uZWEgZGVsIHByb2R1Y3RvIGFsIG1vbWVudG8gZGUgbGEgbWVtYnJlc8OtYSwgY29uZmlndXJhIGVsIGNhbXBvICJQYWdvIGVuIGzDrW5lYSByZXF1ZXJpZG8iIGVuIHPDrS4gTkI6IGVzdGUgcGFzbyBzb2xvIGVzIMO6dGlsIHNpIGRlc2VhcyBhY3RpdmFyIGxhIG1lbWJyZXPDrWEgZW4gbMOtbmVhLmlubmVyQmxvY2tzY2xpZW50SWRpc1ZhbGlkb3JpZ2luYWxDb250ZW50bmFtZWF0dHJpYnV0ZXNjb250ZW50MyDigJMgUGFyYSBhY3RpdmFyIGVsIGVudsOtbyBhdXRvbcOhdGljbyBkZSB1biBjb3JyZW8gZWxlY3Ryw7NuaWNvIGN1YW5kbyBsYSBtZW1icmVzw61hIGNhZHVjYTogbWVuw7ogImNvbmZpZ3VyYWNpw7NuL2NvcnJlbyBlbGVjdHLDs25pY28gYXV0b23DoXRpY28iIHkgbHVlZ28gYm90w7NuICJBZ3JlZ2FyIi4gQ29uZmlndXJhIHR1IGNvcnJlbyBlbGVjdHLDs25pY28gYXV0b23DoXRpY28gY29uIHVuIGRlc2VuY2FkZW5hbnRlID0gImZpbiBkZSBsYSBtZW1icmVzw61hIi4gRW4gZWwgY3VlcnBvIGRlbCBjb3JyZW8gZWxlY3Ryw7NuaWNvLCBpbmRpY2EgYWwgbWllbWJybyBxdWUgcHVlZGUgcmVub3ZhciBzdSBtZW1icmVzw61hIHllbmRvIGEgc3UgZXNwYWNpbyBwZXJzb25hbCBlbiBsYSBkaXJlY2Npw7NuOiBodHRwczovL2JhY2tvZmZpY2Uua2FuYW5hcy5jb21pbm5lckJsb2Nrc2NsaWVudElkaXNWYWxpZG9yaWdpbmFsQ29udGVudG5hbWVhdHRyaWJ1dGVzaGVpZ2h0aW5uZXJCbG9ja3NjbGllbnRJZGlzVmFsaWRvcmlnaW5hbENvbnRlbnRuYW1lYXR0cmlidXRlc2NvbnRlbnRQYXJhIG9idGVuZXIgbcOhcyBpbmZvcm1hY2nDs24gc29icmUgbGEgZ2VzdGnDs24gZGUgY29udGFjdG9zZHJvcENhcGlubmVyQmxvY2tzY2xpZW50SWRpc1ZhbGlkb3JpZ2luYWxDb250ZW50bmFtZWF0dHJpYnV0ZXNwYXJlbnRQYWdlSURpc05lc3RlZGlubmVyQmxvY2tzc3RhdGVzYXZlZEF0c3RhdGVzYXZlZEJ5Y2xpZW50SWRpc1ZhbGlkbmFtZWF0dHJpYnV0ZXNjb250ZW50ZHJvcENhcGlubmVyQmxvY2tzb3JpZ2luYWxDb250ZW50Tm8gbcOhcyBjaGVxdWVzIHkgZm9ybXVsYXJpb3MgZW4gcGFwZWwsIGNvbiBLYW5hbmFzIHB1ZWRlcyBhdXRvbWF0aXphciBsYSBnZXN0acOzbiBkZSB0dXMgbWVtYnJlc8OtYXMucHJldGV4dGZvcm1hdGxpbmtyZXZlcnNlT3JkZXJoaWRlb25Ib21laWdub3JlQ2FjaGV0ZXh0Q29sb3JiYWNrZ3JvdW5kQ29sb3JhbGlnbnR5cG9ncmFwaHlmb250U2l6ZXN0eWxlY2xpZW50SWRpc1ZhbGlkb3JpZ2luYWxDb250ZW50bmFtZWF0dHJpYnV0ZXNoZWlnaHRpbm5lckJsb2Nrc2Jjbi9icmVhZGNydW1iLXRyYWlsIC8tLT4KCjwhLS0gdzpzcGNlIHsiaGVpZ2h0IjoiMzBweCJ9IC0tPgo8ZGl2IHN0eWxlPSJoZWlnaHQ6MzBweCIgcmlhLWhpZGRlbj0idHJ1ZSIgY2xhc3M9IndwLWJsb2NrLXNwYWNlciI+PC9kaXY+CjwhLS0gL3dwOnNwYWNlciAtLT4KCjwhLS0gd3A6cGFyYSBjbGFzcz0id3AtYmxvY2stbGlzdCIFBwgECAQIBggFFggHCEECjgmUGAgHCAYIDggOCAtIAQQJCAYIBw8ECgejAQcLCAcPBAoHkAQHCwgHDwQKBzEHCwgHDwQKBwYEBQgLDwkIBAYJCggFCA8LCAcPBAoHpgQLCAcPBAoHrAULCAcPBAoHoQYLCAcPBAoGCwgHDwQKBzoHCwgHDwQKDAgLBQcFBwgHBApHAAsPowEHBgQMCgsJDwUKCAUIBw8ECgYLIQMCMJIBFhMBBAAAAQAAAAEGAAABAABjAQEAMEIBAQBBAAIAQQACAEEAAgBBAABBAAIAQQACAEEAAgBBAABBAAIAQQAAQQACAEEAAAJBZQGuAQB9AXcTMjAyMC0wOC0yN1QxNTowNTo0OHcWbWVtYnJlc2lhLXNpbi1jb250YWN0b3cHcHVibGlzaH0BfQB3BmNsb3NlZHcGY2xvc2VkdwB3AHckZWYwNTMwNzMtOTE2My00OWVhLWJhZDgtMjUwM2M1MjkzZTNkeHdtPHA+Tm8gbcOhcyBjaGVxdWVzIHkgZm9ybXVsYXJpb3MgZW4gcGFwZWwsIGNvbiBLYW5hbmFzIHB1ZWRlcyBhdXRvbWF0aXphciBsYSBnZXN0acOzbiBkZSB0dXMgbWVtYnJlc8OtYXMuPC9wPncOY29yZS9wYXJhZ3JhcGh5dyQwNDM3NTdjMi01ZTBmLTRlM2YtYmMwYy0wYzRjMjU4ZThhMGF4d6ACPHA+Q29uIGxhIGdlc3Rpw7NuIGF1dG9tw6F0aWNhIGRlIGxhcyBjb250cmlidWNpb25lcywgZWwgbWllbWJybyBwb2Ryw6EgZWxlZ2lyIHN1IG5pdmVsIGRlIG1lbWJyZXPDrWEgeSBwYWdhciBlbiBsw61uZWEgZHVyYW50ZSBzdSBwcmltZXJhIHNvbGljaXR1ZCBkZSBtZW1icmVzw61hLCBvIHNlIGxlIGludml0YXLDoSBhIHJlbm92YXJsYSBjdWFuZG8gc3UgY29udHJpYnVjacOzbiBoYXlhIGNhZHVjYWRvIChjb3JyZW8gZWxlY3Ryw7NuaWNvICsgcGFnbyBlbiBlbCBlc3BhY2lvIHBlcnNvbmFsKS48L3A+dw5jb3JlL3BhcmFncmFwaHl3JGVkNGRiNWY0LTc4ODktNGI3Ny1hODFjLTRmNTFhNWQxMTM2NXh3PDxwPkPDs21vIGFjdGl2YXIgbGEgZ2VzdGnDs24gYXV0b23DoXRpY2EgZGUgbWVtYnJlc8OtYXM6PC9wPncOY29yZS9wYXJhZ3JhcGh5dyQ0NTQ3YzgwNC05YTFhLTRiOWMtYjA5OC1kMGQ1ZjI0ZTYxNGF4dw08dWw+CgoKCjwvdWw+dwljb3JlL2xpc3R5dwB\/f39\/f39\/f39\/f39\/f393JGZhMWQwNTdlLTRhYTYtNDAwOC05NDJmLTI3YzkwOTZkMmFiMXh3uQI8bGk+MSDigJMgRGVmaW5lIHVubyBvIG3DoXMgcHJvZHVjdG9zIGNvbW8gdXNhZG9zIHBhcmEgZ2VzdGlvbmFyIGxhIG1lbWJyZXPDrWE6IG1lbsO6ICJ0aWVuZGEiLCBsdWVnbyBzZWxlY2Npb25hIGVsIHByb2R1Y3RvIHkgY2FtYmlhIGVsIGNhbXBvICJVc2FkbyBwYXJhIGxhIG1lbWJyZXPDrWEiID0gc8OtLiBMYSBwb3Nlc2nDs24gZGUgZXN0ZSBwcm9kdWN0byAoZW4gbGEgY2VzdGEgZGUgY29udGFjdG8pIHNlcsOhIHV0aWxpemFkYSBwb3IgZWwgc29mdHdhcmUgcGFyYSB2ZXJpZmljYXIgbGEgdmFsaWRleiBkZSBsYSBtZW1icmVzw61hLjwvbGk+dw5jb3JlL2xpc3QtaXRlbXckY2FjNWRmMjMtMWNjMC00N2Y3LWE5NTktNGE5NWM0MDMyYzcyeHeFAzxsaT4yIOKAkyBEZWZpbmUgbml2ZWxlcyBkZSBtZW1icmVzw61hLiBFbiAiY29uZmlndXJhY2nDs24gZW4gbMOtbmVhL21lbWJyZXPDrWEiLCBhZ3JlZ2Egbml2ZWxlcyBkZSBtZW1icmVzw61hLiBFbiBsYSBkZWZpbmljacOzbiBkZWwgbml2ZWwsIHZpbmPDumxhbG8gYSB1biBwcm9kdWN0byBjcmVhZG8gYW50ZXJpb3JtZW50ZS4gUGFyYSBmb3J6YXIgZWwgcGFnbyBlbiBsw61uZWEgZGVsIHByb2R1Y3RvIGFsIG1vbWVudG8gZGUgbGEgbWVtYnJlc8OtYSwgY29uZmlndXJhIGVsIGNhbXBvICJQYWdvIGVuIGzDrW5lYSByZXF1ZXJpZG8iIGVuIHPDrS4gTkI6IGVzdGUgcGFzbyBzb2xvIGVzIMO6dGlsIHNpIGRlc2VhcyBhY3RpdmFyIGxhIG1lbWJyZXPDrWEgZW4gbMOtbmVhLjwvbGk+dw5jb3JlL2xpc3QtaXRlbXckYTczYmVlNDEtNGMwNy00MjViLTg5NTctMDUxNGFiMjcyMTMyeHe7AzxsaT4zIOKAkyBQYXJhIGFjdGl2YXIgZWwgZW52w61vIGF1dG9tw6F0aWNvIGRlIHVuIGNvcnJlbyBlbGVjdHLDs25pY28gY3VhbmRvIGxhIG1lbWJyZXPDrWEgY2FkdWNhOiBtZW7DuiAiY29uZmlndXJhY2nDs24vY29ycmVvIGVsZWN0csOzbmljbyBhdXRvbcOhdGljbyIgeSBsdWVnbyBib3TDs24gIkFncmVnYXIiLiBDb25maWd1cmEgdHUgY29ycmVvIGVsZWN0csOzbmljbyBhdXRvbcOhdGljbyBjb24gdW4gZGVzZW5jYWRlbmFudGUgPSAiZmluIGRlIGxhIG1lbWJyZXPDrWEiLiBFbiBlbCBjdWVycG8gZGVsIGNvcnJlbyBlbGVjdHLDs25pY28sIGluZGljYSBhbCBtaWVtYnJvIHF1ZSBwdWVkZSByZW5vdmFyIHN1IG1lbWJyZXPDrWEgeWVuZG8gYSBzdSBlc3BhY2lvIHBlcnNvbmFsIGVuIGxhIGRpcmVjY2nDs246IGh0dHBzOi8vYmFja29mZmljZS5rYW5hbmFzLmNvbTwvbGk+dw5jb3JlL2xpc3QtaXRlbXckMWJjMzA0ODQtZjg5MS00OWY0LWE2NTAtNjBiNDQ0Zjg4NTgyeHdKPGRpdiBzdHlsZT0iaGVpZ2h0OjMwcHgiIGFyaWEtaGlkZGVuPSJ0cnVlIiBjbGFzcz0id3AtYmxvY2stc3BhY2VyIj48L2Rpdj53C2NvcmUvc3BhY2VydwQzMHB4dyRhMzMwM2EwNC01YmJiLTRhMGItYmVmOC04MGIwNGI5MDFmOGF4d0Q8cD5QYXJhIG9idGVuZXIgbcOhcyBpbmZvcm1hY2nDs24gc29icmUgbGEgZ2VzdGnDs24gZGUgY29udGFjdG9zPC9wPncOY29yZS9wYXJhZ3JhcGh5dyQ0NDQxZDVkZi1kNmU0LTQ0YjAtODUwMS04MWIyMzA1ZDk5ZTJ4dwB3DmNvcmUvcGFnZS1saXN0faRMeXtCeeF9GalQAHtB75IyRGAAAHckMGVhNDAwNTAtMGYxZi00ODM4LWJhZDctZjdlY2Q1NWZjOGZmeHcOY29yZS9wYXJhZ3JhcGh5dyQwZWE0MDA1MC0wZjFmLTQ4MzgtYmFkNy1mN2VjZDU1ZmM4ZmZ3JDM2M2NlNGZhLTIzYmItNGFlMi05YzBhLWU3Yjc5MzQ1MzQwN3dtPHA+Tm8gbcOhcyBjaGVxdWVzIHkgZm9ybXVsYXJpb3MgZW4gcGFwZWwsIGNvbiBLYW5hbmFzIHB1ZWRlcyBhdXRvbWF0aXphciBsYSBnZXN0acOzbiBkZSB0dXMgbWVtYnJlc8OtYXMuPC9wPnckOGFhM2Q3YTQtMzk4Yy00MzNmLWI1MDktZjQ2NzU1ZmY0Yzk2dwB3FGJjbi9icmVhZGNydW1iLXRyYWlsdwB3E2JyZWFkY3J1bWJsaXN0X3JkZmF4eXl4dwB3AHcAdwB3AHUAdyRlNDBlYmE2ZC1hNzBiLTRhZGItODA5NS1iZTRmMGRlYWU5OTJ4d0o8ZGl2IHN0eWxlPSJoZWlnaHQ6MzBweCIgYXJpYS1oaWRkZW49InRydWUiIGNsYXNzPSJ3cC1ibG9jay1zcGFjZXIiPjwvZGl2PncLY29yZS9zcGFjZXJ3BDMwcHgBo6TG5A8FlBEAAQEBZI4MAAYA\",\"updateId\":352211499}","footnotes":""},"class_list":["post-4783","page","type-page","status-publish"],"aioseo_notices":[],"_links":{"self":[{"href":"https:\/\/www.kananas.com\/es\/wp-json\/wp\/v2\/pages\/4783","targetHints":{"allow":["GET"]}}],"collection":[{"href":"https:\/\/www.kananas.com\/es\/wp-json\/wp\/v2\/pages"}],"about":[{"href":"https:\/\/www.kananas.com\/es\/wp-json\/wp\/v2\/types\/page"}],"author":[{"embeddable":true,"href":"https:\/\/www.kananas.com\/es\/wp-json\/wp\/v2\/users\/1"}],"replies":[{"embeddable":true,"href":"https:\/\/www.kananas.com\/es\/wp-json\/wp\/v2\/comments?post=4783"}],"version-history":[{"count":4,"href":"https:\/\/www.kananas.com\/es\/wp-json\/wp\/v2\/pages\/4783\/revisions"}],"predecessor-version":[{"id":6495,"href":"https:\/\/www.kananas.com\/es\/wp-json\/wp\/v2\/pages\/4783\/revisions\/6495"}],"up":[{"embeddable":true,"href":"https:\/\/www.kananas.com\/es\/wp-json\/wp\/v2\/pages\/4901"}],"wp:attachment":[{"href":"https:\/\/www.kananas.com\/es\/wp-json\/wp\/v2\/media?parent=4783"}],"curies":[{"name":"wp","href":"https:\/\/api.w.org\/{rel}","templated":true}]}}